{"id":11,"date":"2016-07-14T13:33:28","date_gmt":"2016-07-14T11:33:28","guid":{"rendered":"http:\/\/jcgqqhj.cluster030.hosting.ovh.net\/es\/?page_id=11"},"modified":"2023-08-21T10:07:01","modified_gmt":"2023-08-21T08:07:01","slug":"contacta","status":"publish","type":"page","link":"https:\/\/oiecinternational.com\/es\/contacta\/","title":{"rendered":"CONTACTA"},"content":{"rendered":"\t\t<div data-elementor-type=\"wp-page\" data-elementor-id=\"11\" class=\"elementor elementor-11\">\n\t\t\t\t\t\t<section class=\"elementor-section elementor-top-section elementor-element elementor-element-52cc617 elementor-section-boxed elementor-section-height-default elementor-section-height-default\" data-id=\"52cc617\" data-element_type=\"section\">\n\t\t\t\t\t\t<div class=\"elementor-container elementor-column-gap-default\">\n\t\t\t\t\t<div class=\"elementor-column elementor-col-50 elementor-top-column elementor-element elementor-element-45a110d\" data-id=\"45a110d\" data-element_type=\"column\">\n\t\t\t<div class=\"elementor-widget-wrap elementor-element-populated\">\n\t\t\t\t\t\t<div class=\"elementor-element elementor-element-c03833a elementor-widget elementor-widget-text-editor\" data-id=\"c03833a\" data-element_type=\"widget\" data-widget_type=\"text-editor.default\">\n\t\t\t\t<div class=\"elementor-widget-container\">\n\t\t\t\t\t\t\t<h3>Oficina Internacional <br \/>de la Educaci\u00f3n Cat\u00f3lica<\/h3><p>Casa Generalizia La Salle<br \/>Via Aurelia, 476<br \/>00165 Roma RM<br \/>Italia<\/p>\t\t\t\t\t\t<\/div>\n\t\t\t\t<\/div>\n\t\t\t\t\t<\/div>\n\t\t<\/div>\n\t\t\t\t<div class=\"elementor-column elementor-col-50 elementor-top-column elementor-element elementor-element-9e9e323\" data-id=\"9e9e323\" data-element_type=\"column\">\n\t\t\t<div class=\"elementor-widget-wrap elementor-element-populated\">\n\t\t\t\t\t\t<div class=\"elementor-element elementor-element-845149b elementor-widget elementor-widget-google_maps\" data-id=\"845149b\" data-element_type=\"widget\" data-widget_type=\"google_maps.default\">\n\t\t\t\t<div class=\"elementor-widget-container\">\n\t\t\t\t\t<div class=\"elementor-custom-embed\">\n\t\t\t<iframe loading=\"lazy\"\n\t\t\t\t\tsrc=\"https:\/\/maps.google.com\/maps?q=Via%20Aurelia%2C%20476%2C%2000165%20Roma%20RM%2C%20Italie&#038;t=m&#038;z=10&#038;output=embed&#038;iwloc=near\"\n\t\t\t\t\ttitle=\"Via Aurelia, 476, 00165 Roma RM, Italie\"\n\t\t\t\t\taria-label=\"Via Aurelia, 476, 00165 Roma RM, Italie\"\n\t\t\t><\/iframe>\n\t\t<\/div>\n\t\t\t\t<\/div>\n\t\t\t\t<\/div>\n\t\t\t\t\t<\/div>\n\t\t<\/div>\n\t\t\t\t\t<\/div>\n\t\t<\/section>\n\t\t\t\t<section class=\"elementor-section elementor-top-section elementor-element elementor-element-5b56b8de elementor-section-boxed elementor-section-height-default elementor-section-height-default\" data-id=\"5b56b8de\" data-element_type=\"section\">\n\t\t\t\t\t\t<div class=\"elementor-container elementor-column-gap-default\">\n\t\t\t\t\t<div class=\"elementor-column elementor-col-100 elementor-top-column elementor-element elementor-element-5cf38141\" data-id=\"5cf38141\" data-element_type=\"column\">\n\t\t\t<div class=\"elementor-widget-wrap elementor-element-populated\">\n\t\t\t\t\t\t<div class=\"elementor-element elementor-element-29df2dd0 elementor-widget elementor-widget-text-editor\" data-id=\"29df2dd0\" data-element_type=\"widget\" data-widget_type=\"text-editor.default\">\n\t\t\t\t<div class=\"elementor-widget-container\">\n\t\t\t\t\t\t\t<h4 id=\"subtitle\">Por favor, d\u00e9janos un mensaje y nos pondremos en contacto contigo tan pronto nos sea posible.<\/h4><form id=\"pirate_forms_1\" class=\"pirate_forms \" enctype=\"application\/x-www-form-urlencoded\" method=\"post\"><p><label for=\"pirate-forms-contact-name\"><\/label><br \/><input id=\"pirate-forms-contact-name\" class=\"form-control\" name=\"pirate-forms-contact-name\" required=\"\" type=\"text\" value=\"\" placeholder=\"Nombre\" \/><label for=\"pirate-forms-contact-email\"><\/label><br \/><input id=\"pirate-forms-contact-email\" class=\"form-control\" name=\"pirate-forms-contact-email\" required=\"\" type=\"email\" value=\"\" placeholder=\"Correo electr\u00f3nico\" \/><label for=\"pirate-forms-contact-subject\"><\/label><br \/><input id=\"pirate-forms-contact-subject\" class=\"form-control\" name=\"pirate-forms-contact-subject\" required=\"\" type=\"text\" value=\"\" placeholder=\"Asunto\" \/><br \/><textarea id=\"pirate-forms-contact-message\" class=\"form-control\" name=\"pirate-forms-contact-message\" required=\"\" placeholder=\"Mensaje\"><\/textarea><br \/><button id=\"pirate-forms-contact-submit\" class=\"pirate-forms-submit-button\" name=\"pirate-forms-contact-submit\" type=\"submit\">Enviar mensaje<\/button><\/p><p>Dejar en blanco para presentar<br \/><input id=\"form_honeypot\" class=\"form-control\" name=\"honeypot\" type=\"text\" value=\"\" placeholder=\"\" \/><br \/><input id=\"wordpress-nonce\" class=\"form-control\" name=\"wordpress-nonce\" type=\"hidden\" value=\"47cc54752b\" \/><\/p><\/form>\t\t\t\t\t\t<\/div>\n\t\t\t\t<\/div>\n\t\t\t\t\t<\/div>\n\t\t<\/div>\n\t\t\t\t\t<\/div>\n\t\t<\/section>\n\t\t\t\t<\/div>\n\t\t","protected":false},"excerpt":{"rendered":"<p>Oficina Internacional de la Educaci\u00f3n Cat\u00f3lica Casa Generalizia La SalleVia Aurelia, 47600165 Roma RMItalia Por favor, d\u00e9janos un mensaje y nos pondremos en contacto contigo tan pronto nos sea posible. Enviar mensaje Dejar en blanco para presentar<\/p>\n","protected":false},"author":1,"featured_media":0,"parent":0,"menu_order":7,"comment_status":"closed","ping_status":"closed","template":"","meta":{"_eb_attr":"","footnotes":""},"class_list":["post-11","page","type-page","status-publish","hentry"],"_links":{"self":[{"href":"https:\/\/oiecinternational.com\/es\/wp-json\/wp\/v2\/pages\/11"}],"collection":[{"href":"https:\/\/oiecinternational.com\/es\/wp-json\/wp\/v2\/pages"}],"about":[{"href":"https:\/\/oiecinternational.com\/es\/wp-json\/wp\/v2\/types\/page"}],"author":[{"embeddable":true,"href":"https:\/\/oiecinternational.com\/es\/wp-json\/wp\/v2\/users\/1"}],"replies":[{"embeddable":true,"href":"https:\/\/oiecinternational.com\/es\/wp-json\/wp\/v2\/comments?post=11"}],"version-history":[{"count":10,"href":"https:\/\/oiecinternational.com\/es\/wp-json\/wp\/v2\/pages\/11\/revisions"}],"predecessor-version":[{"id":4914,"href":"https:\/\/oiecinternational.com\/es\/wp-json\/wp\/v2\/pages\/11\/revisions\/4914"}],"wp:attachment":[{"href":"https:\/\/oiecinternational.com\/es\/wp-json\/wp\/v2\/media?parent=11"}],"curies":[{"name":"wp","href":"https:\/\/api.w.org\/{rel}","templated":true}]}}