{"id":1220,"date":"2017-01-08T13:49:30","date_gmt":"2017-01-08T12:49:30","guid":{"rendered":"http:\/\/jcgqqhj.cluster030.hosting.ovh.net\/es\/?page_id=1220"},"modified":"2024-11-25T20:57:56","modified_gmt":"2024-11-25T19:57:56","slug":"europa","status":"publish","type":"page","link":"https:\/\/oiecinternational.com\/es\/oiec\/las-regiones\/europa\/","title":{"rendered":"EUROPA"},"content":{"rendered":"\t\t<div data-elementor-type=\"wp-page\" data-elementor-id=\"1220\" class=\"elementor elementor-1220\">\n\t\t\t\t\t\t<section class=\"elementor-section elementor-top-section elementor-element elementor-element-b20ee77 elementor-section-boxed elementor-section-height-default elementor-section-height-default elementor-invisible\" data-id=\"b20ee77\" data-element_type=\"section\" data-settings=\"{&quot;animation&quot;:&quot;zoomIn&quot;}\">\n\t\t\t\t\t\t<div class=\"elementor-container elementor-column-gap-default\">\n\t\t\t\t\t<div class=\"elementor-column elementor-col-100 elementor-top-column elementor-element elementor-element-04fe96e\" data-id=\"04fe96e\" data-element_type=\"column\">\n\t\t\t<div class=\"elementor-widget-wrap elementor-element-populated\">\n\t\t\t\t\t\t<div class=\"elementor-element elementor-element-262f872 elementor-widget elementor-widget-image\" data-id=\"262f872\" data-element_type=\"widget\" data-widget_type=\"image.default\">\n\t\t\t\t<div class=\"elementor-widget-container\">\n\t\t\t\t\t\t\t\t\t\t\t\t\t<img fetchpriority=\"high\" decoding=\"async\" width=\"1050\" height=\"600\" src=\"https:\/\/oiecinternational.com\/es\/wp-content\/uploads\/sites\/2\/2023\/08\/EUROPE-ET-OIEC.png\" class=\"attachment-full size-full wp-image-4610\" alt=\"\" srcset=\"https:\/\/oiecinternational.com\/es\/wp-content\/uploads\/sites\/2\/2023\/08\/EUROPE-ET-OIEC.png 1050w, https:\/\/oiecinternational.com\/es\/wp-content\/uploads\/sites\/2\/2023\/08\/EUROPE-ET-OIEC-300x171.png 300w, https:\/\/oiecinternational.com\/es\/wp-content\/uploads\/sites\/2\/2023\/08\/EUROPE-ET-OIEC-1024x585.png 1024w, https:\/\/oiecinternational.com\/es\/wp-content\/uploads\/sites\/2\/2023\/08\/EUROPE-ET-OIEC-768x439.png 768w\" sizes=\"(max-width: 1050px) 100vw, 1050px\" \/>\t\t\t\t\t\t\t\t\t\t\t\t\t<\/div>\n\t\t\t\t<\/div>\n\t\t\t\t\t<\/div>\n\t\t<\/div>\n\t\t\t\t\t<\/div>\n\t\t<\/section>\n\t\t\t\t<section class=\"elementor-section elementor-top-section elementor-element elementor-element-20dfaf0 elementor-section-boxed elementor-section-height-default elementor-section-height-default\" data-id=\"20dfaf0\" data-element_type=\"section\">\n\t\t\t\t\t\t<div class=\"elementor-container elementor-column-gap-default\">\n\t\t\t\t\t<div class=\"elementor-column elementor-col-100 elementor-top-column elementor-element elementor-element-21cbd19\" data-id=\"21cbd19\" data-element_type=\"column\">\n\t\t\t<div class=\"elementor-widget-wrap elementor-element-populated\">\n\t\t\t\t\t\t<div class=\"elementor-element elementor-element-8709b90 elementor-widget elementor-widget-text-editor\" data-id=\"8709b90\" data-element_type=\"widget\" data-widget_type=\"text-editor.default\">\n\t\t\t\t<div class=\"elementor-widget-container\">\n\t\t\t\t\t\t\t<h2 class=\"elementor-heading-title elementor-size-default elementor-inline-editing pen\" style=\"text-align: center;\" contenteditable=\"true\" data-elementor-setting-key=\"title\" data-pen-placeholder=\"Type Here...\"><strong id=\"subtitle\" style=\"font-size: 1.1em;\">Comit\u00e9 <span style=\"color: #ff9900;\"><strong>EUROPEO<br \/><\/strong><\/span><\/strong>para la Educaci\u00f3n Cat\u00f3lica\u200b<\/h2>\t\t\t\t\t\t<\/div>\n\t\t\t\t<\/div>\n\t\t\t\t\t<\/div>\n\t\t<\/div>\n\t\t\t\t\t<\/div>\n\t\t<\/section>\n\t\t\t\t<section class=\"elementor-section elementor-top-section elementor-element elementor-element-7673210 elementor-section-boxed elementor-section-height-default elementor-section-height-default\" data-id=\"7673210\" data-element_type=\"section\">\n\t\t\t\t\t\t<div class=\"elementor-container elementor-column-gap-default\">\n\t\t\t\t\t<div class=\"elementor-column elementor-col-100 elementor-top-column elementor-element elementor-element-b21b0b6\" data-id=\"b21b0b6\" data-element_type=\"column\">\n\t\t\t<div class=\"elementor-widget-wrap elementor-element-populated\">\n\t\t\t\t\t\t<div class=\"elementor-element elementor-element-713a7f6 elementor-widget elementor-widget-heading\" data-id=\"713a7f6\" data-element_type=\"widget\" data-widget_type=\"heading.default\">\n\t\t\t\t<div class=\"elementor-widget-container\">\n\t\t\t<h2 class=\"elementor-heading-title elementor-size-default\">CEEC<\/h2>\t\t<\/div>\n\t\t\t\t<\/div>\n\t\t\t\t\t<\/div>\n\t\t<\/div>\n\t\t\t\t\t<\/div>\n\t\t<\/section>\n\t\t\t\t<section class=\"elementor-section elementor-top-section elementor-element elementor-element-d205cd6 elementor-section-boxed elementor-section-height-default elementor-section-height-default\" data-id=\"d205cd6\" data-element_type=\"section\">\n\t\t\t\t\t\t<div class=\"elementor-container elementor-column-gap-default\">\n\t\t\t\t\t<div class=\"elementor-column elementor-col-100 elementor-top-column elementor-element elementor-element-748ad07\" data-id=\"748ad07\" data-element_type=\"column\">\n\t\t\t<div class=\"elementor-widget-wrap\">\n\t\t\t\t\t\t\t<\/div>\n\t\t<\/div>\n\t\t\t\t\t<\/div>\n\t\t<\/section>\n\t\t\t\t<section class=\"elementor-section elementor-top-section elementor-element elementor-element-009b188 elementor-section-boxed elementor-section-height-default elementor-section-height-default\" data-id=\"009b188\" data-element_type=\"section\">\n\t\t\t\t\t\t<div class=\"elementor-container elementor-column-gap-default\">\n\t\t\t\t\t<div class=\"elementor-column elementor-col-50 elementor-top-column elementor-element elementor-element-c02534b\" data-id=\"c02534b\" data-element_type=\"column\">\n\t\t\t<div class=\"elementor-widget-wrap elementor-element-populated\">\n\t\t\t\t\t\t<div class=\"elementor-element elementor-element-3f0efbf elementor-widget elementor-widget-text-editor\" data-id=\"3f0efbf\" data-element_type=\"widget\" data-widget_type=\"text-editor.default\">\n\t\t\t\t<div class=\"elementor-widget-container\">\n\t\t\t\t\t\t\t<h4><strong><img decoding=\"async\" class=\"wp-image-5814 alignleft\" src=\"http:\/\/oiecinternational.com\/fr\/wp-content\/uploads\/sites\/3\/2023\/02\/icone-maison.png\" alt=\"\" width=\"33\" height=\"26\" \/>Direcci\u00f3n:\u00a0 \u00a0<\/strong><\/h4><h4 style=\"padding-left: 40px;\"><span style=\"color: #808080;\">100, Avenue Emmanuel Mounier, <\/span><br \/><span style=\"color: #808080;\">1200 Bruxelles<\/span><br \/><span style=\"color: #808080;\">BELGIQUE <\/span><\/h4><h4><strong><img decoding=\"async\" class=\"size-full wp-image-5815 alignleft\" src=\"http:\/\/oiecinternational.com\/fr\/wp-content\/uploads\/sites\/3\/2023\/02\/icone-name.png\" alt=\"\" width=\"33\" height=\"26\" \/> Nombre: <\/strong><span style=\"color: #808080;\">Louis-Marie PIRON<\/span><\/h4><h4><strong><img loading=\"lazy\" decoding=\"async\" class=\"size-full wp-image-5818 alignleft\" src=\"http:\/\/oiecinternational.com\/fr\/wp-content\/uploads\/sites\/3\/2023\/02\/icone-mail.png\" alt=\"\" width=\"33\" height=\"26\" \/>Correo electr\u00f3nico: \u00a0<span style=\"color: #808080;\"><a style=\"color: #808080;\" href=\"mailto:ceec@ceec.be\">ceec@ceec.be<\/a><\/span><\/strong><\/h4><h4><strong><img loading=\"lazy\" decoding=\"async\" class=\"size-full wp-image-5816 alignleft\" src=\"http:\/\/oiecinternational.com\/fr\/wp-content\/uploads\/sites\/3\/2023\/02\/icone-web.png\" alt=\"\" width=\"33\" height=\"26\" \/>Sitio Web: <span style=\"color: #808080;\"><a style=\"color: #808080;\" href=\"https:\/\/ceec.be\/\">https:\/\/ceec.be\/<\/a><\/span><\/strong><\/h4>\t\t\t\t\t\t<\/div>\n\t\t\t\t<\/div>\n\t\t\t\t\t<\/div>\n\t\t<\/div>\n\t\t\t\t<div class=\"elementor-column elementor-col-50 elementor-top-column elementor-element elementor-element-74d2091\" data-id=\"74d2091\" data-element_type=\"column\">\n\t\t\t<div class=\"elementor-widget-wrap elementor-element-populated\">\n\t\t\t\t\t\t<div class=\"elementor-element elementor-element-1ff99ea elementor-widget elementor-widget-google_maps\" data-id=\"1ff99ea\" data-element_type=\"widget\" data-widget_type=\"google_maps.default\">\n\t\t\t\t<div class=\"elementor-widget-container\">\n\t\t\t\t\t<div class=\"elementor-custom-embed\">\n\t\t\t<iframe loading=\"lazy\"\n\t\t\t\t\tsrc=\"https:\/\/maps.google.com\/maps?q=100%2C%20Avenue%20Emmanuel%20Mounier%2C%20%201200%20Bruxelles%20BELGIQUE%20&#038;t=m&#038;z=12&#038;output=embed&#038;iwloc=near\"\n\t\t\t\t\ttitle=\"100, Avenue Emmanuel Mounier,  1200 Bruxelles BELGIQUE \"\n\t\t\t\t\taria-label=\"100, Avenue Emmanuel Mounier,  1200 Bruxelles BELGIQUE \"\n\t\t\t><\/iframe>\n\t\t<\/div>\n\t\t\t\t<\/div>\n\t\t\t\t<\/div>\n\t\t\t\t\t<\/div>\n\t\t<\/div>\n\t\t\t\t\t<\/div>\n\t\t<\/section>\n\t\t\t\t<section class=\"elementor-section elementor-top-section elementor-element elementor-element-6ccae8d elementor-section-boxed elementor-section-height-default elementor-section-height-default\" data-id=\"6ccae8d\" data-element_type=\"section\">\n\t\t\t\t\t\t<div class=\"elementor-container elementor-column-gap-default\">\n\t\t\t\t\t<div class=\"elementor-column elementor-col-100 elementor-top-column elementor-element elementor-element-d9e6ef5\" data-id=\"d9e6ef5\" data-element_type=\"column\">\n\t\t\t<div class=\"elementor-widget-wrap elementor-element-populated\">\n\t\t\t\t\t\t<div class=\"elementor-element elementor-element-64b883a elementor-widget elementor-widget-toggle\" data-id=\"64b883a\" data-element_type=\"widget\" data-widget_type=\"toggle.default\">\n\t\t\t\t<div class=\"elementor-widget-container\">\n\t\t\t\t\t<div class=\"elementor-toggle\">\n\t\t\t\t\t\t\t<div class=\"elementor-toggle-item\">\n\t\t\t\t\t<div id=\"elementor-tab-title-1051\" class=\"elementor-tab-title\" data-tab=\"1\" role=\"button\" aria-controls=\"elementor-tab-content-1051\" aria-expanded=\"false\">\n\t\t\t\t\t\t\t\t\t\t\t\t<span class=\"elementor-toggle-icon elementor-toggle-icon-right\" aria-hidden=\"true\">\n\t\t\t\t\t\t\t\t\t\t\t\t\t\t\t<span class=\"elementor-toggle-icon-closed\"><i class=\"fas fa-caret-right\"><\/i><\/span>\n\t\t\t\t\t\t\t\t<span class=\"elementor-toggle-icon-opened\"><i class=\"elementor-toggle-icon-opened fas fa-caret-up\"><\/i><\/span>\n\t\t\t\t\t\t\t\t\t\t\t\t\t<\/span>\n\t\t\t\t\t\t\t\t\t\t\t\t<a class=\"elementor-toggle-title\" tabindex=\"0\">UNA BREVE HISTORIA<\/a>\n\t\t\t\t\t<\/div>\n\n\t\t\t\t\t<div id=\"elementor-tab-content-1051\" class=\"elementor-tab-content elementor-clearfix\" data-tab=\"1\" role=\"region\" aria-labelledby=\"elementor-tab-title-1051\"><p>Fundado en 1974 como secretar\u00eda regional de la Oficina Internacional de Educaci\u00f3n Cat\u00f3lica, el Comit\u00e9 Europ\u00e9en pour l&#8217;Enseignement Catholique (CEEC) es actualmente una asociaci\u00f3n internacional sin \u00e1nimo de lucro (seg\u00fan la ley belga de 27 de junio de 1921).<\/p><p>Es el instrumento de cooperaci\u00f3n de 29 redes de educaci\u00f3n cat\u00f3lica de 27 pa\u00edses de Europa Central, Oriental y Occidental: Albania, Alemania, Austria, B\u00e9lgica (Comunidad flamenca y franc\u00f3fona), Bosnia-Herzegovina, Croacia, Dinamarca, Escocia, Eslovaquia, Eslovenia, Espa\u00f1a, Francia, Grecia, Hungr\u00eda, Irlanda (Eire), Inglaterra y Gales, Italia, Lituania, Malta, Noruega, Pa\u00edses Bajos, Polonia, Portugal, Rep\u00fablica Checa, Ruman\u00eda, Suecia, Suiza y Ucrania.<\/p><p>El CEEC es un lugar de encuentro para los l\u00edderes de estas redes, as\u00ed como un centro de estudios e informaci\u00f3n. Adem\u00e1s, act\u00faa como promotor de la ense\u00f1anza cat\u00f3lica gratuita en las distintas instancias europeas. El CEEC representa a m\u00e1s de 35.000 escuelas y a unos 8 millones de alumnos.<\/p><p>Para posicionarse eficazmente en el \u00e1mbito de la educaci\u00f3n y la ense\u00f1anza, el CEEC se propone :<\/p><div id=\"box\"><ul id=\"checklist\"><li class=\"checklist-item\"><p>Estar al servicio de la educaci\u00f3n de los j\u00f3venes y estudiar los principios fundamentales de la educaci\u00f3n, as\u00ed como los problemas que plantea su aplicaci\u00f3n;<\/p><\/li><li class=\"checklist-item\"><p>Defender y promover los intereses de la educaci\u00f3n cat\u00f3lica ante las distintas instancias oficiales europeas y ante todos los organismos implicados en la educaci\u00f3n a nivel europeo;<\/p><\/li><li class=\"checklist-item\"><p>Fomentar la colaboraci\u00f3n de sus miembros para asegurar el desarrollo y la mejora did\u00e1ctica y pedag\u00f3gica de la educaci\u00f3n cat\u00f3lica;<\/p><\/li><li class=\"checklist-item\"><p>Supervisar las iniciativas privadas, as\u00ed como las medidas legislativas o reglamentarias adoptadas a nivel nacional e internacional, con el fin de promover la educaci\u00f3n en sus diversas formas;<\/p><\/li><li class=\"checklist-item\"><p>Promover activamente el ejercicio efectivo de la libertad de ense\u00f1anza como condici\u00f3n fundamental para el funcionamiento de una sociedad democr\u00e1tica, de conformidad con la Declaraci\u00f3n Universal de Derechos Humanos y el Protocolo Adicional al Convenio Europeo de Derechos Humanos;<\/p><\/li><li class=\"checklist-item\"><p>Ayudar a sus miembros, especialmente a los m\u00e1s desfavorecidos, en el ejercicio de sus derechos y deberes;<br \/>poner de relieve la necesidad de la complementariedad de los educadores y la contribuci\u00f3n espec\u00edfica de la escuela cat\u00f3lica al proyecto educativo;<\/p><\/li><li class=\"checklist-item\"><p>Colaborar con otras organizaciones implicadas en la educaci\u00f3n a escala europea e internacional;<\/p><\/li><\/ul><\/div><p>La colaboraci\u00f3n con las partes interesadas y los representantes de la comunidad educativa cristiana adopta la forma de acciones conjuntas con los padres a trav\u00e9s de la Asociaci\u00f3n de Padres Cristianos (CEPEC). El CEEC tambi\u00e9n colabora estrechamente con la Union Europ\u00e9enne des Anciens \u00c9l\u00e8ves de l&#8217;Enseignement Catholique (UNAEC-Europa).<\/p><\/div>\n\t\t\t\t<\/div>\n\t\t\t\t\t\t\t\t<\/div>\n\t\t\t\t<\/div>\n\t\t\t\t<\/div>\n\t\t\t\t\t<\/div>\n\t\t<\/div>\n\t\t\t\t\t<\/div>\n\t\t<\/section>\n\t\t\t\t<\/div>\n\t\t","protected":false},"excerpt":{"rendered":"<p>Comit\u00e9 EUROPEOpara la Educaci\u00f3n Cat\u00f3lica\u200b CEEC Direcci\u00f3n:\u00a0 \u00a0 100, Avenue Emmanuel Mounier, 1200 BruxellesBELGIQUE Nombre: Louis-Marie PIRON Correo electr\u00f3nico: \u00a0ceec@ceec.be Sitio Web: https:\/\/ceec.be\/ UNA BREVE HISTORIA Fundado en 1974 como secretar\u00eda regional de la Oficina Internacional de Educaci\u00f3n Cat\u00f3lica, el Comit\u00e9 Europ\u00e9en pour l&rsquo;Enseignement Catholique (CEEC) es actualmente una asociaci\u00f3n internacional sin \u00e1nimo de lucro (seg\u00fan la ley belga de&#8230;<\/p>\n","protected":false},"author":1,"featured_media":0,"parent":4578,"menu_order":4,"comment_status":"closed","ping_status":"closed","template":"","meta":{"_eb_attr":"","footnotes":""},"class_list":["post-1220","page","type-page","status-publish","hentry"],"_links":{"self":[{"href":"https:\/\/oiecinternational.com\/es\/wp-json\/wp\/v2\/pages\/1220"}],"collection":[{"href":"https:\/\/oiecinternational.com\/es\/wp-json\/wp\/v2\/pages"}],"about":[{"href":"https:\/\/oiecinternational.com\/es\/wp-json\/wp\/v2\/types\/page"}],"author":[{"embeddable":true,"href":"https:\/\/oiecinternational.com\/es\/wp-json\/wp\/v2\/users\/1"}],"replies":[{"embeddable":true,"href":"https:\/\/oiecinternational.com\/es\/wp-json\/wp\/v2\/comments?post=1220"}],"version-history":[{"count":14,"href":"https:\/\/oiecinternational.com\/es\/wp-json\/wp\/v2\/pages\/1220\/revisions"}],"predecessor-version":[{"id":5519,"href":"https:\/\/oiecinternational.com\/es\/wp-json\/wp\/v2\/pages\/1220\/revisions\/5519"}],"up":[{"embeddable":true,"href":"https:\/\/oiecinternational.com\/es\/wp-json\/wp\/v2\/pages\/4578"}],"wp:attachment":[{"href":"https:\/\/oiecinternational.com\/es\/wp-json\/wp\/v2\/media?parent=1220"}],"curies":[{"name":"wp","href":"https:\/\/api.w.org\/{rel}","templated":true}]}}