{"id":1222,"date":"2017-01-08T13:57:31","date_gmt":"2017-01-08T12:57:31","guid":{"rendered":"http:\/\/jcgqqhj.cluster030.hosting.ovh.net\/es\/?page_id=1222"},"modified":"2023-08-18T17:46:42","modified_gmt":"2023-08-18T15:46:42","slug":"medio-oriente-y-africa-del-norte","status":"publish","type":"page","link":"https:\/\/oiecinternational.com\/es\/oiec\/las-regiones\/medio-oriente-y-africa-del-norte\/","title":{"rendered":"MEDIO ORIENTE Y \u00c1FRICA DEL NORTE"},"content":{"rendered":"\t\t<div data-elementor-type=\"wp-page\" data-elementor-id=\"1222\" class=\"elementor elementor-1222\">\n\t\t\t\t\t\t<section class=\"elementor-section elementor-top-section elementor-element elementor-element-67313a8 elementor-section-boxed elementor-section-height-default elementor-section-height-default elementor-invisible\" data-id=\"67313a8\" data-element_type=\"section\" data-settings=\"{&quot;animation&quot;:&quot;zoomIn&quot;}\">\n\t\t\t\t\t\t<div class=\"elementor-container elementor-column-gap-default\">\n\t\t\t\t\t<div class=\"elementor-column elementor-col-100 elementor-top-column elementor-element elementor-element-5495475\" data-id=\"5495475\" data-element_type=\"column\">\n\t\t\t<div class=\"elementor-widget-wrap elementor-element-populated\">\n\t\t\t\t\t\t<div class=\"elementor-element elementor-element-0f43547 elementor-widget elementor-widget-image\" data-id=\"0f43547\" data-element_type=\"widget\" data-widget_type=\"image.default\">\n\t\t\t\t<div class=\"elementor-widget-container\">\n\t\t\t\t\t\t\t\t\t\t\t\t\t<img fetchpriority=\"high\" decoding=\"async\" width=\"1100\" height=\"628\" src=\"https:\/\/oiecinternational.com\/es\/wp-content\/uploads\/sites\/2\/2023\/08\/MENA-ET-OIEC-WEB.png\" class=\"attachment-full size-full wp-image-4617\" alt=\"\" srcset=\"https:\/\/oiecinternational.com\/es\/wp-content\/uploads\/sites\/2\/2023\/08\/MENA-ET-OIEC-WEB.png 1100w, https:\/\/oiecinternational.com\/es\/wp-content\/uploads\/sites\/2\/2023\/08\/MENA-ET-OIEC-WEB-300x171.png 300w, https:\/\/oiecinternational.com\/es\/wp-content\/uploads\/sites\/2\/2023\/08\/MENA-ET-OIEC-WEB-1024x585.png 1024w, https:\/\/oiecinternational.com\/es\/wp-content\/uploads\/sites\/2\/2023\/08\/MENA-ET-OIEC-WEB-768x438.png 768w\" sizes=\"(max-width: 1100px) 100vw, 1100px\" \/>\t\t\t\t\t\t\t\t\t\t\t\t\t<\/div>\n\t\t\t\t<\/div>\n\t\t\t\t\t<\/div>\n\t\t<\/div>\n\t\t\t\t\t<\/div>\n\t\t<\/section>\n\t\t\t\t<section class=\"elementor-section elementor-top-section elementor-element elementor-element-cdcfb09 elementor-section-boxed elementor-section-height-default elementor-section-height-default\" data-id=\"cdcfb09\" data-element_type=\"section\">\n\t\t\t\t\t\t<div class=\"elementor-container elementor-column-gap-default\">\n\t\t\t\t\t<div class=\"elementor-column elementor-col-100 elementor-top-column elementor-element elementor-element-dccdf53\" data-id=\"dccdf53\" data-element_type=\"column\">\n\t\t\t<div class=\"elementor-widget-wrap elementor-element-populated\">\n\t\t\t\t\t\t<div class=\"elementor-element elementor-element-e74237e elementor-widget elementor-widget-text-editor\" data-id=\"e74237e\" data-element_type=\"widget\" data-widget_type=\"text-editor.default\">\n\t\t\t\t<div class=\"elementor-widget-container\">\n\t\t\t\t\t\t\t<h2 class=\"elementor-heading-title elementor-size-default elementor-inline-editing pen\" style=\"text-align: center;\" contenteditable=\"true\" data-elementor-setting-key=\"title\" data-pen-placeholder=\"Type Here...\">Secretar\u00eda Regional\nen\u00a0<span style=\"color: #125e09;\">ORIENTE MEDIO Y \u00c1FRICA DEL NORTE<\/span><\/h2>\t\t\t\t\t\t<\/div>\n\t\t\t\t<\/div>\n\t\t\t\t\t<\/div>\n\t\t<\/div>\n\t\t\t\t\t<\/div>\n\t\t<\/section>\n\t\t\t\t<section class=\"elementor-section elementor-top-section elementor-element elementor-element-0a56107 elementor-section-boxed elementor-section-height-default elementor-section-height-default\" data-id=\"0a56107\" data-element_type=\"section\">\n\t\t\t\t\t\t<div class=\"elementor-container elementor-column-gap-default\">\n\t\t\t\t\t<div class=\"elementor-column elementor-col-100 elementor-top-column elementor-element elementor-element-6dfa056\" data-id=\"6dfa056\" data-element_type=\"column\">\n\t\t\t<div class=\"elementor-widget-wrap elementor-element-populated\">\n\t\t\t\t\t\t<div class=\"elementor-element elementor-element-47f6144 elementor-widget elementor-widget-heading\" data-id=\"47f6144\" data-element_type=\"widget\" data-widget_type=\"heading.default\">\n\t\t\t\t<div class=\"elementor-widget-container\">\n\t\t\t<h3 class=\"elementor-heading-title elementor-size-default\">MENA - OIEC<\/h3>\t\t<\/div>\n\t\t\t\t<\/div>\n\t\t\t\t\t<\/div>\n\t\t<\/div>\n\t\t\t\t\t<\/div>\n\t\t<\/section>\n\t\t\t\t<section class=\"elementor-section elementor-top-section elementor-element elementor-element-ecece8c elementor-section-boxed elementor-section-height-default elementor-section-height-default\" data-id=\"ecece8c\" data-element_type=\"section\">\n\t\t\t\t\t\t<div class=\"elementor-container elementor-column-gap-default\">\n\t\t\t\t\t<div class=\"elementor-column elementor-col-50 elementor-top-column elementor-element elementor-element-cdea5dd\" data-id=\"cdea5dd\" data-element_type=\"column\">\n\t\t\t<div class=\"elementor-widget-wrap elementor-element-populated\">\n\t\t\t\t\t\t<div class=\"elementor-element elementor-element-a6939b0 elementor-widget elementor-widget-text-editor\" data-id=\"a6939b0\" data-element_type=\"widget\" data-widget_type=\"text-editor.default\">\n\t\t\t\t<div class=\"elementor-widget-container\">\n\t\t\t\t\t\t\t<h4><strong><img decoding=\"async\" class=\"wp-image-5814 alignleft\" src=\"http:\/\/oiecinternational.com\/fr\/wp-content\/uploads\/sites\/3\/2023\/02\/icone-maison.png\" alt=\"\" width=\"33\" height=\"26\" \/>Direcci\u00f3n:\u00a0 \u00a0<\/strong><\/h4><h4 style=\"padding-left: 40px;\"><span style=\"color: #808080;\">Beit-Mery, A\u00efn-Najm, Rue Via Vitae, <\/span><br \/><span style=\"color: #808080;\">BP 169, Beyrouth<\/span><br \/><span style=\"color: #808080;\">LEBANON <\/span><\/h4><h4><strong><img decoding=\"async\" class=\"size-full wp-image-5815 alignleft\" src=\"http:\/\/oiecinternational.com\/fr\/wp-content\/uploads\/sites\/3\/2023\/02\/icone-name.png\" alt=\"\" width=\"33\" height=\"26\" \/> Nombre: <span style=\"color: #808080;\">P\u00e8re Youssef NASR<\/span><\/strong><\/h4><h4><strong><img loading=\"lazy\" decoding=\"async\" class=\"size-full wp-image-5818 alignleft\" src=\"http:\/\/oiecinternational.com\/fr\/wp-content\/uploads\/sites\/3\/2023\/02\/icone-mail.png\" alt=\"\" width=\"33\" height=\"26\" \/>Correo electr\u00f3nico:<span style=\"color: #808080;\"> <a style=\"color: #808080;\" href=\"mailto:p.youssefnasr@hotmail.com\">p.youssefnasr@hotmail.com<\/a><\/span><\/strong><\/h4><h4><strong><img loading=\"lazy\" decoding=\"async\" class=\"size-full wp-image-5816 alignleft\" src=\"http:\/\/oiecinternational.com\/fr\/wp-content\/uploads\/sites\/3\/2023\/02\/icone-web.png\" alt=\"\" width=\"33\" height=\"26\" \/>Sitio Web:\u00a0<\/strong><\/h4>\t\t\t\t\t\t<\/div>\n\t\t\t\t<\/div>\n\t\t\t\t\t<\/div>\n\t\t<\/div>\n\t\t\t\t<div class=\"elementor-column elementor-col-50 elementor-top-column elementor-element elementor-element-6bd6660\" data-id=\"6bd6660\" data-element_type=\"column\">\n\t\t\t<div class=\"elementor-widget-wrap elementor-element-populated\">\n\t\t\t\t\t\t<div class=\"elementor-element elementor-element-4f02d10 elementor-widget elementor-widget-google_maps\" data-id=\"4f02d10\" data-element_type=\"widget\" data-widget_type=\"google_maps.default\">\n\t\t\t\t<div class=\"elementor-widget-container\">\n\t\t\t\t\t<div class=\"elementor-custom-embed\">\n\t\t\t<iframe loading=\"lazy\"\n\t\t\t\t\tsrc=\"https:\/\/maps.google.com\/maps?q=SGEC-L%20VH4M%2BXM7%2C%20Beit%20Meri%2C%20Liban&#038;t=m&#038;z=12&#038;output=embed&#038;iwloc=near\"\n\t\t\t\t\ttitle=\"SGEC-L VH4M+XM7, Beit Meri, Liban\"\n\t\t\t\t\taria-label=\"SGEC-L VH4M+XM7, Beit Meri, Liban\"\n\t\t\t><\/iframe>\n\t\t<\/div>\n\t\t\t\t<\/div>\n\t\t\t\t<\/div>\n\t\t\t\t\t<\/div>\n\t\t<\/div>\n\t\t\t\t\t<\/div>\n\t\t<\/section>\n\t\t\t\t<\/div>\n\t\t","protected":false},"excerpt":{"rendered":"<p>Secretar\u00eda Regional en\u00a0ORIENTE MEDIO Y \u00c1FRICA DEL NORTE MENA &#8211; OIEC Direcci\u00f3n:\u00a0 \u00a0 Beit-Mery, A\u00efn-Najm, Rue Via Vitae, BP 169, BeyrouthLEBANON Nombre: P\u00e8re Youssef NASR Correo electr\u00f3nico: p.youssefnasr@hotmail.com Sitio Web:\u00a0<\/p>\n","protected":false},"author":1,"featured_media":0,"parent":4578,"menu_order":5,"comment_status":"closed","ping_status":"closed","template":"","meta":{"_eb_attr":"","footnotes":""},"class_list":["post-1222","page","type-page","status-publish","hentry"],"_links":{"self":[{"href":"https:\/\/oiecinternational.com\/es\/wp-json\/wp\/v2\/pages\/1222"}],"collection":[{"href":"https:\/\/oiecinternational.com\/es\/wp-json\/wp\/v2\/pages"}],"about":[{"href":"https:\/\/oiecinternational.com\/es\/wp-json\/wp\/v2\/types\/page"}],"author":[{"embeddable":true,"href":"https:\/\/oiecinternational.com\/es\/wp-json\/wp\/v2\/users\/1"}],"replies":[{"embeddable":true,"href":"https:\/\/oiecinternational.com\/es\/wp-json\/wp\/v2\/comments?post=1222"}],"version-history":[{"count":10,"href":"https:\/\/oiecinternational.com\/es\/wp-json\/wp\/v2\/pages\/1222\/revisions"}],"predecessor-version":[{"id":4620,"href":"https:\/\/oiecinternational.com\/es\/wp-json\/wp\/v2\/pages\/1222\/revisions\/4620"}],"up":[{"embeddable":true,"href":"https:\/\/oiecinternational.com\/es\/wp-json\/wp\/v2\/pages\/4578"}],"wp:attachment":[{"href":"https:\/\/oiecinternational.com\/es\/wp-json\/wp\/v2\/media?parent=1222"}],"curies":[{"name":"wp","href":"https:\/\/api.w.org\/{rel}","templated":true}]}}