{"id":2,"date":"2016-07-14T11:11:46","date_gmt":"2016-07-14T09:11:46","guid":{"rendered":"http:\/\/jcgqqhj.cluster030.hosting.ovh.net\/es\/?page_id=2"},"modified":"2023-08-18T08:59:46","modified_gmt":"2023-08-18T06:59:46","slug":"historia","status":"publish","type":"page","link":"https:\/\/oiecinternational.com\/es\/oiec\/historia\/","title":{"rendered":"HISTORIA"},"content":{"rendered":"\t\t<div data-elementor-type=\"wp-page\" data-elementor-id=\"2\" class=\"elementor elementor-2\">\n\t\t\t\t\t\t<section class=\"elementor-section elementor-top-section elementor-element elementor-element-37955f3a elementor-section-boxed elementor-section-height-default elementor-section-height-default\" data-id=\"37955f3a\" data-element_type=\"section\">\n\t\t\t\t\t\t<div class=\"elementor-container elementor-column-gap-default\">\n\t\t\t\t\t<div class=\"elementor-column elementor-col-100 elementor-top-column elementor-element elementor-element-620d1f45\" data-id=\"620d1f45\" data-element_type=\"column\">\n\t\t\t<div class=\"elementor-widget-wrap elementor-element-populated\">\n\t\t\t\t\t\t<div class=\"elementor-element elementor-element-1cfffe7c elementor-widget elementor-widget-text-editor\" data-id=\"1cfffe7c\" data-element_type=\"widget\" data-widget_type=\"text-editor.default\">\n\t\t\t\t<div class=\"elementor-widget-container\">\n\t\t\t\t\t\t\t<p><img fetchpriority=\"high\" decoding=\"async\" class=\"alignnone size-full wp-image-323\" src=\"http:\/\/oiecinternational.com\/wp-content\/uploads\/2016\/07\/history-header.png\" alt=\"\" width=\"4176\" height=\"1440\" \/><\/p><div><div id=\"box-wrapper\"><div id=\"colored-box\"><h2>1950<\/h2><\/div><blockquote><div id=\"colored-box\"><p>En noviembre de 1950, monse\u00f1or Frans op de Coul, entonces dirigente de la Oficina cat\u00f3lica holandesa para la ense\u00f1anza y la educaci\u00f3n, reuni\u00f3 a los representantes de los organismos de la ense\u00f1anza cat\u00f3lica de seis pa\u00edses (Inglaterra, B\u00e9lgica, Francia, Italia y Pa\u00edses Bajos) con vistas a crear una Secretar\u00eda de acci\u00f3n y enlace, para reforzar la uni\u00f3n entre los organismos y las personas responsables de la ense\u00f1anza cat\u00f3lica en el mundo.<\/p><p>La Santa Sede anima entonces a la mayor internacionalidad posible.<\/p><\/div><\/blockquote><div id=\"colored-box\"><h2>1952<\/h2><\/div><blockquote><div id=\"colored-box\"><p>Con estos \u00e1nimos, se convoca una asamblea general constituyente en Lucerna y se vota el acta constitutiva de la Oficina Internacional de la Educaci\u00f3n Cat\u00f3lica (OIEC). A los firmantes de la Resoluci\u00f3n de Lucerna se suman r\u00e1pidamente: L\u00edbano, Brasil, Canad\u00e1, M\u00e9xico, Tanganica y Uruguay.<\/p><p>La OIEC (Oficina Internacional de la Educaci\u00f3n Cat\u00f3lica) fue fundada en Lucerna, Suiza, el 20 de septiembre de 1952.<\/p><p><strong>Les fondateurs ont alors plusieurs pr\u00e9occupations :<\/strong><\/p><ul><li>Una representatividad mundial real, mediante la adhesi\u00f3n efectiva del mayor n\u00famero de pa\u00edses en los que est\u00e1 organizada la educaci\u00f3n cat\u00f3lica.<\/li><li>Un reconocimiento por parte de los dem\u00e1s O.I.C. (Organizaciones internacionales cat\u00f3licas) y una participaci\u00f3n activa en sus reuniones.<\/li><li>Un reconocimiento por las Naciones Unidas y sus servicios especializados: UNESCO, ECOSOC, B.E.I., FAO, etc.<br \/>Fortalecimiento de la estructura interna de la propia Oficina.<\/li><\/ul><\/div><\/blockquote><p><span style=\"color: #ffffff;\">&#8211;<\/span><\/p><\/div><div id=\"images\"><p><img decoding=\"async\" class=\"aligncenter size-full wp-image-1275 img\" src=\"http:\/\/oiecinternational.com\/wp-content\/uploads\/2016\/07\/history1.jpg\" alt=\"\" width=\"3648\" height=\"2736\" \/><\/p><h2>1954<\/h2><blockquote><p>Desde 1954, la Oficina se convierte en miembro de la \u00abConferencia de las O.I.C. y en 1955, miembro del Comit\u00e9 de Continuidad de esta Conferencia.<\/p><\/blockquote><h2>1956<\/h2><blockquote><p>En 1956, la Santa Sede aprueba los estatutos de la OIEC. Se toman medidas inmediatas para obtener el reconocimiento p\u00fablico internacional.<\/p><\/blockquote><h2>1958<\/h2><blockquote><p>El 25 de abril de 1958, la OIEC se convirti\u00f3 en miembro de la UNESCO y de la ONU con estatus consultivo.<\/p><p>En septiembre de 1958, el Papa P\u00edo XII recibe en audiencia a los dirigentes de la OIEC y les anima en el trabajo emprendido de coordinaci\u00f3n y animaci\u00f3n en el seno de la Educaci\u00f3n cat\u00f3lica mundial.<\/p><\/blockquote><h2>1960<\/h2><blockquote><p>A finales de los a\u00f1os 50, se establecen contactos con la CIEC (Confederaci\u00f3n Interamericana de Educaci\u00f3n Cat\u00f3lica). Esta colaboraci\u00f3n con la CIEC condujo a la conclusi\u00f3n de un convenio de reconocimiento rec\u00edproco, firmado el 28 de enero de 1960 en San Jos\u00e9 de Costa Rica. As\u00ed, un gran n\u00famero de pa\u00edses de Am\u00e9rica Latina se convierten en miembros de la OIEC.<\/p><p>Al mismo tiempo, se establecieron contactos con algunos pa\u00edses de \u00c1frica gracias al Chan. Jos. Moerman, director del BEC (Oficina de Educaci\u00f3n Cat\u00f3lica del Congo belga) y en 1960 la Asamblea General de la OIEC, reunida en Munich, crea la secci\u00f3n \u00c1frica.<\/p><\/blockquote><h2>1965<\/h2><blockquote><p>En el Consejo de Europa, la OIEC obtuvo en 1965 un estatuto consultivo especial en calidad de organizaci\u00f3n no gubernamental internacional.<\/p><p>En 1965 la declaraci\u00f3n del Concilio Vaticano II sobre la educaci\u00f3n cristiana &#8220;Gravissimum Educationis&#8221; hace hincapi\u00e9 en la necesidad de favorecer la coordinaci\u00f3n y la cooperaci\u00f3n a nivel internacional y recuerda las palabras del Papa Pablo VI en su discurso ante la OIEC el 25 de febrero de 1964.<\/p><\/blockquote><h2>1974<\/h2><blockquote><p>En junio de 1974, en la Asamblea General Extraordinaria de Roma, los estatutos fueron modificados y aprobados de acuerdo con las normas aplicables despu\u00e9s del Concilio Vaticano II. Estos estatutos seguir\u00e1n siendo v\u00e1lidos hasta 1994.<\/p><\/blockquote><h2>1994<\/h2><blockquote><p>Ese a\u00f1o, una nueva asamblea en Roma modific\u00f3 y actualiz\u00f3 estos estatutos.<\/p><\/blockquote><h2>1998<\/h2><blockquote><p>En 1998, la UNESCO acepta a la OIEC como miembro con el estatuto de \u00abrelaciones formales de consulta\u00bb y a la ONU con un estatuto especial consultivo.<\/p><\/blockquote><h2>2021<\/h2><blockquote><p>En septiembre de 2021, la OIEC lanza el proyecto Planet Fraternity como una experimentaci\u00f3n del proyecto I can.<\/p><\/blockquote><h2>2022<\/h2><blockquote><p>En junio de 2022, la Asamblea General extraordinaria se re\u00fane para efectuar la actualizaci\u00f3n de los estatutos.<\/p><p>En diciembre de ese mismo a\u00f1o, la OIEC celebra sus 70 a\u00f1os de existencia en el Congreso de la OIEC en Marsella.<\/p><p><strong>Una nueva era comienza para la Educaci\u00f3n cat\u00f3lica mundial con:<\/strong><\/p><ul><li><strong>El deseo del Santo Padre<\/strong> a trav\u00e9s del GCE de iniciar una revoluci\u00f3n en nuestro enfoque educativo.<\/li><li><strong>Un nuevo Dicasterio<\/strong> (de la Cultura Y de la Educaci\u00f3n,<br \/>con una \u00abY\u00bb inclusiva).<\/li><li><strong>Un nuevo prefecto:\u00a0<\/strong> Cardenal Jos\u00e9 Tolentino Mendon\u00e7a.<\/li><li><strong>Un nuevo Presidente de la OIEC<\/strong>: Padre Jawad Alamat<\/li><li><strong>Un nuevo Secretario General de la OIEC: <\/strong>Herv\u00e9 Lecomte<\/li><li><strong>Y un nuevo consejo.<\/strong><\/li><\/ul><\/blockquote><\/div><\/div>\t\t\t\t\t\t<\/div>\n\t\t\t\t<\/div>\n\t\t\t\t\t<\/div>\n\t\t<\/div>\n\t\t\t\t\t<\/div>\n\t\t<\/section>\n\t\t\t\t<\/div>\n\t\t","protected":false},"excerpt":{"rendered":"<p>1950 En noviembre de 1950, monse\u00f1or Frans op de Coul, entonces dirigente de la Oficina cat\u00f3lica holandesa para la ense\u00f1anza y la educaci\u00f3n, reuni\u00f3 a los representantes de los organismos de la ense\u00f1anza cat\u00f3lica de seis pa\u00edses (Inglaterra, B\u00e9lgica, Francia, Italia y Pa\u00edses Bajos) con vistas a crear una Secretar\u00eda de acci\u00f3n y enlace, para reforzar la uni\u00f3n entre los&#8230;<\/p>\n","protected":false},"author":1,"featured_media":0,"parent":4576,"menu_order":2,"comment_status":"closed","ping_status":"closed","template":"","meta":{"_eb_attr":"","footnotes":""},"class_list":["post-2","page","type-page","status-publish","hentry"],"_links":{"self":[{"href":"https:\/\/oiecinternational.com\/es\/wp-json\/wp\/v2\/pages\/2"}],"collection":[{"href":"https:\/\/oiecinternational.com\/es\/wp-json\/wp\/v2\/pages"}],"about":[{"href":"https:\/\/oiecinternational.com\/es\/wp-json\/wp\/v2\/types\/page"}],"author":[{"embeddable":true,"href":"https:\/\/oiecinternational.com\/es\/wp-json\/wp\/v2\/users\/1"}],"replies":[{"embeddable":true,"href":"https:\/\/oiecinternational.com\/es\/wp-json\/wp\/v2\/comments?post=2"}],"version-history":[{"count":12,"href":"https:\/\/oiecinternational.com\/es\/wp-json\/wp\/v2\/pages\/2\/revisions"}],"predecessor-version":[{"id":4305,"href":"https:\/\/oiecinternational.com\/es\/wp-json\/wp\/v2\/pages\/2\/revisions\/4305"}],"up":[{"embeddable":true,"href":"https:\/\/oiecinternational.com\/es\/wp-json\/wp\/v2\/pages\/4576"}],"wp:attachment":[{"href":"https:\/\/oiecinternational.com\/es\/wp-json\/wp\/v2\/media?parent=2"}],"curies":[{"name":"wp","href":"https:\/\/api.w.org\/{rel}","templated":true}]}}