{"id":2227,"date":"2019-07-08T21:21:00","date_gmt":"2019-07-08T19:21:00","guid":{"rendered":"http:\/\/jcgqqhj.cluster030.hosting.ovh.net\/es\/?page_id=2227"},"modified":"2023-08-21T10:01:05","modified_gmt":"2023-08-21T08:01:05","slug":"congreso-2019","status":"publish","type":"page","link":"https:\/\/oiecinternational.com\/es\/mejores-momentos\/congreso-2019\/","title":{"rendered":"Congreso 2019"},"content":{"rendered":"\t\t<div data-elementor-type=\"wp-page\" data-elementor-id=\"2227\" class=\"elementor elementor-2227\">\n\t\t\t\t\t\t<section class=\"elementor-section elementor-top-section elementor-element elementor-element-45c58a3 elementor-section-boxed elementor-section-height-default elementor-section-height-default\" data-id=\"45c58a3\" data-element_type=\"section\">\n\t\t\t\t\t\t<div class=\"elementor-container elementor-column-gap-default\">\n\t\t\t\t\t<div class=\"elementor-column elementor-col-100 elementor-top-column elementor-element elementor-element-a8f2d54\" data-id=\"a8f2d54\" data-element_type=\"column\">\n\t\t\t<div class=\"elementor-widget-wrap elementor-element-populated\">\n\t\t\t\t\t\t<div class=\"elementor-element elementor-element-393cc5a elementor-widget elementor-widget-image\" data-id=\"393cc5a\" data-element_type=\"widget\" data-widget_type=\"image.default\">\n\t\t\t\t<div class=\"elementor-widget-container\">\n\t\t\t\t\t\t\t\t\t\t\t\t\t<img fetchpriority=\"high\" decoding=\"async\" width=\"1895\" height=\"533\" src=\"https:\/\/oiecinternational.com\/es\/wp-content\/uploads\/sites\/2\/2023\/08\/new-york2.png\" class=\"attachment-full size-full wp-image-4898\" alt=\"\" srcset=\"https:\/\/oiecinternational.com\/es\/wp-content\/uploads\/sites\/2\/2023\/08\/new-york2.png 1895w, https:\/\/oiecinternational.com\/es\/wp-content\/uploads\/sites\/2\/2023\/08\/new-york2-300x84.png 300w, https:\/\/oiecinternational.com\/es\/wp-content\/uploads\/sites\/2\/2023\/08\/new-york2-1024x288.png 1024w, https:\/\/oiecinternational.com\/es\/wp-content\/uploads\/sites\/2\/2023\/08\/new-york2-768x216.png 768w, https:\/\/oiecinternational.com\/es\/wp-content\/uploads\/sites\/2\/2023\/08\/new-york2-1536x432.png 1536w\" sizes=\"(max-width: 1895px) 100vw, 1895px\" \/>\t\t\t\t\t\t\t\t\t\t\t\t\t<\/div>\n\t\t\t\t<\/div>\n\t\t\t\t\t<\/div>\n\t\t<\/div>\n\t\t\t\t\t<\/div>\n\t\t<\/section>\n\t\t\t\t<section class=\"elementor-section elementor-top-section elementor-element elementor-element-5e96a92 elementor-section-boxed elementor-section-height-default elementor-section-height-default\" data-id=\"5e96a92\" data-element_type=\"section\">\n\t\t\t\t\t\t<div class=\"elementor-container elementor-column-gap-default\">\n\t\t\t\t\t<div class=\"elementor-column elementor-col-50 elementor-top-column elementor-element elementor-element-bce57cf\" data-id=\"bce57cf\" data-element_type=\"column\">\n\t\t\t<div class=\"elementor-widget-wrap elementor-element-populated\">\n\t\t\t\t\t\t<div class=\"elementor-element elementor-element-6cf2791 elementor-widget elementor-widget-text-editor\" data-id=\"6cf2791\" data-element_type=\"widget\" data-widget_type=\"text-editor.default\">\n\t\t\t\t<div class=\"elementor-widget-container\">\n\t\t\t\t\t\t\t<p>Cada 4 a\u00f1os, la OIEC organiza un congreso internacional para sus miembros. El pr\u00f3ximo congreso tendr\u00e1 lugar en Nueva York, en <strong>la Universidad Fordham (Campus Lincoln Center), del 5 al 8 de junio de 2019.\u00a0<\/strong><\/p><p>Para preparar el congreso, se form\u00f3 un comit\u00e9, reuniendo al Secretario General de la OIEC, el Event Manager del Congreso, representantes de la Universidad Fordham, de la Conferencia Episcopal de Estados Unidos, de la NCEA, de los Hermanos Maristas y Jerry Cattaro, representante de la OIEC en Nueva York ante las Naciones Unidas.<\/p><p>El tema de este Congreso est\u00e1 inspirado en la ense\u00f1anza del Papa Francisco (Laudato Si) y en los compromisos de las Naciones Unidas (Objetivos de Desarrollo Sostenible): \u00ab<strong>Educar en el humanismo solidario para construir una \u00abcivilizaci\u00f3n del amor\u00bb. Las escuelas cat\u00f3licas del mundo se comprometen.<\/strong> \u00bb<br \/>Este Congreso fue la ocasi\u00f3n para que las escuelas cat\u00f3licas del mundo se reunieran a nivel internacional para asumir juntos compromisos con el mundo. M\u00e1s de un centenar de participantes de todos los continentes presentar\u00e1n experiencias de compromiso educativo.<\/p>\t\t\t\t\t\t<\/div>\n\t\t\t\t<\/div>\n\t\t\t\t\t<\/div>\n\t\t<\/div>\n\t\t\t\t<div class=\"elementor-column elementor-col-50 elementor-top-column elementor-element elementor-element-c514ce2\" data-id=\"c514ce2\" data-element_type=\"column\">\n\t\t\t<div class=\"elementor-widget-wrap elementor-element-populated\">\n\t\t\t\t\t\t<div class=\"elementor-element elementor-element-10fbf97 elementor-widget elementor-widget-image\" data-id=\"10fbf97\" data-element_type=\"widget\" data-widget_type=\"image.default\">\n\t\t\t\t<div class=\"elementor-widget-container\">\n\t\t\t\t\t\t\t\t\t\t\t\t\t<img decoding=\"async\" width=\"481\" height=\"719\" src=\"https:\/\/oiecinternational.com\/es\/wp-content\/uploads\/sites\/2\/2023\/08\/Affiche-congres-OIEC-NY-2019.jpg\" class=\"attachment-full size-full wp-image-4899\" alt=\"\" srcset=\"https:\/\/oiecinternational.com\/es\/wp-content\/uploads\/sites\/2\/2023\/08\/Affiche-congres-OIEC-NY-2019.jpg 481w, https:\/\/oiecinternational.com\/es\/wp-content\/uploads\/sites\/2\/2023\/08\/Affiche-congres-OIEC-NY-2019-201x300.jpg 201w\" sizes=\"(max-width: 481px) 100vw, 481px\" \/>\t\t\t\t\t\t\t\t\t\t\t\t\t<\/div>\n\t\t\t\t<\/div>\n\t\t\t\t\t<\/div>\n\t\t<\/div>\n\t\t\t\t\t<\/div>\n\t\t<\/section>\n\t\t\t\t<\/div>\n\t\t","protected":false},"excerpt":{"rendered":"<p>Cada 4 a\u00f1os, la OIEC organiza un congreso internacional para sus miembros. El pr\u00f3ximo congreso tendr\u00e1 lugar en Nueva York, en la Universidad Fordham (Campus Lincoln Center), del 5 al 8 de junio de 2019.\u00a0 Para preparar el congreso, se form\u00f3 un comit\u00e9, reuniendo al Secretario General de la OIEC, el Event Manager del Congreso, representantes de la Universidad Fordham,&#8230;<\/p>\n","protected":false},"author":1,"featured_media":0,"parent":4867,"menu_order":2,"comment_status":"closed","ping_status":"closed","template":"","meta":{"_eb_attr":"","footnotes":""},"class_list":["post-2227","page","type-page","status-publish","hentry"],"_links":{"self":[{"href":"https:\/\/oiecinternational.com\/es\/wp-json\/wp\/v2\/pages\/2227"}],"collection":[{"href":"https:\/\/oiecinternational.com\/es\/wp-json\/wp\/v2\/pages"}],"about":[{"href":"https:\/\/oiecinternational.com\/es\/wp-json\/wp\/v2\/types\/page"}],"author":[{"embeddable":true,"href":"https:\/\/oiecinternational.com\/es\/wp-json\/wp\/v2\/users\/1"}],"replies":[{"embeddable":true,"href":"https:\/\/oiecinternational.com\/es\/wp-json\/wp\/v2\/comments?post=2227"}],"version-history":[{"count":6,"href":"https:\/\/oiecinternational.com\/es\/wp-json\/wp\/v2\/pages\/2227\/revisions"}],"predecessor-version":[{"id":4902,"href":"https:\/\/oiecinternational.com\/es\/wp-json\/wp\/v2\/pages\/2227\/revisions\/4902"}],"up":[{"embeddable":true,"href":"https:\/\/oiecinternational.com\/es\/wp-json\/wp\/v2\/pages\/4867"}],"wp:attachment":[{"href":"https:\/\/oiecinternational.com\/es\/wp-json\/wp\/v2\/media?parent=2227"}],"curies":[{"name":"wp","href":"https:\/\/api.w.org\/{rel}","templated":true}]}}