{"id":3082,"date":"2020-11-09T10:09:48","date_gmt":"2020-11-09T09:09:48","guid":{"rendered":"http:\/\/jcgqqhj.cluster030.hosting.ovh.net\/es\/?page_id=3082"},"modified":"2023-08-19T08:06:51","modified_gmt":"2023-08-19T06:06:51","slug":"grace-seminarios-web","status":"publish","type":"page","link":"https:\/\/oiecinternational.com\/es\/los-polos\/polo-academica\/grace-seminarios-web\/","title":{"rendered":"COLABORACIONES"},"content":{"rendered":"\t\t<div data-elementor-type=\"wp-page\" data-elementor-id=\"3082\" class=\"elementor elementor-3082\">\n\t\t\t\t\t\t<section class=\"elementor-section elementor-top-section elementor-element elementor-element-a294523 elementor-section-boxed elementor-section-height-default elementor-section-height-default\" data-id=\"a294523\" data-element_type=\"section\">\n\t\t\t\t\t\t<div class=\"elementor-container elementor-column-gap-default\">\n\t\t\t\t\t<div class=\"elementor-column elementor-col-100 elementor-top-column elementor-element elementor-element-f87b17e\" data-id=\"f87b17e\" data-element_type=\"column\">\n\t\t\t<div class=\"elementor-widget-wrap elementor-element-populated\">\n\t\t\t\t\t\t<div class=\"elementor-element elementor-element-76ec5e5 elementor-widget elementor-widget-image\" data-id=\"76ec5e5\" data-element_type=\"widget\" data-widget_type=\"image.default\">\n\t\t\t\t<div class=\"elementor-widget-container\">\n\t\t\t\t\t\t\t\t\t\t\t\t\t<img fetchpriority=\"high\" decoding=\"async\" width=\"800\" height=\"406\" src=\"https:\/\/oiecinternational.com\/es\/wp-content\/uploads\/sites\/2\/2023\/08\/AdobeStock_122304730web.jpg\" class=\"attachment-full size-full wp-image-4699\" alt=\"\" srcset=\"https:\/\/oiecinternational.com\/es\/wp-content\/uploads\/sites\/2\/2023\/08\/AdobeStock_122304730web.jpg 800w, https:\/\/oiecinternational.com\/es\/wp-content\/uploads\/sites\/2\/2023\/08\/AdobeStock_122304730web-300x152.jpg 300w, https:\/\/oiecinternational.com\/es\/wp-content\/uploads\/sites\/2\/2023\/08\/AdobeStock_122304730web-768x390.jpg 768w\" sizes=\"(max-width: 800px) 100vw, 800px\" \/>\t\t\t\t\t\t\t\t\t\t\t\t\t<\/div>\n\t\t\t\t<\/div>\n\t\t\t\t\t<\/div>\n\t\t<\/div>\n\t\t\t\t\t<\/div>\n\t\t<\/section>\n\t\t\t\t<section class=\"elementor-section elementor-top-section elementor-element elementor-element-c07c63b elementor-section-boxed elementor-section-height-default elementor-section-height-default\" data-id=\"c07c63b\" data-element_type=\"section\">\n\t\t\t\t\t\t<div class=\"elementor-container elementor-column-gap-default\">\n\t\t\t\t\t<div class=\"elementor-column elementor-col-100 elementor-top-column elementor-element elementor-element-08bad87\" data-id=\"08bad87\" data-element_type=\"column\">\n\t\t\t<div class=\"elementor-widget-wrap elementor-element-populated\">\n\t\t\t\t\t\t<div class=\"elementor-element elementor-element-df718c2 elementor-widget elementor-widget-text-editor\" data-id=\"df718c2\" data-element_type=\"widget\" data-widget_type=\"text-editor.default\">\n\t\t\t\t<div class=\"elementor-widget-container\">\n\t\t\t\t\t\t\t<h3>GLOBAL CATHOLIC EDUCATION NETWORK<br \/>(Red Mundial de Educaci\u00f3n Cat\u00f3lica)<\/h3>\n<p>La OIEC forma junto con la Federaci\u00f3n Internacional de Universidades Cat\u00f3licas (IFCU), la Organizaci\u00f3n Mundial de Antiguos Estudiantes de Educaci\u00f3n Cat\u00f3lica (OMAEC) y la Uni\u00f3n Mundial de Profesores Cat\u00f3licos (UMEC) la Red Mundial de Educaci\u00f3n Cat\u00f3lica.<\/p>\n<p>Global Catholic Education informa y conecta a educadores cat\u00f3licos a nivel mundial. Les proporciona datos, an\u00e1lisis, oportunidades de aprender y otros recursos para ayudarles a cumplir su misi\u00f3n con un enfoque particular en la opci\u00f3n preferencial para los pobres.<\/p>\n<p><strong>El sitio web de la red es:<\/strong>\u00a0<a href=\"https:\/\/es.globalcatholiceducation.org\/\">https:\/\/es.globalcatholiceducation.org\/<\/a><\/p>\n<p><!-- wp:paragraph --><\/p>\n<p><!-- \/wp:paragraph --><\/p>\t\t\t\t\t\t<\/div>\n\t\t\t\t<\/div>\n\t\t\t\t\t<\/div>\n\t\t<\/div>\n\t\t\t\t\t<\/div>\n\t\t<\/section>\n\t\t\t\t<section class=\"elementor-section elementor-top-section elementor-element elementor-element-2858b1f elementor-section-boxed elementor-section-height-default elementor-section-height-default\" data-id=\"2858b1f\" data-element_type=\"section\">\n\t\t\t\t\t\t<div class=\"elementor-container elementor-column-gap-default\">\n\t\t\t\t\t<div class=\"elementor-column elementor-col-100 elementor-top-column elementor-element elementor-element-ed76c99\" data-id=\"ed76c99\" data-element_type=\"column\">\n\t\t\t<div class=\"elementor-widget-wrap elementor-element-populated\">\n\t\t\t\t\t\t<div class=\"elementor-element elementor-element-260c4fc elementor-widget-divider--view-line elementor-widget elementor-widget-divider\" data-id=\"260c4fc\" data-element_type=\"widget\" data-widget_type=\"divider.default\">\n\t\t\t\t<div class=\"elementor-widget-container\">\n\t\t\t\t\t<div class=\"elementor-divider\">\n\t\t\t<span class=\"elementor-divider-separator\">\n\t\t\t\t\t\t<\/span>\n\t\t<\/div>\n\t\t\t\t<\/div>\n\t\t\t\t<\/div>\n\t\t\t\t\t<\/div>\n\t\t<\/div>\n\t\t\t\t\t<\/div>\n\t\t<\/section>\n\t\t\t\t<section class=\"elementor-section elementor-top-section elementor-element elementor-element-831e4c0 elementor-section-boxed elementor-section-height-default elementor-section-height-default\" data-id=\"831e4c0\" data-element_type=\"section\">\n\t\t\t\t\t\t<div class=\"elementor-container elementor-column-gap-default\">\n\t\t\t\t\t<div class=\"elementor-column elementor-col-100 elementor-top-column elementor-element elementor-element-18abc47\" data-id=\"18abc47\" data-element_type=\"column\">\n\t\t\t<div class=\"elementor-widget-wrap elementor-element-populated\">\n\t\t\t\t\t\t<div class=\"elementor-element elementor-element-a3488c7 elementor-widget elementor-widget-text-editor\" data-id=\"a3488c7\" data-element_type=\"widget\" data-widget_type=\"text-editor.default\">\n\t\t\t\t<div class=\"elementor-widget-container\">\n\t\t\t\t\t\t\t<h2>G.R.A.C.E.<\/h2>\n<p>G.R.A.C.E. <em>(Global Researchers Advancing Catholic Education)<\/em> es una asociaci\u00f3n internacional basada en la investigaci\u00f3n entre<em> Mary Immaculate College Limerick<\/em> en Irlanda, <em>Boston College<\/em> en los Estados Unidos, la <em>Universidad de Notre Dame<\/em> en Australia,<em> Saint Mary&#8217;s University Twickenham en el Reino Unido,<\/em> y la OIEC en Roma. G.R.A.C.E. ofrece a los acad\u00e9micos la oportunidad de colaborar en el an\u00e1lisis de los desaf\u00edos y oportunidades que enfrentan las escuelas cat\u00f3licas.<\/p>\n<p>Sitio web:\u00a0<a href=\"https:\/\/researchonline.nd.edu.au\/grace\/\">https:\/\/researchonline.nd.edu.au\/grace\/<\/a><\/p>\n<p>Como miembro del G.R.A.C.E. la OIEC ha ofrecido varios seminarios web en a\u00f1os anteriores<\/p>\t\t\t\t\t\t<\/div>\n\t\t\t\t<\/div>\n\t\t\t\t\t<\/div>\n\t\t<\/div>\n\t\t\t\t\t<\/div>\n\t\t<\/section>\n\t\t\t\t<section class=\"elementor-section elementor-top-section elementor-element elementor-element-52f363e elementor-section-boxed elementor-section-height-default elementor-section-height-default\" data-id=\"52f363e\" data-element_type=\"section\">\n\t\t\t\t\t\t<div class=\"elementor-container elementor-column-gap-default\">\n\t\t\t\t\t<div class=\"elementor-column elementor-col-50 elementor-top-column elementor-element elementor-element-7130004\" data-id=\"7130004\" data-element_type=\"column\">\n\t\t\t<div class=\"elementor-widget-wrap elementor-element-populated\">\n\t\t\t\t\t\t<div class=\"elementor-element elementor-element-540610e elementor-widget elementor-widget-text-editor\" data-id=\"540610e\" data-element_type=\"widget\" data-widget_type=\"text-editor.default\">\n\t\t\t\t<div class=\"elementor-widget-container\">\n\t\t\t\t\t\t\t<h3>Webinar 1 &#8211; OIDEL \/ GPEN<\/h3>\n<h4><strong><em>&#8220;Experiencias de las escuelas cristianas en respuesta a la crisis del COVID&#8221;.<\/em><\/strong><\/h4>\n<h4><span style=\"color: #333333;\">Para ver la grabaci\u00f3n del acto, haga clic aqu\u00ed:\u00a0<\/span><br \/><a href=\"https:\/\/youtu.be\/O9TB9CSc8ck\">Webinar GRACE en v\u00eddeo<\/a><strong><br \/><\/strong><\/h4>\t\t\t\t\t\t<\/div>\n\t\t\t\t<\/div>\n\t\t\t\t\t<\/div>\n\t\t<\/div>\n\t\t\t\t<div class=\"elementor-column elementor-col-50 elementor-top-column elementor-element elementor-element-7d0016b\" data-id=\"7d0016b\" data-element_type=\"column\">\n\t\t\t<div class=\"elementor-widget-wrap elementor-element-populated\">\n\t\t\t\t\t\t<div class=\"elementor-element elementor-element-467316d elementor-widget elementor-widget-image\" data-id=\"467316d\" data-element_type=\"widget\" data-widget_type=\"image.default\">\n\t\t\t\t<div class=\"elementor-widget-container\">\n\t\t\t\t\t\t\t\t\t\t\t\t\t<img decoding=\"async\" width=\"792\" height=\"1024\" src=\"https:\/\/oiecinternational.com\/es\/wp-content\/uploads\/sites\/2\/2023\/08\/GRACE-Event-Nov1024_1.jpg\" class=\"attachment-full size-full wp-image-4700\" alt=\"\" srcset=\"https:\/\/oiecinternational.com\/es\/wp-content\/uploads\/sites\/2\/2023\/08\/GRACE-Event-Nov1024_1.jpg 792w, https:\/\/oiecinternational.com\/es\/wp-content\/uploads\/sites\/2\/2023\/08\/GRACE-Event-Nov1024_1-232x300.jpg 232w, https:\/\/oiecinternational.com\/es\/wp-content\/uploads\/sites\/2\/2023\/08\/GRACE-Event-Nov1024_1-768x993.jpg 768w\" sizes=\"(max-width: 792px) 100vw, 792px\" \/>\t\t\t\t\t\t\t\t\t\t\t\t\t<\/div>\n\t\t\t\t<\/div>\n\t\t\t\t\t<\/div>\n\t\t<\/div>\n\t\t\t\t\t<\/div>\n\t\t<\/section>\n\t\t\t\t<section class=\"elementor-section elementor-top-section elementor-element elementor-element-5e217c6 elementor-section-boxed elementor-section-height-default elementor-section-height-default\" data-id=\"5e217c6\" data-element_type=\"section\">\n\t\t\t\t\t\t<div class=\"elementor-container elementor-column-gap-default\">\n\t\t\t\t\t<div class=\"elementor-column elementor-col-50 elementor-top-column elementor-element elementor-element-417897a\" data-id=\"417897a\" data-element_type=\"column\">\n\t\t\t<div class=\"elementor-widget-wrap elementor-element-populated\">\n\t\t\t\t\t\t<div class=\"elementor-element elementor-element-d206859 elementor-widget elementor-widget-image\" data-id=\"d206859\" data-element_type=\"widget\" data-widget_type=\"image.default\">\n\t\t\t\t<div class=\"elementor-widget-container\">\n\t\t\t\t\t\t\t\t\t\t\t\t\t<img decoding=\"async\" width=\"478\" height=\"616\" src=\"https:\/\/oiecinternational.com\/es\/wp-content\/uploads\/sites\/2\/2023\/08\/flyer-Grace-2.12.2020.jpg\" class=\"attachment-full size-full wp-image-4702\" alt=\"\" srcset=\"https:\/\/oiecinternational.com\/es\/wp-content\/uploads\/sites\/2\/2023\/08\/flyer-Grace-2.12.2020.jpg 478w, https:\/\/oiecinternational.com\/es\/wp-content\/uploads\/sites\/2\/2023\/08\/flyer-Grace-2.12.2020-233x300.jpg 233w\" sizes=\"(max-width: 478px) 100vw, 478px\" \/>\t\t\t\t\t\t\t\t\t\t\t\t\t<\/div>\n\t\t\t\t<\/div>\n\t\t\t\t\t<\/div>\n\t\t<\/div>\n\t\t\t\t<div class=\"elementor-column elementor-col-50 elementor-top-column elementor-element elementor-element-4865ffb\" data-id=\"4865ffb\" data-element_type=\"column\">\n\t\t\t<div class=\"elementor-widget-wrap elementor-element-populated\">\n\t\t\t\t\t\t<div class=\"elementor-element elementor-element-f18b0ed elementor-widget elementor-widget-text-editor\" data-id=\"f18b0ed\" data-element_type=\"widget\" data-widget_type=\"text-editor.default\">\n\t\t\t\t<div class=\"elementor-widget-container\">\n\t\t\t\t\t\t\t<h3>Webinar 2 &#8211; OIEC \/ G.R.A.C.E <br \/>(2 de diciembre de 2020)\u00a0<\/h3>\n<h4><strong><em>&#8220;El coraz\u00f3n de la educaci\u00f3n cat\u00f3lica &#8211; Conversaci\u00f3n con el Dr. Thomas H. Groome&#8221;.<\/em><\/strong><\/h4>\n<h4><span style=\"color: #333333;\"><strong>Para ver la grabaci\u00f3n del acto, haga clic aqu\u00ed:\u00a0<\/strong><\/span><br \/><a href=\"https:\/\/www.youtube.com\/watch?v=wf1F4B-Cy6k\">webinar 2 de dic.<\/a><\/h4>\t\t\t\t\t\t<\/div>\n\t\t\t\t<\/div>\n\t\t\t\t\t<\/div>\n\t\t<\/div>\n\t\t\t\t\t<\/div>\n\t\t<\/section>\n\t\t\t\t<section class=\"elementor-section elementor-top-section elementor-element elementor-element-9b7393a elementor-section-boxed elementor-section-height-default elementor-section-height-default\" data-id=\"9b7393a\" data-element_type=\"section\">\n\t\t\t\t\t\t<div class=\"elementor-container elementor-column-gap-default\">\n\t\t\t\t\t<div class=\"elementor-column elementor-col-50 elementor-top-column elementor-element elementor-element-b1dfff8\" data-id=\"b1dfff8\" data-element_type=\"column\">\n\t\t\t<div class=\"elementor-widget-wrap elementor-element-populated\">\n\t\t\t\t\t\t<div class=\"elementor-element elementor-element-62cdf09 elementor-widget elementor-widget-text-editor\" data-id=\"62cdf09\" data-element_type=\"widget\" data-widget_type=\"text-editor.default\">\n\t\t\t\t<div class=\"elementor-widget-container\">\n\t\t\t\t\t\t\t<h3>Webinar 3 &#8211; G.R.A.C.E. \/ OIEC \/ IFCU <br \/>(19 de enero de 2021)<\/h3>\n<h4><em><strong>M\u00e1s all\u00e1 de los resultados de los ex\u00e1menes: medir la contribuci\u00f3n de las escuelas y universidades cat\u00f3licas<\/strong><\/em><\/h4>\n<h4><span style=\"color: #333333;\"><strong>Para ver la grabaci\u00f3n del acto, haga clic aqu\u00ed:\u00a0<\/strong><\/span><br \/><a href=\"https:\/\/youtu.be\/51V7_VZVBOY\">grabaci\u00f3n de v\u00eddeo.<\/a> (en ingl\u00e9s)<\/h4>\t\t\t\t\t\t<\/div>\n\t\t\t\t<\/div>\n\t\t\t\t\t<\/div>\n\t\t<\/div>\n\t\t\t\t<div class=\"elementor-column elementor-col-50 elementor-top-column elementor-element elementor-element-9a06389\" data-id=\"9a06389\" data-element_type=\"column\">\n\t\t\t<div class=\"elementor-widget-wrap elementor-element-populated\">\n\t\t\t\t\t\t<div class=\"elementor-element elementor-element-8efef4e elementor-widget elementor-widget-image\" data-id=\"8efef4e\" data-element_type=\"widget\" data-widget_type=\"image.default\">\n\t\t\t\t<div class=\"elementor-widget-container\">\n\t\t\t\t\t\t\t\t\t\t\t\t\t<img loading=\"lazy\" decoding=\"async\" width=\"2667\" height=\"1500\" src=\"https:\/\/oiecinternational.com\/es\/wp-content\/uploads\/sites\/2\/2023\/08\/Beyond-Test-Scores-Twitter-with-cosponsors-gce136604.png\" class=\"attachment-full size-full wp-image-4703\" alt=\"\" srcset=\"https:\/\/oiecinternational.com\/es\/wp-content\/uploads\/sites\/2\/2023\/08\/Beyond-Test-Scores-Twitter-with-cosponsors-gce136604.png 2667w, https:\/\/oiecinternational.com\/es\/wp-content\/uploads\/sites\/2\/2023\/08\/Beyond-Test-Scores-Twitter-with-cosponsors-gce136604-300x169.png 300w, https:\/\/oiecinternational.com\/es\/wp-content\/uploads\/sites\/2\/2023\/08\/Beyond-Test-Scores-Twitter-with-cosponsors-gce136604-1024x576.png 1024w, https:\/\/oiecinternational.com\/es\/wp-content\/uploads\/sites\/2\/2023\/08\/Beyond-Test-Scores-Twitter-with-cosponsors-gce136604-768x432.png 768w, https:\/\/oiecinternational.com\/es\/wp-content\/uploads\/sites\/2\/2023\/08\/Beyond-Test-Scores-Twitter-with-cosponsors-gce136604-1536x864.png 1536w, https:\/\/oiecinternational.com\/es\/wp-content\/uploads\/sites\/2\/2023\/08\/Beyond-Test-Scores-Twitter-with-cosponsors-gce136604-2048x1152.png 2048w\" sizes=\"(max-width: 2667px) 100vw, 2667px\" \/>\t\t\t\t\t\t\t\t\t\t\t\t\t<\/div>\n\t\t\t\t<\/div>\n\t\t\t\t\t<\/div>\n\t\t<\/div>\n\t\t\t\t\t<\/div>\n\t\t<\/section>\n\t\t\t\t<section class=\"elementor-section elementor-top-section elementor-element elementor-element-9433367 elementor-section-boxed elementor-section-height-default elementor-section-height-default\" data-id=\"9433367\" data-element_type=\"section\">\n\t\t\t\t\t\t<div class=\"elementor-container elementor-column-gap-default\">\n\t\t\t\t\t<div class=\"elementor-column elementor-col-50 elementor-top-column elementor-element elementor-element-6a7b20f\" data-id=\"6a7b20f\" data-element_type=\"column\">\n\t\t\t<div class=\"elementor-widget-wrap elementor-element-populated\">\n\t\t\t\t\t\t<div class=\"elementor-element elementor-element-bcbcdc8 elementor-widget elementor-widget-image\" data-id=\"bcbcdc8\" data-element_type=\"widget\" data-widget_type=\"image.default\">\n\t\t\t\t<div class=\"elementor-widget-container\">\n\t\t\t\t\t\t\t\t\t\t\t\t\t<img loading=\"lazy\" decoding=\"async\" width=\"2667\" height=\"1500\" src=\"https:\/\/oiecinternational.com\/es\/wp-content\/uploads\/sites\/2\/2023\/08\/Learning-Poverty-Twitter-cosponsor-gce136605.png\" class=\"attachment-full size-full wp-image-4704\" alt=\"\" srcset=\"https:\/\/oiecinternational.com\/es\/wp-content\/uploads\/sites\/2\/2023\/08\/Learning-Poverty-Twitter-cosponsor-gce136605.png 2667w, https:\/\/oiecinternational.com\/es\/wp-content\/uploads\/sites\/2\/2023\/08\/Learning-Poverty-Twitter-cosponsor-gce136605-300x169.png 300w, https:\/\/oiecinternational.com\/es\/wp-content\/uploads\/sites\/2\/2023\/08\/Learning-Poverty-Twitter-cosponsor-gce136605-1024x576.png 1024w, https:\/\/oiecinternational.com\/es\/wp-content\/uploads\/sites\/2\/2023\/08\/Learning-Poverty-Twitter-cosponsor-gce136605-768x432.png 768w, https:\/\/oiecinternational.com\/es\/wp-content\/uploads\/sites\/2\/2023\/08\/Learning-Poverty-Twitter-cosponsor-gce136605-1536x864.png 1536w, https:\/\/oiecinternational.com\/es\/wp-content\/uploads\/sites\/2\/2023\/08\/Learning-Poverty-Twitter-cosponsor-gce136605-2048x1152.png 2048w\" sizes=\"(max-width: 2667px) 100vw, 2667px\" \/>\t\t\t\t\t\t\t\t\t\t\t\t\t<\/div>\n\t\t\t\t<\/div>\n\t\t\t\t\t<\/div>\n\t\t<\/div>\n\t\t\t\t<div class=\"elementor-column elementor-col-50 elementor-top-column elementor-element elementor-element-bd8962d\" data-id=\"bd8962d\" data-element_type=\"column\">\n\t\t\t<div class=\"elementor-widget-wrap elementor-element-populated\">\n\t\t\t\t\t\t<div class=\"elementor-element elementor-element-ea79ebd elementor-widget elementor-widget-text-editor\" data-id=\"ea79ebd\" data-element_type=\"widget\" data-widget_type=\"text-editor.default\">\n\t\t\t\t<div class=\"elementor-widget-container\">\n\t\t\t\t\t\t\t<h3>Webinar 4 &#8211; G.R.A.C.E. \/ OIEC \/ IFCU<\/h3>\n<h4><strong><em>Pobreza de aprendizaje y pluralismo educativo: el Informe Mundial sobre la Educaci\u00f3n Cat\u00f3lica 2021<\/em><\/strong><\/h4>\n<h4><strong><span style=\"color: #333333;\">Para ver la grabaci\u00f3n del acto, haga clic aqu\u00ed:\u00a0<\/span><\/strong><br \/><a href=\"https:\/\/youtu.be\/WYk60aZrgoA\">grabaci\u00f3n de v\u00eddeo <\/a>(en ingl\u00e9s)<\/h4>\n<h4>\u00a0<\/h4>\t\t\t\t\t\t<\/div>\n\t\t\t\t<\/div>\n\t\t\t\t\t<\/div>\n\t\t<\/div>\n\t\t\t\t\t<\/div>\n\t\t<\/section>\n\t\t\t\t<section class=\"elementor-section elementor-top-section elementor-element elementor-element-d234299 elementor-section-boxed elementor-section-height-default elementor-section-height-default\" data-id=\"d234299\" data-element_type=\"section\">\n\t\t\t\t\t\t<div class=\"elementor-container elementor-column-gap-default\">\n\t\t\t\t\t<div class=\"elementor-column elementor-col-100 elementor-top-column elementor-element elementor-element-e472b92\" data-id=\"e472b92\" data-element_type=\"column\">\n\t\t\t<div class=\"elementor-widget-wrap elementor-element-populated\">\n\t\t\t\t\t\t<div class=\"elementor-element elementor-element-84d68b8 elementor-widget-divider--view-line elementor-widget elementor-widget-divider\" data-id=\"84d68b8\" data-element_type=\"widget\" data-widget_type=\"divider.default\">\n\t\t\t\t<div class=\"elementor-widget-container\">\n\t\t\t\t\t<div class=\"elementor-divider\">\n\t\t\t<span class=\"elementor-divider-separator\">\n\t\t\t\t\t\t<\/span>\n\t\t<\/div>\n\t\t\t\t<\/div>\n\t\t\t\t<\/div>\n\t\t\t\t\t<\/div>\n\t\t<\/div>\n\t\t\t\t\t<\/div>\n\t\t<\/section>\n\t\t\t\t<section class=\"elementor-section elementor-top-section elementor-element elementor-element-cda27b3 elementor-section-boxed elementor-section-height-default elementor-section-height-default\" data-id=\"cda27b3\" data-element_type=\"section\">\n\t\t\t\t\t\t<div class=\"elementor-container elementor-column-gap-default\">\n\t\t\t\t\t<div class=\"elementor-column elementor-col-100 elementor-top-column elementor-element elementor-element-b0c7838\" data-id=\"b0c7838\" data-element_type=\"column\">\n\t\t\t<div class=\"elementor-widget-wrap elementor-element-populated\">\n\t\t\t\t\t\t<div class=\"elementor-element elementor-element-f769871 elementor-widget elementor-widget-text-editor\" data-id=\"f769871\" data-element_type=\"widget\" data-widget_type=\"text-editor.default\">\n\t\t\t\t<div class=\"elementor-widget-container\">\n\t\t\t\t\t\t\t<h2><em>OIEC &#8211; GPEN REFORMATION<\/em> THINK TANK<\/h2>\n<p>La OIEC y la GPEN (Global Pedagogical Network &#8211; https:\/\/www.gpenreformation.net\/) han creado un grupo de reflexi\u00f3n en el que cat\u00f3licos y protestantes debaten cuestiones comunes relativas a las escuelas y la educaci\u00f3n cristiana. Est\u00e1 elaborando un documento que permitir\u00e1 a las escuelas cat\u00f3licas y protestantes trabajar mejor juntas, sobre todo en las organizaciones internacionales.<\/p>\n<p>Un primer documento es <em>&#8220;LAS ESCUELAS CRISTIANAS Y EL FUTURO DE LA EDUCACI\u00d3N: una contribuci\u00f3n a la Comisi\u00f3n de la UNESCO sobre el Futuro de la Educaci\u00f3n&#8221; por la Office international de l&#8217;Enseignement Catholique y la Red Pedag\u00f3gica Mundial &#8211; Unirse en Reforma:<\/em><\/p>\n<p><a href=\"http:\/\/oiecinternational.com\/fr\/wp-content\/uploads\/sites\/3\/2020\/12\/OIEC-GPENR-contribution.pdf\">OIEC-GPENR contribution<\/a><\/p>\t\t\t\t\t\t<\/div>\n\t\t\t\t<\/div>\n\t\t\t\t\t<\/div>\n\t\t<\/div>\n\t\t\t\t\t<\/div>\n\t\t<\/section>\n\t\t\t\t<\/div>\n\t\t","protected":false},"excerpt":{"rendered":"<p>GLOBAL CATHOLIC EDUCATION NETWORK(Red Mundial de Educaci\u00f3n Cat\u00f3lica) La OIEC forma junto con la Federaci\u00f3n Internacional de Universidades Cat\u00f3licas (IFCU), la Organizaci\u00f3n Mundial de Antiguos Estudiantes de Educaci\u00f3n Cat\u00f3lica (OMAEC) y la Uni\u00f3n Mundial de Profesores Cat\u00f3licos (UMEC) la Red Mundial de Educaci\u00f3n Cat\u00f3lica. Global Catholic Education informa y conecta a educadores cat\u00f3licos a nivel mundial. Les proporciona datos, an\u00e1lisis,&#8230;<\/p>\n","protected":false},"author":1,"featured_media":0,"parent":4643,"menu_order":0,"comment_status":"closed","ping_status":"closed","template":"","meta":{"_eb_attr":"","footnotes":""},"class_list":["post-3082","page","type-page","status-publish","hentry"],"_links":{"self":[{"href":"https:\/\/oiecinternational.com\/es\/wp-json\/wp\/v2\/pages\/3082"}],"collection":[{"href":"https:\/\/oiecinternational.com\/es\/wp-json\/wp\/v2\/pages"}],"about":[{"href":"https:\/\/oiecinternational.com\/es\/wp-json\/wp\/v2\/types\/page"}],"author":[{"embeddable":true,"href":"https:\/\/oiecinternational.com\/es\/wp-json\/wp\/v2\/users\/1"}],"replies":[{"embeddable":true,"href":"https:\/\/oiecinternational.com\/es\/wp-json\/wp\/v2\/comments?post=3082"}],"version-history":[{"count":16,"href":"https:\/\/oiecinternational.com\/es\/wp-json\/wp\/v2\/pages\/3082\/revisions"}],"predecessor-version":[{"id":4707,"href":"https:\/\/oiecinternational.com\/es\/wp-json\/wp\/v2\/pages\/3082\/revisions\/4707"}],"up":[{"embeddable":true,"href":"https:\/\/oiecinternational.com\/es\/wp-json\/wp\/v2\/pages\/4643"}],"wp:attachment":[{"href":"https:\/\/oiecinternational.com\/es\/wp-json\/wp\/v2\/media?parent=3082"}],"curies":[{"name":"wp","href":"https:\/\/api.w.org\/{rel}","templated":true}]}}