{"id":3195,"date":"2020-12-07T13:39:19","date_gmt":"2020-12-07T12:39:19","guid":{"rendered":"http:\/\/jcgqqhj.cluster030.hosting.ovh.net\/es\/?page_id=3195"},"modified":"2024-11-25T21:02:57","modified_gmt":"2024-11-25T20:02:57","slug":"planet-oiec","status":"publish","type":"page","link":"https:\/\/oiecinternational.com\/es\/los-polos\/polo-de-proyectos-educativos-y-culturales\/planet-oiec\/","title":{"rendered":"PLANET FRATERNITY"},"content":{"rendered":"\t\t<div data-elementor-type=\"wp-page\" data-elementor-id=\"3195\" class=\"elementor elementor-3195\">\n\t\t\t\t\t\t<section class=\"elementor-section elementor-top-section elementor-element elementor-element-d40cafa elementor-section-height-min-height elementor-section-boxed elementor-section-height-default elementor-section-items-middle\" data-id=\"d40cafa\" data-element_type=\"section\">\n\t\t\t\t\t\t<div class=\"elementor-container elementor-column-gap-default\">\n\t\t\t\t\t<div class=\"elementor-column elementor-col-100 elementor-top-column elementor-element elementor-element-cde0d5b\" data-id=\"cde0d5b\" data-element_type=\"column\">\n\t\t\t<div class=\"elementor-widget-wrap elementor-element-populated\">\n\t\t\t\t\t\t<div class=\"elementor-element elementor-element-8158673 elementor-widget elementor-widget-image\" data-id=\"8158673\" data-element_type=\"widget\" data-widget_type=\"image.default\">\n\t\t\t\t<div class=\"elementor-widget-container\">\n\t\t\t\t\t\t\t\t\t\t\t\t\t<img fetchpriority=\"high\" decoding=\"async\" width=\"794\" height=\"662\" src=\"https:\/\/oiecinternational.com\/es\/wp-content\/uploads\/sites\/2\/2023\/08\/LOGO-PLANET-FRATERNITY-vert-1-e1677108332840.png\" class=\"attachment-full size-full wp-image-4742\" alt=\"\" srcset=\"https:\/\/oiecinternational.com\/es\/wp-content\/uploads\/sites\/2\/2023\/08\/LOGO-PLANET-FRATERNITY-vert-1-e1677108332840.png 794w, https:\/\/oiecinternational.com\/es\/wp-content\/uploads\/sites\/2\/2023\/08\/LOGO-PLANET-FRATERNITY-vert-1-e1677108332840-300x250.png 300w, https:\/\/oiecinternational.com\/es\/wp-content\/uploads\/sites\/2\/2023\/08\/LOGO-PLANET-FRATERNITY-vert-1-e1677108332840-768x640.png 768w\" sizes=\"(max-width: 794px) 100vw, 794px\" \/>\t\t\t\t\t\t\t\t\t\t\t\t\t<\/div>\n\t\t\t\t<\/div>\n\t\t\t\t\t<\/div>\n\t\t<\/div>\n\t\t\t\t\t<\/div>\n\t\t<\/section>\n\t\t\t\t<section class=\"elementor-section elementor-top-section elementor-element elementor-element-db8d1db elementor-section-boxed elementor-section-height-default elementor-section-height-default\" data-id=\"db8d1db\" data-element_type=\"section\">\n\t\t\t\t\t\t<div class=\"elementor-container elementor-column-gap-default\">\n\t\t\t\t\t<div class=\"elementor-column elementor-col-100 elementor-top-column elementor-element elementor-element-34f9a8d\" data-id=\"34f9a8d\" data-element_type=\"column\">\n\t\t\t<div class=\"elementor-widget-wrap elementor-element-populated\">\n\t\t\t\t\t\t<div class=\"elementor-element elementor-element-c623a25 elementor-widget elementor-widget-text-editor\" data-id=\"c623a25\" data-element_type=\"widget\" data-widget_type=\"text-editor.default\">\n\t\t\t\t<div class=\"elementor-widget-container\">\n\t\t\t\t\t\t\t<h4><strong><span style=\"color: #333333;\">En septiembre de 2019, el Papa Francisco convoc\u00f3 a representantes de todo el mundo en Roma para sellar un compromiso conjunto para construir un <\/span><span style=\"color: #00ccff;\">Pacto Educativo Global.<\/span><\/strong><\/h4><h4><span style=\"color: #333333;\"><strong>Esta propuesta est\u00e1 en l\u00ednea con su magisterio, que encontramos expresado con perseverancia y coherencia en la exhortaci\u00f3n apost\u00f3lica Evangelii gaudium, y en las enc\u00edclicas Laudato si&#8217; y Fratelli tutti.<\/strong><\/span><\/h4><h4><strong><span style=\"color: #333333;\">Animados por este impulso del Santo Padre, te invitamos a aplicar los conceptos de fraternidad, compartir y solidaridad entre hermanos y hermanas a trav\u00e9s de los proyectos <span style=\"color: #00ccff;\">PLANET FRATERNITY<\/span> &amp;<span style=\"color: #ff9900;\"> Little PLANET FRATERNITY<\/span>.<\/span><\/strong><\/h4>\t\t\t\t\t\t<\/div>\n\t\t\t\t<\/div>\n\t\t\t\t\t<\/div>\n\t\t<\/div>\n\t\t\t\t\t<\/div>\n\t\t<\/section>\n\t\t\t\t<section class=\"elementor-section elementor-top-section elementor-element elementor-element-532b16e elementor-section-boxed elementor-section-height-default elementor-section-height-default\" data-id=\"532b16e\" data-element_type=\"section\">\n\t\t\t\t\t\t<div class=\"elementor-container elementor-column-gap-default\">\n\t\t\t\t\t<div class=\"elementor-column elementor-col-100 elementor-top-column elementor-element elementor-element-00cd7f6\" data-id=\"00cd7f6\" data-element_type=\"column\">\n\t\t\t<div class=\"elementor-widget-wrap elementor-element-populated\">\n\t\t\t\t\t\t<div class=\"elementor-element elementor-element-8af7e7b elementor-widget elementor-widget-text-editor\" data-id=\"8af7e7b\" data-element_type=\"widget\" data-widget_type=\"text-editor.default\">\n\t\t\t\t<div class=\"elementor-widget-container\">\n\t\t\t\t\t\t\t<h2>Planet Fraternity y Little Planet Fraternity,<\/h2><h2>\u00bfqu\u00e9 es?<\/h2>\t\t\t\t\t\t<\/div>\n\t\t\t\t<\/div>\n\t\t\t\t\t<\/div>\n\t\t<\/div>\n\t\t\t\t\t<\/div>\n\t\t<\/section>\n\t\t\t\t<section class=\"elementor-section elementor-top-section elementor-element elementor-element-cf605de elementor-section-boxed elementor-section-height-default elementor-section-height-default\" data-id=\"cf605de\" data-element_type=\"section\">\n\t\t\t\t\t\t<div class=\"elementor-container elementor-column-gap-default\">\n\t\t\t\t\t<div class=\"elementor-column elementor-col-100 elementor-top-column elementor-element elementor-element-2773c6b\" data-id=\"2773c6b\" data-element_type=\"column\">\n\t\t\t<div class=\"elementor-widget-wrap elementor-element-populated\">\n\t\t\t\t\t\t<div class=\"elementor-element elementor-element-a095c29 elementor-widget elementor-widget-text-editor\" data-id=\"a095c29\" data-element_type=\"widget\" data-widget_type=\"text-editor.default\">\n\t\t\t\t<div class=\"elementor-widget-container\">\n\t\t\t\t\t\t\t<h4><span style=\"color: #333333;\"><strong><span style=\"color: #00ccff;\">Planet FRATERNITY<\/span> y <span style=\"color: #ff9900;\">Little PLANET FRATERNITY<\/span> son proyectos que permiten a los estudiantes y equipos educativos de la OIEC crear lazos de fraternidad trabajando juntos.<\/strong><\/span><\/h4>\n<h3>Los objetivos principales son :<\/h3>\n<ul>\n<li>\n<h4><strong><span style=\"color: #333333;\">Posibilitar una estrecha colaboraci\u00f3n entre culturas,<\/span><\/strong><\/h4>\n<\/li>\n<li>\n<h4><strong><span style=\"color: #333333;\">Reafirmar la comunidad OIEC en el mundo,<\/span><\/strong><\/h4>\n<\/li>\n<li>\n<h4><strong><span style=\"color: #333333;\">Fomentar la creatividad de nuestros j\u00f3venes mediante la resoluci\u00f3n de problemas reales de los que ellos mismos sean conscientes y que den lugar a un pensamiento cr\u00edtico.<\/span><\/strong><\/h4><\/li><\/ul>\t\t\t\t\t\t<\/div>\n\t\t\t\t<\/div>\n\t\t\t\t\t<\/div>\n\t\t<\/div>\n\t\t\t\t\t<\/div>\n\t\t<\/section>\n\t\t\t\t<section class=\"elementor-section elementor-top-section elementor-element elementor-element-a3e3674 elementor-section-boxed elementor-section-height-default elementor-section-height-default\" data-id=\"a3e3674\" data-element_type=\"section\">\n\t\t\t\t\t\t<div class=\"elementor-container elementor-column-gap-default\">\n\t\t\t\t\t<div class=\"elementor-column elementor-col-100 elementor-top-column elementor-element elementor-element-7cc3ffe\" data-id=\"7cc3ffe\" data-element_type=\"column\">\n\t\t\t<div class=\"elementor-widget-wrap elementor-element-populated\">\n\t\t\t\t\t\t<div class=\"elementor-element elementor-element-c7425a3 elementor-widget elementor-widget-video\" data-id=\"c7425a3\" data-element_type=\"widget\" data-settings=\"{&quot;youtube_url&quot;:&quot;https:\\\/\\\/youtu.be\\\/f34TbXa6v2U?si=DvTe8moU-_ZG6T1b&quot;,&quot;video_type&quot;:&quot;youtube&quot;,&quot;controls&quot;:&quot;yes&quot;}\" data-widget_type=\"video.default\">\n\t\t\t\t<div class=\"elementor-widget-container\">\n\t\t\t\t\t<div class=\"elementor-wrapper elementor-open-inline\">\n\t\t\t<div class=\"elementor-video\"><\/div>\t\t<\/div>\n\t\t\t\t<\/div>\n\t\t\t\t<\/div>\n\t\t\t\t\t<\/div>\n\t\t<\/div>\n\t\t\t\t\t<\/div>\n\t\t<\/section>\n\t\t\t\t<section class=\"elementor-section elementor-top-section elementor-element elementor-element-38f2560 elementor-section-boxed elementor-section-height-default elementor-section-height-default\" data-id=\"38f2560\" data-element_type=\"section\">\n\t\t\t\t\t\t<div class=\"elementor-container elementor-column-gap-default\">\n\t\t\t\t\t<div class=\"elementor-column elementor-col-100 elementor-top-column elementor-element elementor-element-a236045\" data-id=\"a236045\" data-element_type=\"column\">\n\t\t\t<div class=\"elementor-widget-wrap elementor-element-populated\">\n\t\t\t\t\t\t<div class=\"elementor-element elementor-element-873e475 elementor-widget elementor-widget-spacer\" data-id=\"873e475\" data-element_type=\"widget\" data-widget_type=\"spacer.default\">\n\t\t\t\t<div class=\"elementor-widget-container\">\n\t\t\t\t\t<div class=\"elementor-spacer\">\n\t\t\t<div class=\"elementor-spacer-inner\"><\/div>\n\t\t<\/div>\n\t\t\t\t<\/div>\n\t\t\t\t<\/div>\n\t\t\t\t\t<\/div>\n\t\t<\/div>\n\t\t\t\t\t<\/div>\n\t\t<\/section>\n\t\t\t\t<section class=\"elementor-section elementor-top-section elementor-element elementor-element-63ac2d0 elementor-section-boxed elementor-section-height-default elementor-section-height-default\" data-id=\"63ac2d0\" data-element_type=\"section\">\n\t\t\t\t\t\t<div class=\"elementor-container elementor-column-gap-default\">\n\t\t\t\t\t<div class=\"elementor-column elementor-col-100 elementor-top-column elementor-element elementor-element-8b64254\" data-id=\"8b64254\" data-element_type=\"column\">\n\t\t\t<div class=\"elementor-widget-wrap elementor-element-populated\">\n\t\t\t\t\t\t<div class=\"elementor-element elementor-element-b563b9e elementor-widget elementor-widget-text-editor\" data-id=\"b563b9e\" data-element_type=\"widget\" data-widget_type=\"text-editor.default\">\n\t\t\t\t<div class=\"elementor-widget-container\">\n\t\t\t\t\t\t\t<h4><strong>Las experiencias realizadas desde 2021 demuestran la riqueza de estos proyectos y el gran entusiasmo de los j\u00f3venes y adultos implicados.<\/strong><\/h4>\t\t\t\t\t\t<\/div>\n\t\t\t\t<\/div>\n\t\t\t\t\t<\/div>\n\t\t<\/div>\n\t\t\t\t\t<\/div>\n\t\t<\/section>\n\t\t\t\t<section class=\"elementor-section elementor-top-section elementor-element elementor-element-1d0e820 elementor-section-boxed elementor-section-height-default elementor-section-height-default\" data-id=\"1d0e820\" data-element_type=\"section\">\n\t\t\t\t\t\t<div class=\"elementor-container elementor-column-gap-default\">\n\t\t\t\t\t<div class=\"elementor-column elementor-col-100 elementor-top-column elementor-element elementor-element-557eaa3\" data-id=\"557eaa3\" data-element_type=\"column\">\n\t\t\t<div class=\"elementor-widget-wrap elementor-element-populated\">\n\t\t\t\t\t\t<div class=\"elementor-element elementor-element-c333451 elementor-widget elementor-widget-video\" data-id=\"c333451\" data-element_type=\"widget\" data-settings=\"{&quot;youtube_url&quot;:&quot;https:\\\/\\\/youtu.be\\\/P9vPCSpDHVw&quot;,&quot;video_type&quot;:&quot;youtube&quot;,&quot;controls&quot;:&quot;yes&quot;}\" data-widget_type=\"video.default\">\n\t\t\t\t<div class=\"elementor-widget-container\">\n\t\t\t\t\t<div class=\"elementor-wrapper elementor-open-inline\">\n\t\t\t<div class=\"elementor-video\"><\/div>\t\t<\/div>\n\t\t\t\t<\/div>\n\t\t\t\t<\/div>\n\t\t\t\t\t<\/div>\n\t\t<\/div>\n\t\t\t\t\t<\/div>\n\t\t<\/section>\n\t\t\t\t<section class=\"elementor-section elementor-top-section elementor-element elementor-element-a50e744 elementor-section-boxed elementor-section-height-default elementor-section-height-default\" data-id=\"a50e744\" data-element_type=\"section\">\n\t\t\t\t\t\t<div class=\"elementor-container elementor-column-gap-default\">\n\t\t\t\t\t<div class=\"elementor-column elementor-col-100 elementor-top-column elementor-element elementor-element-6acca8d\" data-id=\"6acca8d\" data-element_type=\"column\">\n\t\t\t<div class=\"elementor-widget-wrap elementor-element-populated\">\n\t\t\t\t\t\t<div class=\"elementor-element elementor-element-ba1c67d elementor-widget elementor-widget-spacer\" data-id=\"ba1c67d\" data-element_type=\"widget\" data-widget_type=\"spacer.default\">\n\t\t\t\t<div class=\"elementor-widget-container\">\n\t\t\t\t\t<div class=\"elementor-spacer\">\n\t\t\t<div class=\"elementor-spacer-inner\"><\/div>\n\t\t<\/div>\n\t\t\t\t<\/div>\n\t\t\t\t<\/div>\n\t\t\t\t\t<\/div>\n\t\t<\/div>\n\t\t\t\t\t<\/div>\n\t\t<\/section>\n\t\t\t\t<section class=\"elementor-section elementor-top-section elementor-element elementor-element-dcba229 elementor-section-boxed elementor-section-height-default elementor-section-height-default\" data-id=\"dcba229\" data-element_type=\"section\">\n\t\t\t\t\t\t<div class=\"elementor-container elementor-column-gap-default\">\n\t\t\t\t\t<div class=\"elementor-column elementor-col-100 elementor-top-column elementor-element elementor-element-020899e\" data-id=\"020899e\" data-element_type=\"column\">\n\t\t\t<div class=\"elementor-widget-wrap elementor-element-populated\">\n\t\t\t\t\t\t<div class=\"elementor-element elementor-element-c59c403 elementor-widget elementor-widget-heading\" data-id=\"c59c403\" data-element_type=\"widget\" data-widget_type=\"heading.default\">\n\t\t\t\t<div class=\"elementor-widget-container\">\n\t\t\t<h2 class=\"elementor-heading-title elementor-size-default\">\u00bfQuiere saber m\u00e1s sobre este proyecto?<\/h2>\t\t<\/div>\n\t\t\t\t<\/div>\n\t\t\t\t\t<\/div>\n\t\t<\/div>\n\t\t\t\t\t<\/div>\n\t\t<\/section>\n\t\t\t\t<section class=\"elementor-section elementor-top-section elementor-element elementor-element-9146b77 elementor-section-boxed elementor-section-height-default elementor-section-height-default\" data-id=\"9146b77\" data-element_type=\"section\">\n\t\t\t\t\t\t<div class=\"elementor-container elementor-column-gap-default\">\n\t\t\t\t\t<div class=\"elementor-column elementor-col-66 elementor-top-column elementor-element elementor-element-dbdc494\" data-id=\"dbdc494\" data-element_type=\"column\">\n\t\t\t<div class=\"elementor-widget-wrap elementor-element-populated\">\n\t\t\t\t\t\t<div class=\"elementor-element elementor-element-1cce60a elementor-widget elementor-widget-text-editor\" data-id=\"1cce60a\" data-element_type=\"widget\" data-widget_type=\"text-editor.default\">\n\t\t\t\t<div class=\"elementor-widget-container\">\n\t\t\t\t\t\t\t<h3><span style=\"color: #00ccff;\">PLANET FRATERNITY<\/span><\/h3><h4><span style=\"color: #00ccff;\"><strong>Un proyecto para j\u00f3venes de 9 a 18 a\u00f1os (niveles de ingl\u00e9s B1-B2)<\/strong><\/span><\/h4><p><span style=\"color: #333333;\">El proyecto Planeta Fraternidad ofrece a los j\u00f3venes la oportunidad de trabajar con una escuela asociada de otro pa\u00eds, utilizando el ingl\u00e9s como lengua de ense\u00f1anza y aprendizaje, para desarrollar un proyecto directo y conjunto basado en Laudato Si&#8217;, Fratelli Tutti y los 17 ODS de la ONU.<\/span><br \/><span style=\"color: #333333;\">Con este fin, Planeta Fraternidad ofrece recursos en l\u00ednea, creados por profesionales de la educaci\u00f3n, para ayudar a los alumnos a reflexionar juntos sobre la salvaci\u00f3n de nuestra casa com\u00fan, al tiempo que trabajan sus conocimientos de ingl\u00e9s.<\/span><br \/><span style=\"color: #333333;\">En nuestro proyecto, motivamos a alumnos de distintos colegios a crear v\u00ednculos fuertes que les ayuden a abordar los problemas del mundo desde su propio punto de vista, utilizando la metodolog\u00eda &#8220;Yo puedo&#8221; inspirada en el proyecto Design for Change de Kiran Bir Sethi. De este modo, construyen una cadena global de ni\u00f1os y j\u00f3venes que transforman vidas y cambian el mundo.<\/span><\/p><p style=\"text-align: center;\"><span style=\"text-decoration: underline;\"><span style=\"color: #ff9900; text-decoration: underline;\"><a style=\"color: #ff9900; text-decoration: underline;\" href=\"https:\/\/drive.google.com\/file\/d\/1sicr_Ql0bPh95ikdS4DEgscQB0zOWFI0\/view?usp=sharing\" target=\"_blank\" rel=\"noopener\" data-wplink-edit=\"true\"><strong>Descargar el folleto de presentaci\u00f3n del proyecto PLANET FRATERNITY<\/strong><\/a><\/span><\/span><\/p>\t\t\t\t\t\t<\/div>\n\t\t\t\t<\/div>\n\t\t\t\t\t<\/div>\n\t\t<\/div>\n\t\t\t\t<div class=\"elementor-column elementor-col-33 elementor-top-column elementor-element elementor-element-88d1de9\" data-id=\"88d1de9\" data-element_type=\"column\">\n\t\t\t<div class=\"elementor-widget-wrap elementor-element-populated\">\n\t\t\t\t\t\t<div class=\"elementor-element elementor-element-25b3a76 elementor-widget elementor-widget-image\" data-id=\"25b3a76\" data-element_type=\"widget\" data-widget_type=\"image.default\">\n\t\t\t\t<div class=\"elementor-widget-container\">\n\t\t\t\t\t\t\t\t\t\t\t\t\t\t<a href=\"https:\/\/drive.google.com\/file\/d\/1sicr_Ql0bPh95ikdS4DEgscQB0zOWFI0\/view?usp=sharing\">\n\t\t\t\t\t\t\t<img decoding=\"async\" width=\"744\" height=\"1052\" src=\"https:\/\/oiecinternational.com\/es\/wp-content\/uploads\/sites\/2\/2023\/08\/PF-es.png\" class=\"attachment-full size-full wp-image-4682\" alt=\"\" srcset=\"https:\/\/oiecinternational.com\/es\/wp-content\/uploads\/sites\/2\/2023\/08\/PF-es.png 744w, https:\/\/oiecinternational.com\/es\/wp-content\/uploads\/sites\/2\/2023\/08\/PF-es-212x300.png 212w, https:\/\/oiecinternational.com\/es\/wp-content\/uploads\/sites\/2\/2023\/08\/PF-es-724x1024.png 724w\" sizes=\"(max-width: 744px) 100vw, 744px\" \/>\t\t\t\t\t\t\t\t<\/a>\n\t\t\t\t\t\t\t\t\t\t\t\t\t<\/div>\n\t\t\t\t<\/div>\n\t\t\t\t\t<\/div>\n\t\t<\/div>\n\t\t\t\t\t<\/div>\n\t\t<\/section>\n\t\t\t\t<section class=\"elementor-section elementor-top-section elementor-element elementor-element-f8d4c5e elementor-section-boxed elementor-section-height-default elementor-section-height-default\" data-id=\"f8d4c5e\" data-element_type=\"section\">\n\t\t\t\t\t\t<div class=\"elementor-container elementor-column-gap-default\">\n\t\t\t\t\t<div class=\"elementor-column elementor-col-33 elementor-top-column elementor-element elementor-element-56ef290\" data-id=\"56ef290\" data-element_type=\"column\">\n\t\t\t<div class=\"elementor-widget-wrap elementor-element-populated\">\n\t\t\t\t\t\t<div class=\"elementor-element elementor-element-639ac59 elementor-widget elementor-widget-image\" data-id=\"639ac59\" data-element_type=\"widget\" data-widget_type=\"image.default\">\n\t\t\t\t<div class=\"elementor-widget-container\">\n\t\t\t\t\t\t\t\t\t\t\t\t\t\t<a href=\"https:\/\/drive.google.com\/file\/d\/1VU91-baxpLmFMtBgaNvx10YMjzbB68D3\/view?usp=sharing\">\n\t\t\t\t\t\t\t<img decoding=\"async\" width=\"744\" height=\"1052\" src=\"https:\/\/oiecinternational.com\/es\/wp-content\/uploads\/sites\/2\/2023\/08\/LPF-es.png\" class=\"attachment-full size-full wp-image-4679\" alt=\"\" srcset=\"https:\/\/oiecinternational.com\/es\/wp-content\/uploads\/sites\/2\/2023\/08\/LPF-es.png 744w, https:\/\/oiecinternational.com\/es\/wp-content\/uploads\/sites\/2\/2023\/08\/LPF-es-212x300.png 212w, https:\/\/oiecinternational.com\/es\/wp-content\/uploads\/sites\/2\/2023\/08\/LPF-es-724x1024.png 724w\" sizes=\"(max-width: 744px) 100vw, 744px\" \/>\t\t\t\t\t\t\t\t<\/a>\n\t\t\t\t\t\t\t\t\t\t\t\t\t<\/div>\n\t\t\t\t<\/div>\n\t\t\t\t\t<\/div>\n\t\t<\/div>\n\t\t\t\t<div class=\"elementor-column elementor-col-66 elementor-top-column elementor-element elementor-element-359f140\" data-id=\"359f140\" data-element_type=\"column\">\n\t\t\t<div class=\"elementor-widget-wrap elementor-element-populated\">\n\t\t\t\t\t\t<div class=\"elementor-element elementor-element-d820e11 elementor-widget elementor-widget-text-editor\" data-id=\"d820e11\" data-element_type=\"widget\" data-widget_type=\"text-editor.default\">\n\t\t\t\t<div class=\"elementor-widget-container\">\n\t\t\t\t\t\t\t<h3><span style=\"color: #ff9900;\">LITTLE PLANET FRATERNITY<\/span><\/h3><h4><strong><span style=\"color: #ff9900;\">Un proyecto para ni\u00f1os de 8 a 12 a\u00f1os (niveles de ingl\u00e9s A1-A2)<\/span><\/strong><\/h4><p><span style=\"color: #333333;\">Participar en este nuevo proyecto de Peque\u00f1o Planeta Fraternidad significa sobre todo estar dispuesto a sacudir la forma de pensar y actuar de los alumnos para contribuir a un mundo mejor. Significa cuestionarse constantemente c\u00f3mo llevar la fraternidad a la escuela, a la clase. Significa pensar c\u00f3mo podemos animar a los alumnos a abrirse a los dem\u00e1s, al mundo, para que puedan mostrar empat\u00eda hacia sus compa\u00f1eros y hacia todos los seres humanos.<\/span><\/p><p><span style=\"color: #333333;\">Peque\u00f1o Planeta Fraternidad ofrece a una clase la posibilidad de reunirse con otras dos clases de todo el mundo para trabajar juntos la noci\u00f3n de fraternidad y afrontar retos con un objetivo com\u00fan de solidaridad. Gracias a este m\u00e9todo pedag\u00f3gico, los ni\u00f1os podr\u00e1n desarrollar su capacidad de escucha y de di\u00e1logo, que utilizar\u00e1n de forma pr\u00e1ctica en sus encuentros con los dem\u00e1s.<\/span><\/p><p style=\"text-align: center;\"><span style=\"text-decoration: underline; color: #00ccff;\"><strong><a style=\"color: #00ccff; text-decoration: underline;\" href=\"https:\/\/drive.google.com\/file\/d\/1VU91-baxpLmFMtBgaNvx10YMjzbB68D3\/view?usp=sharing\" target=\"_blank\" rel=\"noopener\" data-wplink-edit=\"true\">Descargar el folleto de presentaci\u00f3n<br \/>del proyecto Little PLANET FRATERNITY<\/a><\/strong><\/span><\/p>\t\t\t\t\t\t<\/div>\n\t\t\t\t<\/div>\n\t\t\t\t\t<\/div>\n\t\t<\/div>\n\t\t\t\t\t<\/div>\n\t\t<\/section>\n\t\t\t\t<section class=\"elementor-section elementor-top-section elementor-element elementor-element-e807b8c elementor-section-boxed elementor-section-height-default elementor-section-height-default\" data-id=\"e807b8c\" data-element_type=\"section\">\n\t\t\t\t\t\t<div class=\"elementor-container elementor-column-gap-default\">\n\t\t\t\t\t<div class=\"elementor-column elementor-col-50 elementor-top-column elementor-element elementor-element-8abf086\" data-id=\"8abf086\" data-element_type=\"column\">\n\t\t\t<div class=\"elementor-widget-wrap elementor-element-populated\">\n\t\t\t\t\t\t<div class=\"elementor-element elementor-element-d6a0276 elementor-widget elementor-widget-text-editor\" data-id=\"d6a0276\" data-element_type=\"widget\" data-widget_type=\"text-editor.default\">\n\t\t\t\t<div class=\"elementor-widget-container\">\n\t\t\t\t\t\t\t<h3>BOLET\u00cdN PLANET FRATERNITY<\/h3><ul><li><h4><strong><span style=\"color: #333333;\">Lea <\/span><\/strong><span style=\"color: #00ccff;\"><a style=\"color: #00ccff; text-decoration: underline; font-weight: bold;\" href=\"http:\/\/oiecinternational.com\/es\/los-polos\/polo-de-proyectos-educativos-y-culturales\/planet-oiec\/boletin-planet-fraternity\/\" target=\"_blank\" rel=\"noopener\">los boletines de Planet Fraternity<\/a><\/span><\/h4><\/li><li><h4><strong><span style=\"color: #333333;\">Visite el sitio web:<\/span><br \/><span style=\"text-decoration: underline;\"><span style=\"color: #00ccff; text-decoration: underline;\"><a style=\"color: #00ccff; text-decoration: underline;\" href=\"https:\/\/planetfraternity.org\/es\/home-espanol\/\" target=\"_blank\" rel=\"noopener\">planetfraternity.org<\/a><\/span><\/span><\/strong><\/h4><\/li><\/ul>\t\t\t\t\t\t<\/div>\n\t\t\t\t<\/div>\n\t\t\t\t\t<\/div>\n\t\t<\/div>\n\t\t\t\t<div class=\"elementor-column elementor-col-50 elementor-top-column elementor-element elementor-element-f601595\" data-id=\"f601595\" data-element_type=\"column\">\n\t\t\t<div class=\"elementor-widget-wrap elementor-element-populated\">\n\t\t\t\t\t\t<div class=\"elementor-element elementor-element-d5862fe elementor-widget elementor-widget-image\" data-id=\"d5862fe\" data-element_type=\"widget\" data-widget_type=\"image.default\">\n\t\t\t\t<div class=\"elementor-widget-container\">\n\t\t\t\t\t\t\t\t\t\t\t\t\t<img loading=\"lazy\" decoding=\"async\" width=\"800\" height=\"616\" src=\"https:\/\/oiecinternational.com\/es\/wp-content\/uploads\/sites\/2\/2023\/08\/newsletter-pf.png\" class=\"attachment-full size-full wp-image-4744\" alt=\"\" srcset=\"https:\/\/oiecinternational.com\/es\/wp-content\/uploads\/sites\/2\/2023\/08\/newsletter-pf.png 800w, https:\/\/oiecinternational.com\/es\/wp-content\/uploads\/sites\/2\/2023\/08\/newsletter-pf-300x231.png 300w, https:\/\/oiecinternational.com\/es\/wp-content\/uploads\/sites\/2\/2023\/08\/newsletter-pf-768x591.png 768w\" sizes=\"(max-width: 800px) 100vw, 800px\" \/>\t\t\t\t\t\t\t\t\t\t\t\t\t<\/div>\n\t\t\t\t<\/div>\n\t\t\t\t\t<\/div>\n\t\t<\/div>\n\t\t\t\t\t<\/div>\n\t\t<\/section>\n\t\t\t\t<\/div>\n\t\t","protected":false},"excerpt":{"rendered":"<p>En septiembre de 2019, el Papa Francisco convoc\u00f3 a representantes de todo el mundo en Roma para sellar un compromiso conjunto para construir un Pacto Educativo Global. Esta propuesta est\u00e1 en l\u00ednea con su magisterio, que encontramos expresado con perseverancia y coherencia en la exhortaci\u00f3n apost\u00f3lica Evangelii gaudium, y en las enc\u00edclicas Laudato si&#8217; y Fratelli tutti. Animados por este&#8230;<\/p>\n","protected":false},"author":1,"featured_media":0,"parent":4667,"menu_order":2,"comment_status":"closed","ping_status":"closed","template":"","meta":{"_eb_attr":"","footnotes":""},"class_list":["post-3195","page","type-page","status-publish","hentry"],"_links":{"self":[{"href":"https:\/\/oiecinternational.com\/es\/wp-json\/wp\/v2\/pages\/3195"}],"collection":[{"href":"https:\/\/oiecinternational.com\/es\/wp-json\/wp\/v2\/pages"}],"about":[{"href":"https:\/\/oiecinternational.com\/es\/wp-json\/wp\/v2\/types\/page"}],"author":[{"embeddable":true,"href":"https:\/\/oiecinternational.com\/es\/wp-json\/wp\/v2\/users\/1"}],"replies":[{"embeddable":true,"href":"https:\/\/oiecinternational.com\/es\/wp-json\/wp\/v2\/comments?post=3195"}],"version-history":[{"count":36,"href":"https:\/\/oiecinternational.com\/es\/wp-json\/wp\/v2\/pages\/3195\/revisions"}],"predecessor-version":[{"id":5527,"href":"https:\/\/oiecinternational.com\/es\/wp-json\/wp\/v2\/pages\/3195\/revisions\/5527"}],"up":[{"embeddable":true,"href":"https:\/\/oiecinternational.com\/es\/wp-json\/wp\/v2\/pages\/4667"}],"wp:attachment":[{"href":"https:\/\/oiecinternational.com\/es\/wp-json\/wp\/v2\/media?parent=3195"}],"curies":[{"name":"wp","href":"https:\/\/api.w.org\/{rel}","templated":true}]}}