{"id":3203,"date":"2020-12-11T08:20:15","date_gmt":"2020-12-11T07:20:15","guid":{"rendered":"http:\/\/jcgqqhj.cluster030.hosting.ovh.net\/es\/?page_id=3203"},"modified":"2023-08-21T08:31:42","modified_gmt":"2023-08-21T06:31:42","slug":"educatio-si-bulletin","status":"publish","type":"page","link":"https:\/\/oiecinternational.com\/es\/recursos\/educatio-si-bulletin\/","title":{"rendered":"EDUCATIO SI BULLETIN"},"content":{"rendered":"\t\t<div data-elementor-type=\"wp-page\" data-elementor-id=\"3203\" class=\"elementor elementor-3203\">\n\t\t\t\t\t\t<section class=\"elementor-section elementor-top-section elementor-element elementor-element-10782dda elementor-section-boxed elementor-section-height-default elementor-section-height-default\" data-id=\"10782dda\" data-element_type=\"section\">\n\t\t\t\t\t\t<div class=\"elementor-container elementor-column-gap-default\">\n\t\t\t\t\t<div class=\"elementor-column elementor-col-100 elementor-top-column elementor-element elementor-element-562045f3\" data-id=\"562045f3\" data-element_type=\"column\">\n\t\t\t<div class=\"elementor-widget-wrap elementor-element-populated\">\n\t\t\t\t\t\t<div class=\"elementor-element elementor-element-19ea846e elementor-widget elementor-widget-text-editor\" data-id=\"19ea846e\" data-element_type=\"widget\" data-widget_type=\"text-editor.default\">\n\t\t\t\t<div class=\"elementor-widget-container\">\n\t\t\t\t\t\t\t<p>El objetivo del Bolet\u00edn es compartir lo m\u00e1s destacado del trabajo relacionado con los temas del Congreso Mundial de OIEC con la comunidad cat\u00f3lica y todos aquellos interesados en lograr el ODS4. El Bolet\u00edn se produce trimestralmente.<\/p><p>Los n\u00fameros publicados est\u00e1n disponibles a continuaci\u00f3n:<\/p><ul><li><a href=\"http:\/\/oiecinternational.com\/es\/wp-content\/uploads\/sites\/2\/2022\/07\/Educatio-Si-Bulletin-Summer-2022.pdf\">Verano 2022<\/a>\u00a0 (N\u00famero 13)<\/li><li><a href=\"http:\/\/oiecinternational.com\/es\/wp-content\/uploads\/sites\/2\/2022\/05\/Educatio-Si-Bulletin-Spring-2022-Final12941.pdf\">Primavera 2022<\/a> (N\u00famero 12)<\/li><li><a href=\"http:\/\/oiecinternational.com\/es\/wp-content\/uploads\/sites\/2\/2022\/03\/Educatio-Si-Bulletin-Winter-2022.pdf\">Invierno 2022<\/a> \u00a0 (N\u00famero 11)<\/li><li><a href=\"http:\/\/oiecinternational.com\/es\/wp-content\/uploads\/sites\/2\/2022\/01\/Educatio-Si-Bulletin-Fall-20219591.pdf\">Oto\u00f1o 2021<\/a> \u00a0 (N\u00famero 10)<\/li><li><a href=\"http:\/\/oiecinternational.com\/es\/wp-content\/uploads\/sites\/2\/2021\/07\/Educatio-Si-Bulletin-Summer-20213518.pdf\">Verano 2021<\/a>\u00a0 (N\u00famero 9)<\/li><li><a href=\"http:\/\/oiecinternational.com\/es\/wp-content\/uploads\/sites\/2\/2021\/04\/Educatio-Si-Bulletin-Spring-20217152.pdf\">Primavera 2021<\/a>\u00a0 (N\u00famero 8)<\/li><li><a href=\"http:\/\/oiecinternational.com\/es\/wp-content\/uploads\/sites\/2\/2021\/01\/Educatio-Si-Bulletin-Winter-2021-1.pdf\">Invierno 2021<\/a>\u00a0(N\u00famero 7)<\/li><li><a href=\"http:\/\/oiecinternational.com\/es\/wp-content\/uploads\/sites\/2\/2020\/10\/Educatio-Si-Bulletin-Fall-2020.pdf\">Oto\u00f1o 2020<\/a>\u00a0 (N\u00famero 6)<\/li><li><a href=\"http:\/\/oiecinternational.com\/es\/wp-content\/uploads\/sites\/2\/2020\/08\/Educatio-Si-Bulletin-Summer-2020.pdf\">Verano 2020<\/a>\u00a0 (N\u00famero 5)<\/li><li><a href=\"http:\/\/oiecinternational.com\/es\/wp-content\/uploads\/sites\/2\/2020\/08\/Educatio-Si-Bulletin-Spring-2020.pdf\">Primavera 2020<\/a>\u00a0 (N\u00famero 4)<\/li><li><a href=\"http:\/\/oiecinternational.com\/es\/wp-content\/uploads\/sites\/2\/2020\/08\/Educatio-Si-Bulletin-Winter-2020.pdf\">Invierno 2020<\/a>\u00a0 (N\u00famero 3)<\/li><li><a href=\"http:\/\/oiecinternational.com\/es\/wp-content\/uploads\/sites\/2\/2020\/08\/Educatio-Si-Bulletin-Fall-2019.pdf\">Oto\u00f1o 2019<\/a>\u00a0 (N\u00famero 2)<\/li><li><a href=\"http:\/\/oiecinternational.com\/es\/wp-content\/uploads\/sites\/2\/2020\/08\/Educatio-Si-Bulletin-Summer-2019.pdf\">Verano 2019<\/a>\u00a0 (N\u00famero 1)<\/li><\/ul><p><em>El Bolet\u00edn Educatio Si tambi\u00e9n se puede adquirir en formato papel por <strong>7 EUR cada uno + gastos de env\u00edo<\/strong>. Para obtener m\u00e1s informaci\u00f3n, p\u00f3ngase en contacto con la oficina de la OIEC (<a href=\"mailto:secretary@oiecinternational.com\">secretary@oiecinternational.com<\/a>).<\/em><\/p>\t\t\t\t\t\t<\/div>\n\t\t\t\t<\/div>\n\t\t\t\t\t<\/div>\n\t\t<\/div>\n\t\t\t\t\t<\/div>\n\t\t<\/section>\n\t\t\t\t<\/div>\n\t\t","protected":false},"excerpt":{"rendered":"<p>El objetivo del Bolet\u00edn es compartir lo m\u00e1s destacado del trabajo relacionado con los temas del Congreso Mundial de OIEC con la comunidad cat\u00f3lica y todos aquellos interesados en lograr el ODS4. El Bolet\u00edn se produce trimestralmente. Los n\u00fameros publicados est\u00e1n disponibles a continuaci\u00f3n: Verano 2022\u00a0 (N\u00famero 13) Primavera 2022 (N\u00famero 12) Invierno 2022 \u00a0 (N\u00famero 11) Oto\u00f1o 2021 \u00a0&#8230;<\/p>\n","protected":false},"author":1,"featured_media":0,"parent":4818,"menu_order":4,"comment_status":"closed","ping_status":"closed","template":"","meta":{"_eb_attr":"","footnotes":""},"class_list":["post-3203","page","type-page","status-publish","hentry"],"_links":{"self":[{"href":"https:\/\/oiecinternational.com\/es\/wp-json\/wp\/v2\/pages\/3203"}],"collection":[{"href":"https:\/\/oiecinternational.com\/es\/wp-json\/wp\/v2\/pages"}],"about":[{"href":"https:\/\/oiecinternational.com\/es\/wp-json\/wp\/v2\/types\/page"}],"author":[{"embeddable":true,"href":"https:\/\/oiecinternational.com\/es\/wp-json\/wp\/v2\/users\/1"}],"replies":[{"embeddable":true,"href":"https:\/\/oiecinternational.com\/es\/wp-json\/wp\/v2\/comments?post=3203"}],"version-history":[{"count":15,"href":"https:\/\/oiecinternational.com\/es\/wp-json\/wp\/v2\/pages\/3203\/revisions"}],"predecessor-version":[{"id":4852,"href":"https:\/\/oiecinternational.com\/es\/wp-json\/wp\/v2\/pages\/3203\/revisions\/4852"}],"up":[{"embeddable":true,"href":"https:\/\/oiecinternational.com\/es\/wp-json\/wp\/v2\/pages\/4818"}],"wp:attachment":[{"href":"https:\/\/oiecinternational.com\/es\/wp-json\/wp\/v2\/media?parent=3203"}],"curies":[{"name":"wp","href":"https:\/\/api.w.org\/{rel}","templated":true}]}}