{"id":3893,"date":"2022-02-15T15:06:51","date_gmt":"2022-02-15T14:06:51","guid":{"rendered":"http:\/\/jcgqqhj.cluster030.hosting.ovh.net\/es\/?page_id=3893"},"modified":"2023-08-21T08:26:39","modified_gmt":"2023-08-21T06:26:39","slug":"informe-global-sobre-el-desarrollo-humano-integral","status":"publish","type":"page","link":"https:\/\/oiecinternational.com\/es\/recursos\/informe-global-sobre-el-desarrollo-humano-integral\/","title":{"rendered":"Informe global sobre el desarrollo humano integral"},"content":{"rendered":"\t\t<div data-elementor-type=\"wp-page\" data-elementor-id=\"3893\" class=\"elementor elementor-3893\">\n\t\t\t\t\t\t<section class=\"elementor-section elementor-top-section elementor-element elementor-element-0654f09 elementor-section-boxed elementor-section-height-default elementor-section-height-default\" data-id=\"0654f09\" data-element_type=\"section\">\n\t\t\t\t\t\t<div class=\"elementor-container elementor-column-gap-default\">\n\t\t\t\t\t<div class=\"elementor-column elementor-col-100 elementor-top-column elementor-element elementor-element-40937ca\" data-id=\"40937ca\" data-element_type=\"column\">\n\t\t\t<div class=\"elementor-widget-wrap elementor-element-populated\">\n\t\t\t\t\t\t<div class=\"elementor-element elementor-element-2dd01cd elementor-widget elementor-widget-text-editor\" data-id=\"2dd01cd\" data-element_type=\"widget\" data-widget_type=\"text-editor.default\">\n\t\t\t\t<div class=\"elementor-widget-container\">\n\t\t\t\t\t\t\t<h4 class=\"font_5\"><span style=\"color: #999999;\"><strong><span class=\"color_30\">Fr\u00e9quence pr\u00e9vue : Tous les 2-3 ans<\/span><\/strong><\/span><\/h4><div><span style=\"color: #999999;\"><strong><span class=\"color_30\">\u00a0<\/span><\/strong><\/span><\/div><blockquote><h4 style=\"letter-spacing: normal; text-transform: none;\">Como primer hito de una serie dedicada al desarrollo humano integral se public\u00f3 recientemente el <strong><em>Informe Mundial sobre Desarrollo Humano Integral 2022 &#8211; Medir las contribuciones de las organizaciones cat\u00f3licas y otras organizaciones confesionales a la educaci\u00f3n, la asistencia sanitaria y la protecci\u00f3n social.<\/em><\/strong><\/h4><\/blockquote><h4><span style=\"color: #333333;\">La iniciativa naci\u00f3 principalmente con el objetivo de dar a conocer en el seno de la comunidad internacional las experiencias y el papel de las organizaciones confesionales en la contribuci\u00f3n al desarrollo humano integral y de aportar a los educadores religiosos y a todos los interesados en los conocimientos y la experiencia integrales de la comunidad internacional en materia de desarrollo humano.<\/span><\/h4><h4><br \/><span style=\"color: #333333;\">Los informes ser\u00e1n producto del proyecto Global Catholic Education, dirigido por voluntarios y copatrocinado por las cuatro organizaciones internacionales que federan la educaci\u00f3n cat\u00f3lica a nivel mundial, a saber:<\/span><\/h4><ul><li>la <strong>Oficina Internacional de la Educaci\u00f3n Cat\u00f3lica (OIEC)<\/strong> para la educaci\u00f3n preescolar, primaria y secundaria,<\/li><li>la <strong>Federaci\u00f3n Internacional de Universidades Cat\u00f3licas<\/strong> <strong>(IFCU)<\/strong> para las Universidades,<\/li><li>la <strong>Organizaci\u00f3n Mundial de Antiguos Estudiantes de la Educaci\u00f3n Cat\u00f3lica (OMAEC)<\/strong> para ex alumnos,<\/li><li>y la <strong>Uni\u00f3n Mundial de Docentes Cat\u00f3licos<\/strong> <strong>(UMEC-WUCT)<\/strong> para los docentes,<\/li><li>as\u00ed como la <strong>Oficina Internacional de la Infancia Cat\u00f3lica (BICE).<\/strong><\/li><\/ul>\t\t\t\t\t\t<\/div>\n\t\t\t\t<\/div>\n\t\t\t\t\t<\/div>\n\t\t<\/div>\n\t\t\t\t\t<\/div>\n\t\t<\/section>\n\t\t\t\t<section class=\"elementor-section elementor-top-section elementor-element elementor-element-a765e08 elementor-section-boxed elementor-section-height-default elementor-section-height-default\" data-id=\"a765e08\" data-element_type=\"section\">\n\t\t\t\t\t\t<div class=\"elementor-container elementor-column-gap-default\">\n\t\t\t\t\t<div class=\"elementor-column elementor-col-50 elementor-top-column elementor-element elementor-element-f172973\" data-id=\"f172973\" data-element_type=\"column\">\n\t\t\t<div class=\"elementor-widget-wrap elementor-element-populated\">\n\t\t\t\t\t\t<div class=\"elementor-element elementor-element-e4e3236 elementor-widget elementor-widget-text-editor\" data-id=\"e4e3236\" data-element_type=\"widget\" data-widget_type=\"text-editor.default\">\n\t\t\t\t<div class=\"elementor-widget-container\">\n\t\t\t\t\t\t\t<h5>\u00a0<\/h5><h3 class=\"font_5\">Informe 2002<\/h3><ul><li><span style=\"color: #808080;\"><span style=\"color: #808080;\"><a style=\"color: #808080;\" href=\"https:\/\/drive.google.com\/file\/d\/1gvFbGkEfGq_AR4AvthC6PcV1CbCZ_EoR\/view?usp=share_link\" target=\"_blank\" rel=\"noopener\"><strong>IHD 2022 Informe final:<\/strong>\u00a0Measuring the Contributions of Catholic and Other Faith-based Organizations to Education, Healthcare and Social Protection<\/a><\/span><\/span><p>\u00a0<\/p><\/li><li><span style=\"color: #808080;\"><span style=\"color: #808080;\"><strong><a style=\"color: #808080;\" href=\"http:\/\/oiecinternational.com\/fr\/wp-content\/uploads\/sites\/3\/2022\/02\/IHD-Report-2022-Messages-FR10197.pdf\">IHD Informe 2022 S\u00edntesis<\/a><\/strong><\/span><\/span><p>\u00a0<\/p><\/li><li><span style=\"color: #808080;\"><span style=\"color: #808080;\"><strong><a style=\"color: #808080;\" href=\"http:\/\/oiecinternational.com\/fr\/wp-content\/uploads\/sites\/3\/2022\/02\/IHD-2022-Final-Executive-summary.pdf\">IHD 2022 resumen ejecutivo<\/a><\/strong>(en anglais)<\/span><\/span><p>\u00a0<\/p><\/li><li><span style=\"color: #808080;\"><a style=\"color: #808080;\" href=\"https:\/\/www.youtube.com\/watch?v=VNzNXu01ihA\"><strong>Webinaire Promoting Integral Human Development:<\/strong> Challenges and Opportunities for Catholic Organizations<\/a><\/span><\/li><\/ul>\t\t\t\t\t\t<\/div>\n\t\t\t\t<\/div>\n\t\t\t\t\t<\/div>\n\t\t<\/div>\n\t\t\t\t<div class=\"elementor-column elementor-col-50 elementor-top-column elementor-element elementor-element-32341e4\" data-id=\"32341e4\" data-element_type=\"column\">\n\t\t\t<div class=\"elementor-widget-wrap elementor-element-populated\">\n\t\t\t\t\t\t<div class=\"elementor-element elementor-element-274899e elementor-widget elementor-widget-image\" data-id=\"274899e\" data-element_type=\"widget\" data-widget_type=\"image.default\">\n\t\t\t\t<div class=\"elementor-widget-container\">\n\t\t\t\t\t\t\t\t\t\t\t\t\t<img fetchpriority=\"high\" decoding=\"async\" width=\"535\" height=\"696\" src=\"https:\/\/oiecinternational.com\/es\/wp-content\/uploads\/sites\/2\/2023\/08\/IHD-2022-Final.png\" class=\"attachment-large size-large wp-image-4846\" alt=\"\" srcset=\"https:\/\/oiecinternational.com\/es\/wp-content\/uploads\/sites\/2\/2023\/08\/IHD-2022-Final.png 535w, https:\/\/oiecinternational.com\/es\/wp-content\/uploads\/sites\/2\/2023\/08\/IHD-2022-Final-231x300.png 231w\" sizes=\"(max-width: 535px) 100vw, 535px\" \/>\t\t\t\t\t\t\t\t\t\t\t\t\t<\/div>\n\t\t\t\t<\/div>\n\t\t\t\t\t<\/div>\n\t\t<\/div>\n\t\t\t\t\t<\/div>\n\t\t<\/section>\n\t\t\t\t<\/div>\n\t\t","protected":false},"excerpt":{"rendered":"<p>Fr\u00e9quence pr\u00e9vue : Tous les 2-3 ans \u00a0 Como primer hito de una serie dedicada al desarrollo humano integral se public\u00f3 recientemente el Informe Mundial sobre Desarrollo Humano Integral 2022 &#8211; Medir las contribuciones de las organizaciones cat\u00f3licas y otras organizaciones confesionales a la educaci\u00f3n, la asistencia sanitaria y la protecci\u00f3n social. La iniciativa naci\u00f3 principalmente con el objetivo de&#8230;<\/p>\n","protected":false},"author":1,"featured_media":0,"parent":4818,"menu_order":3,"comment_status":"closed","ping_status":"closed","template":"","meta":{"_eb_attr":"","footnotes":""},"class_list":["post-3893","page","type-page","status-publish","hentry"],"_links":{"self":[{"href":"https:\/\/oiecinternational.com\/es\/wp-json\/wp\/v2\/pages\/3893"}],"collection":[{"href":"https:\/\/oiecinternational.com\/es\/wp-json\/wp\/v2\/pages"}],"about":[{"href":"https:\/\/oiecinternational.com\/es\/wp-json\/wp\/v2\/types\/page"}],"author":[{"embeddable":true,"href":"https:\/\/oiecinternational.com\/es\/wp-json\/wp\/v2\/users\/1"}],"replies":[{"embeddable":true,"href":"https:\/\/oiecinternational.com\/es\/wp-json\/wp\/v2\/comments?post=3893"}],"version-history":[{"count":7,"href":"https:\/\/oiecinternational.com\/es\/wp-json\/wp\/v2\/pages\/3893\/revisions"}],"predecessor-version":[{"id":4849,"href":"https:\/\/oiecinternational.com\/es\/wp-json\/wp\/v2\/pages\/3893\/revisions\/4849"}],"up":[{"embeddable":true,"href":"https:\/\/oiecinternational.com\/es\/wp-json\/wp\/v2\/pages\/4818"}],"wp:attachment":[{"href":"https:\/\/oiecinternational.com\/es\/wp-json\/wp\/v2\/media?parent=3893"}],"curies":[{"name":"wp","href":"https:\/\/api.w.org\/{rel}","templated":true}]}}