{"id":4306,"date":"2023-02-21T15:48:55","date_gmt":"2023-02-21T14:48:55","guid":{"rendered":"http:\/\/jcgqqhj.cluster030.hosting.ovh.net\/es\/?page_id=4306"},"modified":"2023-08-18T08:58:01","modified_gmt":"2023-08-18T06:58:01","slug":"quienes-somos","status":"publish","type":"page","link":"https:\/\/oiecinternational.com\/es\/oiec\/quienes-somos\/","title":{"rendered":"\u00bfQui\u00e9nes somos?"},"content":{"rendered":"\t\t<div data-elementor-type=\"wp-page\" data-elementor-id=\"4306\" class=\"elementor elementor-4306\">\n\t\t\t\t\t\t<section class=\"elementor-section elementor-top-section elementor-element elementor-element-52b8de7 elementor-section-boxed elementor-section-height-default elementor-section-height-default\" data-id=\"52b8de7\" data-element_type=\"section\">\n\t\t\t\t\t\t<div class=\"elementor-container elementor-column-gap-default\">\n\t\t\t\t\t<div class=\"elementor-column elementor-col-100 elementor-top-column elementor-element elementor-element-72dc013\" data-id=\"72dc013\" data-element_type=\"column\">\n\t\t\t<div class=\"elementor-widget-wrap elementor-element-populated\">\n\t\t\t\t\t\t<div class=\"elementor-element elementor-element-4d7efc3 elementor-invisible elementor-widget elementor-widget-image\" data-id=\"4d7efc3\" data-element_type=\"widget\" data-settings=\"{&quot;_animation&quot;:&quot;zoomIn&quot;}\" data-widget_type=\"image.default\">\n\t\t\t\t<div class=\"elementor-widget-container\">\n\t\t\t\t\t\t\t\t\t\t\t\t\t<img fetchpriority=\"high\" decoding=\"async\" width=\"640\" height=\"360\" src=\"https:\/\/oiecinternational.com\/es\/wp-content\/uploads\/sites\/2\/2023\/02\/AdobeStock_73645141-2-1-1024x576.jpeg\" class=\"attachment-large size-large wp-image-4308\" alt=\"\" srcset=\"https:\/\/oiecinternational.com\/es\/wp-content\/uploads\/sites\/2\/2023\/02\/AdobeStock_73645141-2-1-1024x576.jpeg 1024w, https:\/\/oiecinternational.com\/es\/wp-content\/uploads\/sites\/2\/2023\/02\/AdobeStock_73645141-2-1-300x169.jpeg 300w, https:\/\/oiecinternational.com\/es\/wp-content\/uploads\/sites\/2\/2023\/02\/AdobeStock_73645141-2-1-768x432.jpeg 768w, https:\/\/oiecinternational.com\/es\/wp-content\/uploads\/sites\/2\/2023\/02\/AdobeStock_73645141-2-1-1536x864.jpeg 1536w, https:\/\/oiecinternational.com\/es\/wp-content\/uploads\/sites\/2\/2023\/02\/AdobeStock_73645141-2-1-2048x1152.jpeg 2048w\" sizes=\"(max-width: 640px) 100vw, 640px\" \/>\t\t\t\t\t\t\t\t\t\t\t\t\t<\/div>\n\t\t\t\t<\/div>\n\t\t\t\t\t<\/div>\n\t\t<\/div>\n\t\t\t\t\t<\/div>\n\t\t<\/section>\n\t\t\t\t<section class=\"elementor-section elementor-top-section elementor-element elementor-element-2680d98 elementor-section-boxed elementor-section-height-default elementor-section-height-default\" data-id=\"2680d98\" data-element_type=\"section\">\n\t\t\t\t\t\t<div class=\"elementor-container elementor-column-gap-default\">\n\t\t\t\t\t<div class=\"elementor-column elementor-col-100 elementor-top-column elementor-element elementor-element-4085bde\" data-id=\"4085bde\" data-element_type=\"column\">\n\t\t\t<div class=\"elementor-widget-wrap elementor-element-populated\">\n\t\t\t\t\t\t<div class=\"elementor-element elementor-element-d0c0802 elementor-widget elementor-widget-heading\" data-id=\"d0c0802\" data-element_type=\"widget\" data-widget_type=\"heading.default\">\n\t\t\t\t<div class=\"elementor-widget-container\">\n\t\t\t<h2 class=\"elementor-heading-title elementor-size-default\">\u00bfQu\u00e9 es la OIEC?<\/h2>\t\t<\/div>\n\t\t\t\t<\/div>\n\t\t\t\t\t<\/div>\n\t\t<\/div>\n\t\t\t\t\t<\/div>\n\t\t<\/section>\n\t\t\t\t<section class=\"elementor-section elementor-top-section elementor-element elementor-element-59ac5a3 elementor-section-boxed elementor-section-height-default elementor-section-height-default\" data-id=\"59ac5a3\" data-element_type=\"section\" data-settings=\"{&quot;background_background&quot;:&quot;classic&quot;}\">\n\t\t\t\t\t\t<div class=\"elementor-container elementor-column-gap-default\">\n\t\t\t\t\t<div class=\"elementor-column elementor-col-66 elementor-top-column elementor-element elementor-element-22e9fd4\" data-id=\"22e9fd4\" data-element_type=\"column\">\n\t\t\t<div class=\"elementor-widget-wrap elementor-element-populated\">\n\t\t\t\t\t\t<div class=\"elementor-element elementor-element-5cd4f64 elementor-widget elementor-widget-text-editor\" data-id=\"5cd4f64\" data-element_type=\"widget\" data-widget_type=\"text-editor.default\">\n\t\t\t\t<div class=\"elementor-widget-container\">\n\t\t\t\t\t\t\t<blockquote><h4 style=\"letter-spacing: normal; text-transform: none;\"><strong>La OIEC (Oficina Internacional de la Educaci\u00f3n Cat\u00f3lica)\u00a0<span style=\"color: #333333;\">ha sido reconocida como organizaci\u00f3n cat\u00f3lica internacional por la Santa Sede. Trabaja en estrecha colaboraci\u00f3n con el dicasterio para la cultura y la educaci\u00f3n cat\u00f3lica (Vaticano). Est\u00e1 reconocida como entidad consultiva por las Naciones Unidas (ECOSOC, Ginebra y Nueva York), la UNESCO y el Consejo de Europa.<\/span><\/strong><\/h4><p><strong>Descargue nuestro folleto de presentaci\u00f3n:\u00a0<\/strong><\/p><ul><li><a href=\"https:\/\/drive.google.com\/file\/d\/19x-ci2JMYMSL74C8B7ttc6C05Bz0I35b\/view?usp=sharing\">Versi\u00f3n francesa<\/a><\/li><li><a href=\"https:\/\/drive.google.com\/file\/d\/1qPix3gBVOs8xRqi47u-w86aJgvwK2h7B\/view?usp=sharing\">Versi\u00f3n inglesa<\/a><\/li><li><a href=\"https:\/\/drive.google.com\/file\/d\/1FbNZoxishFfGjv-DxgzHiB4Ik79M0v0M\/view?usp=sharing\" data-wplink-edit=\"true\">Versi\u00f3n espa\u00f1ola<\/a><\/li><\/ul><\/blockquote>\t\t\t\t\t\t<\/div>\n\t\t\t\t<\/div>\n\t\t\t\t\t<\/div>\n\t\t<\/div>\n\t\t\t\t<div class=\"elementor-column elementor-col-33 elementor-top-column elementor-element elementor-element-1f70fac\" data-id=\"1f70fac\" data-element_type=\"column\">\n\t\t\t<div class=\"elementor-widget-wrap elementor-element-populated\">\n\t\t\t\t\t\t<div class=\"elementor-element elementor-element-6311064 elementor-widget elementor-widget-image\" data-id=\"6311064\" data-element_type=\"widget\" data-widget_type=\"image.default\">\n\t\t\t\t<div class=\"elementor-widget-container\">\n\t\t\t\t\t\t\t\t\t\t\t\t\t\t<a href=\"https:\/\/drive.google.com\/file\/d\/1FbNZoxishFfGjv-DxgzHiB4Ik79M0v0M\/view?usp=sharing\" target=\"_blank\">\n\t\t\t\t\t\t\t<img decoding=\"async\" width=\"212\" height=\"300\" src=\"https:\/\/oiecinternational.com\/es\/wp-content\/uploads\/sites\/2\/2023\/08\/Livret-de-presentation-ES-212x300.png\" class=\"attachment-medium size-medium wp-image-4532\" alt=\"\" srcset=\"https:\/\/oiecinternational.com\/es\/wp-content\/uploads\/sites\/2\/2023\/08\/Livret-de-presentation-ES-212x300.png 212w, https:\/\/oiecinternational.com\/es\/wp-content\/uploads\/sites\/2\/2023\/08\/Livret-de-presentation-ES-724x1024.png 724w, https:\/\/oiecinternational.com\/es\/wp-content\/uploads\/sites\/2\/2023\/08\/Livret-de-presentation-ES-768x1086.png 768w, https:\/\/oiecinternational.com\/es\/wp-content\/uploads\/sites\/2\/2023\/08\/Livret-de-presentation-ES-1086x1536.png 1086w, https:\/\/oiecinternational.com\/es\/wp-content\/uploads\/sites\/2\/2023\/08\/Livret-de-presentation-ES-1448x2048.png 1448w, https:\/\/oiecinternational.com\/es\/wp-content\/uploads\/sites\/2\/2023\/08\/Livret-de-presentation-ES.png 1488w\" sizes=\"(max-width: 212px) 100vw, 212px\" \/>\t\t\t\t\t\t\t\t<\/a>\n\t\t\t\t\t\t\t\t\t\t\t\t\t<\/div>\n\t\t\t\t<\/div>\n\t\t\t\t\t<\/div>\n\t\t<\/div>\n\t\t\t\t\t<\/div>\n\t\t<\/section>\n\t\t\t\t<section class=\"elementor-section elementor-top-section elementor-element elementor-element-1f1eca5 elementor-section-boxed elementor-section-height-default elementor-section-height-default\" data-id=\"1f1eca5\" data-element_type=\"section\">\n\t\t\t\t\t\t<div class=\"elementor-container elementor-column-gap-default\">\n\t\t\t\t\t<div class=\"elementor-column elementor-col-100 elementor-top-column elementor-element elementor-element-9e66166\" data-id=\"9e66166\" data-element_type=\"column\">\n\t\t\t<div class=\"elementor-widget-wrap elementor-element-populated\">\n\t\t\t\t\t\t<div class=\"elementor-element elementor-element-3d5beb6 elementor-widget elementor-widget-heading\" data-id=\"3d5beb6\" data-element_type=\"widget\" data-widget_type=\"heading.default\">\n\t\t\t\t<div class=\"elementor-widget-container\">\n\t\t\t<h2 class=\"elementor-heading-title elementor-size-default\"><h3><span style=\"color: #59d46f\">La OIEC es una organizaci\u00f3n internacional \nCat\u00f3lica con los siguientes objetivos:<\/span><\/h3><\/h2>\t\t<\/div>\n\t\t\t\t<\/div>\n\t\t\t\t\t<\/div>\n\t\t<\/div>\n\t\t\t\t\t<\/div>\n\t\t<\/section>\n\t\t\t\t<section class=\"elementor-section elementor-top-section elementor-element elementor-element-12e16a3 elementor-section-boxed elementor-section-height-default elementor-section-height-default\" data-id=\"12e16a3\" data-element_type=\"section\">\n\t\t\t\t\t\t<div class=\"elementor-container elementor-column-gap-default\">\n\t\t\t\t\t<div class=\"elementor-column elementor-col-100 elementor-top-column elementor-element elementor-element-a864f45\" data-id=\"a864f45\" data-element_type=\"column\">\n\t\t\t<div class=\"elementor-widget-wrap elementor-element-populated\">\n\t\t\t\t\t\t<section class=\"elementor-section elementor-inner-section elementor-element elementor-element-c9441b4 elementor-section-boxed elementor-section-height-default elementor-section-height-default\" data-id=\"c9441b4\" data-element_type=\"section\">\n\t\t\t\t\t\t<div class=\"elementor-container elementor-column-gap-default\">\n\t\t\t\t\t<div class=\"elementor-column elementor-col-50 elementor-inner-column elementor-element elementor-element-c1ce6ab\" data-id=\"c1ce6ab\" data-element_type=\"column\">\n\t\t\t<div class=\"elementor-widget-wrap elementor-element-populated\">\n\t\t\t\t\t\t<div class=\"elementor-element elementor-element-b2bc0a9 elementor-widget elementor-widget-text-editor\" data-id=\"b2bc0a9\" data-element_type=\"widget\" data-widget_type=\"text-editor.default\">\n\t\t\t\t<div class=\"elementor-widget-container\">\n\t\t\t\t\t\t\t<ul><li><strong>Participar en la misi\u00f3n de la Iglesia promoviendo en el mundo un proyecto educativo de inspiraci\u00f3n cat\u00f3lica;<\/strong><\/li><li><strong>Promover investigaciones sobre la aportaci\u00f3n espec\u00edfica de la Escuela Cat\u00f3lica en el campo educativo<\/strong> y sobre la adaptaci\u00f3n de la escuela a las necesidades, realidades y aspiraciones de su entorno;<\/li><li><strong>Promover la creaci\u00f3n, en las instituciones escolares y educativas, de \u00abcomunidades educativas\u00bb<\/strong> en las que todos los socios trabajen de manera solidaria y responsable en el progreso escolar educativo y cultural, as\u00ed como en el desarrollo del esp\u00edritu evang\u00e9lico, prestando especial atenci\u00f3n a los m\u00e1s desfavorecidos y acogiendo, respetando las conciencias, a todos los que conf\u00edan en esta escuela;<\/li><li><strong>Crear y desarrollar v\u00ednculos de ayuda mutua y de solidaridad activa y responsable entre los miembros;<\/strong><\/li><\/ul>\t\t\t\t\t\t<\/div>\n\t\t\t\t<\/div>\n\t\t\t\t\t<\/div>\n\t\t<\/div>\n\t\t\t\t<div class=\"elementor-column elementor-col-50 elementor-inner-column elementor-element elementor-element-6d2aa17\" data-id=\"6d2aa17\" data-element_type=\"column\">\n\t\t\t<div class=\"elementor-widget-wrap elementor-element-populated\">\n\t\t\t\t\t\t<div class=\"elementor-element elementor-element-d2b187c elementor-widget elementor-widget-text-editor\" data-id=\"d2b187c\" data-element_type=\"widget\" data-widget_type=\"text-editor.default\">\n\t\t\t\t<div class=\"elementor-widget-container\">\n\t\t\t\t\t\t\t<ul><li><strong>Servir a la red de intercambios entre sus miembros<\/strong>, para su informaci\u00f3n mutua y la informaci\u00f3n de los dem\u00e1s educadores, gracias al desarrollo de la comunicaci\u00f3n;<\/li><li><strong>Colaborar con los organismos de la Iglesia universal,<\/strong> con las Conferencias episcopales y con otras organizaciones cat\u00f3licas internacionales de educaci\u00f3n;<\/li><li><strong>Garantizar una representaci\u00f3n de la Educaci\u00f3nCat\u00f3lica ante foros internacionales<\/strong>, en particular los que se ocupan de la educaci\u00f3n;<\/li><li><strong>Defender y promover el ejercicio efectivo de la libertad de educaci\u00f3n<\/strong>, conforme a la justicia distributiva, y favorecer relaciones de reconocimiento mutuo y de asociaci\u00f3n entre la Educaci\u00f3n Cat\u00f3lica y los pa\u00edses en los que est\u00e1 presente.<\/li><\/ul>\t\t\t\t\t\t<\/div>\n\t\t\t\t<\/div>\n\t\t\t\t\t<\/div>\n\t\t<\/div>\n\t\t\t\t\t<\/div>\n\t\t<\/section>\n\t\t\t\t\t<\/div>\n\t\t<\/div>\n\t\t\t\t\t<\/div>\n\t\t<\/section>\n\t\t\t\t<section class=\"elementor-section elementor-top-section elementor-element elementor-element-2169b7e elementor-section-boxed elementor-section-height-default elementor-section-height-default\" data-id=\"2169b7e\" data-element_type=\"section\">\n\t\t\t\t\t\t<div class=\"elementor-container elementor-column-gap-default\">\n\t\t\t\t\t<div class=\"elementor-column elementor-col-100 elementor-top-column elementor-element elementor-element-289aa03\" data-id=\"289aa03\" data-element_type=\"column\">\n\t\t\t<div class=\"elementor-widget-wrap elementor-element-populated\">\n\t\t\t\t\t\t<div class=\"elementor-element elementor-element-a8d738a elementor-widget-divider--view-line elementor-widget elementor-widget-divider\" data-id=\"a8d738a\" data-element_type=\"widget\" data-widget_type=\"divider.default\">\n\t\t\t\t<div class=\"elementor-widget-container\">\n\t\t\t\t\t<div class=\"elementor-divider\">\n\t\t\t<span class=\"elementor-divider-separator\">\n\t\t\t\t\t\t<\/span>\n\t\t<\/div>\n\t\t\t\t<\/div>\n\t\t\t\t<\/div>\n\t\t\t\t\t<\/div>\n\t\t<\/div>\n\t\t\t\t\t<\/div>\n\t\t<\/section>\n\t\t\t\t<section class=\"elementor-section elementor-top-section elementor-element elementor-element-6b028df elementor-section-boxed elementor-section-height-default elementor-section-height-default\" data-id=\"6b028df\" data-element_type=\"section\">\n\t\t\t\t\t\t<div class=\"elementor-container elementor-column-gap-default\">\n\t\t\t\t\t<div class=\"elementor-column elementor-col-100 elementor-top-column elementor-element elementor-element-6463e94\" data-id=\"6463e94\" data-element_type=\"column\">\n\t\t\t<div class=\"elementor-widget-wrap elementor-element-populated\">\n\t\t\t\t\t\t<div class=\"elementor-element elementor-element-eeec3d7 elementor-widget elementor-widget-heading\" data-id=\"eeec3d7\" data-element_type=\"widget\" data-widget_type=\"heading.default\">\n\t\t\t\t<div class=\"elementor-widget-container\">\n\t\t\t<h2 class=\"elementor-heading-title elementor-size-default\">Estatutos<\/h2>\t\t<\/div>\n\t\t\t\t<\/div>\n\t\t\t\t\t<\/div>\n\t\t<\/div>\n\t\t\t\t\t<\/div>\n\t\t<\/section>\n\t\t\t\t<section class=\"elementor-section elementor-top-section elementor-element elementor-element-33fe6e2 elementor-section-boxed elementor-section-height-default elementor-section-height-default\" data-id=\"33fe6e2\" data-element_type=\"section\">\n\t\t\t\t\t\t<div class=\"elementor-container elementor-column-gap-default\">\n\t\t\t\t\t<div class=\"elementor-column elementor-col-100 elementor-top-column elementor-element elementor-element-56f3f31\" data-id=\"56f3f31\" data-element_type=\"column\">\n\t\t\t<div class=\"elementor-widget-wrap elementor-element-populated\">\n\t\t\t\t\t\t<div class=\"elementor-element elementor-element-c3bcdba elementor-widget elementor-widget-accordion\" data-id=\"c3bcdba\" data-element_type=\"widget\" data-widget_type=\"accordion.default\">\n\t\t\t\t<div class=\"elementor-widget-container\">\n\t\t\t\t\t<div class=\"elementor-accordion\">\n\t\t\t\t\t\t\t<div class=\"elementor-accordion-item\">\n\t\t\t\t\t<div id=\"elementor-tab-title-2051\" class=\"elementor-tab-title\" data-tab=\"1\" role=\"button\" aria-controls=\"elementor-tab-content-2051\" aria-expanded=\"false\">\n\t\t\t\t\t\t\t\t\t\t\t\t\t<span class=\"elementor-accordion-icon elementor-accordion-icon-left\" aria-hidden=\"true\">\n\t\t\t\t\t\t\t\t\t\t\t\t\t\t\t<span class=\"elementor-accordion-icon-closed\"><i class=\"fas fa-plus\"><\/i><\/span>\n\t\t\t\t\t\t\t\t<span class=\"elementor-accordion-icon-opened\"><i class=\"fas fa-minus\"><\/i><\/span>\n\t\t\t\t\t\t\t\t\t\t\t\t\t\t<\/span>\n\t\t\t\t\t\t\t\t\t\t\t\t<a class=\"elementor-accordion-title\" tabindex=\"0\">2022<\/a>\n\t\t\t\t\t<\/div>\n\t\t\t\t\t<div id=\"elementor-tab-content-2051\" class=\"elementor-tab-content elementor-clearfix\" data-tab=\"1\" role=\"region\" aria-labelledby=\"elementor-tab-title-2051\"><h4><strong><a href=\"http:\/\/oiecinternational.com\/es\/wp-content\/uploads\/sites\/2\/2023\/02\/OIEC-FINAL-draft-Statutes-ESP-13.6.22-clean.pdf\" target=\"_blank\" rel=\"noopener\">OIEC Estatuto 2022<\/a><\/strong><\/h4><\/div>\n\t\t\t\t<\/div>\n\t\t\t\t\t\t\t<div class=\"elementor-accordion-item\">\n\t\t\t\t\t<div id=\"elementor-tab-title-2052\" class=\"elementor-tab-title\" data-tab=\"2\" role=\"button\" aria-controls=\"elementor-tab-content-2052\" aria-expanded=\"false\">\n\t\t\t\t\t\t\t\t\t\t\t\t\t<span class=\"elementor-accordion-icon elementor-accordion-icon-left\" aria-hidden=\"true\">\n\t\t\t\t\t\t\t\t\t\t\t\t\t\t\t<span class=\"elementor-accordion-icon-closed\"><i class=\"fas fa-plus\"><\/i><\/span>\n\t\t\t\t\t\t\t\t<span class=\"elementor-accordion-icon-opened\"><i class=\"fas fa-minus\"><\/i><\/span>\n\t\t\t\t\t\t\t\t\t\t\t\t\t\t<\/span>\n\t\t\t\t\t\t\t\t\t\t\t\t<a class=\"elementor-accordion-title\" tabindex=\"0\">2007<\/a>\n\t\t\t\t\t<\/div>\n\t\t\t\t\t<div id=\"elementor-tab-content-2052\" class=\"elementor-tab-content elementor-clearfix\" data-tab=\"2\" role=\"region\" aria-labelledby=\"elementor-tab-title-2052\"><h4><strong><a href=\"http:\/\/oiecinternational.com\/es\/wp-content\/uploads\/sites\/2\/2023\/02\/OIEC-statuts-2007-ES.pdf\" target=\"_blank\" rel=\"noopener\">OIEC Estatuto 2007<\/a><\/strong><\/h4><\/div>\n\t\t\t\t<\/div>\n\t\t\t\t\t\t\t<div class=\"elementor-accordion-item\">\n\t\t\t\t\t<div id=\"elementor-tab-title-2053\" class=\"elementor-tab-title\" data-tab=\"3\" role=\"button\" aria-controls=\"elementor-tab-content-2053\" aria-expanded=\"false\">\n\t\t\t\t\t\t\t\t\t\t\t\t\t<span class=\"elementor-accordion-icon elementor-accordion-icon-left\" aria-hidden=\"true\">\n\t\t\t\t\t\t\t\t\t\t\t\t\t\t\t<span class=\"elementor-accordion-icon-closed\"><i class=\"fas fa-plus\"><\/i><\/span>\n\t\t\t\t\t\t\t\t<span class=\"elementor-accordion-icon-opened\"><i class=\"fas fa-minus\"><\/i><\/span>\n\t\t\t\t\t\t\t\t\t\t\t\t\t\t<\/span>\n\t\t\t\t\t\t\t\t\t\t\t\t<a class=\"elementor-accordion-title\" tabindex=\"0\">1994<\/a>\n\t\t\t\t\t<\/div>\n\t\t\t\t\t<div id=\"elementor-tab-content-2053\" class=\"elementor-tab-content elementor-clearfix\" data-tab=\"3\" role=\"region\" aria-labelledby=\"elementor-tab-title-2053\"><h4><strong><a href=\"http:\/\/oiecinternational.com\/es\/wp-content\/uploads\/sites\/2\/2023\/02\/OIEC-statuts-1994-ES.pdf\" target=\"_blank\" rel=\"noopener\">OIEC Estatuto 2022<\/a><\/strong><\/h4><\/div>\n\t\t\t\t<\/div>\n\t\t\t\t\t\t\t\t<\/div>\n\t\t\t\t<\/div>\n\t\t\t\t<\/div>\n\t\t\t\t\t<\/div>\n\t\t<\/div>\n\t\t\t\t\t<\/div>\n\t\t<\/section>\n\t\t\t\t<section class=\"elementor-section elementor-top-section elementor-element elementor-element-62abc74 elementor-section-boxed elementor-section-height-default elementor-section-height-default\" data-id=\"62abc74\" data-element_type=\"section\">\n\t\t\t\t\t\t<div class=\"elementor-container elementor-column-gap-default\">\n\t\t\t\t\t<div class=\"elementor-column elementor-col-100 elementor-top-column elementor-element elementor-element-41a9f15\" data-id=\"41a9f15\" data-element_type=\"column\">\n\t\t\t<div class=\"elementor-widget-wrap elementor-element-populated\">\n\t\t\t\t\t\t<div class=\"elementor-element elementor-element-ff22550 elementor-widget-divider--view-line elementor-widget elementor-widget-divider\" data-id=\"ff22550\" data-element_type=\"widget\" data-widget_type=\"divider.default\">\n\t\t\t\t<div class=\"elementor-widget-container\">\n\t\t\t\t\t<div class=\"elementor-divider\">\n\t\t\t<span class=\"elementor-divider-separator\">\n\t\t\t\t\t\t<\/span>\n\t\t<\/div>\n\t\t\t\t<\/div>\n\t\t\t\t<\/div>\n\t\t\t\t\t<\/div>\n\t\t<\/div>\n\t\t\t\t\t<\/div>\n\t\t<\/section>\n\t\t\t\t<section class=\"elementor-section elementor-top-section elementor-element elementor-element-ed80267 elementor-section-boxed elementor-section-height-default elementor-section-height-default\" data-id=\"ed80267\" data-element_type=\"section\">\n\t\t\t\t\t\t<div class=\"elementor-container elementor-column-gap-default\">\n\t\t\t\t\t<div class=\"elementor-column elementor-col-50 elementor-top-column elementor-element elementor-element-f9abf27\" data-id=\"f9abf27\" data-element_type=\"column\">\n\t\t\t<div class=\"elementor-widget-wrap elementor-element-populated\">\n\t\t\t\t\t\t<div class=\"elementor-element elementor-element-f8e2c7d elementor-widget elementor-widget-text-editor\" data-id=\"f8e2c7d\" data-element_type=\"widget\" data-widget_type=\"text-editor.default\">\n\t\t\t\t<div class=\"elementor-widget-container\">\n\t\t\t\t\t\t\t<h3>Oficina Internacional <br \/>de Educaci\u00f3n Cat\u00f3lica<\/h3><p><span style=\"color: #333333;\">Casa Generalizia La Salle<\/span><br \/><span style=\"color: #333333;\">Via Aurelia, 476<\/span><br \/><span style=\"color: #333333;\">00165 Roma RM<\/span><br \/><span style=\"color: #333333;\"><strong>Italia<\/strong><\/span><\/p><h4><a href=\"http:\/\/oiecinternational.com\/es\/contacta\/\">Contacto<\/a><\/h4>\t\t\t\t\t\t<\/div>\n\t\t\t\t<\/div>\n\t\t\t\t\t<\/div>\n\t\t<\/div>\n\t\t\t\t<div class=\"elementor-column elementor-col-50 elementor-top-column elementor-element elementor-element-d086cba\" data-id=\"d086cba\" data-element_type=\"column\">\n\t\t\t<div class=\"elementor-widget-wrap elementor-element-populated\">\n\t\t\t\t\t\t<div class=\"elementor-element elementor-element-9f66b96 elementor-widget elementor-widget-google_maps\" data-id=\"9f66b96\" data-element_type=\"widget\" data-widget_type=\"google_maps.default\">\n\t\t\t\t<div class=\"elementor-widget-container\">\n\t\t\t\t\t<div class=\"elementor-custom-embed\">\n\t\t\t<iframe loading=\"lazy\"\n\t\t\t\t\tsrc=\"https:\/\/maps.google.com\/maps?q=Via%20Aurelia%2C%20476%2C%2000165%20Roma%20RM%2C%20Italie&#038;t=m&#038;z=10&#038;output=embed&#038;iwloc=near\"\n\t\t\t\t\ttitle=\"Via Aurelia, 476, 00165 Roma RM, Italie\"\n\t\t\t\t\taria-label=\"Via Aurelia, 476, 00165 Roma RM, Italie\"\n\t\t\t><\/iframe>\n\t\t<\/div>\n\t\t\t\t<\/div>\n\t\t\t\t<\/div>\n\t\t\t\t\t<\/div>\n\t\t<\/div>\n\t\t\t\t\t<\/div>\n\t\t<\/section>\n\t\t\t\t<\/div>\n\t\t","protected":false},"excerpt":{"rendered":"<p>\u00bfQu\u00e9 es la OIEC? La OIEC (Oficina Internacional de la Educaci\u00f3n Cat\u00f3lica)\u00a0ha sido reconocida como organizaci\u00f3n cat\u00f3lica internacional por la Santa Sede. Trabaja en estrecha colaboraci\u00f3n con el dicasterio para la cultura y la educaci\u00f3n cat\u00f3lica (Vaticano). Est\u00e1 reconocida como entidad consultiva por las Naciones Unidas (ECOSOC, Ginebra y Nueva York), la UNESCO y el Consejo de Europa. Descargue nuestro&#8230;<\/p>\n","protected":false},"author":3,"featured_media":0,"parent":4576,"menu_order":1,"comment_status":"closed","ping_status":"closed","template":"","meta":{"_eb_attr":"","footnotes":""},"class_list":["post-4306","page","type-page","status-publish","hentry"],"_links":{"self":[{"href":"https:\/\/oiecinternational.com\/es\/wp-json\/wp\/v2\/pages\/4306"}],"collection":[{"href":"https:\/\/oiecinternational.com\/es\/wp-json\/wp\/v2\/pages"}],"about":[{"href":"https:\/\/oiecinternational.com\/es\/wp-json\/wp\/v2\/types\/page"}],"author":[{"embeddable":true,"href":"https:\/\/oiecinternational.com\/es\/wp-json\/wp\/v2\/users\/3"}],"replies":[{"embeddable":true,"href":"https:\/\/oiecinternational.com\/es\/wp-json\/wp\/v2\/comments?post=4306"}],"version-history":[{"count":10,"href":"https:\/\/oiecinternational.com\/es\/wp-json\/wp\/v2\/pages\/4306\/revisions"}],"predecessor-version":[{"id":4536,"href":"https:\/\/oiecinternational.com\/es\/wp-json\/wp\/v2\/pages\/4306\/revisions\/4536"}],"up":[{"embeddable":true,"href":"https:\/\/oiecinternational.com\/es\/wp-json\/wp\/v2\/pages\/4576"}],"wp:attachment":[{"href":"https:\/\/oiecinternational.com\/es\/wp-json\/wp\/v2\/media?parent=4306"}],"curies":[{"name":"wp","href":"https:\/\/api.w.org\/{rel}","templated":true}]}}