{"id":4480,"date":"2023-07-14T16:12:44","date_gmt":"2023-07-14T14:12:44","guid":{"rendered":"http:\/\/jcgqqhj.cluster030.hosting.ovh.net\/es\/?page_id=4480"},"modified":"2024-04-26T14:43:22","modified_gmt":"2024-04-26T12:43:22","slug":"el-pacto-educativo-global-en-su-escuela","status":"publish","type":"page","link":"https:\/\/oiecinternational.com\/es\/pacto-educativo-global-compromiso-de-oiec\/el-pacto-educativo-global-en-su-escuela\/","title":{"rendered":"El Pacto Educativo Global en su escuela"},"content":{"rendered":"\t\t<div data-elementor-type=\"wp-page\" data-elementor-id=\"4480\" class=\"elementor elementor-4480\">\n\t\t\t\t\t\t<section class=\"elementor-section elementor-top-section elementor-element elementor-element-ac7af3b elementor-section-boxed elementor-section-height-default elementor-section-height-default\" data-id=\"ac7af3b\" data-element_type=\"section\">\n\t\t\t\t\t\t<div class=\"elementor-container elementor-column-gap-default\">\n\t\t\t\t\t<div class=\"elementor-column elementor-col-100 elementor-top-column elementor-element elementor-element-f647981\" data-id=\"f647981\" data-element_type=\"column\">\n\t\t\t<div class=\"elementor-widget-wrap elementor-element-populated\">\n\t\t\t\t\t\t<div class=\"elementor-element elementor-element-cbbbef2 elementor-widget elementor-widget-text-editor\" data-id=\"cbbbef2\" data-element_type=\"widget\" data-widget_type=\"text-editor.default\">\n\t\t\t\t<div class=\"elementor-widget-container\">\n\t\t\t\t\t\t\t<h2><span style=\"color: #003366;\">\u00bfC\u00f3mo puede integrarse el Pacto Educativo Global en el proyecto educativo del centro?<\/span><\/h2>\t\t\t\t\t\t<\/div>\n\t\t\t\t<\/div>\n\t\t\t\t\t<\/div>\n\t\t<\/div>\n\t\t\t\t\t<\/div>\n\t\t<\/section>\n\t\t\t\t<section class=\"elementor-section elementor-top-section elementor-element elementor-element-b5afef2 elementor-section-boxed elementor-section-height-default elementor-section-height-default\" data-id=\"b5afef2\" data-element_type=\"section\">\n\t\t\t\t\t\t<div class=\"elementor-container elementor-column-gap-default\">\n\t\t\t\t\t<div class=\"elementor-column elementor-col-66 elementor-top-column elementor-element elementor-element-7165bd1\" data-id=\"7165bd1\" data-element_type=\"column\">\n\t\t\t<div class=\"elementor-widget-wrap elementor-element-populated\">\n\t\t\t\t\t\t<div class=\"elementor-element elementor-element-899ff09 elementor-widget elementor-widget-text-editor\" data-id=\"899ff09\" data-element_type=\"widget\" data-widget_type=\"text-editor.default\">\n\t\t\t\t<div class=\"elementor-widget-container\">\n\t\t\t\t\t\t\t<blockquote><h4><span style=\"color: #333333;\">M\u00e1s informaci\u00f3n en el folleto\u00a0 <\/span><\/h4><h3>&#8220;\u00bfConstruir juntos <br \/>el Pacto Educativo Global?&#8221;<\/h3><h4><span style=\"color: #295a8a;\"><strong>Folleto redactado por OIEC, USG &#8211; UISG en colaboraci\u00f3n con SM. y Academica International Studies<\/strong><\/span><\/h4><ul><li><a href=\"http:\/\/oiecinternational.com\/fr\/wp-content\/uploads\/sites\/3\/2023\/06\/Livret-PEG-QR-code-FR.pdf\" target=\"_blank\" rel=\"noopener\">Versi\u00f3n francesa<\/a><\/li><li><a href=\"http:\/\/oiecinternational.com\/fr\/wp-content\/uploads\/sites\/3\/2023\/06\/Livret-PEG-QR-code-EN.pdf\" target=\"_blank\" rel=\"noopener\">Versi\u00f3n inglesa<\/a><\/li><li><a href=\"http:\/\/oiecinternational.com\/es\/wp-content\/uploads\/sites\/2\/2023\/07\/Livret-PEG-QR-code-ES.pdf\" target=\"_blank\" rel=\"noopener\">Versi\u00f3n espa\u00f1ola<\/a><\/li><\/ul><\/blockquote>\t\t\t\t\t\t<\/div>\n\t\t\t\t<\/div>\n\t\t\t\t\t<\/div>\n\t\t<\/div>\n\t\t\t\t<div class=\"elementor-column elementor-col-33 elementor-top-column elementor-element elementor-element-1b18dbc\" data-id=\"1b18dbc\" data-element_type=\"column\">\n\t\t\t<div class=\"elementor-widget-wrap elementor-element-populated\">\n\t\t\t\t\t\t<div class=\"elementor-element elementor-element-45c9d5a elementor-widget elementor-widget-image\" data-id=\"45c9d5a\" data-element_type=\"widget\" data-widget_type=\"image.default\">\n\t\t\t\t<div class=\"elementor-widget-container\">\n\t\t\t\t\t\t\t\t\t\t\t\t\t<img fetchpriority=\"high\" decoding=\"async\" width=\"1488\" height=\"2105\" src=\"https:\/\/oiecinternational.com\/es\/wp-content\/uploads\/sites\/2\/2023\/07\/PEG-ES.png\" class=\"attachment-full size-full wp-image-4522\" alt=\"\" srcset=\"https:\/\/oiecinternational.com\/es\/wp-content\/uploads\/sites\/2\/2023\/07\/PEG-ES.png 1488w, https:\/\/oiecinternational.com\/es\/wp-content\/uploads\/sites\/2\/2023\/07\/PEG-ES-212x300.png 212w, https:\/\/oiecinternational.com\/es\/wp-content\/uploads\/sites\/2\/2023\/07\/PEG-ES-724x1024.png 724w, https:\/\/oiecinternational.com\/es\/wp-content\/uploads\/sites\/2\/2023\/07\/PEG-ES-768x1086.png 768w, https:\/\/oiecinternational.com\/es\/wp-content\/uploads\/sites\/2\/2023\/07\/PEG-ES-1086x1536.png 1086w, https:\/\/oiecinternational.com\/es\/wp-content\/uploads\/sites\/2\/2023\/07\/PEG-ES-1448x2048.png 1448w\" sizes=\"(max-width: 1488px) 100vw, 1488px\" \/>\t\t\t\t\t\t\t\t\t\t\t\t\t<\/div>\n\t\t\t\t<\/div>\n\t\t\t\t\t<\/div>\n\t\t<\/div>\n\t\t\t\t\t<\/div>\n\t\t<\/section>\n\t\t\t\t<section class=\"elementor-section elementor-top-section elementor-element elementor-element-f95fbc3 elementor-section-boxed elementor-section-height-default elementor-section-height-default\" data-id=\"f95fbc3\" data-element_type=\"section\">\n\t\t\t\t\t\t<div class=\"elementor-container elementor-column-gap-default\">\n\t\t\t\t\t<div class=\"elementor-column elementor-col-100 elementor-top-column elementor-element elementor-element-a1422bb\" data-id=\"a1422bb\" data-element_type=\"column\">\n\t\t\t<div class=\"elementor-widget-wrap elementor-element-populated\">\n\t\t\t\t\t\t<div class=\"elementor-element elementor-element-6997f66 elementor-widget elementor-widget-text-editor\" data-id=\"6997f66\" data-element_type=\"widget\" data-widget_type=\"text-editor.default\">\n\t\t\t\t<div class=\"elementor-widget-container\">\n\t\t\t\t\t\t\t<h3>El OIEC ofrece una serie de herramientas para ayudarle a dirigir su equipo:<\/h3>\t\t\t\t\t\t<\/div>\n\t\t\t\t<\/div>\n\t\t\t\t\t<\/div>\n\t\t<\/div>\n\t\t\t\t\t<\/div>\n\t\t<\/section>\n\t\t\t\t<section class=\"elementor-section elementor-top-section elementor-element elementor-element-ad77cf7 elementor-section-boxed elementor-section-height-default elementor-section-height-default\" data-id=\"ad77cf7\" data-element_type=\"section\">\n\t\t\t\t\t\t<div class=\"elementor-container elementor-column-gap-default\">\n\t\t\t\t\t<div class=\"elementor-column elementor-col-33 elementor-top-column elementor-element elementor-element-337cd6d\" data-id=\"337cd6d\" data-element_type=\"column\">\n\t\t\t<div class=\"elementor-widget-wrap elementor-element-populated\">\n\t\t\t\t\t\t<div class=\"elementor-element elementor-element-09612d2 elementor-widget elementor-widget-text-editor\" data-id=\"09612d2\" data-element_type=\"widget\" data-widget_type=\"text-editor.default\">\n\t\t\t\t<div class=\"elementor-widget-container\">\n\t\t\t\t\t\t\t<ul><li><h4>Un v\u00eddeo explicativo sobre &#8220;Construir juntos el Pacto Educativo Global&#8221;.<\/h4><\/li><li><h4><strong>V\u00eddeo en espa\u00f1ol -&gt;<\/strong><\/h4><ul><li><h5><strong><a href=\"https:\/\/www.youtube.com\/playlist?list=PLT_kOynLxQM_17Bu_Z7fB95qK9att1zS0\" target=\"_blank\" rel=\"noopener\">Versi\u00f3n inglesa \/ francesa<\/a><\/strong><\/h5><\/li><\/ul><\/li><\/ul>\t\t\t\t\t\t<\/div>\n\t\t\t\t<\/div>\n\t\t\t\t\t<\/div>\n\t\t<\/div>\n\t\t\t\t<div class=\"elementor-column elementor-col-66 elementor-top-column elementor-element elementor-element-6fb4d2a\" data-id=\"6fb4d2a\" data-element_type=\"column\">\n\t\t\t<div class=\"elementor-widget-wrap elementor-element-populated\">\n\t\t\t\t\t\t<div class=\"elementor-element elementor-element-4fa6a45 elementor-widget elementor-widget-video\" data-id=\"4fa6a45\" data-element_type=\"widget\" data-settings=\"{&quot;youtube_url&quot;:&quot;https:\\\/\\\/youtu.be\\\/TOnjSzkQf4M&quot;,&quot;video_type&quot;:&quot;youtube&quot;,&quot;controls&quot;:&quot;yes&quot;}\" data-widget_type=\"video.default\">\n\t\t\t\t<div class=\"elementor-widget-container\">\n\t\t\t\t\t<div class=\"elementor-wrapper elementor-open-inline\">\n\t\t\t<div class=\"elementor-video\"><\/div>\t\t<\/div>\n\t\t\t\t<\/div>\n\t\t\t\t<\/div>\n\t\t\t\t\t<\/div>\n\t\t<\/div>\n\t\t\t\t\t<\/div>\n\t\t<\/section>\n\t\t\t\t<section class=\"elementor-section elementor-top-section elementor-element elementor-element-21039e4 elementor-section-boxed elementor-section-height-default elementor-section-height-default\" data-id=\"21039e4\" data-element_type=\"section\">\n\t\t\t\t\t\t<div class=\"elementor-container elementor-column-gap-default\">\n\t\t\t\t\t<div class=\"elementor-column elementor-col-33 elementor-top-column elementor-element elementor-element-a7e9a50\" data-id=\"a7e9a50\" data-element_type=\"column\">\n\t\t\t<div class=\"elementor-widget-wrap elementor-element-populated\">\n\t\t\t\t\t\t<div class=\"elementor-element elementor-element-5ef4ebb elementor-widget elementor-widget-image\" data-id=\"5ef4ebb\" data-element_type=\"widget\" data-widget_type=\"image.default\">\n\t\t\t\t<div class=\"elementor-widget-container\">\n\t\t\t\t\t\t\t\t\t\t\t\t\t<img decoding=\"async\" width=\"640\" height=\"905\" src=\"https:\/\/oiecinternational.com\/es\/wp-content\/uploads\/sites\/2\/2023\/07\/Affiche-PEG-ES-724x1024.png\" class=\"attachment-large size-large wp-image-4499\" alt=\"\" srcset=\"https:\/\/oiecinternational.com\/es\/wp-content\/uploads\/sites\/2\/2023\/07\/Affiche-PEG-ES-724x1024.png 724w, https:\/\/oiecinternational.com\/es\/wp-content\/uploads\/sites\/2\/2023\/07\/Affiche-PEG-ES-212x300.png 212w, https:\/\/oiecinternational.com\/es\/wp-content\/uploads\/sites\/2\/2023\/07\/Affiche-PEG-ES-768x1086.png 768w, https:\/\/oiecinternational.com\/es\/wp-content\/uploads\/sites\/2\/2023\/07\/Affiche-PEG-ES-1086x1536.png 1086w, https:\/\/oiecinternational.com\/es\/wp-content\/uploads\/sites\/2\/2023\/07\/Affiche-PEG-ES-1449x2048.png 1449w\" sizes=\"(max-width: 640px) 100vw, 640px\" \/>\t\t\t\t\t\t\t\t\t\t\t\t\t<\/div>\n\t\t\t\t<\/div>\n\t\t\t\t\t<\/div>\n\t\t<\/div>\n\t\t\t\t<div class=\"elementor-column elementor-col-66 elementor-top-column elementor-element elementor-element-b2a7749\" data-id=\"b2a7749\" data-element_type=\"column\">\n\t\t\t<div class=\"elementor-widget-wrap elementor-element-populated\">\n\t\t\t\t\t\t<div class=\"elementor-element elementor-element-f9455a2 elementor-widget elementor-widget-text-editor\" data-id=\"f9455a2\" data-element_type=\"widget\" data-widget_type=\"text-editor.default\">\n\t\t\t\t<div class=\"elementor-widget-container\">\n\t\t\t\t\t\t\t<p>\u00a0<\/p><p>\u00a0<\/p><ul><li><h4><span style=\"color: #003366;\"><strong>Un p\u00f3ster<\/strong> presenta los 7 pilares del Pacto Mundial por la Educaci\u00f3n<\/span><\/h4><\/li><\/ul><p style=\"text-align: center;\"><strong><a href=\"http:\/\/oiecinternational.com\/es\/wp-content\/uploads\/sites\/2\/2023\/07\/Affiche-PEG-ES.pdf\" target=\"_blank\" rel=\"noopener\">Descargar el cartel<\/a><\/strong><\/p>\t\t\t\t\t\t<\/div>\n\t\t\t\t<\/div>\n\t\t\t\t\t<\/div>\n\t\t<\/div>\n\t\t\t\t\t<\/div>\n\t\t<\/section>\n\t\t\t\t<section class=\"elementor-section elementor-top-section elementor-element elementor-element-5b479e6 elementor-section-boxed elementor-section-height-default elementor-section-height-default\" data-id=\"5b479e6\" data-element_type=\"section\">\n\t\t\t\t\t\t<div class=\"elementor-container elementor-column-gap-default\">\n\t\t\t\t\t<div class=\"elementor-column elementor-col-33 elementor-top-column elementor-element elementor-element-7d81906\" data-id=\"7d81906\" data-element_type=\"column\">\n\t\t\t<div class=\"elementor-widget-wrap elementor-element-populated\">\n\t\t\t\t\t\t<div class=\"elementor-element elementor-element-0a2d425 elementor-widget elementor-widget-text-editor\" data-id=\"0a2d425\" data-element_type=\"widget\" data-widget_type=\"text-editor.default\">\n\t\t\t\t<div class=\"elementor-widget-container\">\n\t\t\t\t\t\t\t<p>\u00a0<\/p><ul><li><h4><span style=\"color: #003366;\"><strong>Un diagrama (\u00e1rbol)<\/strong> que presente el proyecto educativo del centro en relaci\u00f3n con el Pacto Mundial por la Educaci\u00f3n.<\/span><\/h4><\/li><\/ul><div style=\"text-align: center;\"><a href=\"http:\/\/oiecinternational.com\/es\/wp-content\/uploads\/sites\/2\/2023\/07\/arbre-du-projet-detablissemet-ES.pdf\" target=\"_blank\" rel=\"noopener\"><strong>Descargar el diagrama<\/strong><\/a><\/div>\t\t\t\t\t\t<\/div>\n\t\t\t\t<\/div>\n\t\t\t\t\t<\/div>\n\t\t<\/div>\n\t\t\t\t<div class=\"elementor-column elementor-col-66 elementor-top-column elementor-element elementor-element-821535e\" data-id=\"821535e\" data-element_type=\"column\">\n\t\t\t<div class=\"elementor-widget-wrap elementor-element-populated\">\n\t\t\t\t\t\t<div class=\"elementor-element elementor-element-413bf59 elementor-widget elementor-widget-image\" data-id=\"413bf59\" data-element_type=\"widget\" data-widget_type=\"image.default\">\n\t\t\t\t<div class=\"elementor-widget-container\">\n\t\t\t\t\t\t\t\t\t\t\t\t\t<img decoding=\"async\" width=\"640\" height=\"453\" src=\"https:\/\/oiecinternational.com\/es\/wp-content\/uploads\/sites\/2\/2023\/07\/PEG-ES-scaled.jpg\" class=\"attachment-large size-large wp-image-4498\" alt=\"\" srcset=\"https:\/\/oiecinternational.com\/es\/wp-content\/uploads\/sites\/2\/2023\/07\/PEG-ES-scaled.jpg 2560w, https:\/\/oiecinternational.com\/es\/wp-content\/uploads\/sites\/2\/2023\/07\/PEG-ES-300x212.jpg 300w\" sizes=\"(max-width: 640px) 100vw, 640px\" \/>\t\t\t\t\t\t\t\t\t\t\t\t\t<\/div>\n\t\t\t\t<\/div>\n\t\t\t\t\t<\/div>\n\t\t<\/div>\n\t\t\t\t\t<\/div>\n\t\t<\/section>\n\t\t\t\t<section class=\"elementor-section elementor-top-section elementor-element elementor-element-5d7c091 elementor-section-boxed elementor-section-height-default elementor-section-height-default\" data-id=\"5d7c091\" data-element_type=\"section\">\n\t\t\t\t\t\t<div class=\"elementor-container elementor-column-gap-default\">\n\t\t\t\t\t<div class=\"elementor-column elementor-col-33 elementor-top-column elementor-element elementor-element-b838fbf\" data-id=\"b838fbf\" data-element_type=\"column\">\n\t\t\t<div class=\"elementor-widget-wrap elementor-element-populated\">\n\t\t\t\t\t\t<div class=\"elementor-element elementor-element-c0813c4 elementor-widget elementor-widget-image\" data-id=\"c0813c4\" data-element_type=\"widget\" data-widget_type=\"image.default\">\n\t\t\t\t<div class=\"elementor-widget-container\">\n\t\t\t\t\t\t\t\t\t\t\t\t\t<img loading=\"lazy\" decoding=\"async\" width=\"640\" height=\"905\" src=\"https:\/\/oiecinternational.com\/es\/wp-content\/uploads\/sites\/2\/2023\/07\/fiche-action-PEG-es-724x1024.png\" class=\"attachment-large size-large wp-image-4501\" alt=\"\" srcset=\"https:\/\/oiecinternational.com\/es\/wp-content\/uploads\/sites\/2\/2023\/07\/fiche-action-PEG-es-724x1024.png 724w, https:\/\/oiecinternational.com\/es\/wp-content\/uploads\/sites\/2\/2023\/07\/fiche-action-PEG-es-212x300.png 212w, https:\/\/oiecinternational.com\/es\/wp-content\/uploads\/sites\/2\/2023\/07\/fiche-action-PEG-es-768x1086.png 768w, https:\/\/oiecinternational.com\/es\/wp-content\/uploads\/sites\/2\/2023\/07\/fiche-action-PEG-es-1086x1536.png 1086w, https:\/\/oiecinternational.com\/es\/wp-content\/uploads\/sites\/2\/2023\/07\/fiche-action-PEG-es-1448x2048.png 1448w, https:\/\/oiecinternational.com\/es\/wp-content\/uploads\/sites\/2\/2023\/07\/fiche-action-PEG-es.png 1488w\" sizes=\"(max-width: 640px) 100vw, 640px\" \/>\t\t\t\t\t\t\t\t\t\t\t\t\t<\/div>\n\t\t\t\t<\/div>\n\t\t\t\t\t<\/div>\n\t\t<\/div>\n\t\t\t\t<div class=\"elementor-column elementor-col-66 elementor-top-column elementor-element elementor-element-f2f69d1\" data-id=\"f2f69d1\" data-element_type=\"column\">\n\t\t\t<div class=\"elementor-widget-wrap elementor-element-populated\">\n\t\t\t\t\t\t<div class=\"elementor-element elementor-element-b18a270 elementor-widget elementor-widget-text-editor\" data-id=\"b18a270\" data-element_type=\"widget\" data-widget_type=\"text-editor.default\">\n\t\t\t\t<div class=\"elementor-widget-container\">\n\t\t\t\t\t\t\t<ul><li><h4><span style=\"color: #003366;\"><strong>Una ficha recapitulativa de cada acci\u00f3n realizada<\/strong>, para permitir la evaluaci\u00f3n al final del a\u00f1o.<\/span><\/h4><\/li><\/ul><div style=\"text-align: center;\"><strong><a href=\"http:\/\/oiecinternational.com\/es\/wp-content\/uploads\/sites\/2\/2023\/07\/fiche-action-PEG-ES-formulaire.pdf\">Descargar la hoja de acci\u00f3n<\/a><\/strong><\/div>\t\t\t\t\t\t<\/div>\n\t\t\t\t<\/div>\n\t\t\t\t\t<\/div>\n\t\t<\/div>\n\t\t\t\t\t<\/div>\n\t\t<\/section>\n\t\t\t\t<section class=\"elementor-section elementor-top-section elementor-element elementor-element-4c11501 elementor-section-boxed elementor-section-height-default elementor-section-height-default\" data-id=\"4c11501\" data-element_type=\"section\">\n\t\t\t\t\t\t<div class=\"elementor-container elementor-column-gap-default\">\n\t\t\t\t\t<div class=\"elementor-column elementor-col-50 elementor-top-column elementor-element elementor-element-dd98b58\" data-id=\"dd98b58\" data-element_type=\"column\">\n\t\t\t<div class=\"elementor-widget-wrap elementor-element-populated\">\n\t\t\t\t\t\t<div class=\"elementor-element elementor-element-fbd97cd elementor-widget elementor-widget-text-editor\" data-id=\"fbd97cd\" data-element_type=\"widget\" data-widget_type=\"text-editor.default\">\n\t\t\t\t<div class=\"elementor-widget-container\">\n\t\t\t\t\t\t\t<ul><li><h4><strong><span style=\"color: #003366;\">Una carta de compromiso con el Pacto Educativo Global<\/span><\/strong><\/h4><\/li><\/ul><h4><span style=\"color: #003366;\">Cada escuela o centro educativo puede subrayar <\/span><span style=\"color: #003366;\">su compromiso con el Pacto Educativo Global:<\/span><\/h4><ul><li><h4><strong><span style=\"color: #233c75;\">firmando <\/span>la carta de compromiso del Pacto Educativo Global.<\/strong><\/h4><h4>\u25b6 <span style=\"text-decoration: underline;\"><span style=\"color: #00ccff;\"><a style=\"color: #00ccff; text-decoration: underline;\" href=\"https:\/\/forms.gle\/ciq4kLo5kvKSqgvb9\" target=\"_blank\" rel=\"noopener\">Rellene el formulario en l\u00ednea.Compl\u00e9tez le formulaire en ligne.<\/a><\/span><\/span><\/h4><\/li><li><h4><strong><span style=\"color: #003366;\">exponiendo la carta en el establecimiento<\/span><\/strong><\/h4><\/li><\/ul><p>Todas las escuelas que hayan firmado la carta figurar\u00e1n en el sitio web de la OIEC para dar visibilidad a la comunidad implicada.<\/p>\t\t\t\t\t\t<\/div>\n\t\t\t\t<\/div>\n\t\t\t\t\t<\/div>\n\t\t<\/div>\n\t\t\t\t<div class=\"elementor-column elementor-col-50 elementor-top-column elementor-element elementor-element-1639046\" data-id=\"1639046\" data-element_type=\"column\">\n\t\t\t<div class=\"elementor-widget-wrap elementor-element-populated\">\n\t\t\t\t\t\t<div class=\"elementor-element elementor-element-7abcf12 elementor-widget elementor-widget-image\" data-id=\"7abcf12\" data-element_type=\"widget\" data-widget_type=\"image.default\">\n\t\t\t\t<div class=\"elementor-widget-container\">\n\t\t\t\t\t\t\t\t\t\t\t\t\t<img loading=\"lazy\" decoding=\"async\" width=\"640\" height=\"453\" src=\"https:\/\/oiecinternational.com\/es\/wp-content\/uploads\/sites\/2\/2023\/07\/Engagement-ES-1-1024x724.jpg\" class=\"attachment-large size-large wp-image-4504\" alt=\"\" srcset=\"https:\/\/oiecinternational.com\/es\/wp-content\/uploads\/sites\/2\/2023\/07\/Engagement-ES-1-1024x724.jpg 1024w, https:\/\/oiecinternational.com\/es\/wp-content\/uploads\/sites\/2\/2023\/07\/Engagement-ES-1-300x212.jpg 300w, https:\/\/oiecinternational.com\/es\/wp-content\/uploads\/sites\/2\/2023\/07\/Engagement-ES-1-768x543.jpg 768w, https:\/\/oiecinternational.com\/es\/wp-content\/uploads\/sites\/2\/2023\/07\/Engagement-ES-1.jpg 1200w\" sizes=\"(max-width: 640px) 100vw, 640px\" \/>\t\t\t\t\t\t\t\t\t\t\t\t\t<\/div>\n\t\t\t\t<\/div>\n\t\t\t\t\t<\/div>\n\t\t<\/div>\n\t\t\t\t\t<\/div>\n\t\t<\/section>\n\t\t\t\t<\/div>\n\t\t","protected":false},"excerpt":{"rendered":"<p>\u00bfC\u00f3mo puede integrarse el Pacto Educativo Global en el proyecto educativo del centro? M\u00e1s informaci\u00f3n en el folleto\u00a0 &#8220;\u00bfConstruir juntos el Pacto Educativo Global?&#8221; Folleto redactado por OIEC, USG &#8211; UISG en colaboraci\u00f3n con SM. y Academica International Studies Versi\u00f3n francesa Versi\u00f3n inglesa Versi\u00f3n espa\u00f1ola El OIEC ofrece una serie de herramientas para ayudarle a dirigir su equipo: Un v\u00eddeo&#8230;<\/p>\n","protected":false},"author":3,"featured_media":0,"parent":4429,"menu_order":1,"comment_status":"closed","ping_status":"closed","template":"","meta":{"_eb_attr":"","footnotes":""},"class_list":["post-4480","page","type-page","status-publish","hentry"],"_links":{"self":[{"href":"https:\/\/oiecinternational.com\/es\/wp-json\/wp\/v2\/pages\/4480"}],"collection":[{"href":"https:\/\/oiecinternational.com\/es\/wp-json\/wp\/v2\/pages"}],"about":[{"href":"https:\/\/oiecinternational.com\/es\/wp-json\/wp\/v2\/types\/page"}],"author":[{"embeddable":true,"href":"https:\/\/oiecinternational.com\/es\/wp-json\/wp\/v2\/users\/3"}],"replies":[{"embeddable":true,"href":"https:\/\/oiecinternational.com\/es\/wp-json\/wp\/v2\/comments?post=4480"}],"version-history":[{"count":14,"href":"https:\/\/oiecinternational.com\/es\/wp-json\/wp\/v2\/pages\/4480\/revisions"}],"predecessor-version":[{"id":5331,"href":"https:\/\/oiecinternational.com\/es\/wp-json\/wp\/v2\/pages\/4480\/revisions\/5331"}],"up":[{"embeddable":true,"href":"https:\/\/oiecinternational.com\/es\/wp-json\/wp\/v2\/pages\/4429"}],"wp:attachment":[{"href":"https:\/\/oiecinternational.com\/es\/wp-json\/wp\/v2\/media?parent=4480"}],"curies":[{"name":"wp","href":"https:\/\/api.w.org\/{rel}","templated":true}]}}