{"id":4509,"date":"2023-07-14T20:27:41","date_gmt":"2023-07-14T18:27:41","guid":{"rendered":"http:\/\/jcgqqhj.cluster030.hosting.ovh.net\/es\/?page_id=4509"},"modified":"2025-06-18T06:24:27","modified_gmt":"2025-06-18T04:24:27","slug":"construir-el-pacto-educativo-desde-el-territorio","status":"publish","type":"page","link":"https:\/\/oiecinternational.com\/es\/pacto-educativo-global-compromiso-de-oiec\/construir-el-pacto-educativo-desde-el-territorio\/","title":{"rendered":"Construir el Pacto Educativo desde el territorio"},"content":{"rendered":"\t\t<div data-elementor-type=\"wp-page\" data-elementor-id=\"4509\" class=\"elementor elementor-4509\">\n\t\t\t\t\t\t<section class=\"elementor-section elementor-top-section elementor-element elementor-element-a5c1dc1 elementor-section-boxed elementor-section-height-default elementor-section-height-default\" data-id=\"a5c1dc1\" data-element_type=\"section\">\n\t\t\t\t\t\t<div class=\"elementor-container elementor-column-gap-default\">\n\t\t\t\t\t<div class=\"elementor-column elementor-col-100 elementor-top-column elementor-element elementor-element-31995fe\" data-id=\"31995fe\" data-element_type=\"column\">\n\t\t\t<div class=\"elementor-widget-wrap elementor-element-populated\">\n\t\t\t\t\t\t<div class=\"elementor-element elementor-element-fb003ed elementor-widget elementor-widget-text-editor\" data-id=\"fb003ed\" data-element_type=\"widget\" data-widget_type=\"text-editor.default\">\n\t\t\t\t<div class=\"elementor-widget-container\">\n\t\t\t\t\t\t\t<h3><span style=\"color: rgb(0, 128, 0); font-family: inherit; font-size: 35px; letter-spacing: 0px; text-transform: inherit;\">la experiencia de la regi\u00f3n de Santander (Colombia)<\/span><br><\/h3>\t\t\t\t\t\t<\/div>\n\t\t\t\t<\/div>\n\t\t\t\t\t<\/div>\n\t\t<\/div>\n\t\t\t\t\t<\/div>\n\t\t<\/section>\n\t\t\t\t<section class=\"elementor-section elementor-top-section elementor-element elementor-element-10d68ff elementor-section-boxed elementor-section-height-default elementor-section-height-default\" data-id=\"10d68ff\" data-element_type=\"section\">\n\t\t\t\t\t\t<div class=\"elementor-container elementor-column-gap-default\">\n\t\t\t\t\t<div class=\"elementor-column elementor-col-66 elementor-top-column elementor-element elementor-element-40a7490\" data-id=\"40a7490\" data-element_type=\"column\">\n\t\t\t<div class=\"elementor-widget-wrap elementor-element-populated\">\n\t\t\t\t\t\t<div class=\"elementor-element elementor-element-c1ac392 elementor-widget elementor-widget-text-editor\" data-id=\"c1ac392\" data-element_type=\"widget\" data-widget_type=\"text-editor.default\">\n\t\t\t\t<div class=\"elementor-widget-container\">\n\t\t\t\t\t\t\t<p><strong>Estos libros nos inspiran y nos gu\u00edan para transformar la educaci\u00f3n y, a trav\u00e9s de ella, construir juntos una nueva sociedad m\u00e1s humana, m\u00e1s fraterna, m\u00e1s solidaria y m\u00e1s sostenible. La experiencia de la regi\u00f3n de Norte de Santander (Colombia) animar\u00e1 a las escuelas cat\u00f3licas a tomar la iniciativa de convocar y promover esta alianza local y global. El manual les ser\u00e1 de gran ayuda para movilizar a los diversos sectores sociales en favor de una nueva y mejor educaci\u00f3n. Ambos nos instan a estar abiertos, a colaborar con otros y a demostrar que es posible cambiar vidas y contextos a trav\u00e9s de la educaci\u00f3n.<\/strong><\/p><h3 style=\"text-align: center;\"><span style=\"text-decoration: underline;\"><strong><span style=\"color: #ff6600;\"><a style=\"color: #ff6600; text-decoration: underline;\" href=\"https:\/\/drive.google.com\/file\/d\/19qYHzRKbZ2tUkbDJqVHOKUt3l7E9panq\/view?usp=sharing\" target=\"_blank\" rel=\"noopener\">Descargar el libro<\/a><\/span><\/strong><\/span><\/h3><p>\u00a0<\/p><h4><span style=\"color: #ff9900;\"><b>Descargue el tr\u00edptico de presentaci\u00f3n del libro en :<\/b><\/span><\/h4><h4><b><a href=\"https:\/\/drive.google.com\/file\/d\/1G2KNRO3S9ZfQg6uzN3cp4IV86RffUNfu\/view?usp=sharing\" target=\"_blank\" rel=\"noopener\">Franc\u00e8s<\/a>\u00a0\u2013\u00a0<a href=\"https:\/\/drive.google.com\/file\/d\/1tgzYOI4qEAFiBlTp3734ZoyrwPGgSA8q\/view?usp=sharing\" target=\"_blank\" rel=\"noopener\">Ingl\u00e8s<\/a>\u00a0\u2013<a href=\"https:\/\/drive.google.com\/file\/d\/1WkozuV3y5yCKxOs2YblqvanxyIvGFmaT\/view?usp=sharing\" target=\"_blank\" rel=\"noopener\">Espa\u00f1ol<\/a>\u00a0\u2013\u00a0<a href=\"https:\/\/drive.google.com\/file\/d\/1Ppcmp2vcxS_1TsiyJeq5OeoeHCu2JxNi\/view?usp=drive_link\" target=\"_blank\" rel=\"noopener\">Portugu\u00e8s<\/a>\u00a0\u2013\u00a0<a href=\"https:\/\/drive.google.com\/file\/d\/1VVyT9AqhjVN1lA5ypQdJLyVF61qZhnXL\/view?usp=drive_link\" target=\"_blank\" rel=\"noopener\">Italiano<\/a><\/b><\/h4>\t\t\t\t\t\t<\/div>\n\t\t\t\t<\/div>\n\t\t\t\t\t<\/div>\n\t\t<\/div>\n\t\t\t\t<div class=\"elementor-column elementor-col-33 elementor-top-column elementor-element elementor-element-2b3ed75\" data-id=\"2b3ed75\" data-element_type=\"column\">\n\t\t\t<div class=\"elementor-widget-wrap elementor-element-populated\">\n\t\t\t\t\t\t<div class=\"elementor-element elementor-element-94b2bcf elementor-widget elementor-widget-image\" data-id=\"94b2bcf\" data-element_type=\"widget\" data-widget_type=\"image.default\">\n\t\t\t\t<div class=\"elementor-widget-container\">\n\t\t\t\t\t\t\t\t\t\t\t\t\t<img fetchpriority=\"high\" decoding=\"async\" width=\"640\" height=\"905\" src=\"https:\/\/oiecinternational.com\/es\/wp-content\/uploads\/sites\/2\/2023\/08\/Pacto-educativo-Global-santander-724x1024.png\" class=\"attachment-large size-large wp-image-4854\" alt=\"\" srcset=\"https:\/\/oiecinternational.com\/es\/wp-content\/uploads\/sites\/2\/2023\/08\/Pacto-educativo-Global-santander-724x1024.png 724w, https:\/\/oiecinternational.com\/es\/wp-content\/uploads\/sites\/2\/2023\/08\/Pacto-educativo-Global-santander-212x300.png 212w, https:\/\/oiecinternational.com\/es\/wp-content\/uploads\/sites\/2\/2023\/08\/Pacto-educativo-Global-santander.png 744w\" sizes=\"(max-width: 640px) 100vw, 640px\" \/>\t\t\t\t\t\t\t\t\t\t\t\t\t<\/div>\n\t\t\t\t<\/div>\n\t\t\t\t\t<\/div>\n\t\t<\/div>\n\t\t\t\t\t<\/div>\n\t\t<\/section>\n\t\t\t\t<\/div>\n\t\t","protected":false},"excerpt":{"rendered":"<p>la experiencia de la regi\u00f3n de Santander (Colombia) Estos libros nos inspiran y nos gu\u00edan para transformar la educaci\u00f3n y, a trav\u00e9s de ella, construir juntos una nueva sociedad m\u00e1s humana, m\u00e1s fraterna, m\u00e1s solidaria y m\u00e1s sostenible. La experiencia de la regi\u00f3n de Norte de Santander (Colombia) animar\u00e1 a las escuelas cat\u00f3licas a tomar la iniciativa de convocar y&#8230;<\/p>\n","protected":false},"author":3,"featured_media":0,"parent":4429,"menu_order":2,"comment_status":"closed","ping_status":"closed","template":"","meta":{"_eb_attr":"","footnotes":""},"class_list":["post-4509","page","type-page","status-publish","hentry"],"_links":{"self":[{"href":"https:\/\/oiecinternational.com\/es\/wp-json\/wp\/v2\/pages\/4509"}],"collection":[{"href":"https:\/\/oiecinternational.com\/es\/wp-json\/wp\/v2\/pages"}],"about":[{"href":"https:\/\/oiecinternational.com\/es\/wp-json\/wp\/v2\/types\/page"}],"author":[{"embeddable":true,"href":"https:\/\/oiecinternational.com\/es\/wp-json\/wp\/v2\/users\/3"}],"replies":[{"embeddable":true,"href":"https:\/\/oiecinternational.com\/es\/wp-json\/wp\/v2\/comments?post=4509"}],"version-history":[{"count":22,"href":"https:\/\/oiecinternational.com\/es\/wp-json\/wp\/v2\/pages\/4509\/revisions"}],"predecessor-version":[{"id":5725,"href":"https:\/\/oiecinternational.com\/es\/wp-json\/wp\/v2\/pages\/4509\/revisions\/5725"}],"up":[{"embeddable":true,"href":"https:\/\/oiecinternational.com\/es\/wp-json\/wp\/v2\/pages\/4429"}],"wp:attachment":[{"href":"https:\/\/oiecinternational.com\/es\/wp-json\/wp\/v2\/media?parent=4509"}],"curies":[{"name":"wp","href":"https:\/\/api.w.org\/{rel}","templated":true}]}}