{"id":4578,"date":"2023-08-18T09:51:23","date_gmt":"2023-08-18T07:51:23","guid":{"rendered":"http:\/\/jcgqqhj.cluster030.hosting.ovh.net\/es\/?page_id=4578"},"modified":"2023-08-18T10:00:36","modified_gmt":"2023-08-18T08:00:36","slug":"las-regiones","status":"publish","type":"page","link":"https:\/\/oiecinternational.com\/es\/oiec\/las-regiones\/","title":{"rendered":"LAS REGIONES"},"content":{"rendered":"\t\t<div data-elementor-type=\"wp-page\" data-elementor-id=\"4578\" class=\"elementor elementor-4578\">\n\t\t\t\t\t\t<section class=\"elementor-section elementor-top-section elementor-element elementor-element-5e1c2e6 elementor-section-boxed elementor-section-height-default elementor-section-height-default\" data-id=\"5e1c2e6\" data-element_type=\"section\">\n\t\t\t\t\t\t<div class=\"elementor-container elementor-column-gap-default\">\n\t\t\t\t\t<div class=\"elementor-column elementor-col-100 elementor-top-column elementor-element elementor-element-6aed7aa\" data-id=\"6aed7aa\" data-element_type=\"column\">\n\t\t\t<div class=\"elementor-widget-wrap\">\n\t\t\t\t\t\t\t<\/div>\n\t\t<\/div>\n\t\t\t\t\t<\/div>\n\t\t<\/section>\n\t\t\t\t<section class=\"elementor-section elementor-top-section elementor-element elementor-element-4663d72 elementor-section-boxed elementor-section-height-default elementor-section-height-default\" data-id=\"4663d72\" data-element_type=\"section\">\n\t\t\t\t\t\t<div class=\"elementor-container elementor-column-gap-default\">\n\t\t\t\t\t<div class=\"elementor-column elementor-col-100 elementor-top-column elementor-element elementor-element-adfaaeb\" data-id=\"adfaaeb\" data-element_type=\"column\">\n\t\t\t<div class=\"elementor-widget-wrap elementor-element-populated\">\n\t\t\t\t\t\t<div class=\"elementor-element elementor-element-34b965b elementor-widget elementor-widget-text-editor\" data-id=\"34b965b\" data-element_type=\"widget\" data-widget_type=\"text-editor.default\">\n\t\t\t\t<div class=\"elementor-widget-container\">\n\t\t\t\t\t\t\t<h3>La OIEC est\u00e1 dividida en seis grandes regiones:<\/h3><ul><li><h4><a href=\"http:\/\/oiecinternational.com\/es\/america\/\"><span style=\"color: #333333;\">Americas<\/span><\/a><\/h4><\/li><li><h4><a href=\"http:\/\/oiecinternational.com\/es\/africa-y-madagascar\/\" target=\"_blank\" rel=\"noopener\"><span style=\"color: #333333;\">\u00c1frica y Madagascar<\/span><\/a><\/h4><\/li><li><h4><a href=\"http:\/\/oiecinternational.com\/es\/asia-y-oceania\/\" target=\"_blank\" rel=\"noopener\"><span style=\"color: #333333;\">Asia y Ocean\u00eda<\/span><\/a><\/h4><\/li><li><h4><a href=\"http:\/\/oiecinternational.com\/es\/medio-oriente-y-africa-del-norte\/\" target=\"_blank\" rel=\"noopener\"><span style=\"color: #333333;\">Oriente Pr\u00f3ximo y Norte de \u00c1frica<\/span><\/a><\/h4><\/li><li><h4><a href=\"http:\/\/oiecinternational.com\/es\/europa\/\" target=\"_blank\" rel=\"noopener\"><span style=\"color: #333333;\">Europa<\/span><\/a><\/h4><\/li><li><h4><span style=\"color: #333333;\"><a style=\"color: #333333;\" href=\"http:\/\/oiecinternational.com\/es\/miembros\/miembros-asociados\/\" target=\"_blank\" rel=\"noopener\">y las Congregaciones<\/a><\/span><\/h4><\/li><\/ul>\t\t\t\t\t\t<\/div>\n\t\t\t\t<\/div>\n\t\t\t\t\t<\/div>\n\t\t<\/div>\n\t\t\t\t\t<\/div>\n\t\t<\/section>\n\t\t\t\t<section class=\"elementor-section elementor-top-section elementor-element elementor-element-e7f21fe elementor-section-boxed elementor-section-height-default elementor-section-height-default\" data-id=\"e7f21fe\" data-element_type=\"section\">\n\t\t\t\t\t\t<div class=\"elementor-container elementor-column-gap-default\">\n\t\t\t\t\t<div class=\"elementor-column elementor-col-100 elementor-top-column elementor-element elementor-element-aff3d9e\" data-id=\"aff3d9e\" data-element_type=\"column\">\n\t\t\t<div class=\"elementor-widget-wrap elementor-element-populated\">\n\t\t\t\t\t\t<div class=\"elementor-element elementor-element-47eee81 elementor-widget elementor-widget-image\" data-id=\"47eee81\" data-element_type=\"widget\" data-widget_type=\"image.default\">\n\t\t\t\t<div class=\"elementor-widget-container\">\n\t\t\t\t\t\t\t\t\t\t\t\t\t\t<a href=\"https:\/\/drive.google.com\/file\/d\/1-pxnnQN993PqYrOnHb6CJ9Kt7Tb--H9i\/view?usp=sharing\">\n\t\t\t\t\t\t\t<img fetchpriority=\"high\" decoding=\"async\" width=\"800\" height=\"549\" src=\"https:\/\/oiecinternational.com\/es\/wp-content\/uploads\/sites\/2\/2023\/08\/poster-OIEC-ES-formate-PF-web.jpg\" class=\"attachment-full size-full wp-image-4583\" alt=\"\" srcset=\"https:\/\/oiecinternational.com\/es\/wp-content\/uploads\/sites\/2\/2023\/08\/poster-OIEC-ES-formate-PF-web.jpg 800w, https:\/\/oiecinternational.com\/es\/wp-content\/uploads\/sites\/2\/2023\/08\/poster-OIEC-ES-formate-PF-web-300x206.jpg 300w, https:\/\/oiecinternational.com\/es\/wp-content\/uploads\/sites\/2\/2023\/08\/poster-OIEC-ES-formate-PF-web-768x527.jpg 768w\" sizes=\"(max-width: 800px) 100vw, 800px\" \/>\t\t\t\t\t\t\t\t<\/a>\n\t\t\t\t\t\t\t\t\t\t\t\t\t<\/div>\n\t\t\t\t<\/div>\n\t\t\t\t\t<\/div>\n\t\t<\/div>\n\t\t\t\t\t<\/div>\n\t\t<\/section>\n\t\t\t\t<\/div>\n\t\t","protected":false},"excerpt":{"rendered":"<p>La OIEC est\u00e1 dividida en seis grandes regiones: Americas \u00c1frica y Madagascar Asia y Ocean\u00eda Oriente Pr\u00f3ximo y Norte de \u00c1frica Europa y las Congregaciones<\/p>\n","protected":false},"author":3,"featured_media":0,"parent":4576,"menu_order":5,"comment_status":"closed","ping_status":"closed","template":"","meta":{"_eb_attr":"","footnotes":""},"class_list":["post-4578","page","type-page","status-publish","hentry"],"_links":{"self":[{"href":"https:\/\/oiecinternational.com\/es\/wp-json\/wp\/v2\/pages\/4578"}],"collection":[{"href":"https:\/\/oiecinternational.com\/es\/wp-json\/wp\/v2\/pages"}],"about":[{"href":"https:\/\/oiecinternational.com\/es\/wp-json\/wp\/v2\/types\/page"}],"author":[{"embeddable":true,"href":"https:\/\/oiecinternational.com\/es\/wp-json\/wp\/v2\/users\/3"}],"replies":[{"embeddable":true,"href":"https:\/\/oiecinternational.com\/es\/wp-json\/wp\/v2\/comments?post=4578"}],"version-history":[{"count":7,"href":"https:\/\/oiecinternational.com\/es\/wp-json\/wp\/v2\/pages\/4578\/revisions"}],"predecessor-version":[{"id":4590,"href":"https:\/\/oiecinternational.com\/es\/wp-json\/wp\/v2\/pages\/4578\/revisions\/4590"}],"up":[{"embeddable":true,"href":"https:\/\/oiecinternational.com\/es\/wp-json\/wp\/v2\/pages\/4576"}],"wp:attachment":[{"href":"https:\/\/oiecinternational.com\/es\/wp-json\/wp\/v2\/media?parent=4578"}],"curies":[{"name":"wp","href":"https:\/\/api.w.org\/{rel}","templated":true}]}}