{"id":4621,"date":"2023-08-18T18:00:14","date_gmt":"2023-08-18T16:00:14","guid":{"rendered":"http:\/\/jcgqqhj.cluster030.hosting.ovh.net\/es\/?page_id=4621"},"modified":"2023-08-18T18:17:23","modified_gmt":"2023-08-18T16:17:23","slug":"los-polos","status":"publish","type":"page","link":"https:\/\/oiecinternational.com\/es\/los-polos\/","title":{"rendered":"LOS POLOS"},"content":{"rendered":"\t\t<div data-elementor-type=\"wp-page\" data-elementor-id=\"4621\" class=\"elementor elementor-4621\">\n\t\t\t\t\t\t<section class=\"elementor-section elementor-top-section elementor-element elementor-element-8c3dc18 elementor-section-boxed elementor-section-height-default elementor-section-height-default\" data-id=\"8c3dc18\" data-element_type=\"section\">\n\t\t\t\t\t\t<div class=\"elementor-container elementor-column-gap-default\">\n\t\t\t\t\t<div class=\"elementor-column elementor-col-100 elementor-top-column elementor-element elementor-element-54e9ad8\" data-id=\"54e9ad8\" data-element_type=\"column\">\n\t\t\t<div class=\"elementor-widget-wrap elementor-element-populated\">\n\t\t\t\t\t\t<div class=\"elementor-element elementor-element-bd7b00c elementor-invisible elementor-widget elementor-widget-image\" data-id=\"bd7b00c\" data-element_type=\"widget\" data-settings=\"{&quot;_animation&quot;:&quot;zoomIn&quot;}\" data-widget_type=\"image.default\">\n\t\t\t\t<div class=\"elementor-widget-container\">\n\t\t\t\t\t\t\t\t\t\t\t\t\t<img fetchpriority=\"high\" decoding=\"async\" width=\"1100\" height=\"733\" src=\"https:\/\/oiecinternational.com\/es\/wp-content\/uploads\/sites\/2\/2023\/08\/business-people-connecting-puzzle-pieces-web.jpg\" class=\"attachment-full size-full wp-image-4622\" alt=\"\" srcset=\"https:\/\/oiecinternational.com\/es\/wp-content\/uploads\/sites\/2\/2023\/08\/business-people-connecting-puzzle-pieces-web.jpg 1100w, https:\/\/oiecinternational.com\/es\/wp-content\/uploads\/sites\/2\/2023\/08\/business-people-connecting-puzzle-pieces-web-300x200.jpg 300w, https:\/\/oiecinternational.com\/es\/wp-content\/uploads\/sites\/2\/2023\/08\/business-people-connecting-puzzle-pieces-web-1024x682.jpg 1024w, https:\/\/oiecinternational.com\/es\/wp-content\/uploads\/sites\/2\/2023\/08\/business-people-connecting-puzzle-pieces-web-768x512.jpg 768w, https:\/\/oiecinternational.com\/es\/wp-content\/uploads\/sites\/2\/2023\/08\/business-people-connecting-puzzle-pieces-web-600x400.jpg 600w\" sizes=\"(max-width: 1100px) 100vw, 1100px\" \/>\t\t\t\t\t\t\t\t\t\t\t\t\t<\/div>\n\t\t\t\t<\/div>\n\t\t\t\t\t<\/div>\n\t\t<\/div>\n\t\t\t\t\t<\/div>\n\t\t<\/section>\n\t\t\t\t<section class=\"elementor-section elementor-top-section elementor-element elementor-element-234e52e elementor-section-boxed elementor-section-height-default elementor-section-height-default\" data-id=\"234e52e\" data-element_type=\"section\">\n\t\t\t\t\t\t<div class=\"elementor-container elementor-column-gap-default\">\n\t\t\t\t\t<div class=\"elementor-column elementor-col-100 elementor-top-column elementor-element elementor-element-2586afd\" data-id=\"2586afd\" data-element_type=\"column\">\n\t\t\t<div class=\"elementor-widget-wrap elementor-element-populated\">\n\t\t\t\t\t\t<div class=\"elementor-element elementor-element-506d9ca elementor-view-default elementor-position-top elementor-mobile-position-top elementor-widget elementor-widget-icon-box\" data-id=\"506d9ca\" data-element_type=\"widget\" data-widget_type=\"icon-box.default\">\n\t\t\t\t<div class=\"elementor-widget-container\">\n\t\t\t\t\t<div class=\"elementor-icon-box-wrapper\">\n\n\t\t\t\t\t\t<div class=\"elementor-icon-box-icon\">\n\t\t\t\t<span  class=\"elementor-icon elementor-animation-\">\n\t\t\t\t<i aria-hidden=\"true\" class=\"fas fa-star\"><\/i>\t\t\t\t<\/span>\n\t\t\t<\/div>\n\t\t\t\n\t\t\t\t\t\t<div class=\"elementor-icon-box-content\">\n\n\t\t\t\t\t\t\t\t\t<h2 class=\"elementor-icon-box-title\">\n\t\t\t\t\t\t<span  >\n\t\t\t\t\t\t\tUna nueva organizaci\u00f3n\t\t\t\t\t\t<\/span>\n\t\t\t\t\t<\/h2>\n\t\t\t\t\n\t\t\t\t\t\t\t\t\t<p class=\"elementor-icon-box-description\">\n\t\t\t\t\t\tEn 2023 se reorganiz\u00f3 la OIEC.\t\t\t\t\t<\/p>\n\t\t\t\t\n\t\t\t<\/div>\n\t\t\t\n\t\t<\/div>\n\t\t\t\t<\/div>\n\t\t\t\t<\/div>\n\t\t\t\t\t<\/div>\n\t\t<\/div>\n\t\t\t\t\t<\/div>\n\t\t<\/section>\n\t\t\t\t<section class=\"elementor-section elementor-top-section elementor-element elementor-element-4ebcff3 elementor-section-boxed elementor-section-height-default elementor-section-height-default\" data-id=\"4ebcff3\" data-element_type=\"section\">\n\t\t\t\t\t\t<div class=\"elementor-container elementor-column-gap-default\">\n\t\t\t\t\t<div class=\"elementor-column elementor-col-100 elementor-top-column elementor-element elementor-element-f966a5c\" data-id=\"f966a5c\" data-element_type=\"column\">\n\t\t\t<div class=\"elementor-widget-wrap elementor-element-populated\">\n\t\t\t\t\t\t<div class=\"elementor-element elementor-element-bad1a81 elementor-widget elementor-widget-text-editor\" data-id=\"bad1a81\" data-element_type=\"widget\" data-widget_type=\"text-editor.default\">\n\t\t\t\t<div class=\"elementor-widget-container\">\n\t\t\t\t\t\t\t<p style=\"text-align: center;\"><a href=\"http:\/\/oiecinternational.com\/es\/wp-content\/uploads\/sites\/2\/2023\/08\/Organigramme-OIEC-ES.pdf\" target=\"_blank\" rel=\"noopener\">Descargar el organigrama<\/a><\/p>\t\t\t\t\t\t<\/div>\n\t\t\t\t<\/div>\n\t\t\t\t\t<\/div>\n\t\t<\/div>\n\t\t\t\t\t<\/div>\n\t\t<\/section>\n\t\t\t\t<section class=\"elementor-section elementor-top-section elementor-element elementor-element-efc66ad elementor-section-boxed elementor-section-height-default elementor-section-height-default\" data-id=\"efc66ad\" data-element_type=\"section\">\n\t\t\t\t\t\t<div class=\"elementor-container elementor-column-gap-default\">\n\t\t\t\t\t<div class=\"elementor-column elementor-col-33 elementor-top-column elementor-element elementor-element-7a924d5\" data-id=\"7a924d5\" data-element_type=\"column\">\n\t\t\t<div class=\"elementor-widget-wrap elementor-element-populated\">\n\t\t\t\t\t\t<div class=\"elementor-element elementor-element-a6d3266 eael-infobox-content-align--center elementor-widget elementor-widget-eael-info-box\" data-id=\"a6d3266\" data-element_type=\"widget\" data-widget_type=\"eael-info-box.default\">\n\t\t\t\t<div class=\"elementor-widget-container\">\n\t\t\t        <div class=\"eael-infobox\">\n\t            <div class=\"infobox-content\">\n                                                                                                <h2>\u00a0<\/h2><h2 style=\"text-align: center;\">5 \u00e1reas <br \/>de negocio <br \/>transversales<\/h2>                                                                            <\/div>\n            <\/div>\n\n\t\t\t\t<\/div>\n\t\t\t\t<\/div>\n\t\t\t\t\t<\/div>\n\t\t<\/div>\n\t\t\t\t<div class=\"elementor-column elementor-col-33 elementor-top-column elementor-element elementor-element-4c73812\" data-id=\"4c73812\" data-element_type=\"column\">\n\t\t\t<div class=\"elementor-widget-wrap elementor-element-populated\">\n\t\t\t\t\t\t<div class=\"elementor-element elementor-element-db59ec6 eael-infobox-content-align--center elementor-invisible elementor-widget elementor-widget-eael-info-box\" data-id=\"db59ec6\" data-element_type=\"widget\" data-settings=\"{&quot;_animation&quot;:&quot;fadeIn&quot;}\" data-widget_type=\"eael-info-box.default\">\n\t\t\t\t<div class=\"elementor-widget-container\">\n\t\t\t        <div class=\"eael-infobox\">\n\t            <div class=\"infobox-content\">\n                            <h3 class=\"title\"> <\/h3>\n                                                                                                <p><h2 style=\"text-align: center;\"><span style=\"color: #ffffff;\">Polo <\/span><br \/><span style=\"color: #ffffff;\">acad\u00e9mico<\/span><\/h2><\/p>                                                <div class=\"infobox-button\">\n            <a class=\"eael-infobox-button\" href=\"http:\/\/oiecinternational.com\/fr\/poleacademique\/\">\n                                                            <i aria-hidden=\"true\" class=\"eael_infobox_button_icon_left far fa-arrow-alt-circle-right\"><\/i>                                                    <span class=\"infobox-button-text\"><\/span>\n                            <\/a>\n        <\/div>\n                                    <\/div>\n            <\/div>\n\n\t\t\t\t<\/div>\n\t\t\t\t<\/div>\n\t\t\t\t\t<\/div>\n\t\t<\/div>\n\t\t\t\t<div class=\"elementor-column elementor-col-33 elementor-top-column elementor-element elementor-element-1337990\" data-id=\"1337990\" data-element_type=\"column\">\n\t\t\t<div class=\"elementor-widget-wrap elementor-element-populated\">\n\t\t\t\t\t\t<div class=\"elementor-element elementor-element-32a035f eael-infobox-content-align--center elementor-invisible elementor-widget elementor-widget-eael-info-box\" data-id=\"32a035f\" data-element_type=\"widget\" data-settings=\"{&quot;_animation&quot;:&quot;fadeIn&quot;}\" data-widget_type=\"eael-info-box.default\">\n\t\t\t\t<div class=\"elementor-widget-container\">\n\t\t\t        <div class=\"eael-infobox\">\n\t            <div class=\"infobox-content\">\n                            <h2 class=\"title\"> <\/h2>\n                                                                                                <p><h2 style=\"text-align: center;\"><span style=\"color: #ffffff;\">Polo<\/span><br \/><span style=\"color: #ffffff;\">de<\/span><br \/><span style=\"color: #ffffff;\">Representaci\u00f3n<\/span><\/h2><\/p>                                                <div class=\"infobox-button\">\n            <a class=\"eael-infobox-button\" href=\"http:\/\/oiecinternational.com\/fr\/pole-de-la-representation\/\">\n                                                            <i aria-hidden=\"true\" class=\"eael_infobox_button_icon_left far fa-arrow-alt-circle-right\"><\/i>                                                    <span class=\"infobox-button-text\"><\/span>\n                            <\/a>\n        <\/div>\n                                    <\/div>\n            <\/div>\n\n\t\t\t\t<\/div>\n\t\t\t\t<\/div>\n\t\t\t\t\t<\/div>\n\t\t<\/div>\n\t\t\t\t\t<\/div>\n\t\t<\/section>\n\t\t\t\t<section class=\"elementor-section elementor-top-section elementor-element elementor-element-b5ed3e3 elementor-section-boxed elementor-section-height-default elementor-section-height-default\" data-id=\"b5ed3e3\" data-element_type=\"section\">\n\t\t\t\t\t\t<div class=\"elementor-container elementor-column-gap-default\">\n\t\t\t\t\t<div class=\"elementor-column elementor-col-33 elementor-top-column elementor-element elementor-element-6769889\" data-id=\"6769889\" data-element_type=\"column\">\n\t\t\t<div class=\"elementor-widget-wrap elementor-element-populated\">\n\t\t\t\t\t\t<div class=\"elementor-element elementor-element-c2d02c2 eael-infobox-content-align--center elementor-invisible elementor-widget elementor-widget-eael-info-box\" data-id=\"c2d02c2\" data-element_type=\"widget\" data-settings=\"{&quot;_animation&quot;:&quot;fadeIn&quot;}\" data-widget_type=\"eael-info-box.default\">\n\t\t\t\t<div class=\"elementor-widget-container\">\n\t\t\t        <div class=\"eael-infobox\">\n\t            <div class=\"infobox-content\">\n                            <h2 class=\"title\"> <\/h2>\n                                                                                                <p><h2 style=\"text-align: center;\"><span style=\"color: #ffffff;\">Polo de Proyecto <\/span><br \/><span style=\"color: #ffffff;\">educativo y cultural<\/span><\/h2><\/p>                                                <div class=\"infobox-button\">\n            <a class=\"eael-infobox-button\" href=\"http:\/\/oiecinternational.com\/fr\/pole-projets-educatifs-et-culturels\/\">\n                                                            <i aria-hidden=\"true\" class=\"eael_infobox_button_icon_left far fa-arrow-alt-circle-right\"><\/i>                                                    <span class=\"infobox-button-text\"><\/span>\n                            <\/a>\n        <\/div>\n                                    <\/div>\n            <\/div>\n\n\t\t\t\t<\/div>\n\t\t\t\t<\/div>\n\t\t\t\t\t<\/div>\n\t\t<\/div>\n\t\t\t\t<div class=\"elementor-column elementor-col-33 elementor-top-column elementor-element elementor-element-1f5ad97\" data-id=\"1f5ad97\" data-element_type=\"column\">\n\t\t\t<div class=\"elementor-widget-wrap elementor-element-populated\">\n\t\t\t\t\t\t<div class=\"elementor-element elementor-element-0299b9b eael-infobox-content-align--center elementor-invisible elementor-widget elementor-widget-eael-info-box\" data-id=\"0299b9b\" data-element_type=\"widget\" data-settings=\"{&quot;_animation&quot;:&quot;fadeIn&quot;}\" data-widget_type=\"eael-info-box.default\">\n\t\t\t\t<div class=\"elementor-widget-container\">\n\t\t\t        <div class=\"eael-infobox\">\n\t            <div class=\"infobox-content\">\n                            <h3 class=\"title\"> <\/h3>\n                                                                                                <p><h2 style=\"text-align: center;\"><span style=\"color: #ffffff;\">Polo<\/span><br \/><span style=\"color: #ffffff;\">juventud<\/span><\/h2><\/p>                                                <div class=\"infobox-button\">\n            <a class=\"eael-infobox-button\" href=\"http:\/\/oiecinternational.com\/fr\/pole-de-la-jeunesse\/\">\n                                                            <i aria-hidden=\"true\" class=\"eael_infobox_button_icon_left far fa-arrow-alt-circle-right\"><\/i>                                                    <span class=\"infobox-button-text\"><\/span>\n                            <\/a>\n        <\/div>\n                                    <\/div>\n            <\/div>\n\n\t\t\t\t<\/div>\n\t\t\t\t<\/div>\n\t\t\t\t\t<\/div>\n\t\t<\/div>\n\t\t\t\t<div class=\"elementor-column elementor-col-33 elementor-top-column elementor-element elementor-element-4cf69ea\" data-id=\"4cf69ea\" data-element_type=\"column\">\n\t\t\t<div class=\"elementor-widget-wrap elementor-element-populated\">\n\t\t\t\t\t\t<div class=\"elementor-element elementor-element-f6964f7 eael-infobox-content-align--center elementor-invisible elementor-widget elementor-widget-eael-info-box\" data-id=\"f6964f7\" data-element_type=\"widget\" data-settings=\"{&quot;_animation&quot;:&quot;fadeIn&quot;}\" data-widget_type=\"eael-info-box.default\">\n\t\t\t\t<div class=\"elementor-widget-container\">\n\t\t\t        <div class=\"eael-infobox\">\n\t            <div class=\"infobox-content\">\n                            <h3 class=\"title\"> <\/h3>\n                                                                                                <p><h2 style=\"text-align: center;\"><span style=\"color: #ffffff;\">Polo<\/span><br \/><span style=\"color: #ffffff;\"> Solidaridad <\/span><br \/><span style=\"color: #ffffff;\">Internacional<\/span><\/h2><\/p>                                                <div class=\"infobox-button\">\n            <a class=\"eael-infobox-button\" href=\"http:\/\/oiecinternational.com\/fr\/pole-solidarite-internationale\/\">\n                                                            <i aria-hidden=\"true\" class=\"eael_infobox_button_icon_left far fa-arrow-alt-circle-right\"><\/i>                                                    <span class=\"infobox-button-text\"><\/span>\n                            <\/a>\n        <\/div>\n                                    <\/div>\n            <\/div>\n\n\t\t\t\t<\/div>\n\t\t\t\t<\/div>\n\t\t\t\t\t<\/div>\n\t\t<\/div>\n\t\t\t\t\t<\/div>\n\t\t<\/section>\n\t\t\t\t<section class=\"elementor-section elementor-top-section elementor-element elementor-element-b9b24e8 elementor-section-boxed elementor-section-height-default elementor-section-height-default\" data-id=\"b9b24e8\" data-element_type=\"section\">\n\t\t\t\t\t\t<div class=\"elementor-container elementor-column-gap-default\">\n\t\t\t\t\t<div class=\"elementor-column elementor-col-100 elementor-top-column elementor-element elementor-element-b6fc9c0\" data-id=\"b6fc9c0\" data-element_type=\"column\">\n\t\t\t<div class=\"elementor-widget-wrap elementor-element-populated\">\n\t\t\t\t\t\t<div class=\"elementor-element elementor-element-6ff8f0c elementor-widget elementor-widget-spacer\" data-id=\"6ff8f0c\" data-element_type=\"widget\" data-widget_type=\"spacer.default\">\n\t\t\t\t<div class=\"elementor-widget-container\">\n\t\t\t\t\t<div class=\"elementor-spacer\">\n\t\t\t<div class=\"elementor-spacer-inner\"><\/div>\n\t\t<\/div>\n\t\t\t\t<\/div>\n\t\t\t\t<\/div>\n\t\t\t\t\t<\/div>\n\t\t<\/div>\n\t\t\t\t\t<\/div>\n\t\t<\/section>\n\t\t\t\t<section class=\"elementor-section elementor-top-section elementor-element elementor-element-b9a7d70 elementor-section-boxed elementor-section-height-default elementor-section-height-default\" data-id=\"b9a7d70\" data-element_type=\"section\">\n\t\t\t\t\t\t<div class=\"elementor-container elementor-column-gap-default\">\n\t\t\t\t\t<div class=\"elementor-column elementor-col-33 elementor-top-column elementor-element elementor-element-83a1ced\" data-id=\"83a1ced\" data-element_type=\"column\">\n\t\t\t<div class=\"elementor-widget-wrap elementor-element-populated\">\n\t\t\t\t\t\t<div class=\"elementor-element elementor-element-425ad6f eael-infobox-content-align--center elementor-widget elementor-widget-eael-info-box\" data-id=\"425ad6f\" data-element_type=\"widget\" data-widget_type=\"eael-info-box.default\">\n\t\t\t\t<div class=\"elementor-widget-container\">\n\t\t\t        <div class=\"eael-infobox\">\n\t            <div class=\"infobox-content\">\n                                                                                                <h2>\u00a0<\/h2><h2 style=\"text-align: center;\">5 polos<br \/>cuya actividad\u00a0<br \/>es m\u00e1s t\u00e9cnica<\/h2>                                                                            <\/div>\n            <\/div>\n\n\t\t\t\t<\/div>\n\t\t\t\t<\/div>\n\t\t\t\t\t<\/div>\n\t\t<\/div>\n\t\t\t\t<div class=\"elementor-column elementor-col-33 elementor-top-column elementor-element elementor-element-e7bb464\" data-id=\"e7bb464\" data-element_type=\"column\">\n\t\t\t<div class=\"elementor-widget-wrap elementor-element-populated\">\n\t\t\t\t\t\t<div class=\"elementor-element elementor-element-19f89b7 eael-infobox-content-align--center elementor-invisible elementor-widget elementor-widget-eael-info-box\" data-id=\"19f89b7\" data-element_type=\"widget\" data-settings=\"{&quot;_animation&quot;:&quot;fadeIn&quot;}\" data-widget_type=\"eael-info-box.default\">\n\t\t\t\t<div class=\"elementor-widget-container\">\n\t\t\t        <div class=\"eael-infobox\">\n\t            <div class=\"infobox-content\">\n                            <h3 class=\"title\"> <\/h3>\n                                                                                                <p><h2 style=\"text-align: center;\"><span style=\"color: #ffffff;\">Polo<\/span><br \/><span style=\"color: #ffffff;\">COMUNICACI\u00d3N<\/span><\/h2><\/p>                                                                            <\/div>\n            <\/div>\n\n\t\t\t\t<\/div>\n\t\t\t\t<\/div>\n\t\t\t\t\t<\/div>\n\t\t<\/div>\n\t\t\t\t<div class=\"elementor-column elementor-col-33 elementor-top-column elementor-element elementor-element-e40c923\" data-id=\"e40c923\" data-element_type=\"column\">\n\t\t\t<div class=\"elementor-widget-wrap elementor-element-populated\">\n\t\t\t\t\t\t<div class=\"elementor-element elementor-element-7eb22f0 eael-infobox-content-align--center elementor-invisible elementor-widget elementor-widget-eael-info-box\" data-id=\"7eb22f0\" data-element_type=\"widget\" data-settings=\"{&quot;_animation&quot;:&quot;fadeIn&quot;}\" data-widget_type=\"eael-info-box.default\">\n\t\t\t\t<div class=\"elementor-widget-container\">\n\t\t\t        <div class=\"eael-infobox\">\n\t            <div class=\"infobox-content\">\n                            <h2 class=\"title\"> <\/h2>\n                                                                                                <p><h2 style=\"text-align: center;\"><span style=\"color: #ffffff;\">Polo<\/span><br \/><span style=\"color: #ffffff;\">FINANZAS<\/span><\/h2><\/p>                                                                            <\/div>\n            <\/div>\n\n\t\t\t\t<\/div>\n\t\t\t\t<\/div>\n\t\t\t\t\t<\/div>\n\t\t<\/div>\n\t\t\t\t\t<\/div>\n\t\t<\/section>\n\t\t\t\t<section class=\"elementor-section elementor-top-section elementor-element elementor-element-9386796 elementor-section-boxed elementor-section-height-default elementor-section-height-default\" data-id=\"9386796\" data-element_type=\"section\">\n\t\t\t\t\t\t<div class=\"elementor-container elementor-column-gap-default\">\n\t\t\t\t\t<div class=\"elementor-column elementor-col-33 elementor-top-column elementor-element elementor-element-22ace3d\" data-id=\"22ace3d\" data-element_type=\"column\">\n\t\t\t<div class=\"elementor-widget-wrap elementor-element-populated\">\n\t\t\t\t\t\t<div class=\"elementor-element elementor-element-1a3f6d5 eael-infobox-content-align--center elementor-invisible elementor-widget elementor-widget-eael-info-box\" data-id=\"1a3f6d5\" data-element_type=\"widget\" data-settings=\"{&quot;_animation&quot;:&quot;fadeIn&quot;}\" data-widget_type=\"eael-info-box.default\">\n\t\t\t\t<div class=\"elementor-widget-container\">\n\t\t\t        <div class=\"eael-infobox\">\n\t            <div class=\"infobox-content\">\n                            <h2 class=\"title\"> <\/h2>\n                                                                                                <p><h2 style=\"text-align: center;\"><span style=\"color: #ffffff;\">Polo<\/span><br \/><span style=\"color: #ffffff;\">JUR\u00cdDICO<\/span><\/h2><\/p>                                                                            <\/div>\n            <\/div>\n\n\t\t\t\t<\/div>\n\t\t\t\t<\/div>\n\t\t\t\t\t<\/div>\n\t\t<\/div>\n\t\t\t\t<div class=\"elementor-column elementor-col-33 elementor-top-column elementor-element elementor-element-3bd7dc0\" data-id=\"3bd7dc0\" data-element_type=\"column\">\n\t\t\t<div class=\"elementor-widget-wrap elementor-element-populated\">\n\t\t\t\t\t\t<div class=\"elementor-element elementor-element-af5dd11 eael-infobox-content-align--center elementor-invisible elementor-widget elementor-widget-eael-info-box\" data-id=\"af5dd11\" data-element_type=\"widget\" data-settings=\"{&quot;_animation&quot;:&quot;fadeIn&quot;}\" data-widget_type=\"eael-info-box.default\">\n\t\t\t\t<div class=\"elementor-widget-container\">\n\t\t\t        <div class=\"eael-infobox\">\n\t            <div class=\"infobox-content\">\n                            <h3 class=\"title\"> <\/h3>\n                                                                                                <p><h2 style=\"text-align: center;\"><span style=\"color: #ffffff;\">Polo<\/span><br \/><span style=\"color: #ffffff;\">ADMINISTRATIVA<\/span><\/h2><\/p>                                                                            <\/div>\n            <\/div>\n\n\t\t\t\t<\/div>\n\t\t\t\t<\/div>\n\t\t\t\t\t<\/div>\n\t\t<\/div>\n\t\t\t\t<div class=\"elementor-column elementor-col-33 elementor-top-column elementor-element elementor-element-a45b5e6\" data-id=\"a45b5e6\" data-element_type=\"column\">\n\t\t\t<div class=\"elementor-widget-wrap elementor-element-populated\">\n\t\t\t\t\t\t<div class=\"elementor-element elementor-element-84d0bd1 eael-infobox-content-align--center elementor-invisible elementor-widget elementor-widget-eael-info-box\" data-id=\"84d0bd1\" data-element_type=\"widget\" data-settings=\"{&quot;_animation&quot;:&quot;fadeIn&quot;}\" data-widget_type=\"eael-info-box.default\">\n\t\t\t\t<div class=\"elementor-widget-container\">\n\t\t\t        <div class=\"eael-infobox\">\n\t            <div class=\"infobox-content\">\n                            <h3 class=\"title\"> <\/h3>\n                                                                                                <p><h2 style=\"text-align: center;\"><span style=\"color: #ffffff;\">Polo<\/span><br \/><span style=\"color: #ffffff;\">T\u00c9CNICA<\/span><\/h2><\/p>                                                                            <\/div>\n            <\/div>\n\n\t\t\t\t<\/div>\n\t\t\t\t<\/div>\n\t\t\t\t\t<\/div>\n\t\t<\/div>\n\t\t\t\t\t<\/div>\n\t\t<\/section>\n\t\t\t\t<\/div>\n\t\t","protected":false},"excerpt":{"rendered":"<p>Una nueva organizaci\u00f3n En 2023 se reorganiz\u00f3 la OIEC. Descargar el organigrama &nbsp; 5 \u00e1reas de negocio transversales Polo acad\u00e9mico Polo de Representaci\u00f3n Polo de Proyecto educativo y cultural Polo juventud Polo Solidaridad Internacional &nbsp; 5 polos cuya actividad&nbsp; es m\u00e1s t\u00e9cnica Polo COMUNICACI\u00d3N Polo FINANZAS Polo JUR\u00cdDICO Polo ADMINISTRATIVA Polo T\u00c9CNICA<\/p>\n","protected":false},"author":3,"featured_media":0,"parent":0,"menu_order":3,"comment_status":"closed","ping_status":"closed","template":"","meta":{"_eb_attr":"","footnotes":""},"class_list":["post-4621","page","type-page","status-publish","hentry"],"_links":{"self":[{"href":"https:\/\/oiecinternational.com\/es\/wp-json\/wp\/v2\/pages\/4621"}],"collection":[{"href":"https:\/\/oiecinternational.com\/es\/wp-json\/wp\/v2\/pages"}],"about":[{"href":"https:\/\/oiecinternational.com\/es\/wp-json\/wp\/v2\/types\/page"}],"author":[{"embeddable":true,"href":"https:\/\/oiecinternational.com\/es\/wp-json\/wp\/v2\/users\/3"}],"replies":[{"embeddable":true,"href":"https:\/\/oiecinternational.com\/es\/wp-json\/wp\/v2\/comments?post=4621"}],"version-history":[{"count":8,"href":"https:\/\/oiecinternational.com\/es\/wp-json\/wp\/v2\/pages\/4621\/revisions"}],"predecessor-version":[{"id":4642,"href":"https:\/\/oiecinternational.com\/es\/wp-json\/wp\/v2\/pages\/4621\/revisions\/4642"}],"wp:attachment":[{"href":"https:\/\/oiecinternational.com\/es\/wp-json\/wp\/v2\/media?parent=4621"}],"curies":[{"name":"wp","href":"https:\/\/api.w.org\/{rel}","templated":true}]}}