{"id":4643,"date":"2023-08-18T18:23:22","date_gmt":"2023-08-18T16:23:22","guid":{"rendered":"http:\/\/jcgqqhj.cluster030.hosting.ovh.net\/es\/?page_id=4643"},"modified":"2023-08-19T07:42:28","modified_gmt":"2023-08-19T05:42:28","slug":"polo-academica","status":"publish","type":"page","link":"https:\/\/oiecinternational.com\/es\/los-polos\/polo-academica\/","title":{"rendered":"Polo Acad\u00e9mica"},"content":{"rendered":"\t\t<div data-elementor-type=\"wp-page\" data-elementor-id=\"4643\" class=\"elementor elementor-4643\">\n\t\t\t\t\t\t<section class=\"elementor-section elementor-top-section elementor-element elementor-element-b19fb35 elementor-section-boxed elementor-section-height-default elementor-section-height-default\" data-id=\"b19fb35\" data-element_type=\"section\">\n\t\t\t\t\t\t<div class=\"elementor-container elementor-column-gap-default\">\n\t\t\t\t\t<div class=\"elementor-column elementor-col-100 elementor-top-column elementor-element elementor-element-53c91ba\" data-id=\"53c91ba\" data-element_type=\"column\">\n\t\t\t<div class=\"elementor-widget-wrap elementor-element-populated\">\n\t\t\t\t\t\t<div class=\"elementor-element elementor-element-82cbfec elementor-invisible elementor-widget elementor-widget-image\" data-id=\"82cbfec\" data-element_type=\"widget\" data-settings=\"{&quot;_animation&quot;:&quot;zoomIn&quot;}\" data-widget_type=\"image.default\">\n\t\t\t\t<div class=\"elementor-widget-container\">\n\t\t\t\t\t\t\t\t\t\t\t\t\t<img fetchpriority=\"high\" decoding=\"async\" width=\"1100\" height=\"481\" src=\"https:\/\/oiecinternational.com\/es\/wp-content\/uploads\/sites\/2\/2023\/08\/AdobeStock_303350811-web.jpg\" class=\"attachment-full size-full wp-image-4645\" alt=\"\" srcset=\"https:\/\/oiecinternational.com\/es\/wp-content\/uploads\/sites\/2\/2023\/08\/AdobeStock_303350811-web.jpg 1100w, https:\/\/oiecinternational.com\/es\/wp-content\/uploads\/sites\/2\/2023\/08\/AdobeStock_303350811-web-300x131.jpg 300w, https:\/\/oiecinternational.com\/es\/wp-content\/uploads\/sites\/2\/2023\/08\/AdobeStock_303350811-web-1024x448.jpg 1024w, https:\/\/oiecinternational.com\/es\/wp-content\/uploads\/sites\/2\/2023\/08\/AdobeStock_303350811-web-768x336.jpg 768w\" sizes=\"(max-width: 1100px) 100vw, 1100px\" \/>\t\t\t\t\t\t\t\t\t\t\t\t\t<\/div>\n\t\t\t\t<\/div>\n\t\t\t\t\t<\/div>\n\t\t<\/div>\n\t\t\t\t\t<\/div>\n\t\t<\/section>\n\t\t\t\t<section class=\"elementor-section elementor-top-section elementor-element elementor-element-d3bc82c elementor-section-boxed elementor-section-height-default elementor-section-height-default\" data-id=\"d3bc82c\" data-element_type=\"section\">\n\t\t\t\t\t\t<div class=\"elementor-container elementor-column-gap-default\">\n\t\t\t\t\t<div class=\"elementor-column elementor-col-100 elementor-top-column elementor-element elementor-element-e758040\" data-id=\"e758040\" data-element_type=\"column\">\n\t\t\t<div class=\"elementor-widget-wrap elementor-element-populated\">\n\t\t\t\t\t\t<div class=\"elementor-element elementor-element-04c46e6 elementor-view-default elementor-widget elementor-widget-icon\" data-id=\"04c46e6\" data-element_type=\"widget\" data-widget_type=\"icon.default\">\n\t\t\t\t<div class=\"elementor-widget-container\">\n\t\t\t\t\t<div class=\"elementor-icon-wrapper\">\n\t\t\t<div class=\"elementor-icon\">\n\t\t\t<i aria-hidden=\"true\" class=\"fas fa-star\"><\/i>\t\t\t<\/div>\n\t\t<\/div>\n\t\t\t\t<\/div>\n\t\t\t\t<\/div>\n\t\t\t\t\t<\/div>\n\t\t<\/div>\n\t\t\t\t\t<\/div>\n\t\t<\/section>\n\t\t\t\t<section class=\"elementor-section elementor-top-section elementor-element elementor-element-773500c elementor-section-boxed elementor-section-height-default elementor-section-height-default\" data-id=\"773500c\" data-element_type=\"section\">\n\t\t\t\t\t\t<div class=\"elementor-container elementor-column-gap-default\">\n\t\t\t\t\t<div class=\"elementor-column elementor-col-100 elementor-top-column elementor-element elementor-element-5b819fc\" data-id=\"5b819fc\" data-element_type=\"column\">\n\t\t\t<div class=\"elementor-widget-wrap elementor-element-populated\">\n\t\t\t\t\t\t<div class=\"elementor-element elementor-element-6ca3fc8 elementor-widget elementor-widget-heading\" data-id=\"6ca3fc8\" data-element_type=\"widget\" data-widget_type=\"heading.default\">\n\t\t\t\t<div class=\"elementor-widget-container\">\n\t\t\t<h1 class=\"elementor-heading-title elementor-size-default\">POLO ACAD\u00c9MICA<\/h1>\t\t<\/div>\n\t\t\t\t<\/div>\n\t\t\t\t\t<\/div>\n\t\t<\/div>\n\t\t\t\t\t<\/div>\n\t\t<\/section>\n\t\t\t\t<section class=\"elementor-section elementor-top-section elementor-element elementor-element-78203bb elementor-section-boxed elementor-section-height-default elementor-section-height-default\" data-id=\"78203bb\" data-element_type=\"section\">\n\t\t\t\t\t\t<div class=\"elementor-container elementor-column-gap-default\">\n\t\t\t\t\t<div class=\"elementor-column elementor-col-100 elementor-top-column elementor-element elementor-element-caa0e0f\" data-id=\"caa0e0f\" data-element_type=\"column\">\n\t\t\t<div class=\"elementor-widget-wrap elementor-element-populated\">\n\t\t\t\t\t\t<div class=\"elementor-element elementor-element-73b6878 elementor-widget elementor-widget-text-editor\" data-id=\"73b6878\" data-element_type=\"widget\" data-widget_type=\"text-editor.default\">\n\t\t\t\t<div class=\"elementor-widget-container\">\n\t\t\t\t\t\t\t<h3><span style=\"color: #333333;\">\u00a0<\/span><\/h3><h3><span style=\"color: #333333;\">El polo acad\u00e9mico tiene un importante papel que desempe\u00f1ar en <span style=\"color: #00ccff;\">la construcci\u00f3n del Pacto Educativo Global.<\/span><\/span><\/h3><ul><li><h4><span style=\"color: #333333;\">Promover la investigaci\u00f3n sobre la contribuci\u00f3n espec\u00edfica de la escuela cat\u00f3lica en el campo de la educaci\u00f3n y sobre la adaptaci\u00f3n de la escuela a las necesidades, realidades y aspiraciones de su entorno;<\/span><\/h4><\/li><li><h4><span style=\"color: #333333;\">Servir de red de intercambio entre sus miembros, para su mutua informaci\u00f3n y la de otros educadores, mediante el desarrollo de la comunicaci\u00f3n.<\/span><\/h4><\/li><\/ul>\t\t\t\t\t\t<\/div>\n\t\t\t\t<\/div>\n\t\t\t\t\t<\/div>\n\t\t<\/div>\n\t\t\t\t\t<\/div>\n\t\t<\/section>\n\t\t\t\t<section class=\"elementor-section elementor-top-section elementor-element elementor-element-e85e2a7 elementor-section-boxed elementor-section-height-default elementor-section-height-default\" data-id=\"e85e2a7\" data-element_type=\"section\">\n\t\t\t\t\t\t<div class=\"elementor-container elementor-column-gap-default\">\n\t\t\t\t\t<div class=\"elementor-column elementor-col-100 elementor-top-column elementor-element elementor-element-b69089f\" data-id=\"b69089f\" data-element_type=\"column\">\n\t\t\t<div class=\"elementor-widget-wrap elementor-element-populated\">\n\t\t\t\t\t\t<div class=\"elementor-element elementor-element-7afa2e4 elementor-widget elementor-widget-text-editor\" data-id=\"7afa2e4\" data-element_type=\"widget\" data-widget_type=\"text-editor.default\">\n\t\t\t\t<div class=\"elementor-widget-container\">\n\t\t\t\t\t\t\t<blockquote><h1>Construir el Pacto Educativo<\/h1><h3>DE LO LOCAL A LO GLOBAL<\/h3><p>La Secci\u00f3n Acad\u00e9mica ofrece regularmente publicaciones a todos sus miembros para ayudarles a comprender mejor las directrices establecidas por el Papa y el Dicasterio para la Cultura y la Educaci\u00f3n.<\/p><\/blockquote>\t\t\t\t\t\t<\/div>\n\t\t\t\t<\/div>\n\t\t\t\t\t<\/div>\n\t\t<\/div>\n\t\t\t\t\t<\/div>\n\t\t<\/section>\n\t\t\t\t<section class=\"elementor-section elementor-top-section elementor-element elementor-element-a854c7c elementor-section-boxed elementor-section-height-default elementor-section-height-default\" data-id=\"a854c7c\" data-element_type=\"section\">\n\t\t\t\t\t\t<div class=\"elementor-container elementor-column-gap-default\">\n\t\t\t\t\t<div class=\"elementor-column elementor-col-25 elementor-top-column elementor-element elementor-element-58562ac\" data-id=\"58562ac\" data-element_type=\"column\">\n\t\t\t<div class=\"elementor-widget-wrap elementor-element-populated\">\n\t\t\t\t\t\t<div class=\"elementor-element elementor-element-368290a elementor-widget elementor-widget-image\" data-id=\"368290a\" data-element_type=\"widget\" data-widget_type=\"image.default\">\n\t\t\t\t<div class=\"elementor-widget-container\">\n\t\t\t\t\t\t\t\t\t\t\t\t\t<img decoding=\"async\" width=\"400\" height=\"565\" src=\"https:\/\/oiecinternational.com\/es\/wp-content\/uploads\/sites\/2\/2023\/08\/Pacto-educativo-Global-santander-web.png\" class=\"attachment-large size-large wp-image-4647\" alt=\"\" srcset=\"https:\/\/oiecinternational.com\/es\/wp-content\/uploads\/sites\/2\/2023\/08\/Pacto-educativo-Global-santander-web.png 400w, https:\/\/oiecinternational.com\/es\/wp-content\/uploads\/sites\/2\/2023\/08\/Pacto-educativo-Global-santander-web-212x300.png 212w\" sizes=\"(max-width: 400px) 100vw, 400px\" \/>\t\t\t\t\t\t\t\t\t\t\t\t\t<\/div>\n\t\t\t\t<\/div>\n\t\t\t\t\t<\/div>\n\t\t<\/div>\n\t\t\t\t<div class=\"elementor-column elementor-col-25 elementor-top-column elementor-element elementor-element-7e3b4e4\" data-id=\"7e3b4e4\" data-element_type=\"column\">\n\t\t\t<div class=\"elementor-widget-wrap elementor-element-populated\">\n\t\t\t\t\t\t<div class=\"elementor-element elementor-element-d974147 elementor-widget elementor-widget-image\" data-id=\"d974147\" data-element_type=\"widget\" data-widget_type=\"image.default\">\n\t\t\t\t<div class=\"elementor-widget-container\">\n\t\t\t\t\t\t\t\t\t\t\t\t\t<img decoding=\"async\" width=\"640\" height=\"905\" src=\"https:\/\/oiecinternational.com\/es\/wp-content\/uploads\/sites\/2\/2023\/07\/PEG-ES-724x1024.png\" class=\"attachment-large size-large wp-image-4522\" alt=\"\" srcset=\"https:\/\/oiecinternational.com\/es\/wp-content\/uploads\/sites\/2\/2023\/07\/PEG-ES-724x1024.png 724w, https:\/\/oiecinternational.com\/es\/wp-content\/uploads\/sites\/2\/2023\/07\/PEG-ES-212x300.png 212w, https:\/\/oiecinternational.com\/es\/wp-content\/uploads\/sites\/2\/2023\/07\/PEG-ES-768x1086.png 768w, https:\/\/oiecinternational.com\/es\/wp-content\/uploads\/sites\/2\/2023\/07\/PEG-ES-1086x1536.png 1086w, https:\/\/oiecinternational.com\/es\/wp-content\/uploads\/sites\/2\/2023\/07\/PEG-ES-1448x2048.png 1448w, https:\/\/oiecinternational.com\/es\/wp-content\/uploads\/sites\/2\/2023\/07\/PEG-ES.png 1488w\" sizes=\"(max-width: 640px) 100vw, 640px\" \/>\t\t\t\t\t\t\t\t\t\t\t\t\t<\/div>\n\t\t\t\t<\/div>\n\t\t\t\t\t<\/div>\n\t\t<\/div>\n\t\t\t\t<div class=\"elementor-column elementor-col-25 elementor-top-column elementor-element elementor-element-857bb24\" data-id=\"857bb24\" data-element_type=\"column\">\n\t\t\t<div class=\"elementor-widget-wrap elementor-element-populated\">\n\t\t\t\t\t\t<div class=\"elementor-element elementor-element-93dd9d5 elementor-widget elementor-widget-image\" data-id=\"93dd9d5\" data-element_type=\"widget\" data-widget_type=\"image.default\">\n\t\t\t\t<div class=\"elementor-widget-container\">\n\t\t\t\t\t\t\t\t\t\t\t\t\t<img loading=\"lazy\" decoding=\"async\" width=\"500\" height=\"680\" src=\"https:\/\/oiecinternational.com\/es\/wp-content\/uploads\/sites\/2\/2023\/05\/Build-the-compact-on-education-ES.jpg\" class=\"attachment-large size-large wp-image-4438\" alt=\"\" srcset=\"https:\/\/oiecinternational.com\/es\/wp-content\/uploads\/sites\/2\/2023\/05\/Build-the-compact-on-education-ES.jpg 500w, https:\/\/oiecinternational.com\/es\/wp-content\/uploads\/sites\/2\/2023\/05\/Build-the-compact-on-education-ES-221x300.jpg 221w\" sizes=\"(max-width: 500px) 100vw, 500px\" \/>\t\t\t\t\t\t\t\t\t\t\t\t\t<\/div>\n\t\t\t\t<\/div>\n\t\t\t\t\t<\/div>\n\t\t<\/div>\n\t\t\t\t<div class=\"elementor-column elementor-col-25 elementor-top-column elementor-element elementor-element-0cec58e\" data-id=\"0cec58e\" data-element_type=\"column\">\n\t\t\t<div class=\"elementor-widget-wrap elementor-element-populated\">\n\t\t\t\t\t\t<div class=\"elementor-element elementor-element-f2e0f9b elementor-widget elementor-widget-image\" data-id=\"f2e0f9b\" data-element_type=\"widget\" data-widget_type=\"image.default\">\n\t\t\t\t<div class=\"elementor-widget-container\">\n\t\t\t\t\t\t\t\t\t\t\t\t\t<img loading=\"lazy\" decoding=\"async\" width=\"640\" height=\"797\" src=\"https:\/\/oiecinternational.com\/es\/wp-content\/uploads\/sites\/2\/2023\/05\/pacto-educativo-global-2-scaled-1-822x1024.jpg\" class=\"attachment-large size-large wp-image-4431\" alt=\"\" srcset=\"https:\/\/oiecinternational.com\/es\/wp-content\/uploads\/sites\/2\/2023\/05\/pacto-educativo-global-2-scaled-1-822x1024.jpg 822w, https:\/\/oiecinternational.com\/es\/wp-content\/uploads\/sites\/2\/2023\/05\/pacto-educativo-global-2-scaled-1-241x300.jpg 241w, https:\/\/oiecinternational.com\/es\/wp-content\/uploads\/sites\/2\/2023\/05\/pacto-educativo-global-2-scaled-1-768x957.jpg 768w, https:\/\/oiecinternational.com\/es\/wp-content\/uploads\/sites\/2\/2023\/05\/pacto-educativo-global-2-scaled-1-1232x1536.jpg 1232w, https:\/\/oiecinternational.com\/es\/wp-content\/uploads\/sites\/2\/2023\/05\/pacto-educativo-global-2-scaled-1-1643x2048.jpg 1643w\" sizes=\"(max-width: 640px) 100vw, 640px\" \/>\t\t\t\t\t\t\t\t\t\t\t\t\t<\/div>\n\t\t\t\t<\/div>\n\t\t\t\t\t<\/div>\n\t\t<\/div>\n\t\t\t\t\t<\/div>\n\t\t<\/section>\n\t\t\t\t<section class=\"elementor-section elementor-top-section elementor-element elementor-element-10b8224 elementor-section-boxed elementor-section-height-default elementor-section-height-default\" data-id=\"10b8224\" data-element_type=\"section\">\n\t\t\t\t\t\t<div class=\"elementor-container elementor-column-gap-default\">\n\t\t\t\t\t<div class=\"elementor-column elementor-col-100 elementor-top-column elementor-element elementor-element-f29de37\" data-id=\"f29de37\" data-element_type=\"column\">\n\t\t\t<div class=\"elementor-widget-wrap elementor-element-populated\">\n\t\t\t\t\t\t<div class=\"elementor-element elementor-element-ef03ba1 elementor-widget elementor-widget-text-editor\" data-id=\"ef03ba1\" data-element_type=\"widget\" data-widget_type=\"text-editor.default\">\n\t\t\t\t<div class=\"elementor-widget-container\">\n\t\t\t\t\t\t\t<blockquote><h4 style=\"text-align: left;\"><span style=\"color: #03b246;\"><a href=\"http:\/\/oiecinternational.com\/es\/contribuciones\/\" target=\"_blank\" rel=\"noopener\"><span style=\"text-decoration: underline;\">&gt;&gt; Descargar todas las publicaciones de la OIEC<\/span><\/a><\/span><\/h4><h4 style=\"text-align: left;\"><span style=\"color: #03b246;\">Para saber m\u00e1s:<br \/><a href=\"http:\/\/oiecinternational.com\/es\/pacto-educativo-global-compromiso-de-oiec\/\" target=\"_blank\" rel=\"noopener\"><span style=\"text-decoration: underline;\">&gt;&gt; Descubra &#8220;El Pacto Educativo Global y la OIEC&#8221;.<\/span><\/a><\/span><\/h4><\/blockquote>\t\t\t\t\t\t<\/div>\n\t\t\t\t<\/div>\n\t\t\t\t\t<\/div>\n\t\t<\/div>\n\t\t\t\t\t<\/div>\n\t\t<\/section>\n\t\t\t\t<section class=\"elementor-section elementor-top-section elementor-element elementor-element-80e7771 elementor-section-boxed elementor-section-height-default elementor-section-height-default\" data-id=\"80e7771\" data-element_type=\"section\">\n\t\t\t\t\t\t<div class=\"elementor-container elementor-column-gap-default\">\n\t\t\t\t\t<div class=\"elementor-column elementor-col-100 elementor-top-column elementor-element elementor-element-9d5da39\" data-id=\"9d5da39\" data-element_type=\"column\">\n\t\t\t<div class=\"elementor-widget-wrap elementor-element-populated\">\n\t\t\t\t\t\t<div class=\"elementor-element elementor-element-fc3875c elementor-widget elementor-widget-text-editor\" data-id=\"fc3875c\" data-element_type=\"widget\" data-widget_type=\"text-editor.default\">\n\t\t\t\t<div class=\"elementor-widget-container\">\n\t\t\t\t\t\t\t<blockquote><h1>Global Catholic Education Network<\/h1><h3>Red Mundial de Educaci\u00f3n Cat\u00f3lica<\/h3><h4>Junto con la Federaci\u00f3n Internacional de Universidades Cat\u00f3licas (FIUC), la Organizaci\u00f3n Mundial de Antiguos Alumnos de la Ense\u00f1anza Cat\u00f3lica (OMAEC) y la Uni\u00f3n Mundial de Profesores Cat\u00f3licos (UMPC), la OIEC forma <strong>la red mundial de la ense\u00f1anza cat\u00f3lica.<\/strong><\/h4><h4><strong>La Educaci\u00f3n Cat\u00f3lica Mundial informa y pone en contacto a educadores cat\u00f3licos de todo el mundo.\u00a0<\/strong><\/h4><h4><strong><span style=\"color: #333333;\">Les proporciona datos, an\u00e1lisis, oportunidades de aprendizaje y otros recursos para ayudarles a cumplir su misi\u00f3n, con especial atenci\u00f3n a las necesidades y aspiraciones de los m\u00e1s pobres y vulnerables.<\/span><\/strong><\/h4><h4><strong>&gt;&gt; M\u00e1s informaci\u00f3n:<\/strong><\/h4><\/blockquote>\t\t\t\t\t\t<\/div>\n\t\t\t\t<\/div>\n\t\t\t\t\t<\/div>\n\t\t<\/div>\n\t\t\t\t\t<\/div>\n\t\t<\/section>\n\t\t\t\t<section class=\"elementor-section elementor-top-section elementor-element elementor-element-be1bbec elementor-section-boxed elementor-section-height-default elementor-section-height-default\" data-id=\"be1bbec\" data-element_type=\"section\">\n\t\t\t\t\t\t<div class=\"elementor-container elementor-column-gap-default\">\n\t\t\t\t\t<div class=\"elementor-column elementor-col-50 elementor-top-column elementor-element elementor-element-9943fc0\" data-id=\"9943fc0\" data-element_type=\"column\">\n\t\t\t<div class=\"elementor-widget-wrap elementor-element-populated\">\n\t\t\t\t\t\t<div class=\"elementor-element elementor-element-2a24561 elementor-widget elementor-widget-image\" data-id=\"2a24561\" data-element_type=\"widget\" data-widget_type=\"image.default\">\n\t\t\t\t<div class=\"elementor-widget-container\">\n\t\t\t\t\t\t\t\t\t\t\t\t\t<img decoding=\"async\" src=\"https:\/\/oiecinternational.com\/es\/wp-content\/uploads\/sites\/2\/elementor\/thumbs\/Global-Catholic-Education-Report-2023-e1677156125299-qj4w97nrdhe2ahv41mr5wjybnkjfglayo3eim20uqc.png\" title=\"Global-Catholic-Education-Report-2023-e1677156125299.png\" alt=\"Global-Catholic-Education-Report-2023-e1677156125299.png\" loading=\"lazy\" \/>\t\t\t\t\t\t\t\t\t\t\t\t\t<\/div>\n\t\t\t\t<\/div>\n\t\t\t\t<div class=\"elementor-element elementor-element-bb54021 elementor-widget elementor-widget-text-editor\" data-id=\"bb54021\" data-element_type=\"widget\" data-widget_type=\"text-editor.default\">\n\t\t\t\t<div class=\"elementor-widget-container\">\n\t\t\t\t\t\t\t<ul><li><h4><a href=\"http:\/\/oiecinternational.com\/fr\/gce-et-cegri\/\" target=\"_blank\" rel=\"noopener\">Informe del <\/a><a href=\"http:\/\/oiecinternational.com\/fr\/gce-et-cegri\/\" target=\"_blank\" rel=\"noopener\">Global Catholic Education GCE &#8211;\u00a0 CEGRI<\/a><\/h4><\/li><\/ul>\t\t\t\t\t\t<\/div>\n\t\t\t\t<\/div>\n\t\t\t\t\t<\/div>\n\t\t<\/div>\n\t\t\t\t<div class=\"elementor-column elementor-col-50 elementor-top-column elementor-element elementor-element-04864d2\" data-id=\"04864d2\" data-element_type=\"column\">\n\t\t\t<div class=\"elementor-widget-wrap elementor-element-populated\">\n\t\t\t\t\t\t<div class=\"elementor-element elementor-element-74434d9 elementor-widget elementor-widget-image\" data-id=\"74434d9\" data-element_type=\"widget\" data-widget_type=\"image.default\">\n\t\t\t\t<div class=\"elementor-widget-container\">\n\t\t\t\t\t\t\t\t\t\t\t\t\t<img decoding=\"async\" src=\"https:\/\/oiecinternational.com\/es\/wp-content\/uploads\/sites\/2\/elementor\/thumbs\/IHD-2022-Final-e1677156240654-qj4wqv2nphjwaw84z9eyq3lx81jjzzdifger13upw4.png\" title=\"IHD-2022-Final-e1677156240654.png\" alt=\"IHD-2022-Final-e1677156240654.png\" loading=\"lazy\" \/>\t\t\t\t\t\t\t\t\t\t\t\t\t<\/div>\n\t\t\t\t<\/div>\n\t\t\t\t<div class=\"elementor-element elementor-element-d9d72d5 elementor-widget elementor-widget-text-editor\" data-id=\"d9d72d5\" data-element_type=\"widget\" data-widget_type=\"text-editor.default\">\n\t\t\t\t<div class=\"elementor-widget-container\">\n\t\t\t\t\t\t\t<ul><li><h4><a href=\"http:\/\/oiecinternational.com\/es\/informe-global-sobre-el-desarrollo-humano-integral\/\" target=\"_blank\" rel=\"noopener\">Informe global sobre el desarrollo humano integral<\/a><\/h4><\/li><\/ul>\t\t\t\t\t\t<\/div>\n\t\t\t\t<\/div>\n\t\t\t\t\t<\/div>\n\t\t<\/div>\n\t\t\t\t\t<\/div>\n\t\t<\/section>\n\t\t\t\t<\/div>\n\t\t","protected":false},"excerpt":{"rendered":"<p>POLO ACAD\u00c9MICA \u00a0 El polo acad\u00e9mico tiene un importante papel que desempe\u00f1ar en la construcci\u00f3n del Pacto Educativo Global. Promover la investigaci\u00f3n sobre la contribuci\u00f3n espec\u00edfica de la escuela cat\u00f3lica en el campo de la educaci\u00f3n y sobre la adaptaci\u00f3n de la escuela a las necesidades, realidades y aspiraciones de su entorno; Servir de red de intercambio entre sus miembros,&#8230;<\/p>\n","protected":false},"author":3,"featured_media":0,"parent":4621,"menu_order":1,"comment_status":"closed","ping_status":"closed","template":"","meta":{"_eb_attr":"","footnotes":""},"class_list":["post-4643","page","type-page","status-publish","hentry"],"_links":{"self":[{"href":"https:\/\/oiecinternational.com\/es\/wp-json\/wp\/v2\/pages\/4643"}],"collection":[{"href":"https:\/\/oiecinternational.com\/es\/wp-json\/wp\/v2\/pages"}],"about":[{"href":"https:\/\/oiecinternational.com\/es\/wp-json\/wp\/v2\/types\/page"}],"author":[{"embeddable":true,"href":"https:\/\/oiecinternational.com\/es\/wp-json\/wp\/v2\/users\/3"}],"replies":[{"embeddable":true,"href":"https:\/\/oiecinternational.com\/es\/wp-json\/wp\/v2\/comments?post=4643"}],"version-history":[{"count":19,"href":"https:\/\/oiecinternational.com\/es\/wp-json\/wp\/v2\/pages\/4643\/revisions"}],"predecessor-version":[{"id":4698,"href":"https:\/\/oiecinternational.com\/es\/wp-json\/wp\/v2\/pages\/4643\/revisions\/4698"}],"up":[{"embeddable":true,"href":"https:\/\/oiecinternational.com\/es\/wp-json\/wp\/v2\/pages\/4621"}],"wp:attachment":[{"href":"https:\/\/oiecinternational.com\/es\/wp-json\/wp\/v2\/media?parent=4643"}],"curies":[{"name":"wp","href":"https:\/\/api.w.org\/{rel}","templated":true}]}}