{"id":4667,"date":"2023-08-19T06:38:29","date_gmt":"2023-08-19T04:38:29","guid":{"rendered":"http:\/\/jcgqqhj.cluster030.hosting.ovh.net\/es\/?page_id=4667"},"modified":"2023-08-19T09:52:23","modified_gmt":"2023-08-19T07:52:23","slug":"polo-de-proyectos-educativos-y-culturales","status":"publish","type":"page","link":"https:\/\/oiecinternational.com\/es\/los-polos\/polo-de-proyectos-educativos-y-culturales\/","title":{"rendered":"Polo de Proyectos Educativos y Culturales"},"content":{"rendered":"\t\t<div data-elementor-type=\"wp-page\" data-elementor-id=\"4667\" class=\"elementor elementor-4667\">\n\t\t\t\t\t\t<section class=\"elementor-section elementor-top-section elementor-element elementor-element-5b51ad7 elementor-section-boxed elementor-section-height-default elementor-section-height-default\" data-id=\"5b51ad7\" data-element_type=\"section\">\n\t\t\t\t\t\t<div class=\"elementor-container elementor-column-gap-default\">\n\t\t\t\t\t<div class=\"elementor-column elementor-col-100 elementor-top-column elementor-element elementor-element-6fb5431\" data-id=\"6fb5431\" data-element_type=\"column\">\n\t\t\t<div class=\"elementor-widget-wrap elementor-element-populated\">\n\t\t\t\t\t\t<div class=\"elementor-element elementor-element-1350e84 elementor-invisible elementor-widget elementor-widget-image\" data-id=\"1350e84\" data-element_type=\"widget\" data-settings=\"{&quot;_animation&quot;:&quot;zoomIn&quot;}\" data-widget_type=\"image.default\">\n\t\t\t\t<div class=\"elementor-widget-container\">\n\t\t\t\t\t\t\t\t\t\t\t\t\t<img fetchpriority=\"high\" decoding=\"async\" width=\"1100\" height=\"733\" src=\"https:\/\/oiecinternational.com\/es\/wp-content\/uploads\/sites\/2\/2023\/08\/pole-projets.jpg\" class=\"attachment-full size-full wp-image-4669\" alt=\"\" srcset=\"https:\/\/oiecinternational.com\/es\/wp-content\/uploads\/sites\/2\/2023\/08\/pole-projets.jpg 1100w, https:\/\/oiecinternational.com\/es\/wp-content\/uploads\/sites\/2\/2023\/08\/pole-projets-300x200.jpg 300w, https:\/\/oiecinternational.com\/es\/wp-content\/uploads\/sites\/2\/2023\/08\/pole-projets-1024x682.jpg 1024w, https:\/\/oiecinternational.com\/es\/wp-content\/uploads\/sites\/2\/2023\/08\/pole-projets-768x512.jpg 768w, https:\/\/oiecinternational.com\/es\/wp-content\/uploads\/sites\/2\/2023\/08\/pole-projets-600x400.jpg 600w\" sizes=\"(max-width: 1100px) 100vw, 1100px\" \/>\t\t\t\t\t\t\t\t\t\t\t\t\t<\/div>\n\t\t\t\t<\/div>\n\t\t\t\t\t<\/div>\n\t\t<\/div>\n\t\t\t\t\t<\/div>\n\t\t<\/section>\n\t\t\t\t<section class=\"elementor-section elementor-top-section elementor-element elementor-element-7601032 elementor-section-boxed elementor-section-height-default elementor-section-height-default\" data-id=\"7601032\" data-element_type=\"section\">\n\t\t\t\t\t\t<div class=\"elementor-container elementor-column-gap-default\">\n\t\t\t\t\t<div class=\"elementor-column elementor-col-100 elementor-top-column elementor-element elementor-element-8d58781\" data-id=\"8d58781\" data-element_type=\"column\">\n\t\t\t<div class=\"elementor-widget-wrap elementor-element-populated\">\n\t\t\t\t\t\t<div class=\"elementor-element elementor-element-36f3c79 elementor-view-default elementor-widget elementor-widget-icon\" data-id=\"36f3c79\" data-element_type=\"widget\" data-widget_type=\"icon.default\">\n\t\t\t\t<div class=\"elementor-widget-container\">\n\t\t\t\t\t<div class=\"elementor-icon-wrapper\">\n\t\t\t<div class=\"elementor-icon\">\n\t\t\t<i aria-hidden=\"true\" class=\"fas fa-star\"><\/i>\t\t\t<\/div>\n\t\t<\/div>\n\t\t\t\t<\/div>\n\t\t\t\t<\/div>\n\t\t\t\t\t<\/div>\n\t\t<\/div>\n\t\t\t\t\t<\/div>\n\t\t<\/section>\n\t\t\t\t<section class=\"elementor-section elementor-top-section elementor-element elementor-element-dda5dcb elementor-section-boxed elementor-section-height-default elementor-section-height-default\" data-id=\"dda5dcb\" data-element_type=\"section\">\n\t\t\t\t\t\t<div class=\"elementor-container elementor-column-gap-default\">\n\t\t\t\t\t<div class=\"elementor-column elementor-col-100 elementor-top-column elementor-element elementor-element-d8e7962\" data-id=\"d8e7962\" data-element_type=\"column\">\n\t\t\t<div class=\"elementor-widget-wrap elementor-element-populated\">\n\t\t\t\t\t\t<div class=\"elementor-element elementor-element-4fdea29 elementor-widget elementor-widget-heading\" data-id=\"4fdea29\" data-element_type=\"widget\" data-widget_type=\"heading.default\">\n\t\t\t\t<div class=\"elementor-widget-container\">\n\t\t\t<h2 class=\"elementor-heading-title elementor-size-default\">PROYECTOS EDUCATIVOS Y CULTURALES<\/h2>\t\t<\/div>\n\t\t\t\t<\/div>\n\t\t\t\t\t<\/div>\n\t\t<\/div>\n\t\t\t\t\t<\/div>\n\t\t<\/section>\n\t\t\t\t<section class=\"elementor-section elementor-top-section elementor-element elementor-element-9f0ff41 elementor-section-boxed elementor-section-height-default elementor-section-height-default\" data-id=\"9f0ff41\" data-element_type=\"section\">\n\t\t\t\t\t\t<div class=\"elementor-container elementor-column-gap-default\">\n\t\t\t\t\t<div class=\"elementor-column elementor-col-100 elementor-top-column elementor-element elementor-element-693f137\" data-id=\"693f137\" data-element_type=\"column\">\n\t\t\t<div class=\"elementor-widget-wrap elementor-element-populated\">\n\t\t\t\t\t\t<div class=\"elementor-element elementor-element-83e71cd elementor-widget elementor-widget-spacer\" data-id=\"83e71cd\" data-element_type=\"widget\" data-widget_type=\"spacer.default\">\n\t\t\t\t<div class=\"elementor-widget-container\">\n\t\t\t\t\t<div class=\"elementor-spacer\">\n\t\t\t<div class=\"elementor-spacer-inner\"><\/div>\n\t\t<\/div>\n\t\t\t\t<\/div>\n\t\t\t\t<\/div>\n\t\t\t\t\t<\/div>\n\t\t<\/div>\n\t\t\t\t\t<\/div>\n\t\t<\/section>\n\t\t\t\t<section class=\"elementor-section elementor-top-section elementor-element elementor-element-65f50af elementor-section-boxed elementor-section-height-default elementor-section-height-default\" data-id=\"65f50af\" data-element_type=\"section\">\n\t\t\t\t\t\t<div class=\"elementor-container elementor-column-gap-default\">\n\t\t\t\t\t<div class=\"elementor-column elementor-col-100 elementor-top-column elementor-element elementor-element-bf21368\" data-id=\"bf21368\" data-element_type=\"column\">\n\t\t\t<div class=\"elementor-widget-wrap elementor-element-populated\">\n\t\t\t\t\t\t<div class=\"elementor-element elementor-element-1685e19 elementor-widget elementor-widget-text-editor\" data-id=\"1685e19\" data-element_type=\"widget\" data-widget_type=\"text-editor.default\">\n\t\t\t\t<div class=\"elementor-widget-container\">\n\t\t\t\t\t\t\t<h3>Su misi\u00f3n:<\/h3><ul><li><strong>Participar en la misi\u00f3n de la Iglesia promoviendo un proyecto educativo de inspiraci\u00f3n cat\u00f3lica en todo el mundo.<\/strong><\/li><li><strong>Promover la creaci\u00f3n, dentro de las escuelas e instituciones educativas, de &#8220;comunidades educativas&#8221; en las que todos los socios trabajen :<\/strong><br \/><ul><li><strong>en solidaridad y responsabilidad para el progreso educativo y cultural de las escuelas, <\/strong><\/li><li><strong>as\u00ed como al desarrollo del esp\u00edritu evang\u00e9lico, <\/strong><\/li><li><strong>prestando especial atenci\u00f3n a los m\u00e1s desfavorecidos <\/strong><\/li><li><strong>y acogiendo a todos los que depositan su confianza en esta escuela, respetando sus conciencias;<\/strong><\/li><\/ul><\/li><\/ul><h4><strong><span style=\"color: #333333;\">Para cumplir sus compromisos con el Pacto Mundial por la Educaci\u00f3n,<\/span> el centro apoya a escuelas de todo el mundo ofreci\u00e9ndoles la puesta en marcha de proyectos educativos y culturales pr\u00e1cticos:<\/strong><\/h4>\t\t\t\t\t\t<\/div>\n\t\t\t\t<\/div>\n\t\t\t\t\t<\/div>\n\t\t<\/div>\n\t\t\t\t\t<\/div>\n\t\t<\/section>\n\t\t\t\t<section class=\"elementor-section elementor-top-section elementor-element elementor-element-03850d6 elementor-section-boxed elementor-section-height-default elementor-section-height-default\" data-id=\"03850d6\" data-element_type=\"section\">\n\t\t\t\t\t\t<div class=\"elementor-container elementor-column-gap-default\">\n\t\t\t\t\t<div class=\"elementor-column elementor-col-66 elementor-top-column elementor-element elementor-element-2ecabe0\" data-id=\"2ecabe0\" data-element_type=\"column\">\n\t\t\t<div class=\"elementor-widget-wrap elementor-element-populated\">\n\t\t\t\t\t\t<div class=\"elementor-element elementor-element-c23c2bd elementor-widget elementor-widget-text-editor\" data-id=\"c23c2bd\" data-element_type=\"widget\" data-widget_type=\"text-editor.default\">\n\t\t\t\t<div class=\"elementor-widget-container\">\n\t\t\t\t\t\t\t<blockquote><h3 style=\"text-align: left;\">Proyecto &#8220;Yo puedo<\/h3><p style=\"text-align: left;\">El Proyecto &#8220;Yo, \u00a1Puedo!&#8221; (I CAN) consiste en asumir los retos propuestos por la Enc\u00edclica LAUDATO SI&#8217; (Papa Francisco, 2015) a trav\u00e9s de los ni\u00f1os y j\u00f3venes. Gracias a su espontaneidad y originalidad, lejos de limitaciones e intereses ego\u00edstas, el objetivo es darles los medios para tomar iniciativas y dar respuestas comprometidas, creativas y colaborativas.<\/p><h4><a href=\"http:\/\/oiecinternational.com\/es\/yo-puedo\/\"><span style=\"text-decoration: underline;\"><strong>&gt;&gt; Para saber m\u00e1s&#8230;<\/strong><\/span><\/a><\/h4><\/blockquote>\t\t\t\t\t\t<\/div>\n\t\t\t\t<\/div>\n\t\t\t\t\t<\/div>\n\t\t<\/div>\n\t\t\t\t<div class=\"elementor-column elementor-col-33 elementor-top-column elementor-element elementor-element-909b0cf\" data-id=\"909b0cf\" data-element_type=\"column\">\n\t\t\t<div class=\"elementor-widget-wrap elementor-element-populated\">\n\t\t\t\t\t\t<div class=\"elementor-element elementor-element-3b5a1ad elementor-widget elementor-widget-image\" data-id=\"3b5a1ad\" data-element_type=\"widget\" data-widget_type=\"image.default\">\n\t\t\t\t<div class=\"elementor-widget-container\">\n\t\t\t\t\t\t\t\t\t\t\t\t\t<img decoding=\"async\" width=\"585\" height=\"800\" src=\"https:\/\/oiecinternational.com\/es\/wp-content\/uploads\/sites\/2\/2023\/08\/yo-puedo-web.png\" class=\"attachment-full size-full wp-image-4677\" alt=\"\" srcset=\"https:\/\/oiecinternational.com\/es\/wp-content\/uploads\/sites\/2\/2023\/08\/yo-puedo-web.png 585w, https:\/\/oiecinternational.com\/es\/wp-content\/uploads\/sites\/2\/2023\/08\/yo-puedo-web-219x300.png 219w\" sizes=\"(max-width: 585px) 100vw, 585px\" \/>\t\t\t\t\t\t\t\t\t\t\t\t\t<\/div>\n\t\t\t\t<\/div>\n\t\t\t\t\t<\/div>\n\t\t<\/div>\n\t\t\t\t\t<\/div>\n\t\t<\/section>\n\t\t\t\t<section class=\"elementor-section elementor-top-section elementor-element elementor-element-3ee7501 elementor-section-boxed elementor-section-height-default elementor-section-height-default\" data-id=\"3ee7501\" data-element_type=\"section\">\n\t\t\t\t\t\t<div class=\"elementor-container elementor-column-gap-default\">\n\t\t\t\t\t<div class=\"elementor-column elementor-col-33 elementor-top-column elementor-element elementor-element-96e33bf\" data-id=\"96e33bf\" data-element_type=\"column\">\n\t\t\t<div class=\"elementor-widget-wrap elementor-element-populated\">\n\t\t\t\t\t\t<div class=\"elementor-element elementor-element-f98b6aa elementor-widget elementor-widget-image\" data-id=\"f98b6aa\" data-element_type=\"widget\" data-widget_type=\"image.default\">\n\t\t\t\t<div class=\"elementor-widget-container\">\n\t\t\t\t\t\t\t\t\t\t\t\t\t<img decoding=\"async\" width=\"744\" height=\"1052\" src=\"https:\/\/oiecinternational.com\/es\/wp-content\/uploads\/sites\/2\/2023\/08\/PF-es.png\" class=\"attachment-full size-full wp-image-4682\" alt=\"\" srcset=\"https:\/\/oiecinternational.com\/es\/wp-content\/uploads\/sites\/2\/2023\/08\/PF-es.png 744w, https:\/\/oiecinternational.com\/es\/wp-content\/uploads\/sites\/2\/2023\/08\/PF-es-212x300.png 212w, https:\/\/oiecinternational.com\/es\/wp-content\/uploads\/sites\/2\/2023\/08\/PF-es-724x1024.png 724w\" sizes=\"(max-width: 744px) 100vw, 744px\" \/>\t\t\t\t\t\t\t\t\t\t\t\t\t<\/div>\n\t\t\t\t<\/div>\n\t\t\t\t<div class=\"elementor-element elementor-element-45c6105 elementor-widget elementor-widget-image\" data-id=\"45c6105\" data-element_type=\"widget\" data-widget_type=\"image.default\">\n\t\t\t\t<div class=\"elementor-widget-container\">\n\t\t\t\t\t\t\t\t\t\t\t\t\t<img loading=\"lazy\" decoding=\"async\" width=\"744\" height=\"1052\" src=\"https:\/\/oiecinternational.com\/es\/wp-content\/uploads\/sites\/2\/2023\/08\/LPF-es.png\" class=\"attachment-full size-full wp-image-4679\" alt=\"\" srcset=\"https:\/\/oiecinternational.com\/es\/wp-content\/uploads\/sites\/2\/2023\/08\/LPF-es.png 744w, https:\/\/oiecinternational.com\/es\/wp-content\/uploads\/sites\/2\/2023\/08\/LPF-es-212x300.png 212w, https:\/\/oiecinternational.com\/es\/wp-content\/uploads\/sites\/2\/2023\/08\/LPF-es-724x1024.png 724w\" sizes=\"(max-width: 744px) 100vw, 744px\" \/>\t\t\t\t\t\t\t\t\t\t\t\t\t<\/div>\n\t\t\t\t<\/div>\n\t\t\t\t\t<\/div>\n\t\t<\/div>\n\t\t\t\t<div class=\"elementor-column elementor-col-66 elementor-top-column elementor-element elementor-element-19bfb54\" data-id=\"19bfb54\" data-element_type=\"column\">\n\t\t\t<div class=\"elementor-widget-wrap elementor-element-populated\">\n\t\t\t\t\t\t<div class=\"elementor-element elementor-element-9b17938 elementor-widget elementor-widget-text-editor\" data-id=\"9b17938\" data-element_type=\"widget\" data-widget_type=\"text-editor.default\">\n\t\t\t\t<div class=\"elementor-widget-container\">\n\t\t\t\t\t\t\t<blockquote><h3 style=\"text-align: left;\">Proyectos &#8220;Planet Fraternity<br \/>y &#8220;Little Planet Fraternity&#8221;<\/h3><p style=\"text-align: left;\"><span style=\"color: #333333;\">Basado en el enfoque &#8220;\u00a1Yo puedo!&#8221;, <\/span><strong>Planet Fraternity<\/strong> <span style=\"color: #333333;\">re\u00fane a estudiantes (de entre 9 y 18 a\u00f1os de nivel B1\/B2 de ingl\u00e9s) y profesores de todo el mundo y fomenta su creatividad a trav\u00e9s de la b\u00fasqueda de soluciones a problemas reales de los que ellos mismos son conscientes y que les inspiran un pensamiento cr\u00edtico. A trav\u00e9s de este proyecto se establece una comunidad en la que se estrechan lazos de colaboraci\u00f3n, trabajo y amistad entre estudiantes de todo el mundo, independientemente de sus creencias o religiones.<\/span><\/p><p><span style=\"color: #333333;\">Para el inicio del curso escolar 2023, la OIEC propone un nuevo proyecto:<\/span> <span style=\"color: #ff9900;\"><strong>Little Planet Fraternity<\/strong><\/span> <span style=\"color: #333333;\">est\u00e1 dirigido a ni\u00f1os de 8 a 12 a\u00f1os con un nivel A1\/A2 de ingl\u00e9s. Este proyecto se suma al proyecto Planet Fraternity que ya est\u00e1 en marcha en varios colegios de todo el mundo. El objetivo de Little Planet Fraternity es que una clase trabaje con otras dos escuelas asociadas de todo el mundo a lo largo de todo un curso escolar. Nada de cambios durante el a\u00f1o, sino 3 equipos, 3 escuelas y, por tanto, 3 pa\u00edses para descubrir la escuela, el pa\u00eds de sus hermanos al tiempo que asumen retos solidarios y ecol\u00f3gicos por una causa com\u00fan.<\/span><\/p><h4><a href=\"http:\/\/oiecinternational.com\/es\/planet-oiec\/\"><span style=\"text-decoration: underline;\"><strong>&gt;&gt; Para saber m\u00e1s&#8230;<\/strong><\/span><\/a><\/h4><\/blockquote>\t\t\t\t\t\t<\/div>\n\t\t\t\t<\/div>\n\t\t\t\t\t<\/div>\n\t\t<\/div>\n\t\t\t\t\t<\/div>\n\t\t<\/section>\n\t\t\t\t<section class=\"elementor-section elementor-top-section elementor-element elementor-element-a39b604 elementor-section-boxed elementor-section-height-default elementor-section-height-default\" data-id=\"a39b604\" data-element_type=\"section\">\n\t\t\t\t\t\t<div class=\"elementor-container elementor-column-gap-default\">\n\t\t\t\t\t<div class=\"elementor-column elementor-col-66 elementor-top-column elementor-element elementor-element-92bd3b1\" data-id=\"92bd3b1\" data-element_type=\"column\">\n\t\t\t<div class=\"elementor-widget-wrap elementor-element-populated\">\n\t\t\t\t\t\t<div class=\"elementor-element elementor-element-2c8f303 elementor-widget elementor-widget-text-editor\" data-id=\"2c8f303\" data-element_type=\"widget\" data-widget_type=\"text-editor.default\">\n\t\t\t\t<div class=\"elementor-widget-container\">\n\t\t\t\t\t\t\t<blockquote><h3 style=\"text-align: left;\">Religiones y educaci\u00f3n :<br \/>hacia un pacto educativo<\/h3><p>El 5 de octubre de 2021, el Papa Francisco invit\u00f3 a los l\u00edderes de las religiones del mundo a reflexionar juntos sobre el \u00fanico dinamismo que puede cambiar el mundo en que vivimos y acercarlo a los ideales m\u00e1s preciosos que todos podemos compartir: fraternidad, igualdad, libertad, vida plena, compromiso con los pobres, transformaci\u00f3n social&#8230;<\/p><p>Para poner de relieve el planteamiento del Santo Padre, la OIEC ha elaborado un cuaderno pedag\u00f3gico destinado a los equipos educativos, en el que se invita a las comunidades educativas a trabajar las ideas sencillas, profundas y decisivas que surgieron de este encuentro. \u00a1Trabajemos juntos por esta noble y urgente alianza educativa!<\/p><\/blockquote>\t\t\t\t\t\t<\/div>\n\t\t\t\t<\/div>\n\t\t\t\t\t<\/div>\n\t\t<\/div>\n\t\t\t\t<div class=\"elementor-column elementor-col-33 elementor-top-column elementor-element elementor-element-65f813b\" data-id=\"65f813b\" data-element_type=\"column\">\n\t\t\t<div class=\"elementor-widget-wrap elementor-element-populated\">\n\t\t\t\t\t\t<div class=\"elementor-element elementor-element-0ee0fa8 elementor-widget elementor-widget-image\" data-id=\"0ee0fa8\" data-element_type=\"widget\" data-widget_type=\"image.default\">\n\t\t\t\t<div class=\"elementor-widget-container\">\n\t\t\t\t\t\t\t\t\t\t\t\t\t<img loading=\"lazy\" decoding=\"async\" width=\"400\" height=\"565\" src=\"https:\/\/oiecinternational.com\/es\/wp-content\/uploads\/sites\/2\/2023\/05\/Livret-Religions-et-education-ES-web.jpg\" class=\"attachment-full size-full wp-image-4393\" alt=\"\" srcset=\"https:\/\/oiecinternational.com\/es\/wp-content\/uploads\/sites\/2\/2023\/05\/Livret-Religions-et-education-ES-web.jpg 400w, https:\/\/oiecinternational.com\/es\/wp-content\/uploads\/sites\/2\/2023\/05\/Livret-Religions-et-education-ES-web-212x300.jpg 212w\" sizes=\"(max-width: 400px) 100vw, 400px\" \/>\t\t\t\t\t\t\t\t\t\t\t\t\t<\/div>\n\t\t\t\t<\/div>\n\t\t\t\t<div class=\"elementor-element elementor-element-6671d41 elementor-widget elementor-widget-text-editor\" data-id=\"6671d41\" data-element_type=\"widget\" data-widget_type=\"text-editor.default\">\n\t\t\t\t<div class=\"elementor-widget-container\">\n\t\t\t\t\t\t\t<p>Descargue el folleto en :<br \/><a href=\"https:\/\/drive.google.com\/drive\/folders\/1Lt46mYwjhlZ9vdwuu9Cp52PXOkmucY6V?usp=share_link\" target=\"_blank\" rel=\"noopener\">Franc\u00e9s, ingl\u00e9s, espa\u00f1ol y portugu\u00e9s<\/a><\/p>\t\t\t\t\t\t<\/div>\n\t\t\t\t<\/div>\n\t\t\t\t\t<\/div>\n\t\t<\/div>\n\t\t\t\t\t<\/div>\n\t\t<\/section>\n\t\t\t\t<\/div>\n\t\t","protected":false},"excerpt":{"rendered":"<p>PROYECTOS EDUCATIVOS Y CULTURALES Su misi\u00f3n: Participar en la misi\u00f3n de la Iglesia promoviendo un proyecto educativo de inspiraci\u00f3n cat\u00f3lica en todo el mundo. Promover la creaci\u00f3n, dentro de las escuelas e instituciones educativas, de &#8220;comunidades educativas&#8221; en las que todos los socios trabajen : en solidaridad y responsabilidad para el progreso educativo y cultural de las escuelas, as\u00ed como&#8230;<\/p>\n","protected":false},"author":3,"featured_media":0,"parent":4621,"menu_order":3,"comment_status":"closed","ping_status":"closed","template":"","meta":{"_eb_attr":"","footnotes":""},"class_list":["post-4667","page","type-page","status-publish","hentry"],"_links":{"self":[{"href":"https:\/\/oiecinternational.com\/es\/wp-json\/wp\/v2\/pages\/4667"}],"collection":[{"href":"https:\/\/oiecinternational.com\/es\/wp-json\/wp\/v2\/pages"}],"about":[{"href":"https:\/\/oiecinternational.com\/es\/wp-json\/wp\/v2\/types\/page"}],"author":[{"embeddable":true,"href":"https:\/\/oiecinternational.com\/es\/wp-json\/wp\/v2\/users\/3"}],"replies":[{"embeddable":true,"href":"https:\/\/oiecinternational.com\/es\/wp-json\/wp\/v2\/comments?post=4667"}],"version-history":[{"count":7,"href":"https:\/\/oiecinternational.com\/es\/wp-json\/wp\/v2\/pages\/4667\/revisions"}],"predecessor-version":[{"id":4728,"href":"https:\/\/oiecinternational.com\/es\/wp-json\/wp\/v2\/pages\/4667\/revisions\/4728"}],"up":[{"embeddable":true,"href":"https:\/\/oiecinternational.com\/es\/wp-json\/wp\/v2\/pages\/4621"}],"wp:attachment":[{"href":"https:\/\/oiecinternational.com\/es\/wp-json\/wp\/v2\/media?parent=4667"}],"curies":[{"name":"wp","href":"https:\/\/api.w.org\/{rel}","templated":true}]}}