{"id":4711,"date":"2023-08-19T09:14:44","date_gmt":"2023-08-19T07:14:44","guid":{"rendered":"http:\/\/jcgqqhj.cluster030.hosting.ovh.net\/es\/?page_id=4711"},"modified":"2025-07-23T18:16:51","modified_gmt":"2025-07-23T16:16:51","slug":"boletin-de-la-oiec","status":"publish","type":"page","link":"https:\/\/oiecinternational.com\/es\/recursos\/boletin-de-la-oiec\/","title":{"rendered":"Bolet\u00edn de la OIEC"},"content":{"rendered":"\t\t<div data-elementor-type=\"wp-page\" data-elementor-id=\"4711\" class=\"elementor elementor-4711\">\n\t\t\t\t\t\t<section class=\"elementor-section elementor-top-section elementor-element elementor-element-f5b6a00 elementor-section-boxed elementor-section-height-default elementor-section-height-default\" data-id=\"f5b6a00\" data-element_type=\"section\">\n\t\t\t\t\t\t<div class=\"elementor-container elementor-column-gap-default\">\n\t\t\t\t\t<div class=\"elementor-column elementor-col-100 elementor-top-column elementor-element elementor-element-995a88a\" data-id=\"995a88a\" data-element_type=\"column\">\n\t\t\t<div class=\"elementor-widget-wrap elementor-element-populated\">\n\t\t\t\t\t\t<div class=\"elementor-element elementor-element-3eac56a elementor-invisible elementor-widget elementor-widget-image\" data-id=\"3eac56a\" data-element_type=\"widget\" data-settings=\"{&quot;_animation&quot;:&quot;zoomIn&quot;}\" data-widget_type=\"image.default\">\n\t\t\t\t<div class=\"elementor-widget-container\">\n\t\t\t\t\t\t\t\t\t\t\t\t\t<img fetchpriority=\"high\" decoding=\"async\" width=\"800\" height=\"309\" src=\"https:\/\/oiecinternational.com\/es\/wp-content\/uploads\/sites\/2\/2023\/08\/AdobeStock_133492249web.jpg\" class=\"attachment-full size-full wp-image-4713\" alt=\"\" srcset=\"https:\/\/oiecinternational.com\/es\/wp-content\/uploads\/sites\/2\/2023\/08\/AdobeStock_133492249web.jpg 800w, https:\/\/oiecinternational.com\/es\/wp-content\/uploads\/sites\/2\/2023\/08\/AdobeStock_133492249web-300x116.jpg 300w, https:\/\/oiecinternational.com\/es\/wp-content\/uploads\/sites\/2\/2023\/08\/AdobeStock_133492249web-768x297.jpg 768w\" sizes=\"(max-width: 800px) 100vw, 800px\" \/>\t\t\t\t\t\t\t\t\t\t\t\t\t<\/div>\n\t\t\t\t<\/div>\n\t\t\t\t\t<\/div>\n\t\t<\/div>\n\t\t\t\t\t<\/div>\n\t\t<\/section>\n\t\t\t\t<section class=\"elementor-section elementor-top-section elementor-element elementor-element-84621a6 elementor-section-boxed elementor-section-height-default elementor-section-height-default\" data-id=\"84621a6\" data-element_type=\"section\">\n\t\t\t\t\t\t<div class=\"elementor-container elementor-column-gap-default\">\n\t\t\t\t\t<div class=\"elementor-column elementor-col-100 elementor-top-column elementor-element elementor-element-2b560fa\" data-id=\"2b560fa\" data-element_type=\"column\">\n\t\t\t<div class=\"elementor-widget-wrap elementor-element-populated\">\n\t\t\t\t\t\t<div class=\"elementor-element elementor-element-fa1408a elementor-widget elementor-widget-text-editor\" data-id=\"fa1408a\" data-element_type=\"widget\" data-widget_type=\"text-editor.default\">\n\t\t\t\t<div class=\"elementor-widget-container\">\n\t\t\t\t\t\t\t<h2 style=\"text-align: center;\">Bolet\u00edn de la OIEC<\/h2><h4>\u00a0<\/h4><h4 style=\"text-align: center;\"><span style=\"color: #333333;\">La OIEC publica peri\u00f3dicamente un bolet\u00edn para sus miembros y todos los interesados en la organizaci\u00f3n y sus actividades.\u00a0<\/span><\/h4><p style=\"text-align: center;\">Adem\u00e1s de un pr\u00f3logo del Secretario General, el bolet\u00edn suele contener numerosos informes sobre los proyectos de la organizaci\u00f3n, publicaciones, compromisos, reuniones estatutarias de sus miembros e instituciones, anuncios de sus actos, etc.<\/p><h4 style=\"text-align: center;\"><strong>La OIEC espera que disfrute de su lectura.<\/strong><\/h4><p><!-- \/wp:paragraph --><\/p>\t\t\t\t\t\t<\/div>\n\t\t\t\t<\/div>\n\t\t\t\t\t<\/div>\n\t\t<\/div>\n\t\t\t\t\t<\/div>\n\t\t<\/section>\n\t\t\t\t<section class=\"elementor-section elementor-top-section elementor-element elementor-element-0316457 elementor-section-boxed elementor-section-height-default elementor-section-height-default\" data-id=\"0316457\" data-element_type=\"section\">\n\t\t\t\t\t\t<div class=\"elementor-container elementor-column-gap-default\">\n\t\t\t\t\t<div class=\"elementor-column elementor-col-33 elementor-top-column elementor-element elementor-element-04a474e\" data-id=\"04a474e\" data-element_type=\"column\">\n\t\t\t<div class=\"elementor-widget-wrap elementor-element-populated\">\n\t\t\t\t\t\t<div class=\"elementor-element elementor-element-2b5e16d elementor-position-top elementor-widget elementor-widget-image-box\" data-id=\"2b5e16d\" data-element_type=\"widget\" data-widget_type=\"image-box.default\">\n\t\t\t\t<div class=\"elementor-widget-container\">\n\t\t\t<div class=\"elementor-image-box-wrapper\"><figure class=\"elementor-image-box-img\"><a href=\"https:\/\/drive.google.com\/file\/d\/1f7PXC_W7yxTPJAw4WeQUXH7zSC9l5Rdt\/view?usp=drive_link\" tabindex=\"-1\"><img decoding=\"async\" width=\"1240\" height=\"1754\" src=\"https:\/\/oiecinternational.com\/es\/wp-content\/uploads\/sites\/2\/2025\/07\/Newsletter-OIEC-2025-07-ES.png\" class=\"attachment-full size-full wp-image-5758\" alt=\"\" srcset=\"https:\/\/oiecinternational.com\/es\/wp-content\/uploads\/sites\/2\/2025\/07\/Newsletter-OIEC-2025-07-ES.png 1240w, https:\/\/oiecinternational.com\/es\/wp-content\/uploads\/sites\/2\/2025\/07\/Newsletter-OIEC-2025-07-ES-212x300.png 212w, https:\/\/oiecinternational.com\/es\/wp-content\/uploads\/sites\/2\/2025\/07\/Newsletter-OIEC-2025-07-ES-724x1024.png 724w, https:\/\/oiecinternational.com\/es\/wp-content\/uploads\/sites\/2\/2025\/07\/Newsletter-OIEC-2025-07-ES-768x1086.png 768w, https:\/\/oiecinternational.com\/es\/wp-content\/uploads\/sites\/2\/2025\/07\/Newsletter-OIEC-2025-07-ES-1086x1536.png 1086w\" sizes=\"(max-width: 1240px) 100vw, 1240px\" \/><\/a><\/figure><div class=\"elementor-image-box-content\"><h4 class=\"elementor-image-box-title\"><a href=\"https:\/\/drive.google.com\/file\/d\/1f7PXC_W7yxTPJAw4WeQUXH7zSC9l5Rdt\/view?usp=drive_link\">Julio de 2025<\/a><\/h4><\/div><\/div>\t\t<\/div>\n\t\t\t\t<\/div>\n\t\t\t\t\t<\/div>\n\t\t<\/div>\n\t\t\t\t<div class=\"elementor-column elementor-col-33 elementor-top-column elementor-element elementor-element-9a61338\" data-id=\"9a61338\" data-element_type=\"column\">\n\t\t\t<div class=\"elementor-widget-wrap elementor-element-populated\">\n\t\t\t\t\t\t<div class=\"elementor-element elementor-element-13e9b67 elementor-position-top elementor-widget elementor-widget-image-box\" data-id=\"13e9b67\" data-element_type=\"widget\" data-widget_type=\"image-box.default\">\n\t\t\t\t<div class=\"elementor-widget-container\">\n\t\t\t<div class=\"elementor-image-box-wrapper\"><figure class=\"elementor-image-box-img\"><a href=\"https:\/\/drive.google.com\/file\/d\/1wc_zC3WRbs4JawcXvkynImjXRISxgoig\/view?usp=drive_link\" tabindex=\"-1\"><img decoding=\"async\" width=\"2480\" height=\"3508\" src=\"https:\/\/oiecinternational.com\/es\/wp-content\/uploads\/sites\/2\/2025\/04\/Newsletter-OIEC-2025-04-ES.png\" class=\"attachment-full size-full wp-image-5604\" alt=\"\" srcset=\"https:\/\/oiecinternational.com\/es\/wp-content\/uploads\/sites\/2\/2025\/04\/Newsletter-OIEC-2025-04-ES.png 2480w, https:\/\/oiecinternational.com\/es\/wp-content\/uploads\/sites\/2\/2025\/04\/Newsletter-OIEC-2025-04-ES-212x300.png 212w, https:\/\/oiecinternational.com\/es\/wp-content\/uploads\/sites\/2\/2025\/04\/Newsletter-OIEC-2025-04-ES-724x1024.png 724w, https:\/\/oiecinternational.com\/es\/wp-content\/uploads\/sites\/2\/2025\/04\/Newsletter-OIEC-2025-04-ES-768x1086.png 768w, https:\/\/oiecinternational.com\/es\/wp-content\/uploads\/sites\/2\/2025\/04\/Newsletter-OIEC-2025-04-ES-1086x1536.png 1086w, https:\/\/oiecinternational.com\/es\/wp-content\/uploads\/sites\/2\/2025\/04\/Newsletter-OIEC-2025-04-ES-1448x2048.png 1448w\" sizes=\"(max-width: 2480px) 100vw, 2480px\" \/><\/a><\/figure><div class=\"elementor-image-box-content\"><h4 class=\"elementor-image-box-title\"><a href=\"https:\/\/drive.google.com\/file\/d\/1wc_zC3WRbs4JawcXvkynImjXRISxgoig\/view?usp=drive_link\">Abril de 2025<\/a><\/h4><\/div><\/div>\t\t<\/div>\n\t\t\t\t<\/div>\n\t\t\t\t\t<\/div>\n\t\t<\/div>\n\t\t\t\t<div class=\"elementor-column elementor-col-33 elementor-top-column elementor-element elementor-element-ed230b5\" data-id=\"ed230b5\" data-element_type=\"column\">\n\t\t\t<div class=\"elementor-widget-wrap elementor-element-populated\">\n\t\t\t\t\t\t<div class=\"elementor-element elementor-element-2c908ab elementor-position-top elementor-widget elementor-widget-image-box\" data-id=\"2c908ab\" data-element_type=\"widget\" data-widget_type=\"image-box.default\">\n\t\t\t\t<div class=\"elementor-widget-container\">\n\t\t\t<div class=\"elementor-image-box-wrapper\"><figure class=\"elementor-image-box-img\"><a href=\"https:\/\/drive.google.com\/file\/d\/1Hk007NCeEBr75T6mOABqlEShi-So3MB8\/view?usp=drive_link\" tabindex=\"-1\"><img loading=\"lazy\" decoding=\"async\" width=\"2480\" height=\"3508\" src=\"https:\/\/oiecinternational.com\/es\/wp-content\/uploads\/sites\/2\/2024\/11\/Newsletter-OIEC-2024-10-ES_O.png\" class=\"attachment-full size-full wp-image-5502\" alt=\"\" srcset=\"https:\/\/oiecinternational.com\/es\/wp-content\/uploads\/sites\/2\/2024\/11\/Newsletter-OIEC-2024-10-ES_O.png 2480w, https:\/\/oiecinternational.com\/es\/wp-content\/uploads\/sites\/2\/2024\/11\/Newsletter-OIEC-2024-10-ES_O-212x300.png 212w, https:\/\/oiecinternational.com\/es\/wp-content\/uploads\/sites\/2\/2024\/11\/Newsletter-OIEC-2024-10-ES_O-724x1024.png 724w, https:\/\/oiecinternational.com\/es\/wp-content\/uploads\/sites\/2\/2024\/11\/Newsletter-OIEC-2024-10-ES_O-768x1086.png 768w, https:\/\/oiecinternational.com\/es\/wp-content\/uploads\/sites\/2\/2024\/11\/Newsletter-OIEC-2024-10-ES_O-1086x1536.png 1086w, https:\/\/oiecinternational.com\/es\/wp-content\/uploads\/sites\/2\/2024\/11\/Newsletter-OIEC-2024-10-ES_O-1448x2048.png 1448w\" sizes=\"(max-width: 2480px) 100vw, 2480px\" \/><\/a><\/figure><div class=\"elementor-image-box-content\"><h4 class=\"elementor-image-box-title\"><a href=\"https:\/\/drive.google.com\/file\/d\/1Hk007NCeEBr75T6mOABqlEShi-So3MB8\/view?usp=drive_link\">Noviembre de 2024<\/a><\/h4><\/div><\/div>\t\t<\/div>\n\t\t\t\t<\/div>\n\t\t\t\t\t<\/div>\n\t\t<\/div>\n\t\t\t\t\t<\/div>\n\t\t<\/section>\n\t\t\t\t<section class=\"elementor-section elementor-top-section elementor-element elementor-element-babd70a elementor-section-boxed elementor-section-height-default elementor-section-height-default\" data-id=\"babd70a\" data-element_type=\"section\">\n\t\t\t\t\t\t<div class=\"elementor-container elementor-column-gap-default\">\n\t\t\t\t\t<div class=\"elementor-column elementor-col-33 elementor-top-column elementor-element elementor-element-5f1fd94\" data-id=\"5f1fd94\" data-element_type=\"column\">\n\t\t\t<div class=\"elementor-widget-wrap elementor-element-populated\">\n\t\t\t\t\t\t<div class=\"elementor-element elementor-element-c2dd424 elementor-position-top elementor-widget elementor-widget-image-box\" data-id=\"c2dd424\" data-element_type=\"widget\" data-widget_type=\"image-box.default\">\n\t\t\t\t<div class=\"elementor-widget-container\">\n\t\t\t<div class=\"elementor-image-box-wrapper\"><figure class=\"elementor-image-box-img\"><a href=\"https:\/\/drive.google.com\/file\/d\/1jnYj2yEuhXENC-CxAc4ktQJeNWNJLm1O\/view?usp=drive_link\" tabindex=\"-1\"><img loading=\"lazy\" decoding=\"async\" width=\"1028\" height=\"1452\" src=\"https:\/\/oiecinternational.com\/es\/wp-content\/uploads\/sites\/2\/2024\/07\/NEWS0724ES.png\" class=\"attachment-full size-full wp-image-5433\" alt=\"\" srcset=\"https:\/\/oiecinternational.com\/es\/wp-content\/uploads\/sites\/2\/2024\/07\/NEWS0724ES.png 1028w, https:\/\/oiecinternational.com\/es\/wp-content\/uploads\/sites\/2\/2024\/07\/NEWS0724ES-212x300.png 212w, https:\/\/oiecinternational.com\/es\/wp-content\/uploads\/sites\/2\/2024\/07\/NEWS0724ES-725x1024.png 725w, https:\/\/oiecinternational.com\/es\/wp-content\/uploads\/sites\/2\/2024\/07\/NEWS0724ES-768x1085.png 768w\" sizes=\"(max-width: 1028px) 100vw, 1028px\" \/><\/a><\/figure><div class=\"elementor-image-box-content\"><h4 class=\"elementor-image-box-title\"><a href=\"https:\/\/drive.google.com\/file\/d\/1jnYj2yEuhXENC-CxAc4ktQJeNWNJLm1O\/view?usp=drive_link\">Julio de 2024<\/a><\/h4><\/div><\/div>\t\t<\/div>\n\t\t\t\t<\/div>\n\t\t\t\t\t<\/div>\n\t\t<\/div>\n\t\t\t\t<div class=\"elementor-column elementor-col-33 elementor-top-column elementor-element elementor-element-24db897\" data-id=\"24db897\" data-element_type=\"column\">\n\t\t\t<div class=\"elementor-widget-wrap elementor-element-populated\">\n\t\t\t\t\t\t<div class=\"elementor-element elementor-element-5c56417 elementor-position-top elementor-widget elementor-widget-image-box\" data-id=\"5c56417\" data-element_type=\"widget\" data-widget_type=\"image-box.default\">\n\t\t\t\t<div class=\"elementor-widget-container\">\n\t\t\t<div class=\"elementor-image-box-wrapper\"><figure class=\"elementor-image-box-img\"><a href=\"https:\/\/drive.google.com\/file\/d\/1YttwuqGfn_TudWBGgz6BkDGLXjNKs-Rs\/view?usp=drive_link\" tabindex=\"-1\"><img loading=\"lazy\" decoding=\"async\" width=\"661\" height=\"935\" src=\"https:\/\/oiecinternational.com\/es\/wp-content\/uploads\/sites\/2\/2024\/04\/Newsletter-OIEC-2024-02-ES_1-.png\" class=\"attachment-full size-full wp-image-5244\" alt=\"\" srcset=\"https:\/\/oiecinternational.com\/es\/wp-content\/uploads\/sites\/2\/2024\/04\/Newsletter-OIEC-2024-02-ES_1-.png 661w, https:\/\/oiecinternational.com\/es\/wp-content\/uploads\/sites\/2\/2024\/04\/Newsletter-OIEC-2024-02-ES_1--212x300.png 212w\" sizes=\"(max-width: 661px) 100vw, 661px\" \/><\/a><\/figure><div class=\"elementor-image-box-content\"><h4 class=\"elementor-image-box-title\"><a href=\"https:\/\/drive.google.com\/file\/d\/1YttwuqGfn_TudWBGgz6BkDGLXjNKs-Rs\/view?usp=drive_link\">Abril de 2024<\/a><\/h4><\/div><\/div>\t\t<\/div>\n\t\t\t\t<\/div>\n\t\t\t\t\t<\/div>\n\t\t<\/div>\n\t\t\t\t<div class=\"elementor-column elementor-col-33 elementor-top-column elementor-element elementor-element-5f164c4\" data-id=\"5f164c4\" data-element_type=\"column\">\n\t\t\t<div class=\"elementor-widget-wrap elementor-element-populated\">\n\t\t\t\t\t\t<div class=\"elementor-element elementor-element-a615a74 elementor-position-top elementor-widget elementor-widget-image-box\" data-id=\"a615a74\" data-element_type=\"widget\" data-widget_type=\"image-box.default\">\n\t\t\t\t<div class=\"elementor-widget-container\">\n\t\t\t<div class=\"elementor-image-box-wrapper\"><figure class=\"elementor-image-box-img\"><a href=\"https:\/\/drive.google.com\/file\/d\/1HhxwQQG5MRhospdGm8lBfmIMG-nfL61q\/view?usp=drive_link\" tabindex=\"-1\"><img loading=\"lazy\" decoding=\"async\" width=\"950\" height=\"1342\" src=\"https:\/\/oiecinternational.com\/es\/wp-content\/uploads\/sites\/2\/2024\/01\/newsES.png\" class=\"attachment-full size-full wp-image-5211\" alt=\"\" srcset=\"https:\/\/oiecinternational.com\/es\/wp-content\/uploads\/sites\/2\/2024\/01\/newsES.png 950w, https:\/\/oiecinternational.com\/es\/wp-content\/uploads\/sites\/2\/2024\/01\/newsES-212x300.png 212w, https:\/\/oiecinternational.com\/es\/wp-content\/uploads\/sites\/2\/2024\/01\/newsES-725x1024.png 725w, https:\/\/oiecinternational.com\/es\/wp-content\/uploads\/sites\/2\/2024\/01\/newsES-768x1085.png 768w\" sizes=\"(max-width: 950px) 100vw, 950px\" \/><\/a><\/figure><div class=\"elementor-image-box-content\"><h4 class=\"elementor-image-box-title\"><a href=\"https:\/\/drive.google.com\/file\/d\/1HhxwQQG5MRhospdGm8lBfmIMG-nfL61q\/view?usp=drive_link\">Diciembre de 2023<\/a><\/h4><\/div><\/div>\t\t<\/div>\n\t\t\t\t<\/div>\n\t\t\t\t\t<\/div>\n\t\t<\/div>\n\t\t\t\t\t<\/div>\n\t\t<\/section>\n\t\t\t\t<section class=\"elementor-section elementor-top-section elementor-element elementor-element-21cf990 elementor-section-boxed elementor-section-height-default elementor-section-height-default\" data-id=\"21cf990\" data-element_type=\"section\">\n\t\t\t\t\t\t<div class=\"elementor-container elementor-column-gap-default\">\n\t\t\t\t\t<div class=\"elementor-column elementor-col-33 elementor-top-column elementor-element elementor-element-635d516\" data-id=\"635d516\" data-element_type=\"column\">\n\t\t\t<div class=\"elementor-widget-wrap elementor-element-populated\">\n\t\t\t\t\t\t<div class=\"elementor-element elementor-element-d66a232 elementor-position-top elementor-widget elementor-widget-image-box\" data-id=\"d66a232\" data-element_type=\"widget\" data-widget_type=\"image-box.default\">\n\t\t\t\t<div class=\"elementor-widget-container\">\n\t\t\t<div class=\"elementor-image-box-wrapper\"><figure class=\"elementor-image-box-img\"><a href=\"https:\/\/drive.google.com\/file\/d\/10kb8cOxhJAPYYGEm4O-pWpBWPlTLdpqj\/view?usp=drive_link\" tabindex=\"-1\"><img loading=\"lazy\" decoding=\"async\" width=\"565\" height=\"800\" src=\"https:\/\/oiecinternational.com\/es\/wp-content\/uploads\/sites\/2\/2023\/09\/Newsletter-OIEC-2023-09-ES-web.png\" class=\"attachment-full size-full wp-image-5116\" alt=\"\" srcset=\"https:\/\/oiecinternational.com\/es\/wp-content\/uploads\/sites\/2\/2023\/09\/Newsletter-OIEC-2023-09-ES-web.png 565w, https:\/\/oiecinternational.com\/es\/wp-content\/uploads\/sites\/2\/2023\/09\/Newsletter-OIEC-2023-09-ES-web-212x300.png 212w\" sizes=\"(max-width: 565px) 100vw, 565px\" \/><\/a><\/figure><div class=\"elementor-image-box-content\"><h4 class=\"elementor-image-box-title\"><a href=\"https:\/\/drive.google.com\/file\/d\/10kb8cOxhJAPYYGEm4O-pWpBWPlTLdpqj\/view?usp=drive_link\">Septiembre de 2023<\/a><\/h4><\/div><\/div>\t\t<\/div>\n\t\t\t\t<\/div>\n\t\t\t\t\t<\/div>\n\t\t<\/div>\n\t\t\t\t<div class=\"elementor-column elementor-col-33 elementor-top-column elementor-element elementor-element-2e37533\" data-id=\"2e37533\" data-element_type=\"column\">\n\t\t\t<div class=\"elementor-widget-wrap elementor-element-populated\">\n\t\t\t\t\t\t<div class=\"elementor-element elementor-element-6f59592 elementor-position-top elementor-widget elementor-widget-image-box\" data-id=\"6f59592\" data-element_type=\"widget\" data-widget_type=\"image-box.default\">\n\t\t\t\t<div class=\"elementor-widget-container\">\n\t\t\t<div class=\"elementor-image-box-wrapper\"><figure class=\"elementor-image-box-img\"><a href=\"https:\/\/drive.google.com\/file\/d\/1FC8a815dEs3aCjue3B-Y_dKvjXMN2PKZ\/view?usp=sharing\" tabindex=\"-1\"><img loading=\"lazy\" decoding=\"async\" width=\"565\" height=\"800\" src=\"https:\/\/oiecinternational.com\/es\/wp-content\/uploads\/sites\/2\/2023\/08\/Newsletter-OIEC-2023-05-ES-web.png\" class=\"attachment-full size-full wp-image-4718\" alt=\"\" srcset=\"https:\/\/oiecinternational.com\/es\/wp-content\/uploads\/sites\/2\/2023\/08\/Newsletter-OIEC-2023-05-ES-web.png 565w, https:\/\/oiecinternational.com\/es\/wp-content\/uploads\/sites\/2\/2023\/08\/Newsletter-OIEC-2023-05-ES-web-212x300.png 212w\" sizes=\"(max-width: 565px) 100vw, 565px\" \/><\/a><\/figure><div class=\"elementor-image-box-content\"><h4 class=\"elementor-image-box-title\"><a href=\"https:\/\/drive.google.com\/file\/d\/1FC8a815dEs3aCjue3B-Y_dKvjXMN2PKZ\/view?usp=sharing\">Mayo de 2023<\/a><\/h4><\/div><\/div>\t\t<\/div>\n\t\t\t\t<\/div>\n\t\t\t\t\t<\/div>\n\t\t<\/div>\n\t\t\t\t<div class=\"elementor-column elementor-col-33 elementor-top-column elementor-element elementor-element-7538426\" data-id=\"7538426\" data-element_type=\"column\">\n\t\t\t<div class=\"elementor-widget-wrap elementor-element-populated\">\n\t\t\t\t\t\t<div class=\"elementor-element elementor-element-813a793 elementor-position-top elementor-widget elementor-widget-image-box\" data-id=\"813a793\" data-element_type=\"widget\" data-widget_type=\"image-box.default\">\n\t\t\t\t<div class=\"elementor-widget-container\">\n\t\t\t<div class=\"elementor-image-box-wrapper\"><figure class=\"elementor-image-box-img\"><a href=\"https:\/\/drive.google.com\/file\/d\/1h_ci5guPnp5I1URNBW9UWfeTNNS9T0Ic\/view?usp=sharing\" tabindex=\"-1\"><img loading=\"lazy\" decoding=\"async\" width=\"565\" height=\"800\" src=\"https:\/\/oiecinternational.com\/es\/wp-content\/uploads\/sites\/2\/2023\/08\/NEWSLETTER-OIEC-2022-02-ES-web.jpg\" class=\"attachment-full size-full wp-image-4719\" alt=\"\" srcset=\"https:\/\/oiecinternational.com\/es\/wp-content\/uploads\/sites\/2\/2023\/08\/NEWSLETTER-OIEC-2022-02-ES-web.jpg 565w, https:\/\/oiecinternational.com\/es\/wp-content\/uploads\/sites\/2\/2023\/08\/NEWSLETTER-OIEC-2022-02-ES-web-212x300.jpg 212w\" sizes=\"(max-width: 565px) 100vw, 565px\" \/><\/a><\/figure><div class=\"elementor-image-box-content\"><h4 class=\"elementor-image-box-title\"><a href=\"https:\/\/drive.google.com\/file\/d\/1h_ci5guPnp5I1URNBW9UWfeTNNS9T0Ic\/view?usp=sharing\">Febrero de 2023<\/a><\/h4><\/div><\/div>\t\t<\/div>\n\t\t\t\t<\/div>\n\t\t\t\t\t<\/div>\n\t\t<\/div>\n\t\t\t\t\t<\/div>\n\t\t<\/section>\n\t\t\t\t<section class=\"elementor-section elementor-top-section elementor-element elementor-element-b5d98c1 elementor-section-boxed elementor-section-height-default elementor-section-height-default\" data-id=\"b5d98c1\" data-element_type=\"section\">\n\t\t\t\t\t\t<div class=\"elementor-container elementor-column-gap-default\">\n\t\t\t\t\t<div class=\"elementor-column elementor-col-100 elementor-top-column elementor-element elementor-element-dfcad3e\" data-id=\"dfcad3e\" data-element_type=\"column\">\n\t\t\t<div class=\"elementor-widget-wrap elementor-element-populated\">\n\t\t\t\t\t\t<div class=\"elementor-element elementor-element-65689be elementor-position-top elementor-widget elementor-widget-image-box\" data-id=\"65689be\" data-element_type=\"widget\" data-widget_type=\"image-box.default\">\n\t\t\t\t<div class=\"elementor-widget-container\">\n\t\t\t<div class=\"elementor-image-box-wrapper\"><figure class=\"elementor-image-box-img\"><a href=\"https:\/\/drive.google.com\/file\/d\/1YttwuqGfn_TudWBGgz6BkDGLXjNKs-Rs\/view?usp=drive_link\" tabindex=\"-1\"><img loading=\"lazy\" decoding=\"async\" width=\"661\" height=\"935\" src=\"https:\/\/oiecinternational.com\/es\/wp-content\/uploads\/sites\/2\/2024\/04\/Newsletter-OIEC-2024-02-ES_1-.png\" class=\"attachment-full size-full wp-image-5244\" alt=\"\" srcset=\"https:\/\/oiecinternational.com\/es\/wp-content\/uploads\/sites\/2\/2024\/04\/Newsletter-OIEC-2024-02-ES_1-.png 661w, https:\/\/oiecinternational.com\/es\/wp-content\/uploads\/sites\/2\/2024\/04\/Newsletter-OIEC-2024-02-ES_1--212x300.png 212w\" sizes=\"(max-width: 661px) 100vw, 661px\" \/><\/a><\/figure><div class=\"elementor-image-box-content\"><h4 class=\"elementor-image-box-title\"><a href=\"https:\/\/drive.google.com\/file\/d\/1YttwuqGfn_TudWBGgz6BkDGLXjNKs-Rs\/view?usp=drive_link\">Abril de 2024<\/a><\/h4><\/div><\/div>\t\t<\/div>\n\t\t\t\t<\/div>\n\t\t\t\t\t<\/div>\n\t\t<\/div>\n\t\t\t\t\t<\/div>\n\t\t<\/section>\n\t\t\t\t<\/div>\n\t\t","protected":false},"excerpt":{"rendered":"<p>Bolet\u00edn de la OIEC \u00a0 La OIEC publica peri\u00f3dicamente un bolet\u00edn para sus miembros y todos los interesados en la organizaci\u00f3n y sus actividades.\u00a0 Adem\u00e1s de un pr\u00f3logo del Secretario General, el bolet\u00edn suele contener numerosos informes sobre los proyectos de la organizaci\u00f3n, publicaciones, compromisos, reuniones estatutarias de sus miembros e instituciones, anuncios de sus actos, etc. La OIEC espera&#8230;<\/p>\n","protected":false},"author":3,"featured_media":0,"parent":4818,"menu_order":5,"comment_status":"closed","ping_status":"closed","template":"","meta":{"_eb_attr":"","footnotes":""},"class_list":["post-4711","page","type-page","status-publish","hentry"],"_links":{"self":[{"href":"https:\/\/oiecinternational.com\/es\/wp-json\/wp\/v2\/pages\/4711"}],"collection":[{"href":"https:\/\/oiecinternational.com\/es\/wp-json\/wp\/v2\/pages"}],"about":[{"href":"https:\/\/oiecinternational.com\/es\/wp-json\/wp\/v2\/types\/page"}],"author":[{"embeddable":true,"href":"https:\/\/oiecinternational.com\/es\/wp-json\/wp\/v2\/users\/3"}],"replies":[{"embeddable":true,"href":"https:\/\/oiecinternational.com\/es\/wp-json\/wp\/v2\/comments?post=4711"}],"version-history":[{"count":26,"href":"https:\/\/oiecinternational.com\/es\/wp-json\/wp\/v2\/pages\/4711\/revisions"}],"predecessor-version":[{"id":5764,"href":"https:\/\/oiecinternational.com\/es\/wp-json\/wp\/v2\/pages\/4711\/revisions\/5764"}],"up":[{"embeddable":true,"href":"https:\/\/oiecinternational.com\/es\/wp-json\/wp\/v2\/pages\/4818"}],"wp:attachment":[{"href":"https:\/\/oiecinternational.com\/es\/wp-json\/wp\/v2\/media?parent=4711"}],"curies":[{"name":"wp","href":"https:\/\/api.w.org\/{rel}","templated":true}]}}