{"id":4780,"date":"2023-08-20T07:12:57","date_gmt":"2023-08-20T05:12:57","guid":{"rendered":"http:\/\/jcgqqhj.cluster030.hosting.ovh.net\/es\/?page_id=4780"},"modified":"2023-08-21T06:39:55","modified_gmt":"2023-08-21T04:39:55","slug":"polo-de-la-juventud","status":"publish","type":"page","link":"https:\/\/oiecinternational.com\/es\/los-polos\/polo-de-la-juventud\/","title":{"rendered":"Polo de la Juventud"},"content":{"rendered":"\t\t<div data-elementor-type=\"wp-page\" data-elementor-id=\"4780\" class=\"elementor elementor-4780\">\n\t\t\t\t\t\t<section class=\"elementor-section elementor-top-section elementor-element elementor-element-a505b07 elementor-section-boxed elementor-section-height-default elementor-section-height-default\" data-id=\"a505b07\" data-element_type=\"section\">\n\t\t\t\t\t\t<div class=\"elementor-container elementor-column-gap-default\">\n\t\t\t\t\t<div class=\"elementor-column elementor-col-100 elementor-top-column elementor-element elementor-element-efc3a52\" data-id=\"efc3a52\" data-element_type=\"column\">\n\t\t\t<div class=\"elementor-widget-wrap elementor-element-populated\">\n\t\t\t\t\t\t<div class=\"elementor-element elementor-element-998b81a elementor-invisible elementor-widget elementor-widget-image\" data-id=\"998b81a\" data-element_type=\"widget\" data-settings=\"{&quot;_animation&quot;:&quot;zoomIn&quot;}\" data-widget_type=\"image.default\">\n\t\t\t\t<div class=\"elementor-widget-container\">\n\t\t\t\t\t\t\t\t\t\t\t\t\t<img fetchpriority=\"high\" decoding=\"async\" width=\"798\" height=\"490\" src=\"https:\/\/oiecinternational.com\/es\/wp-content\/uploads\/sites\/2\/2023\/08\/AdobeStock_462125114web-e1677145383649.jpg\" class=\"attachment-full size-full wp-image-4782\" alt=\"\" srcset=\"https:\/\/oiecinternational.com\/es\/wp-content\/uploads\/sites\/2\/2023\/08\/AdobeStock_462125114web-e1677145383649.jpg 798w, https:\/\/oiecinternational.com\/es\/wp-content\/uploads\/sites\/2\/2023\/08\/AdobeStock_462125114web-e1677145383649-300x184.jpg 300w, https:\/\/oiecinternational.com\/es\/wp-content\/uploads\/sites\/2\/2023\/08\/AdobeStock_462125114web-e1677145383649-768x472.jpg 768w\" sizes=\"(max-width: 798px) 100vw, 798px\" \/>\t\t\t\t\t\t\t\t\t\t\t\t\t<\/div>\n\t\t\t\t<\/div>\n\t\t\t\t\t<\/div>\n\t\t<\/div>\n\t\t\t\t\t<\/div>\n\t\t<\/section>\n\t\t\t\t<section class=\"elementor-section elementor-top-section elementor-element elementor-element-370bfd1 elementor-section-boxed elementor-section-height-default elementor-section-height-default\" data-id=\"370bfd1\" data-element_type=\"section\">\n\t\t\t\t\t\t<div class=\"elementor-container elementor-column-gap-default\">\n\t\t\t\t\t<div class=\"elementor-column elementor-col-100 elementor-top-column elementor-element elementor-element-0c03a42\" data-id=\"0c03a42\" data-element_type=\"column\">\n\t\t\t<div class=\"elementor-widget-wrap elementor-element-populated\">\n\t\t\t\t\t\t<div class=\"elementor-element elementor-element-fbdb738 elementor-view-default elementor-widget elementor-widget-icon\" data-id=\"fbdb738\" data-element_type=\"widget\" data-widget_type=\"icon.default\">\n\t\t\t\t<div class=\"elementor-widget-container\">\n\t\t\t\t\t<div class=\"elementor-icon-wrapper\">\n\t\t\t<div class=\"elementor-icon\">\n\t\t\t<i aria-hidden=\"true\" class=\"fas fa-star\"><\/i>\t\t\t<\/div>\n\t\t<\/div>\n\t\t\t\t<\/div>\n\t\t\t\t<\/div>\n\t\t\t\t\t<\/div>\n\t\t<\/div>\n\t\t\t\t\t<\/div>\n\t\t<\/section>\n\t\t\t\t<section class=\"elementor-section elementor-top-section elementor-element elementor-element-f857d35 elementor-section-boxed elementor-section-height-default elementor-section-height-default\" data-id=\"f857d35\" data-element_type=\"section\">\n\t\t\t\t\t\t<div class=\"elementor-container elementor-column-gap-default\">\n\t\t\t\t\t<div class=\"elementor-column elementor-col-100 elementor-top-column elementor-element elementor-element-ee95dbb\" data-id=\"ee95dbb\" data-element_type=\"column\">\n\t\t\t<div class=\"elementor-widget-wrap elementor-element-populated\">\n\t\t\t\t\t\t<div class=\"elementor-element elementor-element-9eb23f1 elementor-widget elementor-widget-heading\" data-id=\"9eb23f1\" data-element_type=\"widget\" data-widget_type=\"heading.default\">\n\t\t\t\t<div class=\"elementor-widget-container\">\n\t\t\t<h2 class=\"elementor-heading-title elementor-size-default\">POLO DE LA JUVENTUD<\/h2>\t\t<\/div>\n\t\t\t\t<\/div>\n\t\t\t\t\t<\/div>\n\t\t<\/div>\n\t\t\t\t\t<\/div>\n\t\t<\/section>\n\t\t\t\t<section class=\"elementor-section elementor-top-section elementor-element elementor-element-377bdb6 elementor-section-boxed elementor-section-height-default elementor-section-height-default\" data-id=\"377bdb6\" data-element_type=\"section\" data-settings=\"{&quot;background_background&quot;:&quot;classic&quot;}\">\n\t\t\t\t\t\t<div class=\"elementor-container elementor-column-gap-default\">\n\t\t\t\t\t<div class=\"elementor-column elementor-col-100 elementor-top-column elementor-element elementor-element-8173780\" data-id=\"8173780\" data-element_type=\"column\">\n\t\t\t<div class=\"elementor-widget-wrap elementor-element-populated\">\n\t\t\t\t\t\t<div class=\"elementor-element elementor-element-3e7bc71 elementor-widget elementor-widget-text-editor\" data-id=\"3e7bc71\" data-element_type=\"widget\" data-widget_type=\"text-editor.default\">\n\t\t\t\t<div class=\"elementor-widget-container\">\n\t\t\t\t\t\t\t<h3><span style=\"color: #ffffff;\"><strong>La OIEC ha querido situar a los j\u00f3venes en el centro de su proceso de reflexi\u00f3n. Para ello, se propone escuchar a los j\u00f3venes:<\/strong><\/span><\/h3><ul><li><h3><span style=\"color: #008080;\"><strong><span style=\"color: #ffffff;\">Organizando<\/span> jornadas locales sobre el Pacto Mundial por la Educaci\u00f3n para escuchar a los j\u00f3venes.<\/strong><\/span><\/h3><\/li><li><h3><span style=\"color: #ffffff;\">Enviando<\/span> <span style=\"color: #008080;\">j\u00f3venes en misi\u00f3n<\/span><\/h3><\/li><li><h3><span style=\"color: #ffffff;\"><strong>Mediante <span style=\"color: #008080;\">la creaci\u00f3n de una Comisi\u00f3n Mundial de la Juventud (CMJ) para ayudar a la OIEC en su misi\u00f3n educativa.<\/span><\/strong><\/span><\/h3><\/li><\/ul>\t\t\t\t\t\t<\/div>\n\t\t\t\t<\/div>\n\t\t\t\t\t<\/div>\n\t\t<\/div>\n\t\t\t\t\t<\/div>\n\t\t<\/section>\n\t\t\t\t<section class=\"elementor-section elementor-top-section elementor-element elementor-element-fb5f012 elementor-section-boxed elementor-section-height-default elementor-section-height-default\" data-id=\"fb5f012\" data-element_type=\"section\">\n\t\t\t\t\t\t<div class=\"elementor-container elementor-column-gap-default\">\n\t\t\t\t\t<div class=\"elementor-column elementor-col-100 elementor-top-column elementor-element elementor-element-8c1fb44\" data-id=\"8c1fb44\" data-element_type=\"column\">\n\t\t\t<div class=\"elementor-widget-wrap elementor-element-populated\">\n\t\t\t\t\t\t<div class=\"elementor-element elementor-element-44e4106 eael-infobox-content-align--center eael-infobox-icon-bg-shape-none eael-infobox-icon-hover-bg-shape-none elementor-widget elementor-widget-eael-info-box\" data-id=\"44e4106\" data-element_type=\"widget\" data-widget_type=\"eael-info-box.default\">\n\t\t\t\t<div class=\"elementor-widget-container\">\n\t\t\t        <div class=\"eael-infobox\">\n\t            <div class=\"infobox-icon eael-icon-only\">\n\n            \n                            <div class=\"infobox-icon-wrap\">\n                    <i aria-hidden=\"true\" class=\"fas fa-star\"><\/i>                <\/div>\n            \n            \n        <\/div>\n            <div class=\"infobox-content eael-icon-only\">\n                            <h2 class=\"title\">La Comisi\u00f3n Mundial de la Juventud<\/h2>\n                                                                                                        <\/div>\n            <\/div>\n\n\t\t\t\t<\/div>\n\t\t\t\t<\/div>\n\t\t\t\t\t<\/div>\n\t\t<\/div>\n\t\t\t\t\t<\/div>\n\t\t<\/section>\n\t\t\t\t<section class=\"elementor-section elementor-top-section elementor-element elementor-element-8b1daaa elementor-section-boxed elementor-section-height-default elementor-section-height-default\" data-id=\"8b1daaa\" data-element_type=\"section\">\n\t\t\t\t\t\t<div class=\"elementor-container elementor-column-gap-default\">\n\t\t\t\t\t<div class=\"elementor-column elementor-col-66 elementor-top-column elementor-element elementor-element-af01e37\" data-id=\"af01e37\" data-element_type=\"column\">\n\t\t\t<div class=\"elementor-widget-wrap elementor-element-populated\">\n\t\t\t\t\t\t<div class=\"elementor-element elementor-element-de7b4ff elementor-widget elementor-widget-text-editor\" data-id=\"de7b4ff\" data-element_type=\"widget\" data-widget_type=\"text-editor.default\">\n\t\t\t\t<div class=\"elementor-widget-container\">\n\t\t\t\t\t\t\t<h4><strong><span style=\"color: #333333;\">La participaci\u00f3n de los j\u00f3venes contribuye a hacer avanzar nuestra magn\u00edfica instituci\u00f3n, la OIEC, al tener en cuenta sus voces e ideas.<\/span><\/strong><\/h4><h4><span style=\"color: #333333;\">Los j\u00f3venes de la Comisi\u00f3n trabajar\u00e1n en temas como :<\/span><\/h4><ul><li><h4>La Aldea de la Educaci\u00f3n 2030.<\/h4><\/li><li><h4>Los Objetivos de Desarrollo Sostenible (ODS).<\/h4><\/li><li><h4>La solidaridad internacional.<\/h4><\/li><li><h4>El lugar de los j\u00f3venes en los distintos comit\u00e9s de nuestro organismo.<\/h4><\/li><li><h4>La salud emocional de los j\u00f3venes, tras la pandemia de COVID 19.<\/h4><\/li><li><h4>La protecci\u00f3n de los menores.<\/h4><\/li><li><h4>Y cualquier otro tema de importancia para ellos.<\/h4><\/li><\/ul>\t\t\t\t\t\t<\/div>\n\t\t\t\t<\/div>\n\t\t\t\t\t<\/div>\n\t\t<\/div>\n\t\t\t\t<div class=\"elementor-column elementor-col-33 elementor-top-column elementor-element elementor-element-270950a\" data-id=\"270950a\" data-element_type=\"column\">\n\t\t\t<div class=\"elementor-widget-wrap elementor-element-populated\">\n\t\t\t\t\t\t<div class=\"elementor-element elementor-element-4909636 elementor-widget elementor-widget-image\" data-id=\"4909636\" data-element_type=\"widget\" data-widget_type=\"image.default\">\n\t\t\t\t<div class=\"elementor-widget-container\">\n\t\t\t\t\t\t\t\t\t\t\t\t\t<img decoding=\"async\" width=\"800\" height=\"533\" src=\"https:\/\/oiecinternational.com\/es\/wp-content\/uploads\/sites\/2\/2023\/08\/AdobeStock_347727840web.jpg\" class=\"attachment-full size-full wp-image-4784\" alt=\"\" srcset=\"https:\/\/oiecinternational.com\/es\/wp-content\/uploads\/sites\/2\/2023\/08\/AdobeStock_347727840web.jpg 800w, https:\/\/oiecinternational.com\/es\/wp-content\/uploads\/sites\/2\/2023\/08\/AdobeStock_347727840web-300x200.jpg 300w, https:\/\/oiecinternational.com\/es\/wp-content\/uploads\/sites\/2\/2023\/08\/AdobeStock_347727840web-768x512.jpg 768w, https:\/\/oiecinternational.com\/es\/wp-content\/uploads\/sites\/2\/2023\/08\/AdobeStock_347727840web-600x400.jpg 600w\" sizes=\"(max-width: 800px) 100vw, 800px\" \/>\t\t\t\t\t\t\t\t\t\t\t\t\t<\/div>\n\t\t\t\t<\/div>\n\t\t\t\t<div class=\"elementor-element elementor-element-efea5b0 elementor-widget elementor-widget-image\" data-id=\"efea5b0\" data-element_type=\"widget\" data-widget_type=\"image.default\">\n\t\t\t\t<div class=\"elementor-widget-container\">\n\t\t\t\t\t\t\t\t\t\t\t\t\t<img decoding=\"async\" width=\"1600\" height=\"1040\" src=\"https:\/\/oiecinternational.com\/es\/wp-content\/uploads\/sites\/2\/2023\/08\/WhatsApp-Image-2022-12-04-at-10.06.02.jpeg\" class=\"attachment-full size-full wp-image-4785\" alt=\"\" srcset=\"https:\/\/oiecinternational.com\/es\/wp-content\/uploads\/sites\/2\/2023\/08\/WhatsApp-Image-2022-12-04-at-10.06.02.jpeg 1600w, https:\/\/oiecinternational.com\/es\/wp-content\/uploads\/sites\/2\/2023\/08\/WhatsApp-Image-2022-12-04-at-10.06.02-300x195.jpeg 300w, https:\/\/oiecinternational.com\/es\/wp-content\/uploads\/sites\/2\/2023\/08\/WhatsApp-Image-2022-12-04-at-10.06.02-1024x666.jpeg 1024w, https:\/\/oiecinternational.com\/es\/wp-content\/uploads\/sites\/2\/2023\/08\/WhatsApp-Image-2022-12-04-at-10.06.02-768x499.jpeg 768w, https:\/\/oiecinternational.com\/es\/wp-content\/uploads\/sites\/2\/2023\/08\/WhatsApp-Image-2022-12-04-at-10.06.02-1536x998.jpeg 1536w, https:\/\/oiecinternational.com\/es\/wp-content\/uploads\/sites\/2\/2023\/08\/WhatsApp-Image-2022-12-04-at-10.06.02-368x240.jpeg 368w\" sizes=\"(max-width: 1600px) 100vw, 1600px\" \/>\t\t\t\t\t\t\t\t\t\t\t\t\t<\/div>\n\t\t\t\t<\/div>\n\t\t\t\t\t<\/div>\n\t\t<\/div>\n\t\t\t\t\t<\/div>\n\t\t<\/section>\n\t\t\t\t<section class=\"elementor-section elementor-top-section elementor-element elementor-element-b9fa5fe elementor-section-boxed elementor-section-height-default elementor-section-height-default\" data-id=\"b9fa5fe\" data-element_type=\"section\">\n\t\t\t\t\t\t<div class=\"elementor-container elementor-column-gap-default\">\n\t\t\t\t\t<div class=\"elementor-column elementor-col-100 elementor-top-column elementor-element elementor-element-c1dedc6\" data-id=\"c1dedc6\" data-element_type=\"column\">\n\t\t\t<div class=\"elementor-widget-wrap elementor-element-populated\">\n\t\t\t\t\t\t<div class=\"elementor-element elementor-element-aab739a elementor-widget elementor-widget-text-editor\" data-id=\"aab739a\" data-element_type=\"widget\" data-widget_type=\"text-editor.default\">\n\t\t\t\t<div class=\"elementor-widget-container\">\n\t\t\t\t\t\t\t<h3><span style=\"color: #333333;\">Ser miembro del Consejo Mundial de la Juventud significa :<\/span><\/h3><ul><li><h4><span style=\"color: #333333;\">Convertirse en embajador de la juventud mundial.<\/span><\/h4><\/li><li><h4><span style=\"color: #333333;\">Conocer a personas de distintos or\u00edgenes<\/span><\/h4><\/li><li><h4><span style=\"color: #333333;\">Desarrollar sus capacidades aprendiendo, por ejemplo, a hablar en p\u00fablico, a defender su punto de vista, a trabajar en equipo y sobre diversos temas (en ingl\u00e9s, franc\u00e9s o espa\u00f1ol).<\/span><\/h4><\/li><li><h4><span style=\"color: #333333;\">Actuar e implicarse para que la ciudadan\u00eda sea una realidad cotidiana<\/span><\/h4><\/li><li><h4><span style=\"color: #333333;\">Participar en actividades en el extranjero (viajes oficiales, ayuda a la puesta en marcha de un proyecto internacional de ciudadan\u00eda).<\/span><\/h4><\/li><li><h4><span style=\"color: #333333;\">Representar a la OIEC en acontecimientos deportivos y culturales.<\/span><\/h4><\/li><li><h4><span style=\"color: #333333;\">Hacer realidad los decretos sinodales.<\/span><\/h4><\/li><\/ul><h4>\u00a0<\/h4><h4><span style=\"color: #333333;\"><strong>Descargar\u00a0 :<\/strong><\/span><\/h4><ul><li><h4>\u00a0<a href=\"https:\/\/drive.google.com\/file\/d\/1TIbaY7kPQDRmDpfg5ehuOhmtzq-0vyKh\/view?usp=drive_link\">el documento de presentaci\u00f3n de la Comisi\u00f3n Mundial de la Juventud<\/a><\/h4><\/li><li><h4><a href=\"https:\/\/drive.google.com\/file\/d\/1kdNRZJ24GknU3wbXoSqVCJCNxpjnT9Ea\/view?usp=drive_link\">el reglamento marco de la Comisi\u00f3n Mundial de la Juventud<\/a><\/h4><\/li><\/ul>\t\t\t\t\t\t<\/div>\n\t\t\t\t<\/div>\n\t\t\t\t\t<\/div>\n\t\t<\/div>\n\t\t\t\t\t<\/div>\n\t\t<\/section>\n\t\t\t\t<\/div>\n\t\t","protected":false},"excerpt":{"rendered":"<p>POLO DE LA JUVENTUD La OIEC ha querido situar a los j\u00f3venes en el centro de su proceso de reflexi\u00f3n. Para ello, se propone escuchar a los j\u00f3venes: Organizando jornadas locales sobre el Pacto Mundial por la Educaci\u00f3n para escuchar a los j\u00f3venes. Enviando j\u00f3venes en misi\u00f3n Mediante la creaci\u00f3n de una Comisi\u00f3n Mundial de la Juventud (CMJ) para ayudar&#8230;<\/p>\n","protected":false},"author":3,"featured_media":0,"parent":4621,"menu_order":4,"comment_status":"closed","ping_status":"closed","template":"","meta":{"_eb_attr":"","footnotes":""},"class_list":["post-4780","page","type-page","status-publish","hentry"],"_links":{"self":[{"href":"https:\/\/oiecinternational.com\/es\/wp-json\/wp\/v2\/pages\/4780"}],"collection":[{"href":"https:\/\/oiecinternational.com\/es\/wp-json\/wp\/v2\/pages"}],"about":[{"href":"https:\/\/oiecinternational.com\/es\/wp-json\/wp\/v2\/types\/page"}],"author":[{"embeddable":true,"href":"https:\/\/oiecinternational.com\/es\/wp-json\/wp\/v2\/users\/3"}],"replies":[{"embeddable":true,"href":"https:\/\/oiecinternational.com\/es\/wp-json\/wp\/v2\/comments?post=4780"}],"version-history":[{"count":4,"href":"https:\/\/oiecinternational.com\/es\/wp-json\/wp\/v2\/pages\/4780\/revisions"}],"predecessor-version":[{"id":4789,"href":"https:\/\/oiecinternational.com\/es\/wp-json\/wp\/v2\/pages\/4780\/revisions\/4789"}],"up":[{"embeddable":true,"href":"https:\/\/oiecinternational.com\/es\/wp-json\/wp\/v2\/pages\/4621"}],"wp:attachment":[{"href":"https:\/\/oiecinternational.com\/es\/wp-json\/wp\/v2\/media?parent=4780"}],"curies":[{"name":"wp","href":"https:\/\/api.w.org\/{rel}","templated":true}]}}