{"id":4867,"date":"2023-08-21T09:00:57","date_gmt":"2023-08-21T07:00:57","guid":{"rendered":"http:\/\/jcgqqhj.cluster030.hosting.ovh.net\/es\/?page_id=4867"},"modified":"2023-08-21T10:03:27","modified_gmt":"2023-08-21T08:03:27","slug":"mejores-momentos","status":"publish","type":"page","link":"https:\/\/oiecinternational.com\/es\/mejores-momentos\/","title":{"rendered":"MEJORES MOMENTOS"},"content":{"rendered":"\t\t<div data-elementor-type=\"wp-page\" data-elementor-id=\"4867\" class=\"elementor elementor-4867\">\n\t\t\t\t\t\t<section class=\"elementor-section elementor-top-section elementor-element elementor-element-d8e21f9 elementor-section-boxed elementor-section-height-default elementor-section-height-default\" data-id=\"d8e21f9\" data-element_type=\"section\">\n\t\t\t\t\t\t<div class=\"elementor-container elementor-column-gap-default\">\n\t\t\t\t\t<div class=\"elementor-column elementor-col-100 elementor-top-column elementor-element elementor-element-5409949\" data-id=\"5409949\" data-element_type=\"column\">\n\t\t\t<div class=\"elementor-widget-wrap elementor-element-populated\">\n\t\t\t\t\t\t<div class=\"elementor-element elementor-element-05c52f1 elementor-view-default elementor-widget elementor-widget-icon\" data-id=\"05c52f1\" data-element_type=\"widget\" data-widget_type=\"icon.default\">\n\t\t\t\t<div class=\"elementor-widget-container\">\n\t\t\t\t\t<div class=\"elementor-icon-wrapper\">\n\t\t\t<div class=\"elementor-icon\">\n\t\t\t<i aria-hidden=\"true\" class=\"fas fa-star\"><\/i>\t\t\t<\/div>\n\t\t<\/div>\n\t\t\t\t<\/div>\n\t\t\t\t<\/div>\n\t\t\t\t\t<\/div>\n\t\t<\/div>\n\t\t\t\t\t<\/div>\n\t\t<\/section>\n\t\t\t\t<section class=\"elementor-section elementor-top-section elementor-element elementor-element-ca2de31 elementor-section-boxed elementor-section-height-default elementor-section-height-default\" data-id=\"ca2de31\" data-element_type=\"section\">\n\t\t\t\t\t\t<div class=\"elementor-container elementor-column-gap-default\">\n\t\t\t\t\t<div class=\"elementor-column elementor-col-100 elementor-top-column elementor-element elementor-element-28595bd\" data-id=\"28595bd\" data-element_type=\"column\">\n\t\t\t<div class=\"elementor-widget-wrap elementor-element-populated\">\n\t\t\t\t\t\t<div class=\"elementor-element elementor-element-dd64607 elementor-widget elementor-widget-heading\" data-id=\"dd64607\" data-element_type=\"widget\" data-widget_type=\"heading.default\">\n\t\t\t\t<div class=\"elementor-widget-container\">\n\t\t\t<h2 class=\"elementor-heading-title elementor-size-default\">El Congreso de Adultos<\/h2>\t\t<\/div>\n\t\t\t\t<\/div>\n\t\t\t\t\t<\/div>\n\t\t<\/div>\n\t\t\t\t\t<\/div>\n\t\t<\/section>\n\t\t\t\t<section class=\"elementor-section elementor-top-section elementor-element elementor-element-2a9e4a0 elementor-section-boxed elementor-section-height-default elementor-section-height-default\" data-id=\"2a9e4a0\" data-element_type=\"section\">\n\t\t\t\t\t\t<div class=\"elementor-container elementor-column-gap-default\">\n\t\t\t\t\t<div class=\"elementor-column elementor-col-50 elementor-top-column elementor-element elementor-element-37fef76\" data-id=\"37fef76\" data-element_type=\"column\">\n\t\t\t<div class=\"elementor-widget-wrap elementor-element-populated\">\n\t\t\t\t\t\t<div class=\"elementor-element elementor-element-f43395d elementor-widget elementor-widget-text-editor\" data-id=\"f43395d\" data-element_type=\"widget\" data-widget_type=\"text-editor.default\">\n\t\t\t\t<div class=\"elementor-widget-container\">\n\t\t\t\t\t\t\t<h4>Cada tres o cuatro a\u00f1os, la OIEC organiza una reuni\u00f3n de responsables de la educaci\u00f3n cat\u00f3lica procedentes de todo el mundo.<\/h4><p><strong>As\u00ed, m\u00e1s de 80 pa\u00edses est\u00e1n representados.<\/strong> Una rara ocasi\u00f3n para vivir una gran experiencia de intercambio y solidaridad internacional en el seno de la educaci\u00f3n cat\u00f3lica.<\/p><p>Despu\u00e9s de <a href=\"http:\/\/oiecinternational.com\/es\/congreso-2019\/\">Nueva York en 2019<\/a>, es la ciudad de Marsella en Francia que recibi\u00f3 a cerca de 450 personas venidas de todos los continentes del 1 al 3 de diciembre de 2022. Muchos otros siguieron diariamente estos d\u00edas en streaming. Reflexi\u00f3n, encuentros y compartici\u00f3n de experiencias estaban en el programa.<\/p>\t\t\t\t\t\t<\/div>\n\t\t\t\t<\/div>\n\t\t\t\t\t<\/div>\n\t\t<\/div>\n\t\t\t\t<div class=\"elementor-column elementor-col-50 elementor-top-column elementor-element elementor-element-0aa1599\" data-id=\"0aa1599\" data-element_type=\"column\">\n\t\t\t<div class=\"elementor-widget-wrap elementor-element-populated\">\n\t\t\t\t\t\t<div class=\"elementor-element elementor-element-eca4e62 elementor-widget elementor-widget-image\" data-id=\"eca4e62\" data-element_type=\"widget\" data-widget_type=\"image.default\">\n\t\t\t\t<div class=\"elementor-widget-container\">\n\t\t\t\t\t\t\t\t\t\t\t\t\t<img fetchpriority=\"high\" decoding=\"async\" width=\"640\" height=\"576\" src=\"https:\/\/oiecinternational.com\/es\/wp-content\/uploads\/sites\/2\/2023\/08\/CONGRES-ADULTES-scaled-1-1024x922.jpg\" class=\"attachment-large size-large wp-image-4869\" alt=\"\" srcset=\"https:\/\/oiecinternational.com\/es\/wp-content\/uploads\/sites\/2\/2023\/08\/CONGRES-ADULTES-scaled-1-1024x922.jpg 1024w, https:\/\/oiecinternational.com\/es\/wp-content\/uploads\/sites\/2\/2023\/08\/CONGRES-ADULTES-scaled-1-300x270.jpg 300w, https:\/\/oiecinternational.com\/es\/wp-content\/uploads\/sites\/2\/2023\/08\/CONGRES-ADULTES-scaled-1-768x692.jpg 768w, https:\/\/oiecinternational.com\/es\/wp-content\/uploads\/sites\/2\/2023\/08\/CONGRES-ADULTES-scaled-1-1536x1383.jpg 1536w, https:\/\/oiecinternational.com\/es\/wp-content\/uploads\/sites\/2\/2023\/08\/CONGRES-ADULTES-scaled-1-2048x1844.jpg 2048w\" sizes=\"(max-width: 640px) 100vw, 640px\" \/>\t\t\t\t\t\t\t\t\t\t\t\t\t<\/div>\n\t\t\t\t<\/div>\n\t\t\t\t\t<\/div>\n\t\t<\/div>\n\t\t\t\t\t<\/div>\n\t\t<\/section>\n\t\t\t\t<section class=\"elementor-section elementor-top-section elementor-element elementor-element-91f2c57 elementor-section-boxed elementor-section-height-default elementor-section-height-default\" data-id=\"91f2c57\" data-element_type=\"section\" data-settings=\"{&quot;background_background&quot;:&quot;classic&quot;}\">\n\t\t\t\t\t\t<div class=\"elementor-container elementor-column-gap-default\">\n\t\t\t\t\t<div class=\"elementor-column elementor-col-100 elementor-top-column elementor-element elementor-element-800ddba\" data-id=\"800ddba\" data-element_type=\"column\">\n\t\t\t<div class=\"elementor-widget-wrap elementor-element-populated\">\n\t\t\t\t\t\t<div class=\"elementor-element elementor-element-ed1e2ff eael-infobox-content-align--center eael-infobox-icon-bg-shape-none eael-infobox-icon-hover-bg-shape-none elementor-invisible elementor-widget elementor-widget-eael-info-box\" data-id=\"ed1e2ff\" data-element_type=\"widget\" data-settings=\"{&quot;_animation&quot;:&quot;zoomIn&quot;}\" data-widget_type=\"eael-info-box.default\">\n\t\t\t\t<div class=\"elementor-widget-container\">\n\t\t\t        <div class=\"eael-infobox\">\n\t            <div class=\"infobox-icon eael-icon-only\">\n\n            \n                            <div class=\"infobox-icon-wrap\">\n                    <i aria-hidden=\"true\" class=\"fas fa-video\"><\/i>                <\/div>\n            \n            \n        <\/div>\n            <div class=\"infobox-content eael-icon-only\">\n                            <h2 class=\"title\">MARSEILLE 2022<\/h2>\n                                                                                                <h4><a href=\"http:\/\/oiecinternational.com\/es\/mejores-momentos\/congreso-marsella-2022\/\"><span style=\"color: #ffffff;\">Encuentre la totalidad del Congreso de Marsella en v\u00eddeo <br \/>y las intervenciones de los participantes.<\/span><\/a><\/h4>                                                                            <\/div>\n            <\/div>\n\n\t\t\t\t<\/div>\n\t\t\t\t<\/div>\n\t\t\t\t\t<\/div>\n\t\t<\/div>\n\t\t\t\t\t<\/div>\n\t\t<\/section>\n\t\t\t\t<section class=\"elementor-section elementor-top-section elementor-element elementor-element-45d1ed0 elementor-section-boxed elementor-section-height-default elementor-section-height-default\" data-id=\"45d1ed0\" data-element_type=\"section\">\n\t\t\t\t\t\t<div class=\"elementor-container elementor-column-gap-default\">\n\t\t\t\t\t<div class=\"elementor-column elementor-col-100 elementor-top-column elementor-element elementor-element-b85411a\" data-id=\"b85411a\" data-element_type=\"column\">\n\t\t\t<div class=\"elementor-widget-wrap elementor-element-populated\">\n\t\t\t\t\t\t<div class=\"elementor-element elementor-element-1d0b7bc elementor-view-default elementor-widget elementor-widget-icon\" data-id=\"1d0b7bc\" data-element_type=\"widget\" data-widget_type=\"icon.default\">\n\t\t\t\t<div class=\"elementor-widget-container\">\n\t\t\t\t\t<div class=\"elementor-icon-wrapper\">\n\t\t\t<div class=\"elementor-icon\">\n\t\t\t<i aria-hidden=\"true\" class=\"fas fa-star\"><\/i>\t\t\t<\/div>\n\t\t<\/div>\n\t\t\t\t<\/div>\n\t\t\t\t<\/div>\n\t\t\t\t\t<\/div>\n\t\t<\/div>\n\t\t\t\t\t<\/div>\n\t\t<\/section>\n\t\t\t\t<section class=\"elementor-section elementor-top-section elementor-element elementor-element-3a457b1 elementor-section-boxed elementor-section-height-default elementor-section-height-default\" data-id=\"3a457b1\" data-element_type=\"section\">\n\t\t\t\t\t\t<div class=\"elementor-container elementor-column-gap-default\">\n\t\t\t\t\t<div class=\"elementor-column elementor-col-100 elementor-top-column elementor-element elementor-element-8eaa851\" data-id=\"8eaa851\" data-element_type=\"column\">\n\t\t\t<div class=\"elementor-widget-wrap elementor-element-populated\">\n\t\t\t\t\t\t<div class=\"elementor-element elementor-element-db4c64d elementor-widget elementor-widget-heading\" data-id=\"db4c64d\" data-element_type=\"widget\" data-widget_type=\"heading.default\">\n\t\t\t\t<div class=\"elementor-widget-container\">\n\t\t\t<h2 class=\"elementor-heading-title elementor-size-default\">El Congreso de la Juventud<\/h2>\t\t<\/div>\n\t\t\t\t<\/div>\n\t\t\t\t\t<\/div>\n\t\t<\/div>\n\t\t\t\t\t<\/div>\n\t\t<\/section>\n\t\t\t\t<section class=\"elementor-section elementor-top-section elementor-element elementor-element-04a39eb elementor-section-boxed elementor-section-height-default elementor-section-height-default\" data-id=\"04a39eb\" data-element_type=\"section\">\n\t\t\t\t\t\t<div class=\"elementor-container elementor-column-gap-default\">\n\t\t\t\t\t<div class=\"elementor-column elementor-col-100 elementor-top-column elementor-element elementor-element-3faaed7\" data-id=\"3faaed7\" data-element_type=\"column\">\n\t\t\t<div class=\"elementor-widget-wrap elementor-element-populated\">\n\t\t\t\t\t\t<div class=\"elementor-element elementor-element-a420853 elementor-widget elementor-widget-image\" data-id=\"a420853\" data-element_type=\"widget\" data-widget_type=\"image.default\">\n\t\t\t\t<div class=\"elementor-widget-container\">\n\t\t\t\t\t\t\t\t\t\t\t\t\t<img decoding=\"async\" width=\"2560\" height=\"922\" src=\"https:\/\/oiecinternational.com\/es\/wp-content\/uploads\/sites\/2\/2023\/08\/CONGRES-JEUNES-scaled-1.jpg\" class=\"attachment-full size-full wp-image-4871\" alt=\"\" srcset=\"https:\/\/oiecinternational.com\/es\/wp-content\/uploads\/sites\/2\/2023\/08\/CONGRES-JEUNES-scaled-1.jpg 2560w, https:\/\/oiecinternational.com\/es\/wp-content\/uploads\/sites\/2\/2023\/08\/CONGRES-JEUNES-scaled-1-300x108.jpg 300w, https:\/\/oiecinternational.com\/es\/wp-content\/uploads\/sites\/2\/2023\/08\/CONGRES-JEUNES-scaled-1-1024x369.jpg 1024w, https:\/\/oiecinternational.com\/es\/wp-content\/uploads\/sites\/2\/2023\/08\/CONGRES-JEUNES-scaled-1-768x277.jpg 768w, https:\/\/oiecinternational.com\/es\/wp-content\/uploads\/sites\/2\/2023\/08\/CONGRES-JEUNES-scaled-1-1536x553.jpg 1536w, https:\/\/oiecinternational.com\/es\/wp-content\/uploads\/sites\/2\/2023\/08\/CONGRES-JEUNES-scaled-1-2048x738.jpg 2048w\" sizes=\"(max-width: 2560px) 100vw, 2560px\" \/>\t\t\t\t\t\t\t\t\t\t\t\t\t<\/div>\n\t\t\t\t<\/div>\n\t\t\t\t\t<\/div>\n\t\t<\/div>\n\t\t\t\t\t<\/div>\n\t\t<\/section>\n\t\t\t\t<section class=\"elementor-section elementor-top-section elementor-element elementor-element-4eb953b elementor-section-boxed elementor-section-height-default elementor-section-height-default\" data-id=\"4eb953b\" data-element_type=\"section\">\n\t\t\t\t\t\t<div class=\"elementor-container elementor-column-gap-default\">\n\t\t\t\t\t<div class=\"elementor-column elementor-col-33 elementor-top-column elementor-element elementor-element-2ce582a\" data-id=\"2ce582a\" data-element_type=\"column\">\n\t\t\t<div class=\"elementor-widget-wrap elementor-element-populated\">\n\t\t\t\t\t\t<div class=\"elementor-element elementor-element-a8e7ef9 elementor-widget elementor-widget-text-editor\" data-id=\"a8e7ef9\" data-element_type=\"widget\" data-widget_type=\"text-editor.default\">\n\t\t\t\t<div class=\"elementor-widget-container\">\n\t\t\t\t\t\t\t<p>En esta ocasi\u00f3n, Planet Fraternity invita a 50 j\u00f3venes de los 5 continentes a encontrarse, intercambiar y compartir momentos fuertes. Testimonios, conferencias, debates, proyecciones, talleres teatrales, deportivos, culturales&#8230; permiten a cada uno enriquecerse y descubrir al otro.<\/p>\t\t\t\t\t\t<\/div>\n\t\t\t\t<\/div>\n\t\t\t\t\t<\/div>\n\t\t<\/div>\n\t\t\t\t<div class=\"elementor-column elementor-col-66 elementor-top-column elementor-element elementor-element-f80a66f\" data-id=\"f80a66f\" data-element_type=\"column\">\n\t\t\t<div class=\"elementor-widget-wrap elementor-element-populated\">\n\t\t\t\t\t\t<div class=\"elementor-element elementor-element-3cac22d elementor-widget elementor-widget-video\" data-id=\"3cac22d\" data-element_type=\"widget\" data-settings=\"{&quot;youtube_url&quot;:&quot;https:\\\/\\\/www.youtube.com\\\/watch?t=8863&amp;v=Zc8culVa4NU&amp;feature=youtu.be&quot;,&quot;start&quot;:8865,&quot;video_type&quot;:&quot;youtube&quot;,&quot;controls&quot;:&quot;yes&quot;}\" data-widget_type=\"video.default\">\n\t\t\t\t<div class=\"elementor-widget-container\">\n\t\t\t\t\t<div class=\"elementor-wrapper elementor-open-inline\">\n\t\t\t<div class=\"elementor-video\"><\/div>\t\t<\/div>\n\t\t\t\t<\/div>\n\t\t\t\t<\/div>\n\t\t\t\t\t<\/div>\n\t\t<\/div>\n\t\t\t\t\t<\/div>\n\t\t<\/section>\n\t\t\t\t<\/div>\n\t\t","protected":false},"excerpt":{"rendered":"<p>El Congreso de Adultos Cada tres o cuatro a\u00f1os, la OIEC organiza una reuni\u00f3n de responsables de la educaci\u00f3n cat\u00f3lica procedentes de todo el mundo. As\u00ed, m\u00e1s de 80 pa\u00edses est\u00e1n representados. Una rara ocasi\u00f3n para vivir una gran experiencia de intercambio y solidaridad internacional en el seno de la educaci\u00f3n cat\u00f3lica. Despu\u00e9s de Nueva York en 2019, es la&#8230;<\/p>\n","protected":false},"author":3,"featured_media":0,"parent":0,"menu_order":6,"comment_status":"closed","ping_status":"closed","template":"","meta":{"_eb_attr":"","footnotes":""},"class_list":["post-4867","page","type-page","status-publish","hentry"],"_links":{"self":[{"href":"https:\/\/oiecinternational.com\/es\/wp-json\/wp\/v2\/pages\/4867"}],"collection":[{"href":"https:\/\/oiecinternational.com\/es\/wp-json\/wp\/v2\/pages"}],"about":[{"href":"https:\/\/oiecinternational.com\/es\/wp-json\/wp\/v2\/types\/page"}],"author":[{"embeddable":true,"href":"https:\/\/oiecinternational.com\/es\/wp-json\/wp\/v2\/users\/3"}],"replies":[{"embeddable":true,"href":"https:\/\/oiecinternational.com\/es\/wp-json\/wp\/v2\/comments?post=4867"}],"version-history":[{"count":11,"href":"https:\/\/oiecinternational.com\/es\/wp-json\/wp\/v2\/pages\/4867\/revisions"}],"predecessor-version":[{"id":4908,"href":"https:\/\/oiecinternational.com\/es\/wp-json\/wp\/v2\/pages\/4867\/revisions\/4908"}],"wp:attachment":[{"href":"https:\/\/oiecinternational.com\/es\/wp-json\/wp\/v2\/media?parent=4867"}],"curies":[{"name":"wp","href":"https:\/\/api.w.org\/{rel}","templated":true}]}}