{"id":4945,"date":"2023-08-21T11:40:12","date_gmt":"2023-08-21T09:40:12","guid":{"rendered":"http:\/\/jcgqqhj.cluster030.hosting.ovh.net\/es\/?page_id=4945"},"modified":"2023-08-22T09:16:32","modified_gmt":"2023-08-22T07:16:32","slug":"ma-petite-planete","status":"publish","type":"page","link":"https:\/\/oiecinternational.com\/es\/inicio\/ma-petite-planete\/","title":{"rendered":"Ma petite Plan\u00e8te"},"content":{"rendered":"\t\t<div data-elementor-type=\"wp-page\" data-elementor-id=\"4945\" class=\"elementor elementor-4945\">\n\t\t\t\t\t\t<section class=\"elementor-section elementor-top-section elementor-element elementor-element-9c72341 elementor-section-boxed elementor-section-height-default elementor-section-height-default\" data-id=\"9c72341\" data-element_type=\"section\">\n\t\t\t\t\t\t<div class=\"elementor-container elementor-column-gap-default\">\n\t\t\t\t\t<div class=\"elementor-column elementor-col-50 elementor-top-column elementor-element elementor-element-884ba53\" data-id=\"884ba53\" data-element_type=\"column\">\n\t\t\t<div class=\"elementor-widget-wrap elementor-element-populated\">\n\t\t\t\t\t\t<div class=\"elementor-element elementor-element-5ad3649 elementor-widget elementor-widget-text-editor\" data-id=\"5ad3649\" data-element_type=\"widget\" data-widget_type=\"text-editor.default\">\n\t\t\t\t<div class=\"elementor-widget-container\">\n\t\t\t\t\t\t\t<p style=\"color: #242424; font-family: 'Segoe UI', 'Segoe UI Web (West European)', 'Segoe UI', -apple-system, BlinkMacSystemFont, Roboto, 'Helvetica Neue', sans-serif;\">La asociaci\u00f3n <strong><a href=\"https:\/\/mapetiteplanete.org\/mpp-scolaire\/\" target=\"_blank\" rel=\"noopener\">Ma Petite Plan\u00e8te<\/a><\/strong>\u00a0ofrece la posibilidad de participar en un\u00a0<b>juego colaborativo gratuito destinado a sensibilizar y animar a los j\u00f3venes a actuar en torno al tema de la ecolog\u00eda y la solidaridad.\u00a0<\/b><\/p><p style=\"color: #242424; font-family: 'Segoe UI', 'Segoe UI Web (West European)', 'Segoe UI', -apple-system, BlinkMacSystemFont, Roboto, 'Helvetica Neue', sans-serif;\">En pocas palabras, Ma Petite Plan\u00e8te es un\u00a0<b>juego de desaf\u00edos ecol\u00f3gicos<\/b>\u00a0que se puede jugar en equipo, desde la guarder\u00eda hasta el instituto, durante 3 semanas. El objetivo es conseguir que el mayor n\u00famero posible de alumnos act\u00fae para proteger el planeta y todos los seres vivos, sensibiliz\u00e1ndolos sobre cuestiones ecol\u00f3gicas y solidarias.\u00a0<\/p><p style=\"color: #242424; font-family: 'Segoe UI', 'Segoe UI Web (West European)', 'Segoe UI', -apple-system, BlinkMacSystemFont, Roboto, 'Helvetica Neue', sans-serif;\">En la \u00faltima edici\u00f3n participaron 2.000 clases, lo que representa 45.000 alumnos y profesores, \u00a1que completaron m\u00e1s de 670.000 retos por el planeta!\u00a0<\/p><p style=\"color: #242424; font-family: 'Segoe UI', 'Segoe UI Web (West European)', 'Segoe UI', -apple-system, BlinkMacSystemFont, Roboto, 'Helvetica Neue', sans-serif;\">Se organizan dos ediciones al a\u00f1o: este a\u00f1o tendr\u00e1n lugar el\u00a0<b>13 de noviembre de 2023 y el 11 de marzo de 2024<\/b>. Para inscribirse, basta con descargar la aplicaci\u00f3n &#8220;<span class=\"mark7pdj4jh70\" style=\"border: 0px; font: inherit; margin: 0px; padding: 0px; vertical-align: baseline; color: inherit;\" data-markjs=\"true\" data-ogac=\"\" data-ogab=\"\" data-ogsc=\"\" data-ogsb=\"\">MPP<\/span> scolaire&#8221; (logotipo amarillo), o utilizar <strong><a href=\"https:\/\/mapetiteplanete.org\/mpp-scolaire\/\" target=\"_blank\" rel=\"noopener\">la aplicaci\u00f3n web en l\u00ednea<\/a><\/strong>. La aplicaci\u00f3n estar\u00e1 disponible en espa\u00f1ol muy pronto.<br aria-hidden=\"true\" \/><br aria-hidden=\"true\" \/>Para comprender mejor el desaf\u00edo, pueden ver <a href=\"https:\/\/www.youtube.com\/watch?v=q2ldTRV6d6A\" target=\"_blank\" rel=\"noopener\">el v\u00eddeo recapitulativo de la edici\u00f3n primavera 2023.<\/a> Ma Petite Plan\u00e8te propone asistir a una presentaci\u00f3n\/sesi\u00f3n de formaci\u00f3n por v\u00eddeo para presentar las caracter\u00edsticas del juego con m\u00e1s detalle.<\/p><p>Mi Peque\u00f1o Planeta ofrece asistir a una presentaci\u00f3n\/ entrenamiento de visio para presentar las caracter\u00edsticas del juego con m\u00e1s detalle. <a href=\"https:\/\/www.eventbrite.fr\/e\/billets-mpp-scolaire-webinaire-de-presentation-et-formation-au-jeu-234825658867?aff=ebdsoporgprofile\" target=\"_blank\" rel=\"noopener\">Aqu\u00ed est\u00e1 el enlace para inscribirse en una de las ranuras.<\/a><\/p>\t\t\t\t\t\t<\/div>\n\t\t\t\t<\/div>\n\t\t\t\t\t<\/div>\n\t\t<\/div>\n\t\t\t\t<div class=\"elementor-column elementor-col-50 elementor-top-column elementor-element elementor-element-3cc029d\" data-id=\"3cc029d\" data-element_type=\"column\">\n\t\t\t<div class=\"elementor-widget-wrap elementor-element-populated\">\n\t\t\t\t\t\t<div class=\"elementor-element elementor-element-76ac142 elementor-widget elementor-widget-image\" data-id=\"76ac142\" data-element_type=\"widget\" data-widget_type=\"image.default\">\n\t\t\t\t<div class=\"elementor-widget-container\">\n\t\t\t\t\t\t\t\t\t\t\t\t\t<img fetchpriority=\"high\" decoding=\"async\" width=\"591\" height=\"277\" src=\"https:\/\/oiecinternational.com\/es\/wp-content\/uploads\/sites\/2\/2023\/08\/Logos_MPP_Vectorise-couleur.png\" class=\"attachment-large size-large wp-image-4947\" alt=\"\" srcset=\"https:\/\/oiecinternational.com\/es\/wp-content\/uploads\/sites\/2\/2023\/08\/Logos_MPP_Vectorise-couleur.png 591w, https:\/\/oiecinternational.com\/es\/wp-content\/uploads\/sites\/2\/2023\/08\/Logos_MPP_Vectorise-couleur-300x141.png 300w\" sizes=\"(max-width: 591px) 100vw, 591px\" \/>\t\t\t\t\t\t\t\t\t\t\t\t\t<\/div>\n\t\t\t\t<\/div>\n\t\t\t\t<div class=\"elementor-element elementor-element-0fb8848 elementor-widget elementor-widget-image\" data-id=\"0fb8848\" data-element_type=\"widget\" data-widget_type=\"image.default\">\n\t\t\t\t<div class=\"elementor-widget-container\">\n\t\t\t\t\t\t\t\t\t\t\t\t\t<img decoding=\"async\" width=\"640\" height=\"453\" src=\"https:\/\/oiecinternational.com\/es\/wp-content\/uploads\/sites\/2\/2023\/08\/r-un-sous-titre-11-e1625563969420-2-1024x724.png\" class=\"attachment-large size-large wp-image-4948\" alt=\"\" srcset=\"https:\/\/oiecinternational.com\/es\/wp-content\/uploads\/sites\/2\/2023\/08\/r-un-sous-titre-11-e1625563969420-2-1024x724.png 1024w, https:\/\/oiecinternational.com\/es\/wp-content\/uploads\/sites\/2\/2023\/08\/r-un-sous-titre-11-e1625563969420-2-300x212.png 300w, https:\/\/oiecinternational.com\/es\/wp-content\/uploads\/sites\/2\/2023\/08\/r-un-sous-titre-11-e1625563969420-2-768x543.png 768w, https:\/\/oiecinternational.com\/es\/wp-content\/uploads\/sites\/2\/2023\/08\/r-un-sous-titre-11-e1625563969420-2-1536x1086.png 1536w, https:\/\/oiecinternational.com\/es\/wp-content\/uploads\/sites\/2\/2023\/08\/r-un-sous-titre-11-e1625563969420-2-2048x1448.png 2048w\" sizes=\"(max-width: 640px) 100vw, 640px\" \/>\t\t\t\t\t\t\t\t\t\t\t\t\t<\/div>\n\t\t\t\t<\/div>\n\t\t\t\t<div class=\"elementor-element elementor-element-5048025 elementor-widget elementor-widget-image\" data-id=\"5048025\" data-element_type=\"widget\" data-widget_type=\"image.default\">\n\t\t\t\t<div class=\"elementor-widget-container\">\n\t\t\t\t\t\t\t\t\t\t\t\t\t<img decoding=\"async\" width=\"523\" height=\"477\" src=\"https:\/\/oiecinternational.com\/es\/wp-content\/uploads\/sites\/2\/2023\/08\/Image_appli_1080px-1024x933-removebg-preview.png\" class=\"attachment-large size-large wp-image-4949\" alt=\"\" srcset=\"https:\/\/oiecinternational.com\/es\/wp-content\/uploads\/sites\/2\/2023\/08\/Image_appli_1080px-1024x933-removebg-preview.png 523w, https:\/\/oiecinternational.com\/es\/wp-content\/uploads\/sites\/2\/2023\/08\/Image_appli_1080px-1024x933-removebg-preview-300x274.png 300w\" sizes=\"(max-width: 523px) 100vw, 523px\" \/>\t\t\t\t\t\t\t\t\t\t\t\t\t<\/div>\n\t\t\t\t<\/div>\n\t\t\t\t\t<\/div>\n\t\t<\/div>\n\t\t\t\t\t<\/div>\n\t\t<\/section>\n\t\t\t\t<\/div>\n\t\t","protected":false},"excerpt":{"rendered":"<p>La asociaci\u00f3n Ma Petite Plan\u00e8te\u00a0ofrece la posibilidad de participar en un\u00a0juego colaborativo gratuito destinado a sensibilizar y animar a los j\u00f3venes a actuar en torno al tema de la ecolog\u00eda y la solidaridad.\u00a0 En pocas palabras, Ma Petite Plan\u00e8te es un\u00a0juego de desaf\u00edos ecol\u00f3gicos\u00a0que se puede jugar en equipo, desde la guarder\u00eda hasta el instituto, durante 3 semanas. El objetivo&#8230;<\/p>\n","protected":false},"author":3,"featured_media":0,"parent":236,"menu_order":4,"comment_status":"closed","ping_status":"closed","template":"","meta":{"_eb_attr":"","footnotes":""},"class_list":["post-4945","page","type-page","status-publish","hentry"],"_links":{"self":[{"href":"https:\/\/oiecinternational.com\/es\/wp-json\/wp\/v2\/pages\/4945"}],"collection":[{"href":"https:\/\/oiecinternational.com\/es\/wp-json\/wp\/v2\/pages"}],"about":[{"href":"https:\/\/oiecinternational.com\/es\/wp-json\/wp\/v2\/types\/page"}],"author":[{"embeddable":true,"href":"https:\/\/oiecinternational.com\/es\/wp-json\/wp\/v2\/users\/3"}],"replies":[{"embeddable":true,"href":"https:\/\/oiecinternational.com\/es\/wp-json\/wp\/v2\/comments?post=4945"}],"version-history":[{"count":10,"href":"https:\/\/oiecinternational.com\/es\/wp-json\/wp\/v2\/pages\/4945\/revisions"}],"predecessor-version":[{"id":5086,"href":"https:\/\/oiecinternational.com\/es\/wp-json\/wp\/v2\/pages\/4945\/revisions\/5086"}],"up":[{"embeddable":true,"href":"https:\/\/oiecinternational.com\/es\/wp-json\/wp\/v2\/pages\/236"}],"wp:attachment":[{"href":"https:\/\/oiecinternational.com\/es\/wp-json\/wp\/v2\/media?parent=4945"}],"curies":[{"name":"wp","href":"https:\/\/api.w.org\/{rel}","templated":true}]}}