{"id":5178,"date":"2023-11-09T18:16:01","date_gmt":"2023-11-09T17:16:01","guid":{"rendered":"http:\/\/jcgqqhj.cluster030.hosting.ovh.net\/es\/?page_id=5178"},"modified":"2023-11-09T18:24:14","modified_gmt":"2023-11-09T17:24:14","slug":"laudate-deum-la-exposicion","status":"publish","type":"page","link":"https:\/\/oiecinternational.com\/es\/laudate-deum-la-exposicion\/","title":{"rendered":"Laudate deum, la exposici\u00f3n"},"content":{"rendered":"\t\t<div data-elementor-type=\"wp-page\" data-elementor-id=\"5178\" class=\"elementor elementor-5178\">\n\t\t\t\t\t\t<section class=\"elementor-section elementor-top-section elementor-element elementor-element-9605a67 elementor-section-boxed elementor-section-height-default elementor-section-height-default\" data-id=\"9605a67\" data-element_type=\"section\">\n\t\t\t\t\t\t<div class=\"elementor-container elementor-column-gap-default\">\n\t\t\t\t\t<div class=\"elementor-column elementor-col-100 elementor-top-column elementor-element elementor-element-280f79d\" data-id=\"280f79d\" data-element_type=\"column\">\n\t\t\t<div class=\"elementor-widget-wrap elementor-element-populated\">\n\t\t\t\t\t\t<div class=\"elementor-element elementor-element-933ee45 elementor-widget elementor-widget-image\" data-id=\"933ee45\" data-element_type=\"widget\" data-widget_type=\"image.default\">\n\t\t\t\t<div class=\"elementor-widget-container\">\n\t\t\t\t\t\t\t\t\t\t\t\t\t<img fetchpriority=\"high\" decoding=\"async\" width=\"1200\" height=\"848\" src=\"https:\/\/oiecinternational.com\/es\/wp-content\/uploads\/sites\/2\/2023\/11\/expo-laudate-deum-ES-WEB.png\" class=\"attachment-full size-full wp-image-5181\" alt=\"\" srcset=\"https:\/\/oiecinternational.com\/es\/wp-content\/uploads\/sites\/2\/2023\/11\/expo-laudate-deum-ES-WEB.png 1200w, https:\/\/oiecinternational.com\/es\/wp-content\/uploads\/sites\/2\/2023\/11\/expo-laudate-deum-ES-WEB-300x212.png 300w, https:\/\/oiecinternational.com\/es\/wp-content\/uploads\/sites\/2\/2023\/11\/expo-laudate-deum-ES-WEB-1024x724.png 1024w, https:\/\/oiecinternational.com\/es\/wp-content\/uploads\/sites\/2\/2023\/11\/expo-laudate-deum-ES-WEB-768x543.png 768w\" sizes=\"(max-width: 1200px) 100vw, 1200px\" \/>\t\t\t\t\t\t\t\t\t\t\t\t\t<\/div>\n\t\t\t\t<\/div>\n\t\t\t\t\t<\/div>\n\t\t<\/div>\n\t\t\t\t\t<\/div>\n\t\t<\/section>\n\t\t\t\t<section class=\"elementor-section elementor-top-section elementor-element elementor-element-a348592 elementor-section-boxed elementor-section-height-default elementor-section-height-default\" data-id=\"a348592\" data-element_type=\"section\">\n\t\t\t\t\t\t<div class=\"elementor-container elementor-column-gap-default\">\n\t\t\t\t\t<div class=\"elementor-column elementor-col-100 elementor-top-column elementor-element elementor-element-cb82e47\" data-id=\"cb82e47\" data-element_type=\"column\">\n\t\t\t<div class=\"elementor-widget-wrap elementor-element-populated\">\n\t\t\t\t\t\t<div class=\"elementor-element elementor-element-b82d53a elementor-widget elementor-widget-heading\" data-id=\"b82d53a\" data-element_type=\"widget\" data-widget_type=\"heading.default\">\n\t\t\t\t<div class=\"elementor-widget-container\">\n\t\t\t<h2 class=\"elementor-heading-title elementor-size-default\">Laudate Deum, la exposici\u00f3n<\/h2>\t\t<\/div>\n\t\t\t\t<\/div>\n\t\t\t\t\t<\/div>\n\t\t<\/div>\n\t\t\t\t\t<\/div>\n\t\t<\/section>\n\t\t\t\t<section class=\"elementor-section elementor-top-section elementor-element elementor-element-58de109 elementor-section-boxed elementor-section-height-default elementor-section-height-default\" data-id=\"58de109\" data-element_type=\"section\">\n\t\t\t\t\t\t<div class=\"elementor-container elementor-column-gap-default\">\n\t\t\t\t\t<div class=\"elementor-column elementor-col-100 elementor-top-column elementor-element elementor-element-4de5f86\" data-id=\"4de5f86\" data-element_type=\"column\">\n\t\t\t<div class=\"elementor-widget-wrap elementor-element-populated\">\n\t\t\t\t\t\t<div class=\"elementor-element elementor-element-4a963eb elementor-widget elementor-widget-text-editor\" data-id=\"4a963eb\" data-element_type=\"widget\" data-widget_type=\"text-editor.default\">\n\t\t\t\t<div class=\"elementor-widget-container\">\n\t\t\t\t\t\t\t<h4><span style=\"color: #333333;\">El mi\u00e9rcoles 4 de octubre, el Papa Francisco public\u00f3 una nueva exhortaci\u00f3n apost\u00f3lica sobre la ecolog\u00eda, &#8220;Laudate Deum&#8221;, ocho a\u00f1os despu\u00e9s de su enc\u00edclica &#8220;Laudato si'&#8221;. A pocos meses de la COP 28, renueva su grito por la salvaguarda de la Creaci\u00f3n y lanza un llamamiento a los cristianos, a los dirigentes y a &#8220;todas las personas de buena voluntad sobre la crisis clim\u00e1tica&#8221;. Un texto breve y contundente, que puede leerse \u00edntegramente en esta direcci\u00f3n:<\/span><\/h4><h4>https:\/\/www.vatican.va\/content\/francesco\/es\/apost_exhortations\/documents\/20231004-laudate-deum.html<\/h4><h4><span style=\"color: #333333;\">Para animar a las comunidades educativas a debatir sobre esta exhortaci\u00f3n del Papa Francisco, la OIEC ha organizado una exposici\u00f3n de 16 paneles que presentan pasajes cuidadosamente seleccionados de la enc\u00edclica, ilustrados con fotograf\u00edas.<\/span><br \/><span style=\"color: #333333;\">Las citas del Papa Francisco pretenden estimular una reflexi\u00f3n colectiva y creativa concreta sobre el compromiso de salvar el planeta y esbozar los contornos de una aut\u00e9ntica ecolog\u00eda integral.<\/span><\/h4><h4><strong>Imprima estos carteles, exh\u00edbalos en sus escuelas y entable un di\u00e1logo con los j\u00f3venes. Es una forma estupenda de concienciar sobre la necesidad de proteger nuestra casa com\u00fan.<\/strong><\/h4>\t\t\t\t\t\t<\/div>\n\t\t\t\t<\/div>\n\t\t\t\t\t<\/div>\n\t\t<\/div>\n\t\t\t\t\t<\/div>\n\t\t<\/section>\n\t\t\t\t<section class=\"elementor-section elementor-top-section elementor-element elementor-element-2c66b64 elementor-section-boxed elementor-section-height-default elementor-section-height-default\" data-id=\"2c66b64\" data-element_type=\"section\">\n\t\t\t\t\t\t<div class=\"elementor-container elementor-column-gap-default\">\n\t\t\t\t\t<div class=\"elementor-column elementor-col-100 elementor-top-column elementor-element elementor-element-4fae849\" data-id=\"4fae849\" data-element_type=\"column\">\n\t\t\t<div class=\"elementor-widget-wrap elementor-element-populated\">\n\t\t\t\t\t\t<div class=\"elementor-element elementor-element-5e02427 elementor-button-info elementor-align-center elementor-widget elementor-widget-button\" data-id=\"5e02427\" data-element_type=\"widget\" data-widget_type=\"button.default\">\n\t\t\t\t<div class=\"elementor-widget-container\">\n\t\t\t\t\t<div class=\"elementor-button-wrapper\">\n\t\t\t<a class=\"elementor-button elementor-button-link elementor-size-xl\" href=\"https:\/\/drive.google.com\/drive\/folders\/1XsEcm4Jksi-J5C9YXh4SsqcF9Y-hmCuL?usp=drive_link\">\n\t\t\t\t\t\t<span class=\"elementor-button-content-wrapper\">\n\t\t\t\t\t\t<span class=\"elementor-button-icon\">\n\t\t\t\t<i aria-hidden=\"true\" class=\"fas fa-cloud-download-alt\"><\/i>\t\t\t<\/span>\n\t\t\t\t\t\t\t\t\t<span class=\"elementor-button-text\">Descargar los paneles de la exposici\u00f3n<\/span>\n\t\t\t\t\t<\/span>\n\t\t\t\t\t<\/a>\n\t\t<\/div>\n\t\t\t\t<\/div>\n\t\t\t\t<\/div>\n\t\t\t\t\t<\/div>\n\t\t<\/div>\n\t\t\t\t\t<\/div>\n\t\t<\/section>\n\t\t\t\t<section class=\"elementor-section elementor-top-section elementor-element elementor-element-d2296fe elementor-section-boxed elementor-section-height-default elementor-section-height-default\" data-id=\"d2296fe\" data-element_type=\"section\">\n\t\t\t\t\t\t<div class=\"elementor-container elementor-column-gap-default\">\n\t\t\t\t\t<div class=\"elementor-column elementor-col-100 elementor-top-column elementor-element elementor-element-76f3c4b\" data-id=\"76f3c4b\" data-element_type=\"column\">\n\t\t\t<div class=\"elementor-widget-wrap elementor-element-populated\">\n\t\t\t\t\t\t<div class=\"elementor-element elementor-element-c108fec elementor-widget elementor-widget-image\" data-id=\"c108fec\" data-element_type=\"widget\" data-widget_type=\"image.default\">\n\t\t\t\t<div class=\"elementor-widget-container\">\n\t\t\t\t\t\t\t\t\t\t\t\t\t<img decoding=\"async\" width=\"1200\" height=\"848\" src=\"https:\/\/oiecinternational.com\/es\/wp-content\/uploads\/sites\/2\/2023\/11\/es-WEB.png\" class=\"attachment-full size-full wp-image-5182\" alt=\"\" srcset=\"https:\/\/oiecinternational.com\/es\/wp-content\/uploads\/sites\/2\/2023\/11\/es-WEB.png 1200w, https:\/\/oiecinternational.com\/es\/wp-content\/uploads\/sites\/2\/2023\/11\/es-WEB-300x212.png 300w, https:\/\/oiecinternational.com\/es\/wp-content\/uploads\/sites\/2\/2023\/11\/es-WEB-1024x724.png 1024w, https:\/\/oiecinternational.com\/es\/wp-content\/uploads\/sites\/2\/2023\/11\/es-WEB-768x543.png 768w\" sizes=\"(max-width: 1200px) 100vw, 1200px\" \/>\t\t\t\t\t\t\t\t\t\t\t\t\t<\/div>\n\t\t\t\t<\/div>\n\t\t\t\t\t<\/div>\n\t\t<\/div>\n\t\t\t\t\t<\/div>\n\t\t<\/section>\n\t\t\t\t<\/div>\n\t\t","protected":false},"excerpt":{"rendered":"<p>Laudate Deum, la exposici\u00f3n El mi\u00e9rcoles 4 de octubre, el Papa Francisco public\u00f3 una nueva exhortaci\u00f3n apost\u00f3lica sobre la ecolog\u00eda, &#8220;Laudate Deum&#8221;, ocho a\u00f1os despu\u00e9s de su enc\u00edclica &#8220;Laudato si&#8217;&#8221;. A pocos meses de la COP 28, renueva su grito por la salvaguarda de la Creaci\u00f3n y lanza un llamamiento a los cristianos, a los dirigentes y a &#8220;todas las&#8230;<\/p>\n","protected":false},"author":3,"featured_media":0,"parent":0,"menu_order":0,"comment_status":"closed","ping_status":"closed","template":"","meta":{"_eb_attr":"","footnotes":""},"class_list":["post-5178","page","type-page","status-publish","hentry"],"_links":{"self":[{"href":"https:\/\/oiecinternational.com\/es\/wp-json\/wp\/v2\/pages\/5178"}],"collection":[{"href":"https:\/\/oiecinternational.com\/es\/wp-json\/wp\/v2\/pages"}],"about":[{"href":"https:\/\/oiecinternational.com\/es\/wp-json\/wp\/v2\/types\/page"}],"author":[{"embeddable":true,"href":"https:\/\/oiecinternational.com\/es\/wp-json\/wp\/v2\/users\/3"}],"replies":[{"embeddable":true,"href":"https:\/\/oiecinternational.com\/es\/wp-json\/wp\/v2\/comments?post=5178"}],"version-history":[{"count":4,"href":"https:\/\/oiecinternational.com\/es\/wp-json\/wp\/v2\/pages\/5178\/revisions"}],"predecessor-version":[{"id":5186,"href":"https:\/\/oiecinternational.com\/es\/wp-json\/wp\/v2\/pages\/5178\/revisions\/5186"}],"wp:attachment":[{"href":"https:\/\/oiecinternational.com\/es\/wp-json\/wp\/v2\/media?parent=5178"}],"curies":[{"name":"wp","href":"https:\/\/api.w.org\/{rel}","templated":true}]}}