{"id":5227,"date":"2024-04-15T18:15:24","date_gmt":"2024-04-15T16:15:24","guid":{"rendered":"http:\/\/jcgqqhj.cluster030.hosting.ovh.net\/es\/?page_id=5227"},"modified":"2024-04-17T17:18:41","modified_gmt":"2024-04-17T15:18:41","slug":"pacto-educativo-global-carteles-y-materiales-para-las-escuelas","status":"publish","type":"page","link":"https:\/\/oiecinternational.com\/es\/pacto-educativo-global-carteles-y-materiales-para-las-escuelas\/","title":{"rendered":"PACTO EDUCATIVO GLOBAL: Carteles y materiales para las escuelas"},"content":{"rendered":"\t\t<div data-elementor-type=\"wp-page\" data-elementor-id=\"5227\" class=\"elementor elementor-5227\">\n\t\t\t\t\t\t<section class=\"elementor-section elementor-top-section elementor-element elementor-element-771a2ac elementor-section-boxed elementor-section-height-default elementor-section-height-default\" data-id=\"771a2ac\" data-element_type=\"section\">\n\t\t\t\t\t\t<div class=\"elementor-container elementor-column-gap-default\">\n\t\t\t\t\t<div class=\"elementor-column elementor-col-66 elementor-top-column elementor-element elementor-element-25c88b1\" data-id=\"25c88b1\" data-element_type=\"column\">\n\t\t\t<div class=\"elementor-widget-wrap elementor-element-populated\">\n\t\t\t\t\t\t<div class=\"elementor-element elementor-element-3486e47 elementor-widget elementor-widget-text-editor\" data-id=\"3486e47\" data-element_type=\"widget\" data-widget_type=\"text-editor.default\">\n\t\t\t\t<div class=\"elementor-widget-container\">\n\t\t\t\t\t\t\t<p><span style=\"color: #5cba3a;\"><strong>Para seguir impulsando el conocimiento y expansi\u00f3n de los Objetivos propuestos por el papa Francisco para lograr un Pacto Educativo Global, se han dise\u00f1ado unos posters con ilustraciones que nos ayudan a conocer, comprender y profundizar en el significado, sentido y alcance de estos objetivos. Se quiere llegar con ellos a todas las edades, desde los m\u00e1s peque\u00f1os a los mayores de nuestros contextos educativos y sociales. Todos hemos sido convocados para lograrlos y hacerlos aterrizar en todos los lugares en que habitamos.<\/strong><\/span><\/p><p>Estos materiales han sido posibles gracias a la colaboraci\u00f3n con el Dicasterio para la Cultura y la Educaci\u00f3n, El Equipo del Pacto Educativo Global, La Oficina Internacional de la Educaci\u00f3n Cat\u00f3lica, la Comisi\u00f3n de Educaci\u00f3n de las Uniones de Superiores y Superioras Generales, La CPAL y la LUMSA. Que nuestro testimonio de unidad y colaboraci\u00f3n contagie a muchos para que se sumen a esta iniciativa de dar a conocer, difundir, ahondar en el conocimiento de estos Objetivos, sumando escuelas, universidades, instituciones educativas y sociales, los diversos sectores culturales, deportivos, pol\u00edticos, religiosos y empresariales de nuestros barrios y ciudades.<\/p>\t\t\t\t\t\t<\/div>\n\t\t\t\t<\/div>\n\t\t\t\t\t<\/div>\n\t\t<\/div>\n\t\t\t\t<div class=\"elementor-column elementor-col-33 elementor-top-column elementor-element elementor-element-dd5c9ed\" data-id=\"dd5c9ed\" data-element_type=\"column\">\n\t\t\t<div class=\"elementor-widget-wrap elementor-element-populated\">\n\t\t\t\t\t\t<div class=\"elementor-element elementor-element-9a0ce9c elementor-widget elementor-widget-image\" data-id=\"9a0ce9c\" data-element_type=\"widget\" data-widget_type=\"image.default\">\n\t\t\t\t<div class=\"elementor-widget-container\">\n\t\t\t\t\t\t\t\t\t\t\t\t\t<img fetchpriority=\"high\" decoding=\"async\" width=\"640\" height=\"905\" src=\"https:\/\/oiecinternational.com\/es\/wp-content\/uploads\/sites\/2\/2024\/04\/Livret-7-OBJECTIFS-PEG-ES_1-.png\" class=\"attachment-large size-large wp-image-5232\" alt=\"\" srcset=\"https:\/\/oiecinternational.com\/es\/wp-content\/uploads\/sites\/2\/2024\/04\/Livret-7-OBJECTIFS-PEG-ES_1-.png 661w, https:\/\/oiecinternational.com\/es\/wp-content\/uploads\/sites\/2\/2024\/04\/Livret-7-OBJECTIFS-PEG-ES_1--212x300.png 212w\" sizes=\"(max-width: 640px) 100vw, 640px\" \/>\t\t\t\t\t\t\t\t\t\t\t\t\t<\/div>\n\t\t\t\t<\/div>\n\t\t\t\t\t<\/div>\n\t\t<\/div>\n\t\t\t\t\t<\/div>\n\t\t<\/section>\n\t\t\t\t<section class=\"elementor-section elementor-top-section elementor-element elementor-element-11b4d73 elementor-section-boxed elementor-section-height-default elementor-section-height-default\" data-id=\"11b4d73\" data-element_type=\"section\">\n\t\t\t\t\t\t<div class=\"elementor-container elementor-column-gap-default\">\n\t\t\t\t\t<div class=\"elementor-column elementor-col-100 elementor-top-column elementor-element elementor-element-de6bcf4\" data-id=\"de6bcf4\" data-element_type=\"column\">\n\t\t\t<div class=\"elementor-widget-wrap elementor-element-populated\">\n\t\t\t\t\t\t<div class=\"elementor-element elementor-element-ec61c30 elementor-widget elementor-widget-text-editor\" data-id=\"ec61c30\" data-element_type=\"widget\" data-widget_type=\"text-editor.default\">\n\t\t\t\t<div class=\"elementor-widget-container\">\n\t\t\t\t\t\t\t<p><strong>Los dibujos han sido dise\u00f1ados y creados por Patxi Velasco (\u201cFANO\u201d), de M\u00e1laga, Espa\u00f1a.<\/strong><\/p><h4><strong>Dispondremos de 4 ficheros o materiales, f\u00e1ciles de usar y altamente inspiradores, que nos ayudar\u00e1n a comprender y actuar:<\/strong><\/h4>\t\t\t\t\t\t<\/div>\n\t\t\t\t<\/div>\n\t\t\t\t\t<\/div>\n\t\t<\/div>\n\t\t\t\t\t<\/div>\n\t\t<\/section>\n\t\t\t\t<section class=\"elementor-section elementor-top-section elementor-element elementor-element-02cbc15 elementor-section-boxed elementor-section-height-default elementor-section-height-default\" data-id=\"02cbc15\" data-element_type=\"section\">\n\t\t\t\t\t\t<div class=\"elementor-container elementor-column-gap-default\">\n\t\t\t\t\t<div class=\"elementor-column elementor-col-33 elementor-top-column elementor-element elementor-element-d63a287\" data-id=\"d63a287\" data-element_type=\"column\">\n\t\t\t<div class=\"elementor-widget-wrap elementor-element-populated\">\n\t\t\t\t\t\t<div class=\"elementor-element elementor-element-0116557 elementor-widget elementor-widget-image\" data-id=\"0116557\" data-element_type=\"widget\" data-widget_type=\"image.default\">\n\t\t\t\t<div class=\"elementor-widget-container\">\n\t\t\t\t\t\t\t\t\t\t\t\t\t<img decoding=\"async\" width=\"565\" height=\"800\" src=\"https:\/\/oiecinternational.com\/es\/wp-content\/uploads\/sites\/2\/2024\/04\/AFFICHES-ES_8_1-1-1.png\" class=\"attachment-large size-large wp-image-5235\" alt=\"\" srcset=\"https:\/\/oiecinternational.com\/es\/wp-content\/uploads\/sites\/2\/2024\/04\/AFFICHES-ES_8_1-1-1.png 565w, https:\/\/oiecinternational.com\/es\/wp-content\/uploads\/sites\/2\/2024\/04\/AFFICHES-ES_8_1-1-1-212x300.png 212w\" sizes=\"(max-width: 565px) 100vw, 565px\" \/>\t\t\t\t\t\t\t\t\t\t\t\t\t<\/div>\n\t\t\t\t<\/div>\n\t\t\t\t\t<\/div>\n\t\t<\/div>\n\t\t\t\t<div class=\"elementor-column elementor-col-66 elementor-top-column elementor-element elementor-element-cb31b32\" data-id=\"cb31b32\" data-element_type=\"column\">\n\t\t\t<div class=\"elementor-widget-wrap elementor-element-populated\">\n\t\t\t\t\t\t<div class=\"elementor-element elementor-element-86d86fd elementor-widget elementor-widget-text-editor\" data-id=\"86d86fd\" data-element_type=\"widget\" data-widget_type=\"text-editor.default\">\n\t\t\t\t<div class=\"elementor-widget-container\">\n\t\t\t\t\t\t\t<h3><strong>Los 7 POSTERS<\/strong><\/h3><p>Uno por cada Objetivo del Pacto Educativo Global y una l\u00e1mina con todos ellos; en alta calidad para poder ser reproducidos en diferentes tama\u00f1os. Los lanzamos en m\u00e1s de <strong><span style=\"color: #00ccff;\">20 idiomas<\/span><\/strong> (chino, japon\u00e9s, tagalo, tamil, hindi, tetum, tailand\u00e9s, coreano, croata, ingl\u00e9s, espa\u00f1ol, franc\u00e9s, italiano, portugu\u00e9s, netherland, polaco, vietnamita, kiswahil, rumano, esloveno&#8230;). Queda abierta la traducci\u00f3n a otros, nos mand\u00e1is el idioma que necesit\u00e9is y os lo maquetamos, para que lleguen y sean comprendidos desde cada lengua nativa.<\/p><p><strong>Cada p\u00f3ster consta de 3 elementos:<\/strong><\/p><ul><li><span style=\"color: #00ccff;\"><strong>Un verbo<\/strong><\/span> que lo sintetiza y nos indica la acci\u00f3n central a acometer;<\/li><li><strong><span style=\"color: #00ccff;\">Una ilustraci\u00f3n con m\u00faltiples detalles<\/span><\/strong> que nos abre el horizonte y nos da m\u00faltiples pistas para alcanzar el objetivo;<\/li><li>Por \u00faltimo, <strong><span style=\"color: #00ccff;\">el t\u00edtulo t\u00e9cnico y descriptivo del mismo<\/span><\/strong>, con un breve comentario que lo define.<\/li><\/ul><p style=\"text-align: center;\"><strong><a href=\"https:\/\/drive.google.com\/drive\/folders\/1SuSXdiMqFyfB04kJ04j9hRUefqcE8pG5?usp=drive_link\" target=\"_blank\" rel=\"noopener\">Descargar los carteles<\/a><\/strong><\/p>\t\t\t\t\t\t<\/div>\n\t\t\t\t<\/div>\n\t\t\t\t\t<\/div>\n\t\t<\/div>\n\t\t\t\t\t<\/div>\n\t\t<\/section>\n\t\t\t\t<section class=\"elementor-section elementor-top-section elementor-element elementor-element-d555c99 elementor-section-boxed elementor-section-height-default elementor-section-height-default\" data-id=\"d555c99\" data-element_type=\"section\">\n\t\t\t\t\t\t<div class=\"elementor-container elementor-column-gap-default\">\n\t\t\t\t\t<div class=\"elementor-column elementor-col-66 elementor-top-column elementor-element elementor-element-baa872a\" data-id=\"baa872a\" data-element_type=\"column\">\n\t\t\t<div class=\"elementor-widget-wrap elementor-element-populated\">\n\t\t\t\t\t\t<div class=\"elementor-element elementor-element-a05d6ff elementor-widget elementor-widget-text-editor\" data-id=\"a05d6ff\" data-element_type=\"widget\" data-widget_type=\"text-editor.default\">\n\t\t\t\t<div class=\"elementor-widget-container\">\n\t\t\t\t\t\t\t<h3><strong>Cuaderno para las Comunidades Educativas <\/strong><\/h3><p>Cuaderno para las Comunidades Educativas (directivos, profesores, familias, estudiantes, colaboradores), para las asociaciones de vecinos y los diferentes sectores y colectivos de la ciudad, parroquias, ONG, etc. Est\u00e1n en <span style=\"color: #ff9900;\"><strong>5 idiomas<\/strong><\/span> (espa\u00f1ol, franc\u00e9s, ingl\u00e9s, italiano y portugu\u00e9s). En \u00e9l se describen brevemente los dibujos y <span style=\"color: #00ccff;\"><strong>se sugieren unas actividades de comprensi\u00f3n y proyecci\u00f3n del Objetivo, para iniciar la aplicaci\u00f3n y construcci\u00f3n de este en el seno de cada colectivo y en la ciudad<\/strong><\/span>; concreci\u00f3n local con apertura global.<\/p><p style=\"text-align: center;\"><a href=\"https:\/\/drive.google.com\/drive\/folders\/1xOnP0d1YGnjc9jiyCU_dr2QhTTjCDaiz?usp=sharing\" target=\"_blank\" rel=\"noopener\"><strong>Descargar el folleto<\/strong><\/a><\/p>\t\t\t\t\t\t<\/div>\n\t\t\t\t<\/div>\n\t\t\t\t\t<\/div>\n\t\t<\/div>\n\t\t\t\t<div class=\"elementor-column elementor-col-33 elementor-top-column elementor-element elementor-element-4631e9b\" data-id=\"4631e9b\" data-element_type=\"column\">\n\t\t\t<div class=\"elementor-widget-wrap elementor-element-populated\">\n\t\t\t\t\t\t<div class=\"elementor-element elementor-element-7d7aed9 elementor-widget elementor-widget-image\" data-id=\"7d7aed9\" data-element_type=\"widget\" data-widget_type=\"image.default\">\n\t\t\t\t<div class=\"elementor-widget-container\">\n\t\t\t\t\t\t\t\t\t\t\t\t\t<img fetchpriority=\"high\" decoding=\"async\" width=\"640\" height=\"905\" src=\"https:\/\/oiecinternational.com\/es\/wp-content\/uploads\/sites\/2\/2024\/04\/Livret-7-OBJECTIFS-PEG-ES_1-.png\" class=\"attachment-large size-large wp-image-5232\" alt=\"\" srcset=\"https:\/\/oiecinternational.com\/es\/wp-content\/uploads\/sites\/2\/2024\/04\/Livret-7-OBJECTIFS-PEG-ES_1-.png 661w, https:\/\/oiecinternational.com\/es\/wp-content\/uploads\/sites\/2\/2024\/04\/Livret-7-OBJECTIFS-PEG-ES_1--212x300.png 212w\" sizes=\"(max-width: 640px) 100vw, 640px\" \/>\t\t\t\t\t\t\t\t\t\t\t\t\t<\/div>\n\t\t\t\t<\/div>\n\t\t\t\t\t<\/div>\n\t\t<\/div>\n\t\t\t\t\t<\/div>\n\t\t<\/section>\n\t\t\t\t<section class=\"elementor-section elementor-top-section elementor-element elementor-element-04a0811 elementor-section-boxed elementor-section-height-default elementor-section-height-default\" data-id=\"04a0811\" data-element_type=\"section\">\n\t\t\t\t\t\t<div class=\"elementor-container elementor-column-gap-default\">\n\t\t\t\t\t<div class=\"elementor-column elementor-col-33 elementor-top-column elementor-element elementor-element-b9d5de5\" data-id=\"b9d5de5\" data-element_type=\"column\">\n\t\t\t<div class=\"elementor-widget-wrap elementor-element-populated\">\n\t\t\t\t\t\t<div class=\"elementor-element elementor-element-9c5e58b elementor-widget elementor-widget-image\" data-id=\"9c5e58b\" data-element_type=\"widget\" data-widget_type=\"image.default\">\n\t\t\t\t<div class=\"elementor-widget-container\">\n\t\t\t\t\t\t\t\t\t\t\t\t\t<img decoding=\"async\" width=\"640\" height=\"905\" src=\"https:\/\/oiecinternational.com\/es\/wp-content\/uploads\/sites\/2\/2024\/04\/Livret-7-OBJECTIFS-PEG-ES-livret-1_1-.png\" class=\"attachment-large size-large wp-image-5233\" alt=\"\" srcset=\"https:\/\/oiecinternational.com\/es\/wp-content\/uploads\/sites\/2\/2024\/04\/Livret-7-OBJECTIFS-PEG-ES-livret-1_1-.png 661w, https:\/\/oiecinternational.com\/es\/wp-content\/uploads\/sites\/2\/2024\/04\/Livret-7-OBJECTIFS-PEG-ES-livret-1_1--212x300.png 212w\" sizes=\"(max-width: 640px) 100vw, 640px\" \/>\t\t\t\t\t\t\t\t\t\t\t\t\t<\/div>\n\t\t\t\t<\/div>\n\t\t\t\t\t<\/div>\n\t\t<\/div>\n\t\t\t\t<div class=\"elementor-column elementor-col-66 elementor-top-column elementor-element elementor-element-27a6495\" data-id=\"27a6495\" data-element_type=\"column\">\n\t\t\t<div class=\"elementor-widget-wrap elementor-element-populated\">\n\t\t\t\t\t\t<div class=\"elementor-element elementor-element-231139f elementor-widget elementor-widget-text-editor\" data-id=\"231139f\" data-element_type=\"widget\" data-widget_type=\"text-editor.default\">\n\t\t\t\t<div class=\"elementor-widget-container\">\n\t\t\t\t\t\t\t<h3><strong>Cuaderno 1, para ni\u00f1os\/as de 5 a 8 a\u00f1os<\/strong><\/h3><p>En \u00e9l aparecen las vi\u00f1etas sin colorear, para que al colorearla se fijen y reconozcan los elementos que forma e inspiran el p\u00f3ster. <span style=\"color: #00ccff;\"><strong>Adem\u00e1s, se les plantean unas pocas actividades que les comprometen individual y grupalmente con el objetivo de aumentar la empat\u00eda y el cuidado de las personas en su aula y ciudad.<\/strong><\/span><\/p><p style=\"text-align: center;\"><a href=\"https:\/\/drive.google.com\/drive\/folders\/1zqBUCZz7Pxq7FmDA-tbKlGID3oCmU3Oc?usp=sharing\" target=\"_blank\" rel=\"noopener\"><strong>Descargar el folleto<\/strong><\/a><\/p>\t\t\t\t\t\t<\/div>\n\t\t\t\t<\/div>\n\t\t\t\t\t<\/div>\n\t\t<\/div>\n\t\t\t\t\t<\/div>\n\t\t<\/section>\n\t\t\t\t<section class=\"elementor-section elementor-top-section elementor-element elementor-element-1130935 elementor-section-boxed elementor-section-height-default elementor-section-height-default\" data-id=\"1130935\" data-element_type=\"section\">\n\t\t\t\t\t\t<div class=\"elementor-container elementor-column-gap-default\">\n\t\t\t\t\t<div class=\"elementor-column elementor-col-66 elementor-top-column elementor-element elementor-element-ff54c39\" data-id=\"ff54c39\" data-element_type=\"column\">\n\t\t\t<div class=\"elementor-widget-wrap elementor-element-populated\">\n\t\t\t\t\t\t<div class=\"elementor-element elementor-element-8371faf elementor-widget elementor-widget-text-editor\" data-id=\"8371faf\" data-element_type=\"widget\" data-widget_type=\"text-editor.default\">\n\t\t\t\t<div class=\"elementor-widget-container\">\n\t\t\t\t\t\t\t<h3><strong>Cuaderno 2, para adolescentes y j\u00f3venes<\/strong><\/h3><p><span style=\"color: #00ccff;\"><strong>Con la metodolog\u00eda Design for Change se les empodera en cada Objetivo<\/strong><\/span> para que identifiquen un foco, se compadezcan del problema o necesidad detectada, busquen juntos una soluci\u00f3n posible y adecuada, la lleven a la pr\u00e1ctica y la compartan para inspirar y contagiar a otros. Contribuyen as\u00ed a cambiar sus vidas y contextos en la direcci\u00f3n que marca el Objetivo que trabajan.<\/p><p style=\"text-align: center;\"><strong><a href=\"https:\/\/drive.google.com\/drive\/folders\/1P-y2a02_wVfxizLR6LinKk3JJDAmuQvo?usp=sharing\" target=\"_blank\" rel=\"noopener\">Descargar el folleto<\/a><\/strong><\/p>\t\t\t\t\t\t<\/div>\n\t\t\t\t<\/div>\n\t\t\t\t\t<\/div>\n\t\t<\/div>\n\t\t\t\t<div class=\"elementor-column elementor-col-33 elementor-top-column elementor-element elementor-element-19e814f\" data-id=\"19e814f\" data-element_type=\"column\">\n\t\t\t<div class=\"elementor-widget-wrap elementor-element-populated\">\n\t\t\t\t\t\t<div class=\"elementor-element elementor-element-ef4f026 elementor-widget elementor-widget-image\" data-id=\"ef4f026\" data-element_type=\"widget\" data-widget_type=\"image.default\">\n\t\t\t\t<div class=\"elementor-widget-container\">\n\t\t\t\t\t\t\t\t\t\t\t\t\t<img loading=\"lazy\" decoding=\"async\" width=\"640\" height=\"905\" src=\"https:\/\/oiecinternational.com\/es\/wp-content\/uploads\/sites\/2\/2024\/04\/Livret-7-OBJECTIFS-PEG-ES-livret-2_1-.png\" class=\"attachment-large size-large wp-image-5234\" alt=\"\" srcset=\"https:\/\/oiecinternational.com\/es\/wp-content\/uploads\/sites\/2\/2024\/04\/Livret-7-OBJECTIFS-PEG-ES-livret-2_1-.png 661w, https:\/\/oiecinternational.com\/es\/wp-content\/uploads\/sites\/2\/2024\/04\/Livret-7-OBJECTIFS-PEG-ES-livret-2_1--212x300.png 212w\" sizes=\"(max-width: 640px) 100vw, 640px\" \/>\t\t\t\t\t\t\t\t\t\t\t\t\t<\/div>\n\t\t\t\t<\/div>\n\t\t\t\t\t<\/div>\n\t\t<\/div>\n\t\t\t\t\t<\/div>\n\t\t<\/section>\n\t\t\t\t<\/div>\n\t\t","protected":false},"excerpt":{"rendered":"<p>Para seguir impulsando el conocimiento y expansi\u00f3n de los Objetivos propuestos por el papa Francisco para lograr un Pacto Educativo Global, se han dise\u00f1ado unos posters con ilustraciones que nos ayudan a conocer, comprender y profundizar en el significado, sentido y alcance de estos objetivos. Se quiere llegar con ellos a todas las edades, desde los m\u00e1s peque\u00f1os a los&#8230;<\/p>\n","protected":false},"author":3,"featured_media":0,"parent":0,"menu_order":0,"comment_status":"closed","ping_status":"closed","template":"","meta":{"_eb_attr":"","footnotes":""},"class_list":["post-5227","page","type-page","status-publish","hentry"],"_links":{"self":[{"href":"https:\/\/oiecinternational.com\/es\/wp-json\/wp\/v2\/pages\/5227"}],"collection":[{"href":"https:\/\/oiecinternational.com\/es\/wp-json\/wp\/v2\/pages"}],"about":[{"href":"https:\/\/oiecinternational.com\/es\/wp-json\/wp\/v2\/types\/page"}],"author":[{"embeddable":true,"href":"https:\/\/oiecinternational.com\/es\/wp-json\/wp\/v2\/users\/3"}],"replies":[{"embeddable":true,"href":"https:\/\/oiecinternational.com\/es\/wp-json\/wp\/v2\/comments?post=5227"}],"version-history":[{"count":12,"href":"https:\/\/oiecinternational.com\/es\/wp-json\/wp\/v2\/pages\/5227\/revisions"}],"predecessor-version":[{"id":5262,"href":"https:\/\/oiecinternational.com\/es\/wp-json\/wp\/v2\/pages\/5227\/revisions\/5262"}],"wp:attachment":[{"href":"https:\/\/oiecinternational.com\/es\/wp-json\/wp\/v2\/media?parent=5227"}],"curies":[{"name":"wp","href":"https:\/\/api.w.org\/{rel}","templated":true}]}}