{"id":5390,"date":"2024-05-02T13:50:23","date_gmt":"2024-05-02T11:50:23","guid":{"rendered":"http:\/\/jcgqqhj.cluster030.hosting.ovh.net\/es\/?page_id=5390"},"modified":"2024-12-04T16:21:48","modified_gmt":"2024-12-04T15:21:48","slug":"representacion-oiec-2","status":"publish","type":"page","link":"https:\/\/oiecinternational.com\/es\/los-polos\/representacion-oiec-2\/","title":{"rendered":"Representaci\u00f3n OIEC"},"content":{"rendered":"\t\t<div data-elementor-type=\"wp-page\" data-elementor-id=\"5390\" class=\"elementor elementor-5390\">\n\t\t\t\t\t\t<section class=\"elementor-section elementor-top-section elementor-element elementor-element-eea06bf elementor-section-boxed elementor-section-height-default elementor-section-height-default\" data-id=\"eea06bf\" data-element_type=\"section\">\n\t\t\t\t\t\t<div class=\"elementor-container elementor-column-gap-default\">\n\t\t\t\t\t<div class=\"elementor-column elementor-col-100 elementor-top-column elementor-element elementor-element-1f1f7ad\" data-id=\"1f1f7ad\" data-element_type=\"column\">\n\t\t\t<div class=\"elementor-widget-wrap elementor-element-populated\">\n\t\t\t\t\t\t<div class=\"elementor-element elementor-element-b2c0388 elementor-invisible elementor-widget elementor-widget-image\" data-id=\"b2c0388\" data-element_type=\"widget\" data-settings=\"{&quot;_animation&quot;:&quot;zoomIn&quot;}\" data-widget_type=\"image.default\">\n\t\t\t\t<div class=\"elementor-widget-container\">\n\t\t\t\t\t\t\t\t\t\t\t\t\t<img fetchpriority=\"high\" decoding=\"async\" width=\"1200\" height=\"621\" src=\"https:\/\/oiecinternational.com\/es\/wp-content\/uploads\/sites\/2\/2023\/08\/AdobeStock_28090666web-2.jpg\" class=\"attachment-full size-full wp-image-4559\" alt=\"\" srcset=\"https:\/\/oiecinternational.com\/es\/wp-content\/uploads\/sites\/2\/2023\/08\/AdobeStock_28090666web-2.jpg 1200w, https:\/\/oiecinternational.com\/es\/wp-content\/uploads\/sites\/2\/2023\/08\/AdobeStock_28090666web-2-300x155.jpg 300w, https:\/\/oiecinternational.com\/es\/wp-content\/uploads\/sites\/2\/2023\/08\/AdobeStock_28090666web-2-1024x530.jpg 1024w, https:\/\/oiecinternational.com\/es\/wp-content\/uploads\/sites\/2\/2023\/08\/AdobeStock_28090666web-2-768x397.jpg 768w\" sizes=\"(max-width: 1200px) 100vw, 1200px\" \/>\t\t\t\t\t\t\t\t\t\t\t\t\t<\/div>\n\t\t\t\t<\/div>\n\t\t\t\t\t<\/div>\n\t\t<\/div>\n\t\t\t\t\t<\/div>\n\t\t<\/section>\n\t\t\t\t<section class=\"elementor-section elementor-top-section elementor-element elementor-element-950a2c9 elementor-section-boxed elementor-section-height-default elementor-section-height-default\" data-id=\"950a2c9\" data-element_type=\"section\">\n\t\t\t\t\t\t<div class=\"elementor-container elementor-column-gap-default\">\n\t\t\t\t\t<div class=\"elementor-column elementor-col-100 elementor-top-column elementor-element elementor-element-2b3497a\" data-id=\"2b3497a\" data-element_type=\"column\">\n\t\t\t<div class=\"elementor-widget-wrap elementor-element-populated\">\n\t\t\t\t\t\t<div class=\"elementor-element elementor-element-6571c3b elementor-view-default elementor-widget elementor-widget-icon\" data-id=\"6571c3b\" data-element_type=\"widget\" data-widget_type=\"icon.default\">\n\t\t\t\t<div class=\"elementor-widget-container\">\n\t\t\t\t\t<div class=\"elementor-icon-wrapper\">\n\t\t\t<div class=\"elementor-icon\">\n\t\t\t<i aria-hidden=\"true\" class=\"fas fa-star\"><\/i>\t\t\t<\/div>\n\t\t<\/div>\n\t\t\t\t<\/div>\n\t\t\t\t<\/div>\n\t\t\t\t<div class=\"elementor-element elementor-element-0111609 elementor-widget elementor-widget-heading\" data-id=\"0111609\" data-element_type=\"widget\" data-widget_type=\"heading.default\">\n\t\t\t\t<div class=\"elementor-widget-container\">\n\t\t\t<h2 class=\"elementor-heading-title elementor-size-default\">POLO DE REPRESENTACI\u00d3N<\/h2>\t\t<\/div>\n\t\t\t\t<\/div>\n\t\t\t\t\t<\/div>\n\t\t<\/div>\n\t\t\t\t\t<\/div>\n\t\t<\/section>\n\t\t\t\t<section class=\"elementor-section elementor-top-section elementor-element elementor-element-289f2a8 elementor-section-boxed elementor-section-height-default elementor-section-height-default\" data-id=\"289f2a8\" data-element_type=\"section\" data-settings=\"{&quot;background_background&quot;:&quot;classic&quot;}\">\n\t\t\t\t\t\t<div class=\"elementor-container elementor-column-gap-default\">\n\t\t\t\t\t<div class=\"elementor-column elementor-col-100 elementor-top-column elementor-element elementor-element-3e910d1\" data-id=\"3e910d1\" data-element_type=\"column\">\n\t\t\t<div class=\"elementor-widget-wrap elementor-element-populated\">\n\t\t\t\t\t\t<div class=\"elementor-element elementor-element-1319c60 elementor-widget elementor-widget-text-editor\" data-id=\"1319c60\" data-element_type=\"widget\" data-widget_type=\"text-editor.default\">\n\t\t\t\t<div class=\"elementor-widget-container\">\n\t\t\t\t\t\t\t<p>Como experta en temas de educaci\u00f3n, la OIEC participa en diversas instituciones internacionales. Estar presentes en estos organismos nos permite llevar mejor la voz de la Educaci\u00f3n Cat\u00f3lica a las instancias clave que pueden influir en el curso de las leyes y las pol\u00edticas p\u00fablicas.<\/p><p><strong>De este modo, la OIEC puede hacer o\u00edr la voz de los millones de familias que han optado por la educaci\u00f3n cat\u00f3lica, y dar as\u00ed testimonio de la sensibilidad cat\u00f3lica all\u00ed donde se forja el pensamiento educativo global. En este sentido, la representaci\u00f3n de la OIEC en los organismos internacionales permite a los miembros de la OIEC tomar conciencia de su responsabilidad global.<\/strong><\/p>\t\t\t\t\t\t<\/div>\n\t\t\t\t<\/div>\n\t\t\t\t\t<\/div>\n\t\t<\/div>\n\t\t\t\t\t<\/div>\n\t\t<\/section>\n\t\t\t\t<section class=\"elementor-section elementor-top-section elementor-element elementor-element-96fab67 elementor-section-boxed elementor-section-height-default elementor-section-height-default\" data-id=\"96fab67\" data-element_type=\"section\">\n\t\t\t\t\t\t<div class=\"elementor-container elementor-column-gap-default\">\n\t\t\t\t\t<div class=\"elementor-column elementor-col-100 elementor-top-column elementor-element elementor-element-d9b07be\" data-id=\"d9b07be\" data-element_type=\"column\">\n\t\t\t<div class=\"elementor-widget-wrap elementor-element-populated\">\n\t\t\t\t\t\t<div class=\"elementor-element elementor-element-b26d1bf elementor-widget elementor-widget-text-editor\" data-id=\"b26d1bf\" data-element_type=\"widget\" data-widget_type=\"text-editor.default\">\n\t\t\t\t<div class=\"elementor-widget-container\">\n\t\t\t\t\t\t\t<h4 style=\"text-align: center;\"><strong>La OIEC est\u00e1 representada en las instituciones internacionales de Par\u00eds, Ginebra, Estrasburgo y Nueva York por su Equipo de Representaci\u00f3n Transversal (TTR), coordinado por Michel Bertet.<\/strong><\/h4><h3><b>Funci\u00f3n y misi\u00f3n<\/b><\/h3><p>La OIEC ( Oficina Internacional de la Educaci\u00f3n Cat\u00f3lica), fundada en 1952, act\u00faa como ONG acreditada ante las principales organizaciones internacionales, con una funci\u00f3n consultiva. Su principal objetivo es defender y promover la educaci\u00f3n cat\u00f3lica como derecho fundamental, al tiempo que contribuye a los debates sobre cuestiones clave como la libertad de ense\u00f1anza, la educaci\u00f3n inclusiva y los derechos del ni\u00f1o. Su misi\u00f3n se basa en la doctrina social de la Iglesia y en la experiencia educativa de su amplia red mundial.<\/p><h3><b>Objetivos y acciones estrat\u00e9gicas<\/b><\/h3><p>La OIEC aboga por una educaci\u00f3n de calidad accesible para todos, alineada con los Objetivos de Desarrollo Sostenible (ODS), y busca promover valores de humanismo solidario. En colaboraci\u00f3n con otras ONG e instituciones, trabaja para maximizar el impacto colectivo y sensibilizar a la comunidad internacional sobre los retos educativos contempor\u00e1neos. La OIEC participa activamente en los debates internacionales para influir en las pol\u00edticas educativas, defender el derecho a la educaci\u00f3n y la libertad de ense\u00f1anza, al tiempo que da testimonio de las realidades sobre el terreno. Tambi\u00e9n contribuye a los debates sobre los derechos humanos y el futuro de la educaci\u00f3n en las principales cumbres internacionales.<\/p><h3><b>Organizaciones en las que est\u00e1 presente la OIEC:<\/b><\/h3><h4 style=\"padding-left: 40px;\"><b>Naciones Unidas (ONU)<\/b><\/h4><ul><li style=\"list-style-type: none;\"><ul><li style=\"list-style-type: none;\"><ul style=\"margin-top: 0cm;\" type=\"1\"><li><b>Sede de Nueva York<\/b>: Participaci\u00f3n en el Foro de Asociaci\u00f3n del ECOSOC y colaboraci\u00f3n con UNICEF.<\/li><li><b>Sede de Ginebra<\/b>: Concentraci\u00f3n en el Consejo de Derechos Humanos, en particular a trav\u00e9s del mecanismo del Examen Peri\u00f3dico Universal (EPU), para denunciar las violaciones del derecho a la educaci\u00f3n.<b><\/b><\/li><\/ul><\/li><\/ul><\/li><\/ul><h4 style=\"padding-left: 40px;\"><b>UNESCO<\/b><\/h4><ul><li style=\"list-style-type: none;\"><ul><li style=\"list-style-type: none;\"><ul style=\"margin-top: 0cm;\" type=\"circle\"><li>Contribuci\u00f3n a proyectos educativos globales como \u00abEducaci\u00f3n para Todos\u00bb y \u00abEl Futuro de la Educaci\u00f3n\u00bb.<\/li><li>Asociaci\u00f3n con la Misi\u00f3n de la Santa Sede y ONG educativas, participaci\u00f3n en las reuniones anuales de la Conferencia Internacional de ONG (CIONG).<\/li><\/ul><\/li><\/ul><\/li><\/ul><h4 style=\"padding-left: 40px;\"><b>Consejo de Europa<\/b><\/h4><ul><li style=\"list-style-type: none;\"><ul><li style=\"list-style-type: none;\"><ul style=\"margin-top: 0cm;\" type=\"circle\"><li>Estatus participativo en la Conferencia de ONGI.<\/li><li>Participaci\u00f3n en comit\u00e9s sobre educaci\u00f3n para la democracia, di\u00e1logo interreligioso y derechos sociales.<\/li><\/ul><\/li><\/ul><\/li><\/ul><h4 style=\"padding-left: 40px;\"><b>Foro Internacional de ONG de Inspiraci\u00f3n Cat\u00f3lica<\/b><\/h4><ul><li style=\"list-style-type: none;\"><ul><li style=\"list-style-type: none;\"><ul><li>Estrecha colaboraci\u00f3n con ONG afines para reforzar la presencia cat\u00f3lica en los debates internacionales.<\/li><li>Participaci\u00f3n activa en las Asambleas Generales y plataformas locales de Nueva York y Ginebra.<\/li><\/ul><\/li><\/ul><\/li><\/ul><p><strong><span style=\"color: #333333;\"><br \/>Para seguir la actividad de este equipo de representaci\u00f3n y comprender c\u00f3mo se representan los intereses y las necesidades de las escuelas cat\u00f3licas, se publica peri\u00f3dicamente un bolet\u00edn informativo. Ahora lo encontrar\u00e1 en el <a href=\"http:\/\/oiecinternational.com\/es\/boletin-de-la-oiec\/\" target=\"_blank\" rel=\"noopener\">Bolet\u00edn de la OIEC<\/a>.\u00a0<\/span><\/strong><\/p>\t\t\t\t\t\t<\/div>\n\t\t\t\t<\/div>\n\t\t\t\t\t<\/div>\n\t\t<\/div>\n\t\t\t\t\t<\/div>\n\t\t<\/section>\n\t\t\t\t<section class=\"elementor-section elementor-top-section elementor-element elementor-element-4cd486c elementor-section-boxed elementor-section-height-default elementor-section-height-default\" data-id=\"4cd486c\" data-element_type=\"section\">\n\t\t\t\t\t\t<div class=\"elementor-container elementor-column-gap-default\">\n\t\t\t\t\t<div class=\"elementor-column elementor-col-66 elementor-top-column elementor-element elementor-element-fa47df5\" data-id=\"fa47df5\" data-element_type=\"column\">\n\t\t\t<div class=\"elementor-widget-wrap elementor-element-populated\">\n\t\t\t\t\t\t<div class=\"elementor-element elementor-element-f17c548 elementor-widget elementor-widget-text-editor\" data-id=\"f17c548\" data-element_type=\"widget\" data-widget_type=\"text-editor.default\">\n\t\t\t\t<div class=\"elementor-widget-container\">\n\t\t\t\t\t\t\t<h2>Representaciones de la OIEC<\/h2><h3><span style=\"color: #ffcc00;\"><strong>en los organismoss internacionales<\/strong><\/span><\/h3><p>Para comprender mejor el funcionamiento de los distintos organismos internacionales, la OIEC ha elaborado un documento de s\u00edntesis en el que se presenta cada uno de ellos y se exponen las orientaciones del Secretario General de la OIEC.<\/p><p><a href=\"https:\/\/drive.google.com\/drive\/folders\/1HgZ5sZgPNmSWj5Rub0PRwIvkiugr8qok?usp=drive_link\" target=\"_blank\" rel=\"noopener\">Descarga este folleto en ingl\u00e9s, franc\u00e9s y espa\u00f1ol.<\/a><\/p>\t\t\t\t\t\t<\/div>\n\t\t\t\t<\/div>\n\t\t\t\t\t<\/div>\n\t\t<\/div>\n\t\t\t\t<div class=\"elementor-column elementor-col-33 elementor-top-column elementor-element elementor-element-6a8cf4c\" data-id=\"6a8cf4c\" data-element_type=\"column\">\n\t\t\t<div class=\"elementor-widget-wrap elementor-element-populated\">\n\t\t\t\t\t\t<div class=\"elementor-element elementor-element-a776347 elementor-widget elementor-widget-image\" data-id=\"a776347\" data-element_type=\"widget\" data-widget_type=\"image.default\">\n\t\t\t\t<div class=\"elementor-widget-container\">\n\t\t\t\t\t\t\t\t\t\t\t\t\t\t<a href=\"https:\/\/drive.google.com\/drive\/folders\/1HgZ5sZgPNmSWj5Rub0PRwIvkiugr8qok?usp=drive_link\">\n\t\t\t\t\t\t\t<img decoding=\"async\" width=\"565\" height=\"800\" src=\"https:\/\/oiecinternational.com\/es\/wp-content\/uploads\/sites\/2\/2024\/04\/Livret-ETR-ES.png\" class=\"attachment-large size-large wp-image-5369\" alt=\"\" srcset=\"https:\/\/oiecinternational.com\/es\/wp-content\/uploads\/sites\/2\/2024\/04\/Livret-ETR-ES.png 565w, https:\/\/oiecinternational.com\/es\/wp-content\/uploads\/sites\/2\/2024\/04\/Livret-ETR-ES-212x300.png 212w\" sizes=\"(max-width: 565px) 100vw, 565px\" \/>\t\t\t\t\t\t\t\t<\/a>\n\t\t\t\t\t\t\t\t\t\t\t\t\t<\/div>\n\t\t\t\t<\/div>\n\t\t\t\t\t<\/div>\n\t\t<\/div>\n\t\t\t\t\t<\/div>\n\t\t<\/section>\n\t\t\t\t<section class=\"elementor-section elementor-top-section elementor-element elementor-element-3b9e531 elementor-section-boxed elementor-section-height-default elementor-section-height-default\" data-id=\"3b9e531\" data-element_type=\"section\">\n\t\t\t\t\t\t<div class=\"elementor-container elementor-column-gap-default\">\n\t\t\t\t\t<div class=\"elementor-column elementor-col-100 elementor-top-column elementor-element elementor-element-603c349\" data-id=\"603c349\" data-element_type=\"column\">\n\t\t\t<div class=\"elementor-widget-wrap elementor-element-populated\">\n\t\t\t\t\t\t<div class=\"elementor-element elementor-element-5052dc1 elementor-widget elementor-widget-text-editor\" data-id=\"5052dc1\" data-element_type=\"widget\" data-widget_type=\"text-editor.default\">\n\t\t\t\t<div class=\"elementor-widget-container\">\n\t\t\t\t\t\t\t<h3><span style=\"color: #00ccff;\"><strong>Participaci\u00f3n de la OIEC en la Cumbre del Futuro de Nueva York<\/strong><strong>:<br \/><\/strong><\/span><span style=\"color: #ffcc00;\">Hacia una educaci\u00f3n inclusiva y solidaria para un mundo en paz<\/span><\/h3>\t\t\t\t\t\t<\/div>\n\t\t\t\t<\/div>\n\t\t\t\t\t<\/div>\n\t\t<\/div>\n\t\t\t\t\t<\/div>\n\t\t<\/section>\n\t\t\t\t<section class=\"elementor-section elementor-top-section elementor-element elementor-element-effa084 elementor-section-boxed elementor-section-height-default elementor-section-height-default\" data-id=\"effa084\" data-element_type=\"section\">\n\t\t\t\t\t\t<div class=\"elementor-container elementor-column-gap-default\">\n\t\t\t\t\t<div class=\"elementor-column elementor-col-50 elementor-top-column elementor-element elementor-element-1402230\" data-id=\"1402230\" data-element_type=\"column\">\n\t\t\t<div class=\"elementor-widget-wrap elementor-element-populated\">\n\t\t\t\t\t\t<div class=\"elementor-element elementor-element-5dfd9f4 elementor-widget elementor-widget-image\" data-id=\"5dfd9f4\" data-element_type=\"widget\" data-widget_type=\"image.default\">\n\t\t\t\t<div class=\"elementor-widget-container\">\n\t\t\t\t\t\t\t\t\t\t\t\t\t\t<a href=\"https:\/\/drive.google.com\/file\/d\/1ENq6quzPlb1badcWyxifu7BPiWUAv0OG\/view?usp=drive_link\">\n\t\t\t\t\t\t\t<img decoding=\"async\" width=\"640\" height=\"453\" src=\"https:\/\/oiecinternational.com\/es\/wp-content\/uploads\/sites\/2\/2024\/12\/SOMMET-DE-LAVENIR-EN-1024x724.png\" class=\"attachment-large size-large wp-image-5565\" alt=\"\" srcset=\"https:\/\/oiecinternational.com\/es\/wp-content\/uploads\/sites\/2\/2024\/12\/SOMMET-DE-LAVENIR-EN-1024x724.png 1024w, https:\/\/oiecinternational.com\/es\/wp-content\/uploads\/sites\/2\/2024\/12\/SOMMET-DE-LAVENIR-EN-300x212.png 300w, https:\/\/oiecinternational.com\/es\/wp-content\/uploads\/sites\/2\/2024\/12\/SOMMET-DE-LAVENIR-EN-768x543.png 768w, https:\/\/oiecinternational.com\/es\/wp-content\/uploads\/sites\/2\/2024\/12\/SOMMET-DE-LAVENIR-EN-1536x1086.png 1536w, https:\/\/oiecinternational.com\/es\/wp-content\/uploads\/sites\/2\/2024\/12\/SOMMET-DE-LAVENIR-EN-2048x1448.png 2048w\" sizes=\"(max-width: 640px) 100vw, 640px\" \/>\t\t\t\t\t\t\t\t<\/a>\n\t\t\t\t\t\t\t\t\t\t\t\t\t<\/div>\n\t\t\t\t<\/div>\n\t\t\t\t\t<\/div>\n\t\t<\/div>\n\t\t\t\t<div class=\"elementor-column elementor-col-50 elementor-top-column elementor-element elementor-element-a2ae7bd\" data-id=\"a2ae7bd\" data-element_type=\"column\">\n\t\t\t<div class=\"elementor-widget-wrap elementor-element-populated\">\n\t\t\t\t\t\t<div class=\"elementor-element elementor-element-f011381 elementor-widget elementor-widget-text-editor\" data-id=\"f011381\" data-element_type=\"widget\" data-widget_type=\"text-editor.default\">\n\t\t\t\t<div class=\"elementor-widget-container\">\n\t\t\t\t\t\t\t<p>En representaci\u00f3n de las escuelas cat\u00f3licas, la OIEC contribuy\u00f3 a llevar la voz de la educaci\u00f3n cat\u00f3lica al centro de los debates internacionales.<\/p><p>Esta presencia es tanto m\u00e1s significativa cuanto que el Pacto para el Futuro, presentado en la cumbre, es plenamente coherente con el Pacto Mundial por la Educaci\u00f3n del Santo Padre, compartiendo una visi\u00f3n com\u00fan de la educaci\u00f3n inclusiva y sostenible orientada hacia la fraternidad, la justicia y la paz.<\/p><p>Descargar en <a href=\"https:\/\/drive.google.com\/file\/d\/1zmuu5NlBr6FwzXYVbDjZ8cbMgHxVFBUr\/view?usp=drive_link\" target=\"_blank\" rel=\"noopener\">franc\u00e9s<\/a>, en <a href=\"https:\/\/drive.google.com\/file\/d\/1ENq6quzPlb1badcWyxifu7BPiWUAv0OG\/view?usp=drive_link\" target=\"_blank\" rel=\"noopener\" data-wplink-edit=\"true\">ingl\u00e9s<\/a><\/p>\t\t\t\t\t\t<\/div>\n\t\t\t\t<\/div>\n\t\t\t\t\t<\/div>\n\t\t<\/div>\n\t\t\t\t\t<\/div>\n\t\t<\/section>\n\t\t\t\t<section class=\"elementor-section elementor-top-section elementor-element elementor-element-694a44a elementor-section-boxed elementor-section-height-default elementor-section-height-default\" data-id=\"694a44a\" data-element_type=\"section\">\n\t\t\t\t\t\t<div class=\"elementor-container elementor-column-gap-default\">\n\t\t\t\t\t<div class=\"elementor-column elementor-col-66 elementor-top-column elementor-element elementor-element-0632eb9\" data-id=\"0632eb9\" data-element_type=\"column\">\n\t\t\t<div class=\"elementor-widget-wrap elementor-element-populated\">\n\t\t\t\t\t\t<div class=\"elementor-element elementor-element-bbd6b3d elementor-widget elementor-widget-text-editor\" data-id=\"bbd6b3d\" data-element_type=\"widget\" data-widget_type=\"text-editor.default\">\n\t\t\t\t<div class=\"elementor-widget-container\">\n\t\t\t\t\t\t\t<h3>El trabajo de la OIEC<\/h3><h2><span style=\"color: #ffcc00;\"><strong>con la UNESCO<\/strong><\/span><\/h2><p>La Oficina Internacional de Educaci\u00f3n Cat\u00f3lica (OIEC) colabora activamente con la UNESCO para promover una educaci\u00f3n inclusiva y de calidad para todos. A trav\u00e9s de programas conjuntos e iniciativas globales, esta cooperaci\u00f3n busca integrar valores \u00e9ticos y espirituales en los sistemas educativos en todo el mundo. Este folleto detalla los proyectos, impactos y visiones compartidas de la OIEC y la UNESCO, ilustrando su compromiso conjunto en favor del desarrollo educativo global.<\/p><p><span style=\"color: #999999;\"><em>Descarga pronto este folleto<\/em><\/span><\/p>\t\t\t\t\t\t<\/div>\n\t\t\t\t<\/div>\n\t\t\t\t\t<\/div>\n\t\t<\/div>\n\t\t\t\t<div class=\"elementor-column elementor-col-33 elementor-top-column elementor-element elementor-element-98a121d\" data-id=\"98a121d\" data-element_type=\"column\">\n\t\t\t<div class=\"elementor-widget-wrap elementor-element-populated\">\n\t\t\t\t\t\t<div class=\"elementor-element elementor-element-506a214 elementor-widget elementor-widget-image\" data-id=\"506a214\" data-element_type=\"widget\" data-widget_type=\"image.default\">\n\t\t\t\t<div class=\"elementor-widget-container\">\n\t\t\t\t\t\t\t\t\t\t\t\t\t<img loading=\"lazy\" decoding=\"async\" width=\"640\" height=\"909\" src=\"https:\/\/oiecinternational.com\/es\/wp-content\/uploads\/sites\/2\/2024\/04\/unesco-721x1024.png\" class=\"attachment-large size-large wp-image-5373\" alt=\"\" srcset=\"https:\/\/oiecinternational.com\/es\/wp-content\/uploads\/sites\/2\/2024\/04\/unesco-721x1024.png 721w, https:\/\/oiecinternational.com\/es\/wp-content\/uploads\/sites\/2\/2024\/04\/unesco-211x300.png 211w, https:\/\/oiecinternational.com\/es\/wp-content\/uploads\/sites\/2\/2024\/04\/unesco-768x1091.png 768w, https:\/\/oiecinternational.com\/es\/wp-content\/uploads\/sites\/2\/2024\/04\/unesco.png 888w\" sizes=\"(max-width: 640px) 100vw, 640px\" \/>\t\t\t\t\t\t\t\t\t\t\t\t\t<\/div>\n\t\t\t\t<\/div>\n\t\t\t\t\t<\/div>\n\t\t<\/div>\n\t\t\t\t\t<\/div>\n\t\t<\/section>\n\t\t\t\t<\/div>\n\t\t","protected":false},"excerpt":{"rendered":"<p>POLO DE REPRESENTACI\u00d3N Como experta en temas de educaci\u00f3n, la OIEC participa en diversas instituciones internacionales. Estar presentes en estos organismos nos permite llevar mejor la voz de la Educaci\u00f3n Cat\u00f3lica a las instancias clave que pueden influir en el curso de las leyes y las pol\u00edticas p\u00fablicas. De este modo, la OIEC puede hacer o\u00edr la voz de los&#8230;<\/p>\n","protected":false},"author":3,"featured_media":0,"parent":4621,"menu_order":2,"comment_status":"closed","ping_status":"closed","template":"","meta":{"_eb_attr":"","footnotes":""},"class_list":["post-5390","page","type-page","status-publish","hentry"],"_links":{"self":[{"href":"https:\/\/oiecinternational.com\/es\/wp-json\/wp\/v2\/pages\/5390"}],"collection":[{"href":"https:\/\/oiecinternational.com\/es\/wp-json\/wp\/v2\/pages"}],"about":[{"href":"https:\/\/oiecinternational.com\/es\/wp-json\/wp\/v2\/types\/page"}],"author":[{"embeddable":true,"href":"https:\/\/oiecinternational.com\/es\/wp-json\/wp\/v2\/users\/3"}],"replies":[{"embeddable":true,"href":"https:\/\/oiecinternational.com\/es\/wp-json\/wp\/v2\/comments?post=5390"}],"version-history":[{"count":13,"href":"https:\/\/oiecinternational.com\/es\/wp-json\/wp\/v2\/pages\/5390\/revisions"}],"predecessor-version":[{"id":5568,"href":"https:\/\/oiecinternational.com\/es\/wp-json\/wp\/v2\/pages\/5390\/revisions\/5568"}],"up":[{"embeddable":true,"href":"https:\/\/oiecinternational.com\/es\/wp-json\/wp\/v2\/pages\/4621"}],"wp:attachment":[{"href":"https:\/\/oiecinternational.com\/es\/wp-json\/wp\/v2\/media?parent=5390"}],"curies":[{"name":"wp","href":"https:\/\/api.w.org\/{rel}","templated":true}]}}