{"id":54,"date":"2016-12-17T19:03:40","date_gmt":"2016-12-17T18:03:40","guid":{"rendered":"http:\/\/jcgqqhj.cluster030.hosting.ovh.net\/es\/?page_id=54"},"modified":"2023-08-21T11:45:29","modified_gmt":"2023-08-21T09:45:29","slug":"terminos-y-condiciones-de-uso","status":"publish","type":"page","link":"https:\/\/oiecinternational.com\/es\/inicio\/terminos-y-condiciones-de-uso\/","title":{"rendered":"T\u00c9RMINOS Y CONDICIONES DE USO"},"content":{"rendered":"<h2 class=\"title\" style=\"padding-top: 10%;\">QUI\u00c9NES SOMOS Y C\u00d3MO PONERSE EN CONTACTO CON NOSOTROS<\/h2>\n<p><u style=\"color: #1DB727;\">www.oiecinternational.com<\/u> es un sitio web operado por OFFICE INTERNATIONAL DE L\u2019ENSEIGNEMENT CATHOLIQUE (\u201cOIEC\u201d) (en adelante, &#8220;nosotros&#8221;). Estamos registrados en el R.N.A. (R\u00e9pertoire National des Associations) con n\u00famero W751240515 y con domicilio en c\/o Casa Generalice La Salle, Via Aurelia 476, I-00160, ROMA.<br \/>\nPara ponerse en contacto con nosotros, env\u00edenos un mensaje de correo electr\u00f3nico <u style=\"color: #1DB727;\">secretaire.general@oiecinternational.com<\/u>.<\/p>\n<h2 class=\"title\">MEDIANTE EL USO DE NUESTRO SITIO WEB, USTED ACEPTA ESTOS T\u00c9RMINOS<\/h2>\n<p>Al utilizar nuestro sitio, usted confirma que acepta estos T\u00e9rminos de uso y que se compromete a cumplir con ellos. Si usted no acepta estos t\u00e9rminos, no debe utilizar nuestro sitio. Le recomendamos que imprima una copia de estos t\u00e9rminos para referencia futura.<\/p>\n<h2 class=\"title\">COOKIES<\/h2>\n<p>OIEC  informa acerca del uso de las cookies en su p\u00e1gina web. <\/p>\n<p>En cumplimiento de la Directiva de la UE 2009\/136\/CE, OIEC informa que este sitio Web acepta el uso de cookies.<br \/>\nLas cookies son archivos de texto peque\u00f1o que se descargan en su equipo a trav\u00e9s de las p\u00e1ginas Web y que visita. Son herramientas que tienen un papel esencial para la prestaci\u00f3n de numerosos servicios de la sociedad de la informaci\u00f3n. Permiten a un p\u00e1gina web almacenar datos que su navegador env\u00eda de nuevo a los sitios Web cada vez que los visita o a medida que navega de una p\u00e1gina a otra de los sitios. Asimismo, permite recuperar informaci\u00f3n sobre los h\u00e1bitos de navegaci\u00f3n de un usuario o de su equipo y, dependiendo de la informaci\u00f3n obtenida se pueden utilizar para reconocer al usuario y mejorar el servicio ofrecido. Algunas cookies resultan esenciales para poder usar satisfactoriamente un sitio Web, dado que permiten recordar informaci\u00f3n que ya se ha introducido, como vuelos que ha seleccionado o si ha iniciado sesi\u00f3n. <\/p>\n<p><u>Cookies utilizadas en la web<\/u><br \/>\nEste sitio Web utiliza diferentes tipos de cookies:<br \/>\nCookies t\u00e9cnicas: que resultan estrictamente necesarias para el funcionamiento del sitio Web.<br \/>\nCookies de funcionalidad: que resultan estrictamente necesarias para ofrecer los servicios solicitados por los usuarios del sitio Web.<br \/>\nCookies anal\u00edticas: que nos permiten comprobar c\u00f3mo navegan los visitantes en el sitio Web y, registrar los contenidos que ven y los que son de su inter\u00e9s. Estas cookies nos ayudan a mejorar el servicio que le ofrecemos, ya que de este modo podemos garantizar que nuestros usuarios encuentren la informaci\u00f3n que desean.<br \/>\nCookies sociales: que son necesarias en las redes sociales (Facebook, Google y Twitter) para controlar la interacci\u00f3n con widgets sociales en el sitio Web.<br \/>\nCookies asociadas: que nos permiten hacer un seguimiento de las visitas procedentes de otros sitios Web y aplicaci\u00f3n m\u00f3vil con los que tenemos acuerdos de asociaci\u00f3n.<br \/>\nCookies de publicidad: basadas en el comportamiento, que recopilan informaci\u00f3n sobre sus preferencias y elecciones en el sitio Web y aplicaci\u00f3n m\u00f3vil. Est\u00e1n destinadas a las redes publicitarias, que m\u00e1s tarde las utilizan para mostrarle publicidad personalizada en otros sitios Web.<br \/>\nA continuaci\u00f3n se identifican las cookies que est\u00e1n siendo utilizadas en este portal as\u00ed como su tipolog\u00eda y funci\u00f3n:<br \/>\nLa p\u00e1gina web www.infoiec.net  utiliza Google Analytics, un servicio de anal\u00edtica web desarrollada por Google, que permite la medici\u00f3n y an\u00e1lisis de la navegaci\u00f3n en las p\u00e1ginas web. En su navegador podr\u00e1 observar  4 cookies de este servicio . Seg\u00fan la tipolog\u00eda anterior se trata de cookies propias, de sesi\u00f3n y de an\u00e1lisis. Puede encontrar m\u00e1s informaci\u00f3n al respecto e inhabilitar el uso de estas cookies en esta p\u00e1gina.<\/p>\n<p>A trav\u00e9s de la anal\u00edtica web se obtiene informaci\u00f3n relativa al n\u00famero de usuarios que acceden a la web, el n\u00famero de p\u00e1ginas vistas, la frecuencia y repetici\u00f3n de las visitas, su duraci\u00f3n, el navegador utilizado, el operador que presta el servicio, el idioma, el terminal que utiliza, o la ciudad a la que est\u00e1 asignada su direcci\u00f3n IP. Informaci\u00f3n que posibilita un mejor y m\u00e1s apropiado servicio por parte de este portal.<\/p>\n<p>Otra de las cookies que se descargan es una cookie de tipo t\u00e9cnico Esta cookie permite almacenar un identificador \u00fanico por sesi\u00f3n a trav\u00e9s del que es posible vincular datos necesarios para posibilitar la navegaci\u00f3n en curso.<\/p>\n<p>Por \u00faltimo, se descarga otra cookie propia, de tipo t\u00e9cnico y de sesi\u00f3n. Gestiona el consentimiento del usuario para el uso de las cookies en la p\u00e1gina web, con el objeto de recordar aquellos usuarios que las han aceptado y aquellos que no, de modo que a los primeros no se les muestre informaci\u00f3n en la parte superior de la p\u00e1gina al respecto.<\/p>\n<p><u>Aceptaci\u00f3n de la Pol\u00edtica de Cookies<\/u><br \/>\nOIEC asume que usted acepta el uso de cookies. No obstante, muestra informaci\u00f3n sobre su Pol\u00edtica de cookies en la parte superior de cualquier p\u00e1gina del portal con cada inicio de sesi\u00f3n con el objeto de que usted sea consciente.<br \/>\nAnte esta informaci\u00f3n es posible llevar a cabo las siguientes acciones:<br \/>\nAceptar cookies: No se volver\u00e1 a visualizar este aviso al acceder a cualquier p\u00e1gina del portal durante la presente sesi\u00f3n.<br \/>\nCerrar: Se oculta el aviso en la presente p\u00e1gina.<br \/>\nModificar su configuraci\u00f3n: Podr\u00e1 obtener m\u00e1s informaci\u00f3n sobre qu\u00e9 son las cookies, conocer la Pol\u00edtica de cookies del Ministerio y modificar la configuraci\u00f3n de su navegador.<\/p>\n<p><u>C\u00f3mo modificar la configuraci\u00f3n de las cookies<\/u><br \/>\nDebe configurar sus preferencias con respecto a las cookies en cada navegador (Internet Explorer, Google Chrome, Mozilla Firefox o Safari). Normalmente, existen varias maneras de gestionar las cookies: habilitar o deshabilitar las cookies por completo; eliminar cookies concretas que ya se han almacenado en el navegador; bloquear la posibilidad de que determinados sitios Web almacenen cookies en su equipo, o bloquear las cookies de terceros (mientras navega por un sitio Web). Use los siguientes enlaces para obtener m\u00e1s informaci\u00f3n sobre la gesti\u00f3n de cookies en cada uno de los principales navegadores: <\/p>\n<p>Internet Explorer: <a style=\"color: #1DB727;\" href=\"http:\/\/windows.microsoft.com\/en-GB\/windows7\/How-to-manage-cookies-in-Internet-Explorer-9\">http:\/\/windows.microsoft.com\/en-GB\/windows7\/How-to-manage-cookies-in-Internet-Explorer-9<\/a><br \/>\nGoogle Chrome:  <a style=\"color: #1DB727;\" href=\"https:\/\/support.google.com\/chrome\/bin\/answer.py?hl=en-GB&#038;answer=95647&#038;p=cpn_cookies\">https:\/\/support.google.com\/chrome\/bin\/answer.py?hl=en-GB&#038;answer=95647&#038;p=cpn_cookies<\/a><br \/>\nFirefox: <a style=\"color: #1DB727;\" href=\"http:\/\/support.mozilla.org\/en-US\/kb\/Cookies\">http:\/\/support.mozilla.org\/en-US\/kb\/Cookies<\/a><br \/>\nSafari: <a style=\"color: #1DB727;\" href=\"https:\/\/support.apple.com\/kb\/ph19214?locale=en_US\">https:\/\/support.apple.com\/kb\/ph19214?locale=en_US<\/a><\/p>\n<p>Si desea informaci\u00f3n adicional o desea hacernos saber su opini\u00f3n sobre el uso de las cookies en nuestro sitio Web y aplicaci\u00f3n m\u00f3vil, puede ponerse en contacto con nosotros a trav\u00e9s del correo electr\u00f3nico <u style=\"color: #1DB727;\">secretaire.general@oiecinternational.com<\/u>.<\/p>\n<h2 class=\"title\">CAMBIOS O INDISPONIBILIDAD TEMPORAL DE LA WEB<\/h2>\n<p>OIEC se esfuerza para que la Web est\u00e9 al d\u00eda y funcione correctamente y sin ning\u00fan fallo. Sin embargo, no se hace responsable de que la Web est\u00e9 temporalmente fuera de servicio por motivos de mantenimiento\/mejora o debido a asuntos t\u00e9cnicos que est\u00e9n fuera de nuestro control. Podemos modificar, cancelar o interrumpir cualquier aspecto de la Web en cualquier momento incluyendo los contenidos y la base de datos. OIEC puede modificar los T\u00e9rminos y Condiciones de Uso en cualquier momento y notificar \u00e9stos en los T\u00e9rminos de Uso de la Web. Se te solicitar\u00e1 que confirmes que est\u00e1s de acuerdo con los cambios realizados en los T\u00e9rminos de Uso la pr\u00f3xima vez que te conectes a la Web y que se hayan realizado los cambios.<\/p>\n<h2 class=\"title\">DERECHOS DE PROPIEDAD INTELECTUAL<\/h2>\n<p>A menos que se acuerde lo contrario, el copyright y dem\u00e1s derechos de propiedad intelectual en todo el material de la Web (incluyendo, sin limitaci\u00f3n fotograf\u00edas e im\u00e1genes gr\u00e1ficas) son propiedad de la OIEC o de sus licenciatarios. No est\u00e1 permitido descargar copias o imprimir ninguna de las p\u00e1ginas de la Web salvo para uso personal, y siempre que se mantengan intactos tanto los derechos de autor como los avisos de propiedad. No est\u00e1 permitida la copia o distribuci\u00f3n para cualquier tipo de negocio o uso comercial. No est\u00e1 permitido ning\u00fan tipo de extracci\u00f3n, recopilaci\u00f3n, eliminaci\u00f3n o cualquier tipo de manipulaci\u00f3n del contenido de la Web. No intentar\u00e1s descifrar o modificar, de ninguna manera, el software, la codificaci\u00f3n o la informaci\u00f3n incluida en la Web. Ni tampoco intentar\u00e1s incluir material que infrinja cualquier derecho de propiedad intelectual de terceros.<\/p>\n<h2 class=\"title\">ENLACES A O DESDE OTRAS P\u00c1GINAS WEB<\/h2>\n<p>Para comodidad de los usuarios, la Web contiene enlaces a p\u00e1ginas externas. No nos hacemos responsables de esas p\u00e1ginas ni de su contenido. OIEC no ha revisado ni aprobado dichas p\u00e1ginas y no es responsable de \u00e9stas ni de su contenido. OIEC no garantiza que cualquier enlace a estas p\u00e1ginas funciona correctamente y est\u00e1 actualizado. OIEC no aprueba ni representa ninguna de estas p\u00e1ginas y su uso est\u00e1 totalmente bajo tu responsabilidad. Si alguien estuviera interesado en tener un enlace a nuestra Web deber\u00e1 saber que nos deber\u00e1 informar por correo electr\u00f3nico a <u style=\"color: #1DB727;\">secretaire.general@oiecinternational.com<\/u>. OIEC se reserva el derecho a rechazar cualquier petici\u00f3n y no se podr\u00e1 pedir ning\u00fan tipo de explicaci\u00f3n por dicho rechazo o por la retirada de alg\u00fan enlace que previamente hubiera sido aprobado.<\/p>\n<h2 class=\"title\">GARANT\u00cdAS<\/h2>\n<p>Esta p\u00e1gina web se ofrece \u201ccuando es posible\u201d y \u201ctal cual est\u00e1\u201d y, por tanto, la OIEC no da garant\u00edas de ning\u00fan tipo, ya sean expl\u00edcitas, impl\u00edcitas, legales o de otro tipo (incluso las garant\u00edas impl\u00edcitas de comerciabilidad o satisfacci\u00f3n del nivel de calidad y de adecuaci\u00f3n a un prop\u00f3sito particular), incluyendo garant\u00edas o compromisos en relaci\u00f3n a que el material de esta p\u00e1gina web ser\u00e1 completo, exacto, fiable, puesto al d\u00eda, respetuoso con los derechos de terceros, que el acceso a esta p\u00e1gina web no sufrir\u00e1 interrupciones, no presentar\u00e1 errores y estar\u00e1 exento de virus, que esta p\u00e1gina web ser\u00e1 segura y que cualquier opini\u00f3n o consejo de la OIEC obtenido a trav\u00e9s de esta p\u00e1gina web ser\u00e1 exacto o fiable, por todo lo cual se indica expresamente que no se asumir\u00e1 ning\u00fan compromiso o garant\u00eda sobre los aspectos enumerados.<\/p>\n<p>Por favor, ten en cuenta que, en algunas jurisdicciones, es posible que no se permita la exclusi\u00f3n de garant\u00edas impl\u00edcitas, por lo que algunas de estas exclusiones pueden no ser de aplicaci\u00f3n para ti. Por ello, te rogamos que consultes la legislaci\u00f3n local.<\/p>\n<p>Nos reservamos el derecho de restringir, suspender o cancelar, sin previo aviso y en cualquier momento, tu acceso a esta p\u00e1gina web o a una parte de la misma y a cualquier funcionalidad incorporada en la p\u00e1gina.<\/p>\n<h2 class=\"title\">RESPONSABILIDAD<\/h2>\n<p>El uso de esta p\u00e1gina web es exclusivamente de tu cuenta y riesgo.<\/p>\n<p>Tanto la OIEC como cualquier tercero implicado en la creaci\u00f3n, producci\u00f3n o distribuci\u00f3n de esta p\u00e1gina web en nuestro nombre no tendr\u00e1n ning\u00fan tipo de responsabilidad, en ning\u00fan caso, por da\u00f1os directos, fortuitos, consecutivos, indirectos, especiales o punitivos ni por costes, p\u00e9rdidas o responsabilidades, cualquiera que sea la forma en que se deriven de tu acceso, uso o incapacidad de uso, del cambio en el contenido de esta p\u00e1gina web, de cualquier otra p\u00e1gina web a la que accediste por medio de un enlace proporcionado en esta p\u00e1gina o de la m\u00e1xima amplitud permitida por la legislaci\u00f3n aplicable.<\/p>\n<p>Tanto la OIEC como cualquier tercero implicado en la creaci\u00f3n, producci\u00f3n o distribuci\u00f3n de esta p\u00e1gina web no tendr\u00e1n ninguna responsabilidad derivada de mantener el material y los servicios que se encuentran disponibles en esta p\u00e1gina o de realizar correcciones, actualizaciones o eliminaciones de los mismos. Cualquier material contenido en esta p\u00e1gina web est\u00e1 sujeto a cambios sin previo aviso.<\/p>\n<p>A\u00fan m\u00e1s, la OIEC no tendr\u00e1 ning\u00fan tipo de responsabilidad, en ning\u00fan caso, por cualquier da\u00f1o sufrido a consecuencia de alg\u00fan virus que pueda haber infectado tu ordenador u otros aparatos de tu propiedad por causa de tu acceso, uso o descargas de cualquier material de esta p\u00e1gina web. Si optas por descargar material desde esta p\u00e1gina web, esa acci\u00f3n se realiza por tu exclusiva cuenta y riesgo.<\/p>\n<p>Con la m\u00e1xima amplitud permitida por la legislaci\u00f3n aplicable, declaras renunciar expresamente a efectuar cualquier reclamaci\u00f3n contra la OIEC y sus responsables, directores, empleados, proveedores y programadores que se pueda derivar de tu uso o acceso a esta p\u00e1gina web.<\/p>\n<h2 class=\"title\">ACTIVIDADES PROHIBIDAS<\/h2>\n<p>Tienes prohibido realizar cualquier acto que, a juicio de la OIEC, se pueda considerar inapropiado y\/o llegar a considerarse como un acto ilegal o que est\u00e9 prohibido de acuerdo con la legislaci\u00f3n aplicable a esta p\u00e1gina web, incluyendo, sin car\u00e1cter limitativo, los siguientes:<\/p>\n<p>Cualquier acto que constituir\u00eda un incumplimiento de la privacidad o de cualquier otro de los derechos legales de las personas f\u00edsicas;<\/p>\n<p>Usar esta p\u00e1gina web para difamar o calumniar a la OIEC, sus empleados u otras personas f\u00edsicas, o actuar de tal manera que se desacredite el buen nombre del OIEC;<\/p>\n<p>Transferir a la p\u00e1gina web archivos que contengan virus que puedan causar da\u00f1os a la propiedad de la OIEC o a la propiedad de personas f\u00edsicas; y<\/p>\n<p>Colocar o transmitir a esta p\u00e1gina web cualquier material no autorizado, incluyendo, sin car\u00e1cter limitativo, material que probablemente cause, a juicio nuestro, molestias o perjuicios, o bien, violando los sistemas o la seguridad de la red de la OIEC o de terceras personas, material que sea difamatorio, racista, obsceno, amenazador, de contenido pornogr\u00e1fico o que presente cualquier forma de ilegalidad en general.<\/p>\n<h2 class=\"title\">JURISDICCI\u00d3N Y LEGISLACI\u00d3N APLICABLE<\/h2>\n<p>La OIEC no asume ning\u00fan compromiso en relaci\u00f3n a que el material y la informaci\u00f3n contenidos en esta p\u00e1gina web sean apropiados o se encuentren disponibles en todas las zonas o lenguas nacionales.<\/p>\n<p>El usuario de esta p\u00e1gina web y la OIEC aceptan que cualquier controversia o reclamaci\u00f3n derivada o referente al uso de esta p\u00e1gina web se resolver\u00e1 seg\u00fan las leyes belgas y se someter\u00e1 exclusivamente a la jurisdicci\u00f3n de los Juzgados y Tribunales de la ciudad de Bruselas.<\/p>\n<h2 class=\"title\">ACTUALIZACI\u00d3N DE NOTAS LEGALES<\/h2>\n<p>Nos reservamos el derecho de realizar cambios y correcciones en esta nota. Por favor, consulta esta p\u00e1gina de vez en cuando para revisar estas y nuevas informaciones adicionales.<\/p>\n<p>En caso de alguna pregunta con respecto a la informaci\u00f3n de esta p\u00e1gina Web, por favor, cont\u00e1ctanos mediante el siguiente correo electr\u00f3nico: <u style=\"color: #1DB727;\">secretaire.general@oiecinternational.com<\/u>.<\/p>\n","protected":false},"excerpt":{"rendered":"<p>QUI\u00c9NES SOMOS Y C\u00d3MO PONERSE EN CONTACTO CON NOSOTROS www.oiecinternational.com es un sitio web operado por OFFICE INTERNATIONAL DE L\u2019ENSEIGNEMENT CATHOLIQUE (\u201cOIEC\u201d) (en adelante, &#8220;nosotros&#8221;). Estamos registrados en el R.N.A. (R\u00e9pertoire National des Associations) con n\u00famero W751240515 y con domicilio en c\/o Casa Generalice La Salle, Via Aurelia 476, I-00160, ROMA. Para ponerse en contacto con nosotros, env\u00edenos un mensaje&#8230;<\/p>\n","protected":false},"author":1,"featured_media":0,"parent":236,"menu_order":8,"comment_status":"closed","ping_status":"closed","template":"","meta":{"_eb_attr":"","footnotes":""},"class_list":["post-54","page","type-page","status-publish","hentry"],"_links":{"self":[{"href":"https:\/\/oiecinternational.com\/es\/wp-json\/wp\/v2\/pages\/54"}],"collection":[{"href":"https:\/\/oiecinternational.com\/es\/wp-json\/wp\/v2\/pages"}],"about":[{"href":"https:\/\/oiecinternational.com\/es\/wp-json\/wp\/v2\/types\/page"}],"author":[{"embeddable":true,"href":"https:\/\/oiecinternational.com\/es\/wp-json\/wp\/v2\/users\/1"}],"replies":[{"embeddable":true,"href":"https:\/\/oiecinternational.com\/es\/wp-json\/wp\/v2\/comments?post=54"}],"version-history":[{"count":5,"href":"https:\/\/oiecinternational.com\/es\/wp-json\/wp\/v2\/pages\/54\/revisions"}],"predecessor-version":[{"id":1900,"href":"https:\/\/oiecinternational.com\/es\/wp-json\/wp\/v2\/pages\/54\/revisions\/1900"}],"up":[{"embeddable":true,"href":"https:\/\/oiecinternational.com\/es\/wp-json\/wp\/v2\/pages\/236"}],"wp:attachment":[{"href":"https:\/\/oiecinternational.com\/es\/wp-json\/wp\/v2\/media?parent=54"}],"curies":[{"name":"wp","href":"https:\/\/api.w.org\/{rel}","templated":true}]}}