{"id":5690,"date":"2025-06-11T15:29:12","date_gmt":"2025-06-11T13:29:12","guid":{"rendered":"https:\/\/oiecinternational.com\/es\/?page_id=5690"},"modified":"2025-06-11T15:50:19","modified_gmt":"2025-06-11T13:50:19","slug":"bice-oiec-es","status":"publish","type":"page","link":"https:\/\/oiecinternational.com\/es\/bice-oiec-es\/","title":{"rendered":"BICE OIEC es"},"content":{"rendered":"\t\t<div data-elementor-type=\"wp-page\" data-elementor-id=\"5690\" class=\"elementor elementor-5690\">\n\t\t\t\t\t\t<section class=\"elementor-section elementor-top-section elementor-element elementor-element-bd419fe elementor-section-boxed elementor-section-height-default elementor-section-height-default\" data-id=\"bd419fe\" data-element_type=\"section\">\n\t\t\t\t\t\t<div class=\"elementor-container elementor-column-gap-default\">\n\t\t\t\t\t<div class=\"elementor-column elementor-col-100 elementor-top-column elementor-element elementor-element-4da0bb2\" data-id=\"4da0bb2\" data-element_type=\"column\">\n\t\t\t<div class=\"elementor-widget-wrap elementor-element-populated\">\n\t\t\t\t\t\t<div class=\"elementor-element elementor-element-3325418 elementor-widget elementor-widget-icon-box\" data-id=\"3325418\" data-element_type=\"widget\" data-widget_type=\"icon-box.default\">\n\t\t\t\t<div class=\"elementor-widget-container\">\n\t\t\t\t\t<div class=\"elementor-icon-box-wrapper\">\n\n\t\t\t\n\t\t\t\t\t\t<div class=\"elementor-icon-box-content\">\n\n\t\t\t\t\t\t\t\t\t<h4 class=\"elementor-icon-box-title\">\n\t\t\t\t\t\t<span  >\n\t\t\t\t\t\t\tPapa Francisco \u2013 Fratelli tutti \u00a7282\t\t\t\t\t\t<\/span>\n\t\t\t\t\t<\/h4>\n\t\t\t\t\n\t\t\t\t\t\t\t\t\t<p class=\"elementor-icon-box-description\">\n\t\t\t\t\t\t\u00ab Los creyentes necesitan encontrar espacios donde dialogar y actuar juntos por el bien com\u00fan y la promoci\u00f3n de los m\u00e1s pobres. \u00bb\t\t\t\t\t<\/p>\n\t\t\t\t\n\t\t\t<\/div>\n\t\t\t\n\t\t<\/div>\n\t\t\t\t<\/div>\n\t\t\t\t<\/div>\n\t\t\t\t\t<\/div>\n\t\t<\/div>\n\t\t\t\t\t<\/div>\n\t\t<\/section>\n\t\t\t\t<section class=\"elementor-section elementor-top-section elementor-element elementor-element-d65f159 elementor-section-boxed elementor-section-height-default elementor-section-height-default\" data-id=\"d65f159\" data-element_type=\"section\">\n\t\t\t\t\t\t<div class=\"elementor-container elementor-column-gap-default\">\n\t\t\t\t\t<div class=\"elementor-column elementor-col-100 elementor-top-column elementor-element elementor-element-146316a\" data-id=\"146316a\" data-element_type=\"column\">\n\t\t\t<div class=\"elementor-widget-wrap elementor-element-populated\">\n\t\t\t\t\t\t<div class=\"elementor-element elementor-element-d410452 elementor-widget elementor-widget-text-editor\" data-id=\"d410452\" data-element_type=\"widget\" data-widget_type=\"text-editor.default\">\n\t\t\t\t<div class=\"elementor-widget-container\">\n\t\t\t\t\t\t\t<h3>UNAMOS NUESTRAS FUERZAS POR LOS NI\u00d1OS<\/h3><p>El <strong>OIEC<\/strong> y la <strong>Oficina Internacional Cat\u00f3lica de la Infancia (BICE)<\/strong> unen sus fuerzas por los ni\u00f1os y ni\u00f1as del mundo \ud83d\ude4c<\/p><p>\ud83c\udfaf <strong>Dos propuestas concretas para nuestros centros educativos:<\/strong><\/p><p>\u2705 <strong>Apoyar un proyecto sobre el terreno<\/strong>: Permitiendo a sus centros financiar acciones concretas en favor de los ni\u00f1os m\u00e1s vulnerables: acceso a la educaci\u00f3n, protecci\u00f3n contra la violencia, acompa\u00f1amiento psicol\u00f3gico\u2026 Cada proyecto est\u00e1 supervisado con rigor y transparencia.<\/p><p>\u2705 <strong>Fortalecer las sinergias locales<\/strong>: Si su pa\u00eds es socio del BICE, puede contactar con el miembro local para compartir experiencias, buenas pr\u00e1cticas y construir juntos iniciativas educativas solidarias.<\/p><p>\ud83c\udf31 \u00a1Juntos, hagamos crecer una solidaridad viva, expresi\u00f3n de nuestra fe y esperanza!<\/p><p>\ud83d\udc49 Descubra los proyectos que necesitan apoyo: <a href=\"https:\/\/bice.org\/fr\/solidaridad-oiec-proyectos-bice\/\">https:\/\/bice.org\/fr\/solidaridad-oiec-proyectos-bice\/<\/a><\/p><p>\ud83d\udc49 Descubra los socios locales del BICE: <a href=\"https:\/\/bice.org\/fr\/oiec-bice-liste-des-partenaires-du-bice\/\">https:\/\/bice.org\/fr\/oiec-bice-liste-des-partenaires-du-bice\/<\/a><\/p><p>\ud83d\udda5 M\u00e1s informaci\u00f3n: <a href=\"http:\/\/www.oiecinternational.com\">www.oiecinternational.com<\/a> | <a href=\"http:\/\/www.bice.org\">www.bice.org<\/a><\/p>\t\t\t\t\t\t<\/div>\n\t\t\t\t<\/div>\n\t\t\t\t\t<\/div>\n\t\t<\/div>\n\t\t\t\t\t<\/div>\n\t\t<\/section>\n\t\t\t\t<section class=\"elementor-section elementor-top-section elementor-element elementor-element-562ee6c elementor-section-boxed elementor-section-height-default elementor-section-height-default\" data-id=\"562ee6c\" data-element_type=\"section\">\n\t\t\t\t\t\t<div class=\"elementor-container elementor-column-gap-default\">\n\t\t\t\t\t<div class=\"elementor-column elementor-col-100 elementor-top-column elementor-element elementor-element-aa141d8\" data-id=\"aa141d8\" data-element_type=\"column\">\n\t\t\t<div class=\"elementor-widget-wrap elementor-element-populated\">\n\t\t\t\t\t\t<div class=\"elementor-element elementor-element-ee08502 elementor-widget elementor-widget-image\" data-id=\"ee08502\" data-element_type=\"widget\" data-widget_type=\"image.default\">\n\t\t\t\t<div class=\"elementor-widget-container\">\n\t\t\t\t\t\t\t\t\t\t\t\t\t<img fetchpriority=\"high\" decoding=\"async\" width=\"2560\" height=\"794\" src=\"https:\/\/oiecinternational.com\/es\/wp-content\/uploads\/sites\/2\/2025\/06\/AdobeStock_453531390-scaled-1.jpeg\" class=\"attachment-full size-full wp-image-5692\" alt=\"\" srcset=\"https:\/\/oiecinternational.com\/es\/wp-content\/uploads\/sites\/2\/2025\/06\/AdobeStock_453531390-scaled-1.jpeg 2560w, https:\/\/oiecinternational.com\/es\/wp-content\/uploads\/sites\/2\/2025\/06\/AdobeStock_453531390-scaled-1-300x93.jpeg 300w, https:\/\/oiecinternational.com\/es\/wp-content\/uploads\/sites\/2\/2025\/06\/AdobeStock_453531390-scaled-1-1024x318.jpeg 1024w, https:\/\/oiecinternational.com\/es\/wp-content\/uploads\/sites\/2\/2025\/06\/AdobeStock_453531390-scaled-1-768x238.jpeg 768w, https:\/\/oiecinternational.com\/es\/wp-content\/uploads\/sites\/2\/2025\/06\/AdobeStock_453531390-scaled-1-1536x476.jpeg 1536w, https:\/\/oiecinternational.com\/es\/wp-content\/uploads\/sites\/2\/2025\/06\/AdobeStock_453531390-scaled-1-2048x635.jpeg 2048w\" sizes=\"(max-width: 2560px) 100vw, 2560px\" \/>\t\t\t\t\t\t\t\t\t\t\t\t\t<\/div>\n\t\t\t\t<\/div>\n\t\t\t\t\t<\/div>\n\t\t<\/div>\n\t\t\t\t\t<\/div>\n\t\t<\/section>\n\t\t\t\t<\/div>\n\t\t","protected":false},"excerpt":{"rendered":"<p>Papa Francisco \u2013 Fratelli tutti \u00a7282 \u00ab Los creyentes necesitan encontrar espacios donde dialogar y actuar juntos por el bien com\u00fan y la promoci\u00f3n de los m\u00e1s pobres. \u00bb UNAMOS NUESTRAS FUERZAS POR LOS NI\u00d1OS El OIEC y la Oficina Internacional Cat\u00f3lica de la Infancia (BICE) unen sus fuerzas por los ni\u00f1os y ni\u00f1as del mundo \ud83d\ude4c \ud83c\udfaf Dos propuestas&#8230;<\/p>\n","protected":false},"author":3,"featured_media":0,"parent":0,"menu_order":0,"comment_status":"closed","ping_status":"closed","template":"","meta":{"_eb_attr":"","footnotes":""},"class_list":["post-5690","page","type-page","status-publish","hentry"],"_links":{"self":[{"href":"https:\/\/oiecinternational.com\/es\/wp-json\/wp\/v2\/pages\/5690"}],"collection":[{"href":"https:\/\/oiecinternational.com\/es\/wp-json\/wp\/v2\/pages"}],"about":[{"href":"https:\/\/oiecinternational.com\/es\/wp-json\/wp\/v2\/types\/page"}],"author":[{"embeddable":true,"href":"https:\/\/oiecinternational.com\/es\/wp-json\/wp\/v2\/users\/3"}],"replies":[{"embeddable":true,"href":"https:\/\/oiecinternational.com\/es\/wp-json\/wp\/v2\/comments?post=5690"}],"version-history":[{"count":6,"href":"https:\/\/oiecinternational.com\/es\/wp-json\/wp\/v2\/pages\/5690\/revisions"}],"predecessor-version":[{"id":5708,"href":"https:\/\/oiecinternational.com\/es\/wp-json\/wp\/v2\/pages\/5690\/revisions\/5708"}],"wp:attachment":[{"href":"https:\/\/oiecinternational.com\/es\/wp-json\/wp\/v2\/media?parent=5690"}],"curies":[{"name":"wp","href":"https:\/\/api.w.org\/{rel}","templated":true}]}}