{"id":5729,"date":"2025-06-18T07:57:10","date_gmt":"2025-06-18T05:57:10","guid":{"rendered":"https:\/\/oiecinternational.com\/es\/?page_id=5729"},"modified":"2025-09-03T14:42:31","modified_gmt":"2025-09-03T12:42:31","slug":"ia","status":"publish","type":"page","link":"https:\/\/oiecinternational.com\/es\/ia\/","title":{"rendered":"IA"},"content":{"rendered":"\t\t<div data-elementor-type=\"wp-page\" data-elementor-id=\"5729\" class=\"elementor elementor-5729\">\n\t\t\t\t\t\t<section class=\"elementor-section elementor-top-section elementor-element elementor-element-7ad2293 elementor-section-boxed elementor-section-height-default elementor-section-height-default\" data-id=\"7ad2293\" data-element_type=\"section\">\n\t\t\t\t\t\t<div class=\"elementor-container elementor-column-gap-default\">\n\t\t\t\t\t<div class=\"elementor-column elementor-col-100 elementor-top-column elementor-element elementor-element-7d727e9\" data-id=\"7d727e9\" data-element_type=\"column\">\n\t\t\t<div class=\"elementor-widget-wrap elementor-element-populated\">\n\t\t\t\t\t\t<div class=\"elementor-element elementor-element-083f7fe elementor-widget elementor-widget-image\" data-id=\"083f7fe\" data-element_type=\"widget\" data-widget_type=\"image.default\">\n\t\t\t\t<div class=\"elementor-widget-container\">\n\t\t\t\t\t\t\t\t\t\t\t\t\t<img fetchpriority=\"high\" decoding=\"async\" width=\"640\" height=\"424\" src=\"https:\/\/oiecinternational.com\/es\/wp-content\/uploads\/sites\/2\/2025\/06\/ens-catho-5.0-es-1-1024x678.png\" class=\"attachment-large size-large wp-image-5733\" alt=\"\" srcset=\"https:\/\/oiecinternational.com\/es\/wp-content\/uploads\/sites\/2\/2025\/06\/ens-catho-5.0-es-1-1024x678.png 1024w, https:\/\/oiecinternational.com\/es\/wp-content\/uploads\/sites\/2\/2025\/06\/ens-catho-5.0-es-1-300x199.png 300w, https:\/\/oiecinternational.com\/es\/wp-content\/uploads\/sites\/2\/2025\/06\/ens-catho-5.0-es-1-768x509.png 768w, https:\/\/oiecinternational.com\/es\/wp-content\/uploads\/sites\/2\/2025\/06\/ens-catho-5.0-es-1-1536x1018.png 1536w, https:\/\/oiecinternational.com\/es\/wp-content\/uploads\/sites\/2\/2025\/06\/ens-catho-5.0-es-1-2048x1357.png 2048w\" sizes=\"(max-width: 640px) 100vw, 640px\" \/>\t\t\t\t\t\t\t\t\t\t\t\t\t<\/div>\n\t\t\t\t<\/div>\n\t\t\t\t\t<\/div>\n\t\t<\/div>\n\t\t\t\t\t<\/div>\n\t\t<\/section>\n\t\t\t\t<section class=\"elementor-section elementor-top-section elementor-element elementor-element-23c3b02 elementor-section-boxed elementor-section-height-default elementor-section-height-default\" data-id=\"23c3b02\" data-element_type=\"section\">\n\t\t\t\t\t\t<div class=\"elementor-container elementor-column-gap-default\">\n\t\t\t\t\t<div class=\"elementor-column elementor-col-100 elementor-top-column elementor-element elementor-element-3258805\" data-id=\"3258805\" data-element_type=\"column\">\n\t\t\t<div class=\"elementor-widget-wrap elementor-element-populated\">\n\t\t\t\t\t\t<div class=\"elementor-element elementor-element-8122e72 elementor-widget elementor-widget-text-editor\" data-id=\"8122e72\" data-element_type=\"widget\" data-widget_type=\"text-editor.default\">\n\t\t\t\t<div class=\"elementor-widget-container\">\n\t\t\t\t\t\t\t<p style=\"text-align: center;\"><span style=\"color: #3366ff;\"><strong><a style=\"color: #3366ff;\" href=\"https:\/\/oiecinternational.com\/ai\/\">English<\/a><\/strong> &#8211; <a style=\"color: #3366ff;\" href=\"https:\/\/oiecinternational.com\/fr\/ia\/\"><strong>Fran\u00e7ais<\/strong><\/a> &#8211; <\/span><span style=\"color: #3366ff;\">Espa\u00f1ol<\/span><\/p>\t\t\t\t\t\t<\/div>\n\t\t\t\t<\/div>\n\t\t\t\t\t<\/div>\n\t\t<\/div>\n\t\t\t\t\t<\/div>\n\t\t<\/section>\n\t\t\t\t<section class=\"elementor-section elementor-top-section elementor-element elementor-element-bf83943 elementor-section-boxed elementor-section-height-default elementor-section-height-default\" data-id=\"bf83943\" data-element_type=\"section\">\n\t\t\t\t\t\t<div class=\"elementor-container elementor-column-gap-default\">\n\t\t\t\t\t<div class=\"elementor-column elementor-col-100 elementor-top-column elementor-element elementor-element-e65912f\" data-id=\"e65912f\" data-element_type=\"column\">\n\t\t\t<div class=\"elementor-widget-wrap elementor-element-populated\">\n\t\t\t\t\t\t<div class=\"elementor-element elementor-element-6bb21e6 elementor-widget elementor-widget-text-editor\" data-id=\"6bb21e6\" data-element_type=\"widget\" data-widget_type=\"text-editor.default\">\n\t\t\t\t<div class=\"elementor-widget-container\">\n\t\t\t\t\t\t\t<h3 style=\"text-align: center;\">REIMAGINAR Y TRANSFORMAR LA ENSE\u00d1ANZA<br \/>EN LA ERA DE LA INTELIGENCIA ARTIFICIAL<\/h3><h4><span style=\"color: #333399;\">La OIEC lanza un proyecto de transformaci\u00f3n digital para la educaci\u00f3n cat\u00f3lica<\/span><\/h4><h4>Pacto Educativo Global y tecnolog\u00eda al servicio de la misi\u00f3n:<\/h4><p>La educaci\u00f3n cat\u00f3lica atraviesa un momento decisivo, enfrentada al reto de evolucionar y adaptarse a las exigencias del siglo XXI sin perder su identidad y su misi\u00f3n. En respuesta a esta necesidad, la OIEC lanza un ambicioso proyecto de transformaci\u00f3n digital, que integra soluciones educativas avanzadas basadas en la inteligencia artificial y abierto a todos los centros educativos cat\u00f3licos que deseen adherirse.<\/p><p>Esta iniciativa est\u00e1 plenamente alineada con los valores del Pacto Educativo Global, promovido por el Papa Francisco, y tiene como objetivo renovar la educaci\u00f3n con un enfoque humanista, inclusivo y centrado en la persona. Su objetivo es garantizar que la innovaci\u00f3n tecnol\u00f3gica siga estando al servicio del desarrollo integral de los alumnos y de la misi\u00f3n evangelizadora.<\/p><p><a href=\"https:\/\/drive.google.com\/file\/d\/1fZvtxdeBWp8gBVZz_99uZr3_fLsT7BNC\/view?usp=sharing\">Encuentre aqu\u00ed el proyecto completo.<\/a><\/p><blockquote><p><span style=\"color: #333399;\"><strong>Con el fin de acompa\u00f1ar la transformaci\u00f3n educativa en la era<\/strong><\/span> <strong><span style=\"color: #333399;\">digital, la OIEC ha publicado dos obras complementarias: <span style=\"color: #ff9900;\"><em>Educaci\u00f3n cat\u00f3lica 5.0<\/em><\/span>, destinada a los miembros de los equipos educativos, y <span style=\"color: #ff9900;\"><em>La IA y los j\u00f3venes en la escuela: Comprender, Reflexionar, Utilizar y Actuar con el Pacto Educativo Global<\/em><\/span>, una gu\u00eda pedag\u00f3gica dirigida a los j\u00f3venes.<\/span><\/strong><\/p><\/blockquote>\t\t\t\t\t\t<\/div>\n\t\t\t\t<\/div>\n\t\t\t\t\t<\/div>\n\t\t<\/div>\n\t\t\t\t\t<\/div>\n\t\t<\/section>\n\t\t\t\t<section class=\"elementor-section elementor-top-section elementor-element elementor-element-4a4d122 elementor-section-boxed elementor-section-height-default elementor-section-height-default\" data-id=\"4a4d122\" data-element_type=\"section\">\n\t\t\t\t\t\t<div class=\"elementor-container elementor-column-gap-default\">\n\t\t\t\t\t<div class=\"elementor-column elementor-col-50 elementor-top-column elementor-element elementor-element-b01b130\" data-id=\"b01b130\" data-element_type=\"column\">\n\t\t\t<div class=\"elementor-widget-wrap elementor-element-populated\">\n\t\t\t\t\t\t<div class=\"elementor-element elementor-element-b8a8228 elementor-widget elementor-widget-text-editor\" data-id=\"b8a8228\" data-element_type=\"widget\" data-widget_type=\"text-editor.default\">\n\t\t\t\t<div class=\"elementor-widget-container\">\n\t\t\t\t\t\t\t<h3 data-start=\"116\" data-end=\"154\"><span style=\"color: #ff9900;\">Educaci\u00f3n cat\u00f3lica 5.0<\/span><\/h3><h4 data-start=\"155\" data-end=\"242\"><span style=\"color: #333399;\">Poner al ser humano en el centro de la innovaci\u00f3n tecnol\u00f3gica con el Pacto Educativo Global<\/span><\/h4><p>En un momento en el que la inteligencia artificial est\u00e1 transformando nuestras sociedades, este libro ofrece una visi\u00f3n audaz y profundamente humanista de la escuela cat\u00f3lica del ma\u00f1ana. Educaci\u00f3n cat\u00f3lica 5.0 invita a todos los educadores a una verdadera conversi\u00f3n educativa, conciliando tradici\u00f3n e innovaci\u00f3n, tecnolog\u00eda y discernimiento, eficacia pedag\u00f3gica y atenci\u00f3n a la persona.<\/p><p>Estructurado en torno a los grandes ejes del Pacto Educativo Global del papa Francisco, el libro ofrece puntos de referencia claros y pistas concretas para integrar la IA en la educaci\u00f3n sin traicionar sus valores: inclusi\u00f3n, \u00e9tica, protecci\u00f3n de datos, personalizaci\u00f3n del aprendizaje, nuevas formas de evaluaci\u00f3n, formaci\u00f3n para las profesiones del ma\u00f1ana&#8230;<\/p><p>Una gu\u00eda indispensable para repensar la educaci\u00f3n cat\u00f3lica en la era digital, al servicio de una educaci\u00f3n m\u00e1s justa, m\u00e1s solidaria y m\u00e1s fraternal.<\/p>\t\t\t\t\t\t<\/div>\n\t\t\t\t<\/div>\n\t\t\t\t\t<\/div>\n\t\t<\/div>\n\t\t\t\t<div class=\"elementor-column elementor-col-50 elementor-top-column elementor-element elementor-element-13f02e3\" data-id=\"13f02e3\" data-element_type=\"column\">\n\t\t\t<div class=\"elementor-widget-wrap elementor-element-populated\">\n\t\t\t\t\t\t<div class=\"elementor-element elementor-element-01bf9f5 elementor-widget elementor-widget-image\" data-id=\"01bf9f5\" data-element_type=\"widget\" data-widget_type=\"image.default\">\n\t\t\t\t<div class=\"elementor-widget-container\">\n\t\t\t\t\t\t\t\t\t\t\t\t\t<img decoding=\"async\" width=\"640\" height=\"905\" src=\"https:\/\/oiecinternational.com\/es\/wp-content\/uploads\/sites\/2\/2025\/06\/ENSEIGNEMENT-CATHOLIQUE-5.0-ES-724x1024.png\" class=\"attachment-large size-large wp-image-5746\" alt=\"\" srcset=\"https:\/\/oiecinternational.com\/es\/wp-content\/uploads\/sites\/2\/2025\/06\/ENSEIGNEMENT-CATHOLIQUE-5.0-ES-724x1024.png 724w, https:\/\/oiecinternational.com\/es\/wp-content\/uploads\/sites\/2\/2025\/06\/ENSEIGNEMENT-CATHOLIQUE-5.0-ES-212x300.png 212w, https:\/\/oiecinternational.com\/es\/wp-content\/uploads\/sites\/2\/2025\/06\/ENSEIGNEMENT-CATHOLIQUE-5.0-ES-768x1086.png 768w, https:\/\/oiecinternational.com\/es\/wp-content\/uploads\/sites\/2\/2025\/06\/ENSEIGNEMENT-CATHOLIQUE-5.0-ES-1086x1536.png 1086w, https:\/\/oiecinternational.com\/es\/wp-content\/uploads\/sites\/2\/2025\/06\/ENSEIGNEMENT-CATHOLIQUE-5.0-ES-1448x2048.png 1448w\" sizes=\"(max-width: 640px) 100vw, 640px\" \/>\t\t\t\t\t\t\t\t\t\t\t\t\t<\/div>\n\t\t\t\t<\/div>\n\t\t\t\t<div class=\"elementor-element elementor-element-9a22c71 elementor-widget elementor-widget-text-editor\" data-id=\"9a22c71\" data-element_type=\"widget\" data-widget_type=\"text-editor.default\">\n\t\t\t\t<div class=\"elementor-widget-container\">\n\t\t\t\t\t\t\t<h5 style=\"text-align: center;\">Descargar este libro en<br \/><a href=\"https:\/\/drive.google.com\/file\/d\/1-ONxyICUjCSthrmNX9-WwuTfCDuaQPE7\/view?usp=sharing\">franc\u00e9s<\/a>, <a href=\"https:\/\/drive.google.com\/file\/d\/1diVBIlJl3vhsgouBa0HVdF083uqLgaUj\/view?usp=sharing\">ingl\u00e9s<\/a>, <a href=\"https:\/\/drive.google.com\/file\/d\/1Wp2jRDnMOOuVgJ3SRqNkvuocTGKfI19m\/view?usp=sharing\">espa\u00f1ol<\/a>, <a href=\"https:\/\/drive.google.com\/file\/d\/1_MH1iQ7D52_DUZwOPl0cIYNhDyA9Xg5e\/view?usp=sharing\">italiano<\/a><\/h5>\t\t\t\t\t\t<\/div>\n\t\t\t\t<\/div>\n\t\t\t\t\t<\/div>\n\t\t<\/div>\n\t\t\t\t\t<\/div>\n\t\t<\/section>\n\t\t\t\t<section class=\"elementor-section elementor-top-section elementor-element elementor-element-fdd1b4e elementor-section-boxed elementor-section-height-default elementor-section-height-default\" data-id=\"fdd1b4e\" data-element_type=\"section\">\n\t\t\t\t\t\t<div class=\"elementor-container elementor-column-gap-default\">\n\t\t\t\t\t<div class=\"elementor-column elementor-col-50 elementor-top-column elementor-element elementor-element-cff7784\" data-id=\"cff7784\" data-element_type=\"column\">\n\t\t\t<div class=\"elementor-widget-wrap elementor-element-populated\">\n\t\t\t\t\t\t<div class=\"elementor-element elementor-element-5c8694d elementor-widget elementor-widget-image\" data-id=\"5c8694d\" data-element_type=\"widget\" data-widget_type=\"image.default\">\n\t\t\t\t<div class=\"elementor-widget-container\">\n\t\t\t\t\t\t\t\t\t\t\t\t\t<img decoding=\"async\" width=\"640\" height=\"905\" src=\"https:\/\/oiecinternational.com\/es\/wp-content\/uploads\/sites\/2\/2025\/06\/livre-IA-jeunes-ES-724x1024.png\" class=\"attachment-large size-large wp-image-5747\" alt=\"\" srcset=\"https:\/\/oiecinternational.com\/es\/wp-content\/uploads\/sites\/2\/2025\/06\/livre-IA-jeunes-ES-724x1024.png 724w, https:\/\/oiecinternational.com\/es\/wp-content\/uploads\/sites\/2\/2025\/06\/livre-IA-jeunes-ES-212x300.png 212w, https:\/\/oiecinternational.com\/es\/wp-content\/uploads\/sites\/2\/2025\/06\/livre-IA-jeunes-ES-768x1086.png 768w, https:\/\/oiecinternational.com\/es\/wp-content\/uploads\/sites\/2\/2025\/06\/livre-IA-jeunes-ES-1086x1536.png 1086w, https:\/\/oiecinternational.com\/es\/wp-content\/uploads\/sites\/2\/2025\/06\/livre-IA-jeunes-ES-1448x2048.png 1448w\" sizes=\"(max-width: 640px) 100vw, 640px\" \/>\t\t\t\t\t\t\t\t\t\t\t\t\t<\/div>\n\t\t\t\t<\/div>\n\t\t\t\t<div class=\"elementor-element elementor-element-84bfde2 elementor-widget elementor-widget-text-editor\" data-id=\"84bfde2\" data-element_type=\"widget\" data-widget_type=\"text-editor.default\">\n\t\t\t\t<div class=\"elementor-widget-container\">\n\t\t\t\t\t\t\t<h5 style=\"text-align: center;\">Descargar este libro en<br \/><a href=\"https:\/\/drive.google.com\/file\/d\/1cfIr3Qf46rRXy74E2sExS9yR8kzgIEXl\/view?usp=drive_link\">franc\u00e9s<\/a>, <a href=\"https:\/\/drive.google.com\/file\/d\/1QA-lPmG6qZdMGg6PR7bIvJPVyXFhMG6_\/view?usp=drive_link\">ingl\u00e9s<\/a>,\u00a0<a href=\"https:\/\/drive.google.com\/file\/d\/1WBNrDU6vQSgVyCeVFqeUIhYRBiT7-86K\/view?usp=drive_link\">espa\u00f1ol<\/a><\/h5><p>.<\/p>\t\t\t\t\t\t<\/div>\n\t\t\t\t<\/div>\n\t\t\t\t\t<\/div>\n\t\t<\/div>\n\t\t\t\t<div class=\"elementor-column elementor-col-50 elementor-top-column elementor-element elementor-element-9538549\" data-id=\"9538549\" data-element_type=\"column\">\n\t\t\t<div class=\"elementor-widget-wrap elementor-element-populated\">\n\t\t\t\t\t\t<div class=\"elementor-element elementor-element-b651d54 elementor-widget elementor-widget-text-editor\" data-id=\"b651d54\" data-element_type=\"widget\" data-widget_type=\"text-editor.default\">\n\t\t\t\t<div class=\"elementor-widget-container\">\n\t\t\t\t\t\t\t<h3 data-start=\"193\" data-end=\"232\"><span style=\"color: #ff9900;\">La IA y los j\u00f3venes en la escuela<\/span><\/h3><p data-start=\"233\" data-end=\"306\"><strong><span style=\"color: #333399;\">Comprender, reflexionar, utilizar y actuar con el Pacto Educativo Global<\/span><\/strong><\/p><p>\u00bfC\u00f3mo pueden crecer los j\u00f3venes en un mundo en el que la inteligencia artificial est\u00e1 transformando el aprendizaje, las profesiones y las relaciones humanas? Este libro, publicado por la OIEC, est\u00e1 dirigido directamente a los adolescentes para ayudarles a comprender mejor la IA, a reflexionar sobre sus retos y a desarrollar un uso responsable y creativo de estas tecnolog\u00edas.<\/p><p>Estructurado en cap\u00edtulos cortos, did\u00e1cticos y accesibles, el libro aborda:<\/p><ul><li>Las principales definiciones y la historia de la IA.<\/li><li>Su impacto en la vida cotidiana, la escuela, el trabajo y las relaciones.<\/li><li>Los retos \u00e9ticos, sociales y medioambientales que plantea.<\/li><li>Las herramientas concretas para aprender a utilizar la IA con discernimiento.<\/li><li>Y las pistas para comprometerse en la construcci\u00f3n de un futuro m\u00e1s justo y m\u00e1s humano.<\/li><\/ul><p>Anclado en el esp\u00edritu del Pacto Educativo Global del papa Francisco, este libro ofrece a los j\u00f3venes las claves para comprender, pero sobre todo una br\u00fajula: la de una inteligencia al servicio de la fraternidad, el bien com\u00fan y la paz.<\/p>\t\t\t\t\t\t<\/div>\n\t\t\t\t<\/div>\n\t\t\t\t\t<\/div>\n\t\t<\/div>\n\t\t\t\t\t<\/div>\n\t\t<\/section>\n\t\t\t\t<section class=\"elementor-section elementor-top-section elementor-element elementor-element-86e3f2b elementor-section-boxed elementor-section-height-default elementor-section-height-default\" data-id=\"86e3f2b\" data-element_type=\"section\">\n\t\t\t\t\t\t<div class=\"elementor-container elementor-column-gap-default\">\n\t\t\t\t\t<div class=\"elementor-column elementor-col-100 elementor-top-column elementor-element elementor-element-e94ad06\" data-id=\"e94ad06\" data-element_type=\"column\">\n\t\t\t<div class=\"elementor-widget-wrap elementor-element-populated\">\n\t\t\t\t\t\t<div class=\"elementor-element elementor-element-d2cd497 elementor-widget elementor-widget-text-editor\" data-id=\"d2cd497\" data-element_type=\"widget\" data-widget_type=\"text-editor.default\">\n\t\t\t\t<div class=\"elementor-widget-container\">\n\t\t\t\t\t\t\t<h3>Alianza estrat\u00e9gica entre la OIEC y Ed Tech Advisors<\/h3><p>El 21 de octubre de 2024, la Oficina Internacional de la Educaci\u00f3n Cat\u00f3lica (OIEC) firm\u00f3 una alianza estrat\u00e9gica con <span style=\"color: #ff9900;\"><strong>Ed Tech Advisors<\/strong><\/span>, una empresa especializada en la integraci\u00f3n de soluciones innovadoras<br \/>en escuelas cat\u00f3licas. Esta colaboraci\u00f3n se inscribe en el marco del Proyecto de Transformaci\u00f3n Digital para la Educaci\u00f3n Cat\u00f3lica y tiene como objetivo facilitar el acceso a las tecnolog\u00edas educativas de vanguardia.<\/p><p><a href=\"https:\/\/drive.google.com\/file\/d\/1TR_VbrD_LJDQxZwjs8u5WkxeUixdvuWw\/view?usp=drive_link\">Para m\u00e1s informaci\u00f3n&#8230;<\/a><\/p>\t\t\t\t\t\t<\/div>\n\t\t\t\t<\/div>\n\t\t\t\t\t<\/div>\n\t\t<\/div>\n\t\t\t\t\t<\/div>\n\t\t<\/section>\n\t\t\t\t<\/div>\n\t\t","protected":false},"excerpt":{"rendered":"<p>English &#8211; Fran\u00e7ais &#8211; Espa\u00f1ol REIMAGINAR Y TRANSFORMAR LA ENSE\u00d1ANZAEN LA ERA DE LA INTELIGENCIA ARTIFICIAL La OIEC lanza un proyecto de transformaci\u00f3n digital para la educaci\u00f3n cat\u00f3lica Pacto Educativo Global y tecnolog\u00eda al servicio de la misi\u00f3n: La educaci\u00f3n cat\u00f3lica atraviesa un momento decisivo, enfrentada al reto de evolucionar y adaptarse a las exigencias del siglo XXI sin perder&#8230;<\/p>\n","protected":false},"author":3,"featured_media":0,"parent":0,"menu_order":0,"comment_status":"closed","ping_status":"closed","template":"","meta":{"_eb_attr":"","footnotes":""},"class_list":["post-5729","page","type-page","status-publish","hentry"],"_links":{"self":[{"href":"https:\/\/oiecinternational.com\/es\/wp-json\/wp\/v2\/pages\/5729"}],"collection":[{"href":"https:\/\/oiecinternational.com\/es\/wp-json\/wp\/v2\/pages"}],"about":[{"href":"https:\/\/oiecinternational.com\/es\/wp-json\/wp\/v2\/types\/page"}],"author":[{"embeddable":true,"href":"https:\/\/oiecinternational.com\/es\/wp-json\/wp\/v2\/users\/3"}],"replies":[{"embeddable":true,"href":"https:\/\/oiecinternational.com\/es\/wp-json\/wp\/v2\/comments?post=5729"}],"version-history":[{"count":22,"href":"https:\/\/oiecinternational.com\/es\/wp-json\/wp\/v2\/pages\/5729\/revisions"}],"predecessor-version":[{"id":5778,"href":"https:\/\/oiecinternational.com\/es\/wp-json\/wp\/v2\/pages\/5729\/revisions\/5778"}],"wp:attachment":[{"href":"https:\/\/oiecinternational.com\/es\/wp-json\/wp\/v2\/media?parent=5729"}],"curies":[{"name":"wp","href":"https:\/\/api.w.org\/{rel}","templated":true}]}}