{"id":71,"date":"2016-12-22T12:22:33","date_gmt":"2016-12-22T11:22:33","guid":{"rendered":"http:\/\/jcgqqhj.cluster030.hosting.ovh.net\/es\/?page_id=71"},"modified":"2023-08-18T10:03:45","modified_gmt":"2023-08-18T08:03:45","slug":"miembros","status":"publish","type":"page","link":"https:\/\/oiecinternational.com\/es\/oiec\/miembros\/","title":{"rendered":"MIEMBROS"},"content":{"rendered":"\t\t<div data-elementor-type=\"wp-page\" data-elementor-id=\"71\" class=\"elementor elementor-71\">\n\t\t\t\t\t\t<section class=\"elementor-section elementor-top-section elementor-element elementor-element-09492e7 elementor-section-boxed elementor-section-height-default elementor-section-height-default\" data-id=\"09492e7\" data-element_type=\"section\">\n\t\t\t\t\t\t<div class=\"elementor-container elementor-column-gap-default\">\n\t\t\t\t\t<div class=\"elementor-column elementor-col-100 elementor-top-column elementor-element elementor-element-6e26432\" data-id=\"6e26432\" data-element_type=\"column\">\n\t\t\t<div class=\"elementor-widget-wrap elementor-element-populated\">\n\t\t\t\t\t\t<div class=\"elementor-element elementor-element-673ccc0 elementor-invisible elementor-widget elementor-widget-image\" data-id=\"673ccc0\" data-element_type=\"widget\" data-settings=\"{&quot;_animation&quot;:&quot;zoomIn&quot;}\" data-widget_type=\"image.default\">\n\t\t\t\t<div class=\"elementor-widget-container\">\n\t\t\t\t\t\t\t\t\t\t\t\t\t<img fetchpriority=\"high\" decoding=\"async\" width=\"1200\" height=\"621\" src=\"https:\/\/oiecinternational.com\/es\/wp-content\/uploads\/sites\/2\/2023\/08\/AdobeStock_28090666web-2.jpg\" class=\"attachment-full size-full wp-image-4559\" alt=\"\" srcset=\"https:\/\/oiecinternational.com\/es\/wp-content\/uploads\/sites\/2\/2023\/08\/AdobeStock_28090666web-2.jpg 1200w, https:\/\/oiecinternational.com\/es\/wp-content\/uploads\/sites\/2\/2023\/08\/AdobeStock_28090666web-2-300x155.jpg 300w, https:\/\/oiecinternational.com\/es\/wp-content\/uploads\/sites\/2\/2023\/08\/AdobeStock_28090666web-2-1024x530.jpg 1024w, https:\/\/oiecinternational.com\/es\/wp-content\/uploads\/sites\/2\/2023\/08\/AdobeStock_28090666web-2-768x397.jpg 768w\" sizes=\"(max-width: 1200px) 100vw, 1200px\" \/>\t\t\t\t\t\t\t\t\t\t\t\t\t<\/div>\n\t\t\t\t<\/div>\n\t\t\t\t\t<\/div>\n\t\t<\/div>\n\t\t\t\t\t<\/div>\n\t\t<\/section>\n\t\t\t\t<section class=\"elementor-section elementor-top-section elementor-element elementor-element-6f8b139 elementor-section-boxed elementor-section-height-default elementor-section-height-default\" data-id=\"6f8b139\" data-element_type=\"section\">\n\t\t\t\t\t\t<div class=\"elementor-container elementor-column-gap-default\">\n\t\t\t\t\t<div class=\"elementor-column elementor-col-100 elementor-top-column elementor-element elementor-element-846f941\" data-id=\"846f941\" data-element_type=\"column\">\n\t\t\t<div class=\"elementor-widget-wrap elementor-element-populated\">\n\t\t\t\t\t\t<div class=\"elementor-element elementor-element-4673535 elementor-widget elementor-widget-text-editor\" data-id=\"4673535\" data-element_type=\"widget\" data-widget_type=\"text-editor.default\">\n\t\t\t\t<div class=\"elementor-widget-container\">\n\t\t\t\t\t\t\t<p><strong>La Office international de l&#8217;enseignement catholique (&#8220;OIEC&#8221;) est\u00e1 formada por los organismos nacionales representativos de las escuelas cat\u00f3licas de cada pa\u00eds (m\u00e1s de 110 pa\u00edses). Su composici\u00f3n mundial refleja la universalidad de la Iglesia cat\u00f3lica.<\/strong><\/p>\n<h4><strong>La Oficina tiene 3 categor\u00edas de miembros:<\/strong><\/h4>\t\t\t\t\t\t<\/div>\n\t\t\t\t<\/div>\n\t\t\t\t\t<\/div>\n\t\t<\/div>\n\t\t\t\t\t<\/div>\n\t\t<\/section>\n\t\t\t\t<section class=\"elementor-section elementor-top-section elementor-element elementor-element-ac19f35 elementor-section-boxed elementor-section-height-default elementor-section-height-default\" data-id=\"ac19f35\" data-element_type=\"section\">\n\t\t\t\t\t\t<div class=\"elementor-container elementor-column-gap-default\">\n\t\t\t\t\t<div class=\"elementor-column elementor-col-50 elementor-top-column elementor-element elementor-element-3c17dc8\" data-id=\"3c17dc8\" data-element_type=\"column\" data-settings=\"{&quot;background_background&quot;:&quot;classic&quot;}\">\n\t\t\t<div class=\"elementor-widget-wrap elementor-element-populated\">\n\t\t\t\t\t\t<div class=\"elementor-element elementor-element-ee9d56f eael-infobox-content-align--center elementor-widget elementor-widget-eael-info-box\" data-id=\"ee9d56f\" data-element_type=\"widget\" data-settings=\"{&quot;_animation&quot;:&quot;none&quot;}\" data-widget_type=\"eael-info-box.default\">\n\t\t\t\t<div class=\"elementor-widget-container\">\n\t\t\t        <div class=\"eael-infobox\">\n\t            <div class=\"infobox-icon\">\n\n            \n            \n            \n        <\/div>\n            <div class=\"infobox-content\">\n                                                                                                <h2><span style=\"color: #ffffff;\">LOS MIEMBROS <\/span><br \/><span style=\"color: #ffffff;\">CONSTITUYENTES<\/span><\/h2>\n<p><strong>Se trata de organismos reconocidos por las autoridades eclesi\u00e1sticas competentes seg\u00fan el derecho can\u00f3nico (en principio por la Conferencia Episcopal nacional de cada uno de estos pa\u00edses), y encargados de coordinar y\/o representar a las escuelas cat\u00f3licas en un pa\u00eds determinado.<\/strong><\/p>                                                                            <\/div>\n            <\/div>\n\n\t\t\t\t<\/div>\n\t\t\t\t<\/div>\n\t\t\t\t\t<\/div>\n\t\t<\/div>\n\t\t\t\t<div class=\"elementor-column elementor-col-50 elementor-top-column elementor-element elementor-element-6af0997\" data-id=\"6af0997\" data-element_type=\"column\" data-settings=\"{&quot;background_background&quot;:&quot;classic&quot;}\">\n\t\t\t<div class=\"elementor-widget-wrap elementor-element-populated\">\n\t\t\t\t\t\t<div class=\"elementor-element elementor-element-5b297db eael-infobox-content-align--center elementor-widget elementor-widget-eael-info-box\" data-id=\"5b297db\" data-element_type=\"widget\" data-settings=\"{&quot;_animation&quot;:&quot;none&quot;}\" data-widget_type=\"eael-info-box.default\">\n\t\t\t\t<div class=\"elementor-widget-container\">\n\t\t\t        <div class=\"eael-infobox\">\n\t            <div class=\"infobox-icon\">\n\n            \n            \n            \n        <\/div>\n            <div class=\"infobox-content\">\n                                                                                                <h2><strong><span style=\"color: #ffffff;\">MIEMBROS <\/span><\/strong><br \/><strong><span style=\"color: #ffffff;\">ASOCIADOS<\/span><\/strong><\/h2>\n<p><strong>Se trata de institutos de vida consagrada y sociedades de vida apost\u00f3lica comprometidos con el servicio educativo y de alcance internacional.<\/strong><\/p>                                                <div class=\"infobox-button\">\n            <a class=\"eael-infobox-button\" href=\"http:\/\/oiecinternational.com\/es\/miembros-asociados\">\n                                                            <i aria-hidden=\"true\" class=\"eael_infobox_button_icon_left fas fa-plus-square\"><\/i>                                                    <span class=\"infobox-button-text\"><\/span>\n                            <\/a>\n        <\/div>\n                                    <\/div>\n            <\/div>\n\n\t\t\t\t<\/div>\n\t\t\t\t<\/div>\n\t\t\t\t\t<\/div>\n\t\t<\/div>\n\t\t\t\t\t<\/div>\n\t\t<\/section>\n\t\t\t\t<section class=\"elementor-section elementor-top-section elementor-element elementor-element-6cd84c9 elementor-section-boxed elementor-section-height-default elementor-section-height-default\" data-id=\"6cd84c9\" data-element_type=\"section\">\n\t\t\t\t\t\t<div class=\"elementor-container elementor-column-gap-default\">\n\t\t\t\t\t<div class=\"elementor-column elementor-col-100 elementor-top-column elementor-element elementor-element-7d879af\" data-id=\"7d879af\" data-element_type=\"column\" data-settings=\"{&quot;background_background&quot;:&quot;classic&quot;}\">\n\t\t\t<div class=\"elementor-widget-wrap elementor-element-populated\">\n\t\t\t\t\t\t<div class=\"elementor-element elementor-element-9332c70 elementor-widget elementor-widget-eael-info-box\" data-id=\"9332c70\" data-element_type=\"widget\" data-settings=\"{&quot;_animation&quot;:&quot;none&quot;}\" data-widget_type=\"eael-info-box.default\">\n\t\t\t\t<div class=\"elementor-widget-container\">\n\t\t\t        <div class=\"eael-infobox icon-on-left\">\n\t            <div class=\"infobox-content\">\n                            <h2 class=\"title\">SOCIOS COOPERATIVISTAS<\/h2>\n                                                                                                <p><strong>Se trata de personas f\u00edsicas o jur\u00eddicas que desean colaborar activamente con la Oficina.<\/strong><\/p>\n<ul>\n<li>Asociaci\u00f3n Nacional de Educaci\u00f3n Cat\u00f3lica (Ncea)<\/li>\n<li>Verus<\/li>\n<li>Fundaci\u00f3 Escola Cristiana De Catalunya (Fecc)<\/li>\n<li>Familles Mundi (Fm)<\/li>\n<li>Alianza de Directores de Educaci\u00f3n Cristiana (Addec)<\/li>\n<li>Union Nationale Des Instituts Sup\u00e9rieurs de Formation de l'Enseignement Catholique (Unisfec)<\/li>\n<li>Universidad de Notre Dame<\/li>\n<li>Universidad Fordham<\/li>\n<li>FIDAE<\/li>\n<li>BICE<\/li>\n<li>Educaci\u00f3n Emmanuel<\/li>\n<\/ul>                                                                            <\/div>\n            <\/div>\n\n\t\t\t\t<\/div>\n\t\t\t\t<\/div>\n\t\t\t\t\t<\/div>\n\t\t<\/div>\n\t\t\t\t\t<\/div>\n\t\t<\/section>\n\t\t\t\t<\/div>\n\t\t","protected":false},"excerpt":{"rendered":"<p>La Office international de l&#8217;enseignement catholique (&#8220;OIEC&#8221;) est\u00e1 formada por los organismos nacionales representativos de las escuelas cat\u00f3licas de cada pa\u00eds (m\u00e1s de 110 pa\u00edses). Su composici\u00f3n mundial refleja la universalidad de la Iglesia cat\u00f3lica. La Oficina tiene 3 categor\u00edas de miembros: LOS MIEMBROS CONSTITUYENTES Se trata de organismos reconocidos por las autoridades eclesi\u00e1sticas competentes seg\u00fan el derecho can\u00f3nico (en&#8230;<\/p>\n","protected":false},"author":1,"featured_media":0,"parent":4576,"menu_order":4,"comment_status":"closed","ping_status":"closed","template":"","meta":{"_eb_attr":"","footnotes":""},"class_list":["post-71","page","type-page","status-publish","hentry"],"_links":{"self":[{"href":"https:\/\/oiecinternational.com\/es\/wp-json\/wp\/v2\/pages\/71"}],"collection":[{"href":"https:\/\/oiecinternational.com\/es\/wp-json\/wp\/v2\/pages"}],"about":[{"href":"https:\/\/oiecinternational.com\/es\/wp-json\/wp\/v2\/types\/page"}],"author":[{"embeddable":true,"href":"https:\/\/oiecinternational.com\/es\/wp-json\/wp\/v2\/users\/1"}],"replies":[{"embeddable":true,"href":"https:\/\/oiecinternational.com\/es\/wp-json\/wp\/v2\/comments?post=71"}],"version-history":[{"count":197,"href":"https:\/\/oiecinternational.com\/es\/wp-json\/wp\/v2\/pages\/71\/revisions"}],"predecessor-version":[{"id":4575,"href":"https:\/\/oiecinternational.com\/es\/wp-json\/wp\/v2\/pages\/71\/revisions\/4575"}],"up":[{"embeddable":true,"href":"https:\/\/oiecinternational.com\/es\/wp-json\/wp\/v2\/pages\/4576"}],"wp:attachment":[{"href":"https:\/\/oiecinternational.com\/es\/wp-json\/wp\/v2\/media?parent=71"}],"curies":[{"name":"wp","href":"https:\/\/api.w.org\/{rel}","templated":true}]}}