{"id":2212,"date":"2018-10-11T13:01:05","date_gmt":"2018-10-11T11:01:05","guid":{"rendered":"http:\/\/jcgqqhj.cluster030.hosting.ovh.net\/fr\/?page_id=2212"},"modified":"2024-04-26T10:28:21","modified_gmt":"2024-04-26T08:28:21","slug":"je-peux","status":"publish","type":"page","link":"https:\/\/oiecinternational.com\/fr\/les-poles\/pole-projets-educatifs-et-culturels\/je-peux\/","title":{"rendered":"JE PEUX"},"content":{"rendered":"\t\t<div data-elementor-type=\"wp-page\" data-elementor-id=\"2212\" class=\"elementor elementor-2212\">\n\t\t\t\t\t\t<section class=\"elementor-section elementor-top-section elementor-element elementor-element-4a1410e elementor-section-boxed elementor-section-height-default elementor-section-height-default\" data-id=\"4a1410e\" data-element_type=\"section\">\n\t\t\t\t\t\t<div class=\"elementor-container elementor-column-gap-default\">\n\t\t\t\t\t<div class=\"elementor-column elementor-col-100 elementor-top-column elementor-element elementor-element-7e17b15\" data-id=\"7e17b15\" data-element_type=\"column\">\n\t\t\t<div class=\"elementor-widget-wrap elementor-element-populated\">\n\t\t\t\t\t\t<div class=\"elementor-element elementor-element-3c0a195 elementor-widget elementor-widget-text-editor\" data-id=\"3c0a195\" data-element_type=\"widget\" data-widget_type=\"text-editor.default\">\n\t\t\t\t<div class=\"elementor-widget-container\">\n\t\t\t\t\t\t\t<h4><span style=\"color: #333333;\">L&#8217;OIEC a con\u00e7u avec enthousiasme et engagement le projet<\/span> <a href=\"http:\/\/oiecinternational.com\/fr\/wp-content\/uploads\/sites\/3\/2018\/10\/Art\u00edculo-OIEC_Proyecto_YO_PUEDO_FRANC\u00c9S.pdf\"><strong>&#8220;Moi, je peux&#8221;<\/strong><\/a> <span style=\"color: #333333;\">pour r\u00e9pondre aux d\u00e9fis que l&#8217;Encyclique LAUDATO SI\u2019 propose pour les enfants et les jeunes.<\/span><\/h4><h4><strong><span style=\"color: #333333;\">Il s\u2019agit de cr\u00e9er ensemble des projets de changement et de les mettre en pratique.<\/span><\/strong><\/h4>\t\t\t\t\t\t<\/div>\n\t\t\t\t<\/div>\n\t\t\t\t\t<\/div>\n\t\t<\/div>\n\t\t\t\t\t<\/div>\n\t\t<\/section>\n\t\t\t\t<section class=\"elementor-section elementor-top-section elementor-element elementor-element-e673593 elementor-section-boxed elementor-section-height-default elementor-section-height-default\" data-id=\"e673593\" data-element_type=\"section\">\n\t\t\t\t\t\t<div class=\"elementor-container elementor-column-gap-default\">\n\t\t\t\t\t<div class=\"elementor-column elementor-col-66 elementor-top-column elementor-element elementor-element-25df481\" data-id=\"25df481\" data-element_type=\"column\">\n\t\t\t<div class=\"elementor-widget-wrap elementor-element-populated\">\n\t\t\t\t\t\t<div class=\"elementor-element elementor-element-cd83c9a elementor-widget elementor-widget-text-editor\" data-id=\"cd83c9a\" data-element_type=\"widget\" data-widget_type=\"text-editor.default\">\n\t\t\t\t<div class=\"elementor-widget-container\">\n\t\t\t\t\t\t\t<h4><strong>UN GUIDE DIDACTIQUE :<br \/>TRAVAILLONS ENSEMBLE AVEC LA M\u00caME M\u00c9THODOLOGIE.<\/strong><\/h4><p>Le guide didactique intitul\u00e9 <strong>\u00ab Je peux ! Les enfants et les jeunes font face au d\u00e9fi de LAUDATO SI\u2019 : La sauvegarde de la maison commune \u00bb vous indique<\/strong>\u00a0les pas \u00e0 suivre pour cr\u00e9er entre tous des milliers de projets de changement amen\u00e9s par les enfants et les jeunes, que ce soit dans les \u00e9coles du monde, dans les groupes de cat\u00e9chisme ou dans les rencontres formelles ou informelles des jeunes.<\/p><p>Le guide existe en plusieurs langues :<br \/>\u00a0<a style=\"background-color: #ffffff;\" href=\"http:\/\/oiecinternational.com\/fr\/wp-content\/uploads\/sites\/3\/2018\/08\/JE-PEUX_FR_2.pdf\">FR<\/a>\u00a0&#8211;\u00a0<a style=\"background-color: #ffffff;\" href=\"http:\/\/oiecinternational.com\/fr\/wp-content\/uploads\/sites\/3\/2018\/08\/YOPUEDO_EN.pdf\">EN<\/a>\u00a0&#8211;\u00a0\u00a0<a style=\"background-color: #ffffff;\" href=\"http:\/\/oiecinternational.com\/fr\/wp-content\/uploads\/sites\/3\/2018\/08\/YO_PUEDO_esp.pdf\">ES<\/a>\u00a0&#8211;\u00a0\u00a0<a style=\"background-color: #ffffff;\" href=\"http:\/\/oiecinternational.com\/fr\/wp-content\/uploads\/sites\/3\/2018\/08\/YOPUEDO_it.pdf\">IT<\/a>\u00a0&#8211;\u00a0<a style=\"background-color: #ffffff;\" href=\"http:\/\/oiecinternational.com\/fr\/wp-content\/uploads\/sites\/3\/2018\/08\/EU-POSSO_pt_2.pdf\">POR<\/a>\u00a0&#8211;\u00a0<a style=\"background-color: #ffffff;\" href=\"http:\/\/oiecinternational.com\/fr\/wp-content\/uploads\/sites\/3\/2021\/07\/YO-PUEDO_polaco3288.pdf\">POL<\/a>\u00a0&#8211;\u00a0<a style=\"background-color: #ffffff;\" href=\"http:\/\/oiecinternational.com\/fr\/wp-content\/uploads\/sites\/3\/2021\/07\/YO-PUEDO_rumano3289.pdf\">ROU<\/a>\u00a0&#8211;\u00a0<a style=\"background-color: #ffffff;\" href=\"http:\/\/oiecinternational.com\/fr\/wp-content\/uploads\/sites\/3\/2021\/07\/\u0623\u0646\u0627-\u0623\u0633\u062a\u0637\u064a\u06393290-yo-puedo-arab.pdf\">AR<\/a><\/p><p>Le guide applique la m\u00e9thodologie\u00a0<a href=\"http:\/\/oiecinternational.com\/fr\/wp-content\/uploads\/sites\/3\/2018\/10\/Articulo-OIEC_DESIGN-FOR-CHANGE_FRANC\u00c9S.pdf\"><strong><em>Design for change<\/em><\/strong><\/a> (DFC) qui nous facilite le processus de travailler ensemble avec un outil qui garantisse aux enfants et aux jeunes le r\u00f4le principal et la prise de pouvoir d\u2019une fa\u00e7on autonome et critique et nous permet de partager les projets afin d\u2019inspirer et d\u2019influencer les autres. Le but est de g\u00e9n\u00e9rer un r\u00e9seau mondial de petits changements qui transformeront la soci\u00e9t\u00e9 et le monde, en le rendant plus humain et durable.<\/p>\t\t\t\t\t\t<\/div>\n\t\t\t\t<\/div>\n\t\t\t\t\t<\/div>\n\t\t<\/div>\n\t\t\t\t<div class=\"elementor-column elementor-col-33 elementor-top-column elementor-element elementor-element-fe23771\" data-id=\"fe23771\" data-element_type=\"column\">\n\t\t\t<div class=\"elementor-widget-wrap elementor-element-populated\">\n\t\t\t\t\t\t<div class=\"elementor-element elementor-element-1afbe6b elementor-widget elementor-widget-image\" data-id=\"1afbe6b\" data-element_type=\"widget\" data-widget_type=\"image.default\">\n\t\t\t\t<div class=\"elementor-widget-container\">\n\t\t\t\t\t\t\t\t\t\t\t\t\t<img fetchpriority=\"high\" decoding=\"async\" width=\"585\" height=\"800\" src=\"https:\/\/oiecinternational.com\/fr\/wp-content\/uploads\/sites\/3\/2023\/02\/Moi-je-peux-1.png\" class=\"attachment-full size-full wp-image-5953\" alt=\"\" srcset=\"https:\/\/oiecinternational.com\/fr\/wp-content\/uploads\/sites\/3\/2023\/02\/Moi-je-peux-1.png 585w, https:\/\/oiecinternational.com\/fr\/wp-content\/uploads\/sites\/3\/2023\/02\/Moi-je-peux-1-219x300.png 219w\" sizes=\"(max-width: 585px) 100vw, 585px\" \/>\t\t\t\t\t\t\t\t\t\t\t\t\t<\/div>\n\t\t\t\t<\/div>\n\t\t\t\t\t<\/div>\n\t\t<\/div>\n\t\t\t\t\t<\/div>\n\t\t<\/section>\n\t\t\t\t<section class=\"elementor-section elementor-top-section elementor-element elementor-element-75feef3 elementor-section-boxed elementor-section-height-default elementor-section-height-default\" data-id=\"75feef3\" data-element_type=\"section\" data-settings=\"{&quot;background_background&quot;:&quot;classic&quot;}\">\n\t\t\t\t\t\t<div class=\"elementor-container elementor-column-gap-default\">\n\t\t\t\t\t<div class=\"elementor-column elementor-col-100 elementor-top-column elementor-element elementor-element-9f2f916\" data-id=\"9f2f916\" data-element_type=\"column\">\n\t\t\t<div class=\"elementor-widget-wrap elementor-element-populated\">\n\t\t\t\t\t\t<div class=\"elementor-element elementor-element-051c159 elementor-widget elementor-widget-heading\" data-id=\"051c159\" data-element_type=\"widget\" data-widget_type=\"heading.default\">\n\t\t\t\t<div class=\"elementor-widget-container\">\n\t\t\t<h4 class=\"elementor-heading-title elementor-size-default\">Pour en savoir plus sur la m\u00e9thodologie \"Design for change\":<\/h4>\t\t<\/div>\n\t\t\t\t<\/div>\n\t\t\t\t\t<\/div>\n\t\t<\/div>\n\t\t\t\t\t<\/div>\n\t\t<\/section>\n\t\t\t\t<section class=\"elementor-section elementor-top-section elementor-element elementor-element-5cf9346 elementor-section-boxed elementor-section-height-default elementor-section-height-default\" data-id=\"5cf9346\" data-element_type=\"section\">\n\t\t\t\t\t\t<div class=\"elementor-container elementor-column-gap-default\">\n\t\t\t\t\t<div class=\"elementor-column elementor-col-100 elementor-top-column elementor-element elementor-element-fef1c5a\" data-id=\"fef1c5a\" data-element_type=\"column\">\n\t\t\t<div class=\"elementor-widget-wrap elementor-element-populated\">\n\t\t\t\t\t\t<div class=\"elementor-element elementor-element-12feac9 elementor-widget elementor-widget-text-editor\" data-id=\"12feac9\" data-element_type=\"widget\" data-widget_type=\"text-editor.default\">\n\t\t\t\t<div class=\"elementor-widget-container\">\n\t\t\t\t\t\t\t<ul><li style=\"text-align: left;\">Vid\u00e9os de chacune des 4 phases du DFC en plusieurs langues : Sentir, Imaginer, Agir et Partager : <a href=\"https:\/\/dfcworld.com\/SITE\/FIDS\" target=\"_blank\" rel=\"noopener\">https:\/\/dfcworld.com\/SITE\/FIDS<\/a><\/li><\/ul><ul><li style=\"text-align: left;\"><a href=\"http:\/\/oiecinternational.com\/fr\/wp-content\/uploads\/sites\/3\/2021\/07\/Breve-presentaci\u00f3n-del-m\u00e9todo-DFC3286.pdf\">Br\u00e8ve pr\u00e9sentation de la m\u00e9thodologie DFC (en espagnol)<\/a><\/li><\/ul>\t\t\t\t\t\t<\/div>\n\t\t\t\t<\/div>\n\t\t\t\t\t<\/div>\n\t\t<\/div>\n\t\t\t\t\t<\/div>\n\t\t<\/section>\n\t\t\t\t<section class=\"elementor-section elementor-top-section elementor-element elementor-element-255f640 elementor-section-boxed elementor-section-height-default elementor-section-height-default\" data-id=\"255f640\" data-element_type=\"section\">\n\t\t\t\t\t\t<div class=\"elementor-container elementor-column-gap-default\">\n\t\t\t\t\t<div class=\"elementor-column elementor-col-100 elementor-top-column elementor-element elementor-element-0a8351c\" data-id=\"0a8351c\" data-element_type=\"column\">\n\t\t\t<div class=\"elementor-widget-wrap elementor-element-populated\">\n\t\t\t\t\t\t<div class=\"elementor-element elementor-element-9fdfaac elementor-widget elementor-widget-text-editor\" data-id=\"9fdfaac\" data-element_type=\"widget\" data-widget_type=\"text-editor.default\">\n\t\t\t\t<div class=\"elementor-widget-container\">\n\t\t\t\t\t\t\t<h3>Des partenaires et des soutiens<\/h3><p>Pour assurer le succ\u00e8s de cette initiative l\u2019Office International de l\u2019Enseignement Catholique (<strong>OIEC<\/strong>) travaille ensemble avec la Commission de l\u2019\u00c9ducation de l\u2019Union de Sup\u00e9rieurs G\u00e9n\u00e9raux (<strong>USG<\/strong>) et de l\u2019Union Internationale des Sup\u00e9rieures G\u00e9n\u00e9rales (<strong>UISG<\/strong>), les <strong><em>Scholas Occurrentes, <\/em><\/strong>l\u2019Organisation Mondiale des Anciens \u00c9l\u00e8ves de l&#8217;Enseignement Catholique (<strong>OMAEC<\/strong>) et le mouvement international <strong><em>Design For Change. <\/em><\/strong>Et d&#8217;autres organismes et institutions sont invit\u00e9s \u00e0 s\u2019int\u00e9grer au fur et mesure pour\u00a0 donner du pourvoir aux enfants et aux jeunes, \u00e0 cr\u00e9er avec eux.<\/p>\t\t\t\t\t\t<\/div>\n\t\t\t\t<\/div>\n\t\t\t\t\t<\/div>\n\t\t<\/div>\n\t\t\t\t\t<\/div>\n\t\t<\/section>\n\t\t\t\t<section class=\"elementor-section elementor-top-section elementor-element elementor-element-cfb5580 elementor-section-boxed elementor-section-height-default elementor-section-height-default\" data-id=\"cfb5580\" data-element_type=\"section\">\n\t\t\t\t\t\t<div class=\"elementor-container elementor-column-gap-default\">\n\t\t\t\t\t<div class=\"elementor-column elementor-col-100 elementor-top-column elementor-element elementor-element-1354328\" data-id=\"1354328\" data-element_type=\"column\">\n\t\t\t<div class=\"elementor-widget-wrap elementor-element-populated\">\n\t\t\t\t\t\t<div class=\"elementor-element elementor-element-d3f97c1 elementor-widget elementor-widget-text-editor\" data-id=\"d3f97c1\" data-element_type=\"widget\" data-widget_type=\"text-editor.default\">\n\t\t\t\t<div class=\"elementor-widget-container\">\n\t\t\t\t\t\t\t<h3>Communiquons et partageons ce projet !<\/h3><p>L&#8217;OIEC a invit\u00e9 ses membres \u00e0 r\u00e9pandre cette initiative <strong>en faisant parvenir le pr\u00e9sent GUIDE DIDACTIQUE \u00e0 tous les organismes et forums \u00e9ducatifs,<\/strong> enseignant(e)s, animateurs(trices) et directeurs(trices) des diff\u00e9rentes institutions \u00e9ducatives dont ils d\u00e9pendent ou qui se trouvent pr\u00e8s d&#8217;eux et \u00e0 les encourager \u00e0 y participer. Et \u00e0 l&#8217;afficher sur leurs sites web et le diffuser par mail, par leurs r\u00e9seaux sociaux propres ou coop\u00e9ratifs\u2026<\/p>\t\t\t\t\t\t<\/div>\n\t\t\t\t<\/div>\n\t\t\t\t\t<\/div>\n\t\t<\/div>\n\t\t\t\t\t<\/div>\n\t\t<\/section>\n\t\t\t\t<section class=\"elementor-section elementor-top-section elementor-element elementor-element-ce4017e elementor-section-boxed elementor-section-height-default elementor-section-height-default\" data-id=\"ce4017e\" data-element_type=\"section\">\n\t\t\t\t\t\t<div class=\"elementor-container elementor-column-gap-default\">\n\t\t\t\t\t<div class=\"elementor-column elementor-col-100 elementor-top-column elementor-element elementor-element-4473b03\" data-id=\"4473b03\" data-element_type=\"column\">\n\t\t\t<div class=\"elementor-widget-wrap elementor-element-populated\">\n\t\t\t\t\t\t<div class=\"elementor-element elementor-element-f6f500f elementor-widget elementor-widget-text-editor\" data-id=\"f6f500f\" data-element_type=\"widget\" data-widget_type=\"text-editor.default\">\n\t\t\t\t<div class=\"elementor-widget-container\">\n\t\t\t\t\t\t\t<h4><strong>Pr\u00e9sentation du projet &#8220;Moi, je peux&#8221; au Pape Fran\u00e7ois<\/strong><\/h4>\t\t\t\t\t\t<\/div>\n\t\t\t\t<\/div>\n\t\t\t\t\t<\/div>\n\t\t<\/div>\n\t\t\t\t\t<\/div>\n\t\t<\/section>\n\t\t\t\t<section class=\"elementor-section elementor-top-section elementor-element elementor-element-1704381 elementor-section-boxed elementor-section-height-default elementor-section-height-default\" data-id=\"1704381\" data-element_type=\"section\">\n\t\t\t\t\t\t<div class=\"elementor-container elementor-column-gap-default\">\n\t\t\t\t\t<div class=\"elementor-column elementor-col-50 elementor-top-column elementor-element elementor-element-d391c6f\" data-id=\"d391c6f\" data-element_type=\"column\">\n\t\t\t<div class=\"elementor-widget-wrap elementor-element-populated\">\n\t\t\t\t\t\t<div class=\"elementor-element elementor-element-e105a37 elementor-widget elementor-widget-text-editor\" data-id=\"e105a37\" data-element_type=\"widget\" data-widget_type=\"text-editor.default\">\n\t\t\t\t<div class=\"elementor-widget-container\">\n\t\t\t\t\t\t\t<p>Lors de l&#8217;audience du pape du 6 octobre 2018 qui a eu lieu \u00e0 l&#8217;occasion de la 15e Assembl\u00e9e g\u00e9n\u00e9rale ordinaire du Synode des \u00e9v\u00eaques (sur le th\u00e8me: <em>Les jeunes, la foi et le discernement vocationnel<\/em>), plusieurs enfants ont rendu compte de leur participation au proj\u00e8t \u00abMoi, je peux\u00bb:<br \/>un projet concernant <strong>l&#8217;utilisation d&#8217;\u00e9nergie propre par les producteurs de caf\u00e9 en Colombie<\/strong>. Et les jeunes de Valladolid \/ Espagne ont partag\u00e9 leurs exp\u00e9riences avec l\u2019application de la m\u00e9thodologie Design for Change, ce qui a eu <strong>un impact sur leurs contextes personnel, social et environnemental<\/strong> (les interventions peuvent \u00eatre visionn\u00e9es en fran\u00e7ais de 1 h 32 min \u00e0 1 h 39 min 22 s).<\/p>\t\t\t\t\t\t<\/div>\n\t\t\t\t<\/div>\n\t\t\t\t\t<\/div>\n\t\t<\/div>\n\t\t\t\t<div class=\"elementor-column elementor-col-50 elementor-top-column elementor-element elementor-element-dd0ece4\" data-id=\"dd0ece4\" data-element_type=\"column\">\n\t\t\t<div class=\"elementor-widget-wrap elementor-element-populated\">\n\t\t\t\t\t\t<div class=\"elementor-element elementor-element-904b642 elementor-widget elementor-widget-video\" data-id=\"904b642\" data-element_type=\"widget\" data-settings=\"{&quot;youtube_url&quot;:&quot;https:\\\/\\\/www.youtube.com\\\/watch?v=Hk3oHgsMjvQ&quot;,&quot;loop&quot;:&quot;yes&quot;,&quot;video_type&quot;:&quot;youtube&quot;,&quot;controls&quot;:&quot;yes&quot;}\" data-widget_type=\"video.default\">\n\t\t\t\t<div class=\"elementor-widget-container\">\n\t\t\t\t\t<div class=\"elementor-wrapper elementor-open-inline\">\n\t\t\t<div class=\"elementor-video\"><\/div>\t\t<\/div>\n\t\t\t\t<\/div>\n\t\t\t\t<\/div>\n\t\t\t\t\t<\/div>\n\t\t<\/div>\n\t\t\t\t\t<\/div>\n\t\t<\/section>\n\t\t\t\t<section class=\"elementor-section elementor-top-section elementor-element elementor-element-74f1365 elementor-section-boxed elementor-section-height-default elementor-section-height-default\" data-id=\"74f1365\" data-element_type=\"section\">\n\t\t\t\t\t\t<div class=\"elementor-container elementor-column-gap-default\">\n\t\t\t\t\t<div class=\"elementor-column elementor-col-100 elementor-top-column elementor-element elementor-element-e2ea80c\" data-id=\"e2ea80c\" data-element_type=\"column\">\n\t\t\t<div class=\"elementor-widget-wrap elementor-element-populated\">\n\t\t\t\t\t\t<div class=\"elementor-element elementor-element-02205c4 elementor-widget elementor-widget-text-editor\" data-id=\"02205c4\" data-element_type=\"widget\" data-widget_type=\"text-editor.default\">\n\t\t\t\t<div class=\"elementor-widget-container\">\n\t\t\t\t\t\t\t<h4><strong>Sommet mondial des enfants<\/strong><\/h4>\t\t\t\t\t\t<\/div>\n\t\t\t\t<\/div>\n\t\t\t\t\t<\/div>\n\t\t<\/div>\n\t\t\t\t\t<\/div>\n\t\t<\/section>\n\t\t\t\t<section class=\"elementor-section elementor-top-section elementor-element elementor-element-35af521 elementor-section-boxed elementor-section-height-default elementor-section-height-default\" data-id=\"35af521\" data-element_type=\"section\">\n\t\t\t\t\t\t<div class=\"elementor-container elementor-column-gap-default\">\n\t\t\t\t\t<div class=\"elementor-column elementor-col-50 elementor-top-column elementor-element elementor-element-18b8cd6\" data-id=\"18b8cd6\" data-element_type=\"column\">\n\t\t\t<div class=\"elementor-widget-wrap elementor-element-populated\">\n\t\t\t\t\t\t<div class=\"elementor-element elementor-element-4117df4 elementor-widget elementor-widget-image\" data-id=\"4117df4\" data-element_type=\"widget\" data-widget_type=\"image.default\">\n\t\t\t\t<div class=\"elementor-widget-container\">\n\t\t\t\t\t\t\t\t\t\t\t\t\t<img decoding=\"async\" src=\"http:\/\/oiecinternational.com\/fr\/wp-content\/uploads\/sites\/3\/2021\/06\/INVITATION-I-CAN-SUMMIT-1-730x1024.jpg\" title=\"\" alt=\"\" loading=\"lazy\" \/>\t\t\t\t\t\t\t\t\t\t\t\t\t<\/div>\n\t\t\t\t<\/div>\n\t\t\t\t\t<\/div>\n\t\t<\/div>\n\t\t\t\t<div class=\"elementor-column elementor-col-50 elementor-top-column elementor-element elementor-element-bfd4b20\" data-id=\"bfd4b20\" data-element_type=\"column\">\n\t\t\t<div class=\"elementor-widget-wrap elementor-element-populated\">\n\t\t\t\t\t\t<div class=\"elementor-element elementor-element-b5d6b5d elementor-widget elementor-widget-text-editor\" data-id=\"b5d6b5d\" data-element_type=\"widget\" data-widget_type=\"text-editor.default\">\n\t\t\t\t<div class=\"elementor-widget-container\">\n\t\t\t\t\t\t\t<p>Le <strong>27 au 30 Novembre 2019<\/strong> a eu lieu \u00e0 Rome dans le cadre du projet &#8220;Je peux&#8221; le sommet mondial des enfants. Au cours de ces quatre jours, plus de 2500 enfants \/ jeunes de plus de 40 pays ont montr\u00e9 au monde qu&#8217;ils veulent, savent et peuvent changer le monde, en le rendant plus humain, plus solidaire et plus durable.<\/p><p><strong>Pour en savoir plus sur le Sommet mondial :<\/strong><\/p><ul><li>Vid\u00e9o du Sommet mondial :<br \/>\u00a0<a href=\"https:\/\/youtu.be\/6eWA0ZPbGIk\">https:\/\/youtu.be\/6eWA0ZPbGIk<\/a><\/li><li>Photos : <a class=\"t_underline\" href=\"https:\/\/ssl.microsofttranslator.com\/bv.aspx?ref=TAns&amp;from=&amp;to=fr&amp;a=https%3A%2F%2Fbtc.dfcworld.org%2FCelebrations%2FBTC2019\" target=\"_blank\" rel=\"noopener noreferrer\" data-bm=\"70\">https:\/\/btc.dfcworld.org\/Celebrations\/BTC2019<\/a><\/li><li>Discours de Sa Saintet\u00e9 le Pape Fran\u00e7ois aux participants au Sommet mondial des enfants (anglais) : <a href=\"https:\/\/www.vatican.va\/content\/francesco\/en\/speeches\/2019\/november\/documents\/papa-francesco_20191130_progetto-yopuedo.html\">cliquez ici.<\/a><\/li><\/ul>\t\t\t\t\t\t<\/div>\n\t\t\t\t<\/div>\n\t\t\t\t\t<\/div>\n\t\t<\/div>\n\t\t\t\t\t<\/div>\n\t\t<\/section>\n\t\t\t\t<\/div>\n\t\t","protected":false},"excerpt":{"rendered":"<p>L&#8217;OIEC a con\u00e7u avec enthousiasme et engagement le projet &#8220;Moi, je peux&#8221; pour r\u00e9pondre aux d\u00e9fis que l&#8217;Encyclique LAUDATO SI\u2019 propose pour les enfants et les jeunes. Il s\u2019agit de cr\u00e9er ensemble des projets de changement et de les mettre en pratique. UN GUIDE DIDACTIQUE :TRAVAILLONS ENSEMBLE AVEC LA M\u00caME M\u00c9THODOLOGIE. Le guide didactique intitul\u00e9 \u00ab Je peux ! Les&#8230;<\/p>\n","protected":false},"author":3,"featured_media":0,"parent":5946,"menu_order":1,"comment_status":"closed","ping_status":"closed","template":"","meta":{"_eb_attr":"","footnotes":""},"class_list":["post-2212","page","type-page","status-publish","hentry"],"_links":{"self":[{"href":"https:\/\/oiecinternational.com\/fr\/wp-json\/wp\/v2\/pages\/2212"}],"collection":[{"href":"https:\/\/oiecinternational.com\/fr\/wp-json\/wp\/v2\/pages"}],"about":[{"href":"https:\/\/oiecinternational.com\/fr\/wp-json\/wp\/v2\/types\/page"}],"author":[{"embeddable":true,"href":"https:\/\/oiecinternational.com\/fr\/wp-json\/wp\/v2\/users\/3"}],"replies":[{"embeddable":true,"href":"https:\/\/oiecinternational.com\/fr\/wp-json\/wp\/v2\/comments?post=2212"}],"version-history":[{"count":0,"href":"https:\/\/oiecinternational.com\/fr\/wp-json\/wp\/v2\/pages\/2212\/revisions"}],"up":[{"embeddable":true,"href":"https:\/\/oiecinternational.com\/fr\/wp-json\/wp\/v2\/pages\/5946"}],"wp:attachment":[{"href":"https:\/\/oiecinternational.com\/fr\/wp-json\/wp\/v2\/media?parent=2212"}],"curies":[{"name":"wp","href":"https:\/\/api.w.org\/{rel}","templated":true}]}}