{"id":4,"date":"2023-02-17T19:20:56","date_gmt":"2023-02-17T18:20:56","guid":{"rendered":"http:\/\/jcgqqhj.cluster030.hosting.ovh.net\/fr\/?page_id=4"},"modified":"2023-08-18T10:47:04","modified_gmt":"2023-08-18T08:47:04","slug":"termes-et-conditions-dutilisation","status":"publish","type":"page","link":"https:\/\/oiecinternational.com\/fr\/accueil-2\/termes-et-conditions-dutilisation\/","title":{"rendered":"TERMES ET CONDITIONS D&#8217;UTILISATION"},"content":{"rendered":"<h2 class=\"title\" style=\"padding-top: 10%;\">QUI SOMMES-NOUS ET COMMENT PRENDRE CONTACT AVEC NOUS<\/h2>\n<p><u style=\"color: #1DB727;\">www.oiecinternational.com<\/u> C&#8217;est un site web g\u00e9r\u00e9 par OFFICE INTERNATIONAL DE L&#8217;enseignement catholique (OIEC&#8221;) (ci-apr\u00e8s &#8220;nous&#8221;). Nous sommes enregistr\u00e9s dans le R.N.A. (R\u00e9pertoire National des Associations) avec nombre W751240515 et ayant son si\u00e8ge \u00e0 c\/o Casa Generalice La Salle, Via Aurelia 476, I-00160, ROMA.<br \/>\nPour entrer en contact avec nous, envoyer un message de courrier \u00e9lectronique <u style=\"color: #1DB727;\">secretaire.general@oiecinternational.com<\/u>.<\/p>\n<h2 class=\"title\">GRACE A L&#8217;UTILISATION DE NOTRE SITE WEB VOUS ACCEPTE CES TERMES<\/h2>\n<p>L&#8217;utilisation de notre site, vous confirme qu&#8217;il accepte ces termes d&#8217;utilisation et s&#8217;engage \u00e0 s&#8217;acquitter avec eux. Si vous n&#8217;acceptez pas ces termes, vous ne devez pas utiliser notre site. Nous vous recommandons d&#8217;imprimer une copie de ces termes pour r\u00e9f\u00e9rence ult\u00e9rieure.<\/p>\n<h2 class=\"title\">COOKIES<\/h2>\n<p>OIEC rend compte de l&#8217;utilisation des cookies sur son site internet. <\/p>\n<p>En application de la directive de l&#8217;UE 2009\/136\/CE, OIEC signale que ce site accepte l&#8217;utilisation des cookies. <\/p>\n<p>Les cookies sont des fichiers texte petit que sont d\u00e9charg\u00e9es dans leur mat\u00e9riel par le biais des pages Web et de visite. Ils sont des outils qui ont un r\u00f4le essentiel pour la fourniture de nombreux services de la soci\u00e9t\u00e9 de l&#8217;information. Ils permettent \u00e0 un site web de stocker des donn\u00e9es que votre navigateur envoie de nouveau les sites Web chaque fois que les visite ou \u00e0 mesure que navigue d&#8217;une page \u00e0 l&#8217;autre des sites. En outre, permet de r\u00e9cup\u00e9rer des informations sur les habitudes de navigation d&#8217;un utilisateur ou de son \u00e9quipe et, en fonction des informations obtenues peuvent \u00eatre utilis\u00e9es pour reconna\u00eetre \u00e0 l&#8217;utilisateur et am\u00e9liorer le service offert. Certains cookies sont essentiels pour pouvoir utiliser de mani\u00e8re satisfaisante un site Web, car elles permettent de rappeler l&#8217;information qui a d\u00e9j\u00e0 \u00e9t\u00e9 introduite, en tant que vols que vous avez s\u00e9lectionn\u00e9s ou si vous avez d\u00e9marr\u00e9 s\u00e9ance. <\/p>\n<p><u>Cookies utilis\u00e9es sur le web<\/u><br \/>\nCe site utilise diff\u00e9rents types de cookies:<\/p>\n<p>Cookies techniques: qui sont strictement n\u00e9cessaires pour le fonctionnement du site Web.<\/p>\n<p>Cookies de fonctionnalit\u00e9: qui sont strictement n\u00e9cessaires pour offrir les services demand\u00e9s par les utilisateurs du site Web.<\/p>\n<p>Cookies analytiques: qui nous permettent de v\u00e9rifier comment naviguant des visiteurs sur le site Web et enregistrer les contenus qui voient et ceux qui sont de son int\u00e9r\u00eat. Ces cookies nous aident \u00e0 am\u00e9liorer le service que nous vous offrons, car de cette mani\u00e8re, nous pouvons garantir que nos utilisateurs trouvent les informations qu&#8217;ils souhaitent. <\/p>\n<p>Cookies sociales: qui sont n\u00e9cessaires dans les r\u00e9seaux sociaux (Facebook, Google et Twitter) pour contr\u00f4ler l&#8217;interaction avec widgets sociaux sur le site Web. <\/p>\n<p>Cookies associ\u00e9es: qui nous permettent de faire un suivi des visites en provenance d&#8217;autres sites Web et application mobile avec lesquels nous avons des accords de partenariat. <\/p>\n<p>Cookies de publicit\u00e9: fond\u00e9es sur le comportement, qui recueillent des informations sur ses pr\u00e9f\u00e9rences et \u00e9lections sur le site Web et l&#8217;application mobile. Elles sont destin\u00e9es \u00e0 des r\u00e9seaux publicitaires qui plus tard les utilisent pour montrer publicit\u00e9 personnalis\u00e9e dans d&#8217;autres sites Web. <\/p>\n<p>Ci-apr\u00e8s indiquent les cookies qui sont utilis\u00e9es dans ce portail ainsi que de leur typologie et fonction:<\/p>\n<p>La page web www.infoiec.net utilise Google Analytics, un service d&#8217;analyse web d\u00e9velopp\u00e9e par Google, qui permet la mesure et l&#8217;analyse de la navigation dans les pages web. Dans votre navigateur peut observer 4 cookies de ce service. Selon la typologie pr\u00e9c\u00e9dente Il s&#8217;agit de cookies propres, de s\u00e9ance et d&#8217;analyse. Vous pouvez trouver plus d&#8217;informations \u00e0 ce sujet et d\u00e9sactiver l&#8217;utilisation de ces cookies dans cette p\u00e1gina.<\/p>\n<p>\u00c0 travers l\u2019analytique web on obtient des informations concernant le nombre d&#8217;utilisateurs qui acc\u00e8dent \u00e0 l&#8217;Internet, le nombre de pages vues, la fr\u00e9quence et la r\u00e9p\u00e9tition des visites, leur dur\u00e9e, le navigateur utilis\u00e9, l&#8217;op\u00e9rateur qui fournit le service, la langue, le terminal qu&#8217;il utilise ou la ville \u00e0 laquelle est attribu\u00e9 son adresse IP. L&#8217;information qui permet un meilleur et plus appropri\u00e9 de service de la part de ce portail.<\/p>\n<p>Une autre des cookies qui sont d\u00e9charg\u00e9s est un cookie de type technique Ce cookie permet de stocker un identificateur unique par s\u00e9ance \u00e0 travers lequel il est possible de relier les donn\u00e9es n\u00e9cessaires pour permettre la navigation en cours.<\/p>\n<p>Enfin, d\u00e9chargement autre cookie elle-m\u00eame, de nature technique et de s\u00e9ance. G\u00e8re le consentement de l&#8217;utilisateur pour l&#8217;utilisation des cookies sur la page web, afin de rappeler aux utilisateurs qui ont accept\u00e9 et ceux qui n&#8217;, de sorte que les premiers ne sont pas affich\u00e9 des informations sur la partie sup\u00e9rieure de la page \u00e0 cet \u00e9gard.<\/p>\n<p><u>Acceptation de la politique des cookies<\/u><br \/>\nOIEC suppose que vous acceptez l&#8217;utilisation des cookies. Toutefois, affiche des informations sur sa politique de cookies dans la partie sup\u00e9rieure de toute page du portail avec chaque d\u00e9but de s\u00e9ance afin que vous soit conscient. <\/p>\n<p>Devant cette information est possible de mener \u00e0 bien les actions suivantes : <\/p>\n<p>Accepter les cookies: on ne reviendra pas \u00e0 visualiser cet avis a l\u2019acc\u00e9der \u00e0 toute page du portail au cours de la pr\u00e9sente s\u00e9ance.<\/p>\n<p>Fermer: Se cache la notification de la pr\u00e9sente page.<\/p>\n<p>Modifier sa configuration: Peut obtenir plus d&#8217;informations sur qu\u2019elle sont les cookies, conna\u00eetre la politique de cookies du Minist\u00e8re et de modifier la configuration de votre navigateur.<\/p>\n<p><u>Comment modifier la configuration des cookies<\/u><br \/>\nVous devez configurer leurs pr\u00e9f\u00e9rences en ce qui concerne les cookies dans chaque navigateur (Internet Explorer Google Chrome, Mozilla Firefox ou Safari). Normalement, il existe plusieurs mani\u00e8res de g\u00e9rer les cookies : activer ou d\u00e9sactiver les cookies par complet ; supprimer les cookies concr\u00e8tes qui ont d\u00e9j\u00e0 \u00e9t\u00e9 stock\u00e9 dans le navigateur ; bloquer la possibilit\u00e9 que certains sites Web stockent les cookies sur votre mat\u00e9riel, ou bloquer les cookies de tiers (alors navigue sur un site Web). Utilisez les liens pour plus d&#8217;informations sur la gestion des cookies dans chacun des principaux navigateurs: <\/p>\n<p>Internet Explorer: <a style=\"color: #1DB727;\" href=\"http:\/\/windows.microsoft.com\/en-GB\/windows7\/How-to-manage-cookies-in-Internet-Explorer-9\">http:\/\/windows.microsoft.com\/en-GB\/windows7\/How-to-manage-cookies-in-Internet-Explorer-9<\/a><br \/>\nGoogle Chrome:  <a style=\"color: #1DB727;\" href=\"https:\/\/support.google.com\/chrome\/bin\/answer.py?hl=en-GB&#038;answer=95647&#038;p=cpn_cookies\">https:\/\/support.google.com\/chrome\/bin\/answer.py?hl=en-GB&#038;answer=95647&#038;p=cpn_cookies<\/a><br \/>\nFirefox: <a style=\"color: #1DB727;\" href=\"http:\/\/support.mozilla.org\/en-US\/kb\/Cookies\">http:\/\/support.mozilla.org\/en-US\/kb\/Cookies<\/a><br \/>\nSafari: <a style=\"color: #1DB727;\" href=\"https:\/\/support.apple.com\/kb\/ph19214?locale=en_US\">https:\/\/support.apple.com\/kb\/ph19214?locale=en_US<\/a><\/p>\n<p>Si vous souhaitez des informations suppl\u00e9mentaires ou souhaite faire savoir son opinion sur l&#8217;utilisation des cookies sur notre site Web et application mobile, peut \u00eatre mis en contact avec nous \u00e0 travers le courrier \u00e9lectronique <u style=\"color: #1DB727;\">secretaire.general@oiecinternational.com<\/u>.<\/p>\n<h2 class=\"title\">MODIFICATIONS OU DE L&#8217;INDISPONIBILIT\u00c9 TEMPORAIRE DE LA WEB<\/h2>\n<p>OIEC s&#8217;efforce pour que le Web soit \u00e0 jour et fonctionne correctement et sans aucun jugement. Toutefois, il n&#8217;est responsable que le Web soit temporairement hors service pour des raisons de maintien\/am\u00e9lioration ou en raison de questions techniques qui sont hors de notre contr\u00f4le. Nous pouvons modifier, annuler ou interrompre tout aspect de la Web \u00e0 tout moment y compris les contenus et la base de donn\u00e9es. OIEC peut modifier les termes et conditions d&#8217;utilisation \u00e0 tout moment et notifier dans les termes de l&#8217;utilisation de l&#8217;Internet. On vous demandera que confirmes que vous \u00eates d&#8217;accord avec les changements effectu\u00e9s dans les termes d&#8217;usage la prochaine fois que vous connectez au Web et qui ont produit des changements.<\/p>\n<h2 class=\"title\">DROITS DE PROPRIETE INTELLECTUELLE<\/h2>\n<p>\u00c0 moins d&#8217;accord contraire, le copyright et autres droits de propri\u00e9t\u00e9 intellectuelle dans tout le mat\u00e9riel de la Web (y compris, sans limitation de photos et d&#8217;images graphiques) sont la propri\u00e9t\u00e9 de l&#8217; OIEC ou de ses licenci\u00e9s. N&#8217;est pas permis de t\u00e9l\u00e9charger des copies ou d&#8217;imprimer les pages Web sauf pour usage personnel et \u00e0 condition que soient maintenus intacts tant les droits d&#8217;auteur comme les avis de propri\u00e9t\u00e9. N&#8217;est pas permise la copie ou de distribution pour tout type d&#8217;activit\u00e9 ou l&#8217;usage commercial. N&#8217;est pas permis d&#8217;aucun type d&#8217;extraction, la collecte, l&#8217;\u00e9limination ou tout type de manipulation du contenu du site. N&#8217;intenteras pas d\u00e9chiffrer ou modifier en aucune fa\u00e7on, le logiciel, la codification ou l&#8217;information y compris sur le Web. Ni intenteras inclure des documents qui portent atteinte \u00e0 un droit de propri\u00e9t\u00e9 intellectuelle de tiers.<\/p>\n<h2 class=\"title\">LIENS VERS OU DEPUIS D&#8217;AUTRES PAGES WEB<\/h2>\n<p>Pour le confort des utilisateurs, le site Web contient des liens vers des pages ext\u00e9rieures. Nous nous ne faisons pas responsables de ces pages ni de leur contenu. OIEC n\u2019a pas r\u00e9vis\u00e9 et n&#8217;a pas approuv\u00e9 ces pages et n&#8217;est pas responsable de celles-ci ni de leur contenu. OIEC ne garantit pas que toute liaison \u00e0 ceds pages fonctionnent correctement et est mis \u00e0 jour. OIEC n&#8217;approuve ni ne repr\u00e9sente aucune de ces pages et leur usage est enti\u00e8rement sous votre responsabilit\u00e9. Si quelqu&#8217;un \u00e9tait int\u00e9ress\u00e9 \u00e0 avoir un lien \u00e0 notre site Web doit savoir que nous doive informer par courrier \u00e9lectronique \u00e0 <u style=\"color: #1DB727;\">secretaire.general@oiecinternational.com<\/u>. OIEC se r\u00e9serve le droit de rejeter toute demande et ne peut demander aucun type d&#8217;explication par le rejet ou le retrait d&#8217;une liaison au pr\u00e9alable a \u00e9t\u00e9 approuv\u00e9.<\/p>\n<h2 class=\"title\">GARANTIES<\/h2>\n<p>Cette page web offre &#8220;lorsque cela est possible&#8221; et &#8220;tel quel&#8221; et, par cons\u00e9quent, l&#8217;OIEC ne donne pas de garanties d&#8217;aucun type, qu&#8217;elles soient explicites, implicites, l\u00e9gales ou d&#8217;un autre type (y compris les garanties implicites de valeur marchande ou la satisfaction du niveau de qualit\u00e9 et d&#8217;ad\u00e9quation \u00e0 un objectif particulier), y compris des garanties ou des engagements en ce qui concerne le mat\u00e9riel de cette page web est complet, exact, fiable, mis \u00e0 jour et respectueux des droits de tiers, que l&#8217;acc\u00e8s \u00e0 ce site web ne souffrira pas des interruptions ne pr\u00e9sentera pas d&#8217;erreurs et sera exempt de virus, que cette page web est s\u00fbre et que tout avis ou conseil de l&#8217;OIEC obtenu \u00e0 travers cette Page web est exact ou fiable, pour tout ce qui indique express\u00e9ment que ne prendra pas d&#8217;engagement ou de garantie sur les aspects \u00e9num\u00e9r\u00e9s.<\/p>\n<p>Prenez-en compte que, dans certaines juridictions, il est possible de ne pas laisser l&#8217;exclusion de garanties implicites, ce que certaines de ces exclusions peuvent ne pas \u00eatre d&#8217;application pour l&#8217;informatique. Par cons\u00e9quent, te demandons de consultes la l\u00e9gislation locale.<\/p>\n<p>Nous nous r\u00e9servons le droit de restreindre, suspendre ou annuler sans pr\u00e9avis et \u00e0 tout moment, tu acc\u00e8s \u00e0 ce site web ou \u00e0 une partie de la m\u00eame et \u00e0 toute fonctionnalit\u00e9 dans la page.<\/p>\n<h2 class=\"title\">RESPONSABILITE<\/h2>\n<p>L&#8217;utilisation de ce site web est exclusivement de votre compte et de risque.<\/p>\n<p>Tant l&#8217;OIEC comme tout autre tiers impliqu\u00e9 dans la cr\u00e9ation, la production ou la distribution de cette page web en notre nom n&#8217;auront aucun type de responsabilit\u00e9, en aucun cas, pour les dommages directs, fortuite, cons\u00e9cutives, indirects, sp\u00e9ciaux ou punitifs ni par des co\u00fbts, de pertes ou de responsabilit\u00e9s, quelle que soit la forme que d\u00e9coulant de votre acc\u00e8s, l&#8217;utilisation ou l&#8217;incapacit\u00e9 d&#8217;utilisation, du changement dans le contenu de cette page web de toutes les autres pages auxquelles vous a acc\u00e9dez au moyen d&#8217;une liaison fournie sur cette page ou de la mesure autoris\u00e9e par la l\u00e9gislation applicable.<\/p>\n<p>Tant l&#8217;OIEC comme tout autre tiers impliqu\u00e9 dans la cr\u00e9ation, la production ou la distribution de cette page web n&#8217;auront aucune responsabilit\u00e9 de maintenir le mat\u00e9riel et les services qui sont disponibles dans cette page ou de proc\u00e9der \u00e0 des corrections, mises \u00e0 jour ou suppressions de ceux-ci. Tout mat\u00e9riel contenu dans cette page web est sujette \u00e0 modifications sans pr\u00e9avis.<\/p>\n<p>De plus, l&#8217;OIEC n&#8217;aura aucun type de responsabilit\u00e9 en aucun cas de tout dommage subi par suite d&#8217;un virus qui pourrait avoir infect\u00e9 votre ordinateur ou d&#8217;autres appareils de votre propri\u00e9t\u00e9 en raison de votre acc\u00e8s, l&#8217;utilisation ou des rejets de tout mat\u00e9riel de cette page web. Si optas \u00e0 d\u00e9charger mat\u00e9riel depuis cette page web, cette action est r\u00e9alis\u00e9e par votre compte exclusif et de risque.<\/p>\n<p>Dans la mesure autoris\u00e9e par la l\u00e9gislation applicable, d\u00e9clare express\u00e9ment renoncer \u00e0 effectuer toute plainte contre l&#8217;OIEC et leurs responsables, directeurs, salari\u00e9s, fournisseurs et de programmeurs qui puissent d\u00e9couler de votre utilisation ou acc\u00e8s \u00e0 ce site web.<\/p>\n<h2 class=\"title\">ACTIVITES INTERDITES<\/h2>\n<p>Vous avez interdit tout acte qui, de l&#8217;avis de l&#8217;OIEC, puisse \u00eatre consid\u00e9r\u00e9e comme inappropri\u00e9e et\/ou de parvenir \u00e0 \u00eatre consid\u00e9r\u00e9 comme un acte ill\u00e9gal ou qui est interdit conform\u00e9ment \u00e0 la l\u00e9gislation applicable \u00e0 cette page web, y compris, mais non limitativement, les suivantes:<\/p>\n<p>Tout acte qui constituerait une violation de la vie priv\u00e9e ou de tout autre des droits l\u00e9gaux des personnes physiques;<\/p>\n<p>Utiliser cette page web pour diffamer ou calomnier l&#8217;OIEC, ses employ\u00e9s ou d&#8217;autres personnes physiques ou d&#8217;agir de mani\u00e8re \u00e0 d\u00e9cr\u00e9dit\u00e9 le bon nom de l\u2019OIEC;<\/p>\n<p>Transf\u00e9rer \u00e0 la page web des fichiers contenant des virus qui peuvent causer des dommages \u00e0 la propri\u00e9t\u00e9 de l&#8217;OIEC ou \u00e0 la propri\u00e9t\u00e9 des personnes physiques; et<\/p>\n<p>Transmettre \u00e0 cette page web tout mat\u00e9riel non autoris\u00e9, y compris, mais non limitativement, mat\u00e9riel qui probablement cause, \u00e0 notre avis, une g\u00eane ou pr\u00e9judices, ou bien de violer les syst\u00e8mes ou de la s\u00e9curit\u00e9 des r\u00e9seaux de l&#8217;OIEC ou des autres personnes, mat\u00e9riau qui soit diffamatoire, raciste, obsc\u00e8nes, mena\u00e7ant, de caract\u00e8re pornographique ou de pr\u00e9senter toute forme d&#8217;ill\u00e9galit\u00e9 en g\u00e9n\u00e9ral.<\/p>\n<h2 class=\"title\">COMPETENCE ET DROIT APPLICABLE<\/h2>\n<p>L\u2019OIEC ne prend aucun engagement en ce qui concerne le mat\u00e9riel et les informations contenues dans cette page web soient appropri\u00e9s ou soient disponibles dans toutes les zones ou les langues nationales.<\/p>\n<p>L\u2019utilisateur de cette page web et l\u2019OIEC acceptent que tout diff\u00e9rend ou toute r\u00e9clamation d\u00e9coulant ou concernant l&#8217;utilisation de ce site web est r\u00e9gl\u00e9 selon les lois belges et soumis exclusivement \u00e0 la juridiction des tribunaux de la ville de Bruxelles.<\/p>\n<h2 class=\"title\">MISE \u00c0 JOUR DE NOTES L\u00c9GALES<\/h2>\n<p>Nous nous r\u00e9servons le droit de proc\u00e9der \u00e0 des changements et corrections dans cette note. Veuillez consultation cette page de temps en temps pour revoir ces et de nouvelles informations suppl\u00e9mentaires.<\/p>\n<p>En cas d&#8217;une question concernant l&#8217;information de cette page Web, veuillez contactez-nous par le suivant Courrier \u00e9lectronique: <u style=\"color: #1DB727;\">secretaire.general@oiecinternational.com<\/u>.<\/p>\n","protected":false},"excerpt":{"rendered":"<p>QUI SOMMES-NOUS ET COMMENT PRENDRE CONTACT AVEC NOUS www.oiecinternational.com C&#8217;est un site web g\u00e9r\u00e9 par OFFICE INTERNATIONAL DE L&#8217;enseignement catholique (OIEC&#8221;) (ci-apr\u00e8s &#8220;nous&#8221;). Nous sommes enregistr\u00e9s dans le R.N.A. (R\u00e9pertoire National des Associations) avec nombre W751240515 et ayant son si\u00e8ge \u00e0 c\/o Casa Generalice La Salle, Via Aurelia 476, I-00160, ROMA. Pour entrer en contact avec nous, envoyer un message&#8230;<\/p>\n","protected":false},"author":3,"featured_media":0,"parent":236,"menu_order":8,"comment_status":"closed","ping_status":"closed","template":"","meta":{"_eb_attr":"","footnotes":""},"class_list":["post-4","page","type-page","status-publish","hentry"],"_links":{"self":[{"href":"https:\/\/oiecinternational.com\/fr\/wp-json\/wp\/v2\/pages\/4"}],"collection":[{"href":"https:\/\/oiecinternational.com\/fr\/wp-json\/wp\/v2\/pages"}],"about":[{"href":"https:\/\/oiecinternational.com\/fr\/wp-json\/wp\/v2\/types\/page"}],"author":[{"embeddable":true,"href":"https:\/\/oiecinternational.com\/fr\/wp-json\/wp\/v2\/users\/3"}],"replies":[{"embeddable":true,"href":"https:\/\/oiecinternational.com\/fr\/wp-json\/wp\/v2\/comments?post=4"}],"version-history":[{"count":0,"href":"https:\/\/oiecinternational.com\/fr\/wp-json\/wp\/v2\/pages\/4\/revisions"}],"up":[{"embeddable":true,"href":"https:\/\/oiecinternational.com\/fr\/wp-json\/wp\/v2\/pages\/236"}],"wp:attachment":[{"href":"https:\/\/oiecinternational.com\/fr\/wp-json\/wp\/v2\/media?parent=4"}],"curies":[{"name":"wp","href":"https:\/\/api.w.org\/{rel}","templated":true}]}}