{"id":4020,"date":"2023-02-05T17:28:26","date_gmt":"2023-02-05T16:28:26","guid":{"rendered":"http:\/\/jcgqqhj.cluster030.hosting.ovh.net\/fr\/?page_id=4020"},"modified":"2023-08-18T10:39:13","modified_gmt":"2023-08-18T08:39:13","slug":"grace-webinaires","status":"publish","type":"page","link":"https:\/\/oiecinternational.com\/fr\/les-poles\/poleacademique\/grace-webinaires\/","title":{"rendered":"COLLABORATIONS"},"content":{"rendered":"\t\t<div data-elementor-type=\"wp-page\" data-elementor-id=\"4020\" class=\"elementor elementor-4020\">\n\t\t\t\t\t\t<section class=\"elementor-section elementor-top-section elementor-element elementor-element-90e7262 elementor-section-boxed elementor-section-height-default elementor-section-height-default\" data-id=\"90e7262\" data-element_type=\"section\">\n\t\t\t\t\t\t<div class=\"elementor-container elementor-column-gap-default\">\n\t\t\t\t\t<div class=\"elementor-column elementor-col-100 elementor-top-column elementor-element elementor-element-e73e1fb\" data-id=\"e73e1fb\" data-element_type=\"column\">\n\t\t\t<div class=\"elementor-widget-wrap elementor-element-populated\">\n\t\t\t\t\t\t<div class=\"elementor-element elementor-element-448d2cc elementor-widget elementor-widget-image\" data-id=\"448d2cc\" data-element_type=\"widget\" data-widget_type=\"image.default\">\n\t\t\t\t<div class=\"elementor-widget-container\">\n\t\t\t\t\t\t\t\t\t\t\t\t\t<img fetchpriority=\"high\" decoding=\"async\" width=\"800\" height=\"406\" src=\"https:\/\/oiecinternational.com\/fr\/wp-content\/uploads\/sites\/3\/2023\/02\/AdobeStock_122304730web.jpg\" class=\"attachment-full size-full wp-image-6219\" alt=\"\" srcset=\"https:\/\/oiecinternational.com\/fr\/wp-content\/uploads\/sites\/3\/2023\/02\/AdobeStock_122304730web.jpg 800w, https:\/\/oiecinternational.com\/fr\/wp-content\/uploads\/sites\/3\/2023\/02\/AdobeStock_122304730web-300x152.jpg 300w, https:\/\/oiecinternational.com\/fr\/wp-content\/uploads\/sites\/3\/2023\/02\/AdobeStock_122304730web-768x390.jpg 768w\" sizes=\"(max-width: 800px) 100vw, 800px\" \/>\t\t\t\t\t\t\t\t\t\t\t\t\t<\/div>\n\t\t\t\t<\/div>\n\t\t\t\t\t<\/div>\n\t\t<\/div>\n\t\t\t\t\t<\/div>\n\t\t<\/section>\n\t\t\t\t<section class=\"elementor-section elementor-top-section elementor-element elementor-element-63fcc2ab elementor-section-boxed elementor-section-height-default elementor-section-height-default\" data-id=\"63fcc2ab\" data-element_type=\"section\">\n\t\t\t\t\t\t<div class=\"elementor-container elementor-column-gap-default\">\n\t\t\t\t\t<div class=\"elementor-column elementor-col-100 elementor-top-column elementor-element elementor-element-54fb0429\" data-id=\"54fb0429\" data-element_type=\"column\">\n\t\t\t<div class=\"elementor-widget-wrap elementor-element-populated\">\n\t\t\t\t\t\t<div class=\"elementor-element elementor-element-35b3b820 elementor-widget elementor-widget-text-editor\" data-id=\"35b3b820\" data-element_type=\"widget\" data-widget_type=\"text-editor.default\">\n\t\t\t\t<div class=\"elementor-widget-container\">\n\t\t\t\t\t\t\t<h3>GLOBAL CATHOLIC EDUCATION NETWORK (R\u00e9seau mondial d&#8217;enseignement catholique)<\/h3>\n<p>L\u2019OIEC forme avec la F\u00e9d\u00e9ration internationale des universit\u00e9s catholiques (IFCU), l\u2019Organisation mondiale des anciens \u00e9l\u00e8ves de l\u2019enseignement catholique (OMAEC) et l\u2019Union mondiale des enseignants catholiques (UMEC), le r\u00e9seau mondial d\u2019enseignement catholique.<\/p>\n<p>Global Catholic Education informe et met en relation les \u00e9ducateurs catholiques du monde entier. Il leur fournit des donn\u00e9es, des analyses, des possibilit\u00e9s d\u2019apprentissage et d\u2019autres ressources pour les aider \u00e0 remplir leur mission en se concentrant particuli\u00e8rement sur les besoins et aspirations des plus pauvres et vuln\u00e9rables.\u00a0<\/p>\n<p>Le site Web du r\u00e9seau est :\u00a0<a href=\"https:\/\/fr.globalcatholiceducation.org\/\">https:\/\/fr.globalcatholiceducation.org\/<\/a><\/p>\n<p><!-- wp:paragraph --><\/p>\n<p><!-- \/wp:paragraph --><\/p>\t\t\t\t\t\t<\/div>\n\t\t\t\t<\/div>\n\t\t\t\t\t<\/div>\n\t\t<\/div>\n\t\t\t\t\t<\/div>\n\t\t<\/section>\n\t\t\t\t<section class=\"elementor-section elementor-top-section elementor-element elementor-element-ccfede3 elementor-section-boxed elementor-section-height-default elementor-section-height-default\" data-id=\"ccfede3\" data-element_type=\"section\">\n\t\t\t\t\t\t<div class=\"elementor-container elementor-column-gap-default\">\n\t\t\t\t\t<div class=\"elementor-column elementor-col-100 elementor-top-column elementor-element elementor-element-1794d03\" data-id=\"1794d03\" data-element_type=\"column\">\n\t\t\t<div class=\"elementor-widget-wrap elementor-element-populated\">\n\t\t\t\t\t\t<div class=\"elementor-element elementor-element-2a865a2 elementor-widget-divider--view-line elementor-widget elementor-widget-divider\" data-id=\"2a865a2\" data-element_type=\"widget\" data-widget_type=\"divider.default\">\n\t\t\t\t<div class=\"elementor-widget-container\">\n\t\t\t\t\t<div class=\"elementor-divider\">\n\t\t\t<span class=\"elementor-divider-separator\">\n\t\t\t\t\t\t<\/span>\n\t\t<\/div>\n\t\t\t\t<\/div>\n\t\t\t\t<\/div>\n\t\t\t\t\t<\/div>\n\t\t<\/div>\n\t\t\t\t\t<\/div>\n\t\t<\/section>\n\t\t\t\t<section class=\"elementor-section elementor-top-section elementor-element elementor-element-4938603 elementor-section-boxed elementor-section-height-default elementor-section-height-default\" data-id=\"4938603\" data-element_type=\"section\">\n\t\t\t\t\t\t<div class=\"elementor-container elementor-column-gap-default\">\n\t\t\t\t\t<div class=\"elementor-column elementor-col-100 elementor-top-column elementor-element elementor-element-373038c\" data-id=\"373038c\" data-element_type=\"column\">\n\t\t\t<div class=\"elementor-widget-wrap elementor-element-populated\">\n\t\t\t\t\t\t<div class=\"elementor-element elementor-element-620ca3a elementor-widget elementor-widget-text-editor\" data-id=\"620ca3a\" data-element_type=\"widget\" data-widget_type=\"text-editor.default\">\n\t\t\t\t<div class=\"elementor-widget-container\">\n\t\t\t\t\t\t\t<h2>G.R.A.C.E.<\/h2>\n<p>G.R.A.C.E. (Global Researchers Advancing Catholic Education) est un partenariat international bas\u00e9 sur la recherche entre le Mary Immaculate College Limerick en Irlande, le Boston College aux \u00c9tats-Unis, l&#8217;Universit\u00e9 de Notre Dame en Australie, la Saint Mary\u2019s University Twickenham au Royaume-Uni et l\u2019OIEC \u00e0 Rome. G.R.A.C.E. offre aux universitaires la possibilit\u00e9 de collaborer \u00e0 l&#8217;analyse des d\u00e9fis et des opportunit\u00e9s auxquels sont confront\u00e9es les \u00e9coles catholiques.<\/p>\n<p>Site web:\u00a0<a href=\"https:\/\/researchonline.nd.edu.au\/grace\/\">https:\/\/researchonline.nd.edu.au\/grace\/<\/a><\/p>\n<p>En tant que membre de G.R.A.C.E. , l&#8217;OIEC a propos\u00e9 diverses webinaires les ann\u00e9es pr\u00e9c\u00e9dentes :<\/p>\t\t\t\t\t\t<\/div>\n\t\t\t\t<\/div>\n\t\t\t\t\t<\/div>\n\t\t<\/div>\n\t\t\t\t\t<\/div>\n\t\t<\/section>\n\t\t\t\t<section class=\"elementor-section elementor-top-section elementor-element elementor-element-ad58d15 elementor-section-boxed elementor-section-height-default elementor-section-height-default\" data-id=\"ad58d15\" data-element_type=\"section\">\n\t\t\t\t\t\t<div class=\"elementor-container elementor-column-gap-default\">\n\t\t\t\t\t<div class=\"elementor-column elementor-col-50 elementor-top-column elementor-element elementor-element-7d536fc\" data-id=\"7d536fc\" data-element_type=\"column\">\n\t\t\t<div class=\"elementor-widget-wrap elementor-element-populated\">\n\t\t\t\t\t\t<div class=\"elementor-element elementor-element-a96240e elementor-widget elementor-widget-text-editor\" data-id=\"a96240e\" data-element_type=\"widget\" data-widget_type=\"text-editor.default\">\n\t\t\t\t<div class=\"elementor-widget-container\">\n\t\t\t\t\t\t\t<h3>Webinaire 1 &#8211; OIDEL \/ GPEN<\/h3>\n<h4><strong><em>&#8220;Exp\u00e9riences des \u00e9coles chr\u00e9tiennes pour r\u00e9pondre \u00e0 la crise de la COVID&#8221;<\/em>.<\/strong><\/h4>\n<h4><span style=\"color: #333333;\">Pour voir un enregistrement de l&#8217;\u00e9v\u00e9nement, veuillez cliquer ici:\u00a0<\/span><br \/><a href=\"https:\/\/youtu.be\/O9TB9CSc8ck\">Video GRACE Webinaire<\/a><strong><br \/><\/strong><\/h4>\t\t\t\t\t\t<\/div>\n\t\t\t\t<\/div>\n\t\t\t\t\t<\/div>\n\t\t<\/div>\n\t\t\t\t<div class=\"elementor-column elementor-col-50 elementor-top-column elementor-element elementor-element-1d24833\" data-id=\"1d24833\" data-element_type=\"column\">\n\t\t\t<div class=\"elementor-widget-wrap elementor-element-populated\">\n\t\t\t\t\t\t<div class=\"elementor-element elementor-element-c59688a elementor-widget elementor-widget-image\" data-id=\"c59688a\" data-element_type=\"widget\" data-widget_type=\"image.default\">\n\t\t\t\t<div class=\"elementor-widget-container\">\n\t\t\t\t\t\t\t\t\t\t\t\t\t<img decoding=\"async\" width=\"792\" height=\"1024\" src=\"https:\/\/oiecinternational.com\/fr\/wp-content\/uploads\/sites\/3\/2023\/02\/GRACE-Event-Nov1024_1.jpg\" class=\"attachment-full size-full wp-image-6220\" alt=\"\" srcset=\"https:\/\/oiecinternational.com\/fr\/wp-content\/uploads\/sites\/3\/2023\/02\/GRACE-Event-Nov1024_1.jpg 792w, https:\/\/oiecinternational.com\/fr\/wp-content\/uploads\/sites\/3\/2023\/02\/GRACE-Event-Nov1024_1-232x300.jpg 232w, https:\/\/oiecinternational.com\/fr\/wp-content\/uploads\/sites\/3\/2023\/02\/GRACE-Event-Nov1024_1-768x993.jpg 768w\" sizes=\"(max-width: 792px) 100vw, 792px\" \/>\t\t\t\t\t\t\t\t\t\t\t\t\t<\/div>\n\t\t\t\t<\/div>\n\t\t\t\t\t<\/div>\n\t\t<\/div>\n\t\t\t\t\t<\/div>\n\t\t<\/section>\n\t\t\t\t<section class=\"elementor-section elementor-top-section elementor-element elementor-element-9c2ff84 elementor-section-boxed elementor-section-height-default elementor-section-height-default\" data-id=\"9c2ff84\" data-element_type=\"section\">\n\t\t\t\t\t\t<div class=\"elementor-container elementor-column-gap-default\">\n\t\t\t\t\t<div class=\"elementor-column elementor-col-50 elementor-top-column elementor-element elementor-element-be2c16d\" data-id=\"be2c16d\" data-element_type=\"column\">\n\t\t\t<div class=\"elementor-widget-wrap elementor-element-populated\">\n\t\t\t\t\t\t<div class=\"elementor-element elementor-element-47e043d elementor-widget elementor-widget-image\" data-id=\"47e043d\" data-element_type=\"widget\" data-widget_type=\"image.default\">\n\t\t\t\t<div class=\"elementor-widget-container\">\n\t\t\t\t\t\t\t\t\t\t\t\t\t<img decoding=\"async\" width=\"478\" height=\"616\" src=\"https:\/\/oiecinternational.com\/fr\/wp-content\/uploads\/sites\/3\/2023\/02\/flyer-Grace-2.12.2020.jpg\" class=\"attachment-full size-full wp-image-6221\" alt=\"\" srcset=\"https:\/\/oiecinternational.com\/fr\/wp-content\/uploads\/sites\/3\/2023\/02\/flyer-Grace-2.12.2020.jpg 478w, https:\/\/oiecinternational.com\/fr\/wp-content\/uploads\/sites\/3\/2023\/02\/flyer-Grace-2.12.2020-233x300.jpg 233w\" sizes=\"(max-width: 478px) 100vw, 478px\" \/>\t\t\t\t\t\t\t\t\t\t\t\t\t<\/div>\n\t\t\t\t<\/div>\n\t\t\t\t\t<\/div>\n\t\t<\/div>\n\t\t\t\t<div class=\"elementor-column elementor-col-50 elementor-top-column elementor-element elementor-element-c584fcb\" data-id=\"c584fcb\" data-element_type=\"column\">\n\t\t\t<div class=\"elementor-widget-wrap elementor-element-populated\">\n\t\t\t\t\t\t<div class=\"elementor-element elementor-element-ff0e88e elementor-widget elementor-widget-text-editor\" data-id=\"ff0e88e\" data-element_type=\"widget\" data-widget_type=\"text-editor.default\">\n\t\t\t\t<div class=\"elementor-widget-container\">\n\t\t\t\t\t\t\t<h3>Webinaire 2 &#8211; OIEC \/ G.R.A.C.E (2 d\u00e9cembre 2020)\u00a0<\/h3>\n<h4><strong><em>\u00abLe c\u0153ur de l&#8217;\u00e9ducation catholique &#8211; Conversation avec le Dr Thomas H. Groome\u00bb.<\/em><\/strong><\/h4>\n<h4><span style=\"color: #333333;\">Pour voir un enregistrement de l&#8217;\u00e9v\u00e9nement, veuillez cliquer ici:\u00a0<\/span><br \/><a href=\"https:\/\/www.youtube.com\/watch?v=wf1F4B-Cy6k\">webinar 2 d\u00e9c.<\/a><\/h4>\t\t\t\t\t\t<\/div>\n\t\t\t\t<\/div>\n\t\t\t\t\t<\/div>\n\t\t<\/div>\n\t\t\t\t\t<\/div>\n\t\t<\/section>\n\t\t\t\t<section class=\"elementor-section elementor-top-section elementor-element elementor-element-83a76a4 elementor-section-boxed elementor-section-height-default elementor-section-height-default\" data-id=\"83a76a4\" data-element_type=\"section\">\n\t\t\t\t\t\t<div class=\"elementor-container elementor-column-gap-default\">\n\t\t\t\t\t<div class=\"elementor-column elementor-col-50 elementor-top-column elementor-element elementor-element-ee28ddd\" data-id=\"ee28ddd\" data-element_type=\"column\">\n\t\t\t<div class=\"elementor-widget-wrap elementor-element-populated\">\n\t\t\t\t\t\t<div class=\"elementor-element elementor-element-1e8bb7d elementor-widget elementor-widget-text-editor\" data-id=\"1e8bb7d\" data-element_type=\"widget\" data-widget_type=\"text-editor.default\">\n\t\t\t\t<div class=\"elementor-widget-container\">\n\t\t\t\t\t\t\t<h3>Webinaire 3 &#8211; G.R.A.C.E. \/ OIEC \/ IFCU &#8211; 19 janvier 2021<\/h3>\n<h4><em><strong>Au-del\u00e0 des scores des tests: mesurer les contributions des \u00e9coles catholiques et des Universit\u00e9s<\/strong><\/em><\/h4>\n<h4><span style=\"color: #333333;\">Pour voir un enregistrement de l&#8217;\u00e9v\u00e9nement, veuillez cliquer ici:\u00a0<\/span><br \/><a href=\"https:\/\/youtu.be\/51V7_VZVBOY\">enregistrement.<\/a> (en Anglais<\/h4>\t\t\t\t\t\t<\/div>\n\t\t\t\t<\/div>\n\t\t\t\t\t<\/div>\n\t\t<\/div>\n\t\t\t\t<div class=\"elementor-column elementor-col-50 elementor-top-column elementor-element elementor-element-0303145\" data-id=\"0303145\" data-element_type=\"column\">\n\t\t\t<div class=\"elementor-widget-wrap elementor-element-populated\">\n\t\t\t\t\t\t<div class=\"elementor-element elementor-element-f9cdc9c elementor-widget elementor-widget-image\" data-id=\"f9cdc9c\" data-element_type=\"widget\" data-widget_type=\"image.default\">\n\t\t\t\t<div class=\"elementor-widget-container\">\n\t\t\t\t\t\t\t\t\t\t\t\t\t<img loading=\"lazy\" decoding=\"async\" width=\"2667\" height=\"1500\" src=\"https:\/\/oiecinternational.com\/fr\/wp-content\/uploads\/sites\/3\/2023\/02\/Beyond-Test-Scores-Twitter-with-cosponsors-gce136604.png\" class=\"attachment-full size-full wp-image-6222\" alt=\"\" srcset=\"https:\/\/oiecinternational.com\/fr\/wp-content\/uploads\/sites\/3\/2023\/02\/Beyond-Test-Scores-Twitter-with-cosponsors-gce136604.png 2667w, https:\/\/oiecinternational.com\/fr\/wp-content\/uploads\/sites\/3\/2023\/02\/Beyond-Test-Scores-Twitter-with-cosponsors-gce136604-300x169.png 300w, https:\/\/oiecinternational.com\/fr\/wp-content\/uploads\/sites\/3\/2023\/02\/Beyond-Test-Scores-Twitter-with-cosponsors-gce136604-1024x576.png 1024w, https:\/\/oiecinternational.com\/fr\/wp-content\/uploads\/sites\/3\/2023\/02\/Beyond-Test-Scores-Twitter-with-cosponsors-gce136604-768x432.png 768w, https:\/\/oiecinternational.com\/fr\/wp-content\/uploads\/sites\/3\/2023\/02\/Beyond-Test-Scores-Twitter-with-cosponsors-gce136604-1536x864.png 1536w, https:\/\/oiecinternational.com\/fr\/wp-content\/uploads\/sites\/3\/2023\/02\/Beyond-Test-Scores-Twitter-with-cosponsors-gce136604-2048x1152.png 2048w\" sizes=\"(max-width: 2667px) 100vw, 2667px\" \/>\t\t\t\t\t\t\t\t\t\t\t\t\t<\/div>\n\t\t\t\t<\/div>\n\t\t\t\t\t<\/div>\n\t\t<\/div>\n\t\t\t\t\t<\/div>\n\t\t<\/section>\n\t\t\t\t<section class=\"elementor-section elementor-top-section elementor-element elementor-element-85b5346 elementor-section-boxed elementor-section-height-default elementor-section-height-default\" data-id=\"85b5346\" data-element_type=\"section\">\n\t\t\t\t\t\t<div class=\"elementor-container elementor-column-gap-default\">\n\t\t\t\t\t<div class=\"elementor-column elementor-col-50 elementor-top-column elementor-element elementor-element-e8eda58\" data-id=\"e8eda58\" data-element_type=\"column\">\n\t\t\t<div class=\"elementor-widget-wrap elementor-element-populated\">\n\t\t\t\t\t\t<div class=\"elementor-element elementor-element-3eda92a elementor-widget elementor-widget-image\" data-id=\"3eda92a\" data-element_type=\"widget\" data-widget_type=\"image.default\">\n\t\t\t\t<div class=\"elementor-widget-container\">\n\t\t\t\t\t\t\t\t\t\t\t\t\t<img loading=\"lazy\" decoding=\"async\" width=\"2667\" height=\"1500\" src=\"https:\/\/oiecinternational.com\/fr\/wp-content\/uploads\/sites\/3\/2023\/02\/Learning-Poverty-Twitter-cosponsor-gce136605.png\" class=\"attachment-full size-full wp-image-6223\" alt=\"\" srcset=\"https:\/\/oiecinternational.com\/fr\/wp-content\/uploads\/sites\/3\/2023\/02\/Learning-Poverty-Twitter-cosponsor-gce136605.png 2667w, https:\/\/oiecinternational.com\/fr\/wp-content\/uploads\/sites\/3\/2023\/02\/Learning-Poverty-Twitter-cosponsor-gce136605-300x169.png 300w, https:\/\/oiecinternational.com\/fr\/wp-content\/uploads\/sites\/3\/2023\/02\/Learning-Poverty-Twitter-cosponsor-gce136605-1024x576.png 1024w, https:\/\/oiecinternational.com\/fr\/wp-content\/uploads\/sites\/3\/2023\/02\/Learning-Poverty-Twitter-cosponsor-gce136605-768x432.png 768w, https:\/\/oiecinternational.com\/fr\/wp-content\/uploads\/sites\/3\/2023\/02\/Learning-Poverty-Twitter-cosponsor-gce136605-1536x864.png 1536w, https:\/\/oiecinternational.com\/fr\/wp-content\/uploads\/sites\/3\/2023\/02\/Learning-Poverty-Twitter-cosponsor-gce136605-2048x1152.png 2048w\" sizes=\"(max-width: 2667px) 100vw, 2667px\" \/>\t\t\t\t\t\t\t\t\t\t\t\t\t<\/div>\n\t\t\t\t<\/div>\n\t\t\t\t\t<\/div>\n\t\t<\/div>\n\t\t\t\t<div class=\"elementor-column elementor-col-50 elementor-top-column elementor-element elementor-element-0ce219b\" data-id=\"0ce219b\" data-element_type=\"column\">\n\t\t\t<div class=\"elementor-widget-wrap elementor-element-populated\">\n\t\t\t\t\t\t<div class=\"elementor-element elementor-element-3c54621 elementor-widget elementor-widget-text-editor\" data-id=\"3c54621\" data-element_type=\"widget\" data-widget_type=\"text-editor.default\">\n\t\t\t\t<div class=\"elementor-widget-container\">\n\t\t\t\t\t\t\t<h3>Webinaire 4 &#8211; G.R.A.C.E. \/ OIEC \/ IFCU<\/h3>\n<h4>Pauvret\u00e9 d&#8217;apprentissage et pluralisme \u00e9ducatif: le rapport mondial sur l&#8217;\u00e9ducation catholique 2021<\/h4>\n<h4><span style=\"color: #333333;\">Pour voir un enregistrement de l&#8217;\u00e9v\u00e9nement, veuillez cliquer ici:\u00a0<\/span><br \/><a href=\"https:\/\/youtu.be\/WYk60aZrgoA\">enregistrement\u00a0<\/a>(en Anglais)<\/h4>\n<h4>\u00a0<\/h4>\t\t\t\t\t\t<\/div>\n\t\t\t\t<\/div>\n\t\t\t\t\t<\/div>\n\t\t<\/div>\n\t\t\t\t\t<\/div>\n\t\t<\/section>\n\t\t\t\t<section class=\"elementor-section elementor-top-section elementor-element elementor-element-553bad5 elementor-section-boxed elementor-section-height-default elementor-section-height-default\" data-id=\"553bad5\" data-element_type=\"section\">\n\t\t\t\t\t\t<div class=\"elementor-container elementor-column-gap-default\">\n\t\t\t\t\t<div class=\"elementor-column elementor-col-100 elementor-top-column elementor-element elementor-element-c708cb4\" data-id=\"c708cb4\" data-element_type=\"column\">\n\t\t\t<div class=\"elementor-widget-wrap elementor-element-populated\">\n\t\t\t\t\t\t<div class=\"elementor-element elementor-element-4a39ef6 elementor-widget-divider--view-line elementor-widget elementor-widget-divider\" data-id=\"4a39ef6\" data-element_type=\"widget\" data-widget_type=\"divider.default\">\n\t\t\t\t<div class=\"elementor-widget-container\">\n\t\t\t\t\t<div class=\"elementor-divider\">\n\t\t\t<span class=\"elementor-divider-separator\">\n\t\t\t\t\t\t<\/span>\n\t\t<\/div>\n\t\t\t\t<\/div>\n\t\t\t\t<\/div>\n\t\t\t\t\t<\/div>\n\t\t<\/div>\n\t\t\t\t\t<\/div>\n\t\t<\/section>\n\t\t\t\t<section class=\"elementor-section elementor-top-section elementor-element elementor-element-a8487e7 elementor-section-boxed elementor-section-height-default elementor-section-height-default\" data-id=\"a8487e7\" data-element_type=\"section\">\n\t\t\t\t\t\t<div class=\"elementor-container elementor-column-gap-default\">\n\t\t\t\t\t<div class=\"elementor-column elementor-col-100 elementor-top-column elementor-element elementor-element-8949fe1\" data-id=\"8949fe1\" data-element_type=\"column\">\n\t\t\t<div class=\"elementor-widget-wrap elementor-element-populated\">\n\t\t\t\t\t\t<div class=\"elementor-element elementor-element-30ea92f elementor-widget elementor-widget-text-editor\" data-id=\"30ea92f\" data-element_type=\"widget\" data-widget_type=\"text-editor.default\">\n\t\t\t\t<div class=\"elementor-widget-container\">\n\t\t\t\t\t\t\t<h2><em>OIEC &#8211; GPEN REFORMATION<\/em> THINK TANK<\/h2>\n<p>L&#8217;OIEC et le GPEN (Global Pedagogical Network &#8211; https:\/\/www.gpenreformation.net\/) ont mis en place un groupe de r\u00e9flexion dans lequel catholiques et protestants discutent de probl\u00e8mes communs concernant les \u00e9coles et l&#8217;\u00e9ducation chr\u00e9tienne. Il travaille sur un papier qui permet aux \u00e9coles catholiques et protestantes de mieux travailler ensemble, et en particulier au sein des organisations internationales.<\/p>\n<p>Un premier document est &#8220;<em>LES \u00c9COLES CHR\u00c9TIENNES ET LES FUTURS DE L\u2019\u00c9DUCATION: une contribution \u00e0 la Commission des futurs de l\u2019\u00e9ducation de l\u2019UNESCO&#8221; <\/em><em>par l&#8217;Office international de l&#8217;Enseignement Catholique et le R\u00e9seau p\u00e9dagogique mondial &#8211; Joining in Reformation:<\/em><\/p>\n<p><a href=\"http:\/\/oiecinternational.com\/fr\/wp-content\/uploads\/sites\/3\/2020\/12\/OIEC-GPENR-contribution.pdf\">OIEC-GPENR contribution<\/a><\/p>\t\t\t\t\t\t<\/div>\n\t\t\t\t<\/div>\n\t\t\t\t\t<\/div>\n\t\t<\/div>\n\t\t\t\t\t<\/div>\n\t\t<\/section>\n\t\t\t\t<\/div>\n\t\t","protected":false},"excerpt":{"rendered":"<p>GLOBAL CATHOLIC EDUCATION NETWORK (R\u00e9seau mondial d&#8217;enseignement catholique) L\u2019OIEC forme avec la F\u00e9d\u00e9ration internationale des universit\u00e9s catholiques (IFCU), l\u2019Organisation mondiale des anciens \u00e9l\u00e8ves de l\u2019enseignement catholique (OMAEC) et l\u2019Union mondiale des enseignants catholiques (UMEC), le r\u00e9seau mondial d\u2019enseignement catholique. Global Catholic Education informe et met en relation les \u00e9ducateurs catholiques du monde entier. Il leur fournit des donn\u00e9es, des analyses,&#8230;<\/p>\n","protected":false},"author":3,"featured_media":0,"parent":5918,"menu_order":0,"comment_status":"closed","ping_status":"closed","template":"","meta":{"_eb_attr":"","footnotes":""},"class_list":["post-4020","page","type-page","status-publish","hentry"],"_links":{"self":[{"href":"https:\/\/oiecinternational.com\/fr\/wp-json\/wp\/v2\/pages\/4020"}],"collection":[{"href":"https:\/\/oiecinternational.com\/fr\/wp-json\/wp\/v2\/pages"}],"about":[{"href":"https:\/\/oiecinternational.com\/fr\/wp-json\/wp\/v2\/types\/page"}],"author":[{"embeddable":true,"href":"https:\/\/oiecinternational.com\/fr\/wp-json\/wp\/v2\/users\/3"}],"replies":[{"embeddable":true,"href":"https:\/\/oiecinternational.com\/fr\/wp-json\/wp\/v2\/comments?post=4020"}],"version-history":[{"count":0,"href":"https:\/\/oiecinternational.com\/fr\/wp-json\/wp\/v2\/pages\/4020\/revisions"}],"up":[{"embeddable":true,"href":"https:\/\/oiecinternational.com\/fr\/wp-json\/wp\/v2\/pages\/5918"}],"wp:attachment":[{"href":"https:\/\/oiecinternational.com\/fr\/wp-json\/wp\/v2\/media?parent=4020"}],"curies":[{"name":"wp","href":"https:\/\/api.w.org\/{rel}","templated":true}]}}