{"id":4146,"date":"2023-02-10T12:08:03","date_gmt":"2023-02-10T11:08:03","guid":{"rendered":"http:\/\/jcgqqhj.cluster030.hosting.ovh.net\/fr\/?page_id=4146"},"modified":"2025-07-23T18:13:33","modified_gmt":"2025-07-23T16:13:33","slug":"newsletters","status":"publish","type":"page","link":"https:\/\/oiecinternational.com\/fr\/les-ressources\/newsletters\/","title":{"rendered":"NEWSLETTERS DE L&#8217;OIEC"},"content":{"rendered":"\t\t<div data-elementor-type=\"wp-page\" data-elementor-id=\"4146\" class=\"elementor elementor-4146\">\n\t\t\t\t\t\t<section class=\"elementor-section elementor-top-section elementor-element elementor-element-fbc5e25 elementor-section-boxed elementor-section-height-default elementor-section-height-default\" data-id=\"fbc5e25\" data-element_type=\"section\">\n\t\t\t\t\t\t<div class=\"elementor-container elementor-column-gap-default\">\n\t\t\t\t\t<div class=\"elementor-column elementor-col-100 elementor-top-column elementor-element elementor-element-217c025\" data-id=\"217c025\" data-element_type=\"column\">\n\t\t\t<div class=\"elementor-widget-wrap elementor-element-populated\">\n\t\t\t\t\t\t<div class=\"elementor-element elementor-element-a270847 elementor-invisible elementor-widget elementor-widget-image\" data-id=\"a270847\" data-element_type=\"widget\" data-settings=\"{&quot;_animation&quot;:&quot;zoomIn&quot;}\" data-widget_type=\"image.default\">\n\t\t\t\t<div class=\"elementor-widget-container\">\n\t\t\t\t\t\t\t\t\t\t\t\t\t<img fetchpriority=\"high\" decoding=\"async\" width=\"800\" height=\"309\" src=\"https:\/\/oiecinternational.com\/fr\/wp-content\/uploads\/sites\/3\/2023\/02\/AdobeStock_133492249web.jpg\" class=\"attachment-full size-full wp-image-6208\" alt=\"\" srcset=\"https:\/\/oiecinternational.com\/fr\/wp-content\/uploads\/sites\/3\/2023\/02\/AdobeStock_133492249web.jpg 800w, https:\/\/oiecinternational.com\/fr\/wp-content\/uploads\/sites\/3\/2023\/02\/AdobeStock_133492249web-300x116.jpg 300w, https:\/\/oiecinternational.com\/fr\/wp-content\/uploads\/sites\/3\/2023\/02\/AdobeStock_133492249web-768x297.jpg 768w\" sizes=\"(max-width: 800px) 100vw, 800px\" \/>\t\t\t\t\t\t\t\t\t\t\t\t\t<\/div>\n\t\t\t\t<\/div>\n\t\t\t\t\t<\/div>\n\t\t<\/div>\n\t\t\t\t\t<\/div>\n\t\t<\/section>\n\t\t\t\t<section class=\"elementor-section elementor-top-section elementor-element elementor-element-1cd1beb0 elementor-section-boxed elementor-section-height-default elementor-section-height-default\" data-id=\"1cd1beb0\" data-element_type=\"section\">\n\t\t\t\t\t\t<div class=\"elementor-container elementor-column-gap-default\">\n\t\t\t\t\t<div class=\"elementor-column elementor-col-100 elementor-top-column elementor-element elementor-element-11a87785\" data-id=\"11a87785\" data-element_type=\"column\">\n\t\t\t<div class=\"elementor-widget-wrap elementor-element-populated\">\n\t\t\t\t\t\t<div class=\"elementor-element elementor-element-26cfc8ca elementor-widget elementor-widget-text-editor\" data-id=\"26cfc8ca\" data-element_type=\"widget\" data-widget_type=\"text-editor.default\">\n\t\t\t\t<div class=\"elementor-widget-container\">\n\t\t\t\t\t\t\t<h2 style=\"text-align: center;\">La Newsletter de l&#8217;OIEC<\/h2>\n<h4>\u00a0<\/h4>\n<h4 style=\"text-align: center;\"><span style=\"color: #333333;\">L&#8217;OIEC publie r\u00e9guli\u00e8rement un bulletin pour ses membres et tous ceux qui s&#8217;int\u00e9ressent \u00e0 l&#8217;organisation et \u00e0 ses activit\u00e9s.\u00a0<\/span><\/h4>\n<p style=\"text-align: center;\">Outre un avant-propos du Secr\u00e9taire g\u00e9n\u00e9ral, le bulletin contient g\u00e9n\u00e9ralement de nombreux rapports sur les projets de l&#8217;organisation, ses publications, ses engagements, les r\u00e9unions statutaires de ses membres et de ses institutions, les annonces de ses \u00e9v\u00e9nements, etc.<\/p>\n<h4 style=\"text-align: center;\"><strong>OIEC vous souhaite une bonne lecture !<\/strong><\/h4>\n<p>\u00a0<\/p>\n<!-- \/wp:paragraph -->\t\t\t\t\t\t<\/div>\n\t\t\t\t<\/div>\n\t\t\t\t\t<\/div>\n\t\t<\/div>\n\t\t\t\t\t<\/div>\n\t\t<\/section>\n\t\t\t\t<section class=\"elementor-section elementor-top-section elementor-element elementor-element-99d5164 elementor-section-boxed elementor-section-height-default elementor-section-height-default\" data-id=\"99d5164\" data-element_type=\"section\">\n\t\t\t\t\t\t<div class=\"elementor-container elementor-column-gap-default\">\n\t\t\t\t\t<div class=\"elementor-column elementor-col-33 elementor-top-column elementor-element elementor-element-25cc828\" data-id=\"25cc828\" data-element_type=\"column\">\n\t\t\t<div class=\"elementor-widget-wrap elementor-element-populated\">\n\t\t\t\t\t\t<div class=\"elementor-element elementor-element-8896da0 elementor-position-top elementor-widget elementor-widget-image-box\" data-id=\"8896da0\" data-element_type=\"widget\" data-widget_type=\"image-box.default\">\n\t\t\t\t<div class=\"elementor-widget-container\">\n\t\t\t<div class=\"elementor-image-box-wrapper\"><figure class=\"elementor-image-box-img\"><a href=\"https:\/\/drive.google.com\/file\/d\/1D2VsMXilUgWcZrCZ8StjjmbxRXIjsIgE\/view?usp=drive_link\" tabindex=\"-1\"><img decoding=\"async\" width=\"1240\" height=\"1754\" src=\"https:\/\/oiecinternational.com\/fr\/wp-content\/uploads\/sites\/3\/2025\/07\/Newsletter-OIEC-2025-07-FR.png\" class=\"attachment-full size-full wp-image-8257\" alt=\"\" srcset=\"https:\/\/oiecinternational.com\/fr\/wp-content\/uploads\/sites\/3\/2025\/07\/Newsletter-OIEC-2025-07-FR.png 1240w, https:\/\/oiecinternational.com\/fr\/wp-content\/uploads\/sites\/3\/2025\/07\/Newsletter-OIEC-2025-07-FR-212x300.png 212w, https:\/\/oiecinternational.com\/fr\/wp-content\/uploads\/sites\/3\/2025\/07\/Newsletter-OIEC-2025-07-FR-724x1024.png 724w, https:\/\/oiecinternational.com\/fr\/wp-content\/uploads\/sites\/3\/2025\/07\/Newsletter-OIEC-2025-07-FR-768x1086.png 768w, https:\/\/oiecinternational.com\/fr\/wp-content\/uploads\/sites\/3\/2025\/07\/Newsletter-OIEC-2025-07-FR-1086x1536.png 1086w\" sizes=\"(max-width: 1240px) 100vw, 1240px\" \/><\/a><\/figure><div class=\"elementor-image-box-content\"><h4 class=\"elementor-image-box-title\"><a href=\"https:\/\/drive.google.com\/file\/d\/1D2VsMXilUgWcZrCZ8StjjmbxRXIjsIgE\/view?usp=drive_link\">Juillet 2025<\/a><\/h4><\/div><\/div>\t\t<\/div>\n\t\t\t\t<\/div>\n\t\t\t\t\t<\/div>\n\t\t<\/div>\n\t\t\t\t<div class=\"elementor-column elementor-col-33 elementor-top-column elementor-element elementor-element-29b05fb\" data-id=\"29b05fb\" data-element_type=\"column\">\n\t\t\t<div class=\"elementor-widget-wrap elementor-element-populated\">\n\t\t\t\t\t\t<div class=\"elementor-element elementor-element-e6ec061 elementor-position-top elementor-widget elementor-widget-image-box\" data-id=\"e6ec061\" data-element_type=\"widget\" data-widget_type=\"image-box.default\">\n\t\t\t\t<div class=\"elementor-widget-container\">\n\t\t\t<div class=\"elementor-image-box-wrapper\"><figure class=\"elementor-image-box-img\"><a href=\"https:\/\/drive.google.com\/file\/d\/1oK1aP9YAwhOoDqM6FbrvCZFtkyEKDHgi\/view?usp=drive_link\" tabindex=\"-1\"><img decoding=\"async\" width=\"2480\" height=\"3508\" src=\"https:\/\/oiecinternational.com\/fr\/wp-content\/uploads\/sites\/3\/2025\/04\/Newsletter-OIEC-2025-04-FR.png\" class=\"attachment-full size-full wp-image-8087\" alt=\"\" srcset=\"https:\/\/oiecinternational.com\/fr\/wp-content\/uploads\/sites\/3\/2025\/04\/Newsletter-OIEC-2025-04-FR.png 2480w, https:\/\/oiecinternational.com\/fr\/wp-content\/uploads\/sites\/3\/2025\/04\/Newsletter-OIEC-2025-04-FR-212x300.png 212w, https:\/\/oiecinternational.com\/fr\/wp-content\/uploads\/sites\/3\/2025\/04\/Newsletter-OIEC-2025-04-FR-724x1024.png 724w, https:\/\/oiecinternational.com\/fr\/wp-content\/uploads\/sites\/3\/2025\/04\/Newsletter-OIEC-2025-04-FR-768x1086.png 768w, https:\/\/oiecinternational.com\/fr\/wp-content\/uploads\/sites\/3\/2025\/04\/Newsletter-OIEC-2025-04-FR-1086x1536.png 1086w, https:\/\/oiecinternational.com\/fr\/wp-content\/uploads\/sites\/3\/2025\/04\/Newsletter-OIEC-2025-04-FR-1448x2048.png 1448w\" sizes=\"(max-width: 2480px) 100vw, 2480px\" \/><\/a><\/figure><div class=\"elementor-image-box-content\"><h4 class=\"elementor-image-box-title\"><a href=\"https:\/\/drive.google.com\/file\/d\/1oK1aP9YAwhOoDqM6FbrvCZFtkyEKDHgi\/view?usp=drive_link\">Avril 2025<\/a><\/h4><\/div><\/div>\t\t<\/div>\n\t\t\t\t<\/div>\n\t\t\t\t\t<\/div>\n\t\t<\/div>\n\t\t\t\t<div class=\"elementor-column elementor-col-33 elementor-top-column elementor-element elementor-element-2137001\" data-id=\"2137001\" data-element_type=\"column\">\n\t\t\t<div class=\"elementor-widget-wrap elementor-element-populated\">\n\t\t\t\t\t\t<div class=\"elementor-element elementor-element-02c88ad elementor-position-top elementor-widget elementor-widget-image-box\" data-id=\"02c88ad\" data-element_type=\"widget\" data-widget_type=\"image-box.default\">\n\t\t\t\t<div class=\"elementor-widget-container\">\n\t\t\t<div class=\"elementor-image-box-wrapper\"><figure class=\"elementor-image-box-img\"><a href=\"https:\/\/drive.google.com\/file\/d\/1nwe2Y-p5W6afx3bgu961cFKg9AOemb9c\/view?usp=drive_link\" tabindex=\"-1\"><img loading=\"lazy\" decoding=\"async\" width=\"2480\" height=\"3508\" src=\"https:\/\/oiecinternational.com\/fr\/wp-content\/uploads\/sites\/3\/2024\/11\/Newsletter-OIEC-2024-10-FR.png\" class=\"attachment-full size-full wp-image-7968\" alt=\"\" srcset=\"https:\/\/oiecinternational.com\/fr\/wp-content\/uploads\/sites\/3\/2024\/11\/Newsletter-OIEC-2024-10-FR.png 2480w, https:\/\/oiecinternational.com\/fr\/wp-content\/uploads\/sites\/3\/2024\/11\/Newsletter-OIEC-2024-10-FR-212x300.png 212w, https:\/\/oiecinternational.com\/fr\/wp-content\/uploads\/sites\/3\/2024\/11\/Newsletter-OIEC-2024-10-FR-724x1024.png 724w, https:\/\/oiecinternational.com\/fr\/wp-content\/uploads\/sites\/3\/2024\/11\/Newsletter-OIEC-2024-10-FR-768x1086.png 768w, https:\/\/oiecinternational.com\/fr\/wp-content\/uploads\/sites\/3\/2024\/11\/Newsletter-OIEC-2024-10-FR-1086x1536.png 1086w, https:\/\/oiecinternational.com\/fr\/wp-content\/uploads\/sites\/3\/2024\/11\/Newsletter-OIEC-2024-10-FR-1448x2048.png 1448w\" sizes=\"(max-width: 2480px) 100vw, 2480px\" \/><\/a><\/figure><div class=\"elementor-image-box-content\"><h4 class=\"elementor-image-box-title\"><a href=\"https:\/\/drive.google.com\/file\/d\/1nwe2Y-p5W6afx3bgu961cFKg9AOemb9c\/view?usp=drive_link\">Novembre 2024<\/a><\/h4><\/div><\/div>\t\t<\/div>\n\t\t\t\t<\/div>\n\t\t\t\t\t<\/div>\n\t\t<\/div>\n\t\t\t\t\t<\/div>\n\t\t<\/section>\n\t\t\t\t<section class=\"elementor-section elementor-top-section elementor-element elementor-element-1b85095 elementor-section-boxed elementor-section-height-default elementor-section-height-default\" data-id=\"1b85095\" data-element_type=\"section\">\n\t\t\t\t\t\t<div class=\"elementor-container elementor-column-gap-default\">\n\t\t\t\t\t<div class=\"elementor-column elementor-col-33 elementor-top-column elementor-element elementor-element-0bc79ee\" data-id=\"0bc79ee\" data-element_type=\"column\">\n\t\t\t<div class=\"elementor-widget-wrap elementor-element-populated\">\n\t\t\t\t\t\t<div class=\"elementor-element elementor-element-f8a62fd elementor-position-top elementor-widget elementor-widget-image-box\" data-id=\"f8a62fd\" data-element_type=\"widget\" data-widget_type=\"image-box.default\">\n\t\t\t\t<div class=\"elementor-widget-container\">\n\t\t\t<div class=\"elementor-image-box-wrapper\"><figure class=\"elementor-image-box-img\"><a href=\"https:\/\/drive.google.com\/file\/d\/1m_onNfDc0FO3mtoWidShZVGMtGKzVDzQ\/view?usp=drive_link\" tabindex=\"-1\"><img loading=\"lazy\" decoding=\"async\" width=\"1034\" height=\"1452\" src=\"https:\/\/oiecinternational.com\/fr\/wp-content\/uploads\/sites\/3\/2024\/07\/NEWS0724FR.png\" class=\"attachment-full size-full wp-image-7862\" alt=\"\" srcset=\"https:\/\/oiecinternational.com\/fr\/wp-content\/uploads\/sites\/3\/2024\/07\/NEWS0724FR.png 1034w, https:\/\/oiecinternational.com\/fr\/wp-content\/uploads\/sites\/3\/2024\/07\/NEWS0724FR-214x300.png 214w, https:\/\/oiecinternational.com\/fr\/wp-content\/uploads\/sites\/3\/2024\/07\/NEWS0724FR-729x1024.png 729w, https:\/\/oiecinternational.com\/fr\/wp-content\/uploads\/sites\/3\/2024\/07\/NEWS0724FR-768x1078.png 768w\" sizes=\"(max-width: 1034px) 100vw, 1034px\" \/><\/a><\/figure><div class=\"elementor-image-box-content\"><h4 class=\"elementor-image-box-title\"><a href=\"https:\/\/drive.google.com\/file\/d\/1m_onNfDc0FO3mtoWidShZVGMtGKzVDzQ\/view?usp=drive_link\">Juillet 2024<\/a><\/h4><\/div><\/div>\t\t<\/div>\n\t\t\t\t<\/div>\n\t\t\t\t\t<\/div>\n\t\t<\/div>\n\t\t\t\t<div class=\"elementor-column elementor-col-33 elementor-top-column elementor-element elementor-element-7a279d1\" data-id=\"7a279d1\" data-element_type=\"column\">\n\t\t\t<div class=\"elementor-widget-wrap elementor-element-populated\">\n\t\t\t\t\t\t<div class=\"elementor-element elementor-element-cd81829 elementor-position-top elementor-widget elementor-widget-image-box\" data-id=\"cd81829\" data-element_type=\"widget\" data-widget_type=\"image-box.default\">\n\t\t\t\t<div class=\"elementor-widget-container\">\n\t\t\t<div class=\"elementor-image-box-wrapper\"><figure class=\"elementor-image-box-img\"><a href=\"https:\/\/drive.google.com\/file\/d\/1DG1eA-aBXvwY_4anbhlX55bCJA1EvY50\/view?usp=drive_link\" tabindex=\"-1\"><img loading=\"lazy\" decoding=\"async\" width=\"1034\" height=\"1460\" src=\"https:\/\/oiecinternational.com\/fr\/wp-content\/uploads\/sites\/3\/2024\/07\/NEWS0324FR.png\" class=\"attachment-full size-full wp-image-7870\" alt=\"\" srcset=\"https:\/\/oiecinternational.com\/fr\/wp-content\/uploads\/sites\/3\/2024\/07\/NEWS0324FR.png 1034w, https:\/\/oiecinternational.com\/fr\/wp-content\/uploads\/sites\/3\/2024\/07\/NEWS0324FR-212x300.png 212w, https:\/\/oiecinternational.com\/fr\/wp-content\/uploads\/sites\/3\/2024\/07\/NEWS0324FR-725x1024.png 725w, https:\/\/oiecinternational.com\/fr\/wp-content\/uploads\/sites\/3\/2024\/07\/NEWS0324FR-768x1084.png 768w\" sizes=\"(max-width: 1034px) 100vw, 1034px\" \/><\/a><\/figure><div class=\"elementor-image-box-content\"><h4 class=\"elementor-image-box-title\"><a href=\"https:\/\/drive.google.com\/file\/d\/1DG1eA-aBXvwY_4anbhlX55bCJA1EvY50\/view?usp=drive_link\">Mars 2024<\/a><\/h4><\/div><\/div>\t\t<\/div>\n\t\t\t\t<\/div>\n\t\t\t\t\t<\/div>\n\t\t<\/div>\n\t\t\t\t<div class=\"elementor-column elementor-col-33 elementor-top-column elementor-element elementor-element-63c8cba\" data-id=\"63c8cba\" data-element_type=\"column\">\n\t\t\t<div class=\"elementor-widget-wrap elementor-element-populated\">\n\t\t\t\t\t\t<div class=\"elementor-element elementor-element-261efb1 elementor-position-top elementor-widget elementor-widget-image-box\" data-id=\"261efb1\" data-element_type=\"widget\" data-widget_type=\"image-box.default\">\n\t\t\t\t<div class=\"elementor-widget-container\">\n\t\t\t<div class=\"elementor-image-box-wrapper\"><figure class=\"elementor-image-box-img\"><a href=\"https:\/\/drive.google.com\/file\/d\/1lIChD3MDkJ_dCkJG90OIBMGWtFupWgU4\/view?usp=drive_link\" tabindex=\"-1\"><img loading=\"lazy\" decoding=\"async\" width=\"944\" height=\"1338\" src=\"https:\/\/oiecinternational.com\/fr\/wp-content\/uploads\/sites\/3\/2024\/01\/newsFR.png\" class=\"attachment-full size-full wp-image-7614\" alt=\"\" srcset=\"https:\/\/oiecinternational.com\/fr\/wp-content\/uploads\/sites\/3\/2024\/01\/newsFR.png 944w, https:\/\/oiecinternational.com\/fr\/wp-content\/uploads\/sites\/3\/2024\/01\/newsFR-212x300.png 212w, https:\/\/oiecinternational.com\/fr\/wp-content\/uploads\/sites\/3\/2024\/01\/newsFR-722x1024.png 722w, https:\/\/oiecinternational.com\/fr\/wp-content\/uploads\/sites\/3\/2024\/01\/newsFR-768x1089.png 768w\" sizes=\"(max-width: 944px) 100vw, 944px\" \/><\/a><\/figure><div class=\"elementor-image-box-content\"><h4 class=\"elementor-image-box-title\"><a href=\"https:\/\/drive.google.com\/file\/d\/1lIChD3MDkJ_dCkJG90OIBMGWtFupWgU4\/view?usp=drive_link\">D\u00e9cembre 2023<\/a><\/h4><\/div><\/div>\t\t<\/div>\n\t\t\t\t<\/div>\n\t\t\t\t\t<\/div>\n\t\t<\/div>\n\t\t\t\t\t<\/div>\n\t\t<\/section>\n\t\t\t\t<section class=\"elementor-section elementor-top-section elementor-element elementor-element-dba5323 elementor-section-boxed elementor-section-height-default elementor-section-height-default\" data-id=\"dba5323\" data-element_type=\"section\">\n\t\t\t\t\t\t<div class=\"elementor-container elementor-column-gap-default\">\n\t\t\t\t\t<div class=\"elementor-column elementor-col-33 elementor-top-column elementor-element elementor-element-6337a9d\" data-id=\"6337a9d\" data-element_type=\"column\">\n\t\t\t<div class=\"elementor-widget-wrap elementor-element-populated\">\n\t\t\t\t\t\t<div class=\"elementor-element elementor-element-02f2c97 elementor-position-top elementor-widget elementor-widget-image-box\" data-id=\"02f2c97\" data-element_type=\"widget\" data-widget_type=\"image-box.default\">\n\t\t\t\t<div class=\"elementor-widget-container\">\n\t\t\t<div class=\"elementor-image-box-wrapper\"><figure class=\"elementor-image-box-img\"><a href=\"https:\/\/drive.google.com\/file\/d\/1k6xQXyoH4SNuE3HFTGCsm27cyMPXQiYH\/view?usp=drive_link\" tabindex=\"-1\"><img loading=\"lazy\" decoding=\"async\" width=\"565\" height=\"800\" src=\"https:\/\/oiecinternational.com\/fr\/wp-content\/uploads\/sites\/3\/2023\/09\/Newsletter-OIEC-2023-09-FR-web.png\" class=\"attachment-full size-full wp-image-7491\" alt=\"\" srcset=\"https:\/\/oiecinternational.com\/fr\/wp-content\/uploads\/sites\/3\/2023\/09\/Newsletter-OIEC-2023-09-FR-web.png 565w, https:\/\/oiecinternational.com\/fr\/wp-content\/uploads\/sites\/3\/2023\/09\/Newsletter-OIEC-2023-09-FR-web-212x300.png 212w\" sizes=\"(max-width: 565px) 100vw, 565px\" \/><\/a><\/figure><div class=\"elementor-image-box-content\"><h4 class=\"elementor-image-box-title\"><a href=\"https:\/\/drive.google.com\/file\/d\/1k6xQXyoH4SNuE3HFTGCsm27cyMPXQiYH\/view?usp=drive_link\">Septembre 23<\/a><\/h4><\/div><\/div>\t\t<\/div>\n\t\t\t\t<\/div>\n\t\t\t\t\t<\/div>\n\t\t<\/div>\n\t\t\t\t<div class=\"elementor-column elementor-col-33 elementor-top-column elementor-element elementor-element-b539b5a\" data-id=\"b539b5a\" data-element_type=\"column\">\n\t\t\t<div class=\"elementor-widget-wrap elementor-element-populated\">\n\t\t\t\t\t\t<div class=\"elementor-element elementor-element-4fd0fff elementor-position-top elementor-widget elementor-widget-image-box\" data-id=\"4fd0fff\" data-element_type=\"widget\" data-widget_type=\"image-box.default\">\n\t\t\t\t<div class=\"elementor-widget-container\">\n\t\t\t<div class=\"elementor-image-box-wrapper\"><figure class=\"elementor-image-box-img\"><a href=\"https:\/\/drive.google.com\/file\/d\/1QEVxqXByGqzuaduTWV_KI4-W6B3wNwbw\/view?usp=drive_link\" tabindex=\"-1\"><img loading=\"lazy\" decoding=\"async\" width=\"1488\" height=\"2105\" src=\"https:\/\/oiecinternational.com\/fr\/wp-content\/uploads\/sites\/3\/2023\/06\/Newsletter-OIEC-2023-05FR.png\" class=\"attachment-full size-full wp-image-6896\" alt=\"\" srcset=\"https:\/\/oiecinternational.com\/fr\/wp-content\/uploads\/sites\/3\/2023\/06\/Newsletter-OIEC-2023-05FR.png 1488w, https:\/\/oiecinternational.com\/fr\/wp-content\/uploads\/sites\/3\/2023\/06\/Newsletter-OIEC-2023-05FR-212x300.png 212w, https:\/\/oiecinternational.com\/fr\/wp-content\/uploads\/sites\/3\/2023\/06\/Newsletter-OIEC-2023-05FR-724x1024.png 724w, https:\/\/oiecinternational.com\/fr\/wp-content\/uploads\/sites\/3\/2023\/06\/Newsletter-OIEC-2023-05FR-768x1086.png 768w, https:\/\/oiecinternational.com\/fr\/wp-content\/uploads\/sites\/3\/2023\/06\/Newsletter-OIEC-2023-05FR-1086x1536.png 1086w, https:\/\/oiecinternational.com\/fr\/wp-content\/uploads\/sites\/3\/2023\/06\/Newsletter-OIEC-2023-05FR-1448x2048.png 1448w\" sizes=\"(max-width: 1488px) 100vw, 1488px\" \/><\/a><\/figure><div class=\"elementor-image-box-content\"><h4 class=\"elementor-image-box-title\"><a href=\"https:\/\/drive.google.com\/file\/d\/1QEVxqXByGqzuaduTWV_KI4-W6B3wNwbw\/view?usp=drive_link\">Mai 2023<\/a><\/h4><\/div><\/div>\t\t<\/div>\n\t\t\t\t<\/div>\n\t\t\t\t\t<\/div>\n\t\t<\/div>\n\t\t\t\t<div class=\"elementor-column elementor-col-33 elementor-top-column elementor-element elementor-element-cb6b1a6\" data-id=\"cb6b1a6\" data-element_type=\"column\">\n\t\t\t<div class=\"elementor-widget-wrap elementor-element-populated\">\n\t\t\t\t\t\t<div class=\"elementor-element elementor-element-87f7ce0 elementor-position-top elementor-widget elementor-widget-image-box\" data-id=\"87f7ce0\" data-element_type=\"widget\" data-widget_type=\"image-box.default\">\n\t\t\t\t<div class=\"elementor-widget-container\">\n\t\t\t<div class=\"elementor-image-box-wrapper\"><figure class=\"elementor-image-box-img\"><a href=\"https:\/\/drive.google.com\/file\/d\/1DGSDx7Z87-8WIp3osa5OPE_a04xrny8r\/view?usp=share_link\" tabindex=\"-1\"><img loading=\"lazy\" decoding=\"async\" width=\"1810\" height=\"2560\" src=\"https:\/\/oiecinternational.com\/fr\/wp-content\/uploads\/sites\/3\/2023\/02\/NEWSLETTER-OIEC-2022-02-FR-scaled.jpg\" class=\"attachment-full size-full wp-image-6201\" alt=\"\" srcset=\"https:\/\/oiecinternational.com\/fr\/wp-content\/uploads\/sites\/3\/2023\/02\/NEWSLETTER-OIEC-2022-02-FR-scaled.jpg 1810w, https:\/\/oiecinternational.com\/fr\/wp-content\/uploads\/sites\/3\/2023\/02\/NEWSLETTER-OIEC-2022-02-FR-212x300.jpg 212w, https:\/\/oiecinternational.com\/fr\/wp-content\/uploads\/sites\/3\/2023\/02\/NEWSLETTER-OIEC-2022-02-FR-724x1024.jpg 724w\" sizes=\"(max-width: 1810px) 100vw, 1810px\" \/><\/a><\/figure><div class=\"elementor-image-box-content\"><h4 class=\"elementor-image-box-title\"><a href=\"https:\/\/drive.google.com\/file\/d\/1DGSDx7Z87-8WIp3osa5OPE_a04xrny8r\/view?usp=share_link\">F\u00e9vrier 2023<\/a><\/h4><\/div><\/div>\t\t<\/div>\n\t\t\t\t<\/div>\n\t\t\t\t\t<\/div>\n\t\t<\/div>\n\t\t\t\t\t<\/div>\n\t\t<\/section>\n\t\t\t\t<\/div>\n\t\t","protected":false},"excerpt":{"rendered":"<p>La Newsletter de l&#8217;OIEC \u00a0 L&#8217;OIEC publie r\u00e9guli\u00e8rement un bulletin pour ses membres et tous ceux qui s&#8217;int\u00e9ressent \u00e0 l&#8217;organisation et \u00e0 ses activit\u00e9s.\u00a0 Outre un avant-propos du Secr\u00e9taire g\u00e9n\u00e9ral, le bulletin contient g\u00e9n\u00e9ralement de nombreux rapports sur les projets de l&#8217;organisation, ses publications, ses engagements, les r\u00e9unions statutaires de ses membres et de ses institutions, les annonces de ses&#8230;<\/p>\n","protected":false},"author":3,"featured_media":0,"parent":6401,"menu_order":5,"comment_status":"closed","ping_status":"closed","template":"","meta":{"_eb_attr":"","footnotes":""},"class_list":["post-4146","page","type-page","status-publish","hentry"],"_links":{"self":[{"href":"https:\/\/oiecinternational.com\/fr\/wp-json\/wp\/v2\/pages\/4146"}],"collection":[{"href":"https:\/\/oiecinternational.com\/fr\/wp-json\/wp\/v2\/pages"}],"about":[{"href":"https:\/\/oiecinternational.com\/fr\/wp-json\/wp\/v2\/types\/page"}],"author":[{"embeddable":true,"href":"https:\/\/oiecinternational.com\/fr\/wp-json\/wp\/v2\/users\/3"}],"replies":[{"embeddable":true,"href":"https:\/\/oiecinternational.com\/fr\/wp-json\/wp\/v2\/comments?post=4146"}],"version-history":[{"count":10,"href":"https:\/\/oiecinternational.com\/fr\/wp-json\/wp\/v2\/pages\/4146\/revisions"}],"predecessor-version":[{"id":8263,"href":"https:\/\/oiecinternational.com\/fr\/wp-json\/wp\/v2\/pages\/4146\/revisions\/8263"}],"up":[{"embeddable":true,"href":"https:\/\/oiecinternational.com\/fr\/wp-json\/wp\/v2\/pages\/6401"}],"wp:attachment":[{"href":"https:\/\/oiecinternational.com\/fr\/wp-json\/wp\/v2\/media?parent=4146"}],"curies":[{"name":"wp","href":"https:\/\/api.w.org\/{rel}","templated":true}]}}