{"id":4177,"date":"2023-02-10T12:02:22","date_gmt":"2023-02-10T11:02:22","guid":{"rendered":"http:\/\/jcgqqhj.cluster030.hosting.ovh.net\/fr\/?page_id=4177"},"modified":"2023-08-21T08:30:02","modified_gmt":"2023-08-21T06:30:02","slug":"bulletin-educatio-si","status":"publish","type":"page","link":"https:\/\/oiecinternational.com\/fr\/les-ressources\/bulletin-educatio-si\/","title":{"rendered":"BULLETIN EDUCATIO SI"},"content":{"rendered":"\t\t<div data-elementor-type=\"wp-page\" data-elementor-id=\"4177\" class=\"elementor elementor-4177\">\n\t\t\t\t\t\t<section class=\"elementor-section elementor-top-section elementor-element elementor-element-42ad0540 elementor-section-boxed elementor-section-height-default elementor-section-height-default\" data-id=\"42ad0540\" data-element_type=\"section\">\n\t\t\t\t\t\t<div class=\"elementor-container elementor-column-gap-default\">\n\t\t\t\t\t<div class=\"elementor-column elementor-col-100 elementor-top-column elementor-element elementor-element-7868bc69\" data-id=\"7868bc69\" data-element_type=\"column\">\n\t\t\t<div class=\"elementor-widget-wrap elementor-element-populated\">\n\t\t\t\t\t\t<div class=\"elementor-element elementor-element-f20679f elementor-widget elementor-widget-text-editor\" data-id=\"f20679f\" data-element_type=\"widget\" data-widget_type=\"text-editor.default\">\n\t\t\t\t<div class=\"elementor-widget-container\">\n\t\t\t\t\t\t\t<p>Le but du Bulletin est de partager les faits saillants des travaux li\u00e9s aux th\u00e8mes du Congr\u00e8s mondial de l&#8217;OIEC avec la communaut\u00e9 catholique et tous ceux int\u00e9ress\u00e9s par la r\u00e9alisation de l&#8217;ODD 4. Le Bulletin est produit tous les trimestres.<\/p><p>Les num\u00e9ros publi\u00e9s sont disponibles ci-dessous :<\/p><ul><li><a href=\"http:\/\/oiecinternational.com\/fr\/wp-content\/uploads\/sites\/3\/2022\/07\/Educatio-Si-Bulletin-Summer-2022.pdf\">Et\u00e9 2022<\/a> (Num\u00e9ro 13)<\/li><li><a href=\"http:\/\/oiecinternational.com\/fr\/wp-content\/uploads\/sites\/3\/2022\/05\/Educatio-Si-Bulletin-Spring-2022-Final12941.pdf\">Printemps 2022<\/a> (Num\u00e9ro 12)<\/li><li><a href=\"http:\/\/oiecinternational.com\/fr\/wp-content\/uploads\/sites\/3\/2022\/03\/Educatio-Si-Bulletin-Winter-2022-1.pdf\">Hiver 2022<\/a> (Num\u00e9ro 11)<\/li><li><a href=\"http:\/\/oiecinternational.com\/fr\/wp-content\/uploads\/sites\/3\/2022\/01\/Educatio-Si-Bulletin-Fall-20219591.pdf\">Automne 2021<\/a>\u00a0 (Num\u00e9ro 10)<\/li><li><a href=\"http:\/\/oiecinternational.com\/fr\/wp-content\/uploads\/sites\/3\/2021\/07\/Educatio-Si-Bulletin-Summer-20213518.pdf\">Et\u00e9 2021<\/a>\u00a0 \u00a0(Num\u00e9ro 9)<\/li><li><a href=\"http:\/\/oiecinternational.com\/fr\/wp-content\/uploads\/sites\/3\/2021\/04\/Educatio-Si-Bulletin-Spring-20217152.pdf\">Printemps 2021<\/a>\u00a0 (Num\u00e9ro 8)<\/li><li><a href=\"http:\/\/oiecinternational.com\/fr\/wp-content\/uploads\/sites\/3\/2021\/01\/Educatio-Si-Bulletin-Winter-2021-1.pdf\">Hiver 2021<\/a>\u00a0 (Num\u00e9ro 7)<\/li><li><a href=\"http:\/\/oiecinternational.com\/fr\/wp-content\/uploads\/sites\/3\/2020\/10\/Educatio-Si-Bulletin-Fall-2020.pdf\">Automne 2020<\/a> (Num\u00e9ro 6)<\/li><li><a href=\"http:\/\/oiecinternational.com\/fr\/wp-content\/uploads\/sites\/3\/2020\/08\/Educatio-Si-Bulletin-Summer-2020.pdf\">Et\u00e9 2020<\/a> (Num\u00e9ro 5)<\/li><li><a href=\"http:\/\/oiecinternational.com\/fr\/wp-content\/uploads\/sites\/3\/2020\/08\/Educatio-Si-Bulletin-Spring-2020.pdf\">Printemps 2020<\/a> (Num\u00e9ro 4)<\/li><li><a href=\"http:\/\/oiecinternational.com\/fr\/wp-content\/uploads\/sites\/3\/2020\/08\/Educatio-Si-Bulletin-Winter-2020.pdf\">Hiver 2020<\/a> (Num\u00e9ro 3)<\/li><li><a href=\"http:\/\/oiecinternational.com\/fr\/wp-content\/uploads\/sites\/3\/2020\/08\/Educatio-Si-Bulletin-Fall-2019.pdf\">Automne 2019<\/a> (Num\u00e9ro 2)<\/li><li><a href=\"http:\/\/oiecinternational.com\/fr\/wp-content\/uploads\/sites\/3\/2020\/08\/Educatio-Si-Bulletin-Summer-2019.pdf\">Et\u00e9 2019<\/a> (Num\u00e9ro 1)<\/li><\/ul><p><em>Le bulletin Educatio Si peut \u00e9galement \u00eatre achet\u00e9 en format papier pour 7 EUR \u00e0 pi\u00e8ce + frais de port. Pour de plus amples informations, veuillez contacter le bureau de l\u2019OIEC \u00e0 l\u2019adresse <a href=\"mailto:secretary@oiecinternational.com\">secretary@oiecinternational.com<\/a><\/em><\/p>\t\t\t\t\t\t<\/div>\n\t\t\t\t<\/div>\n\t\t\t\t\t<\/div>\n\t\t<\/div>\n\t\t\t\t\t<\/div>\n\t\t<\/section>\n\t\t\t\t<\/div>\n\t\t","protected":false},"excerpt":{"rendered":"<p>Le but du Bulletin est de partager les faits saillants des travaux li\u00e9s aux th\u00e8mes du Congr\u00e8s mondial de l&#8217;OIEC avec la communaut\u00e9 catholique et tous ceux int\u00e9ress\u00e9s par la r\u00e9alisation de l&#8217;ODD 4. Le Bulletin est produit tous les trimestres. Les num\u00e9ros publi\u00e9s sont disponibles ci-dessous : Et\u00e9 2022 (Num\u00e9ro 13) Printemps 2022 (Num\u00e9ro 12) Hiver 2022 (Num\u00e9ro 11)&#8230;<\/p>\n","protected":false},"author":3,"featured_media":0,"parent":6401,"menu_order":4,"comment_status":"closed","ping_status":"closed","template":"","meta":{"_eb_attr":"","footnotes":""},"class_list":["post-4177","page","type-page","status-publish","hentry"],"_links":{"self":[{"href":"https:\/\/oiecinternational.com\/fr\/wp-json\/wp\/v2\/pages\/4177"}],"collection":[{"href":"https:\/\/oiecinternational.com\/fr\/wp-json\/wp\/v2\/pages"}],"about":[{"href":"https:\/\/oiecinternational.com\/fr\/wp-json\/wp\/v2\/types\/page"}],"author":[{"embeddable":true,"href":"https:\/\/oiecinternational.com\/fr\/wp-json\/wp\/v2\/users\/3"}],"replies":[{"embeddable":true,"href":"https:\/\/oiecinternational.com\/fr\/wp-json\/wp\/v2\/comments?post=4177"}],"version-history":[{"count":0,"href":"https:\/\/oiecinternational.com\/fr\/wp-json\/wp\/v2\/pages\/4177\/revisions"}],"up":[{"embeddable":true,"href":"https:\/\/oiecinternational.com\/fr\/wp-json\/wp\/v2\/pages\/6401"}],"wp:attachment":[{"href":"https:\/\/oiecinternational.com\/fr\/wp-json\/wp\/v2\/media?parent=4177"}],"curies":[{"name":"wp","href":"https:\/\/api.w.org\/{rel}","templated":true}]}}