{"id":5035,"date":"2023-02-15T13:08:11","date_gmt":"2023-02-15T12:08:11","guid":{"rendered":"http:\/\/jcgqqhj.cluster030.hosting.ovh.net\/fr\/?page_id=5035"},"modified":"2023-08-18T10:34:22","modified_gmt":"2023-08-18T08:34:22","slug":"rapport-mondial-sur-le-developpement-humain-integral","status":"publish","type":"page","link":"https:\/\/oiecinternational.com\/fr\/les-ressources\/rapport-mondial-sur-le-developpement-humain-integral\/","title":{"rendered":"Rapports mondiaux sur le d\u00e9veloppement humain int\u00e9gral"},"content":{"rendered":"\t\t<div data-elementor-type=\"wp-page\" data-elementor-id=\"5035\" class=\"elementor elementor-5035\">\n\t\t\t\t\t\t<section class=\"elementor-section elementor-top-section elementor-element elementor-element-f6a810d elementor-section-boxed elementor-section-height-default elementor-section-height-default\" data-id=\"f6a810d\" data-element_type=\"section\">\n\t\t\t\t\t\t<div class=\"elementor-container elementor-column-gap-default\">\n\t\t\t\t\t<div class=\"elementor-column elementor-col-100 elementor-top-column elementor-element elementor-element-1b6b5cf\" data-id=\"1b6b5cf\" data-element_type=\"column\">\n\t\t\t<div class=\"elementor-widget-wrap elementor-element-populated\">\n\t\t\t\t\t\t<div class=\"elementor-element elementor-element-7c74ce5 elementor-widget elementor-widget-text-editor\" data-id=\"7c74ce5\" data-element_type=\"widget\" data-widget_type=\"text-editor.default\">\n\t\t\t\t<div class=\"elementor-widget-container\">\n\t\t\t\t\t\t\t<h4 class=\"font_5\"><span style=\"color: #999999;\"><strong><span class=\"color_30\">Fr\u00e9quence pr\u00e9vue : Tous les 2-3 ans<\/span><\/strong><\/span><\/h4><div><span style=\"color: #999999;\"><strong><span class=\"color_30\">\u00a0<\/span><\/strong><\/span><\/div><blockquote><h4 style=\"letter-spacing: normal; text-transform: none;\">Comme premier jalon d\u2019une s\u00e9rie consacr\u00e9e au d\u00e9veloppement humain int\u00e9gral a \u00e9t\u00e9 r\u00e9cemment publi\u00e9 le\u00a0<strong><em>Rapport mondial D\u00e9veloppement humain int\u00e9gral 2022 \u2013 Mesurer les contributions des organisations catholiques et autres organisations confessionnelles \u00e0 l\u2019\u00e9ducation, aux soins de sant\u00e9 et \u00e0 la protection sociale.<\/em><\/strong><\/h4><\/blockquote><h4><span style=\"color: #808080;\">L\u2019initiative est n\u00e9e principalement dans le but de mieux faire conna\u00eetre au sein de la communaut\u00e9 internationale les exp\u00e9riences et le r\u00f4le des organisations confessionnelles dans la contribution au d\u00e9veloppement humain int\u00e9gral et d\u2019apporter aux \u00e9ducateurs confessionnels et \u00e0 tous ceux qui s\u2019int\u00e9ressent \u00e0 l\u2019expertise et aux connaissances int\u00e9grales de la communaut\u00e9 internationale en mati\u00e8re de d\u00e9veloppement humain.<\/span><\/h4><h4><span style=\"color: #808080;\">Les rapports seront le produit du projet Global Catholic Education dirig\u00e9 par des b\u00e9n\u00e9voles et coparrain\u00e9s par les quatre organisations internationales f\u00e9d\u00e9rant l\u2019\u00e9ducation catholique au niveau mondial, \u00e0 savoir :<\/span><\/h4><ul><li><strong>l&#8217;Office International de l&#8217;Enseignement Catholique\u00a0(OIEC)<\/strong>\u00a0pour l\u2019enseignement pr\u00e9-primaire, primaire et secondaire,<\/li><li><strong>la F\u00e9d\u00e9ration internationale des universit\u00e9s catholiques (IFCU)\u00a0<\/strong>pour les universit\u00e9s,<\/li><li><strong>l\u2019Organisation mondiale des anciens \u00e9tudiants de l\u2019enseignement catholique (OMAEC)<\/strong>\u00a0pour les anciens \u00e9l\u00e8ves,<\/li><li><strong>et l\u2019Union mondiale des enseignants catholiques (UMEC-WUCT)\u00a0<\/strong>pour les enseignants,<\/li><li>ainsi que\u00a0<strong>le Bureau international de l\u2019enfance catholique<\/strong>\u00a0(BICE).<\/li><\/ul>\t\t\t\t\t\t<\/div>\n\t\t\t\t<\/div>\n\t\t\t\t\t<\/div>\n\t\t<\/div>\n\t\t\t\t\t<\/div>\n\t\t<\/section>\n\t\t\t\t<section class=\"elementor-section elementor-top-section elementor-element elementor-element-c20f6a8 elementor-section-boxed elementor-section-height-default elementor-section-height-default\" data-id=\"c20f6a8\" data-element_type=\"section\">\n\t\t\t\t\t\t<div class=\"elementor-container elementor-column-gap-default\">\n\t\t\t\t\t<div class=\"elementor-column elementor-col-50 elementor-top-column elementor-element elementor-element-fabb13d\" data-id=\"fabb13d\" data-element_type=\"column\">\n\t\t\t<div class=\"elementor-widget-wrap elementor-element-populated\">\n\t\t\t\t\t\t<div class=\"elementor-element elementor-element-62c9034 elementor-widget elementor-widget-text-editor\" data-id=\"62c9034\" data-element_type=\"widget\" data-widget_type=\"text-editor.default\">\n\t\t\t\t<div class=\"elementor-widget-container\">\n\t\t\t\t\t\t\t<h5>\u00a0<\/h5><h3 class=\"font_5\"><strong>Rapport 2022<\/strong><\/h3><ul><li><span style=\"color: #808080;\"><a style=\"color: #808080;\" href=\"https:\/\/drive.google.com\/file\/d\/1gvFbGkEfGq_AR4AvthC6PcV1CbCZ_EoR\/view?usp=share_link\" target=\"_blank\" rel=\"noopener\"><strong>IHD 2022 Rapport final :<\/strong> Measuring the Contributions of Catholic and Other Faith-based Organizations to Education, Healthcare and Social Protection<\/a><br \/><br \/><\/span><\/li><li><span style=\"color: #808080;\"><strong><a style=\"color: #808080;\" href=\"http:\/\/oiecinternational.com\/fr\/wp-content\/uploads\/sites\/3\/2022\/02\/IHD-Report-2022-Messages-FR10197.pdf\">IHD Rapport 2022 Synth\u00e8se<\/a><br \/><br \/><\/strong><\/span><\/li><li><span style=\"color: #808080;\"><strong><a style=\"color: #808080;\" href=\"http:\/\/oiecinternational.com\/fr\/wp-content\/uploads\/sites\/3\/2022\/02\/IHD-2022-Final-Executive-summary.pdf\">IHD 2022 r\u00e9sum\u00e9 ex\u00e9cutif<\/a> <\/strong>(en anglais)<br \/><br \/><\/span><\/li><li><span style=\"color: #808080;\"><a style=\"color: #808080;\" href=\"https:\/\/www.youtube.com\/watch?v=VNzNXu01ihA\"><strong>Webinaire Promoting Integral Human Development:<\/strong> Challenges and Opportunities for Catholic Organizations<\/a><\/span><\/li><\/ul>\t\t\t\t\t\t<\/div>\n\t\t\t\t<\/div>\n\t\t\t\t\t<\/div>\n\t\t<\/div>\n\t\t\t\t<div class=\"elementor-column elementor-col-50 elementor-top-column elementor-element elementor-element-f704e26\" data-id=\"f704e26\" data-element_type=\"column\">\n\t\t\t<div class=\"elementor-widget-wrap elementor-element-populated\">\n\t\t\t\t\t\t<div class=\"elementor-element elementor-element-7b61e11 elementor-widget elementor-widget-image\" data-id=\"7b61e11\" data-element_type=\"widget\" data-widget_type=\"image.default\">\n\t\t\t\t<div class=\"elementor-widget-container\">\n\t\t\t\t\t\t\t\t\t\t\t\t\t<img fetchpriority=\"high\" decoding=\"async\" width=\"445\" height=\"655\" src=\"https:\/\/oiecinternational.com\/fr\/wp-content\/uploads\/sites\/3\/2023\/02\/IHD-2022-Final-e1677156240654.png\" class=\"attachment-large size-large wp-image-6163\" alt=\"\" srcset=\"https:\/\/oiecinternational.com\/fr\/wp-content\/uploads\/sites\/3\/2023\/02\/IHD-2022-Final-e1677156240654.png 445w, https:\/\/oiecinternational.com\/fr\/wp-content\/uploads\/sites\/3\/2023\/02\/IHD-2022-Final-e1677156240654-204x300.png 204w\" sizes=\"(max-width: 445px) 100vw, 445px\" \/>\t\t\t\t\t\t\t\t\t\t\t\t\t<\/div>\n\t\t\t\t<\/div>\n\t\t\t\t\t<\/div>\n\t\t<\/div>\n\t\t\t\t\t<\/div>\n\t\t<\/section>\n\t\t\t\t<\/div>\n\t\t","protected":false},"excerpt":{"rendered":"<p>Fr\u00e9quence pr\u00e9vue : Tous les 2-3 ans &nbsp; Comme premier jalon d\u2019une s\u00e9rie consacr\u00e9e au d\u00e9veloppement humain int\u00e9gral a \u00e9t\u00e9 r\u00e9cemment publi\u00e9 le&nbsp;Rapport mondial D\u00e9veloppement humain int\u00e9gral 2022 \u2013 Mesurer les contributions des organisations catholiques et autres organisations confessionnelles \u00e0 l\u2019\u00e9ducation, aux soins de sant\u00e9 et \u00e0 la protection sociale. L\u2019initiative est n\u00e9e principalement dans le but de mieux faire&#8230;<\/p>\n","protected":false},"author":3,"featured_media":0,"parent":6401,"menu_order":3,"comment_status":"closed","ping_status":"closed","template":"","meta":{"_eb_attr":"","footnotes":""},"class_list":["post-5035","page","type-page","status-publish","hentry"],"_links":{"self":[{"href":"https:\/\/oiecinternational.com\/fr\/wp-json\/wp\/v2\/pages\/5035"}],"collection":[{"href":"https:\/\/oiecinternational.com\/fr\/wp-json\/wp\/v2\/pages"}],"about":[{"href":"https:\/\/oiecinternational.com\/fr\/wp-json\/wp\/v2\/types\/page"}],"author":[{"embeddable":true,"href":"https:\/\/oiecinternational.com\/fr\/wp-json\/wp\/v2\/users\/3"}],"replies":[{"embeddable":true,"href":"https:\/\/oiecinternational.com\/fr\/wp-json\/wp\/v2\/comments?post=5035"}],"version-history":[{"count":0,"href":"https:\/\/oiecinternational.com\/fr\/wp-json\/wp\/v2\/pages\/5035\/revisions"}],"up":[{"embeddable":true,"href":"https:\/\/oiecinternational.com\/fr\/wp-json\/wp\/v2\/pages\/6401"}],"wp:attachment":[{"href":"https:\/\/oiecinternational.com\/fr\/wp-json\/wp\/v2\/media?parent=5035"}],"curies":[{"name":"wp","href":"https:\/\/api.w.org\/{rel}","templated":true}]}}