{"id":5737,"date":"2023-02-21T15:19:49","date_gmt":"2023-02-21T14:19:49","guid":{"rendered":"http:\/\/jcgqqhj.cluster030.hosting.ovh.net\/fr\/?page_id=5737"},"modified":"2023-08-18T08:46:26","modified_gmt":"2023-08-18T06:46:26","slug":"qui-sommes-nous","status":"publish","type":"page","link":"https:\/\/oiecinternational.com\/fr\/loiec\/qui-sommes-nous\/","title":{"rendered":"Qui sommes-nous ?"},"content":{"rendered":"\t\t<div data-elementor-type=\"wp-page\" data-elementor-id=\"5737\" class=\"elementor elementor-5737\">\n\t\t\t\t\t\t<section class=\"elementor-section elementor-top-section elementor-element elementor-element-072c904 elementor-section-boxed elementor-section-height-default elementor-section-height-default\" data-id=\"072c904\" data-element_type=\"section\">\n\t\t\t\t\t\t<div class=\"elementor-container elementor-column-gap-default\">\n\t\t\t\t\t<div class=\"elementor-column elementor-col-100 elementor-top-column elementor-element elementor-element-1e8bee2\" data-id=\"1e8bee2\" data-element_type=\"column\">\n\t\t\t<div class=\"elementor-widget-wrap elementor-element-populated\">\n\t\t\t\t\t\t<div class=\"elementor-element elementor-element-9a598ac elementor-invisible elementor-widget elementor-widget-image\" data-id=\"9a598ac\" data-element_type=\"widget\" data-settings=\"{&quot;_animation&quot;:&quot;zoomIn&quot;}\" data-widget_type=\"image.default\">\n\t\t\t\t<div class=\"elementor-widget-container\">\n\t\t\t\t\t\t\t\t\t\t\t\t\t<img fetchpriority=\"high\" decoding=\"async\" width=\"2560\" height=\"1440\" src=\"https:\/\/oiecinternational.com\/fr\/wp-content\/uploads\/sites\/3\/2023\/02\/AdobeStock_73645141-2-1-scaled.jpeg\" class=\"attachment-full size-full wp-image-5739\" alt=\"\" srcset=\"https:\/\/oiecinternational.com\/fr\/wp-content\/uploads\/sites\/3\/2023\/02\/AdobeStock_73645141-2-1-scaled.jpeg 2560w, https:\/\/oiecinternational.com\/fr\/wp-content\/uploads\/sites\/3\/2023\/02\/AdobeStock_73645141-2-1-300x169.jpeg 300w, https:\/\/oiecinternational.com\/fr\/wp-content\/uploads\/sites\/3\/2023\/02\/AdobeStock_73645141-2-1-1024x576.jpeg 1024w, https:\/\/oiecinternational.com\/fr\/wp-content\/uploads\/sites\/3\/2023\/02\/AdobeStock_73645141-2-1-768x432.jpeg 768w, https:\/\/oiecinternational.com\/fr\/wp-content\/uploads\/sites\/3\/2023\/02\/AdobeStock_73645141-2-1-1536x864.jpeg 1536w, https:\/\/oiecinternational.com\/fr\/wp-content\/uploads\/sites\/3\/2023\/02\/AdobeStock_73645141-2-1-2048x1152.jpeg 2048w\" sizes=\"(max-width: 2560px) 100vw, 2560px\" \/>\t\t\t\t\t\t\t\t\t\t\t\t\t<\/div>\n\t\t\t\t<\/div>\n\t\t\t\t\t<\/div>\n\t\t<\/div>\n\t\t\t\t\t<\/div>\n\t\t<\/section>\n\t\t\t\t<section class=\"elementor-section elementor-top-section elementor-element elementor-element-1941181 elementor-section-boxed elementor-section-height-default elementor-section-height-default\" data-id=\"1941181\" data-element_type=\"section\">\n\t\t\t\t\t\t<div class=\"elementor-container elementor-column-gap-default\">\n\t\t\t\t\t<div class=\"elementor-column elementor-col-100 elementor-top-column elementor-element elementor-element-819a532\" data-id=\"819a532\" data-element_type=\"column\">\n\t\t\t<div class=\"elementor-widget-wrap elementor-element-populated\">\n\t\t\t\t\t\t<div class=\"elementor-element elementor-element-0239bd8 elementor-widget elementor-widget-heading\" data-id=\"0239bd8\" data-element_type=\"widget\" data-widget_type=\"heading.default\">\n\t\t\t\t<div class=\"elementor-widget-container\">\n\t\t\t<h2 class=\"elementor-heading-title elementor-size-default\">Qu'est-ce que l'OIEC ?<\/h2>\t\t<\/div>\n\t\t\t\t<\/div>\n\t\t\t\t\t<\/div>\n\t\t<\/div>\n\t\t\t\t\t<\/div>\n\t\t<\/section>\n\t\t\t\t<section class=\"elementor-section elementor-top-section elementor-element elementor-element-672b0ff elementor-section-boxed elementor-section-height-default elementor-section-height-default\" data-id=\"672b0ff\" data-element_type=\"section\" data-settings=\"{&quot;background_background&quot;:&quot;classic&quot;}\">\n\t\t\t\t\t\t<div class=\"elementor-container elementor-column-gap-default\">\n\t\t\t\t\t<div class=\"elementor-column elementor-col-66 elementor-top-column elementor-element elementor-element-4435f67\" data-id=\"4435f67\" data-element_type=\"column\">\n\t\t\t<div class=\"elementor-widget-wrap elementor-element-populated\">\n\t\t\t\t\t\t<div class=\"elementor-element elementor-element-ba904b8 elementor-widget elementor-widget-text-editor\" data-id=\"ba904b8\" data-element_type=\"widget\" data-widget_type=\"text-editor.default\">\n\t\t\t\t<div class=\"elementor-widget-container\">\n\t\t\t\t\t\t\t<blockquote><h4><strong>L\u2019OIEC (Office International de l&#8217;Enseignement Catholique)<span style=\"color: #333333;\"> a \u00e9t\u00e9 reconnue comme organisation catholique internationale par le Saint-Si\u00e8ge. Elle travaille en collaboration \u00e9troite avec le dicast\u00e8re pour la culture et l\u2019\u00e9ducation catholique (Vatican). Elle a un statut consultatif aupr\u00e8s des Nations Unies (ECOSOC, Gen\u00e8ve et New York), de l\u2019UNESCO et du Conseil de l\u2019Europe.<\/span><\/strong><\/h4><p><strong>T\u00e9l\u00e9chargez notre livret de pr\u00e9sentation :\u00a0 <\/strong><\/p><ul><li><a href=\"https:\/\/drive.google.com\/file\/d\/19x-ci2JMYMSL74C8B7ttc6C05Bz0I35b\/view?usp=sharing\">version fran\u00e7aise<\/a><\/li><li><a href=\"https:\/\/drive.google.com\/file\/d\/1qPix3gBVOs8xRqi47u-w86aJgvwK2h7B\/view?usp=sharing\">version anglaise<\/a><\/li><li><a href=\"https:\/\/drive.google.com\/file\/d\/1FbNZoxishFfGjv-DxgzHiB4Ik79M0v0M\/view?usp=sharing\">version espagnole<\/a><\/li><\/ul><\/blockquote>\t\t\t\t\t\t<\/div>\n\t\t\t\t<\/div>\n\t\t\t\t\t<\/div>\n\t\t<\/div>\n\t\t\t\t<div class=\"elementor-column elementor-col-33 elementor-top-column elementor-element elementor-element-9a73a12\" data-id=\"9a73a12\" data-element_type=\"column\">\n\t\t\t<div class=\"elementor-widget-wrap elementor-element-populated\">\n\t\t\t\t\t\t<div class=\"elementor-element elementor-element-8f2d867 elementor-widget elementor-widget-image\" data-id=\"8f2d867\" data-element_type=\"widget\" data-widget_type=\"image.default\">\n\t\t\t\t<div class=\"elementor-widget-container\">\n\t\t\t\t\t\t\t\t\t\t\t\t\t\t<a href=\"https:\/\/drive.google.com\/file\/d\/19x-ci2JMYMSL74C8B7ttc6C05Bz0I35b\/view?usp=share_link\" target=\"_blank\">\n\t\t\t\t\t\t\t<img decoding=\"async\" width=\"212\" height=\"300\" src=\"https:\/\/oiecinternational.com\/fr\/wp-content\/uploads\/sites\/3\/2023\/06\/Livret-de-presentation-FR-212x300.png\" class=\"attachment-medium size-medium wp-image-6919\" alt=\"\" srcset=\"https:\/\/oiecinternational.com\/fr\/wp-content\/uploads\/sites\/3\/2023\/06\/Livret-de-presentation-FR-212x300.png 212w, https:\/\/oiecinternational.com\/fr\/wp-content\/uploads\/sites\/3\/2023\/06\/Livret-de-presentation-FR-724x1024.png 724w, https:\/\/oiecinternational.com\/fr\/wp-content\/uploads\/sites\/3\/2023\/06\/Livret-de-presentation-FR-768x1086.png 768w, https:\/\/oiecinternational.com\/fr\/wp-content\/uploads\/sites\/3\/2023\/06\/Livret-de-presentation-FR-1086x1536.png 1086w, https:\/\/oiecinternational.com\/fr\/wp-content\/uploads\/sites\/3\/2023\/06\/Livret-de-presentation-FR-1448x2048.png 1448w, https:\/\/oiecinternational.com\/fr\/wp-content\/uploads\/sites\/3\/2023\/06\/Livret-de-presentation-FR.png 1488w\" sizes=\"(max-width: 212px) 100vw, 212px\" \/>\t\t\t\t\t\t\t\t<\/a>\n\t\t\t\t\t\t\t\t\t\t\t\t\t<\/div>\n\t\t\t\t<\/div>\n\t\t\t\t\t<\/div>\n\t\t<\/div>\n\t\t\t\t\t<\/div>\n\t\t<\/section>\n\t\t\t\t<section class=\"elementor-section elementor-top-section elementor-element elementor-element-d54140e elementor-section-boxed elementor-section-height-default elementor-section-height-default\" data-id=\"d54140e\" data-element_type=\"section\">\n\t\t\t\t\t\t<div class=\"elementor-container elementor-column-gap-default\">\n\t\t\t\t\t<div class=\"elementor-column elementor-col-100 elementor-top-column elementor-element elementor-element-77169e8\" data-id=\"77169e8\" data-element_type=\"column\">\n\t\t\t<div class=\"elementor-widget-wrap elementor-element-populated\">\n\t\t\t\t\t\t<div class=\"elementor-element elementor-element-551d237 elementor-widget elementor-widget-heading\" data-id=\"551d237\" data-element_type=\"widget\" data-widget_type=\"heading.default\">\n\t\t\t\t<div class=\"elementor-widget-container\">\n\t\t\t<h2 class=\"elementor-heading-title elementor-size-default\"><h3><span style=\"color: #59d46f\">L\u2019OIEC est une organisation internationale \ncatholique ayant pour buts de :<\/span><\/h3><\/h2>\t\t<\/div>\n\t\t\t\t<\/div>\n\t\t\t\t\t<\/div>\n\t\t<\/div>\n\t\t\t\t\t<\/div>\n\t\t<\/section>\n\t\t\t\t<section class=\"elementor-section elementor-top-section elementor-element elementor-element-3f959f0 elementor-section-boxed elementor-section-height-default elementor-section-height-default\" data-id=\"3f959f0\" data-element_type=\"section\">\n\t\t\t\t\t\t<div class=\"elementor-container elementor-column-gap-default\">\n\t\t\t\t\t<div class=\"elementor-column elementor-col-100 elementor-top-column elementor-element elementor-element-323cfd8\" data-id=\"323cfd8\" data-element_type=\"column\">\n\t\t\t<div class=\"elementor-widget-wrap elementor-element-populated\">\n\t\t\t\t\t\t<section class=\"elementor-section elementor-inner-section elementor-element elementor-element-936e969 elementor-section-boxed elementor-section-height-default elementor-section-height-default\" data-id=\"936e969\" data-element_type=\"section\">\n\t\t\t\t\t\t<div class=\"elementor-container elementor-column-gap-default\">\n\t\t\t\t\t<div class=\"elementor-column elementor-col-50 elementor-inner-column elementor-element elementor-element-6c3302e\" data-id=\"6c3302e\" data-element_type=\"column\">\n\t\t\t<div class=\"elementor-widget-wrap elementor-element-populated\">\n\t\t\t\t\t\t<div class=\"elementor-element elementor-element-282de8b elementor-widget elementor-widget-text-editor\" data-id=\"282de8b\" data-element_type=\"widget\" data-widget_type=\"text-editor.default\">\n\t\t\t\t<div class=\"elementor-widget-container\">\n\t\t\t\t\t\t\t<ul>\n \t<li><strong>Participer \u00e0 la mission de l\u2019\u00c9glise en promouvant dans le monde un projet \u00e9ducatif d\u2019inspiration catholique ;<\/strong><\/li>\n \t<li><strong>Promouvoir des recherches sur l\u2019apport sp\u00e9cifique de l\u2019Ecole Catholique dans le champ \u00e9ducatif<\/strong> et sur l\u2019adaptation de l\u2019\u00e9cole aux besoins, r\u00e9alit\u00e9s et aspirations de son milieu ;<\/li>\n \t<li><strong>Promouvoir la cr\u00e9ation, aupr\u00e8s des institutions scolaires et \u00e9ducatives de \u00abcommunaut\u00e9s \u00e9ducatives\u00bb<\/strong> dans lesquelles tous les partenaires travaillent de fa\u00e7on solidaire et responsable au progr\u00e8s scolaire \u00e9ducatif et culturel, ainsi qu\u2019au d\u00e9veloppement de l\u2019esprit \u00e9vang\u00e9lique, en portant une attention sp\u00e9ciale aux plus d\u00e9sh\u00e9rit\u00e9s et en accueillant, dans le respect des consciences, tous ceux qui font confiance \u00e0 cette \u00e9cole ;<\/li>\n \t<li><strong>Cr\u00e9er et d\u00e9velopper des liens d\u2019entraide et de solidarit\u00e9 active et responsable entre les membres \u00a0;<\/strong><\/li>\n<\/ul>\t\t\t\t\t\t<\/div>\n\t\t\t\t<\/div>\n\t\t\t\t\t<\/div>\n\t\t<\/div>\n\t\t\t\t<div class=\"elementor-column elementor-col-50 elementor-inner-column elementor-element elementor-element-f1ad8c1\" data-id=\"f1ad8c1\" data-element_type=\"column\">\n\t\t\t<div class=\"elementor-widget-wrap elementor-element-populated\">\n\t\t\t\t\t\t<div class=\"elementor-element elementor-element-919b82c elementor-widget elementor-widget-text-editor\" data-id=\"919b82c\" data-element_type=\"widget\" data-widget_type=\"text-editor.default\">\n\t\t\t\t<div class=\"elementor-widget-container\">\n\t\t\t\t\t\t\t<ul>\n \t<li><strong>Servir le r\u00e9seau d\u2019\u00e9changes entre ses membres<\/strong>, pour leur information mutuelle et l\u2019information des autres \u00e9ducateurs, gr\u00e2ce au d\u00e9veloppement de la communication ;<\/li>\n \t<li><strong>Collaborer avec les organismes de l\u2019Eglise universelle<\/strong>, avec les Conf\u00e9rences \u00e9piscopales et avec d\u2019autres organisations catholiques internationales d\u2019enseignement ;<\/li>\n \t<li><strong>Assurer une repr\u00e9sentation de l\u2019Enseignement Catholique aupr\u00e8s <\/strong>\n<strong>des instances internationales<\/strong>, en particulier celles qui s\u2019occupent d\u2019\u00e9ducation ;<\/li>\n \t<li><strong>D\u00e9fendre et promouvoir l\u2019exercice effectif de la libert\u00e9 d\u2019enseignement<\/strong>, conform\u00e9ment \u00e0 la justice distributive, et favoriser des relations de reconnaissance mutuelle et de partenariat, entre l\u2019Enseignement Catholique et les pays dans lesquels il est pr\u00e9sent.<\/li>\n<\/ul>\t\t\t\t\t\t<\/div>\n\t\t\t\t<\/div>\n\t\t\t\t\t<\/div>\n\t\t<\/div>\n\t\t\t\t\t<\/div>\n\t\t<\/section>\n\t\t\t\t\t<\/div>\n\t\t<\/div>\n\t\t\t\t\t<\/div>\n\t\t<\/section>\n\t\t\t\t<section class=\"elementor-section elementor-top-section elementor-element elementor-element-ad6b7fc elementor-section-boxed elementor-section-height-default elementor-section-height-default\" data-id=\"ad6b7fc\" data-element_type=\"section\">\n\t\t\t\t\t\t<div class=\"elementor-container elementor-column-gap-default\">\n\t\t\t\t\t<div class=\"elementor-column elementor-col-100 elementor-top-column elementor-element elementor-element-a65aba6\" data-id=\"a65aba6\" data-element_type=\"column\">\n\t\t\t<div class=\"elementor-widget-wrap elementor-element-populated\">\n\t\t\t\t\t\t<div class=\"elementor-element elementor-element-da75949 elementor-widget-divider--view-line elementor-widget elementor-widget-divider\" data-id=\"da75949\" data-element_type=\"widget\" data-widget_type=\"divider.default\">\n\t\t\t\t<div class=\"elementor-widget-container\">\n\t\t\t\t\t<div class=\"elementor-divider\">\n\t\t\t<span class=\"elementor-divider-separator\">\n\t\t\t\t\t\t<\/span>\n\t\t<\/div>\n\t\t\t\t<\/div>\n\t\t\t\t<\/div>\n\t\t\t\t\t<\/div>\n\t\t<\/div>\n\t\t\t\t\t<\/div>\n\t\t<\/section>\n\t\t\t\t<section class=\"elementor-section elementor-top-section elementor-element elementor-element-2dce0e8 elementor-section-boxed elementor-section-height-default elementor-section-height-default\" data-id=\"2dce0e8\" data-element_type=\"section\">\n\t\t\t\t\t\t<div class=\"elementor-container elementor-column-gap-default\">\n\t\t\t\t\t<div class=\"elementor-column elementor-col-100 elementor-top-column elementor-element elementor-element-5d38437\" data-id=\"5d38437\" data-element_type=\"column\">\n\t\t\t<div class=\"elementor-widget-wrap elementor-element-populated\">\n\t\t\t\t\t\t<div class=\"elementor-element elementor-element-4ea3291 elementor-widget elementor-widget-heading\" data-id=\"4ea3291\" data-element_type=\"widget\" data-widget_type=\"heading.default\">\n\t\t\t\t<div class=\"elementor-widget-container\">\n\t\t\t<h2 class=\"elementor-heading-title elementor-size-default\">Statuts<\/h2>\t\t<\/div>\n\t\t\t\t<\/div>\n\t\t\t\t\t<\/div>\n\t\t<\/div>\n\t\t\t\t\t<\/div>\n\t\t<\/section>\n\t\t\t\t<section class=\"elementor-section elementor-top-section elementor-element elementor-element-63a4906 elementor-section-boxed elementor-section-height-default elementor-section-height-default\" data-id=\"63a4906\" data-element_type=\"section\">\n\t\t\t\t\t\t<div class=\"elementor-container elementor-column-gap-default\">\n\t\t\t\t\t<div class=\"elementor-column elementor-col-100 elementor-top-column elementor-element elementor-element-8f49494\" data-id=\"8f49494\" data-element_type=\"column\">\n\t\t\t<div class=\"elementor-widget-wrap elementor-element-populated\">\n\t\t\t\t\t\t<div class=\"elementor-element elementor-element-34988b9 elementor-widget elementor-widget-accordion\" data-id=\"34988b9\" data-element_type=\"widget\" data-widget_type=\"accordion.default\">\n\t\t\t\t<div class=\"elementor-widget-container\">\n\t\t\t\t\t<div class=\"elementor-accordion\">\n\t\t\t\t\t\t\t<div class=\"elementor-accordion-item\">\n\t\t\t\t\t<div id=\"elementor-tab-title-5511\" class=\"elementor-tab-title\" data-tab=\"1\" role=\"button\" aria-controls=\"elementor-tab-content-5511\" aria-expanded=\"false\">\n\t\t\t\t\t\t\t\t\t\t\t\t\t<span class=\"elementor-accordion-icon elementor-accordion-icon-left\" aria-hidden=\"true\">\n\t\t\t\t\t\t\t\t\t\t\t\t\t\t\t<span class=\"elementor-accordion-icon-closed\"><i class=\"fas fa-plus\"><\/i><\/span>\n\t\t\t\t\t\t\t\t<span class=\"elementor-accordion-icon-opened\"><i class=\"fas fa-minus\"><\/i><\/span>\n\t\t\t\t\t\t\t\t\t\t\t\t\t\t<\/span>\n\t\t\t\t\t\t\t\t\t\t\t\t<a class=\"elementor-accordion-title\" tabindex=\"0\">2022<\/a>\n\t\t\t\t\t<\/div>\n\t\t\t\t\t<div id=\"elementor-tab-content-5511\" class=\"elementor-tab-content elementor-clearfix\" data-tab=\"1\" role=\"region\" aria-labelledby=\"elementor-tab-title-5511\"><h4><strong><a href=\"http:\/\/oiecinternational.com\/fr\/wp-content\/uploads\/sites\/3\/2023\/02\/OIEC-FINAL-draft-Statutes-FR-13.6.22-clean13871.pdf\" target=\"_blank\" rel=\"noopener\">OIEC Statut 2022<\/a><\/strong><\/h4><\/div>\n\t\t\t\t<\/div>\n\t\t\t\t\t\t\t<div class=\"elementor-accordion-item\">\n\t\t\t\t\t<div id=\"elementor-tab-title-5512\" class=\"elementor-tab-title\" data-tab=\"2\" role=\"button\" aria-controls=\"elementor-tab-content-5512\" aria-expanded=\"false\">\n\t\t\t\t\t\t\t\t\t\t\t\t\t<span class=\"elementor-accordion-icon elementor-accordion-icon-left\" aria-hidden=\"true\">\n\t\t\t\t\t\t\t\t\t\t\t\t\t\t\t<span class=\"elementor-accordion-icon-closed\"><i class=\"fas fa-plus\"><\/i><\/span>\n\t\t\t\t\t\t\t\t<span class=\"elementor-accordion-icon-opened\"><i class=\"fas fa-minus\"><\/i><\/span>\n\t\t\t\t\t\t\t\t\t\t\t\t\t\t<\/span>\n\t\t\t\t\t\t\t\t\t\t\t\t<a class=\"elementor-accordion-title\" tabindex=\"0\">2007<\/a>\n\t\t\t\t\t<\/div>\n\t\t\t\t\t<div id=\"elementor-tab-content-5512\" class=\"elementor-tab-content elementor-clearfix\" data-tab=\"2\" role=\"region\" aria-labelledby=\"elementor-tab-title-5512\"><h4><a href=\"http:\/\/oiecinternational.com\/fr\/wp-content\/uploads\/sites\/3\/2023\/02\/OIEC-statuts-2007-FR.pdf\" target=\"_blank\" rel=\"noopener\"><strong>OIEC Statut 2007<\/strong><\/a><\/h4><\/div>\n\t\t\t\t<\/div>\n\t\t\t\t\t\t\t<div class=\"elementor-accordion-item\">\n\t\t\t\t\t<div id=\"elementor-tab-title-5513\" class=\"elementor-tab-title\" data-tab=\"3\" role=\"button\" aria-controls=\"elementor-tab-content-5513\" aria-expanded=\"false\">\n\t\t\t\t\t\t\t\t\t\t\t\t\t<span class=\"elementor-accordion-icon elementor-accordion-icon-left\" aria-hidden=\"true\">\n\t\t\t\t\t\t\t\t\t\t\t\t\t\t\t<span class=\"elementor-accordion-icon-closed\"><i class=\"fas fa-plus\"><\/i><\/span>\n\t\t\t\t\t\t\t\t<span class=\"elementor-accordion-icon-opened\"><i class=\"fas fa-minus\"><\/i><\/span>\n\t\t\t\t\t\t\t\t\t\t\t\t\t\t<\/span>\n\t\t\t\t\t\t\t\t\t\t\t\t<a class=\"elementor-accordion-title\" tabindex=\"0\">1994<\/a>\n\t\t\t\t\t<\/div>\n\t\t\t\t\t<div id=\"elementor-tab-content-5513\" class=\"elementor-tab-content elementor-clearfix\" data-tab=\"3\" role=\"region\" aria-labelledby=\"elementor-tab-title-5513\"><h4><strong><a href=\"http:\/\/oiecinternational.com\/fr\/wp-content\/uploads\/sites\/3\/2023\/02\/OIEC-statuts-1994-FR.pdf\" target=\"_blank\" rel=\"noopener\">OIEC Statut 1994<\/a><\/strong><\/h4><\/div>\n\t\t\t\t<\/div>\n\t\t\t\t\t\t\t\t<\/div>\n\t\t\t\t<\/div>\n\t\t\t\t<\/div>\n\t\t\t\t\t<\/div>\n\t\t<\/div>\n\t\t\t\t\t<\/div>\n\t\t<\/section>\n\t\t\t\t<section class=\"elementor-section elementor-top-section elementor-element elementor-element-4ec847e elementor-section-boxed elementor-section-height-default elementor-section-height-default\" data-id=\"4ec847e\" data-element_type=\"section\">\n\t\t\t\t\t\t<div class=\"elementor-container elementor-column-gap-default\">\n\t\t\t\t\t<div class=\"elementor-column elementor-col-100 elementor-top-column elementor-element elementor-element-f06fa60\" data-id=\"f06fa60\" data-element_type=\"column\">\n\t\t\t<div class=\"elementor-widget-wrap elementor-element-populated\">\n\t\t\t\t\t\t<div class=\"elementor-element elementor-element-ad8bbbe elementor-widget-divider--view-line elementor-widget elementor-widget-divider\" data-id=\"ad8bbbe\" data-element_type=\"widget\" data-widget_type=\"divider.default\">\n\t\t\t\t<div class=\"elementor-widget-container\">\n\t\t\t\t\t<div class=\"elementor-divider\">\n\t\t\t<span class=\"elementor-divider-separator\">\n\t\t\t\t\t\t<\/span>\n\t\t<\/div>\n\t\t\t\t<\/div>\n\t\t\t\t<\/div>\n\t\t\t\t\t<\/div>\n\t\t<\/div>\n\t\t\t\t\t<\/div>\n\t\t<\/section>\n\t\t\t\t<section class=\"elementor-section elementor-top-section elementor-element elementor-element-a29e2ed elementor-section-boxed elementor-section-height-default elementor-section-height-default\" data-id=\"a29e2ed\" data-element_type=\"section\">\n\t\t\t\t\t\t<div class=\"elementor-container elementor-column-gap-default\">\n\t\t\t\t\t<div class=\"elementor-column elementor-col-50 elementor-top-column elementor-element elementor-element-8c5eb0a\" data-id=\"8c5eb0a\" data-element_type=\"column\">\n\t\t\t<div class=\"elementor-widget-wrap elementor-element-populated\">\n\t\t\t\t\t\t<div class=\"elementor-element elementor-element-29e43c0 elementor-widget elementor-widget-text-editor\" data-id=\"29e43c0\" data-element_type=\"widget\" data-widget_type=\"text-editor.default\">\n\t\t\t\t<div class=\"elementor-widget-container\">\n\t\t\t\t\t\t\t<h3><strong>Office International <br \/>de l&#8217;Enseignement Catholique<\/strong><\/h3><p><span style=\"color: #333333;\">Casa Generalizia La Salle<\/span><br \/><span style=\"color: #333333;\">Via Aurelia, 476<\/span><br \/><span style=\"color: #333333;\">00165 Roma RM<\/span><br \/><span style=\"color: #333333;\"><strong>Italie<\/strong><\/span><\/p><h4><a href=\"http:\/\/oiecinternational.com\/fr\/contact\/\" target=\"_blank\" rel=\"noopener\">Nous contacter<\/a><\/h4>\t\t\t\t\t\t<\/div>\n\t\t\t\t<\/div>\n\t\t\t\t\t<\/div>\n\t\t<\/div>\n\t\t\t\t<div class=\"elementor-column elementor-col-50 elementor-top-column elementor-element elementor-element-ba6d624\" data-id=\"ba6d624\" data-element_type=\"column\">\n\t\t\t<div class=\"elementor-widget-wrap elementor-element-populated\">\n\t\t\t\t\t\t<div class=\"elementor-element elementor-element-c7ca592 elementor-widget elementor-widget-google_maps\" data-id=\"c7ca592\" data-element_type=\"widget\" data-widget_type=\"google_maps.default\">\n\t\t\t\t<div class=\"elementor-widget-container\">\n\t\t\t\t\t<div class=\"elementor-custom-embed\">\n\t\t\t<iframe loading=\"lazy\"\n\t\t\t\t\tsrc=\"https:\/\/maps.google.com\/maps?q=Via%20Aurelia%2C%20476%2C%2000165%20Roma%20RM%2C%20Italie&#038;t=m&#038;z=10&#038;output=embed&#038;iwloc=near\"\n\t\t\t\t\ttitle=\"Via Aurelia, 476, 00165 Roma RM, Italie\"\n\t\t\t\t\taria-label=\"Via Aurelia, 476, 00165 Roma RM, Italie\"\n\t\t\t><\/iframe>\n\t\t<\/div>\n\t\t\t\t<\/div>\n\t\t\t\t<\/div>\n\t\t\t\t\t<\/div>\n\t\t<\/div>\n\t\t\t\t\t<\/div>\n\t\t<\/section>\n\t\t\t\t<\/div>\n\t\t","protected":false},"excerpt":{"rendered":"<p>Qu&#8217;est-ce que l&#8217;OIEC ? L\u2019OIEC (Office International de l&#8217;Enseignement Catholique) a \u00e9t\u00e9 reconnue comme organisation catholique internationale par le Saint-Si\u00e8ge. Elle travaille en collaboration \u00e9troite avec le dicast\u00e8re pour la culture et l\u2019\u00e9ducation catholique (Vatican). Elle a un statut consultatif aupr\u00e8s des Nations Unies (ECOSOC, Gen\u00e8ve et New York), de l\u2019UNESCO et du Conseil de l\u2019Europe. T\u00e9l\u00e9chargez notre livret de&#8230;<\/p>\n","protected":false},"author":3,"featured_media":0,"parent":7369,"menu_order":1,"comment_status":"closed","ping_status":"closed","template":"","meta":{"_eb_attr":"","footnotes":""},"class_list":["post-5737","page","type-page","status-publish","hentry"],"_links":{"self":[{"href":"https:\/\/oiecinternational.com\/fr\/wp-json\/wp\/v2\/pages\/5737"}],"collection":[{"href":"https:\/\/oiecinternational.com\/fr\/wp-json\/wp\/v2\/pages"}],"about":[{"href":"https:\/\/oiecinternational.com\/fr\/wp-json\/wp\/v2\/types\/page"}],"author":[{"embeddable":true,"href":"https:\/\/oiecinternational.com\/fr\/wp-json\/wp\/v2\/users\/3"}],"replies":[{"embeddable":true,"href":"https:\/\/oiecinternational.com\/fr\/wp-json\/wp\/v2\/comments?post=5737"}],"version-history":[{"count":0,"href":"https:\/\/oiecinternational.com\/fr\/wp-json\/wp\/v2\/pages\/5737\/revisions"}],"up":[{"embeddable":true,"href":"https:\/\/oiecinternational.com\/fr\/wp-json\/wp\/v2\/pages\/7369"}],"wp:attachment":[{"href":"https:\/\/oiecinternational.com\/fr\/wp-json\/wp\/v2\/media?parent=5737"}],"curies":[{"name":"wp","href":"https:\/\/api.w.org\/{rel}","templated":true}]}}