{"id":5758,"date":"2023-02-21T21:38:46","date_gmt":"2023-02-21T20:38:46","guid":{"rendered":"http:\/\/jcgqqhj.cluster030.hosting.ovh.net\/fr\/?page_id=5758"},"modified":"2023-08-18T08:47:08","modified_gmt":"2023-08-18T06:47:08","slug":"membres","status":"publish","type":"page","link":"https:\/\/oiecinternational.com\/fr\/loiec\/membres\/","title":{"rendered":"LES MEMBRES"},"content":{"rendered":"\t\t<div data-elementor-type=\"wp-page\" data-elementor-id=\"5758\" class=\"elementor elementor-5758\">\n\t\t\t\t\t\t<section class=\"elementor-section elementor-top-section elementor-element elementor-element-b04d4e0 elementor-section-boxed elementor-section-height-default elementor-section-height-default\" data-id=\"b04d4e0\" data-element_type=\"section\">\n\t\t\t\t\t\t<div class=\"elementor-container elementor-column-gap-default\">\n\t\t\t\t\t<div class=\"elementor-column elementor-col-100 elementor-top-column elementor-element elementor-element-1faaed7\" data-id=\"1faaed7\" data-element_type=\"column\">\n\t\t\t<div class=\"elementor-widget-wrap elementor-element-populated\">\n\t\t\t\t\t\t<div class=\"elementor-element elementor-element-7bad10e elementor-invisible elementor-widget elementor-widget-image\" data-id=\"7bad10e\" data-element_type=\"widget\" data-settings=\"{&quot;_animation&quot;:&quot;zoomIn&quot;}\" data-widget_type=\"image.default\">\n\t\t\t\t<div class=\"elementor-widget-container\">\n\t\t\t\t\t\t\t\t\t\t\t\t\t<img fetchpriority=\"high\" decoding=\"async\" width=\"1200\" height=\"621\" src=\"https:\/\/oiecinternational.com\/fr\/wp-content\/uploads\/sites\/3\/2023\/02\/AdobeStock_28090666web-2.jpg\" class=\"attachment-full size-full wp-image-5937\" alt=\"\" srcset=\"https:\/\/oiecinternational.com\/fr\/wp-content\/uploads\/sites\/3\/2023\/02\/AdobeStock_28090666web-2.jpg 1200w, https:\/\/oiecinternational.com\/fr\/wp-content\/uploads\/sites\/3\/2023\/02\/AdobeStock_28090666web-2-300x155.jpg 300w, https:\/\/oiecinternational.com\/fr\/wp-content\/uploads\/sites\/3\/2023\/02\/AdobeStock_28090666web-2-1024x530.jpg 1024w, https:\/\/oiecinternational.com\/fr\/wp-content\/uploads\/sites\/3\/2023\/02\/AdobeStock_28090666web-2-768x397.jpg 768w\" sizes=\"(max-width: 1200px) 100vw, 1200px\" \/>\t\t\t\t\t\t\t\t\t\t\t\t\t<\/div>\n\t\t\t\t<\/div>\n\t\t\t\t\t<\/div>\n\t\t<\/div>\n\t\t\t\t\t<\/div>\n\t\t<\/section>\n\t\t\t\t<section class=\"elementor-section elementor-top-section elementor-element elementor-element-3effb5a elementor-section-boxed elementor-section-height-default elementor-section-height-default\" data-id=\"3effb5a\" data-element_type=\"section\">\n\t\t\t\t\t\t<div class=\"elementor-container elementor-column-gap-default\">\n\t\t\t\t\t<div class=\"elementor-column elementor-col-100 elementor-top-column elementor-element elementor-element-7b0642c\" data-id=\"7b0642c\" data-element_type=\"column\">\n\t\t\t<div class=\"elementor-widget-wrap elementor-element-populated\">\n\t\t\t\t\t\t<div class=\"elementor-element elementor-element-e108663 elementor-widget elementor-widget-text-editor\" data-id=\"e108663\" data-element_type=\"widget\" data-widget_type=\"text-editor.default\">\n\t\t\t\t<div class=\"elementor-widget-container\">\n\t\t\t\t\t\t\t<strong>L&#8217;Office international de l\u2019enseignement catholique (&#8220;OIEC&#8221;), est constitu\u00e9 par les organes nationaux repr\u00e9sentatifs des \u00e9coles catholiques dans chaque pays (+ de 110 pays). Il a une composition mondiale qui refl\u00e8te l&#8217;universalit\u00e9 de l&#8217;\u00c9glise catholique.<\/strong>\n<h4><strong>L\u2019Office accueille ainsi 3 cat\u00e9gories de membres :<\/strong><\/h4>\t\t\t\t\t\t<\/div>\n\t\t\t\t<\/div>\n\t\t\t\t\t<\/div>\n\t\t<\/div>\n\t\t\t\t\t<\/div>\n\t\t<\/section>\n\t\t\t\t<section class=\"elementor-section elementor-top-section elementor-element elementor-element-3b5aaa8 elementor-section-boxed elementor-section-height-default elementor-section-height-default\" data-id=\"3b5aaa8\" data-element_type=\"section\">\n\t\t\t\t\t\t<div class=\"elementor-container elementor-column-gap-default\">\n\t\t\t\t\t<div class=\"elementor-column elementor-col-50 elementor-top-column elementor-element elementor-element-c7fdfa1\" data-id=\"c7fdfa1\" data-element_type=\"column\" data-settings=\"{&quot;background_background&quot;:&quot;classic&quot;}\">\n\t\t\t<div class=\"elementor-widget-wrap elementor-element-populated\">\n\t\t\t\t\t\t<div class=\"elementor-element elementor-element-4ee76f4 eael-infobox-content-align--center elementor-widget elementor-widget-eael-info-box\" data-id=\"4ee76f4\" data-element_type=\"widget\" data-settings=\"{&quot;_animation&quot;:&quot;none&quot;}\" data-widget_type=\"eael-info-box.default\">\n\t\t\t\t<div class=\"elementor-widget-container\">\n\t\t\t        <div class=\"eael-infobox\">\n\t            <div class=\"infobox-icon\">\n\n            \n            \n            \n        <\/div>\n            <div class=\"infobox-content\">\n                                                                                                <h2><span style=\"color: #ffffff;\"><strong>LES MEMBRES <br \/>CONSTITUANTS<\/strong><\/span><\/h2><p><strong>Ce sont les organismes reconnus par les autorit\u00e9s eccl\u00e9siastiques comp\u00e9tentes selon le droit canonique (en principe par la Conf\u00e9rence nationale des Ev\u00eaques de chacun de ces pays), et responsables de la coordination et\/ou de la repr\u00e9sentation des \u00e9coles catholiques dans un pays donn\u00e9.<\/strong><\/p>                                                                            <\/div>\n            <\/div>\n\n\t\t\t\t<\/div>\n\t\t\t\t<\/div>\n\t\t\t\t\t<\/div>\n\t\t<\/div>\n\t\t\t\t<div class=\"elementor-column elementor-col-50 elementor-top-column elementor-element elementor-element-88eaca9\" data-id=\"88eaca9\" data-element_type=\"column\" data-settings=\"{&quot;background_background&quot;:&quot;classic&quot;}\">\n\t\t\t<div class=\"elementor-widget-wrap elementor-element-populated\">\n\t\t\t\t\t\t<div class=\"elementor-element elementor-element-0fc85bc eael-infobox-content-align--center elementor-widget elementor-widget-eael-info-box\" data-id=\"0fc85bc\" data-element_type=\"widget\" data-settings=\"{&quot;_animation&quot;:&quot;none&quot;}\" data-widget_type=\"eael-info-box.default\">\n\t\t\t\t<div class=\"elementor-widget-container\">\n\t\t\t        <div class=\"eael-infobox\">\n\t            <div class=\"infobox-icon\">\n\n            \n            \n            \n        <\/div>\n            <div class=\"infobox-content\">\n                                                                                                <h2><span style=\"color: #ffffff;\"><strong>LES MEMBRES <br \/><\/strong><strong>ASSOCI\u00c9S<\/strong><\/span><\/h2><p><strong>Ce sont les instituts de vie consacr\u00e9e et soci\u00e9t\u00e9s de vie apostolique qui sont engag\u00e9s dans le service \u00e9ducatif et qui ont une extension internationale.<\/strong><\/p>                                                <div class=\"infobox-button\">\n            <a class=\"eael-infobox-button\" href=\"http:\/\/oiecinternational.com\/fr\/les-membres-associes\">\n                                                            <i aria-hidden=\"true\" class=\"eael_infobox_button_icon_left fas fa-plus-square\"><\/i>                                                    <span class=\"infobox-button-text\"><\/span>\n                            <\/a>\n        <\/div>\n                                    <\/div>\n            <\/div>\n\n\t\t\t\t<\/div>\n\t\t\t\t<\/div>\n\t\t\t\t\t<\/div>\n\t\t<\/div>\n\t\t\t\t\t<\/div>\n\t\t<\/section>\n\t\t\t\t<section class=\"elementor-section elementor-top-section elementor-element elementor-element-5c6c7cf elementor-section-boxed elementor-section-height-default elementor-section-height-default\" data-id=\"5c6c7cf\" data-element_type=\"section\">\n\t\t\t\t\t\t<div class=\"elementor-container elementor-column-gap-default\">\n\t\t\t\t\t<div class=\"elementor-column elementor-col-100 elementor-top-column elementor-element elementor-element-c9c9fb4\" data-id=\"c9c9fb4\" data-element_type=\"column\" data-settings=\"{&quot;background_background&quot;:&quot;classic&quot;}\">\n\t\t\t<div class=\"elementor-widget-wrap elementor-element-populated\">\n\t\t\t\t\t\t<div class=\"elementor-element elementor-element-fc4196a elementor-widget elementor-widget-eael-info-box\" data-id=\"fc4196a\" data-element_type=\"widget\" data-settings=\"{&quot;_animation&quot;:&quot;none&quot;}\" data-widget_type=\"eael-info-box.default\">\n\t\t\t\t<div class=\"elementor-widget-container\">\n\t\t\t        <div class=\"eael-infobox icon-on-left\">\n\t            <div class=\"infobox-content\">\n                            <h2 class=\"title\">LES MEMBRES COOP\u00c9RATEURS<\/h2>\n                                                                                                <p><strong>Ce sont des personnes physiques ou morales d\u00e9sireuses de collaborer activement avec l'Office.<\/strong><\/p><ul><li>Association Nationale d\u2019\u00c9ducation Catholique (Ncea)<\/li><li>Verus<\/li><li>Fundaci\u00f3 Escola Cristiana De Catalunya (Fecc)<\/li><li>Familles Mundi (Fm)<\/li><li>Alliance des Directeurs et Directrices de l\u2019Enseignement Chr\u00e9tien (Addec)<\/li><li>Union Nationale Des Instituts Sup\u00e9rieurs de Formation de l\u2019Enseignement Catholique (Unisfec)<\/li><li>Universit\u00e9 de Notre Dame<\/li><li>Universit\u00e9 de Fordham<\/li><li>FIDAE<\/li><li>BICE<\/li><li>Emmanuel Education<\/li><\/ul>                                                                            <\/div>\n            <\/div>\n\n\t\t\t\t<\/div>\n\t\t\t\t<\/div>\n\t\t\t\t\t<\/div>\n\t\t<\/div>\n\t\t\t\t\t<\/div>\n\t\t<\/section>\n\t\t\t\t<\/div>\n\t\t","protected":false},"excerpt":{"rendered":"<p>L&#8217;Office international de l\u2019enseignement catholique (&#8220;OIEC&#8221;), est constitu\u00e9 par les organes nationaux repr\u00e9sentatifs des \u00e9coles catholiques dans chaque pays (+ de 110 pays). Il a une composition mondiale qui refl\u00e8te l&#8217;universalit\u00e9 de l&#8217;\u00c9glise catholique. L\u2019Office accueille ainsi 3 cat\u00e9gories de membres : LES MEMBRES CONSTITUANTS Ce sont les organismes reconnus par les autorit\u00e9s eccl\u00e9siastiques comp\u00e9tentes selon le droit canonique (en&#8230;<\/p>\n","protected":false},"author":3,"featured_media":0,"parent":7369,"menu_order":4,"comment_status":"closed","ping_status":"closed","template":"","meta":{"_eb_attr":"","footnotes":""},"class_list":["post-5758","page","type-page","status-publish","hentry"],"_links":{"self":[{"href":"https:\/\/oiecinternational.com\/fr\/wp-json\/wp\/v2\/pages\/5758"}],"collection":[{"href":"https:\/\/oiecinternational.com\/fr\/wp-json\/wp\/v2\/pages"}],"about":[{"href":"https:\/\/oiecinternational.com\/fr\/wp-json\/wp\/v2\/types\/page"}],"author":[{"embeddable":true,"href":"https:\/\/oiecinternational.com\/fr\/wp-json\/wp\/v2\/users\/3"}],"replies":[{"embeddable":true,"href":"https:\/\/oiecinternational.com\/fr\/wp-json\/wp\/v2\/comments?post=5758"}],"version-history":[{"count":0,"href":"https:\/\/oiecinternational.com\/fr\/wp-json\/wp\/v2\/pages\/5758\/revisions"}],"up":[{"embeddable":true,"href":"https:\/\/oiecinternational.com\/fr\/wp-json\/wp\/v2\/pages\/7369"}],"wp:attachment":[{"href":"https:\/\/oiecinternational.com\/fr\/wp-json\/wp\/v2\/media?parent=5758"}],"curies":[{"name":"wp","href":"https:\/\/api.w.org\/{rel}","templated":true}]}}