{"id":5783,"date":"2023-02-21T22:44:49","date_gmt":"2023-02-21T21:44:49","guid":{"rendered":"http:\/\/jcgqqhj.cluster030.hosting.ovh.net\/fr\/?page_id=5783"},"modified":"2025-08-01T08:56:18","modified_gmt":"2025-08-01T06:56:18","slug":"les-membres-associes","status":"publish","type":"page","link":"https:\/\/oiecinternational.com\/fr\/loiec\/membres\/les-membres-associes\/","title":{"rendered":"LES MEMBRES ASSOCI\u00c9S"},"content":{"rendered":"\t\t<div data-elementor-type=\"wp-page\" data-elementor-id=\"5783\" class=\"elementor elementor-5783\">\n\t\t\t\t\t\t<section class=\"elementor-section elementor-top-section elementor-element elementor-element-7e0bf98 elementor-section-boxed elementor-section-height-default elementor-section-height-default\" data-id=\"7e0bf98\" data-element_type=\"section\">\n\t\t\t\t\t\t<div class=\"elementor-container elementor-column-gap-default\">\n\t\t\t\t\t<div class=\"elementor-column elementor-col-100 elementor-top-column elementor-element elementor-element-42e760e\" data-id=\"42e760e\" data-element_type=\"column\">\n\t\t\t<div class=\"elementor-widget-wrap elementor-element-populated\">\n\t\t\t\t\t\t<div class=\"elementor-element elementor-element-86f0eb0 elementor-widget elementor-widget-text-editor\" data-id=\"86f0eb0\" data-element_type=\"widget\" data-widget_type=\"text-editor.default\">\n\t\t\t\t<div class=\"elementor-widget-container\">\n\t\t\t\t\t\t\t<p><strong>Ce sont les instituts de vie consacr\u00e9e et soci\u00e9t\u00e9s de vie apostolique qui sont engag\u00e9s dans le service \u00e9ducatif et qui ont une extension internationale. <\/strong><\/p>\t\t\t\t\t\t<\/div>\n\t\t\t\t<\/div>\n\t\t\t\t\t<\/div>\n\t\t<\/div>\n\t\t\t\t\t<\/div>\n\t\t<\/section>\n\t\t\t\t<section class=\"elementor-section elementor-top-section elementor-element elementor-element-620feaf elementor-section-boxed elementor-section-height-default elementor-section-height-default\" data-id=\"620feaf\" data-element_type=\"section\">\n\t\t\t\t\t\t<div class=\"elementor-container elementor-column-gap-default\">\n\t\t\t\t\t<div class=\"elementor-column elementor-col-100 elementor-top-column elementor-element elementor-element-83543ec\" data-id=\"83543ec\" data-element_type=\"column\">\n\t\t\t<div class=\"elementor-widget-wrap elementor-element-populated\">\n\t\t\t\t\t\t<div class=\"elementor-element elementor-element-f460498 elementor-widget elementor-widget-image\" data-id=\"f460498\" data-element_type=\"widget\" data-widget_type=\"image.default\">\n\t\t\t\t<div class=\"elementor-widget-container\">\n\t\t\t\t\t\t\t\t\t\t\t\t\t<img fetchpriority=\"high\" decoding=\"async\" width=\"640\" height=\"619\" src=\"https:\/\/oiecinternational.com\/fr\/wp-content\/uploads\/sites\/3\/2025\/08\/Membres-associes-Congregations-1024x991.png\" class=\"attachment-large size-large wp-image-8275\" alt=\"\" srcset=\"https:\/\/oiecinternational.com\/fr\/wp-content\/uploads\/sites\/3\/2025\/08\/Membres-associes-Congregations-1024x991.png 1024w, https:\/\/oiecinternational.com\/fr\/wp-content\/uploads\/sites\/3\/2025\/08\/Membres-associes-Congregations-300x290.png 300w, https:\/\/oiecinternational.com\/fr\/wp-content\/uploads\/sites\/3\/2025\/08\/Membres-associes-Congregations-768x744.png 768w, https:\/\/oiecinternational.com\/fr\/wp-content\/uploads\/sites\/3\/2025\/08\/Membres-associes-Congregations-1536x1487.png 1536w, https:\/\/oiecinternational.com\/fr\/wp-content\/uploads\/sites\/3\/2025\/08\/Membres-associes-Congregations-2048x1983.png 2048w\" sizes=\"(max-width: 640px) 100vw, 640px\" \/>\t\t\t\t\t\t\t\t\t\t\t\t\t<\/div>\n\t\t\t\t<\/div>\n\t\t\t\t\t<\/div>\n\t\t<\/div>\n\t\t\t\t\t<\/div>\n\t\t<\/section>\n\t\t\t\t<section class=\"elementor-section elementor-top-section elementor-element elementor-element-d14aac3 elementor-section-boxed elementor-section-height-default elementor-section-height-default\" data-id=\"d14aac3\" data-element_type=\"section\">\n\t\t\t\t\t\t<div class=\"elementor-container elementor-column-gap-default\">\n\t\t\t\t\t<div class=\"elementor-column elementor-col-100 elementor-top-column elementor-element elementor-element-2038b9f\" data-id=\"2038b9f\" data-element_type=\"column\">\n\t\t\t<div class=\"elementor-widget-wrap elementor-element-populated\">\n\t\t\t\t\t\t<div class=\"elementor-element elementor-element-3991076 elementor-widget elementor-widget-text-editor\" data-id=\"3991076\" data-element_type=\"widget\" data-widget_type=\"text-editor.default\">\n\t\t\t\t<div class=\"elementor-widget-container\">\n\t\t\t\t\t\t\t<h3 style=\"text-align: center;\">Secr\u00e9taire r\u00e9gionale des congr\u00e9gations religieuses de l&#8217;OIEC :<\/h3>\n<h4 style=\"text-align: center;\">Soeur Martha Se\u00efde<\/h4>\n<p style=\"text-align: center;\">Fille de Marie Auxiliatrice<br>Sal\u00e9sienne de Don Bosco<br>FMA<\/p>\n<p style=\"text-align: center;\"><a href=\"mailto:mseide@yahoo.com\">mseide@yahoo.com<\/a><\/p>\t\t\t\t\t\t<\/div>\n\t\t\t\t<\/div>\n\t\t\t\t\t<\/div>\n\t\t<\/div>\n\t\t\t\t\t<\/div>\n\t\t<\/section>\n\t\t\t\t<\/div>\n\t\t","protected":false},"excerpt":{"rendered":"<p>Ce sont les instituts de vie consacr\u00e9e et soci\u00e9t\u00e9s de vie apostolique qui sont engag\u00e9s dans le service \u00e9ducatif et qui ont une extension internationale. Secr\u00e9taire r\u00e9gionale des congr\u00e9gations religieuses de l&#8217;OIEC : Soeur Martha Se\u00efde Fille de Marie AuxiliatriceSal\u00e9sienne de Don BoscoFMA mseide@yahoo.com<\/p>\n","protected":false},"author":3,"featured_media":0,"parent":5758,"menu_order":0,"comment_status":"closed","ping_status":"closed","template":"","meta":{"_eb_attr":"","footnotes":""},"class_list":["post-5783","page","type-page","status-publish","hentry"],"_links":{"self":[{"href":"https:\/\/oiecinternational.com\/fr\/wp-json\/wp\/v2\/pages\/5783"}],"collection":[{"href":"https:\/\/oiecinternational.com\/fr\/wp-json\/wp\/v2\/pages"}],"about":[{"href":"https:\/\/oiecinternational.com\/fr\/wp-json\/wp\/v2\/types\/page"}],"author":[{"embeddable":true,"href":"https:\/\/oiecinternational.com\/fr\/wp-json\/wp\/v2\/users\/3"}],"replies":[{"embeddable":true,"href":"https:\/\/oiecinternational.com\/fr\/wp-json\/wp\/v2\/comments?post=5783"}],"version-history":[{"count":9,"href":"https:\/\/oiecinternational.com\/fr\/wp-json\/wp\/v2\/pages\/5783\/revisions"}],"predecessor-version":[{"id":8278,"href":"https:\/\/oiecinternational.com\/fr\/wp-json\/wp\/v2\/pages\/5783\/revisions\/8278"}],"up":[{"embeddable":true,"href":"https:\/\/oiecinternational.com\/fr\/wp-json\/wp\/v2\/pages\/5758"}],"wp:attachment":[{"href":"https:\/\/oiecinternational.com\/fr\/wp-json\/wp\/v2\/media?parent=5783"}],"curies":[{"name":"wp","href":"https:\/\/api.w.org\/{rel}","templated":true}]}}