{"id":5853,"date":"2023-02-22T09:55:43","date_gmt":"2023-02-22T08:55:43","guid":{"rendered":"http:\/\/jcgqqhj.cluster030.hosting.ovh.net\/fr\/?page_id=5853"},"modified":"2023-08-18T08:40:47","modified_gmt":"2023-08-18T06:40:47","slug":"moyen-orient-afrique-nord","status":"publish","type":"page","link":"https:\/\/oiecinternational.com\/fr\/loiec\/les-regions\/moyen-orient-afrique-nord\/","title":{"rendered":"MOYEN-ORIENT ET AFRIQUE DU NORD"},"content":{"rendered":"\t\t<div data-elementor-type=\"wp-page\" data-elementor-id=\"5853\" class=\"elementor elementor-5853\">\n\t\t\t\t\t\t<section class=\"elementor-section elementor-top-section elementor-element elementor-element-fc5269c elementor-section-boxed elementor-section-height-default elementor-section-height-default elementor-invisible\" data-id=\"fc5269c\" data-element_type=\"section\" data-settings=\"{&quot;animation&quot;:&quot;zoomIn&quot;}\">\n\t\t\t\t\t\t<div class=\"elementor-container elementor-column-gap-default\">\n\t\t\t\t\t<div class=\"elementor-column elementor-col-100 elementor-top-column elementor-element elementor-element-01ee456\" data-id=\"01ee456\" data-element_type=\"column\">\n\t\t\t<div class=\"elementor-widget-wrap elementor-element-populated\">\n\t\t\t\t\t\t<div class=\"elementor-element elementor-element-afb0c4b elementor-widget elementor-widget-image\" data-id=\"afb0c4b\" data-element_type=\"widget\" data-widget_type=\"image.default\">\n\t\t\t\t<div class=\"elementor-widget-container\">\n\t\t\t\t\t\t\t\t\t\t\t\t\t<img fetchpriority=\"high\" decoding=\"async\" width=\"1100\" height=\"628\" src=\"https:\/\/oiecinternational.com\/fr\/wp-content\/uploads\/sites\/3\/2023\/02\/MENA-ET-OIEC-WEB.png\" class=\"attachment-full size-full wp-image-5854\" alt=\"\" srcset=\"https:\/\/oiecinternational.com\/fr\/wp-content\/uploads\/sites\/3\/2023\/02\/MENA-ET-OIEC-WEB.png 1100w, https:\/\/oiecinternational.com\/fr\/wp-content\/uploads\/sites\/3\/2023\/02\/MENA-ET-OIEC-WEB-300x171.png 300w, https:\/\/oiecinternational.com\/fr\/wp-content\/uploads\/sites\/3\/2023\/02\/MENA-ET-OIEC-WEB-1024x585.png 1024w, https:\/\/oiecinternational.com\/fr\/wp-content\/uploads\/sites\/3\/2023\/02\/MENA-ET-OIEC-WEB-768x438.png 768w\" sizes=\"(max-width: 1100px) 100vw, 1100px\" \/>\t\t\t\t\t\t\t\t\t\t\t\t\t<\/div>\n\t\t\t\t<\/div>\n\t\t\t\t\t<\/div>\n\t\t<\/div>\n\t\t\t\t\t<\/div>\n\t\t<\/section>\n\t\t\t\t<section class=\"elementor-section elementor-top-section elementor-element elementor-element-adeeec4 elementor-section-boxed elementor-section-height-default elementor-section-height-default\" data-id=\"adeeec4\" data-element_type=\"section\">\n\t\t\t\t\t\t<div class=\"elementor-container elementor-column-gap-default\">\n\t\t\t\t\t<div class=\"elementor-column elementor-col-100 elementor-top-column elementor-element elementor-element-7a7ade0\" data-id=\"7a7ade0\" data-element_type=\"column\">\n\t\t\t<div class=\"elementor-widget-wrap elementor-element-populated\">\n\t\t\t\t\t\t<div class=\"elementor-element elementor-element-c1304ac elementor-widget elementor-widget-text-editor\" data-id=\"c1304ac\" data-element_type=\"widget\" data-widget_type=\"text-editor.default\">\n\t\t\t\t<div class=\"elementor-widget-container\">\n\t\t\t\t\t\t\t<h2 class=\"elementor-heading-title elementor-size-default elementor-inline-editing pen\" style=\"text-align: center;\" contenteditable=\"true\" data-elementor-setting-key=\"title\" data-pen-placeholder=\"Type Here...\">Secr\u00e9tariat R\u00e9gional<br \/>au <span style=\"color: #125e09;\">MOYEN-ORIENT ET AFRIQUE DU NORD\u200b<\/span><\/h2>\t\t\t\t\t\t<\/div>\n\t\t\t\t<\/div>\n\t\t\t\t\t<\/div>\n\t\t<\/div>\n\t\t\t\t\t<\/div>\n\t\t<\/section>\n\t\t\t\t<section class=\"elementor-section elementor-top-section elementor-element elementor-element-72b7a84 elementor-section-boxed elementor-section-height-default elementor-section-height-default\" data-id=\"72b7a84\" data-element_type=\"section\">\n\t\t\t\t\t\t<div class=\"elementor-container elementor-column-gap-default\">\n\t\t\t\t\t<div class=\"elementor-column elementor-col-100 elementor-top-column elementor-element elementor-element-40d0bd4\" data-id=\"40d0bd4\" data-element_type=\"column\">\n\t\t\t<div class=\"elementor-widget-wrap elementor-element-populated\">\n\t\t\t\t\t\t<div class=\"elementor-element elementor-element-b8cb49f elementor-widget elementor-widget-heading\" data-id=\"b8cb49f\" data-element_type=\"widget\" data-widget_type=\"heading.default\">\n\t\t\t\t<div class=\"elementor-widget-container\">\n\t\t\t<h3 class=\"elementor-heading-title elementor-size-default\">MENA - OIEC<\/h3>\t\t<\/div>\n\t\t\t\t<\/div>\n\t\t\t\t\t<\/div>\n\t\t<\/div>\n\t\t\t\t\t<\/div>\n\t\t<\/section>\n\t\t\t\t<section class=\"elementor-section elementor-top-section elementor-element elementor-element-a10def4 elementor-section-boxed elementor-section-height-default elementor-section-height-default\" data-id=\"a10def4\" data-element_type=\"section\">\n\t\t\t\t\t\t<div class=\"elementor-container elementor-column-gap-default\">\n\t\t\t\t\t<div class=\"elementor-column elementor-col-50 elementor-top-column elementor-element elementor-element-77d6915\" data-id=\"77d6915\" data-element_type=\"column\">\n\t\t\t<div class=\"elementor-widget-wrap elementor-element-populated\">\n\t\t\t\t\t\t<div class=\"elementor-element elementor-element-0b61b02 elementor-widget elementor-widget-text-editor\" data-id=\"0b61b02\" data-element_type=\"widget\" data-widget_type=\"text-editor.default\">\n\t\t\t\t<div class=\"elementor-widget-container\">\n\t\t\t\t\t\t\t<h4><strong><img decoding=\"async\" class=\"wp-image-5814 alignleft\" src=\"http:\/\/oiecinternational.com\/fr\/wp-content\/uploads\/sites\/3\/2023\/02\/icone-maison.png\" alt=\"\" width=\"33\" height=\"26\" \/> Adresse :\u00a0 \u00a0<\/strong><\/h4><h4 style=\"padding-left: 40px;\"><span style=\"color: #808080;\">Beit-Mery, A\u00efn-Najm, Rue Via Vitae, <\/span><br \/><span style=\"color: #808080;\">BP 169, Beyrouth<\/span><br \/><span style=\"color: #808080;\">LEBANON <\/span><\/h4><h4><strong><img decoding=\"async\" class=\"size-full wp-image-5815 alignleft\" src=\"http:\/\/oiecinternational.com\/fr\/wp-content\/uploads\/sites\/3\/2023\/02\/icone-name.png\" alt=\"\" width=\"33\" height=\"26\" \/> Nom : <span style=\"color: #808080;\">P\u00e8re Youssef NASR<\/span><\/strong><\/h4><h4><strong><img loading=\"lazy\" decoding=\"async\" class=\"size-full wp-image-5818 alignleft\" src=\"http:\/\/oiecinternational.com\/fr\/wp-content\/uploads\/sites\/3\/2023\/02\/icone-mail.png\" alt=\"\" width=\"33\" height=\"26\" \/> Mail :<span style=\"color: #808080;\"> <a style=\"color: #808080;\" href=\"mailto:p.youssefnasr@hotmail.com\">p.youssefnasr@hotmail.com<\/a><\/span><\/strong><\/h4><h4><strong><img loading=\"lazy\" decoding=\"async\" class=\"size-full wp-image-5816 alignleft\" src=\"http:\/\/oiecinternational.com\/fr\/wp-content\/uploads\/sites\/3\/2023\/02\/icone-web.png\" alt=\"\" width=\"33\" height=\"26\" \/>Site :\u00a0<\/strong><\/h4>\t\t\t\t\t\t<\/div>\n\t\t\t\t<\/div>\n\t\t\t\t\t<\/div>\n\t\t<\/div>\n\t\t\t\t<div class=\"elementor-column elementor-col-50 elementor-top-column elementor-element elementor-element-a65b254\" data-id=\"a65b254\" data-element_type=\"column\">\n\t\t\t<div class=\"elementor-widget-wrap elementor-element-populated\">\n\t\t\t\t\t\t<div class=\"elementor-element elementor-element-70c5c4c elementor-widget elementor-widget-google_maps\" data-id=\"70c5c4c\" data-element_type=\"widget\" data-widget_type=\"google_maps.default\">\n\t\t\t\t<div class=\"elementor-widget-container\">\n\t\t\t\t\t<div class=\"elementor-custom-embed\">\n\t\t\t<iframe loading=\"lazy\"\n\t\t\t\t\tsrc=\"https:\/\/maps.google.com\/maps?q=SGEC-L%20VH4M%2BXM7%2C%20Beit%20Meri%2C%20Liban&#038;t=m&#038;z=12&#038;output=embed&#038;iwloc=near\"\n\t\t\t\t\ttitle=\"SGEC-L VH4M+XM7, Beit Meri, Liban\"\n\t\t\t\t\taria-label=\"SGEC-L VH4M+XM7, Beit Meri, Liban\"\n\t\t\t><\/iframe>\n\t\t<\/div>\n\t\t\t\t<\/div>\n\t\t\t\t<\/div>\n\t\t\t\t\t<\/div>\n\t\t<\/div>\n\t\t\t\t\t<\/div>\n\t\t<\/section>\n\t\t\t\t<section class=\"elementor-section elementor-top-section elementor-element elementor-element-5b988ea elementor-section-boxed elementor-section-height-default elementor-section-height-default\" data-id=\"5b988ea\" data-element_type=\"section\">\n\t\t\t\t\t\t<div class=\"elementor-container elementor-column-gap-default\">\n\t\t\t\t\t<div class=\"elementor-column elementor-col-100 elementor-top-column elementor-element elementor-element-6e54c65\" data-id=\"6e54c65\" data-element_type=\"column\">\n\t\t\t<div class=\"elementor-widget-wrap elementor-element-populated\">\n\t\t\t\t\t\t<div class=\"elementor-element elementor-element-2f4079c elementor-widget elementor-widget-toggle\" data-id=\"2f4079c\" data-element_type=\"widget\" data-widget_type=\"toggle.default\">\n\t\t\t\t<div class=\"elementor-widget-container\">\n\t\t\t\t\t<div class=\"elementor-toggle\">\n\t\t\t\t\t\t\t<div class=\"elementor-toggle-item\">\n\t\t\t\t\t<div id=\"elementor-tab-title-4951\" class=\"elementor-tab-title\" data-tab=\"1\" role=\"button\" aria-controls=\"elementor-tab-content-4951\" aria-expanded=\"false\">\n\t\t\t\t\t\t\t\t\t\t\t\t<span class=\"elementor-toggle-icon elementor-toggle-icon-right\" aria-hidden=\"true\">\n\t\t\t\t\t\t\t\t\t\t\t\t\t\t\t<span class=\"elementor-toggle-icon-closed\"><i class=\"fas fa-caret-right\"><\/i><\/span>\n\t\t\t\t\t\t\t\t<span class=\"elementor-toggle-icon-opened\"><i class=\"elementor-toggle-icon-opened fas fa-caret-up\"><\/i><\/span>\n\t\t\t\t\t\t\t\t\t\t\t\t\t<\/span>\n\t\t\t\t\t\t\t\t\t\t\t\t<a class=\"elementor-toggle-title\" tabindex=\"0\">BREF HISTORIQUE<\/a>\n\t\t\t\t\t<\/div>\n\n\t\t\t\t\t<div id=\"elementor-tab-content-4951\" class=\"elementor-tab-content elementor-clearfix\" data-tab=\"1\" role=\"region\" aria-labelledby=\"elementor-tab-title-4951\"><p>Conna\u00eetre les fondements sociaux de l&#8217;\u00e9ducation est cruciale dans une communaut\u00e9 aussi diverse que le Moyen-Orient-Afrique du Nord (MENA).<\/p><p>La fa\u00e7on dont nous structurons notre milieu scolaire et de g\u00e9rer les \u00e9l\u00e8ves et les enseignants refl\u00e8te notre point de vue et des concepts. Le MENA-OIEC Secr\u00e9tariat g\u00e9n\u00e9ral est dirig\u00e9 actuellement par le P\u00e8re Boutros Azar. Le MENA-OIEC Secr\u00e9tariat g\u00e9n\u00e9ral estime que les \u00e9coles devraient aider \u00e0 refaire les communaut\u00e9s parce que l&#8217;\u00e9ducation est une activit\u00e9 bas\u00e9e sur la valeur, l&#8217;engagement des individus dans l&#8217;exp\u00e9rience ou de changer ce qui est valoris\u00e9 dans les soci\u00e9t\u00e9s. L&#8217;\u00e9ducation est le moyen \u00e0 la fois de perp\u00e9tuer et de civiliser les soci\u00e9t\u00e9s, ainsi \u00e9ducateurs ont une \u00e9norme responsabilit\u00e9 pour r\u00e9fl\u00e9chir et ensuite d\u00e9terminer, avec l&#8217;aide des autres dans la soci\u00e9t\u00e9, quels contenus et activit\u00e9s am\u00e9liorent individuelle, la croissance personnelle et sociale et conduire \u00e0 l&#8217;am\u00e9lioration de la soci\u00e9t\u00e9.<\/p><p>Aborder les questions controvers\u00e9es qui abondent dans nos soci\u00e9t\u00e9s peuvent \u00eatre satisfaits par une formation unifi\u00e9e dans toute la r\u00e9gion MENA. Peu importe ce que les diff\u00e9rences culturelles les gens peuvent avoir, un profil commun doit unir les apprenants de la r\u00e9gion MENA.<\/p><p>Les controverses politiques, les diff\u00e9rences religieuses, une mauvaise interpr\u00e9tation des r\u00e8gles, la violation des droits de l&#8217;homme et notamment des droits des femmes, sont autant de questions qui doivent \u00eatre abord\u00e9es d&#8217;une mani\u00e8re civilis\u00e9e gr\u00e2ce \u00e0 de vastes mesures pr\u00e9ventives entam\u00e9es en \u00e9ducation. Les \u00e9coles devraient aider les communaut\u00e9s r\u00e9gion MENA afin de produire bien en forme les individus qui respectent les droits civiques et les diff\u00e9rences culturelles afin que nous puissions avoir un avenir meilleur.<\/p><\/div>\n\t\t\t\t<\/div>\n\t\t\t\t\t\t\t<div class=\"elementor-toggle-item\">\n\t\t\t\t\t<div id=\"elementor-tab-title-4952\" class=\"elementor-tab-title\" data-tab=\"2\" role=\"button\" aria-controls=\"elementor-tab-content-4952\" aria-expanded=\"false\">\n\t\t\t\t\t\t\t\t\t\t\t\t<span class=\"elementor-toggle-icon elementor-toggle-icon-right\" aria-hidden=\"true\">\n\t\t\t\t\t\t\t\t\t\t\t\t\t\t\t<span class=\"elementor-toggle-icon-closed\"><i class=\"fas fa-caret-right\"><\/i><\/span>\n\t\t\t\t\t\t\t\t<span class=\"elementor-toggle-icon-opened\"><i class=\"elementor-toggle-icon-opened fas fa-caret-up\"><\/i><\/span>\n\t\t\t\t\t\t\t\t\t\t\t\t\t<\/span>\n\t\t\t\t\t\t\t\t\t\t\t\t<a class=\"elementor-toggle-title\" tabindex=\"0\">PROJETS<\/a>\n\t\t\t\t\t<\/div>\n\n\t\t\t\t\t<div id=\"elementor-tab-content-4952\" class=\"elementor-tab-content elementor-clearfix\" data-tab=\"2\" role=\"region\" aria-labelledby=\"elementor-tab-title-4952\"><p>Action:<\/p><ul id=\"checklist\"><li class=\"checklist-item-project\">Pr\u00e9coniser la libert\u00e9 d&#8217;\u00e9ducation et du droit de chaque enfant d&#8217;avoir l&#8217;exc\u00e8s \u00e0 l&#8217;instruction (&#8220;\u00e9ducation pour tout le&#8221; programme dans la r\u00e9alisation avec l&#8217;UNESCO).<\/li><li class=\"checklist-item-project\">Placer la radiographie annuelle r\u00e9gionale des \u00e9coles catholiques.<\/li><li class=\"checklist-item-project\">Proposer les projets annuels pour aider \u00e0 approfondir les relations entre les secr\u00e9tariats nationaux et\/ou les niveaux d&#8217;\u00e9coles.<\/li><li class=\"checklist-item-project\">Ex\u00e9cuter les bases des grands projets.<\/li><li class=\"checklist-item-project\">Continuer la cr\u00e9ation du site Web r\u00e9gional de secr\u00e9tariat (en construction).<\/li><li class=\"checklist-item-project\">Noter les statuts et les proc\u00e9dures des Fonctions administratives de secr\u00e9tariat r\u00e9gional.<\/li><\/ul><\/div>\n\t\t\t\t<\/div>\n\t\t\t\t\t\t\t\t<\/div>\n\t\t\t\t<\/div>\n\t\t\t\t<\/div>\n\t\t\t\t\t<\/div>\n\t\t<\/div>\n\t\t\t\t\t<\/div>\n\t\t<\/section>\n\t\t\t\t<\/div>\n\t\t","protected":false},"excerpt":{"rendered":"<p>Secr\u00e9tariat R\u00e9gionalau MOYEN-ORIENT ET AFRIQUE DU NORD\u200b MENA &#8211; OIEC Adresse :\u00a0 \u00a0 Beit-Mery, A\u00efn-Najm, Rue Via Vitae, BP 169, BeyrouthLEBANON Nom : P\u00e8re Youssef NASR Mail : p.youssefnasr@hotmail.com Site :\u00a0 BREF HISTORIQUE Conna\u00eetre les fondements sociaux de l&#8217;\u00e9ducation est cruciale dans une communaut\u00e9 aussi diverse que le Moyen-Orient-Afrique du Nord (MENA). La fa\u00e7on dont nous structurons notre milieu scolaire&#8230;<\/p>\n","protected":false},"author":3,"featured_media":0,"parent":6573,"menu_order":0,"comment_status":"closed","ping_status":"closed","template":"","meta":{"_eb_attr":"","footnotes":""},"class_list":["post-5853","page","type-page","status-publish","hentry"],"_links":{"self":[{"href":"https:\/\/oiecinternational.com\/fr\/wp-json\/wp\/v2\/pages\/5853"}],"collection":[{"href":"https:\/\/oiecinternational.com\/fr\/wp-json\/wp\/v2\/pages"}],"about":[{"href":"https:\/\/oiecinternational.com\/fr\/wp-json\/wp\/v2\/types\/page"}],"author":[{"embeddable":true,"href":"https:\/\/oiecinternational.com\/fr\/wp-json\/wp\/v2\/users\/3"}],"replies":[{"embeddable":true,"href":"https:\/\/oiecinternational.com\/fr\/wp-json\/wp\/v2\/comments?post=5853"}],"version-history":[{"count":0,"href":"https:\/\/oiecinternational.com\/fr\/wp-json\/wp\/v2\/pages\/5853\/revisions"}],"up":[{"embeddable":true,"href":"https:\/\/oiecinternational.com\/fr\/wp-json\/wp\/v2\/pages\/6573"}],"wp:attachment":[{"href":"https:\/\/oiecinternational.com\/fr\/wp-json\/wp\/v2\/media?parent=5853"}],"curies":[{"name":"wp","href":"https:\/\/api.w.org\/{rel}","templated":true}]}}