{"id":5881,"date":"2023-02-22T10:56:48","date_gmt":"2023-02-22T09:56:48","guid":{"rendered":"http:\/\/jcgqqhj.cluster030.hosting.ovh.net\/fr\/?page_id=5881"},"modified":"2024-11-25T20:50:09","modified_gmt":"2024-11-25T19:50:09","slug":"ameriques","status":"publish","type":"page","link":"https:\/\/oiecinternational.com\/fr\/loiec\/les-regions\/ameriques\/","title":{"rendered":"AMERIQUES"},"content":{"rendered":"\t\t<div data-elementor-type=\"wp-page\" data-elementor-id=\"5881\" class=\"elementor elementor-5881\">\n\t\t\t\t\t\t<section class=\"elementor-section elementor-top-section elementor-element elementor-element-fc5269c elementor-section-boxed elementor-section-height-default elementor-section-height-default elementor-invisible\" data-id=\"fc5269c\" data-element_type=\"section\" data-settings=\"{&quot;animation&quot;:&quot;zoomIn&quot;}\">\n\t\t\t\t\t\t<div class=\"elementor-container elementor-column-gap-default\">\n\t\t\t\t\t<div class=\"elementor-column elementor-col-100 elementor-top-column elementor-element elementor-element-01ee456\" data-id=\"01ee456\" data-element_type=\"column\">\n\t\t\t<div class=\"elementor-widget-wrap elementor-element-populated\">\n\t\t\t\t\t\t<div class=\"elementor-element elementor-element-afb0c4b elementor-widget elementor-widget-image\" data-id=\"afb0c4b\" data-element_type=\"widget\" data-widget_type=\"image.default\">\n\t\t\t\t<div class=\"elementor-widget-container\">\n\t\t\t\t\t\t\t\t\t\t\t\t\t<img fetchpriority=\"high\" decoding=\"async\" width=\"1050\" height=\"600\" src=\"https:\/\/oiecinternational.com\/fr\/wp-content\/uploads\/sites\/3\/2023\/02\/AMERIQUES-OIEC-1.png\" class=\"attachment-full size-full wp-image-6441\" alt=\"\" srcset=\"https:\/\/oiecinternational.com\/fr\/wp-content\/uploads\/sites\/3\/2023\/02\/AMERIQUES-OIEC-1.png 1050w, https:\/\/oiecinternational.com\/fr\/wp-content\/uploads\/sites\/3\/2023\/02\/AMERIQUES-OIEC-1-300x171.png 300w, https:\/\/oiecinternational.com\/fr\/wp-content\/uploads\/sites\/3\/2023\/02\/AMERIQUES-OIEC-1-1024x585.png 1024w, https:\/\/oiecinternational.com\/fr\/wp-content\/uploads\/sites\/3\/2023\/02\/AMERIQUES-OIEC-1-768x439.png 768w\" sizes=\"(max-width: 1050px) 100vw, 1050px\" \/>\t\t\t\t\t\t\t\t\t\t\t\t\t<\/div>\n\t\t\t\t<\/div>\n\t\t\t\t\t<\/div>\n\t\t<\/div>\n\t\t\t\t\t<\/div>\n\t\t<\/section>\n\t\t\t\t<section class=\"elementor-section elementor-top-section elementor-element elementor-element-adeeec4 elementor-section-boxed elementor-section-height-default elementor-section-height-default\" data-id=\"adeeec4\" data-element_type=\"section\">\n\t\t\t\t\t\t<div class=\"elementor-container elementor-column-gap-default\">\n\t\t\t\t\t<div class=\"elementor-column elementor-col-100 elementor-top-column elementor-element elementor-element-7a7ade0\" data-id=\"7a7ade0\" data-element_type=\"column\">\n\t\t\t<div class=\"elementor-widget-wrap elementor-element-populated\">\n\t\t\t\t\t\t<div class=\"elementor-element elementor-element-c1304ac elementor-widget elementor-widget-text-editor\" data-id=\"c1304ac\" data-element_type=\"widget\" data-widget_type=\"text-editor.default\">\n\t\t\t\t<div class=\"elementor-widget-container\">\n\t\t\t\t\t\t\t<h2 class=\"elementor-heading-title elementor-size-default elementor-inline-editing pen\" style=\"text-align: center;\" contenteditable=\"true\" data-elementor-setting-key=\"title\" data-pen-placeholder=\"Type Here...\"><strong style=\"font-size: 1.1em;\">Conf\u00e9d\u00e9ration <span style=\"color: #33b3d4;\">Interam\u00e9ricaine<\/span> d&#8217;<\/strong><strong id=\"subtitle\" style=\"font-size: 1.1em;\">\u00c9<\/strong><strong id=\"subtitle\" style=\"font-size: 1.1em;\">ducation <\/strong>\u200b<\/h2>\t\t\t\t\t\t<\/div>\n\t\t\t\t<\/div>\n\t\t\t\t\t<\/div>\n\t\t<\/div>\n\t\t\t\t\t<\/div>\n\t\t<\/section>\n\t\t\t\t<section class=\"elementor-section elementor-top-section elementor-element elementor-element-72b7a84 elementor-section-boxed elementor-section-height-default elementor-section-height-default\" data-id=\"72b7a84\" data-element_type=\"section\">\n\t\t\t\t\t\t<div class=\"elementor-container elementor-column-gap-default\">\n\t\t\t\t\t<div class=\"elementor-column elementor-col-100 elementor-top-column elementor-element elementor-element-40d0bd4\" data-id=\"40d0bd4\" data-element_type=\"column\">\n\t\t\t<div class=\"elementor-widget-wrap elementor-element-populated\">\n\t\t\t\t\t\t<div class=\"elementor-element elementor-element-b8cb49f elementor-widget elementor-widget-heading\" data-id=\"b8cb49f\" data-element_type=\"widget\" data-widget_type=\"heading.default\">\n\t\t\t\t<div class=\"elementor-widget-container\">\n\t\t\t<h2 class=\"elementor-heading-title elementor-size-default\">CIEC<\/h2>\t\t<\/div>\n\t\t\t\t<\/div>\n\t\t\t\t\t<\/div>\n\t\t<\/div>\n\t\t\t\t\t<\/div>\n\t\t<\/section>\n\t\t\t\t<section class=\"elementor-section elementor-top-section elementor-element elementor-element-8368357 elementor-section-boxed elementor-section-height-default elementor-section-height-default\" data-id=\"8368357\" data-element_type=\"section\">\n\t\t\t\t\t\t<div class=\"elementor-container elementor-column-gap-default\">\n\t\t\t\t\t<div class=\"elementor-column elementor-col-100 elementor-top-column elementor-element elementor-element-8e2cae0\" data-id=\"8e2cae0\" data-element_type=\"column\">\n\t\t\t<div class=\"elementor-widget-wrap elementor-element-populated\">\n\t\t\t\t\t\t\t<\/div>\n\t\t<\/div>\n\t\t\t\t\t<\/div>\n\t\t<\/section>\n\t\t\t\t<section class=\"elementor-section elementor-top-section elementor-element elementor-element-a10def4 elementor-section-boxed elementor-section-height-default elementor-section-height-default\" data-id=\"a10def4\" data-element_type=\"section\">\n\t\t\t\t\t\t<div class=\"elementor-container elementor-column-gap-default\">\n\t\t\t\t\t<div class=\"elementor-column elementor-col-50 elementor-top-column elementor-element elementor-element-77d6915\" data-id=\"77d6915\" data-element_type=\"column\">\n\t\t\t<div class=\"elementor-widget-wrap elementor-element-populated\">\n\t\t\t\t\t\t<div class=\"elementor-element elementor-element-0b61b02 elementor-widget elementor-widget-text-editor\" data-id=\"0b61b02\" data-element_type=\"widget\" data-widget_type=\"text-editor.default\">\n\t\t\t\t<div class=\"elementor-widget-container\">\n\t\t\t\t\t\t\t<h4><strong><img decoding=\"async\" class=\"wp-image-5814 alignleft\" src=\"http:\/\/oiecinternational.com\/fr\/wp-content\/uploads\/sites\/3\/2023\/02\/icone-maison.png\" alt=\"\" width=\"33\" height=\"26\" \/> Adresse :\u00a0 \u00a0<\/strong><\/h4><h4 style=\"padding-left: 40px;\"><span style=\"color: #808080;\">147e rue n \u00b0 50 &#8211; 92. <\/span><br \/><span style=\"color: #808080;\">Bogota <\/span><br \/><span style=\"color: #808080;\">COLOMBIE<\/span><\/h4><h4><strong><img decoding=\"async\" class=\"size-full wp-image-5815 alignleft\" src=\"http:\/\/oiecinternational.com\/fr\/wp-content\/uploads\/sites\/3\/2023\/02\/icone-name.png\" alt=\"\" width=\"33\" height=\"26\" \/> Nom : <span style=\"color: #808080;\">Oscar A. P\u00e9rez Sayago<\/span><\/strong><\/h4><h4><strong><img loading=\"lazy\" decoding=\"async\" class=\"size-full wp-image-5818 alignleft\" src=\"http:\/\/oiecinternational.com\/fr\/wp-content\/uploads\/sites\/3\/2023\/02\/icone-mail.png\" alt=\"\" width=\"33\" height=\"26\" \/> Mail : <span style=\"color: #808080;\">secretariogeneral@ciec.edu.co<\/span><\/strong><\/h4><h4><strong><img loading=\"lazy\" decoding=\"async\" class=\"size-full wp-image-5816 alignleft\" src=\"http:\/\/oiecinternational.com\/fr\/wp-content\/uploads\/sites\/3\/2023\/02\/icone-web.png\" alt=\"\" width=\"33\" height=\"26\" \/>Site : <span style=\"color: #808080;\"><a style=\"color: #808080;\" href=\"https:\/\/ciec.edu.co\">https:\/\/ciec.edu.co\/<\/a><\/span><\/strong><\/h4>\t\t\t\t\t\t<\/div>\n\t\t\t\t<\/div>\n\t\t\t\t\t<\/div>\n\t\t<\/div>\n\t\t\t\t<div class=\"elementor-column elementor-col-50 elementor-top-column elementor-element elementor-element-a65b254\" data-id=\"a65b254\" data-element_type=\"column\">\n\t\t\t<div class=\"elementor-widget-wrap elementor-element-populated\">\n\t\t\t\t\t\t<div class=\"elementor-element elementor-element-70c5c4c elementor-widget elementor-widget-google_maps\" data-id=\"70c5c4c\" data-element_type=\"widget\" data-widget_type=\"google_maps.default\">\n\t\t\t\t<div class=\"elementor-widget-container\">\n\t\t\t\t\t<div class=\"elementor-custom-embed\">\n\t\t\t<iframe loading=\"lazy\"\n\t\t\t\t\tsrc=\"https:\/\/maps.google.com\/maps?q=Confederaci%C3%B3n%20Interamericana%20de%20Educaci%C3%B3n%20Cat%C3%B3lica%2C%20Cl.%20147a%20%2350-92%2C%20Bogot%C3%A1%2C%20Colombie&#038;t=m&#038;z=12&#038;output=embed&#038;iwloc=near\"\n\t\t\t\t\ttitle=\"Confederaci\u00f3n Interamericana de Educaci\u00f3n Cat\u00f3lica, Cl. 147a #50-92, Bogot\u00e1, Colombie\"\n\t\t\t\t\taria-label=\"Confederaci\u00f3n Interamericana de Educaci\u00f3n Cat\u00f3lica, Cl. 147a #50-92, Bogot\u00e1, Colombie\"\n\t\t\t><\/iframe>\n\t\t<\/div>\n\t\t\t\t<\/div>\n\t\t\t\t<\/div>\n\t\t\t\t\t<\/div>\n\t\t<\/div>\n\t\t\t\t\t<\/div>\n\t\t<\/section>\n\t\t\t\t<section class=\"elementor-section elementor-top-section elementor-element elementor-element-5b988ea elementor-section-boxed elementor-section-height-default elementor-section-height-default\" data-id=\"5b988ea\" data-element_type=\"section\">\n\t\t\t\t\t\t<div class=\"elementor-container elementor-column-gap-default\">\n\t\t\t\t\t<div class=\"elementor-column elementor-col-100 elementor-top-column elementor-element elementor-element-6e54c65\" data-id=\"6e54c65\" data-element_type=\"column\">\n\t\t\t<div class=\"elementor-widget-wrap elementor-element-populated\">\n\t\t\t\t\t\t<div class=\"elementor-element elementor-element-2f4079c elementor-widget elementor-widget-toggle\" data-id=\"2f4079c\" data-element_type=\"widget\" data-widget_type=\"toggle.default\">\n\t\t\t\t<div class=\"elementor-widget-container\">\n\t\t\t\t\t<div class=\"elementor-toggle\">\n\t\t\t\t\t\t\t<div class=\"elementor-toggle-item\">\n\t\t\t\t\t<div id=\"elementor-tab-title-4951\" class=\"elementor-tab-title\" data-tab=\"1\" role=\"button\" aria-controls=\"elementor-tab-content-4951\" aria-expanded=\"false\">\n\t\t\t\t\t\t\t\t\t\t\t\t<span class=\"elementor-toggle-icon elementor-toggle-icon-right\" aria-hidden=\"true\">\n\t\t\t\t\t\t\t\t\t\t\t\t\t\t\t<span class=\"elementor-toggle-icon-closed\"><i class=\"fas fa-caret-right\"><\/i><\/span>\n\t\t\t\t\t\t\t\t<span class=\"elementor-toggle-icon-opened\"><i class=\"elementor-toggle-icon-opened fas fa-caret-up\"><\/i><\/span>\n\t\t\t\t\t\t\t\t\t\t\t\t\t<\/span>\n\t\t\t\t\t\t\t\t\t\t\t\t<a class=\"elementor-toggle-title\" tabindex=\"0\">BREF HISTORIQUE<\/a>\n\t\t\t\t\t<\/div>\n\n\t\t\t\t\t<div id=\"elementor-tab-content-4951\" class=\"elementor-tab-content elementor-clearfix\" data-tab=\"1\" role=\"region\" aria-labelledby=\"elementor-tab-title-4951\"><p>En 1945 eut lieu \u00e0 Bogota le 1er Congr\u00e8s de l&#8217;Enseignement Catholique, encourag\u00e9 par Conf\u00e9d\u00e9ration Nationale des Ecoles Catholiques Priv\u00e9es de Colombie &#8211; aujourd&#8217;hui la CONACED, les dirigeants de l&#8217;Universit\u00e9 Pontificale Javeriana et soutenu par Monseigneur Ismael Perdomo, Archev\u00eaque de Bogota \u00e0 l&#8217;\u00e9poque. 13 pays y particip\u00e8rent ; ces 13 pays cr\u00e9\u00e8rent la CIEC le 7 juin de la m\u00eame ann\u00e9e.<\/p><p>La ville de Bogota fut choisie comme si\u00e8ge du comit\u00e9 permanent, qui serait charg\u00e9 de consolider la Conf\u00e9d\u00e9ration en devenir, cr\u00e9\u00e9e devant les Congr\u00e8s Interam\u00e9ricains, et de mettre sur pied un organe de diffusion.<\/p><div id=\"box\"><strong>La CIEC est actuellement une institution de droit civil, sans but lucratif, au service de l&#8217;Enseignement en Am\u00e9rique. <\/strong><\/div><div><strong>Elle a pour but de:<\/strong><ul id=\"checklist\"><li class=\"checklist-item\">Transmettre et appliquer les principes de l&#8217;enseignement inspir\u00e9s par les valeurs \u00e9vang\u00e9liques.<\/li><li class=\"checklist-item\">Promouvoir la qualit\u00e9 \u00e9ducative, l&#8217;enseignement int\u00e9gral, la d\u00e9fense de la vie et une utilisation sens\u00e9e de l&#8217;environnement.<\/li><li class=\"checklist-item\">Aider les familles \u00e0 assumer leur r\u00f4le \u00e9ducatif de fa\u00e7on responsable, gr\u00e2ce \u00e0 la formation, l&#8217;accompagnement et l&#8217;\u00e9valuation.<\/li><li class=\"checklist-item\">Veiller \u00e0 ce que le droit universel \u00e0 l&#8217;\u00e9ducation soit respect\u00e9, particuli\u00e8rement chez les pauvres et les groupes vuln\u00e9rables.<\/li><li class=\"checklist-item\">Faire respecter le droit des familles \u00e0 choisir librement le mode d&#8217;enseignement et le centre d&#8217;enseignement de leurs enfants.<\/li><li class=\"checklist-item\">Coop\u00e9rer avec diff\u00e9rentes organisations afin de cr\u00e9er des politiques et mettre en \u0153uvre la responsabilit\u00e9 sociale de l&#8217;entreprise.<\/li><\/ul><\/div><p><br \/>Petit \u00e0 petit, des membres d&#8217;autres pays rejoignirent la Conf\u00e9d\u00e9ration, pour atteindre le nombre de 24 aujourd&#8217;hui.<\/p><p>La Conf\u00e9d\u00e9ration de Colombie a publi\u00e9 la &#8220;Revue P\u00e9dagogique&#8221;, qui a servi d&#8217;inspiration pour cr\u00e9er la &#8220;Revue Interam\u00e9ricaine de l&#8217;Enseignement&#8221;, aujourd&#8217;hui appel\u00e9e &#8220;L&#8217;Enseignement Aujourd&#8217;hui&#8221;.<\/p><p>Vingt Congr\u00e8s furent organis\u00e9s dans diff\u00e9rentes capitales, les th\u00e8mes suivants y furent entre autres abord\u00e9s: la philosophie de l&#8217;enseignement; la contribution de l&#8217;enseignement catholique au d\u00e9veloppement de l&#8217;Am\u00e9rique; l&#8217;\u00e9cole en tant que communaut\u00e9 \u00e9ducative; une m\u00e9thodologie d&#8217;enseignement dans et pour la Justice; les retrouvailles avec la famille.<\/p><div id=\"colored-box\"><strong>La CIEC fournit des services dans les domaines suivants:<\/strong><ul id=\"checklist\"><li class=\"checklist-item\">Formation permanente<\/li><li class=\"checklist-item\">Animation<\/li><li class=\"checklist-item\">Publications<\/li><li class=\"checklist-item\">Projets<\/li><li class=\"checklist-item\">Recherche<\/li><\/ul><\/div><p>Son travail porte sur les populations urbaines, populaires, indig\u00e8nes, rurales et les secteurs marginalis\u00e9s et vuln\u00e9rables.<\/p><p>La CIEC touche plus de 50.000 centres d&#8217;enseignement, 30 millions d&#8217;\u00e9l\u00e8ves, 10 millions de familles et 900.000 enseignants.<\/p><\/div>\n\t\t\t\t<\/div>\n\t\t\t\t\t\t\t<div class=\"elementor-toggle-item\">\n\t\t\t\t\t<div id=\"elementor-tab-title-4952\" class=\"elementor-tab-title\" data-tab=\"2\" role=\"button\" aria-controls=\"elementor-tab-content-4952\" aria-expanded=\"false\">\n\t\t\t\t\t\t\t\t\t\t\t\t<span class=\"elementor-toggle-icon elementor-toggle-icon-right\" aria-hidden=\"true\">\n\t\t\t\t\t\t\t\t\t\t\t\t\t\t\t<span class=\"elementor-toggle-icon-closed\"><i class=\"fas fa-caret-right\"><\/i><\/span>\n\t\t\t\t\t\t\t\t<span class=\"elementor-toggle-icon-opened\"><i class=\"elementor-toggle-icon-opened fas fa-caret-up\"><\/i><\/span>\n\t\t\t\t\t\t\t\t\t\t\t\t\t<\/span>\n\t\t\t\t\t\t\t\t\t\t\t\t<a class=\"elementor-toggle-title\" tabindex=\"0\">LES PROGRAMMES EN COURS<\/a>\n\t\t\t\t\t<\/div>\n\n\t\t\t\t\t<div id=\"elementor-tab-content-4952\" class=\"elementor-tab-content elementor-clearfix\" data-tab=\"2\" role=\"region\" aria-labelledby=\"elementor-tab-title-4952\"><p><strong>Au cours des prochaines ann\u00e9es, la CIEC propose de renforcer les lignes d&#8217;action suivantes:<\/strong><\/p><ul id=\"checklist\"><li class=\"checklist-item-project\">Accro\u00eetre le sentiment d&#8217;appartenance de tous les pays affili\u00e9s et \u00e9tablir des canaux de communication plus fluides entre eux.<\/li><li class=\"checklist-item-project\">Favoriser la fonction d&#8217;animatrice de la secr\u00e9taire g\u00e9n\u00e9rale.<\/li><li class=\"checklist-item-project\">Privil\u00e9gier les lignes d&#8217;action actuellement prioritaires dans tout le continent, en mati\u00e8re d&#8217;enseignement: orientation et \u00e9ducation familiale, soutien aux exclus, enseignement de qualit\u00e9, etc<\/li><li class=\"checklist-item-project\">Cr\u00e9er des groupes interdisciplinaires et internationaux de r\u00e9flexion et d&#8217;\u00e9valuation de l&#8217;enseignement.<\/li><li class=\"checklist-item-project\">Favoriser la formation permanente de tout le personnel qui travaille dans nos centres.<\/li><li class=\"checklist-item-project\">Mieux asseoir \u00e9conomiquement nos plans et projets.<\/li><li class=\"checklist-item-project\">Elargir le service que la CIEC fournit \u00e0 tous les pays non hispanophones de la r\u00e9gion (anglophones, francophones, lusophones, n\u00e9erlandophones).<\/li><li class=\"checklist-item-project\">Etablir des synergies permanentes et dynamiques avec les autres F\u00e9d\u00e9rations de l&#8217;Enseignement Catholique du monde et avec d&#8217;autres Institutions poursuivant les m\u00eames objectifs.<\/li><\/ul><\/div>\n\t\t\t\t<\/div>\n\t\t\t\t\t\t\t\t<\/div>\n\t\t\t\t<\/div>\n\t\t\t\t<\/div>\n\t\t\t\t\t<\/div>\n\t\t<\/div>\n\t\t\t\t\t<\/div>\n\t\t<\/section>\n\t\t\t\t<\/div>\n\t\t","protected":false},"excerpt":{"rendered":"<p>Conf\u00e9d\u00e9ration Interam\u00e9ricaine d&#8217;\u00c9ducation \u200b CIEC Adresse :\u00a0 \u00a0 147e rue n \u00b0 50 &#8211; 92. Bogota COLOMBIE Nom : Oscar A. P\u00e9rez Sayago Mail : secretariogeneral@ciec.edu.co Site : https:\/\/ciec.edu.co\/ BREF HISTORIQUE En 1945 eut lieu \u00e0 Bogota le 1er Congr\u00e8s de l&#8217;Enseignement Catholique, encourag\u00e9 par Conf\u00e9d\u00e9ration Nationale des Ecoles Catholiques Priv\u00e9es de Colombie &#8211; aujourd&#8217;hui la CONACED, les dirigeants de&#8230;<\/p>\n","protected":false},"author":3,"featured_media":0,"parent":6573,"menu_order":0,"comment_status":"closed","ping_status":"closed","template":"","meta":{"_eb_attr":"","footnotes":""},"class_list":["post-5881","page","type-page","status-publish","hentry"],"_links":{"self":[{"href":"https:\/\/oiecinternational.com\/fr\/wp-json\/wp\/v2\/pages\/5881"}],"collection":[{"href":"https:\/\/oiecinternational.com\/fr\/wp-json\/wp\/v2\/pages"}],"about":[{"href":"https:\/\/oiecinternational.com\/fr\/wp-json\/wp\/v2\/types\/page"}],"author":[{"embeddable":true,"href":"https:\/\/oiecinternational.com\/fr\/wp-json\/wp\/v2\/users\/3"}],"replies":[{"embeddable":true,"href":"https:\/\/oiecinternational.com\/fr\/wp-json\/wp\/v2\/comments?post=5881"}],"version-history":[{"count":4,"href":"https:\/\/oiecinternational.com\/fr\/wp-json\/wp\/v2\/pages\/5881\/revisions"}],"predecessor-version":[{"id":8005,"href":"https:\/\/oiecinternational.com\/fr\/wp-json\/wp\/v2\/pages\/5881\/revisions\/8005"}],"up":[{"embeddable":true,"href":"https:\/\/oiecinternational.com\/fr\/wp-json\/wp\/v2\/pages\/6573"}],"wp:attachment":[{"href":"https:\/\/oiecinternational.com\/fr\/wp-json\/wp\/v2\/media?parent=5881"}],"curies":[{"name":"wp","href":"https:\/\/api.w.org\/{rel}","templated":true}]}}