{"id":5902,"date":"2023-02-22T11:26:18","date_gmt":"2023-02-22T10:26:18","guid":{"rendered":"http:\/\/jcgqqhj.cluster030.hosting.ovh.net\/fr\/?page_id=5902"},"modified":"2024-11-25T20:33:43","modified_gmt":"2024-11-25T19:33:43","slug":"europe","status":"publish","type":"page","link":"https:\/\/oiecinternational.com\/fr\/loiec\/les-regions\/europe\/","title":{"rendered":"EUROPE"},"content":{"rendered":"\t\t<div data-elementor-type=\"wp-page\" data-elementor-id=\"5902\" class=\"elementor elementor-5902\">\n\t\t\t\t\t\t<section class=\"elementor-section elementor-top-section elementor-element elementor-element-fc5269c elementor-section-boxed elementor-section-height-default elementor-section-height-default elementor-invisible\" data-id=\"fc5269c\" data-element_type=\"section\" data-settings=\"{&quot;animation&quot;:&quot;zoomIn&quot;}\">\n\t\t\t\t\t\t<div class=\"elementor-container elementor-column-gap-default\">\n\t\t\t\t\t<div class=\"elementor-column elementor-col-100 elementor-top-column elementor-element elementor-element-01ee456\" data-id=\"01ee456\" data-element_type=\"column\">\n\t\t\t<div class=\"elementor-widget-wrap elementor-element-populated\">\n\t\t\t\t\t\t<div class=\"elementor-element elementor-element-afb0c4b elementor-widget elementor-widget-image\" data-id=\"afb0c4b\" data-element_type=\"widget\" data-widget_type=\"image.default\">\n\t\t\t\t<div class=\"elementor-widget-container\">\n\t\t\t\t\t\t\t\t\t\t\t\t\t<img fetchpriority=\"high\" decoding=\"async\" width=\"1050\" height=\"600\" src=\"https:\/\/oiecinternational.com\/fr\/wp-content\/uploads\/sites\/3\/2023\/02\/EUROPE-ET-OIEC.png\" class=\"attachment-full size-full wp-image-6452\" alt=\"\" srcset=\"https:\/\/oiecinternational.com\/fr\/wp-content\/uploads\/sites\/3\/2023\/02\/EUROPE-ET-OIEC.png 1050w, https:\/\/oiecinternational.com\/fr\/wp-content\/uploads\/sites\/3\/2023\/02\/EUROPE-ET-OIEC-300x171.png 300w, https:\/\/oiecinternational.com\/fr\/wp-content\/uploads\/sites\/3\/2023\/02\/EUROPE-ET-OIEC-1024x585.png 1024w, https:\/\/oiecinternational.com\/fr\/wp-content\/uploads\/sites\/3\/2023\/02\/EUROPE-ET-OIEC-768x439.png 768w\" sizes=\"(max-width: 1050px) 100vw, 1050px\" \/>\t\t\t\t\t\t\t\t\t\t\t\t\t<\/div>\n\t\t\t\t<\/div>\n\t\t\t\t\t<\/div>\n\t\t<\/div>\n\t\t\t\t\t<\/div>\n\t\t<\/section>\n\t\t\t\t<section class=\"elementor-section elementor-top-section elementor-element elementor-element-adeeec4 elementor-section-boxed elementor-section-height-default elementor-section-height-default\" data-id=\"adeeec4\" data-element_type=\"section\">\n\t\t\t\t\t\t<div class=\"elementor-container elementor-column-gap-default\">\n\t\t\t\t\t<div class=\"elementor-column elementor-col-100 elementor-top-column elementor-element elementor-element-7a7ade0\" data-id=\"7a7ade0\" data-element_type=\"column\">\n\t\t\t<div class=\"elementor-widget-wrap elementor-element-populated\">\n\t\t\t\t\t\t<div class=\"elementor-element elementor-element-c1304ac elementor-widget elementor-widget-text-editor\" data-id=\"c1304ac\" data-element_type=\"widget\" data-widget_type=\"text-editor.default\">\n\t\t\t\t<div class=\"elementor-widget-container\">\n\t\t\t\t\t\t\t<h2 class=\"elementor-heading-title elementor-size-default elementor-inline-editing pen\" style=\"text-align: center;\" contenteditable=\"true\" data-elementor-setting-key=\"title\" data-pen-placeholder=\"Type Here...\"><strong id=\"subtitle\" style=\"font-size: 1.1em;\">Comit\u00e9 <span style=\"color: #ff9900;\"><strong>EUROP\u00c9EN <br \/><\/strong><\/span>pour l&#8217;Enseignement Catholique<\/strong>\u200b<\/h2>\t\t\t\t\t\t<\/div>\n\t\t\t\t<\/div>\n\t\t\t\t\t<\/div>\n\t\t<\/div>\n\t\t\t\t\t<\/div>\n\t\t<\/section>\n\t\t\t\t<section class=\"elementor-section elementor-top-section elementor-element elementor-element-72b7a84 elementor-section-boxed elementor-section-height-default elementor-section-height-default\" data-id=\"72b7a84\" data-element_type=\"section\">\n\t\t\t\t\t\t<div class=\"elementor-container elementor-column-gap-default\">\n\t\t\t\t\t<div class=\"elementor-column elementor-col-100 elementor-top-column elementor-element elementor-element-40d0bd4\" data-id=\"40d0bd4\" data-element_type=\"column\">\n\t\t\t<div class=\"elementor-widget-wrap elementor-element-populated\">\n\t\t\t\t\t\t<div class=\"elementor-element elementor-element-b8cb49f elementor-widget elementor-widget-heading\" data-id=\"b8cb49f\" data-element_type=\"widget\" data-widget_type=\"heading.default\">\n\t\t\t\t<div class=\"elementor-widget-container\">\n\t\t\t<h2 class=\"elementor-heading-title elementor-size-default\">CEEC<\/h2>\t\t<\/div>\n\t\t\t\t<\/div>\n\t\t\t\t\t<\/div>\n\t\t<\/div>\n\t\t\t\t\t<\/div>\n\t\t<\/section>\n\t\t\t\t<section class=\"elementor-section elementor-top-section elementor-element elementor-element-8368357 elementor-section-boxed elementor-section-height-default elementor-section-height-default\" data-id=\"8368357\" data-element_type=\"section\">\n\t\t\t\t\t\t<div class=\"elementor-container elementor-column-gap-default\">\n\t\t\t\t\t<div class=\"elementor-column elementor-col-100 elementor-top-column elementor-element elementor-element-8e2cae0\" data-id=\"8e2cae0\" data-element_type=\"column\">\n\t\t\t<div class=\"elementor-widget-wrap elementor-element-populated\">\n\t\t\t\t\t\t\t<\/div>\n\t\t<\/div>\n\t\t\t\t\t<\/div>\n\t\t<\/section>\n\t\t\t\t<section class=\"elementor-section elementor-top-section elementor-element elementor-element-a10def4 elementor-section-boxed elementor-section-height-default elementor-section-height-default\" data-id=\"a10def4\" data-element_type=\"section\">\n\t\t\t\t\t\t<div class=\"elementor-container elementor-column-gap-default\">\n\t\t\t\t\t<div class=\"elementor-column elementor-col-50 elementor-top-column elementor-element elementor-element-77d6915\" data-id=\"77d6915\" data-element_type=\"column\">\n\t\t\t<div class=\"elementor-widget-wrap elementor-element-populated\">\n\t\t\t\t\t\t<div class=\"elementor-element elementor-element-0b61b02 elementor-widget elementor-widget-text-editor\" data-id=\"0b61b02\" data-element_type=\"widget\" data-widget_type=\"text-editor.default\">\n\t\t\t\t<div class=\"elementor-widget-container\">\n\t\t\t\t\t\t\t<h4><strong><img decoding=\"async\" class=\"wp-image-5814 alignleft\" src=\"http:\/\/oiecinternational.com\/fr\/wp-content\/uploads\/sites\/3\/2023\/02\/icone-maison.png\" alt=\"\" width=\"33\" height=\"26\" \/> Adresse :\u00a0 \u00a0<\/strong><\/h4><h4 style=\"padding-left: 40px;\"><span style=\"color: #808080;\">100, Avenue Emmanuel Mounier, <\/span><br \/><span style=\"color: #808080;\">1200 Bruxelles<\/span><br \/><span style=\"color: #808080;\">BELGIQUE <\/span><\/h4><h4><strong><img decoding=\"async\" class=\"size-full wp-image-5815 alignleft\" src=\"http:\/\/oiecinternational.com\/fr\/wp-content\/uploads\/sites\/3\/2023\/02\/icone-name.png\" alt=\"\" width=\"33\" height=\"26\" \/> Nom :\u00a0<\/strong><span style=\"color: #808080;\">Louis-Marie PIRON<\/span><\/h4><h4><strong><img loading=\"lazy\" decoding=\"async\" class=\"size-full wp-image-5818 alignleft\" src=\"http:\/\/oiecinternational.com\/fr\/wp-content\/uploads\/sites\/3\/2023\/02\/icone-mail.png\" alt=\"\" width=\"33\" height=\"26\" \/> Mail :\u00a0 <span style=\"color: #808080;\"><a style=\"color: #808080;\" href=\"mailto:ceec@ceec.be\">ceec@ceec.be<\/a><\/span><\/strong><\/h4><h4><strong><img loading=\"lazy\" decoding=\"async\" class=\"size-full wp-image-5816 alignleft\" src=\"http:\/\/oiecinternational.com\/fr\/wp-content\/uploads\/sites\/3\/2023\/02\/icone-web.png\" alt=\"\" width=\"33\" height=\"26\" \/>Site : <span style=\"color: #808080;\"><a style=\"color: #808080;\" href=\"https:\/\/ceec.be\/\">https:\/\/ceec.be\/<\/a><\/span><\/strong><\/h4>\t\t\t\t\t\t<\/div>\n\t\t\t\t<\/div>\n\t\t\t\t\t<\/div>\n\t\t<\/div>\n\t\t\t\t<div class=\"elementor-column elementor-col-50 elementor-top-column elementor-element elementor-element-a65b254\" data-id=\"a65b254\" data-element_type=\"column\">\n\t\t\t<div class=\"elementor-widget-wrap elementor-element-populated\">\n\t\t\t\t\t\t<div class=\"elementor-element elementor-element-70c5c4c elementor-widget elementor-widget-google_maps\" data-id=\"70c5c4c\" data-element_type=\"widget\" data-widget_type=\"google_maps.default\">\n\t\t\t\t<div class=\"elementor-widget-container\">\n\t\t\t\t\t<div class=\"elementor-custom-embed\">\n\t\t\t<iframe loading=\"lazy\"\n\t\t\t\t\tsrc=\"https:\/\/maps.google.com\/maps?q=100%2C%20Avenue%20Emmanuel%20Mounier%2C%20%201200%20Bruxelles%20BELGIQUE%20&#038;t=m&#038;z=12&#038;output=embed&#038;iwloc=near\"\n\t\t\t\t\ttitle=\"100, Avenue Emmanuel Mounier,  1200 Bruxelles BELGIQUE \"\n\t\t\t\t\taria-label=\"100, Avenue Emmanuel Mounier,  1200 Bruxelles BELGIQUE \"\n\t\t\t><\/iframe>\n\t\t<\/div>\n\t\t\t\t<\/div>\n\t\t\t\t<\/div>\n\t\t\t\t\t<\/div>\n\t\t<\/div>\n\t\t\t\t\t<\/div>\n\t\t<\/section>\n\t\t\t\t<section class=\"elementor-section elementor-top-section elementor-element elementor-element-5b988ea elementor-section-boxed elementor-section-height-default elementor-section-height-default\" data-id=\"5b988ea\" data-element_type=\"section\">\n\t\t\t\t\t\t<div class=\"elementor-container elementor-column-gap-default\">\n\t\t\t\t\t<div class=\"elementor-column elementor-col-100 elementor-top-column elementor-element elementor-element-6e54c65\" data-id=\"6e54c65\" data-element_type=\"column\">\n\t\t\t<div class=\"elementor-widget-wrap elementor-element-populated\">\n\t\t\t\t\t\t<div class=\"elementor-element elementor-element-2f4079c elementor-widget elementor-widget-toggle\" data-id=\"2f4079c\" data-element_type=\"widget\" data-widget_type=\"toggle.default\">\n\t\t\t\t<div class=\"elementor-widget-container\">\n\t\t\t\t\t<div class=\"elementor-toggle\">\n\t\t\t\t\t\t\t<div class=\"elementor-toggle-item\">\n\t\t\t\t\t<div id=\"elementor-tab-title-4951\" class=\"elementor-tab-title\" data-tab=\"1\" role=\"button\" aria-controls=\"elementor-tab-content-4951\" aria-expanded=\"false\">\n\t\t\t\t\t\t\t\t\t\t\t\t<span class=\"elementor-toggle-icon elementor-toggle-icon-right\" aria-hidden=\"true\">\n\t\t\t\t\t\t\t\t\t\t\t\t\t\t\t<span class=\"elementor-toggle-icon-closed\"><i class=\"fas fa-caret-right\"><\/i><\/span>\n\t\t\t\t\t\t\t\t<span class=\"elementor-toggle-icon-opened\"><i class=\"elementor-toggle-icon-opened fas fa-caret-up\"><\/i><\/span>\n\t\t\t\t\t\t\t\t\t\t\t\t\t<\/span>\n\t\t\t\t\t\t\t\t\t\t\t\t<a class=\"elementor-toggle-title\" tabindex=\"0\">BREF HISTORIQUE<\/a>\n\t\t\t\t\t<\/div>\n\n\t\t\t\t\t<div id=\"elementor-tab-content-4951\" class=\"elementor-tab-content elementor-clearfix\" data-tab=\"1\" role=\"region\" aria-labelledby=\"elementor-tab-title-4951\"><p>Cr\u00e9\u00e9 en 1974 en tant que secr\u00e9tariat r\u00e9gional de l&#8217;Office International de l&#8217;\u00c9ducation catholique, le Comit\u00e9 europ\u00e9en pour l&#8217;Enseignement Catholique (CEEC) est aujourd&#8217;hui une association internationale sans but lucratif (selon la loi belge du 27 juin 1921).<\/p><p>Il est l&#8217;outil de coop\u00e9ration de 29 r\u00e9seaux de l&#8217;\u00e9ducation catholique dans 27 pays d&#8217;Europe centrale, orientale et d&#8217;Europe occidentale Pays : Albanie, Autriche, Belgique (Communaut\u00e9 flamande et francophone), Bosnie-Herz\u00e9govine, Croatie, R\u00e9publique Tch\u00e8que, Danemark, Angleterre et Pays de Galles, France, Allemagne, Gr\u00e8ce, Hongrie, Irlande (Eire), Italie, Lituanie, Malte, Pays-Bas, Norv\u00e8ge, Pologne, Portugal, Roumanie, Ecosse, Slovaquie, Slov\u00e9nie, Espagne, Su\u00e8de, Suisse et Ukraine.<\/p><p>Le CEEC est un lieu de rencontre pour les dirigeants de ces r\u00e9seaux, mais aussi un centre d&#8217;\u00e9tude et d&#8217;information. En outre, il assume le r\u00f4le de promoteur de l&#8217;enseignement catholique libre aupr\u00e8s des diff\u00e9rents organismes europ\u00e9ens. Ainsi, le CEEC repr\u00e9sente plus de 35 000 \u00e9coles et quelque 8 millions d&#8217;\u00e9l\u00e8ves.<\/p><p>Afin de se situer efficacement dans le domaine de l&#8217;\u00e9ducation et l&#8217;enseignement, le CEEC veut :<\/p><div id=\"box\"><ul id=\"checklist\"><li class=\"checklist-item\">\u00eatre au service de l&#8217;\u00e9ducation des jeunes et \u00e9tudier les principes fondamentaux de l&#8217;\u00e9ducation, ainsi que les probl\u00e8mes pos\u00e9s par leur application;<\/li><li class=\"checklist-item\">d\u00e9fendre et promouvoir les int\u00e9r\u00eats de l&#8217;enseignement catholique aupr\u00e8s des diff\u00e9rentes instances officielles europ\u00e9ennes et tous les organismes impliqu\u00e9s dans l&#8217;enseignement au niveau europ\u00e9en;<\/li><li class=\"checklist-item\">encourager la collaboration de ses membres afin d&#8217;assurer le d\u00e9veloppement et le perfectionnement didactique et p\u00e9dagogique et le perfectionnement de l&#8217;enseignement catholique;<\/li><li class=\"checklist-item\">suivre les initiatives priv\u00e9es ainsi que des dispositions l\u00e9gislatives ou r\u00e9glementaires prises au niveau national et international, afin de promouvoir l&#8217;\u00e9ducation sous ses diff\u00e9rentes formes;<\/li><li class=\"checklist-item\">promouvoir activement l&#8217;exercice effectif de La libert\u00e9 d&#8217;enseignement comme condition fondamentale du fonctionnement d&#8217;une soci\u00e9t\u00e9 d\u00e9mocratique, conform\u00e9ment \u00e0 la D\u00e9claration universelle des droits de l&#8217;homme et au Protocole additionnel \u00e0 la Convention europ\u00e9enne des droits de l&#8217;homme;<\/li><li class=\"checklist-item\">aider ses membres, notamment les plus d\u00e9favoris\u00e9es, dans l&#8217;exercice de leurs droits et devoirs;<\/li><li class=\"checklist-item\">mettre en \u00e9vidence les besoins de compl\u00e9mentarit\u00e9 des \u00e9ducateurs et l&#8217;apport sp\u00e9cifique de l&#8217;\u00e9cole catholique dans le projet \u00e9ducatif;<\/li><li class=\"checklist-item\">collaborer avec d&#8217;autres organismes qui participent \u00e0 l&#8217;enseignement \u00e0 l&#8217;\u00e9chelle europ\u00e9enne et internationale;<\/li><\/ul><\/div><p>La collaboration avec les intervenants et des repr\u00e9sentants de la communaut\u00e9 \u00e9ducative chr\u00e9tienne se concr\u00e9tise sur le plan structurel via des actions communes avec les parents, par l&#8217;interm\u00e9diaire de l&#8217;Association des parents chr\u00e9tiens (CEPEC). Le CEEC est \u00e9galement en \u00e9troite collaboration avec l&#8217;Union Europ\u00e9enne des Anciens \u00c9l\u00e8ves de l&#8217;Enseignement Catholique (UNAEC-Europe).<\/p><\/div>\n\t\t\t\t<\/div>\n\t\t\t\t\t\t\t\t<\/div>\n\t\t\t\t<\/div>\n\t\t\t\t<\/div>\n\t\t\t\t\t<\/div>\n\t\t<\/div>\n\t\t\t\t\t<\/div>\n\t\t<\/section>\n\t\t\t\t<\/div>\n\t\t","protected":false},"excerpt":{"rendered":"<p>Comit\u00e9 EUROP\u00c9EN pour l&#8217;Enseignement Catholique\u200b CEEC Adresse :\u00a0 \u00a0 100, Avenue Emmanuel Mounier, 1200 BruxellesBELGIQUE Nom :\u00a0Louis-Marie PIRON Mail :\u00a0 ceec@ceec.be Site : https:\/\/ceec.be\/ BREF HISTORIQUE Cr\u00e9\u00e9 en 1974 en tant que secr\u00e9tariat r\u00e9gional de l&#8217;Office International de l&#8217;\u00c9ducation catholique, le Comit\u00e9 europ\u00e9en pour l&#8217;Enseignement Catholique (CEEC) est aujourd&#8217;hui une association internationale sans but lucratif (selon la loi belge du&#8230;<\/p>\n","protected":false},"author":3,"featured_media":0,"parent":6573,"menu_order":0,"comment_status":"closed","ping_status":"closed","template":"","meta":{"_eb_attr":"","footnotes":""},"class_list":["post-5902","page","type-page","status-publish","hentry"],"_links":{"self":[{"href":"https:\/\/oiecinternational.com\/fr\/wp-json\/wp\/v2\/pages\/5902"}],"collection":[{"href":"https:\/\/oiecinternational.com\/fr\/wp-json\/wp\/v2\/pages"}],"about":[{"href":"https:\/\/oiecinternational.com\/fr\/wp-json\/wp\/v2\/types\/page"}],"author":[{"embeddable":true,"href":"https:\/\/oiecinternational.com\/fr\/wp-json\/wp\/v2\/users\/3"}],"replies":[{"embeddable":true,"href":"https:\/\/oiecinternational.com\/fr\/wp-json\/wp\/v2\/comments?post=5902"}],"version-history":[{"count":1,"href":"https:\/\/oiecinternational.com\/fr\/wp-json\/wp\/v2\/pages\/5902\/revisions"}],"predecessor-version":[{"id":7989,"href":"https:\/\/oiecinternational.com\/fr\/wp-json\/wp\/v2\/pages\/5902\/revisions\/7989"}],"up":[{"embeddable":true,"href":"https:\/\/oiecinternational.com\/fr\/wp-json\/wp\/v2\/pages\/6573"}],"wp:attachment":[{"href":"https:\/\/oiecinternational.com\/fr\/wp-json\/wp\/v2\/media?parent=5902"}],"curies":[{"name":"wp","href":"https:\/\/api.w.org\/{rel}","templated":true}]}}