{"id":5918,"date":"2023-02-22T19:05:39","date_gmt":"2023-02-22T18:05:39","guid":{"rendered":"http:\/\/jcgqqhj.cluster030.hosting.ovh.net\/fr\/?page_id=5918"},"modified":"2023-08-18T21:11:24","modified_gmt":"2023-08-18T19:11:24","slug":"poleacademique","status":"publish","type":"page","link":"https:\/\/oiecinternational.com\/fr\/les-poles\/poleacademique\/","title":{"rendered":"P\u00f4le acad\u00e9mique"},"content":{"rendered":"\t\t<div data-elementor-type=\"wp-page\" data-elementor-id=\"5918\" class=\"elementor elementor-5918\">\n\t\t\t\t\t\t<section class=\"elementor-section elementor-top-section elementor-element elementor-element-dfe455d elementor-section-boxed elementor-section-height-default elementor-section-height-default\" data-id=\"dfe455d\" data-element_type=\"section\">\n\t\t\t\t\t\t<div class=\"elementor-container elementor-column-gap-default\">\n\t\t\t\t\t<div class=\"elementor-column elementor-col-100 elementor-top-column elementor-element elementor-element-1ae8c6b\" data-id=\"1ae8c6b\" data-element_type=\"column\">\n\t\t\t<div class=\"elementor-widget-wrap elementor-element-populated\">\n\t\t\t\t\t\t<div class=\"elementor-element elementor-element-76f04b2 elementor-invisible elementor-widget elementor-widget-image\" data-id=\"76f04b2\" data-element_type=\"widget\" data-settings=\"{&quot;_animation&quot;:&quot;zoomIn&quot;}\" data-widget_type=\"image.default\">\n\t\t\t\t<div class=\"elementor-widget-container\">\n\t\t\t\t\t\t\t\t\t\t\t\t\t<img fetchpriority=\"high\" decoding=\"async\" width=\"1100\" height=\"481\" src=\"https:\/\/oiecinternational.com\/fr\/wp-content\/uploads\/sites\/3\/2023\/02\/AdobeStock_303350811-web.jpg\" class=\"attachment-full size-full wp-image-5919\" alt=\"\" srcset=\"https:\/\/oiecinternational.com\/fr\/wp-content\/uploads\/sites\/3\/2023\/02\/AdobeStock_303350811-web.jpg 1100w, https:\/\/oiecinternational.com\/fr\/wp-content\/uploads\/sites\/3\/2023\/02\/AdobeStock_303350811-web-300x131.jpg 300w, https:\/\/oiecinternational.com\/fr\/wp-content\/uploads\/sites\/3\/2023\/02\/AdobeStock_303350811-web-1024x448.jpg 1024w, https:\/\/oiecinternational.com\/fr\/wp-content\/uploads\/sites\/3\/2023\/02\/AdobeStock_303350811-web-768x336.jpg 768w\" sizes=\"(max-width: 1100px) 100vw, 1100px\" \/>\t\t\t\t\t\t\t\t\t\t\t\t\t<\/div>\n\t\t\t\t<\/div>\n\t\t\t\t\t<\/div>\n\t\t<\/div>\n\t\t\t\t\t<\/div>\n\t\t<\/section>\n\t\t\t\t<section class=\"elementor-section elementor-top-section elementor-element elementor-element-793bd57 elementor-section-boxed elementor-section-height-default elementor-section-height-default\" data-id=\"793bd57\" data-element_type=\"section\">\n\t\t\t\t\t\t<div class=\"elementor-container elementor-column-gap-default\">\n\t\t\t\t\t<div class=\"elementor-column elementor-col-100 elementor-top-column elementor-element elementor-element-a120836\" data-id=\"a120836\" data-element_type=\"column\">\n\t\t\t<div class=\"elementor-widget-wrap elementor-element-populated\">\n\t\t\t\t\t\t<div class=\"elementor-element elementor-element-c48fb82 elementor-view-default elementor-widget elementor-widget-icon\" data-id=\"c48fb82\" data-element_type=\"widget\" data-widget_type=\"icon.default\">\n\t\t\t\t<div class=\"elementor-widget-container\">\n\t\t\t\t\t<div class=\"elementor-icon-wrapper\">\n\t\t\t<div class=\"elementor-icon\">\n\t\t\t<i aria-hidden=\"true\" class=\"fas fa-star\"><\/i>\t\t\t<\/div>\n\t\t<\/div>\n\t\t\t\t<\/div>\n\t\t\t\t<\/div>\n\t\t\t\t\t<\/div>\n\t\t<\/div>\n\t\t\t\t\t<\/div>\n\t\t<\/section>\n\t\t\t\t<section class=\"elementor-section elementor-top-section elementor-element elementor-element-90f6fe7 elementor-section-boxed elementor-section-height-default elementor-section-height-default\" data-id=\"90f6fe7\" data-element_type=\"section\">\n\t\t\t\t\t\t<div class=\"elementor-container elementor-column-gap-default\">\n\t\t\t\t\t<div class=\"elementor-column elementor-col-100 elementor-top-column elementor-element elementor-element-70f29c1\" data-id=\"70f29c1\" data-element_type=\"column\">\n\t\t\t<div class=\"elementor-widget-wrap elementor-element-populated\">\n\t\t\t\t\t\t<div class=\"elementor-element elementor-element-1a80190 elementor-widget elementor-widget-heading\" data-id=\"1a80190\" data-element_type=\"widget\" data-widget_type=\"heading.default\">\n\t\t\t\t<div class=\"elementor-widget-container\">\n\t\t\t<h1 class=\"elementor-heading-title elementor-size-default\">P\u00d4LE ACAD\u00c9MIQUE<\/h1>\t\t<\/div>\n\t\t\t\t<\/div>\n\t\t\t\t\t<\/div>\n\t\t<\/div>\n\t\t\t\t\t<\/div>\n\t\t<\/section>\n\t\t\t\t<section class=\"elementor-section elementor-top-section elementor-element elementor-element-640dc99 elementor-section-boxed elementor-section-height-default elementor-section-height-default\" data-id=\"640dc99\" data-element_type=\"section\">\n\t\t\t\t\t\t<div class=\"elementor-container elementor-column-gap-default\">\n\t\t\t\t\t<div class=\"elementor-column elementor-col-100 elementor-top-column elementor-element elementor-element-4af37e6\" data-id=\"4af37e6\" data-element_type=\"column\">\n\t\t\t<div class=\"elementor-widget-wrap elementor-element-populated\">\n\t\t\t\t\t\t<div class=\"elementor-element elementor-element-72470c3 elementor-widget elementor-widget-text-editor\" data-id=\"72470c3\" data-element_type=\"widget\" data-widget_type=\"text-editor.default\">\n\t\t\t\t<div class=\"elementor-widget-container\">\n\t\t\t\t\t\t\t<h3><span style=\"color: #333333;\">\u00a0<\/span><\/h3>\n<h3><span style=\"color: #333333;\">Le p\u00f4le acad\u00e9mique a un r\u00f4le important dans <span style=\"color: #00ccff;\"><strong>la construction du Pacte \u00e9ducatif Global<\/strong><\/span>.<\/span><\/h3>\n<h4><span style=\"color: #333333;\">Il a pour objectif de :<\/span><\/h4>\n<ul>\n \t<li>\n<h4><span style=\"color: #333333;\"><strong>Promouvoir des recherches sur l&#8217;apport sp\u00e9cifique de l\u2019\u00c9cole Catholique dans le champ \u00e9ducatif<\/strong> et sur l&#8217;adaptation de l&#8217;\u00e9cole aux besoins, r\u00e9alit\u00e9s et aspirations de son milieu ;<\/span><\/h4>\n<\/li>\n \t<li>\n<h4><span style=\"color: #333333;\"><strong>Servir le r\u00e9seau d&#8217;\u00e9changes entre ses membres<\/strong>, pour leur information mutuelle et l&#8217;information des autres \u00e9ducateurs, gr\u00e2ce au d\u00e9veloppement de la communication.<\/span><\/h4>\n<\/li>\n<\/ul>\t\t\t\t\t\t<\/div>\n\t\t\t\t<\/div>\n\t\t\t\t\t<\/div>\n\t\t<\/div>\n\t\t\t\t\t<\/div>\n\t\t<\/section>\n\t\t\t\t<section class=\"elementor-section elementor-top-section elementor-element elementor-element-94cd744 elementor-section-boxed elementor-section-height-default elementor-section-height-default\" data-id=\"94cd744\" data-element_type=\"section\">\n\t\t\t\t\t\t<div class=\"elementor-container elementor-column-gap-default\">\n\t\t\t\t\t<div class=\"elementor-column elementor-col-100 elementor-top-column elementor-element elementor-element-2a53bb9\" data-id=\"2a53bb9\" data-element_type=\"column\">\n\t\t\t<div class=\"elementor-widget-wrap elementor-element-populated\">\n\t\t\t\t\t\t<div class=\"elementor-element elementor-element-090f427 elementor-widget elementor-widget-text-editor\" data-id=\"090f427\" data-element_type=\"widget\" data-widget_type=\"text-editor.default\">\n\t\t\t\t<div class=\"elementor-widget-container\">\n\t\t\t\t\t\t\t<blockquote><h1>Construire le pacte \u00e9ducatif<\/h1><h3><span style=\"color: #999999;\">DU LOCAL AU GLOBAL<\/span><\/h3><p><span style=\"color: #333333;\">Le p\u00f4le acad\u00e9mique propose r\u00e9guli\u00e8rement des publications \u00e0 tous ses membres afin de permettre \u00e0 chacun de mieux appr\u00e9hender les lignes directrices du Pape et du Dicast\u00e8re pour la Culture et l\u2019\u00c9ducation.<\/span><\/p><\/blockquote>\t\t\t\t\t\t<\/div>\n\t\t\t\t<\/div>\n\t\t\t\t\t<\/div>\n\t\t<\/div>\n\t\t\t\t\t<\/div>\n\t\t<\/section>\n\t\t\t\t<section class=\"elementor-section elementor-top-section elementor-element elementor-element-d99f43a elementor-section-boxed elementor-section-height-default elementor-section-height-default\" data-id=\"d99f43a\" data-element_type=\"section\">\n\t\t\t\t\t\t<div class=\"elementor-container elementor-column-gap-default\">\n\t\t\t\t\t<div class=\"elementor-column elementor-col-25 elementor-top-column elementor-element elementor-element-ea65a41\" data-id=\"ea65a41\" data-element_type=\"column\">\n\t\t\t<div class=\"elementor-widget-wrap elementor-element-populated\">\n\t\t\t\t\t\t<div class=\"elementor-element elementor-element-be95cca elementor-widget elementor-widget-image\" data-id=\"be95cca\" data-element_type=\"widget\" data-widget_type=\"image.default\">\n\t\t\t\t<div class=\"elementor-widget-container\">\n\t\t\t\t\t\t\t\t\t\t\t\t\t<img decoding=\"async\" width=\"400\" height=\"565\" src=\"https:\/\/oiecinternational.com\/fr\/wp-content\/uploads\/sites\/3\/2023\/08\/Pacto-educativo-Global-santander-web.png\" class=\"attachment-large size-large wp-image-7377\" alt=\"\" srcset=\"https:\/\/oiecinternational.com\/fr\/wp-content\/uploads\/sites\/3\/2023\/08\/Pacto-educativo-Global-santander-web.png 400w, https:\/\/oiecinternational.com\/fr\/wp-content\/uploads\/sites\/3\/2023\/08\/Pacto-educativo-Global-santander-web-212x300.png 212w\" sizes=\"(max-width: 400px) 100vw, 400px\" \/>\t\t\t\t\t\t\t\t\t\t\t\t\t<\/div>\n\t\t\t\t<\/div>\n\t\t\t\t\t<\/div>\n\t\t<\/div>\n\t\t\t\t<div class=\"elementor-column elementor-col-25 elementor-top-column elementor-element elementor-element-2fc597d\" data-id=\"2fc597d\" data-element_type=\"column\">\n\t\t\t<div class=\"elementor-widget-wrap elementor-element-populated\">\n\t\t\t\t\t\t<div class=\"elementor-element elementor-element-96918a2 elementor-widget elementor-widget-image\" data-id=\"96918a2\" data-element_type=\"widget\" data-widget_type=\"image.default\">\n\t\t\t\t<div class=\"elementor-widget-container\">\n\t\t\t\t\t\t\t\t\t\t\t\t\t<img decoding=\"async\" width=\"640\" height=\"905\" src=\"https:\/\/oiecinternational.com\/fr\/wp-content\/uploads\/sites\/3\/2023\/07\/PEG-fr-724x1024.png\" class=\"attachment-large size-large wp-image-7016\" alt=\"\" srcset=\"https:\/\/oiecinternational.com\/fr\/wp-content\/uploads\/sites\/3\/2023\/07\/PEG-fr-724x1024.png 724w, https:\/\/oiecinternational.com\/fr\/wp-content\/uploads\/sites\/3\/2023\/07\/PEG-fr-212x300.png 212w, https:\/\/oiecinternational.com\/fr\/wp-content\/uploads\/sites\/3\/2023\/07\/PEG-fr-768x1086.png 768w, https:\/\/oiecinternational.com\/fr\/wp-content\/uploads\/sites\/3\/2023\/07\/PEG-fr-1086x1536.png 1086w, https:\/\/oiecinternational.com\/fr\/wp-content\/uploads\/sites\/3\/2023\/07\/PEG-fr-1448x2048.png 1448w, https:\/\/oiecinternational.com\/fr\/wp-content\/uploads\/sites\/3\/2023\/07\/elementor\/thumbs\/PEG-fr-q9eyvv65kh2bw9lhv5way10kg4ozex1citb0h810d6.png 210w, https:\/\/oiecinternational.com\/fr\/wp-content\/uploads\/sites\/3\/2023\/07\/elementor\/thumbs\/PEG-fr-q9eyvv684kjc2wtgt2d77dk8k6sglxeoqiiscub7ec.png 420w, https:\/\/oiecinternational.com\/fr\/wp-content\/uploads\/sites\/3\/2023\/07\/PEG-fr.png 1488w\" sizes=\"(max-width: 640px) 100vw, 640px\" \/>\t\t\t\t\t\t\t\t\t\t\t\t\t<\/div>\n\t\t\t\t<\/div>\n\t\t\t\t\t<\/div>\n\t\t<\/div>\n\t\t\t\t<div class=\"elementor-column elementor-col-25 elementor-top-column elementor-element elementor-element-37a7e5d\" data-id=\"37a7e5d\" data-element_type=\"column\">\n\t\t\t<div class=\"elementor-widget-wrap elementor-element-populated\">\n\t\t\t\t\t\t<div class=\"elementor-element elementor-element-ef7091c elementor-widget elementor-widget-image\" data-id=\"ef7091c\" data-element_type=\"widget\" data-widget_type=\"image.default\">\n\t\t\t\t<div class=\"elementor-widget-container\">\n\t\t\t\t\t\t\t\t\t\t\t\t\t<img loading=\"lazy\" decoding=\"async\" width=\"640\" height=\"871\" src=\"https:\/\/oiecinternational.com\/fr\/wp-content\/uploads\/sites\/3\/2023\/02\/guide.png\" class=\"attachment-large size-large wp-image-5920\" alt=\"\" srcset=\"https:\/\/oiecinternational.com\/fr\/wp-content\/uploads\/sites\/3\/2023\/02\/guide.png 2421w, https:\/\/oiecinternational.com\/fr\/wp-content\/uploads\/sites\/3\/2023\/02\/guide-220x300.png 220w\" sizes=\"(max-width: 640px) 100vw, 640px\" \/>\t\t\t\t\t\t\t\t\t\t\t\t\t<\/div>\n\t\t\t\t<\/div>\n\t\t\t\t\t<\/div>\n\t\t<\/div>\n\t\t\t\t<div class=\"elementor-column elementor-col-25 elementor-top-column elementor-element elementor-element-6578c4a\" data-id=\"6578c4a\" data-element_type=\"column\">\n\t\t\t<div class=\"elementor-widget-wrap elementor-element-populated\">\n\t\t\t\t\t\t<div class=\"elementor-element elementor-element-20f1b9b elementor-widget elementor-widget-image\" data-id=\"20f1b9b\" data-element_type=\"widget\" data-widget_type=\"image.default\">\n\t\t\t\t<div class=\"elementor-widget-container\">\n\t\t\t\t\t\t\t\t\t\t\t\t\t<img loading=\"lazy\" decoding=\"async\" width=\"640\" height=\"797\" src=\"https:\/\/oiecinternational.com\/fr\/wp-content\/uploads\/sites\/3\/2023\/02\/pacto-educativo-global-2-822x1024.jpg\" class=\"attachment-large size-large wp-image-5921\" alt=\"\" srcset=\"https:\/\/oiecinternational.com\/fr\/wp-content\/uploads\/sites\/3\/2023\/02\/pacto-educativo-global-2-822x1024.jpg 822w, https:\/\/oiecinternational.com\/fr\/wp-content\/uploads\/sites\/3\/2023\/02\/pacto-educativo-global-2-241x300.jpg 241w, https:\/\/oiecinternational.com\/fr\/wp-content\/uploads\/sites\/3\/2023\/02\/pacto-educativo-global-2-768x957.jpg 768w, https:\/\/oiecinternational.com\/fr\/wp-content\/uploads\/sites\/3\/2023\/02\/pacto-educativo-global-2-1232x1536.jpg 1232w, https:\/\/oiecinternational.com\/fr\/wp-content\/uploads\/sites\/3\/2023\/02\/pacto-educativo-global-2-1643x2048.jpg 1643w\" sizes=\"(max-width: 640px) 100vw, 640px\" \/>\t\t\t\t\t\t\t\t\t\t\t\t\t<\/div>\n\t\t\t\t<\/div>\n\t\t\t\t\t<\/div>\n\t\t<\/div>\n\t\t\t\t\t<\/div>\n\t\t<\/section>\n\t\t\t\t<section class=\"elementor-section elementor-top-section elementor-element elementor-element-b69649b elementor-section-boxed elementor-section-height-default elementor-section-height-default\" data-id=\"b69649b\" data-element_type=\"section\">\n\t\t\t\t\t\t<div class=\"elementor-container elementor-column-gap-default\">\n\t\t\t\t\t<div class=\"elementor-column elementor-col-100 elementor-top-column elementor-element elementor-element-5a3269f\" data-id=\"5a3269f\" data-element_type=\"column\">\n\t\t\t<div class=\"elementor-widget-wrap elementor-element-populated\">\n\t\t\t\t\t\t<div class=\"elementor-element elementor-element-c619529 elementor-widget elementor-widget-text-editor\" data-id=\"c619529\" data-element_type=\"widget\" data-widget_type=\"text-editor.default\">\n\t\t\t\t<div class=\"elementor-widget-container\">\n\t\t\t\t\t\t\t<blockquote><h4 style=\"text-align: left;\"><span style=\"color: #03b246;\"><strong>&gt;&gt;<\/strong><a href=\"http:\/\/oiecinternational.com\/fr\/contributions\/\" target=\"_blank\" rel=\"noopener\"> <span style=\"text-decoration: underline;\">T\u00e9l\u00e9chargez l&#8217;int\u00e9gralit\u00e9 des publications de l&#8217;OIEC<\/span><\/a><\/span><\/h4><h4 style=\"text-align: left;\"><span style=\"color: #03b246;\"><strong>Pour en savoir plus :<\/strong><br \/>&gt;&gt; <a href=\"http:\/\/oiecinternational.com\/fr\/pacte-educatif-global-lengagement-de-loiec\/\" target=\"_blank\" rel=\"noopener\"><span style=\"text-decoration: underline;\">D\u00e9couvrez &#8220;Le Pacte \u00e9ducatif Global et l&#8217;OIEC&#8221;<\/span><\/a><\/span><\/h4><\/blockquote>\t\t\t\t\t\t<\/div>\n\t\t\t\t<\/div>\n\t\t\t\t\t<\/div>\n\t\t<\/div>\n\t\t\t\t\t<\/div>\n\t\t<\/section>\n\t\t\t\t<section class=\"elementor-section elementor-top-section elementor-element elementor-element-19aeef8 elementor-section-boxed elementor-section-height-default elementor-section-height-default\" data-id=\"19aeef8\" data-element_type=\"section\">\n\t\t\t\t\t\t<div class=\"elementor-container elementor-column-gap-default\">\n\t\t\t\t\t<div class=\"elementor-column elementor-col-100 elementor-top-column elementor-element elementor-element-753cf2e\" data-id=\"753cf2e\" data-element_type=\"column\">\n\t\t\t<div class=\"elementor-widget-wrap elementor-element-populated\">\n\t\t\t\t\t\t<div class=\"elementor-element elementor-element-4928012 elementor-widget elementor-widget-spacer\" data-id=\"4928012\" data-element_type=\"widget\" data-widget_type=\"spacer.default\">\n\t\t\t\t<div class=\"elementor-widget-container\">\n\t\t\t\t\t<div class=\"elementor-spacer\">\n\t\t\t<div class=\"elementor-spacer-inner\"><\/div>\n\t\t<\/div>\n\t\t\t\t<\/div>\n\t\t\t\t<\/div>\n\t\t\t\t\t<\/div>\n\t\t<\/div>\n\t\t\t\t\t<\/div>\n\t\t<\/section>\n\t\t\t\t<section class=\"elementor-section elementor-top-section elementor-element elementor-element-5847247 elementor-section-boxed elementor-section-height-default elementor-section-height-default\" data-id=\"5847247\" data-element_type=\"section\">\n\t\t\t\t\t\t<div class=\"elementor-container elementor-column-gap-default\">\n\t\t\t\t\t<div class=\"elementor-column elementor-col-100 elementor-top-column elementor-element elementor-element-6be3c8f\" data-id=\"6be3c8f\" data-element_type=\"column\">\n\t\t\t<div class=\"elementor-widget-wrap elementor-element-populated\">\n\t\t\t\t\t\t<div class=\"elementor-element elementor-element-c3e5f63 elementor-widget elementor-widget-text-editor\" data-id=\"c3e5f63\" data-element_type=\"widget\" data-widget_type=\"text-editor.default\">\n\t\t\t\t<div class=\"elementor-widget-container\">\n\t\t\t\t\t\t\t<blockquote>\n<h1>Global Catholic Education Network<\/h1>\n<h3><span style=\"color: #999999;\"><em>R\u00e9seau mondial d\u2019\u00e9ducation catholique<\/em><\/span><\/h3>\n<h4><span style=\"color: #333333;\">L\u2019OIEC forme avec la F\u00e9d\u00e9ration internationale des universit\u00e9s catholiques (IFCU), l\u2019Organisation mondiale des anciens \u00e9l\u00e8ves de l\u2019enseignement catholique (OMAEC) et l\u2019Union mondiale des enseignants catholiques (UMEC), <strong>le r\u00e9seau mondial d\u2019enseignement catholique.<\/strong><\/span><\/h4>\n<h4><strong>Global Catholic Education informe et met en relation les\u00a0\u00e9ducateurs catholiques du monde entier.\u00a0<\/strong><\/h4>\n<h4><span style=\"color: #333333;\">Il leur <strong>fournit des donn\u00e9es, des analyses, des possibilit\u00e9s d\u2019apprentissage et d\u2019autres ressources pour les aider \u00e0 remplir leur mission en se concentrant particuli\u00e8rement sur les besoins et aspirations des plus pauvres et vuln\u00e9rables.<\/strong><\/span><\/h4>\n<h4><strong>&gt;&gt;\u00a0<\/strong><strong>Retrouvez :<\/strong><\/h4>\n<\/blockquote>\t\t\t\t\t\t<\/div>\n\t\t\t\t<\/div>\n\t\t\t\t\t<\/div>\n\t\t<\/div>\n\t\t\t\t\t<\/div>\n\t\t<\/section>\n\t\t\t\t<section class=\"elementor-section elementor-top-section elementor-element elementor-element-45952c8 elementor-section-boxed elementor-section-height-default elementor-section-height-default\" data-id=\"45952c8\" data-element_type=\"section\">\n\t\t\t\t\t\t<div class=\"elementor-container elementor-column-gap-default\">\n\t\t\t\t\t<div class=\"elementor-column elementor-col-50 elementor-top-column elementor-element elementor-element-1d393af\" data-id=\"1d393af\" data-element_type=\"column\">\n\t\t\t<div class=\"elementor-widget-wrap elementor-element-populated\">\n\t\t\t\t\t\t<div class=\"elementor-element elementor-element-3847ef7 elementor-widget elementor-widget-image\" data-id=\"3847ef7\" data-element_type=\"widget\" data-widget_type=\"image.default\">\n\t\t\t\t<div class=\"elementor-widget-container\">\n\t\t\t\t\t\t\t\t\t\t\t\t\t<img decoding=\"async\" src=\"https:\/\/oiecinternational.com\/fr\/wp-content\/uploads\/sites\/3\/elementor\/thumbs\/Global-Catholic-Education-Report-2023-e1677156125299-qj4w9ccybnkhwjoaa6sar0rmmhw9j2tmcqny0ftvv8.png\" title=\"Global Catholic Education Report 2023\" alt=\"Global Catholic Education Report 2023\" loading=\"lazy\" \/>\t\t\t\t\t\t\t\t\t\t\t\t\t<\/div>\n\t\t\t\t<\/div>\n\t\t\t\t<div class=\"elementor-element elementor-element-b36b7f9 elementor-widget elementor-widget-text-editor\" data-id=\"b36b7f9\" data-element_type=\"widget\" data-widget_type=\"text-editor.default\">\n\t\t\t\t<div class=\"elementor-widget-container\">\n\t\t\t\t\t\t\t<ul>\n \t<li>\n<h4><a href=\"http:\/\/oiecinternational.com\/fr\/gce-et-cegri\/\" target=\"_blank\" rel=\"noopener\">les rapports de Global Catholic Education GCE &#8211; CEGRI<\/a><\/h4>\n<\/li>\n<\/ul>\t\t\t\t\t\t<\/div>\n\t\t\t\t<\/div>\n\t\t\t\t\t<\/div>\n\t\t<\/div>\n\t\t\t\t<div class=\"elementor-column elementor-col-50 elementor-top-column elementor-element elementor-element-68c2020\" data-id=\"68c2020\" data-element_type=\"column\">\n\t\t\t<div class=\"elementor-widget-wrap elementor-element-populated\">\n\t\t\t\t\t\t<div class=\"elementor-element elementor-element-9b5a9c9 elementor-widget elementor-widget-image\" data-id=\"9b5a9c9\" data-element_type=\"widget\" data-widget_type=\"image.default\">\n\t\t\t\t<div class=\"elementor-widget-container\">\n\t\t\t\t\t\t\t\t\t\t\t\t\t<img decoding=\"async\" src=\"https:\/\/oiecinternational.com\/fr\/wp-content\/uploads\/sites\/3\/elementor\/thumbs\/IHD-2022-Final-e1677156240654-qj4wqt6zbthbnoava8lpl43019stkl61r73s2jxi8k.png\" title=\"IHD 2022 Final\" alt=\"IHD 2022 Final\" loading=\"lazy\" \/>\t\t\t\t\t\t\t\t\t\t\t\t\t<\/div>\n\t\t\t\t<\/div>\n\t\t\t\t<div class=\"elementor-element elementor-element-f1ace50 elementor-widget elementor-widget-text-editor\" data-id=\"f1ace50\" data-element_type=\"widget\" data-widget_type=\"text-editor.default\">\n\t\t\t\t<div class=\"elementor-widget-container\">\n\t\t\t\t\t\t\t<ul>\n \t<li>\n<h4><a href=\"http:\/\/oiecinternational.com\/fr\/rapport-mondial-sur-le-developpement-humain-integral\/\" target=\"_blank\" rel=\"noopener\">les rapports mondiaux sur le d\u00e9veloppement humain int\u00e9gral<\/a><\/h4>\n<\/li>\n<\/ul>\t\t\t\t\t\t<\/div>\n\t\t\t\t<\/div>\n\t\t\t\t\t<\/div>\n\t\t<\/div>\n\t\t\t\t\t<\/div>\n\t\t<\/section>\n\t\t\t\t<\/div>\n\t\t","protected":false},"excerpt":{"rendered":"<p>P\u00d4LE ACAD\u00c9MIQUE \u00a0 Le p\u00f4le acad\u00e9mique a un r\u00f4le important dans la construction du Pacte \u00e9ducatif Global. Il a pour objectif de : Promouvoir des recherches sur l&#8217;apport sp\u00e9cifique de l\u2019\u00c9cole Catholique dans le champ \u00e9ducatif et sur l&#8217;adaptation de l&#8217;\u00e9cole aux besoins, r\u00e9alit\u00e9s et aspirations de son milieu ; Servir le r\u00e9seau d&#8217;\u00e9changes entre ses membres, pour leur information&#8230;<\/p>\n","protected":false},"author":3,"featured_media":0,"parent":5911,"menu_order":1,"comment_status":"closed","ping_status":"closed","template":"","meta":{"_eb_attr":"","footnotes":""},"class_list":["post-5918","page","type-page","status-publish","hentry"],"_links":{"self":[{"href":"https:\/\/oiecinternational.com\/fr\/wp-json\/wp\/v2\/pages\/5918"}],"collection":[{"href":"https:\/\/oiecinternational.com\/fr\/wp-json\/wp\/v2\/pages"}],"about":[{"href":"https:\/\/oiecinternational.com\/fr\/wp-json\/wp\/v2\/types\/page"}],"author":[{"embeddable":true,"href":"https:\/\/oiecinternational.com\/fr\/wp-json\/wp\/v2\/users\/3"}],"replies":[{"embeddable":true,"href":"https:\/\/oiecinternational.com\/fr\/wp-json\/wp\/v2\/comments?post=5918"}],"version-history":[{"count":0,"href":"https:\/\/oiecinternational.com\/fr\/wp-json\/wp\/v2\/pages\/5918\/revisions"}],"up":[{"embeddable":true,"href":"https:\/\/oiecinternational.com\/fr\/wp-json\/wp\/v2\/pages\/5911"}],"wp:attachment":[{"href":"https:\/\/oiecinternational.com\/fr\/wp-json\/wp\/v2\/media?parent=5918"}],"curies":[{"name":"wp","href":"https:\/\/api.w.org\/{rel}","templated":true}]}}