{"id":5935,"date":"2023-02-22T20:01:44","date_gmt":"2023-02-22T19:01:44","guid":{"rendered":"http:\/\/jcgqqhj.cluster030.hosting.ovh.net\/fr\/?page_id=5935"},"modified":"2024-12-04T16:32:38","modified_gmt":"2024-12-04T15:32:38","slug":"pole-de-la-representation","status":"publish","type":"page","link":"https:\/\/oiecinternational.com\/fr\/les-poles\/pole-de-la-representation\/","title":{"rendered":"P\u00f4le de la Repr\u00e9sentation"},"content":{"rendered":"\t\t<div data-elementor-type=\"wp-page\" data-elementor-id=\"5935\" class=\"elementor elementor-5935\">\n\t\t\t\t\t\t<section class=\"elementor-section elementor-top-section elementor-element elementor-element-ad590cd elementor-section-boxed elementor-section-height-default elementor-section-height-default\" data-id=\"ad590cd\" data-element_type=\"section\">\n\t\t\t\t\t\t<div class=\"elementor-container elementor-column-gap-default\">\n\t\t\t\t\t<div class=\"elementor-column elementor-col-100 elementor-top-column elementor-element elementor-element-d8336a4\" data-id=\"d8336a4\" data-element_type=\"column\">\n\t\t\t<div class=\"elementor-widget-wrap elementor-element-populated\">\n\t\t\t\t\t\t<div class=\"elementor-element elementor-element-c1739e4 elementor-invisible elementor-widget elementor-widget-image\" data-id=\"c1739e4\" data-element_type=\"widget\" data-settings=\"{&quot;_animation&quot;:&quot;zoomIn&quot;}\" data-widget_type=\"image.default\">\n\t\t\t\t<div class=\"elementor-widget-container\">\n\t\t\t\t\t\t\t\t\t\t\t\t\t<img fetchpriority=\"high\" decoding=\"async\" width=\"1200\" height=\"621\" src=\"https:\/\/oiecinternational.com\/fr\/wp-content\/uploads\/sites\/3\/2023\/02\/AdobeStock_28090666web-2.jpg\" class=\"attachment-full size-full wp-image-5937\" alt=\"\" srcset=\"https:\/\/oiecinternational.com\/fr\/wp-content\/uploads\/sites\/3\/2023\/02\/AdobeStock_28090666web-2.jpg 1200w, https:\/\/oiecinternational.com\/fr\/wp-content\/uploads\/sites\/3\/2023\/02\/AdobeStock_28090666web-2-300x155.jpg 300w, https:\/\/oiecinternational.com\/fr\/wp-content\/uploads\/sites\/3\/2023\/02\/AdobeStock_28090666web-2-1024x530.jpg 1024w, https:\/\/oiecinternational.com\/fr\/wp-content\/uploads\/sites\/3\/2023\/02\/AdobeStock_28090666web-2-768x397.jpg 768w\" sizes=\"(max-width: 1200px) 100vw, 1200px\" \/>\t\t\t\t\t\t\t\t\t\t\t\t\t<\/div>\n\t\t\t\t<\/div>\n\t\t\t\t\t<\/div>\n\t\t<\/div>\n\t\t\t\t\t<\/div>\n\t\t<\/section>\n\t\t\t\t<section class=\"elementor-section elementor-top-section elementor-element elementor-element-8f11bc6 elementor-section-boxed elementor-section-height-default elementor-section-height-default\" data-id=\"8f11bc6\" data-element_type=\"section\">\n\t\t\t\t\t\t<div class=\"elementor-container elementor-column-gap-default\">\n\t\t\t\t\t<div class=\"elementor-column elementor-col-100 elementor-top-column elementor-element elementor-element-2b526ca\" data-id=\"2b526ca\" data-element_type=\"column\">\n\t\t\t<div class=\"elementor-widget-wrap elementor-element-populated\">\n\t\t\t\t\t\t<div class=\"elementor-element elementor-element-9a47913 elementor-view-default elementor-widget elementor-widget-icon\" data-id=\"9a47913\" data-element_type=\"widget\" data-widget_type=\"icon.default\">\n\t\t\t\t<div class=\"elementor-widget-container\">\n\t\t\t\t\t<div class=\"elementor-icon-wrapper\">\n\t\t\t<div class=\"elementor-icon\">\n\t\t\t<i aria-hidden=\"true\" class=\"fas fa-star\"><\/i>\t\t\t<\/div>\n\t\t<\/div>\n\t\t\t\t<\/div>\n\t\t\t\t<\/div>\n\t\t\t\t\t<\/div>\n\t\t<\/div>\n\t\t\t\t\t<\/div>\n\t\t<\/section>\n\t\t\t\t<section class=\"elementor-section elementor-top-section elementor-element elementor-element-99bb852 elementor-section-boxed elementor-section-height-default elementor-section-height-default\" data-id=\"99bb852\" data-element_type=\"section\">\n\t\t\t\t\t\t<div class=\"elementor-container elementor-column-gap-default\">\n\t\t\t\t\t<div class=\"elementor-column elementor-col-100 elementor-top-column elementor-element elementor-element-f023439\" data-id=\"f023439\" data-element_type=\"column\">\n\t\t\t<div class=\"elementor-widget-wrap elementor-element-populated\">\n\t\t\t\t\t\t<div class=\"elementor-element elementor-element-1fc07fa elementor-widget elementor-widget-heading\" data-id=\"1fc07fa\" data-element_type=\"widget\" data-widget_type=\"heading.default\">\n\t\t\t\t<div class=\"elementor-widget-container\">\n\t\t\t<h2 class=\"elementor-heading-title elementor-size-default\">P\u00d4LE DE LA REPR\u00c9SENTATION<\/h2>\t\t<\/div>\n\t\t\t\t<\/div>\n\t\t\t\t\t<\/div>\n\t\t<\/div>\n\t\t\t\t\t<\/div>\n\t\t<\/section>\n\t\t\t\t<section class=\"elementor-section elementor-top-section elementor-element elementor-element-f26606b elementor-section-boxed elementor-section-height-default elementor-section-height-default\" data-id=\"f26606b\" data-element_type=\"section\" data-settings=\"{&quot;background_background&quot;:&quot;classic&quot;}\">\n\t\t\t\t\t\t<div class=\"elementor-container elementor-column-gap-default\">\n\t\t\t\t\t<div class=\"elementor-column elementor-col-100 elementor-top-column elementor-element elementor-element-d006307\" data-id=\"d006307\" data-element_type=\"column\">\n\t\t\t<div class=\"elementor-widget-wrap elementor-element-populated\">\n\t\t\t\t\t\t<div class=\"elementor-element elementor-element-0d3c70b elementor-widget elementor-widget-text-editor\" data-id=\"0d3c70b\" data-element_type=\"widget\" data-widget_type=\"text-editor.default\">\n\t\t\t\t<div class=\"elementor-widget-container\">\n\t\t\t\t\t\t\t<p><span style=\"color: #333333;\">En tant qu\u2019expert sur les questions relatives \u00e0 l\u2019\u00e9ducation, l\u2019OIEC intervient dans diff\u00e9rentes institutions internationales. \u00catre pr\u00e9sent aupr\u00e8s de ces instances nous permet de mieux porter la voix de l\u2019Enseignement catholique dans les organes-cl\u00e9s qui peuvent influer le cours des lois et des politiques publiques.<\/span><\/p><p><strong><span style=\"color: #333333;\">Ainsi, l\u2019OIEC peut faire entendre la voix des millions de familles qui ont choisi l\u2019Enseignement catholique, et donc t\u00e9moigner de la sensibilit\u00e9 catholique l\u00e0 o\u00f9 se construit la pens\u00e9e \u00e9ducative mondiale. Avec cette perspective, la repr\u00e9sentation de l\u2019OIEC dans les instances internationales permet aux membres de l\u2019OIEC de prendre conscience de leur responsabilit\u00e9 mondiale.<\/span><\/strong><\/p>\t\t\t\t\t\t<\/div>\n\t\t\t\t<\/div>\n\t\t\t\t\t<\/div>\n\t\t<\/div>\n\t\t\t\t\t<\/div>\n\t\t<\/section>\n\t\t\t\t<section class=\"elementor-section elementor-top-section elementor-element elementor-element-05ebb40 elementor-section-boxed elementor-section-height-default elementor-section-height-default\" data-id=\"05ebb40\" data-element_type=\"section\">\n\t\t\t\t\t\t<div class=\"elementor-container elementor-column-gap-default\">\n\t\t\t\t\t<div class=\"elementor-column elementor-col-100 elementor-top-column elementor-element elementor-element-9d0a4a9\" data-id=\"9d0a4a9\" data-element_type=\"column\">\n\t\t\t<div class=\"elementor-widget-wrap elementor-element-populated\">\n\t\t\t\t\t\t<div class=\"elementor-element elementor-element-9bae0d9 elementor-widget elementor-widget-text-editor\" data-id=\"9bae0d9\" data-element_type=\"widget\" data-widget_type=\"text-editor.default\">\n\t\t\t\t<div class=\"elementor-widget-container\">\n\t\t\t\t\t\t\t<h4 style=\"text-align: center;\">L\u2019OIEC est repr\u00e9sent\u00e9e dans les institutions internationales \u00e0 Paris, Gen\u00e8ve, Strasbourg et New York par son \u00e9quipe de repr\u00e9sentation transversale (ETR), coordonn\u00e9e par Michel Bertet.<\/h4><h3><b>R\u00f4le et Mission<\/b><\/h3><p>L\u2019OIEC (Office International de l\u2019Enseignement Catholique), cr\u00e9\u00e9 en 1952, agit comme une ONG accr\u00e9dit\u00e9e aupr\u00e8s des grandes organisations internationales, avec un r\u00f4le consultatif. Son objectif principal est de d\u00e9fendre et promouvoir l\u2019\u00e9ducation catholique en tant que droit fondamental, tout en contribuant aux d\u00e9bats sur des th\u00e8mes cl\u00e9s comme la libert\u00e9 d\u2019enseignement, l\u2019\u00e9ducation inclusive, et les droits de l\u2019enfant. Sa mission repose sur la doctrine sociale de l\u2019\u00c9glise et l\u2019exp\u00e9rience \u00e9ducative de son vaste r\u00e9seau mondial.<\/p><h3><b>Objectifs et Actions Strat\u00e9giques<\/b><\/h3><p>L\u2019OIEC plaide pour une \u00e9ducation de qualit\u00e9 accessible \u00e0 tous, align\u00e9e sur les Objectifs de D\u00e9veloppement Durable (ODD), et cherche \u00e0 promouvoir des valeurs d\u2019humanisme solidaire. En collaboration avec d\u2019autres ONG et institutions, il travaille \u00e0 maximiser l\u2019impact collectif et \u00e0 sensibiliser la communaut\u00e9 internationale aux d\u00e9fis \u00e9ducatifs contemporains. L\u2019OIEC participe activement aux d\u00e9bats internationaux pour influencer les politiques \u00e9ducatives, d\u00e9fendre le droit \u00e0 l\u2019\u00e9ducation et la libert\u00e9 d\u2019enseignement, tout en t\u00e9moignant des r\u00e9alit\u00e9s du terrain. Il contribue \u00e9galement aux discussions sur les droits humains et les futurs de l\u2019\u00e9ducation lors de grands sommets internationaux.<\/p><h3><b>Organisations dans lesquelles l\u2019OIEC est pr\u00e9sent :<\/b><\/h3><h4 style=\"padding-left: 40px;\"><b>Nations Unies (ONU)<\/b><\/h4><ul><li style=\"list-style-type: none;\"><ul><li style=\"list-style-type: none;\"><ul style=\"margin-top: 0cm;\" type=\"1\"><li><b><\/b><b>Si\u00e8ge \u00e0 New York<\/b> : Participation au Forum des Partenariats de l\u2019ECOSOC et collaboration avec l\u2019UNICEF.<\/li><li><b>Si\u00e8ge \u00e0 Gen\u00e8ve<\/b> : Focus sur le Conseil des droits de l\u2019homme, notamment via le m\u00e9canisme de l\u2019Examen P\u00e9riodique Universel (EPU), pour d\u00e9noncer les violations du droit \u00e0 l\u2019\u00e9ducation.<\/li><\/ul><\/li><\/ul><\/li><\/ul><h4 style=\"padding-left: 40px;\"><b>UNESCO<\/b><\/h4><ul><li style=\"list-style-type: none;\"><ul><li style=\"list-style-type: none;\"><ul style=\"margin-top: 0cm;\" type=\"circle\"><li>Contribution aux projets \u00e9ducatifs globaux tels que \u00ab \u00c9ducation pour Tous \u00bb et \u00ab Les Futurs de l\u2019\u00c9ducation \u00bb.<\/li><li>Partenariat avec la Mission du Saint-Si\u00e8ge et des ONG \u00e9ducatives, participation aux r\u00e9unions annuelles de la Conf\u00e9rence Internationale des ONG (CIONG).<\/li><\/ul><\/li><\/ul><\/li><\/ul><h4 style=\"padding-left: 40px;\"><b>Conseil de l\u2019Europe<\/b><\/h4><ul><li style=\"list-style-type: none;\"><ul><li style=\"list-style-type: none;\"><ul style=\"margin-top: 0cm;\" type=\"circle\"><li>Statut participatif au sein de la Conf\u00e9rence des OING.<\/li><li>Implication dans les comit\u00e9s sur l\u2019\u00e9ducation \u00e0 la d\u00e9mocratie, le dialogue interreligieux, et les droits sociaux.<\/li><\/ul><\/li><\/ul><\/li><\/ul><h4 style=\"padding-left: 40px;\"><b>Forum International des ONG d\u2019Inspiration Catholique<\/b><\/h4><ul><li style=\"list-style-type: none;\"><ul><li style=\"list-style-type: none;\"><ul style=\"margin-top: 0cm;\" type=\"circle\"><li>Collaboration \u00e9troite avec des ONG partageant les m\u00eames valeurs pour renforcer la pr\u00e9sence catholique dans les d\u00e9bats internationaux.<\/li><li>Participation active aux Assembl\u00e9es G\u00e9n\u00e9rales et plateformes locales \u00e0 New York et Gen\u00e8ve.<\/li><\/ul><\/li><\/ul><\/li><\/ul><p><strong><span style=\"color: #333333;\">Afin de suivre l\u2019activit\u00e9 de cette \u00e9quipe de repr\u00e9sentation, et comprendre comment les int\u00e9r\u00eats et les besoins des \u00e9coles catholiques sont repr\u00e9sent\u00e9s, un bulletin est publi\u00e9 r\u00e9guli\u00e8rement. Vous le retrouverez d\u00e9sormais dans la <a href=\"http:\/\/oiecinternational.com\/fr\/newsletters\/\">Newsletter de l&#8217;OIEC<\/a>.<\/span><\/strong><\/p>\t\t\t\t\t\t<\/div>\n\t\t\t\t<\/div>\n\t\t\t\t\t<\/div>\n\t\t<\/div>\n\t\t\t\t\t<\/div>\n\t\t<\/section>\n\t\t\t\t<section class=\"elementor-section elementor-top-section elementor-element elementor-element-72e4751 elementor-section-boxed elementor-section-height-default elementor-section-height-default\" data-id=\"72e4751\" data-element_type=\"section\">\n\t\t\t\t\t\t<div class=\"elementor-container elementor-column-gap-default\">\n\t\t\t\t\t<div class=\"elementor-column elementor-col-66 elementor-top-column elementor-element elementor-element-7057c10\" data-id=\"7057c10\" data-element_type=\"column\">\n\t\t\t<div class=\"elementor-widget-wrap elementor-element-populated\">\n\t\t\t\t\t\t<div class=\"elementor-element elementor-element-cc8b1dc elementor-widget elementor-widget-text-editor\" data-id=\"cc8b1dc\" data-element_type=\"widget\" data-widget_type=\"text-editor.default\">\n\t\t\t\t<div class=\"elementor-widget-container\">\n\t\t\t\t\t\t\t<h2>La repr\u00e9sentation de l&#8217;OIEC<\/h2><h3><span style=\"color: #ffcc00;\"><strong>dans les instances internationales<\/strong><\/span><\/h3><p>Pour mieux comprendre les rouages des diff\u00e9rentes instances internationales, l\u2019OIEC a r\u00e9dig\u00e9 un document de synth\u00e8se pr\u00e9sentant chacune d\u2019entre elles et pr\u00e9cisant les orientations du Secr\u00e9taire G\u00e9n\u00e9ral de l\u2019OIEC.<\/p><p><br \/><a href=\"https:\/\/drive.google.com\/drive\/folders\/1HgZ5sZgPNmSWj5Rub0PRwIvkiugr8qok?usp=drive_link\" target=\"_blank\" rel=\"noopener\">T\u00e9l\u00e9chargez ce livret en fran\u00e7ais, anglais, espagnol.<\/a><\/p>\t\t\t\t\t\t<\/div>\n\t\t\t\t<\/div>\n\t\t\t\t\t<\/div>\n\t\t<\/div>\n\t\t\t\t<div class=\"elementor-column elementor-col-33 elementor-top-column elementor-element elementor-element-b511f38\" data-id=\"b511f38\" data-element_type=\"column\">\n\t\t\t<div class=\"elementor-widget-wrap elementor-element-populated\">\n\t\t\t\t\t\t<div class=\"elementor-element elementor-element-bb87220 elementor-widget elementor-widget-image\" data-id=\"bb87220\" data-element_type=\"widget\" data-widget_type=\"image.default\">\n\t\t\t\t<div class=\"elementor-widget-container\">\n\t\t\t\t\t\t\t\t\t\t\t\t\t\t<a href=\"https:\/\/drive.google.com\/drive\/folders\/1HgZ5sZgPNmSWj5Rub0PRwIvkiugr8qok?usp=drive_link\">\n\t\t\t\t\t\t\t<img decoding=\"async\" width=\"640\" height=\"905\" src=\"https:\/\/oiecinternational.com\/fr\/wp-content\/uploads\/sites\/3\/2024\/04\/Livret-ETR-FR-724x1024.png\" class=\"attachment-large size-large wp-image-7788\" alt=\"\" srcset=\"https:\/\/oiecinternational.com\/fr\/wp-content\/uploads\/sites\/3\/2024\/04\/Livret-ETR-FR-724x1024.png 724w, https:\/\/oiecinternational.com\/fr\/wp-content\/uploads\/sites\/3\/2024\/04\/Livret-ETR-FR-212x300.png 212w, https:\/\/oiecinternational.com\/fr\/wp-content\/uploads\/sites\/3\/2024\/04\/Livret-ETR-FR.png 744w\" sizes=\"(max-width: 640px) 100vw, 640px\" \/>\t\t\t\t\t\t\t\t<\/a>\n\t\t\t\t\t\t\t\t\t\t\t\t\t<\/div>\n\t\t\t\t<\/div>\n\t\t\t\t\t<\/div>\n\t\t<\/div>\n\t\t\t\t\t<\/div>\n\t\t<\/section>\n\t\t\t\t<section class=\"elementor-section elementor-top-section elementor-element elementor-element-3416ee6 elementor-section-boxed elementor-section-height-default elementor-section-height-default\" data-id=\"3416ee6\" data-element_type=\"section\">\n\t\t\t\t\t\t<div class=\"elementor-container elementor-column-gap-default\">\n\t\t\t\t\t<div class=\"elementor-column elementor-col-100 elementor-top-column elementor-element elementor-element-3abb8e3\" data-id=\"3abb8e3\" data-element_type=\"column\">\n\t\t\t<div class=\"elementor-widget-wrap elementor-element-populated\">\n\t\t\t\t\t\t<div class=\"elementor-element elementor-element-d58e347 elementor-widget elementor-widget-text-editor\" data-id=\"d58e347\" data-element_type=\"widget\" data-widget_type=\"text-editor.default\">\n\t\t\t\t<div class=\"elementor-widget-container\">\n\t\t\t\t\t\t\t<h3><span style=\"color: #00ccff;\"><strong>Participation de l&#8217;OIEC au Sommet de l&#8217;Avenir \u00e0 New York :<\/strong><\/span> <br \/><span style=\"color: #ffcc00;\"><strong>Vers une \u00c9ducation Inclusive et Solidaire pour un Monde en Paix<\/strong><\/span><\/h3>\t\t\t\t\t\t<\/div>\n\t\t\t\t<\/div>\n\t\t\t\t\t<\/div>\n\t\t<\/div>\n\t\t\t\t\t<\/div>\n\t\t<\/section>\n\t\t\t\t<section class=\"elementor-section elementor-top-section elementor-element elementor-element-deed64d elementor-section-boxed elementor-section-height-default elementor-section-height-default\" data-id=\"deed64d\" data-element_type=\"section\">\n\t\t\t\t\t\t<div class=\"elementor-container elementor-column-gap-default\">\n\t\t\t\t\t<div class=\"elementor-column elementor-col-50 elementor-top-column elementor-element elementor-element-b195aea\" data-id=\"b195aea\" data-element_type=\"column\">\n\t\t\t<div class=\"elementor-widget-wrap elementor-element-populated\">\n\t\t\t\t\t\t<div class=\"elementor-element elementor-element-1e80685 elementor-widget elementor-widget-image\" data-id=\"1e80685\" data-element_type=\"widget\" data-widget_type=\"image.default\">\n\t\t\t\t<div class=\"elementor-widget-container\">\n\t\t\t\t\t\t\t\t\t\t\t\t\t\t<a href=\"https:\/\/drive.google.com\/file\/d\/1zmuu5NlBr6FwzXYVbDjZ8cbMgHxVFBUr\/view?usp=drive_link\">\n\t\t\t\t\t\t\t<img decoding=\"async\" width=\"640\" height=\"453\" src=\"https:\/\/oiecinternational.com\/fr\/wp-content\/uploads\/sites\/3\/2024\/12\/SOMMET-DE-LAVENIR-1024x724.png\" class=\"attachment-large size-large wp-image-8029\" alt=\"\" srcset=\"https:\/\/oiecinternational.com\/fr\/wp-content\/uploads\/sites\/3\/2024\/12\/SOMMET-DE-LAVENIR-1024x724.png 1024w, https:\/\/oiecinternational.com\/fr\/wp-content\/uploads\/sites\/3\/2024\/12\/SOMMET-DE-LAVENIR-300x212.png 300w, https:\/\/oiecinternational.com\/fr\/wp-content\/uploads\/sites\/3\/2024\/12\/SOMMET-DE-LAVENIR-768x543.png 768w, https:\/\/oiecinternational.com\/fr\/wp-content\/uploads\/sites\/3\/2024\/12\/SOMMET-DE-LAVENIR-1536x1086.png 1536w, https:\/\/oiecinternational.com\/fr\/wp-content\/uploads\/sites\/3\/2024\/12\/SOMMET-DE-LAVENIR-2048x1448.png 2048w\" sizes=\"(max-width: 640px) 100vw, 640px\" \/>\t\t\t\t\t\t\t\t<\/a>\n\t\t\t\t\t\t\t\t\t\t\t\t\t<\/div>\n\t\t\t\t<\/div>\n\t\t\t\t\t<\/div>\n\t\t<\/div>\n\t\t\t\t<div class=\"elementor-column elementor-col-50 elementor-top-column elementor-element elementor-element-efee8ef\" data-id=\"efee8ef\" data-element_type=\"column\">\n\t\t\t<div class=\"elementor-widget-wrap elementor-element-populated\">\n\t\t\t\t\t\t<div class=\"elementor-element elementor-element-ae7b294 elementor-widget elementor-widget-text-editor\" data-id=\"ae7b294\" data-element_type=\"widget\" data-widget_type=\"text-editor.default\">\n\t\t\t\t<div class=\"elementor-widget-container\">\n\t\t\t\t\t\t\t<p>Repr\u00e9sentant les \u00e9coles catholiques, l\u2019OIEC a contribu\u00e9 \u00e0 porter la voix de l\u2019\u00e9ducation catholique au c\u0153ur des discussions internationales.\u00a0<\/p><p>Cette pr\u00e9sence est d\u2019autant plus significative que le Pacte pour l\u2019Avenir, pr\u00e9sent\u00e9 lors du sommet, est en coh\u00e9rence totale avec le Pacte \u00c9ducatif Global du Saint P\u00e8re, partageant une vision commune d\u2019une \u00e9ducation inclusive et durable, tourn\u00e9e vers la fraternit\u00e9, la justice et la paix.<\/p><p>T\u00e9l\u00e9charger en <a href=\"https:\/\/drive.google.com\/file\/d\/1zmuu5NlBr6FwzXYVbDjZ8cbMgHxVFBUr\/view?usp=drive_link\" target=\"_blank\" rel=\"noopener\">fran\u00e7ais<\/a>, en <a href=\"https:\/\/drive.google.com\/file\/d\/1ENq6quzPlb1badcWyxifu7BPiWUAv0OG\/view?usp=drive_link\" target=\"_blank\" rel=\"noopener\">anglais<\/a><\/p>\t\t\t\t\t\t<\/div>\n\t\t\t\t<\/div>\n\t\t\t\t\t<\/div>\n\t\t<\/div>\n\t\t\t\t\t<\/div>\n\t\t<\/section>\n\t\t\t\t<section class=\"elementor-section elementor-top-section elementor-element elementor-element-a334eba elementor-section-boxed elementor-section-height-default elementor-section-height-default\" data-id=\"a334eba\" data-element_type=\"section\">\n\t\t\t\t\t\t<div class=\"elementor-container elementor-column-gap-default\">\n\t\t\t\t\t<div class=\"elementor-column elementor-col-66 elementor-top-column elementor-element elementor-element-de329b0\" data-id=\"de329b0\" data-element_type=\"column\">\n\t\t\t<div class=\"elementor-widget-wrap elementor-element-populated\">\n\t\t\t\t\t\t<div class=\"elementor-element elementor-element-01355ff elementor-widget elementor-widget-text-editor\" data-id=\"01355ff\" data-element_type=\"widget\" data-widget_type=\"text-editor.default\">\n\t\t\t\t<div class=\"elementor-widget-container\">\n\t\t\t\t\t\t\t<h3>Travail de l&#8217;OIEC<\/h3><h2><span style=\"color: #ffcc00;\"><strong>avec l&#8217;UNESCO<\/strong><\/span><\/h2><p>L&#8217;Organisation Internationale de l&#8217;\u00c9ducation Catholique (OIEC) collabore activement avec l&#8217;UNESCO pour promouvoir une \u00e9ducation inclusive et de qualit\u00e9 pour tous. \u00c0 travers des programmes conjoints et des initiatives mondiales, cette coop\u00e9ration vise \u00e0 int\u00e9grer les valeurs \u00e9thiques et spirituelles dans les syst\u00e8mes \u00e9ducatifs \u00e0 travers le monde. Ce livret d\u00e9taille les projets, les impacts et les visions partag\u00e9es de l&#8217;OIEC et de l&#8217;UNESCO, illustrant leur engagement commun en faveur du d\u00e9veloppement \u00e9ducatif mondial.<\/p><p><span style=\"color: #999999;\"><em>T\u00e9l\u00e9chargez prochainement le livret<\/em><\/span><\/p>\t\t\t\t\t\t<\/div>\n\t\t\t\t<\/div>\n\t\t\t\t\t<\/div>\n\t\t<\/div>\n\t\t\t\t<div class=\"elementor-column elementor-col-33 elementor-top-column elementor-element elementor-element-5d202bf\" data-id=\"5d202bf\" data-element_type=\"column\">\n\t\t\t<div class=\"elementor-widget-wrap elementor-element-populated\">\n\t\t\t\t\t\t<div class=\"elementor-element elementor-element-ddceca0 elementor-widget elementor-widget-image\" data-id=\"ddceca0\" data-element_type=\"widget\" data-widget_type=\"image.default\">\n\t\t\t\t<div class=\"elementor-widget-container\">\n\t\t\t\t\t\t\t\t\t\t\t\t\t<img loading=\"lazy\" decoding=\"async\" width=\"640\" height=\"909\" src=\"https:\/\/oiecinternational.com\/fr\/wp-content\/uploads\/sites\/3\/2024\/04\/unesco-721x1024.png\" class=\"attachment-large size-large wp-image-7796\" alt=\"\" srcset=\"https:\/\/oiecinternational.com\/fr\/wp-content\/uploads\/sites\/3\/2024\/04\/unesco-721x1024.png 721w, https:\/\/oiecinternational.com\/fr\/wp-content\/uploads\/sites\/3\/2024\/04\/unesco-211x300.png 211w, https:\/\/oiecinternational.com\/fr\/wp-content\/uploads\/sites\/3\/2024\/04\/unesco-768x1091.png 768w, https:\/\/oiecinternational.com\/fr\/wp-content\/uploads\/sites\/3\/2024\/04\/unesco.png 888w\" sizes=\"(max-width: 640px) 100vw, 640px\" \/>\t\t\t\t\t\t\t\t\t\t\t\t\t<\/div>\n\t\t\t\t<\/div>\n\t\t\t\t\t<\/div>\n\t\t<\/div>\n\t\t\t\t\t<\/div>\n\t\t<\/section>\n\t\t\t\t<\/div>\n\t\t","protected":false},"excerpt":{"rendered":"<p>P\u00d4LE DE LA REPR\u00c9SENTATION En tant qu\u2019expert sur les questions relatives \u00e0 l\u2019\u00e9ducation, l\u2019OIEC intervient dans diff\u00e9rentes institutions internationales. \u00catre pr\u00e9sent aupr\u00e8s de ces instances nous permet de mieux porter la voix de l\u2019Enseignement catholique dans les organes-cl\u00e9s qui peuvent influer le cours des lois et des politiques publiques. Ainsi, l\u2019OIEC peut faire entendre la voix des millions de familles&#8230;<\/p>\n","protected":false},"author":3,"featured_media":0,"parent":5911,"menu_order":2,"comment_status":"closed","ping_status":"closed","template":"","meta":{"_eb_attr":"","footnotes":""},"class_list":["post-5935","page","type-page","status-publish","hentry"],"_links":{"self":[{"href":"https:\/\/oiecinternational.com\/fr\/wp-json\/wp\/v2\/pages\/5935"}],"collection":[{"href":"https:\/\/oiecinternational.com\/fr\/wp-json\/wp\/v2\/pages"}],"about":[{"href":"https:\/\/oiecinternational.com\/fr\/wp-json\/wp\/v2\/types\/page"}],"author":[{"embeddable":true,"href":"https:\/\/oiecinternational.com\/fr\/wp-json\/wp\/v2\/users\/3"}],"replies":[{"embeddable":true,"href":"https:\/\/oiecinternational.com\/fr\/wp-json\/wp\/v2\/comments?post=5935"}],"version-history":[{"count":18,"href":"https:\/\/oiecinternational.com\/fr\/wp-json\/wp\/v2\/pages\/5935\/revisions"}],"predecessor-version":[{"id":8045,"href":"https:\/\/oiecinternational.com\/fr\/wp-json\/wp\/v2\/pages\/5935\/revisions\/8045"}],"up":[{"embeddable":true,"href":"https:\/\/oiecinternational.com\/fr\/wp-json\/wp\/v2\/pages\/5911"}],"wp:attachment":[{"href":"https:\/\/oiecinternational.com\/fr\/wp-json\/wp\/v2\/media?parent=5935"}],"curies":[{"name":"wp","href":"https:\/\/api.w.org\/{rel}","templated":true}]}}