{"id":5946,"date":"2023-02-22T20:19:56","date_gmt":"2023-02-22T19:19:56","guid":{"rendered":"http:\/\/jcgqqhj.cluster030.hosting.ovh.net\/fr\/?page_id=5946"},"modified":"2023-08-19T07:14:17","modified_gmt":"2023-08-19T05:14:17","slug":"pole-projets-educatifs-et-culturels","status":"publish","type":"page","link":"https:\/\/oiecinternational.com\/fr\/les-poles\/pole-projets-educatifs-et-culturels\/","title":{"rendered":"P\u00f4le Projets \u00e9ducatifs et culturels"},"content":{"rendered":"\t\t<div data-elementor-type=\"wp-page\" data-elementor-id=\"5946\" class=\"elementor elementor-5946\">\n\t\t\t\t\t\t<section class=\"elementor-section elementor-top-section elementor-element elementor-element-f995195 elementor-section-boxed elementor-section-height-default elementor-section-height-default\" data-id=\"f995195\" data-element_type=\"section\">\n\t\t\t\t\t\t<div class=\"elementor-container elementor-column-gap-default\">\n\t\t\t\t\t<div class=\"elementor-column elementor-col-100 elementor-top-column elementor-element elementor-element-a63d144\" data-id=\"a63d144\" data-element_type=\"column\">\n\t\t\t<div class=\"elementor-widget-wrap elementor-element-populated\">\n\t\t\t\t\t\t<div class=\"elementor-element elementor-element-1f78c7c elementor-invisible elementor-widget elementor-widget-image\" data-id=\"1f78c7c\" data-element_type=\"widget\" data-settings=\"{&quot;_animation&quot;:&quot;zoomIn&quot;}\" data-widget_type=\"image.default\">\n\t\t\t\t<div class=\"elementor-widget-container\">\n\t\t\t\t\t\t\t\t\t\t\t\t\t<img fetchpriority=\"high\" decoding=\"async\" width=\"1100\" height=\"605\" src=\"https:\/\/oiecinternational.com\/fr\/wp-content\/uploads\/sites\/3\/2023\/02\/pole-projets-e1677093688905.jpg\" class=\"attachment-full size-full wp-image-5947\" alt=\"\" srcset=\"https:\/\/oiecinternational.com\/fr\/wp-content\/uploads\/sites\/3\/2023\/02\/pole-projets-e1677093688905.jpg 1100w, https:\/\/oiecinternational.com\/fr\/wp-content\/uploads\/sites\/3\/2023\/02\/pole-projets-e1677093688905-300x165.jpg 300w, https:\/\/oiecinternational.com\/fr\/wp-content\/uploads\/sites\/3\/2023\/02\/pole-projets-e1677093688905-1024x563.jpg 1024w, https:\/\/oiecinternational.com\/fr\/wp-content\/uploads\/sites\/3\/2023\/02\/pole-projets-e1677093688905-768x422.jpg 768w\" sizes=\"(max-width: 1100px) 100vw, 1100px\" \/>\t\t\t\t\t\t\t\t\t\t\t\t\t<\/div>\n\t\t\t\t<\/div>\n\t\t\t\t\t<\/div>\n\t\t<\/div>\n\t\t\t\t\t<\/div>\n\t\t<\/section>\n\t\t\t\t<section class=\"elementor-section elementor-top-section elementor-element elementor-element-b7ddc49 elementor-section-boxed elementor-section-height-default elementor-section-height-default\" data-id=\"b7ddc49\" data-element_type=\"section\">\n\t\t\t\t\t\t<div class=\"elementor-container elementor-column-gap-default\">\n\t\t\t\t\t<div class=\"elementor-column elementor-col-100 elementor-top-column elementor-element elementor-element-1977b67\" data-id=\"1977b67\" data-element_type=\"column\">\n\t\t\t<div class=\"elementor-widget-wrap elementor-element-populated\">\n\t\t\t\t\t\t<div class=\"elementor-element elementor-element-ef1ef7f elementor-view-default elementor-widget elementor-widget-icon\" data-id=\"ef1ef7f\" data-element_type=\"widget\" data-widget_type=\"icon.default\">\n\t\t\t\t<div class=\"elementor-widget-container\">\n\t\t\t\t\t<div class=\"elementor-icon-wrapper\">\n\t\t\t<div class=\"elementor-icon\">\n\t\t\t<i aria-hidden=\"true\" class=\"fas fa-star\"><\/i>\t\t\t<\/div>\n\t\t<\/div>\n\t\t\t\t<\/div>\n\t\t\t\t<\/div>\n\t\t\t\t\t<\/div>\n\t\t<\/div>\n\t\t\t\t\t<\/div>\n\t\t<\/section>\n\t\t\t\t<section class=\"elementor-section elementor-top-section elementor-element elementor-element-4be7e47 elementor-section-boxed elementor-section-height-default elementor-section-height-default\" data-id=\"4be7e47\" data-element_type=\"section\">\n\t\t\t\t\t\t<div class=\"elementor-container elementor-column-gap-default\">\n\t\t\t\t\t<div class=\"elementor-column elementor-col-100 elementor-top-column elementor-element elementor-element-82f793b\" data-id=\"82f793b\" data-element_type=\"column\">\n\t\t\t<div class=\"elementor-widget-wrap elementor-element-populated\">\n\t\t\t\t\t\t<div class=\"elementor-element elementor-element-5dc8142 elementor-widget elementor-widget-heading\" data-id=\"5dc8142\" data-element_type=\"widget\" data-widget_type=\"heading.default\">\n\t\t\t\t<div class=\"elementor-widget-container\">\n\t\t\t<h2 class=\"elementor-heading-title elementor-size-default\">P\u00d4LE PROJETS \u00c9DUCATIFS ET CULTURELS<\/h2>\t\t<\/div>\n\t\t\t\t<\/div>\n\t\t\t\t\t<\/div>\n\t\t<\/div>\n\t\t\t\t\t<\/div>\n\t\t<\/section>\n\t\t\t\t<section class=\"elementor-section elementor-top-section elementor-element elementor-element-9611d8b elementor-section-boxed elementor-section-height-default elementor-section-height-default\" data-id=\"9611d8b\" data-element_type=\"section\">\n\t\t\t\t\t\t<div class=\"elementor-container elementor-column-gap-default\">\n\t\t\t\t\t<div class=\"elementor-column elementor-col-100 elementor-top-column elementor-element elementor-element-6b81bce\" data-id=\"6b81bce\" data-element_type=\"column\">\n\t\t\t<div class=\"elementor-widget-wrap elementor-element-populated\">\n\t\t\t\t\t\t<div class=\"elementor-element elementor-element-5a26214 elementor-widget elementor-widget-spacer\" data-id=\"5a26214\" data-element_type=\"widget\" data-widget_type=\"spacer.default\">\n\t\t\t\t<div class=\"elementor-widget-container\">\n\t\t\t\t\t<div class=\"elementor-spacer\">\n\t\t\t<div class=\"elementor-spacer-inner\"><\/div>\n\t\t<\/div>\n\t\t\t\t<\/div>\n\t\t\t\t<\/div>\n\t\t\t\t\t<\/div>\n\t\t<\/div>\n\t\t\t\t\t<\/div>\n\t\t<\/section>\n\t\t\t\t<section class=\"elementor-section elementor-top-section elementor-element elementor-element-7e90bd0 elementor-section-boxed elementor-section-height-default elementor-section-height-default\" data-id=\"7e90bd0\" data-element_type=\"section\">\n\t\t\t\t\t\t<div class=\"elementor-container elementor-column-gap-default\">\n\t\t\t\t\t<div class=\"elementor-column elementor-col-100 elementor-top-column elementor-element elementor-element-de28a9b\" data-id=\"de28a9b\" data-element_type=\"column\">\n\t\t\t<div class=\"elementor-widget-wrap elementor-element-populated\">\n\t\t\t\t\t\t<div class=\"elementor-element elementor-element-4350571 elementor-widget elementor-widget-text-editor\" data-id=\"4350571\" data-element_type=\"widget\" data-widget_type=\"text-editor.default\">\n\t\t\t\t<div class=\"elementor-widget-container\">\n\t\t\t\t\t\t\t<h3>Sa Mission :<\/h3><ul><li><strong><span style=\"color: #333333;\">Participer \u00e0 la mission de l\u2019Eglise en promouvant dans le monde un projet \u00e9ducatif d\u2019inspiration catholique<\/span><\/strong><\/li><li><strong><span style=\"color: #333333;\">Promouvoir la cr\u00e9ation, aupr\u00e8s des institutions scolaires et \u00e9ducatives, de \u00abcommunaut\u00e9s \u00e9ducatives\u00bb dans lesquelles tous les partenaires travaillent :<\/span><\/strong><ul><li><strong><span style=\"color: #333333;\">de fa\u00e7on solidaire et responsable au progr\u00e8s scolaire \u00e9ducatif et culturel,\u00a0<\/span><\/strong><\/li><li><strong><span style=\"color: #333333;\">ainsi qu\u2019au d\u00e9veloppement de l\u2019esprit \u00e9vang\u00e9lique,\u00a0<\/span><\/strong><\/li><li><strong><span style=\"color: #333333;\">en portant une attention sp\u00e9ciale aux plus d\u00e9sh\u00e9rit\u00e9s\u00a0<\/span><\/strong><\/li><li><strong><span style=\"color: #333333;\">et en accueillant, dans le respect des consciences, tous ceux qui font confiance \u00e0 cette \u00e9cole ;<\/span><\/strong><\/li><\/ul><\/li><\/ul><h4><span style=\"color: #333333;\">Pour r\u00e9pondre aux engagements envers le Pacte \u00e9ducatif mondial,<\/span><strong> le p\u00f4le accompagne les \u00e9tablissements du monde en proposant de mettre en place des projets \u00e9ducatifs et culturels concrets :<\/strong><\/h4>\t\t\t\t\t\t<\/div>\n\t\t\t\t<\/div>\n\t\t\t\t\t<\/div>\n\t\t<\/div>\n\t\t\t\t\t<\/div>\n\t\t<\/section>\n\t\t\t\t<section class=\"elementor-section elementor-top-section elementor-element elementor-element-17c47fb elementor-section-boxed elementor-section-height-default elementor-section-height-default\" data-id=\"17c47fb\" data-element_type=\"section\">\n\t\t\t\t\t\t<div class=\"elementor-container elementor-column-gap-default\">\n\t\t\t\t\t<div class=\"elementor-column elementor-col-66 elementor-top-column elementor-element elementor-element-b70186e\" data-id=\"b70186e\" data-element_type=\"column\">\n\t\t\t<div class=\"elementor-widget-wrap elementor-element-populated\">\n\t\t\t\t\t\t<div class=\"elementor-element elementor-element-a273aca elementor-widget elementor-widget-text-editor\" data-id=\"a273aca\" data-element_type=\"widget\" data-widget_type=\"text-editor.default\">\n\t\t\t\t<div class=\"elementor-widget-container\">\n\t\t\t\t\t\t\t<blockquote>\n<h3 style=\"text-align: left;\">Projet \u00abMoi, je peux (I can)\u00bb<\/h3>\n<p style=\"text-align: left;\"><span style=\"color: #333333;\">Le Projet \u00ab Moi, JE PEUX ! \u00bb (I CAN) consiste \u00e0 relever les d\u00e9fis propos\u00e9s par\u00a0<\/span><span style=\"color: #333333;\">l\u2019Encyclique LAUDATO SI\u2019 (Pape Fran\u00e7ois, 2015) \u00e0 travers les enfants et les jeunes. Gr\u00e2ce \u00e0 leur spontan\u00e9it\u00e9 et \u00e0 leur originalit\u00e9, loin des contraintes et des int\u00e9r\u00eats \u00e9go\u00efstes, il s\u2019agit de leur donner des moyens pour prendre des initiatives et donner des r\u00e9ponses engag\u00e9es, cr\u00e9atives et collaboratives.<\/span><\/p>\n\n<h4><a href=\"http:\/\/oiecinternational.com\/fr\/je-peux\/\"><span style=\"text-decoration: underline;\"><strong>&gt;&gt; Pour en savoir plus&#8230;<\/strong><\/span><\/a><\/h4>\n<\/blockquote>\t\t\t\t\t\t<\/div>\n\t\t\t\t<\/div>\n\t\t\t\t\t<\/div>\n\t\t<\/div>\n\t\t\t\t<div class=\"elementor-column elementor-col-33 elementor-top-column elementor-element elementor-element-b388045\" data-id=\"b388045\" data-element_type=\"column\">\n\t\t\t<div class=\"elementor-widget-wrap elementor-element-populated\">\n\t\t\t\t\t\t<div class=\"elementor-element elementor-element-96d1ecd elementor-widget elementor-widget-image\" data-id=\"96d1ecd\" data-element_type=\"widget\" data-widget_type=\"image.default\">\n\t\t\t\t<div class=\"elementor-widget-container\">\n\t\t\t\t\t\t\t\t\t\t\t\t\t<img decoding=\"async\" width=\"585\" height=\"800\" src=\"https:\/\/oiecinternational.com\/fr\/wp-content\/uploads\/sites\/3\/2023\/02\/Moi-je-peux-1.png\" class=\"attachment-full size-full wp-image-5953\" alt=\"\" srcset=\"https:\/\/oiecinternational.com\/fr\/wp-content\/uploads\/sites\/3\/2023\/02\/Moi-je-peux-1.png 585w, https:\/\/oiecinternational.com\/fr\/wp-content\/uploads\/sites\/3\/2023\/02\/Moi-je-peux-1-219x300.png 219w\" sizes=\"(max-width: 585px) 100vw, 585px\" \/>\t\t\t\t\t\t\t\t\t\t\t\t\t<\/div>\n\t\t\t\t<\/div>\n\t\t\t\t\t<\/div>\n\t\t<\/div>\n\t\t\t\t\t<\/div>\n\t\t<\/section>\n\t\t\t\t<section class=\"elementor-section elementor-top-section elementor-element elementor-element-ce91e66 elementor-section-boxed elementor-section-height-default elementor-section-height-default\" data-id=\"ce91e66\" data-element_type=\"section\">\n\t\t\t\t\t\t<div class=\"elementor-container elementor-column-gap-default\">\n\t\t\t\t\t<div class=\"elementor-column elementor-col-33 elementor-top-column elementor-element elementor-element-8ae042d\" data-id=\"8ae042d\" data-element_type=\"column\">\n\t\t\t<div class=\"elementor-widget-wrap elementor-element-populated\">\n\t\t\t\t\t\t<div class=\"elementor-element elementor-element-495faa1 elementor-widget elementor-widget-image\" data-id=\"495faa1\" data-element_type=\"widget\" data-widget_type=\"image.default\">\n\t\t\t\t<div class=\"elementor-widget-container\">\n\t\t\t\t\t\t\t\t\t\t\t\t\t<img decoding=\"async\" width=\"1488\" height=\"2105\" src=\"https:\/\/oiecinternational.com\/fr\/wp-content\/uploads\/sites\/3\/2023\/07\/PF-FR.png\" class=\"attachment-full size-full wp-image-7087\" alt=\"\" srcset=\"https:\/\/oiecinternational.com\/fr\/wp-content\/uploads\/sites\/3\/2023\/07\/PF-FR.png 1488w, https:\/\/oiecinternational.com\/fr\/wp-content\/uploads\/sites\/3\/2023\/07\/PF-FR-212x300.png 212w, https:\/\/oiecinternational.com\/fr\/wp-content\/uploads\/sites\/3\/2023\/07\/PF-FR-724x1024.png 724w, https:\/\/oiecinternational.com\/fr\/wp-content\/uploads\/sites\/3\/2023\/07\/PF-FR-768x1086.png 768w, https:\/\/oiecinternational.com\/fr\/wp-content\/uploads\/sites\/3\/2023\/07\/PF-FR-1086x1536.png 1086w, https:\/\/oiecinternational.com\/fr\/wp-content\/uploads\/sites\/3\/2023\/07\/PF-FR-1448x2048.png 1448w\" sizes=\"(max-width: 1488px) 100vw, 1488px\" \/>\t\t\t\t\t\t\t\t\t\t\t\t\t<\/div>\n\t\t\t\t<\/div>\n\t\t\t\t<div class=\"elementor-element elementor-element-1e25370 elementor-widget elementor-widget-image\" data-id=\"1e25370\" data-element_type=\"widget\" data-widget_type=\"image.default\">\n\t\t\t\t<div class=\"elementor-widget-container\">\n\t\t\t\t\t\t\t\t\t\t\t\t\t<img loading=\"lazy\" decoding=\"async\" width=\"1488\" height=\"2105\" src=\"https:\/\/oiecinternational.com\/fr\/wp-content\/uploads\/sites\/3\/2023\/07\/Little-FR.png\" class=\"attachment-full size-full wp-image-7086\" alt=\"\" srcset=\"https:\/\/oiecinternational.com\/fr\/wp-content\/uploads\/sites\/3\/2023\/07\/Little-FR.png 1488w, https:\/\/oiecinternational.com\/fr\/wp-content\/uploads\/sites\/3\/2023\/07\/Little-FR-212x300.png 212w, https:\/\/oiecinternational.com\/fr\/wp-content\/uploads\/sites\/3\/2023\/07\/Little-FR-724x1024.png 724w, https:\/\/oiecinternational.com\/fr\/wp-content\/uploads\/sites\/3\/2023\/07\/Little-FR-768x1086.png 768w, https:\/\/oiecinternational.com\/fr\/wp-content\/uploads\/sites\/3\/2023\/07\/Little-FR-1086x1536.png 1086w, https:\/\/oiecinternational.com\/fr\/wp-content\/uploads\/sites\/3\/2023\/07\/Little-FR-1448x2048.png 1448w\" sizes=\"(max-width: 1488px) 100vw, 1488px\" \/>\t\t\t\t\t\t\t\t\t\t\t\t\t<\/div>\n\t\t\t\t<\/div>\n\t\t\t\t\t<\/div>\n\t\t<\/div>\n\t\t\t\t<div class=\"elementor-column elementor-col-66 elementor-top-column elementor-element elementor-element-3343419\" data-id=\"3343419\" data-element_type=\"column\">\n\t\t\t<div class=\"elementor-widget-wrap elementor-element-populated\">\n\t\t\t\t\t\t<div class=\"elementor-element elementor-element-e24477d elementor-widget elementor-widget-text-editor\" data-id=\"e24477d\" data-element_type=\"widget\" data-widget_type=\"text-editor.default\">\n\t\t\t\t<div class=\"elementor-widget-container\">\n\t\t\t\t\t\t\t<blockquote><h3 style=\"text-align: left;\">Projets \u00ab Planet Fraternity \u00bb <br \/>&amp; &#8220;Little Planet Fraternity&#8221;<\/h3><p style=\"text-align: left;\"><span style=\"color: #333333;\">S\u2019appuyant sur la d\u00e9marche \u00abMoi, je peux !\u00bb, <strong><span style=\"color: #64d65e;\">Planet Fraternity <\/span><\/strong>met en relation des \u00e9l\u00e8ves (entre 9 et 18 ans de niveau B1\/B2 en anglais), des enseignants du monde entier et encourage la cr\u00e9ativit\u00e9 de ces jeunes \u00e0 travers la recherche de solutions \u00e0 des probl\u00e8mes r\u00e9els dont ils ont eux-m\u00eames conscience et qui font na\u00eetre en eux une pens\u00e9e critique. Avec ce projet, une communaut\u00e9 est \u00e9tablie o\u00f9 les liens de collaboration, de travail et d\u2019amiti\u00e9 sont renforc\u00e9s entre les \u00e9l\u00e8ves du monde entier, quel que soit leurs croyances ou leurs religions.<\/span><\/p><p>Pour la rentr\u00e9e 2023, l&#8217;OIEC propose un nouveau <br \/>projet : <span style=\"color: #ff9900;\"><strong>Little Planet Fraternity<\/strong><\/span> <strong>destin\u00e9 aux enfants de 8 <\/strong><strong>\u00e0 12 ans, ayant un niveau de langue A1\/A2 en anglais.<\/strong> Ce projet vient s\u2019ajouter au projet Planet Fraternity d\u00e9j\u00e0 engag\u00e9 dans de nombreux \u00e9tablissements dans le monde. Little Planet Fraternity a pour objectif de faire travailler une classe avec deux autres \u00e9coles partenaires du monde sur une ann\u00e9e scolaire enti\u00e8re. Pas de changement en cours d\u2019ann\u00e9e, mais 3 \u00e9quipes, 3 \u00e9coles et donc 3 pays pour d\u00e9couvrir l\u2019\u00e9cole, le pays de ses fr\u00e8res tout en relevant des d\u00e9fis solidaires et \u00e9cologiques pour une cause commune.<\/p><h4><a href=\"http:\/\/oiecinternational.com\/fr\/planet-fraternity\/\"><span style=\"text-decoration-line: underline;\"><strong>&gt;&gt; Pour en savoir plus&#8230;<\/strong><\/span><\/a><\/h4><\/blockquote>\t\t\t\t\t\t<\/div>\n\t\t\t\t<\/div>\n\t\t\t\t\t<\/div>\n\t\t<\/div>\n\t\t\t\t\t<\/div>\n\t\t<\/section>\n\t\t\t\t<section class=\"elementor-section elementor-top-section elementor-element elementor-element-5541b6f elementor-section-boxed elementor-section-height-default elementor-section-height-default\" data-id=\"5541b6f\" data-element_type=\"section\">\n\t\t\t\t\t\t<div class=\"elementor-container elementor-column-gap-default\">\n\t\t\t\t\t<div class=\"elementor-column elementor-col-66 elementor-top-column elementor-element elementor-element-67a5e02\" data-id=\"67a5e02\" data-element_type=\"column\">\n\t\t\t<div class=\"elementor-widget-wrap elementor-element-populated\">\n\t\t\t\t\t\t<div class=\"elementor-element elementor-element-a41ffd2 elementor-widget elementor-widget-text-editor\" data-id=\"a41ffd2\" data-element_type=\"widget\" data-widget_type=\"text-editor.default\">\n\t\t\t\t<div class=\"elementor-widget-container\">\n\t\t\t\t\t\t\t<blockquote>\n<h3 style=\"text-align: left;\">Religions et \u00e9ducation :\nvers un pacte \u00e9ducatif<\/h3>\n<p style=\"text-align: left;\"><span style=\"color: #333333;\">Le 5 octobre 2021, le Pape Fran\u00e7ois invitait les leaders des religions dans le monde, \u00e0 r\u00e9fl\u00e9chir ensemble sur le seul dynamisme qui peut changer le monde dans lequel nous vivons et le rapprocher des id\u00e9aux les plus pr\u00e9cieux que nous pouvons tous partager : fraternit\u00e9, \u00e9galit\u00e9, libert\u00e9, vie pleine, pari pour les pauvres, transformation sociale&#8230;<\/span><\/p>\n<p style=\"text-align: left;\"><span style=\"color: #333333;\">Afin de mettre en lumi\u00e8re la d\u00e9marche du Saint-P\u00e8re, l\u2019OIEC a produit un livret p\u00e9dagogique \u00e0 destination des \u00e9quipes \u00e9ducatives, invitant les communaut\u00e9s \u00e9ducatives \u00e0 travailler sur ces id\u00e9es simples, profondes et d\u00e9terminantes \u00e9manant de cette rencontre. Travaillons ensemble pour cette noble et urgente alliance \u00e9ducative !<\/span><\/p>\n<\/blockquote>\t\t\t\t\t\t<\/div>\n\t\t\t\t<\/div>\n\t\t\t\t\t<\/div>\n\t\t<\/div>\n\t\t\t\t<div class=\"elementor-column elementor-col-33 elementor-top-column elementor-element elementor-element-ae81b6d\" data-id=\"ae81b6d\" data-element_type=\"column\">\n\t\t\t<div class=\"elementor-widget-wrap elementor-element-populated\">\n\t\t\t\t\t\t<div class=\"elementor-element elementor-element-10ac243 elementor-widget elementor-widget-image\" data-id=\"10ac243\" data-element_type=\"widget\" data-widget_type=\"image.default\">\n\t\t\t\t<div class=\"elementor-widget-container\">\n\t\t\t\t\t\t\t\t\t\t\t\t\t<img loading=\"lazy\" decoding=\"async\" width=\"400\" height=\"565\" src=\"https:\/\/oiecinternational.com\/fr\/wp-content\/uploads\/sites\/3\/2023\/02\/Livret-Religions-et-education-FR-web.jpg\" class=\"attachment-full size-full wp-image-5961\" alt=\"\" srcset=\"https:\/\/oiecinternational.com\/fr\/wp-content\/uploads\/sites\/3\/2023\/02\/Livret-Religions-et-education-FR-web.jpg 400w, https:\/\/oiecinternational.com\/fr\/wp-content\/uploads\/sites\/3\/2023\/02\/Livret-Religions-et-education-FR-web-212x300.jpg 212w\" sizes=\"(max-width: 400px) 100vw, 400px\" \/>\t\t\t\t\t\t\t\t\t\t\t\t\t<\/div>\n\t\t\t\t<\/div>\n\t\t\t\t<div class=\"elementor-element elementor-element-cd18342 elementor-widget elementor-widget-text-editor\" data-id=\"cd18342\" data-element_type=\"widget\" data-widget_type=\"text-editor.default\">\n\t\t\t\t<div class=\"elementor-widget-container\">\n\t\t\t\t\t\t\t<p>T\u00e9l\u00e9chargez le livret en :<br \/><a href=\"https:\/\/drive.google.com\/drive\/folders\/1Lt46mYwjhlZ9vdwuu9Cp52PXOkmucY6V?usp=share_link\" target=\"_blank\" rel=\"noopener\">Fran\u00e7ais, Anglais, Espagnol et Portugais<\/a><\/p>\t\t\t\t\t\t<\/div>\n\t\t\t\t<\/div>\n\t\t\t\t\t<\/div>\n\t\t<\/div>\n\t\t\t\t\t<\/div>\n\t\t<\/section>\n\t\t\t\t<\/div>\n\t\t","protected":false},"excerpt":{"rendered":"<p>P\u00d4LE PROJETS \u00c9DUCATIFS ET CULTURELS Sa Mission : Participer \u00e0 la mission de l\u2019Eglise en promouvant dans le monde un projet \u00e9ducatif d\u2019inspiration catholique Promouvoir la cr\u00e9ation, aupr\u00e8s des institutions scolaires et \u00e9ducatives, de \u00abcommunaut\u00e9s \u00e9ducatives\u00bb dans lesquelles tous les partenaires travaillent : de fa\u00e7on solidaire et responsable au progr\u00e8s scolaire \u00e9ducatif et culturel,\u00a0 ainsi qu\u2019au d\u00e9veloppement de l\u2019esprit \u00e9vang\u00e9lique,\u00a0&#8230;<\/p>\n","protected":false},"author":3,"featured_media":0,"parent":5911,"menu_order":3,"comment_status":"closed","ping_status":"closed","template":"","meta":{"_eb_attr":"","footnotes":""},"class_list":["post-5946","page","type-page","status-publish","hentry"],"_links":{"self":[{"href":"https:\/\/oiecinternational.com\/fr\/wp-json\/wp\/v2\/pages\/5946"}],"collection":[{"href":"https:\/\/oiecinternational.com\/fr\/wp-json\/wp\/v2\/pages"}],"about":[{"href":"https:\/\/oiecinternational.com\/fr\/wp-json\/wp\/v2\/types\/page"}],"author":[{"embeddable":true,"href":"https:\/\/oiecinternational.com\/fr\/wp-json\/wp\/v2\/users\/3"}],"replies":[{"embeddable":true,"href":"https:\/\/oiecinternational.com\/fr\/wp-json\/wp\/v2\/comments?post=5946"}],"version-history":[{"count":0,"href":"https:\/\/oiecinternational.com\/fr\/wp-json\/wp\/v2\/pages\/5946\/revisions"}],"up":[{"embeddable":true,"href":"https:\/\/oiecinternational.com\/fr\/wp-json\/wp\/v2\/pages\/5911"}],"wp:attachment":[{"href":"https:\/\/oiecinternational.com\/fr\/wp-json\/wp\/v2\/media?parent=5946"}],"curies":[{"name":"wp","href":"https:\/\/api.w.org\/{rel}","templated":true}]}}