{"id":5987,"date":"2023-02-22T21:56:35","date_gmt":"2023-02-22T20:56:35","guid":{"rendered":"http:\/\/jcgqqhj.cluster030.hosting.ovh.net\/fr\/?page_id=5987"},"modified":"2023-08-18T10:29:41","modified_gmt":"2023-08-18T08:29:41","slug":"pole-solidarite-internationale","status":"publish","type":"page","link":"https:\/\/oiecinternational.com\/fr\/les-poles\/pole-solidarite-internationale\/","title":{"rendered":"P\u00f4le Solidarit\u00e9 internationale"},"content":{"rendered":"\t\t<div data-elementor-type=\"wp-page\" data-elementor-id=\"5987\" class=\"elementor elementor-5987\">\n\t\t\t\t\t\t<section class=\"elementor-section elementor-top-section elementor-element elementor-element-433ba35 elementor-section-boxed elementor-section-height-default elementor-section-height-default\" data-id=\"433ba35\" data-element_type=\"section\">\n\t\t\t\t\t\t<div class=\"elementor-container elementor-column-gap-default\">\n\t\t\t\t\t<div class=\"elementor-column elementor-col-100 elementor-top-column elementor-element elementor-element-cabee72\" data-id=\"cabee72\" data-element_type=\"column\">\n\t\t\t<div class=\"elementor-widget-wrap elementor-element-populated\">\n\t\t\t\t\t\t<div class=\"elementor-element elementor-element-ece8d98 elementor-invisible elementor-widget elementor-widget-image\" data-id=\"ece8d98\" data-element_type=\"widget\" data-settings=\"{&quot;_animation&quot;:&quot;zoomIn&quot;}\" data-widget_type=\"image.default\">\n\t\t\t\t<div class=\"elementor-widget-container\">\n\t\t\t\t\t\t\t\t\t\t\t\t\t<img fetchpriority=\"high\" decoding=\"async\" width=\"898\" height=\"600\" src=\"https:\/\/oiecinternational.com\/fr\/wp-content\/uploads\/sites\/3\/2023\/02\/solidarite.jpg\" class=\"attachment-full size-full wp-image-5989\" alt=\"\" srcset=\"https:\/\/oiecinternational.com\/fr\/wp-content\/uploads\/sites\/3\/2023\/02\/solidarite.jpg 898w, https:\/\/oiecinternational.com\/fr\/wp-content\/uploads\/sites\/3\/2023\/02\/solidarite-300x200.jpg 300w, https:\/\/oiecinternational.com\/fr\/wp-content\/uploads\/sites\/3\/2023\/02\/solidarite-768x513.jpg 768w, https:\/\/oiecinternational.com\/fr\/wp-content\/uploads\/sites\/3\/2023\/02\/solidarite-600x400.jpg 600w\" sizes=\"(max-width: 898px) 100vw, 898px\" \/>\t\t\t\t\t\t\t\t\t\t\t\t\t<\/div>\n\t\t\t\t<\/div>\n\t\t\t\t\t<\/div>\n\t\t<\/div>\n\t\t\t\t\t<\/div>\n\t\t<\/section>\n\t\t\t\t<section class=\"elementor-section elementor-top-section elementor-element elementor-element-814beb2 elementor-section-boxed elementor-section-height-default elementor-section-height-default\" data-id=\"814beb2\" data-element_type=\"section\">\n\t\t\t\t\t\t<div class=\"elementor-container elementor-column-gap-default\">\n\t\t\t\t\t<div class=\"elementor-column elementor-col-100 elementor-top-column elementor-element elementor-element-925878b\" data-id=\"925878b\" data-element_type=\"column\">\n\t\t\t<div class=\"elementor-widget-wrap elementor-element-populated\">\n\t\t\t\t\t\t<div class=\"elementor-element elementor-element-31555fe elementor-view-default elementor-widget elementor-widget-icon\" data-id=\"31555fe\" data-element_type=\"widget\" data-widget_type=\"icon.default\">\n\t\t\t\t<div class=\"elementor-widget-container\">\n\t\t\t\t\t<div class=\"elementor-icon-wrapper\">\n\t\t\t<div class=\"elementor-icon\">\n\t\t\t<i aria-hidden=\"true\" class=\"fas fa-star\"><\/i>\t\t\t<\/div>\n\t\t<\/div>\n\t\t\t\t<\/div>\n\t\t\t\t<\/div>\n\t\t\t\t\t<\/div>\n\t\t<\/div>\n\t\t\t\t\t<\/div>\n\t\t<\/section>\n\t\t\t\t<section class=\"elementor-section elementor-top-section elementor-element elementor-element-3f6e17c elementor-section-boxed elementor-section-height-default elementor-section-height-default\" data-id=\"3f6e17c\" data-element_type=\"section\">\n\t\t\t\t\t\t<div class=\"elementor-container elementor-column-gap-default\">\n\t\t\t\t\t<div class=\"elementor-column elementor-col-100 elementor-top-column elementor-element elementor-element-37cec63\" data-id=\"37cec63\" data-element_type=\"column\">\n\t\t\t<div class=\"elementor-widget-wrap elementor-element-populated\">\n\t\t\t\t\t\t<div class=\"elementor-element elementor-element-07972e7 elementor-widget elementor-widget-heading\" data-id=\"07972e7\" data-element_type=\"widget\" data-widget_type=\"heading.default\">\n\t\t\t\t<div class=\"elementor-widget-container\">\n\t\t\t<h2 class=\"elementor-heading-title elementor-size-default\">P\u00d4LE SOLIDARIT\u00c9 INTERNATIONALE<\/h2>\t\t<\/div>\n\t\t\t\t<\/div>\n\t\t\t\t\t<\/div>\n\t\t<\/div>\n\t\t\t\t\t<\/div>\n\t\t<\/section>\n\t\t\t\t<section class=\"elementor-section elementor-top-section elementor-element elementor-element-77f2afd elementor-section-boxed elementor-section-height-default elementor-section-height-default\" data-id=\"77f2afd\" data-element_type=\"section\">\n\t\t\t\t\t\t<div class=\"elementor-container elementor-column-gap-default\">\n\t\t\t\t\t<div class=\"elementor-column elementor-col-100 elementor-top-column elementor-element elementor-element-ec7c8c6\" data-id=\"ec7c8c6\" data-element_type=\"column\">\n\t\t\t<div class=\"elementor-widget-wrap elementor-element-populated\">\n\t\t\t\t\t\t<div class=\"elementor-element elementor-element-f0e8081 elementor-widget elementor-widget-spacer\" data-id=\"f0e8081\" data-element_type=\"widget\" data-widget_type=\"spacer.default\">\n\t\t\t\t<div class=\"elementor-widget-container\">\n\t\t\t\t\t<div class=\"elementor-spacer\">\n\t\t\t<div class=\"elementor-spacer-inner\"><\/div>\n\t\t<\/div>\n\t\t\t\t<\/div>\n\t\t\t\t<\/div>\n\t\t\t\t\t<\/div>\n\t\t<\/div>\n\t\t\t\t\t<\/div>\n\t\t<\/section>\n\t\t\t\t<section class=\"elementor-section elementor-top-section elementor-element elementor-element-fe1a227 elementor-section-boxed elementor-section-height-default elementor-section-height-default\" data-id=\"fe1a227\" data-element_type=\"section\">\n\t\t\t\t\t\t<div class=\"elementor-container elementor-column-gap-default\">\n\t\t\t\t\t<div class=\"elementor-column elementor-col-100 elementor-top-column elementor-element elementor-element-bdc6bcd\" data-id=\"bdc6bcd\" data-element_type=\"column\">\n\t\t\t<div class=\"elementor-widget-wrap elementor-element-populated\">\n\t\t\t\t\t\t<div class=\"elementor-element elementor-element-896caf4 elementor-widget elementor-widget-text-editor\" data-id=\"896caf4\" data-element_type=\"widget\" data-widget_type=\"text-editor.default\">\n\t\t\t\t<div class=\"elementor-widget-container\">\n\t\t\t\t\t\t\t<h3><strong><span style=\"color: #333333;\">Parce que<\/span> <\/strong>la solidarit\u00e9 est au c\u0153ur de sa mission, <span style=\"color: #00ccff;\">l\u2019OIEC s\u2019engage sur 3 axes :<\/span><\/h3><ol><li><h4><strong><span style=\"color: #333333;\">L\u2019acc\u00e8s \u00e0 l\u2019\u00e9ducation,<\/span><\/strong><\/h4><\/li><li><h4><strong><span style=\"color: #333333;\">La r\u00e9duction de la fracture num\u00e9rique,<\/span><\/strong><\/h4><\/li><li><h4><strong><span style=\"color: #333333;\">L\u2019aide \u00e0 la restauration pour les plus fragiles.<\/span><\/strong><\/h4><\/li><\/ol>\t\t\t\t\t\t<\/div>\n\t\t\t\t<\/div>\n\t\t\t\t\t<\/div>\n\t\t<\/div>\n\t\t\t\t\t<\/div>\n\t\t<\/section>\n\t\t\t\t<section class=\"elementor-section elementor-top-section elementor-element elementor-element-7f3a099 elementor-section-boxed elementor-section-height-default elementor-section-height-default\" data-id=\"7f3a099\" data-element_type=\"section\">\n\t\t\t\t\t\t<div class=\"elementor-container elementor-column-gap-default\">\n\t\t\t\t\t<div class=\"elementor-column elementor-col-100 elementor-top-column elementor-element elementor-element-50f8c90\" data-id=\"50f8c90\" data-element_type=\"column\">\n\t\t\t<div class=\"elementor-widget-wrap elementor-element-populated\">\n\t\t\t\t\t\t<div class=\"elementor-element elementor-element-e909480 elementor-widget elementor-widget-text-editor\" data-id=\"e909480\" data-element_type=\"widget\" data-widget_type=\"text-editor.default\">\n\t\t\t\t<div class=\"elementor-widget-container\">\n\t\t\t\t\t\t\t<h4><strong>Acc\u00e8s physique \u00e0 l\u2019\u00e9cole :<\/strong><\/h4><ul><li><span style=\"color: #333333;\">Accompagnement dans les<strong> reconstructions d\u2019\u00e9coles post conflit : Ukraine, \u2026<\/strong><\/span><\/li><li><span style=\"color: #333333;\">Aide au <strong>financement de transport scolaire :<\/strong><\/span><\/li><li><span style=\"color: #333333;\">Financement de l\u2019<strong>achat d\u2019un bus pour emmener les enfants \u00e0 l\u2019\u00e9cole (en Alg\u00e9rie) \u00e0 hauteur de 5 000 \u20ac (2023)<\/strong><\/span><\/li><\/ul><h4><strong><br \/>Acc\u00e8s au num\u00e9rique afin que chacun soit respect\u00e9 dans son droit \u00e0 l\u2019information et \u00e0 la communication.<\/strong><\/h4><ul><li>Prot\u00e9ger le droit de chacun \u00e0 communiquer, quels que soient son lieu et ses conditions de vie, est un enjeu fondamental, en particulier lorsque l\u2019on d\u00e9fend un \u00e9gal acc\u00e8s de tous \u00e0 l\u2019\u00e9ducation et la formation.<\/li><\/ul>\t\t\t\t\t\t<\/div>\n\t\t\t\t<\/div>\n\t\t\t\t\t<\/div>\n\t\t<\/div>\n\t\t\t\t\t<\/div>\n\t\t<\/section>\n\t\t\t\t<section class=\"elementor-section elementor-top-section elementor-element elementor-element-6151510 elementor-section-boxed elementor-section-height-default elementor-section-height-default\" data-id=\"6151510\" data-element_type=\"section\">\n\t\t\t\t\t\t<div class=\"elementor-container elementor-column-gap-default\">\n\t\t\t\t\t<div class=\"elementor-column elementor-col-100 elementor-top-column elementor-element elementor-element-67647dd\" data-id=\"67647dd\" data-element_type=\"column\">\n\t\t\t<div class=\"elementor-widget-wrap elementor-element-populated\">\n\t\t\t\t\t\t<div class=\"elementor-element elementor-element-d312e10 elementor-widget elementor-widget-image\" data-id=\"d312e10\" data-element_type=\"widget\" data-widget_type=\"image.default\">\n\t\t\t\t<div class=\"elementor-widget-container\">\n\t\t\t\t\t\t\t\t\t\t\t\t\t<img decoding=\"async\" width=\"640\" height=\"360\" src=\"https:\/\/oiecinternational.com\/fr\/wp-content\/uploads\/sites\/3\/2023\/02\/Conseil-executif-OIEC-120423-HL-1024x576.jpg\" class=\"attachment-large size-large wp-image-5990\" alt=\"\" srcset=\"https:\/\/oiecinternational.com\/fr\/wp-content\/uploads\/sites\/3\/2023\/02\/Conseil-executif-OIEC-120423-HL-1024x576.jpg 1024w, https:\/\/oiecinternational.com\/fr\/wp-content\/uploads\/sites\/3\/2023\/02\/Conseil-executif-OIEC-120423-HL-300x169.jpg 300w, https:\/\/oiecinternational.com\/fr\/wp-content\/uploads\/sites\/3\/2023\/02\/Conseil-executif-OIEC-120423-HL-768x432.jpg 768w, https:\/\/oiecinternational.com\/fr\/wp-content\/uploads\/sites\/3\/2023\/02\/Conseil-executif-OIEC-120423-HL.jpg 1280w\" sizes=\"(max-width: 640px) 100vw, 640px\" \/>\t\t\t\t\t\t\t\t\t\t\t\t\t<\/div>\n\t\t\t\t<\/div>\n\t\t\t\t\t<\/div>\n\t\t<\/div>\n\t\t\t\t\t<\/div>\n\t\t<\/section>\n\t\t\t\t<section class=\"elementor-section elementor-top-section elementor-element elementor-element-723b185 elementor-section-boxed elementor-section-height-default elementor-section-height-default\" data-id=\"723b185\" data-element_type=\"section\">\n\t\t\t\t\t\t<div class=\"elementor-container elementor-column-gap-default\">\n\t\t\t\t\t<div class=\"elementor-column elementor-col-100 elementor-top-column elementor-element elementor-element-da90247\" data-id=\"da90247\" data-element_type=\"column\">\n\t\t\t<div class=\"elementor-widget-wrap elementor-element-populated\">\n\t\t\t\t\t\t<div class=\"elementor-element elementor-element-aecd969 elementor-widget elementor-widget-text-editor\" data-id=\"aecd969\" data-element_type=\"widget\" data-widget_type=\"text-editor.default\">\n\t\t\t\t<div class=\"elementor-widget-container\">\n\t\t\t\t\t\t\t<h4><strong>Acc\u00e8s \u00e0 une alimentation saine et suffisante pour voir grandir des milliers d\u2019enfants.<\/strong><\/h4><ul><li>Parce qu\u2019un estomac vide n\u2019apprend pas et que la faim freine l\u2019apprentissage, il est important d\u2019agir pour que chaque enfant puisse avoir les conditions suffisantes pour se restaurer.<\/li><\/ul>\t\t\t\t\t\t<\/div>\n\t\t\t\t<\/div>\n\t\t\t\t\t<\/div>\n\t\t<\/div>\n\t\t\t\t\t<\/div>\n\t\t<\/section>\n\t\t\t\t<section class=\"elementor-section elementor-top-section elementor-element elementor-element-dfe132b elementor-section-boxed elementor-section-height-default elementor-section-height-default\" data-id=\"dfe132b\" data-element_type=\"section\">\n\t\t\t\t\t\t<div class=\"elementor-container elementor-column-gap-default\">\n\t\t\t\t\t<div class=\"elementor-column elementor-col-100 elementor-top-column elementor-element elementor-element-c08b111\" data-id=\"c08b111\" data-element_type=\"column\">\n\t\t\t<div class=\"elementor-widget-wrap elementor-element-populated\">\n\t\t\t\t\t\t<div class=\"elementor-element elementor-element-3d2ab6c elementor-widget elementor-widget-image\" data-id=\"3d2ab6c\" data-element_type=\"widget\" data-widget_type=\"image.default\">\n\t\t\t\t<div class=\"elementor-widget-container\">\n\t\t\t\t\t\t\t\t\t\t\t\t\t<img decoding=\"async\" width=\"640\" height=\"360\" src=\"https:\/\/oiecinternational.com\/fr\/wp-content\/uploads\/sites\/3\/2023\/02\/Conseil-executif-OIEC-120423-HL2-1024x576.jpg\" class=\"attachment-large size-large wp-image-5991\" alt=\"\" srcset=\"https:\/\/oiecinternational.com\/fr\/wp-content\/uploads\/sites\/3\/2023\/02\/Conseil-executif-OIEC-120423-HL2-1024x576.jpg 1024w, https:\/\/oiecinternational.com\/fr\/wp-content\/uploads\/sites\/3\/2023\/02\/Conseil-executif-OIEC-120423-HL2-300x169.jpg 300w, https:\/\/oiecinternational.com\/fr\/wp-content\/uploads\/sites\/3\/2023\/02\/Conseil-executif-OIEC-120423-HL2-768x432.jpg 768w, https:\/\/oiecinternational.com\/fr\/wp-content\/uploads\/sites\/3\/2023\/02\/Conseil-executif-OIEC-120423-HL2.jpg 1280w\" sizes=\"(max-width: 640px) 100vw, 640px\" \/>\t\t\t\t\t\t\t\t\t\t\t\t\t<\/div>\n\t\t\t\t<\/div>\n\t\t\t\t\t<\/div>\n\t\t<\/div>\n\t\t\t\t\t<\/div>\n\t\t<\/section>\n\t\t\t\t<\/div>\n\t\t","protected":false},"excerpt":{"rendered":"<p>P\u00d4LE SOLIDARIT\u00c9 INTERNATIONALE Parce que la solidarit\u00e9 est au c\u0153ur de sa mission, l\u2019OIEC s\u2019engage sur 3 axes : L\u2019acc\u00e8s \u00e0 l\u2019\u00e9ducation, La r\u00e9duction de la fracture num\u00e9rique, L\u2019aide \u00e0 la restauration pour les plus fragiles. Acc\u00e8s physique \u00e0 l\u2019\u00e9cole : Accompagnement dans les reconstructions d\u2019\u00e9coles post conflit : Ukraine, \u2026 Aide au financement de transport scolaire : Financement de&#8230;<\/p>\n","protected":false},"author":3,"featured_media":0,"parent":5911,"menu_order":5,"comment_status":"closed","ping_status":"closed","template":"","meta":{"_eb_attr":"","footnotes":""},"class_list":["post-5987","page","type-page","status-publish","hentry"],"_links":{"self":[{"href":"https:\/\/oiecinternational.com\/fr\/wp-json\/wp\/v2\/pages\/5987"}],"collection":[{"href":"https:\/\/oiecinternational.com\/fr\/wp-json\/wp\/v2\/pages"}],"about":[{"href":"https:\/\/oiecinternational.com\/fr\/wp-json\/wp\/v2\/types\/page"}],"author":[{"embeddable":true,"href":"https:\/\/oiecinternational.com\/fr\/wp-json\/wp\/v2\/users\/3"}],"replies":[{"embeddable":true,"href":"https:\/\/oiecinternational.com\/fr\/wp-json\/wp\/v2\/comments?post=5987"}],"version-history":[{"count":0,"href":"https:\/\/oiecinternational.com\/fr\/wp-json\/wp\/v2\/pages\/5987\/revisions"}],"up":[{"embeddable":true,"href":"https:\/\/oiecinternational.com\/fr\/wp-json\/wp\/v2\/pages\/5911"}],"wp:attachment":[{"href":"https:\/\/oiecinternational.com\/fr\/wp-json\/wp\/v2\/media?parent=5987"}],"curies":[{"name":"wp","href":"https:\/\/api.w.org\/{rel}","templated":true}]}}