{"id":6000,"date":"2023-02-22T22:15:56","date_gmt":"2023-02-22T21:15:56","guid":{"rendered":"http:\/\/jcgqqhj.cluster030.hosting.ovh.net\/fr\/?page_id=6000"},"modified":"2023-08-18T10:27:23","modified_gmt":"2023-08-18T08:27:23","slug":"pole-de-la-jeunesse","status":"publish","type":"page","link":"https:\/\/oiecinternational.com\/fr\/les-poles\/pole-de-la-jeunesse\/","title":{"rendered":"P\u00f4le de la jeunesse"},"content":{"rendered":"\t\t<div data-elementor-type=\"wp-page\" data-elementor-id=\"6000\" class=\"elementor elementor-6000\">\n\t\t\t\t\t\t<section class=\"elementor-section elementor-top-section elementor-element elementor-element-1cc3bc2 elementor-section-boxed elementor-section-height-default elementor-section-height-default\" data-id=\"1cc3bc2\" data-element_type=\"section\">\n\t\t\t\t\t\t<div class=\"elementor-container elementor-column-gap-default\">\n\t\t\t\t\t<div class=\"elementor-column elementor-col-100 elementor-top-column elementor-element elementor-element-c0f31d7\" data-id=\"c0f31d7\" data-element_type=\"column\">\n\t\t\t<div class=\"elementor-widget-wrap elementor-element-populated\">\n\t\t\t\t\t\t<div class=\"elementor-element elementor-element-021a45b elementor-invisible elementor-widget elementor-widget-image\" data-id=\"021a45b\" data-element_type=\"widget\" data-settings=\"{&quot;_animation&quot;:&quot;zoomIn&quot;}\" data-widget_type=\"image.default\">\n\t\t\t\t<div class=\"elementor-widget-container\">\n\t\t\t\t\t\t\t\t\t\t\t\t\t<img fetchpriority=\"high\" decoding=\"async\" width=\"798\" height=\"490\" src=\"https:\/\/oiecinternational.com\/fr\/wp-content\/uploads\/sites\/3\/2023\/02\/AdobeStock_462125114web-e1677145383649.jpg\" class=\"attachment-full size-full wp-image-6017\" alt=\"\" srcset=\"https:\/\/oiecinternational.com\/fr\/wp-content\/uploads\/sites\/3\/2023\/02\/AdobeStock_462125114web-e1677145383649.jpg 798w, https:\/\/oiecinternational.com\/fr\/wp-content\/uploads\/sites\/3\/2023\/02\/AdobeStock_462125114web-e1677145383649-300x184.jpg 300w, https:\/\/oiecinternational.com\/fr\/wp-content\/uploads\/sites\/3\/2023\/02\/AdobeStock_462125114web-e1677145383649-768x472.jpg 768w\" sizes=\"(max-width: 798px) 100vw, 798px\" \/>\t\t\t\t\t\t\t\t\t\t\t\t\t<\/div>\n\t\t\t\t<\/div>\n\t\t\t\t\t<\/div>\n\t\t<\/div>\n\t\t\t\t\t<\/div>\n\t\t<\/section>\n\t\t\t\t<section class=\"elementor-section elementor-top-section elementor-element elementor-element-3b10c77 elementor-section-boxed elementor-section-height-default elementor-section-height-default\" data-id=\"3b10c77\" data-element_type=\"section\">\n\t\t\t\t\t\t<div class=\"elementor-container elementor-column-gap-default\">\n\t\t\t\t\t<div class=\"elementor-column elementor-col-100 elementor-top-column elementor-element elementor-element-0d3500c\" data-id=\"0d3500c\" data-element_type=\"column\">\n\t\t\t<div class=\"elementor-widget-wrap elementor-element-populated\">\n\t\t\t\t\t\t<div class=\"elementor-element elementor-element-9e1dc0f elementor-view-default elementor-widget elementor-widget-icon\" data-id=\"9e1dc0f\" data-element_type=\"widget\" data-widget_type=\"icon.default\">\n\t\t\t\t<div class=\"elementor-widget-container\">\n\t\t\t\t\t<div class=\"elementor-icon-wrapper\">\n\t\t\t<div class=\"elementor-icon\">\n\t\t\t<i aria-hidden=\"true\" class=\"fas fa-star\"><\/i>\t\t\t<\/div>\n\t\t<\/div>\n\t\t\t\t<\/div>\n\t\t\t\t<\/div>\n\t\t\t\t\t<\/div>\n\t\t<\/div>\n\t\t\t\t\t<\/div>\n\t\t<\/section>\n\t\t\t\t<section class=\"elementor-section elementor-top-section elementor-element elementor-element-0a295a9 elementor-section-boxed elementor-section-height-default elementor-section-height-default\" data-id=\"0a295a9\" data-element_type=\"section\">\n\t\t\t\t\t\t<div class=\"elementor-container elementor-column-gap-default\">\n\t\t\t\t\t<div class=\"elementor-column elementor-col-100 elementor-top-column elementor-element elementor-element-8971100\" data-id=\"8971100\" data-element_type=\"column\">\n\t\t\t<div class=\"elementor-widget-wrap elementor-element-populated\">\n\t\t\t\t\t\t<div class=\"elementor-element elementor-element-3e2b72b elementor-widget elementor-widget-heading\" data-id=\"3e2b72b\" data-element_type=\"widget\" data-widget_type=\"heading.default\">\n\t\t\t\t<div class=\"elementor-widget-container\">\n\t\t\t<h2 class=\"elementor-heading-title elementor-size-default\">P\u00d4LE DE LA JEUNESSE\n\n<\/h2>\t\t<\/div>\n\t\t\t\t<\/div>\n\t\t\t\t\t<\/div>\n\t\t<\/div>\n\t\t\t\t\t<\/div>\n\t\t<\/section>\n\t\t\t\t<section class=\"elementor-section elementor-top-section elementor-element elementor-element-8af5ad1 elementor-section-boxed elementor-section-height-default elementor-section-height-default\" data-id=\"8af5ad1\" data-element_type=\"section\" data-settings=\"{&quot;background_background&quot;:&quot;classic&quot;}\">\n\t\t\t\t\t\t<div class=\"elementor-container elementor-column-gap-default\">\n\t\t\t\t\t<div class=\"elementor-column elementor-col-100 elementor-top-column elementor-element elementor-element-2dabeba\" data-id=\"2dabeba\" data-element_type=\"column\">\n\t\t\t<div class=\"elementor-widget-wrap elementor-element-populated\">\n\t\t\t\t\t\t<div class=\"elementor-element elementor-element-5d26517 elementor-widget elementor-widget-text-editor\" data-id=\"5d26517\" data-element_type=\"widget\" data-widget_type=\"text-editor.default\">\n\t\t\t\t<div class=\"elementor-widget-container\">\n\t\t\t\t\t\t\t<h3><span style=\"color: #ffffff;\">L&#8217;OIEC a souhait\u00e9 mettre les jeunes au coeur de son processus de r\u00e9flexion. Pour cela, il a pour objectif d&#8217;<strong>\u00eatre \u00e0 l&#8217;\u00e9coute des jeunes :<\/strong><\/span><\/h3><ul><li><h3><span style=\"color: #ffffff;\">En organisant <\/span><span style=\"color: #008080;\"><strong>des journ\u00e9es en local sur le Pacte \u00e9ducatif global \u00e0 l\u2019\u00e9coute des jeunes<\/strong><strong>.<\/strong><\/span><\/h3><\/li><li><h3><span style=\"color: #ffffff;\">En envoyant <\/span><span style=\"color: #008080;\"><strong>des jeunes en mission<\/strong><\/span><span style=\"color: #333333;\">.<\/span><\/h3><\/li><li><h3><span style=\"color: #333333;\"><span style=\"color: #ffffff;\">En cr\u00e9ant<\/span> <\/span><span style=\"color: #008080;\">une Commission Mondiale des Jeunes (CMJ)<\/span> <span style=\"color: #ffffff;\"><strong>pour aider l\u2019OIEC dans sa mission \u00e9ducative.<\/strong><\/span><\/h3><\/li><\/ul>\t\t\t\t\t\t<\/div>\n\t\t\t\t<\/div>\n\t\t\t\t\t<\/div>\n\t\t<\/div>\n\t\t\t\t\t<\/div>\n\t\t<\/section>\n\t\t\t\t<section class=\"elementor-section elementor-top-section elementor-element elementor-element-731d667 elementor-section-boxed elementor-section-height-default elementor-section-height-default\" data-id=\"731d667\" data-element_type=\"section\">\n\t\t\t\t\t\t<div class=\"elementor-container elementor-column-gap-default\">\n\t\t\t\t\t<div class=\"elementor-column elementor-col-100 elementor-top-column elementor-element elementor-element-b594fdf\" data-id=\"b594fdf\" data-element_type=\"column\">\n\t\t\t<div class=\"elementor-widget-wrap elementor-element-populated\">\n\t\t\t\t\t\t<div class=\"elementor-element elementor-element-24e3e58 eael-infobox-content-align--center eael-infobox-icon-bg-shape-none eael-infobox-icon-hover-bg-shape-none elementor-widget elementor-widget-eael-info-box\" data-id=\"24e3e58\" data-element_type=\"widget\" data-widget_type=\"eael-info-box.default\">\n\t\t\t\t<div class=\"elementor-widget-container\">\n\t\t\t        <div class=\"eael-infobox\">\n\t            <div class=\"infobox-icon eael-icon-only\">\n\n            \n                            <div class=\"infobox-icon-wrap\">\n                    <i aria-hidden=\"true\" class=\"fas fa-star\"><\/i>                <\/div>\n            \n            \n        <\/div>\n            <div class=\"infobox-content eael-icon-only\">\n                            <h2 class=\"title\">La Commission Mondiale des Jeunes<\/h2>\n                                                                                                        <\/div>\n            <\/div>\n\n\t\t\t\t<\/div>\n\t\t\t\t<\/div>\n\t\t\t\t\t<\/div>\n\t\t<\/div>\n\t\t\t\t\t<\/div>\n\t\t<\/section>\n\t\t\t\t<section class=\"elementor-section elementor-top-section elementor-element elementor-element-cb643e4 elementor-section-boxed elementor-section-height-default elementor-section-height-default\" data-id=\"cb643e4\" data-element_type=\"section\">\n\t\t\t\t\t\t<div class=\"elementor-container elementor-column-gap-default\">\n\t\t\t\t\t<div class=\"elementor-column elementor-col-66 elementor-top-column elementor-element elementor-element-2d82e8f\" data-id=\"2d82e8f\" data-element_type=\"column\">\n\t\t\t<div class=\"elementor-widget-wrap elementor-element-populated\">\n\t\t\t\t\t\t<div class=\"elementor-element elementor-element-5bd66b3 elementor-widget elementor-widget-text-editor\" data-id=\"5bd66b3\" data-element_type=\"widget\" data-widget_type=\"text-editor.default\">\n\t\t\t\t<div class=\"elementor-widget-container\">\n\t\t\t\t\t\t\t<h4><strong><span style=\"color: #333333;\">La participation des jeunes contribue \u00e0 faire progresser notre belle institution, l&#8217;OIEC, en prenant en consid\u00e9ration leurs voix et leurs id\u00e9es.<\/span><\/strong><\/h4><h4><span style=\"color: #333333;\">Les jeunes de la Commission travailleront sur des sujets comme :<\/span><\/h4><ul><li><h4>Le village de l&#8217;\u00e9ducation 2030.<\/h4><\/li><li><h4>Les Objectifs du D\u00e9veloppement Durable (ODD).<\/h4><\/li><li><h4>La solidarit\u00e9 internationale.<\/h4><\/li><li><h4>La place de la jeunesse dans les diff\u00e9rentes commissions de notre instance.<\/h4><\/li><li><h4>La sant\u00e9 \u00e9motionnelle des jeunes, \u00e0 la suite de la pand\u00e9mie de COVID 19.<\/h4><\/li><li><h4>La protection des mineurs.<\/h4><\/li><li><h4>Et sur tout autre sujet important \u00e0 leurs yeux.<\/h4><\/li><\/ul>\t\t\t\t\t\t<\/div>\n\t\t\t\t<\/div>\n\t\t\t\t\t<\/div>\n\t\t<\/div>\n\t\t\t\t<div class=\"elementor-column elementor-col-33 elementor-top-column elementor-element elementor-element-1b18ae1\" data-id=\"1b18ae1\" data-element_type=\"column\">\n\t\t\t<div class=\"elementor-widget-wrap elementor-element-populated\">\n\t\t\t\t\t\t<div class=\"elementor-element elementor-element-8a97277 elementor-widget elementor-widget-image\" data-id=\"8a97277\" data-element_type=\"widget\" data-widget_type=\"image.default\">\n\t\t\t\t<div class=\"elementor-widget-container\">\n\t\t\t\t\t\t\t\t\t\t\t\t\t<img decoding=\"async\" width=\"800\" height=\"533\" src=\"https:\/\/oiecinternational.com\/fr\/wp-content\/uploads\/sites\/3\/2023\/02\/AdobeStock_347727840web.jpg\" class=\"attachment-full size-full wp-image-6018\" alt=\"\" srcset=\"https:\/\/oiecinternational.com\/fr\/wp-content\/uploads\/sites\/3\/2023\/02\/AdobeStock_347727840web.jpg 800w, https:\/\/oiecinternational.com\/fr\/wp-content\/uploads\/sites\/3\/2023\/02\/AdobeStock_347727840web-300x200.jpg 300w, https:\/\/oiecinternational.com\/fr\/wp-content\/uploads\/sites\/3\/2023\/02\/AdobeStock_347727840web-768x512.jpg 768w, https:\/\/oiecinternational.com\/fr\/wp-content\/uploads\/sites\/3\/2023\/02\/AdobeStock_347727840web-600x400.jpg 600w\" sizes=\"(max-width: 800px) 100vw, 800px\" \/>\t\t\t\t\t\t\t\t\t\t\t\t\t<\/div>\n\t\t\t\t<\/div>\n\t\t\t\t<div class=\"elementor-element elementor-element-909f5f9 elementor-widget elementor-widget-image\" data-id=\"909f5f9\" data-element_type=\"widget\" data-widget_type=\"image.default\">\n\t\t\t\t<div class=\"elementor-widget-container\">\n\t\t\t\t\t\t\t\t\t\t\t\t\t<img decoding=\"async\" width=\"1600\" height=\"1040\" src=\"https:\/\/oiecinternational.com\/fr\/wp-content\/uploads\/sites\/3\/2023\/07\/WhatsApp-Image-2022-12-04-at-10.06.02.jpeg\" class=\"attachment-full size-full wp-image-7278\" alt=\"\" srcset=\"https:\/\/oiecinternational.com\/fr\/wp-content\/uploads\/sites\/3\/2023\/07\/WhatsApp-Image-2022-12-04-at-10.06.02.jpeg 1600w, https:\/\/oiecinternational.com\/fr\/wp-content\/uploads\/sites\/3\/2023\/07\/WhatsApp-Image-2022-12-04-at-10.06.02-300x195.jpeg 300w, https:\/\/oiecinternational.com\/fr\/wp-content\/uploads\/sites\/3\/2023\/07\/WhatsApp-Image-2022-12-04-at-10.06.02-1024x666.jpeg 1024w, https:\/\/oiecinternational.com\/fr\/wp-content\/uploads\/sites\/3\/2023\/07\/WhatsApp-Image-2022-12-04-at-10.06.02-768x499.jpeg 768w, https:\/\/oiecinternational.com\/fr\/wp-content\/uploads\/sites\/3\/2023\/07\/WhatsApp-Image-2022-12-04-at-10.06.02-1536x998.jpeg 1536w, https:\/\/oiecinternational.com\/fr\/wp-content\/uploads\/sites\/3\/2023\/07\/WhatsApp-Image-2022-12-04-at-10.06.02-368x240.jpeg 368w\" sizes=\"(max-width: 1600px) 100vw, 1600px\" \/>\t\t\t\t\t\t\t\t\t\t\t\t\t<\/div>\n\t\t\t\t<\/div>\n\t\t\t\t\t<\/div>\n\t\t<\/div>\n\t\t\t\t\t<\/div>\n\t\t<\/section>\n\t\t\t\t<section class=\"elementor-section elementor-top-section elementor-element elementor-element-6714ce9 elementor-section-boxed elementor-section-height-default elementor-section-height-default\" data-id=\"6714ce9\" data-element_type=\"section\">\n\t\t\t\t\t\t<div class=\"elementor-container elementor-column-gap-default\">\n\t\t\t\t\t<div class=\"elementor-column elementor-col-100 elementor-top-column elementor-element elementor-element-16c4643\" data-id=\"16c4643\" data-element_type=\"column\">\n\t\t\t<div class=\"elementor-widget-wrap elementor-element-populated\">\n\t\t\t\t\t\t<div class=\"elementor-element elementor-element-6858156 elementor-widget elementor-widget-text-editor\" data-id=\"6858156\" data-element_type=\"widget\" data-widget_type=\"text-editor.default\">\n\t\t\t\t<div class=\"elementor-widget-container\">\n\t\t\t\t\t\t\t<h3><span style=\"color: #333333;\">\u00catre membre du Conseil Mondial des Jeunes, c\u2019est :<\/span><\/h3><ul><li><h4><span style=\"color: #333333;\">Devenir ambassadeur de la jeunesse mondiale<\/span><\/h4><\/li><li><h4><span style=\"color: #333333;\">Rencontrer des acteurs issus d\u2019horizons divers<\/span><\/h4><\/li><li><h4><span style=\"color: #333333;\">D\u00e9velopper ses comp\u00e9tences en apprenant, par exemple, \u00e0 s\u2019exprimer en public, \u00e0 d\u00e9fendre son point de vue, \u00e0 travailler en \u00e9quipe et sur des sujets vari\u00e9s (en anglais, fran\u00e7ais ou espagnol)<\/span><\/h4><\/li><li><h4><span style=\"color: #333333;\">Se mobiliser et s\u2019impliquer pour faire vivre la citoyennet\u00e9 au quotidien<\/span><\/h4><\/li><li><h4><span style=\"color: #333333;\">Participer \u00e0 des actions \u00e0 l\u2019\u00e9tranger (voyages officiels, aide au montage d\u2019un projet de citoyennet\u00e9 internationale)<\/span><\/h4><\/li><li><h4><span style=\"color: #333333;\">Repr\u00e9senter l\u2019OIEC lors de spectacles sportifs et culturels<\/span><\/h4><\/li><li><h4><span style=\"color: #333333;\">Rendre r\u00e9els les d\u00e9crets synodaux.<\/span><\/h4><\/li><\/ul><h4>\u00a0<\/h4><h4><strong>T\u00e9l\u00e9chargez :<\/strong><\/h4><ul><li><h4><span style=\"color: #333333;\">le <\/span><a href=\"http:\/\/oiecinternational.com\/fr\/wp-content\/uploads\/sites\/3\/2023\/07\/Presentation-de-la-Commission-Mondiale-des-Jeunes-FR.pdf\" target=\"_blank\" rel=\"noopener\">document de pr\u00e9sentation<\/a>\u00a0<span style=\"color: #333333;\">de la Commission Mondiale des Jeunes<\/span><\/h4><\/li><li><h4><span style=\"color: #333333;\">le<\/span> <a href=\"http:\/\/oiecinternational.com\/fr\/wp-content\/uploads\/sites\/3\/2023\/07\/Reglement-cadre-de-la-Commission-Mondiale-des-Jeunes.pdf\" target=\"_blank\" rel=\"noopener\">r\u00e8glement cadre<\/a> <span style=\"color: #333333;\">de la Commission Mondiale des Jeunes<\/span><\/h4><\/li><\/ul>\t\t\t\t\t\t<\/div>\n\t\t\t\t<\/div>\n\t\t\t\t\t<\/div>\n\t\t<\/div>\n\t\t\t\t\t<\/div>\n\t\t<\/section>\n\t\t\t\t<\/div>\n\t\t","protected":false},"excerpt":{"rendered":"<p>P\u00d4LE DE LA JEUNESSE L&#8217;OIEC a souhait\u00e9 mettre les jeunes au coeur de son processus de r\u00e9flexion. Pour cela, il a pour objectif d&#8217;\u00eatre \u00e0 l&#8217;\u00e9coute des jeunes : En organisant des journ\u00e9es en local sur le Pacte \u00e9ducatif global \u00e0 l\u2019\u00e9coute des jeunes. En envoyant des jeunes en mission. En cr\u00e9ant une Commission Mondiale des Jeunes (CMJ) pour aider&#8230;<\/p>\n","protected":false},"author":3,"featured_media":0,"parent":5911,"menu_order":4,"comment_status":"closed","ping_status":"closed","template":"","meta":{"_eb_attr":"","footnotes":""},"class_list":["post-6000","page","type-page","status-publish","hentry"],"_links":{"self":[{"href":"https:\/\/oiecinternational.com\/fr\/wp-json\/wp\/v2\/pages\/6000"}],"collection":[{"href":"https:\/\/oiecinternational.com\/fr\/wp-json\/wp\/v2\/pages"}],"about":[{"href":"https:\/\/oiecinternational.com\/fr\/wp-json\/wp\/v2\/types\/page"}],"author":[{"embeddable":true,"href":"https:\/\/oiecinternational.com\/fr\/wp-json\/wp\/v2\/users\/3"}],"replies":[{"embeddable":true,"href":"https:\/\/oiecinternational.com\/fr\/wp-json\/wp\/v2\/comments?post=6000"}],"version-history":[{"count":0,"href":"https:\/\/oiecinternational.com\/fr\/wp-json\/wp\/v2\/pages\/6000\/revisions"}],"up":[{"embeddable":true,"href":"https:\/\/oiecinternational.com\/fr\/wp-json\/wp\/v2\/pages\/5911"}],"wp:attachment":[{"href":"https:\/\/oiecinternational.com\/fr\/wp-json\/wp\/v2\/media?parent=6000"}],"curies":[{"name":"wp","href":"https:\/\/api.w.org\/{rel}","templated":true}]}}