{"id":6228,"date":"2023-02-23T15:48:29","date_gmt":"2023-02-23T14:48:29","guid":{"rendered":"http:\/\/jcgqqhj.cluster030.hosting.ovh.net\/fr\/?page_id=6228"},"modified":"2023-08-21T09:27:51","modified_gmt":"2023-08-21T07:27:51","slug":"temps-forts","status":"publish","type":"page","link":"https:\/\/oiecinternational.com\/fr\/temps-forts\/","title":{"rendered":"TEMPS FORTS"},"content":{"rendered":"\t\t<div data-elementor-type=\"wp-page\" data-elementor-id=\"6228\" class=\"elementor elementor-6228\">\n\t\t\t\t\t\t<section class=\"elementor-section elementor-top-section elementor-element elementor-element-2874def elementor-section-boxed elementor-section-height-default elementor-section-height-default\" data-id=\"2874def\" data-element_type=\"section\">\n\t\t\t\t\t\t<div class=\"elementor-container elementor-column-gap-default\">\n\t\t\t\t\t<div class=\"elementor-column elementor-col-100 elementor-top-column elementor-element elementor-element-6d687a1\" data-id=\"6d687a1\" data-element_type=\"column\">\n\t\t\t<div class=\"elementor-widget-wrap elementor-element-populated\">\n\t\t\t\t\t\t<div class=\"elementor-element elementor-element-f8b9c47 elementor-view-default elementor-widget elementor-widget-icon\" data-id=\"f8b9c47\" data-element_type=\"widget\" data-widget_type=\"icon.default\">\n\t\t\t\t<div class=\"elementor-widget-container\">\n\t\t\t\t\t<div class=\"elementor-icon-wrapper\">\n\t\t\t<div class=\"elementor-icon\">\n\t\t\t<i aria-hidden=\"true\" class=\"fas fa-star\"><\/i>\t\t\t<\/div>\n\t\t<\/div>\n\t\t\t\t<\/div>\n\t\t\t\t<\/div>\n\t\t\t\t\t<\/div>\n\t\t<\/div>\n\t\t\t\t\t<\/div>\n\t\t<\/section>\n\t\t\t\t<section class=\"elementor-section elementor-top-section elementor-element elementor-element-8603a2e elementor-section-boxed elementor-section-height-default elementor-section-height-default\" data-id=\"8603a2e\" data-element_type=\"section\">\n\t\t\t\t\t\t<div class=\"elementor-container elementor-column-gap-default\">\n\t\t\t\t\t<div class=\"elementor-column elementor-col-100 elementor-top-column elementor-element elementor-element-4e5d0dd\" data-id=\"4e5d0dd\" data-element_type=\"column\">\n\t\t\t<div class=\"elementor-widget-wrap elementor-element-populated\">\n\t\t\t\t\t\t<div class=\"elementor-element elementor-element-cdbd8f9 elementor-widget elementor-widget-heading\" data-id=\"cdbd8f9\" data-element_type=\"widget\" data-widget_type=\"heading.default\">\n\t\t\t\t<div class=\"elementor-widget-container\">\n\t\t\t<h2 class=\"elementor-heading-title elementor-size-default\">Le Congr\u00e8s des adultes<\/h2>\t\t<\/div>\n\t\t\t\t<\/div>\n\t\t\t\t\t<\/div>\n\t\t<\/div>\n\t\t\t\t\t<\/div>\n\t\t<\/section>\n\t\t\t\t<section class=\"elementor-section elementor-top-section elementor-element elementor-element-53b7a5a elementor-section-boxed elementor-section-height-default elementor-section-height-default\" data-id=\"53b7a5a\" data-element_type=\"section\">\n\t\t\t\t\t\t<div class=\"elementor-container elementor-column-gap-default\">\n\t\t\t\t\t<div class=\"elementor-column elementor-col-50 elementor-top-column elementor-element elementor-element-7bf5feb\" data-id=\"7bf5feb\" data-element_type=\"column\">\n\t\t\t<div class=\"elementor-widget-wrap elementor-element-populated\">\n\t\t\t\t\t\t<div class=\"elementor-element elementor-element-dee29e6 elementor-widget elementor-widget-text-editor\" data-id=\"dee29e6\" data-element_type=\"widget\" data-widget_type=\"text-editor.default\">\n\t\t\t\t<div class=\"elementor-widget-container\">\n\t\t\t\t\t\t\t<h4><strong>Tous les trois ou quatre ans, l\u2019OIEC organise un rassemblement de responsables de l\u2019\u00e9ducation catholique venus du monde entier. <\/strong><\/h4><p><strong>Ainsi, plus de 80 pays sont repr\u00e9sent\u00e9s.<\/strong> Une occasion rare de vivre une grande exp\u00e9rience d\u2019\u00e9change et de solidarit\u00e9 internationale au sein de l\u2019\u00e9ducation catholique.<\/p><p>Apr\u00e8s\u00a0<a href=\"http:\/\/oiecinternational.com\/fr\/congres-new-york-2019\/\" target=\"_blank\" rel=\"noopener\">New York en 2019<\/a>, c&#8217;est la ville de Marseille en France qui a accueilli pr\u00e8s de 450 personnes venues de tous les continents du 1er au 3 d\u00e9cembre 2022. Beaucoup d\u2019autres ont suivi quotidiennement ces journ\u00e9es en streaming. R\u00e9flexion, rencontres et partages d\u2019exp\u00e9rience \u00e9taient au programme.<\/p>\t\t\t\t\t\t<\/div>\n\t\t\t\t<\/div>\n\t\t\t\t\t<\/div>\n\t\t<\/div>\n\t\t\t\t<div class=\"elementor-column elementor-col-50 elementor-top-column elementor-element elementor-element-60467c6\" data-id=\"60467c6\" data-element_type=\"column\">\n\t\t\t<div class=\"elementor-widget-wrap elementor-element-populated\">\n\t\t\t\t\t\t<div class=\"elementor-element elementor-element-6205ddc elementor-widget elementor-widget-image\" data-id=\"6205ddc\" data-element_type=\"widget\" data-widget_type=\"image.default\">\n\t\t\t\t<div class=\"elementor-widget-container\">\n\t\t\t\t\t\t\t\t\t\t\t\t\t<img fetchpriority=\"high\" decoding=\"async\" width=\"640\" height=\"576\" src=\"https:\/\/oiecinternational.com\/fr\/wp-content\/uploads\/sites\/3\/2023\/02\/CONGRES-ADULTES-1024x922.jpg\" class=\"attachment-large size-large wp-image-6230\" alt=\"\" srcset=\"https:\/\/oiecinternational.com\/fr\/wp-content\/uploads\/sites\/3\/2023\/02\/CONGRES-ADULTES-1024x922.jpg 1024w, https:\/\/oiecinternational.com\/fr\/wp-content\/uploads\/sites\/3\/2023\/02\/CONGRES-ADULTES-300x270.jpg 300w, https:\/\/oiecinternational.com\/fr\/wp-content\/uploads\/sites\/3\/2023\/02\/CONGRES-ADULTES-768x692.jpg 768w, https:\/\/oiecinternational.com\/fr\/wp-content\/uploads\/sites\/3\/2023\/02\/CONGRES-ADULTES-1536x1383.jpg 1536w, https:\/\/oiecinternational.com\/fr\/wp-content\/uploads\/sites\/3\/2023\/02\/CONGRES-ADULTES-2048x1844.jpg 2048w\" sizes=\"(max-width: 640px) 100vw, 640px\" \/>\t\t\t\t\t\t\t\t\t\t\t\t\t<\/div>\n\t\t\t\t<\/div>\n\t\t\t\t\t<\/div>\n\t\t<\/div>\n\t\t\t\t\t<\/div>\n\t\t<\/section>\n\t\t\t\t<section class=\"elementor-section elementor-top-section elementor-element elementor-element-24dc12e elementor-section-boxed elementor-section-height-default elementor-section-height-default\" data-id=\"24dc12e\" data-element_type=\"section\" data-settings=\"{&quot;background_background&quot;:&quot;classic&quot;}\">\n\t\t\t\t\t\t<div class=\"elementor-container elementor-column-gap-default\">\n\t\t\t\t\t<div class=\"elementor-column elementor-col-100 elementor-top-column elementor-element elementor-element-2bc9b7a\" data-id=\"2bc9b7a\" data-element_type=\"column\">\n\t\t\t<div class=\"elementor-widget-wrap elementor-element-populated\">\n\t\t\t\t\t\t<div class=\"elementor-element elementor-element-f67c155 eael-infobox-content-align--center eael-infobox-icon-bg-shape-none eael-infobox-icon-hover-bg-shape-none elementor-invisible elementor-widget elementor-widget-eael-info-box\" data-id=\"f67c155\" data-element_type=\"widget\" data-settings=\"{&quot;_animation&quot;:&quot;zoomIn&quot;}\" data-widget_type=\"eael-info-box.default\">\n\t\t\t\t<div class=\"elementor-widget-container\">\n\t\t\t        <div class=\"eael-infobox\">\n\t            <div class=\"infobox-icon eael-icon-only\">\n\n            \n                            <div class=\"infobox-icon-wrap\">\n                    <i aria-hidden=\"true\" class=\"fas fa-video\"><\/i>                <\/div>\n            \n            \n        <\/div>\n            <div class=\"infobox-content eael-icon-only\">\n                            <h2 class=\"title\">MARSEILLE 2022<\/h2>\n                                                                                                <h4><span style=\"color: #ffffff;\"><a style=\"color: #ffffff;\" href=\"http:\/\/oiecinternational.com\/fr\/congres-marseille-2022\/\">Retrouvez l'int\u00e9gralit\u00e9 du Congr\u00e8s de Marseille en vid\u00e9o et les interventions des participants.<\/a><\/span><\/h4>                                                                            <\/div>\n            <\/div>\n\n\t\t\t\t<\/div>\n\t\t\t\t<\/div>\n\t\t\t\t\t<\/div>\n\t\t<\/div>\n\t\t\t\t\t<\/div>\n\t\t<\/section>\n\t\t\t\t<section class=\"elementor-section elementor-top-section elementor-element elementor-element-b59830d elementor-section-boxed elementor-section-height-default elementor-section-height-default\" data-id=\"b59830d\" data-element_type=\"section\">\n\t\t\t\t\t\t<div class=\"elementor-container elementor-column-gap-default\">\n\t\t\t\t\t<div class=\"elementor-column elementor-col-100 elementor-top-column elementor-element elementor-element-5813475\" data-id=\"5813475\" data-element_type=\"column\">\n\t\t\t<div class=\"elementor-widget-wrap elementor-element-populated\">\n\t\t\t\t\t\t<div class=\"elementor-element elementor-element-1da1e0f elementor-view-default elementor-widget elementor-widget-icon\" data-id=\"1da1e0f\" data-element_type=\"widget\" data-widget_type=\"icon.default\">\n\t\t\t\t<div class=\"elementor-widget-container\">\n\t\t\t\t\t<div class=\"elementor-icon-wrapper\">\n\t\t\t<div class=\"elementor-icon\">\n\t\t\t<i aria-hidden=\"true\" class=\"fas fa-star\"><\/i>\t\t\t<\/div>\n\t\t<\/div>\n\t\t\t\t<\/div>\n\t\t\t\t<\/div>\n\t\t\t\t\t<\/div>\n\t\t<\/div>\n\t\t\t\t\t<\/div>\n\t\t<\/section>\n\t\t\t\t<section class=\"elementor-section elementor-top-section elementor-element elementor-element-7c86f6d elementor-section-boxed elementor-section-height-default elementor-section-height-default\" data-id=\"7c86f6d\" data-element_type=\"section\">\n\t\t\t\t\t\t<div class=\"elementor-container elementor-column-gap-default\">\n\t\t\t\t\t<div class=\"elementor-column elementor-col-100 elementor-top-column elementor-element elementor-element-97763a2\" data-id=\"97763a2\" data-element_type=\"column\">\n\t\t\t<div class=\"elementor-widget-wrap elementor-element-populated\">\n\t\t\t\t\t\t<div class=\"elementor-element elementor-element-9d76b31 elementor-widget elementor-widget-heading\" data-id=\"9d76b31\" data-element_type=\"widget\" data-widget_type=\"heading.default\">\n\t\t\t\t<div class=\"elementor-widget-container\">\n\t\t\t<h2 class=\"elementor-heading-title elementor-size-default\">Le Congr\u00e8s des jeunes<\/h2>\t\t<\/div>\n\t\t\t\t<\/div>\n\t\t\t\t\t<\/div>\n\t\t<\/div>\n\t\t\t\t\t<\/div>\n\t\t<\/section>\n\t\t\t\t<section class=\"elementor-section elementor-top-section elementor-element elementor-element-b2b8b96 elementor-section-boxed elementor-section-height-default elementor-section-height-default\" data-id=\"b2b8b96\" data-element_type=\"section\">\n\t\t\t\t\t\t<div class=\"elementor-container elementor-column-gap-default\">\n\t\t\t\t\t<div class=\"elementor-column elementor-col-100 elementor-top-column elementor-element elementor-element-9b7b83b\" data-id=\"9b7b83b\" data-element_type=\"column\">\n\t\t\t<div class=\"elementor-widget-wrap elementor-element-populated\">\n\t\t\t\t\t\t<div class=\"elementor-element elementor-element-99a291a elementor-widget elementor-widget-image\" data-id=\"99a291a\" data-element_type=\"widget\" data-widget_type=\"image.default\">\n\t\t\t\t<div class=\"elementor-widget-container\">\n\t\t\t\t\t\t\t\t\t\t\t\t\t<img decoding=\"async\" width=\"2560\" height=\"922\" src=\"https:\/\/oiecinternational.com\/fr\/wp-content\/uploads\/sites\/3\/2023\/02\/CONGRES-JEUNES-scaled.jpg\" class=\"attachment-full size-full wp-image-6231\" alt=\"\" srcset=\"https:\/\/oiecinternational.com\/fr\/wp-content\/uploads\/sites\/3\/2023\/02\/CONGRES-JEUNES-scaled.jpg 2560w, https:\/\/oiecinternational.com\/fr\/wp-content\/uploads\/sites\/3\/2023\/02\/CONGRES-JEUNES-300x108.jpg 300w, https:\/\/oiecinternational.com\/fr\/wp-content\/uploads\/sites\/3\/2023\/02\/CONGRES-JEUNES-1024x369.jpg 1024w, https:\/\/oiecinternational.com\/fr\/wp-content\/uploads\/sites\/3\/2023\/02\/CONGRES-JEUNES-768x277.jpg 768w, https:\/\/oiecinternational.com\/fr\/wp-content\/uploads\/sites\/3\/2023\/02\/CONGRES-JEUNES-1536x553.jpg 1536w, https:\/\/oiecinternational.com\/fr\/wp-content\/uploads\/sites\/3\/2023\/02\/CONGRES-JEUNES-2048x737.jpg 2048w\" sizes=\"(max-width: 2560px) 100vw, 2560px\" \/>\t\t\t\t\t\t\t\t\t\t\t\t\t<\/div>\n\t\t\t\t<\/div>\n\t\t\t\t\t<\/div>\n\t\t<\/div>\n\t\t\t\t\t<\/div>\n\t\t<\/section>\n\t\t\t\t<section class=\"elementor-section elementor-top-section elementor-element elementor-element-d7f311a elementor-section-boxed elementor-section-height-default elementor-section-height-default\" data-id=\"d7f311a\" data-element_type=\"section\">\n\t\t\t\t\t\t<div class=\"elementor-container elementor-column-gap-default\">\n\t\t\t\t\t<div class=\"elementor-column elementor-col-33 elementor-top-column elementor-element elementor-element-9811792\" data-id=\"9811792\" data-element_type=\"column\">\n\t\t\t<div class=\"elementor-widget-wrap elementor-element-populated\">\n\t\t\t\t\t\t<div class=\"elementor-element elementor-element-34a0f1a elementor-widget elementor-widget-text-editor\" data-id=\"34a0f1a\" data-element_type=\"widget\" data-widget_type=\"text-editor.default\">\n\t\t\t\t<div class=\"elementor-widget-container\">\n\t\t\t\t\t\t\t<p><strong><span style=\"color: #333333;\">A cette occasion, Planet Fraternity invite 50 jeunes des 5 continents \u00e0 se rencontrer, \u00e9changer et partager des moments forts. T\u00e9moignages, conf\u00e9rences, d\u00e9bats, projections, ateliers th\u00e9\u00e2tre, sportif, culturel&#8230; permettent \u00e0 chacun de s\u2019enrichir et de d\u00e9couvrir l\u2019autre.<\/span><\/strong><\/p>\t\t\t\t\t\t<\/div>\n\t\t\t\t<\/div>\n\t\t\t\t\t<\/div>\n\t\t<\/div>\n\t\t\t\t<div class=\"elementor-column elementor-col-66 elementor-top-column elementor-element elementor-element-edf79ed\" data-id=\"edf79ed\" data-element_type=\"column\">\n\t\t\t<div class=\"elementor-widget-wrap elementor-element-populated\">\n\t\t\t\t\t\t<div class=\"elementor-element elementor-element-bdf2976 elementor-widget elementor-widget-video\" data-id=\"bdf2976\" data-element_type=\"widget\" data-settings=\"{&quot;youtube_url&quot;:&quot;https:\\\/\\\/www.youtube.com\\\/watch?t=8863&amp;v=Zc8culVa4NU&amp;feature=youtu.be&quot;,&quot;start&quot;:8865,&quot;video_type&quot;:&quot;youtube&quot;,&quot;controls&quot;:&quot;yes&quot;}\" data-widget_type=\"video.default\">\n\t\t\t\t<div class=\"elementor-widget-container\">\n\t\t\t\t\t<div class=\"elementor-wrapper elementor-open-inline\">\n\t\t\t<div class=\"elementor-video\"><\/div>\t\t<\/div>\n\t\t\t\t<\/div>\n\t\t\t\t<\/div>\n\t\t\t\t\t<\/div>\n\t\t<\/div>\n\t\t\t\t\t<\/div>\n\t\t<\/section>\n\t\t\t\t<\/div>\n\t\t","protected":false},"excerpt":{"rendered":"<p>Le Congr\u00e8s des adultes Tous les trois ou quatre ans, l\u2019OIEC organise un rassemblement de responsables de l\u2019\u00e9ducation catholique venus du monde entier. Ainsi, plus de 80 pays sont repr\u00e9sent\u00e9s. Une occasion rare de vivre une grande exp\u00e9rience d\u2019\u00e9change et de solidarit\u00e9 internationale au sein de l\u2019\u00e9ducation catholique. Apr\u00e8s\u00a0New York en 2019, c&#8217;est la ville de Marseille en France qui&#8230;<\/p>\n","protected":false},"author":3,"featured_media":0,"parent":0,"menu_order":6,"comment_status":"closed","ping_status":"closed","template":"","meta":{"_eb_attr":"","footnotes":""},"class_list":["post-6228","page","type-page","status-publish","hentry"],"_links":{"self":[{"href":"https:\/\/oiecinternational.com\/fr\/wp-json\/wp\/v2\/pages\/6228"}],"collection":[{"href":"https:\/\/oiecinternational.com\/fr\/wp-json\/wp\/v2\/pages"}],"about":[{"href":"https:\/\/oiecinternational.com\/fr\/wp-json\/wp\/v2\/types\/page"}],"author":[{"embeddable":true,"href":"https:\/\/oiecinternational.com\/fr\/wp-json\/wp\/v2\/users\/3"}],"replies":[{"embeddable":true,"href":"https:\/\/oiecinternational.com\/fr\/wp-json\/wp\/v2\/comments?post=6228"}],"version-history":[{"count":0,"href":"https:\/\/oiecinternational.com\/fr\/wp-json\/wp\/v2\/pages\/6228\/revisions"}],"wp:attachment":[{"href":"https:\/\/oiecinternational.com\/fr\/wp-json\/wp\/v2\/media?parent=6228"}],"curies":[{"name":"wp","href":"https:\/\/api.w.org\/{rel}","templated":true}]}}