{"id":6246,"date":"2023-02-23T16:22:56","date_gmt":"2023-02-23T15:22:56","guid":{"rendered":"http:\/\/jcgqqhj.cluster030.hosting.ovh.net\/fr\/?page_id=6246"},"modified":"2023-08-18T10:42:40","modified_gmt":"2023-08-18T08:42:40","slug":"congres-new-york-2019","status":"publish","type":"page","link":"https:\/\/oiecinternational.com\/fr\/temps-forts\/congres-new-york-2019\/","title":{"rendered":"Congr\u00e8s New York 2019"},"content":{"rendered":"\t\t<div data-elementor-type=\"wp-page\" data-elementor-id=\"6246\" class=\"elementor elementor-6246\">\n\t\t\t\t\t\t<section class=\"elementor-section elementor-top-section elementor-element elementor-element-c61f130 elementor-section-boxed elementor-section-height-default elementor-section-height-default\" data-id=\"c61f130\" data-element_type=\"section\">\n\t\t\t\t\t\t<div class=\"elementor-container elementor-column-gap-default\">\n\t\t\t\t\t<div class=\"elementor-column elementor-col-100 elementor-top-column elementor-element elementor-element-0f4cac3\" data-id=\"0f4cac3\" data-element_type=\"column\">\n\t\t\t<div class=\"elementor-widget-wrap elementor-element-populated\">\n\t\t\t\t\t\t<div class=\"elementor-element elementor-element-d602277 elementor-widget elementor-widget-image\" data-id=\"d602277\" data-element_type=\"widget\" data-widget_type=\"image.default\">\n\t\t\t\t<div class=\"elementor-widget-container\">\n\t\t\t\t\t\t\t\t\t\t\t\t\t<img fetchpriority=\"high\" decoding=\"async\" width=\"1895\" height=\"533\" src=\"https:\/\/oiecinternational.com\/fr\/wp-content\/uploads\/sites\/3\/2023\/02\/new-york2.png\" class=\"attachment-full size-full wp-image-6248\" alt=\"\" srcset=\"https:\/\/oiecinternational.com\/fr\/wp-content\/uploads\/sites\/3\/2023\/02\/new-york2.png 1895w, https:\/\/oiecinternational.com\/fr\/wp-content\/uploads\/sites\/3\/2023\/02\/new-york2-300x84.png 300w, https:\/\/oiecinternational.com\/fr\/wp-content\/uploads\/sites\/3\/2023\/02\/new-york2-1024x288.png 1024w, https:\/\/oiecinternational.com\/fr\/wp-content\/uploads\/sites\/3\/2023\/02\/new-york2-768x216.png 768w, https:\/\/oiecinternational.com\/fr\/wp-content\/uploads\/sites\/3\/2023\/02\/new-york2-1536x432.png 1536w\" sizes=\"(max-width: 1895px) 100vw, 1895px\" \/>\t\t\t\t\t\t\t\t\t\t\t\t\t<\/div>\n\t\t\t\t<\/div>\n\t\t\t\t\t<\/div>\n\t\t<\/div>\n\t\t\t\t\t<\/div>\n\t\t<\/section>\n\t\t\t\t<section class=\"elementor-section elementor-top-section elementor-element elementor-element-df05456 elementor-section-boxed elementor-section-height-default elementor-section-height-default\" data-id=\"df05456\" data-element_type=\"section\">\n\t\t\t\t\t\t<div class=\"elementor-container elementor-column-gap-default\">\n\t\t\t\t\t<div class=\"elementor-column elementor-col-50 elementor-top-column elementor-element elementor-element-c57e557\" data-id=\"c57e557\" data-element_type=\"column\">\n\t\t\t<div class=\"elementor-widget-wrap elementor-element-populated\">\n\t\t\t\t\t\t<div class=\"elementor-element elementor-element-d0695ee elementor-widget elementor-widget-text-editor\" data-id=\"d0695ee\" data-element_type=\"widget\" data-widget_type=\"text-editor.default\">\n\t\t\t\t<div class=\"elementor-widget-container\">\n\t\t\t\t\t\t\t<p>Tous les 4 ans, l\u2019OIEC organise un congr\u00e8s international pour ses membres. Le prochain congr\u00e8s se tiendra \u00e0 New York\u00a0<strong>\u00e0 Fordham University (Lincoln Center Campus)<\/strong>\u00a0du\u00a0<strong>5 au 8 juin 2019<\/strong>.\u00a0<\/p><p>Pour pr\u00e9parer le congr\u00e8s, un comit\u00e9 s\u2019est form\u00e9, r\u00e9unissant le Secr\u00e9taire G\u00e9n\u00e9ral de l\u2019OIEC, l\u2019Event Manager du congr\u00e8s, des repr\u00e9sentants de Fordham University, de la conf\u00e9rence \u00e9piscopale des Etats-Unis, de la NCEA, des Fr\u00e8res Maristes et Jerry Cattaro, repr\u00e9sentant de l\u2019OIEC \u00e0 New York aupr\u00e8s des Nations Unis.<\/p><p>Le th\u00e8me de ce Congr\u00e8s est inspir\u00e9 de l\u2019enseignement du Pape Fran\u00e7ois (Laudato Si) et des engagements des Nations Unies (Objectifs du d\u00e9veloppement durable) :\u00a0<strong>\u00ab Eduquer \u00e0 l\u2019humanisme solidaire pour construire une \u00ab\u00a0civilisation de l\u2019amour\u00a0\u00bb. Les \u00e9coles catholiques du monde s\u2019engagent. \u00bb<\/strong><br \/>Ce Congr\u00e8s a \u00e9t\u00e9 l\u2019occasion pour les \u00e9coles catholiques du monde de se retrouver au niveau international pour prendre ensemble des engagements envers le monde. Plus d\u2019une centaine d\u2019intervenants de tous les continents viendront pr\u00e9senter des exp\u00e9riences d\u2019engagement \u00e9ducatif.<\/p>\t\t\t\t\t\t<\/div>\n\t\t\t\t<\/div>\n\t\t\t\t\t<\/div>\n\t\t<\/div>\n\t\t\t\t<div class=\"elementor-column elementor-col-50 elementor-top-column elementor-element elementor-element-fc6f3f7\" data-id=\"fc6f3f7\" data-element_type=\"column\">\n\t\t\t<div class=\"elementor-widget-wrap elementor-element-populated\">\n\t\t\t\t\t\t<div class=\"elementor-element elementor-element-991cae5 elementor-widget elementor-widget-image\" data-id=\"991cae5\" data-element_type=\"widget\" data-widget_type=\"image.default\">\n\t\t\t\t<div class=\"elementor-widget-container\">\n\t\t\t\t\t\t\t\t\t\t\t\t\t<img decoding=\"async\" width=\"481\" height=\"719\" src=\"https:\/\/oiecinternational.com\/fr\/wp-content\/uploads\/sites\/3\/2023\/02\/Affiche-congres-OIEC-NY-2019.jpg\" class=\"attachment-full size-full wp-image-6249\" alt=\"\" srcset=\"https:\/\/oiecinternational.com\/fr\/wp-content\/uploads\/sites\/3\/2023\/02\/Affiche-congres-OIEC-NY-2019.jpg 481w, https:\/\/oiecinternational.com\/fr\/wp-content\/uploads\/sites\/3\/2023\/02\/Affiche-congres-OIEC-NY-2019-201x300.jpg 201w\" sizes=\"(max-width: 481px) 100vw, 481px\" \/>\t\t\t\t\t\t\t\t\t\t\t\t\t<\/div>\n\t\t\t\t<\/div>\n\t\t\t\t\t<\/div>\n\t\t<\/div>\n\t\t\t\t\t<\/div>\n\t\t<\/section>\n\t\t\t\t<section class=\"elementor-section elementor-top-section elementor-element elementor-element-691ab4f elementor-section-boxed elementor-section-height-default elementor-section-height-default\" data-id=\"691ab4f\" data-element_type=\"section\">\n\t\t\t\t\t\t<div class=\"elementor-container elementor-column-gap-default\">\n\t\t\t\t\t<div class=\"elementor-column elementor-col-100 elementor-top-column elementor-element elementor-element-2db95f0\" data-id=\"2db95f0\" data-element_type=\"column\">\n\t\t\t<div class=\"elementor-widget-wrap elementor-element-populated\">\n\t\t\t\t\t\t\t<\/div>\n\t\t<\/div>\n\t\t\t\t\t<\/div>\n\t\t<\/section>\n\t\t\t\t<\/div>\n\t\t","protected":false},"excerpt":{"rendered":"<p>Tous les 4 ans, l\u2019OIEC organise un congr\u00e8s international pour ses membres. Le prochain congr\u00e8s se tiendra \u00e0 New York\u00a0\u00e0 Fordham University (Lincoln Center Campus)\u00a0du\u00a05 au 8 juin 2019.\u00a0 Pour pr\u00e9parer le congr\u00e8s, un comit\u00e9 s\u2019est form\u00e9, r\u00e9unissant le Secr\u00e9taire G\u00e9n\u00e9ral de l\u2019OIEC, l\u2019Event Manager du congr\u00e8s, des repr\u00e9sentants de Fordham University, de la conf\u00e9rence \u00e9piscopale des Etats-Unis, de la&#8230;<\/p>\n","protected":false},"author":3,"featured_media":0,"parent":6228,"menu_order":3,"comment_status":"closed","ping_status":"closed","template":"","meta":{"_eb_attr":"","footnotes":""},"class_list":["post-6246","page","type-page","status-publish","hentry"],"_links":{"self":[{"href":"https:\/\/oiecinternational.com\/fr\/wp-json\/wp\/v2\/pages\/6246"}],"collection":[{"href":"https:\/\/oiecinternational.com\/fr\/wp-json\/wp\/v2\/pages"}],"about":[{"href":"https:\/\/oiecinternational.com\/fr\/wp-json\/wp\/v2\/types\/page"}],"author":[{"embeddable":true,"href":"https:\/\/oiecinternational.com\/fr\/wp-json\/wp\/v2\/users\/3"}],"replies":[{"embeddable":true,"href":"https:\/\/oiecinternational.com\/fr\/wp-json\/wp\/v2\/comments?post=6246"}],"version-history":[{"count":0,"href":"https:\/\/oiecinternational.com\/fr\/wp-json\/wp\/v2\/pages\/6246\/revisions"}],"up":[{"embeddable":true,"href":"https:\/\/oiecinternational.com\/fr\/wp-json\/wp\/v2\/pages\/6228"}],"wp:attachment":[{"href":"https:\/\/oiecinternational.com\/fr\/wp-json\/wp\/v2\/media?parent=6246"}],"curies":[{"name":"wp","href":"https:\/\/api.w.org\/{rel}","templated":true}]}}