{"id":6573,"date":"2023-03-01T10:55:43","date_gmt":"2023-03-01T09:55:43","guid":{"rendered":"http:\/\/jcgqqhj.cluster030.hosting.ovh.net\/fr\/?page_id=6573"},"modified":"2023-08-18T08:47:49","modified_gmt":"2023-08-18T06:47:49","slug":"les-regions","status":"publish","type":"page","link":"https:\/\/oiecinternational.com\/fr\/loiec\/les-regions\/","title":{"rendered":"LES R\u00c9GIONS"},"content":{"rendered":"\t\t<div data-elementor-type=\"wp-page\" data-elementor-id=\"6573\" class=\"elementor elementor-6573\">\n\t\t\t\t\t\t<section class=\"elementor-section elementor-top-section elementor-element elementor-element-f37093b elementor-section-boxed elementor-section-height-default elementor-section-height-default\" data-id=\"f37093b\" data-element_type=\"section\">\n\t\t\t\t\t\t<div class=\"elementor-container elementor-column-gap-default\">\n\t\t\t\t\t<div class=\"elementor-column elementor-col-100 elementor-top-column elementor-element elementor-element-5fc4e33\" data-id=\"5fc4e33\" data-element_type=\"column\">\n\t\t\t<div class=\"elementor-widget-wrap elementor-element-populated\">\n\t\t\t\t\t\t<div class=\"elementor-element elementor-element-0aec8e0 elementor-widget elementor-widget-text-editor\" data-id=\"0aec8e0\" data-element_type=\"widget\" data-widget_type=\"text-editor.default\">\n\t\t\t\t<div class=\"elementor-widget-container\">\n\t\t\t\t\t\t\t<h3>L&#8217;OIEC se d\u00e9coupe en six grandes r\u00e9gions :<\/h3><ul><li><h4><a href=\"http:\/\/oiecinternational.com\/fr\/ameriques\/\"><span style=\"color: #333333;\">Am\u00e9riques<\/span><\/a><\/h4><\/li><li><h4><a href=\"http:\/\/oiecinternational.com\/fr\/afrique-et-madagascar\/\"><span style=\"color: #333333;\">Afrique &amp; Madagascar<\/span><\/a><\/h4><\/li><li><h4><a href=\"http:\/\/oiecinternational.com\/fr\/asieetoceanie\/\"><span style=\"color: #333333;\">Asie &amp; Oc\u00e9anie<\/span><\/a><\/h4><\/li><li><h4><a href=\"http:\/\/oiecinternational.com\/fr\/moyen-orient-afrique-nord\/\"><span style=\"color: #333333;\">Moyen-Orient et Afrique du nord<\/span><\/a><\/h4><\/li><li><h4><a href=\"http:\/\/oiecinternational.com\/fr\/europe\/\"><span style=\"color: #333333;\">Europe<\/span><\/a><\/h4><\/li><li><h4><span style=\"color: #333333;\">et <a href=\"http:\/\/oiecinternational.com\/fr\/les-membres-associes\/\">les Congr\u00e9gations<\/a><\/span><\/h4><\/li><\/ul>\t\t\t\t\t\t<\/div>\n\t\t\t\t<\/div>\n\t\t\t\t\t<\/div>\n\t\t<\/div>\n\t\t\t\t\t<\/div>\n\t\t<\/section>\n\t\t\t\t<section class=\"elementor-section elementor-top-section elementor-element elementor-element-d7fac99 elementor-section-boxed elementor-section-height-default elementor-section-height-default\" data-id=\"d7fac99\" data-element_type=\"section\">\n\t\t\t\t\t\t<div class=\"elementor-container elementor-column-gap-default\">\n\t\t\t\t\t<div class=\"elementor-column elementor-col-100 elementor-top-column elementor-element elementor-element-321655d\" data-id=\"321655d\" data-element_type=\"column\">\n\t\t\t<div class=\"elementor-widget-wrap elementor-element-populated\">\n\t\t\t\t\t\t<div class=\"elementor-element elementor-element-2b097ad elementor-widget elementor-widget-image\" data-id=\"2b097ad\" data-element_type=\"widget\" data-widget_type=\"image.default\">\n\t\t\t\t<div class=\"elementor-widget-container\">\n\t\t\t\t\t\t\t\t\t\t\t\t\t\t<a href=\"https:\/\/drive.google.com\/file\/d\/1Hml50q9N1IwBc7JqWFvCT8_QW5asNtuh\/view?usp=share_link\">\n\t\t\t\t\t\t\t<img fetchpriority=\"high\" decoding=\"async\" width=\"1200\" height=\"824\" src=\"https:\/\/oiecinternational.com\/fr\/wp-content\/uploads\/sites\/3\/2023\/03\/poster-OIEC-FR-formate-PF.jpg\" class=\"attachment-full size-full wp-image-6588\" alt=\"\" srcset=\"https:\/\/oiecinternational.com\/fr\/wp-content\/uploads\/sites\/3\/2023\/03\/poster-OIEC-FR-formate-PF.jpg 1200w, https:\/\/oiecinternational.com\/fr\/wp-content\/uploads\/sites\/3\/2023\/03\/poster-OIEC-FR-formate-PF-300x206.jpg 300w, https:\/\/oiecinternational.com\/fr\/wp-content\/uploads\/sites\/3\/2023\/03\/poster-OIEC-FR-formate-PF-1024x703.jpg 1024w, https:\/\/oiecinternational.com\/fr\/wp-content\/uploads\/sites\/3\/2023\/03\/poster-OIEC-FR-formate-PF-768x527.jpg 768w\" sizes=\"(max-width: 1200px) 100vw, 1200px\" \/>\t\t\t\t\t\t\t\t<\/a>\n\t\t\t\t\t\t\t\t\t\t\t\t\t<\/div>\n\t\t\t\t<\/div>\n\t\t\t\t\t<\/div>\n\t\t<\/div>\n\t\t\t\t\t<\/div>\n\t\t<\/section>\n\t\t\t\t<\/div>\n\t\t","protected":false},"excerpt":{"rendered":"<p>L&#8217;OIEC se d\u00e9coupe en six grandes r\u00e9gions : Am\u00e9riques Afrique &amp; Madagascar Asie &amp; Oc\u00e9anie Moyen-Orient et Afrique du nord Europe et les Congr\u00e9gations<\/p>\n","protected":false},"author":3,"featured_media":0,"parent":7369,"menu_order":5,"comment_status":"closed","ping_status":"closed","template":"","meta":{"_eb_attr":"","footnotes":""},"class_list":["post-6573","page","type-page","status-publish","hentry"],"_links":{"self":[{"href":"https:\/\/oiecinternational.com\/fr\/wp-json\/wp\/v2\/pages\/6573"}],"collection":[{"href":"https:\/\/oiecinternational.com\/fr\/wp-json\/wp\/v2\/pages"}],"about":[{"href":"https:\/\/oiecinternational.com\/fr\/wp-json\/wp\/v2\/types\/page"}],"author":[{"embeddable":true,"href":"https:\/\/oiecinternational.com\/fr\/wp-json\/wp\/v2\/users\/3"}],"replies":[{"embeddable":true,"href":"https:\/\/oiecinternational.com\/fr\/wp-json\/wp\/v2\/comments?post=6573"}],"version-history":[{"count":0,"href":"https:\/\/oiecinternational.com\/fr\/wp-json\/wp\/v2\/pages\/6573\/revisions"}],"up":[{"embeddable":true,"href":"https:\/\/oiecinternational.com\/fr\/wp-json\/wp\/v2\/pages\/7369"}],"wp:attachment":[{"href":"https:\/\/oiecinternational.com\/fr\/wp-json\/wp\/v2\/media?parent=6573"}],"curies":[{"name":"wp","href":"https:\/\/api.w.org\/{rel}","templated":true}]}}