{"id":67,"date":"2016-12-19T19:17:43","date_gmt":"2016-12-19T18:17:43","guid":{"rendered":"http:\/\/jcgqqhj.cluster030.hosting.ovh.net\/fr\/?page_id=67"},"modified":"2023-08-18T10:51:29","modified_gmt":"2023-08-18T08:51:29","slug":"contact","status":"publish","type":"page","link":"https:\/\/oiecinternational.com\/fr\/contact\/","title":{"rendered":"CONTACT"},"content":{"rendered":"\t\t<div data-elementor-type=\"wp-page\" data-elementor-id=\"67\" class=\"elementor elementor-67\">\n\t\t\t\t\t\t<section class=\"elementor-section elementor-top-section elementor-element elementor-element-cf4748f elementor-section-boxed elementor-section-height-default elementor-section-height-default\" data-id=\"cf4748f\" data-element_type=\"section\">\n\t\t\t\t\t\t<div class=\"elementor-container elementor-column-gap-default\">\n\t\t\t\t\t<div class=\"elementor-column elementor-col-50 elementor-top-column elementor-element elementor-element-6ac606f\" data-id=\"6ac606f\" data-element_type=\"column\">\n\t\t\t<div class=\"elementor-widget-wrap elementor-element-populated\">\n\t\t\t\t\t\t<div class=\"elementor-element elementor-element-dabe1e7 elementor-widget elementor-widget-text-editor\" data-id=\"dabe1e7\" data-element_type=\"widget\" data-widget_type=\"text-editor.default\">\n\t\t\t\t<div class=\"elementor-widget-container\">\n\t\t\t\t\t\t\t<h3><strong>Office International<br \/>de l\u2019Enseignement Catholique<\/strong><\/h3><p>Casa Generalizia La Salle<br \/>Via Aurelia, 476<br \/>00165 Roma RM<br \/><strong>Italie<\/strong><\/p>\t\t\t\t\t\t<\/div>\n\t\t\t\t<\/div>\n\t\t\t\t\t<\/div>\n\t\t<\/div>\n\t\t\t\t<div class=\"elementor-column elementor-col-50 elementor-top-column elementor-element elementor-element-a5dc322\" data-id=\"a5dc322\" data-element_type=\"column\">\n\t\t\t<div class=\"elementor-widget-wrap elementor-element-populated\">\n\t\t\t\t\t\t<div class=\"elementor-element elementor-element-957c78c elementor-widget elementor-widget-google_maps\" data-id=\"957c78c\" data-element_type=\"widget\" data-widget_type=\"google_maps.default\">\n\t\t\t\t<div class=\"elementor-widget-container\">\n\t\t\t\t\t<div class=\"elementor-custom-embed\">\n\t\t\t<iframe loading=\"lazy\"\n\t\t\t\t\tsrc=\"https:\/\/maps.google.com\/maps?q=Via%20Aurelia%2C%20476%2C%2000165%20Roma%20RM%2C%20Italie&#038;t=m&#038;z=10&#038;output=embed&#038;iwloc=near\"\n\t\t\t\t\ttitle=\"Via Aurelia, 476, 00165 Roma RM, Italie\"\n\t\t\t\t\taria-label=\"Via Aurelia, 476, 00165 Roma RM, Italie\"\n\t\t\t><\/iframe>\n\t\t<\/div>\n\t\t\t\t<\/div>\n\t\t\t\t<\/div>\n\t\t\t\t\t<\/div>\n\t\t<\/div>\n\t\t\t\t\t<\/div>\n\t\t<\/section>\n\t\t\t\t<section class=\"elementor-section elementor-top-section elementor-element elementor-element-2e27f97f elementor-section-boxed elementor-section-height-default elementor-section-height-default\" data-id=\"2e27f97f\" data-element_type=\"section\">\n\t\t\t\t\t\t<div class=\"elementor-container elementor-column-gap-default\">\n\t\t\t\t\t<div class=\"elementor-column elementor-col-100 elementor-top-column elementor-element elementor-element-34b644f4\" data-id=\"34b644f4\" data-element_type=\"column\">\n\t\t\t<div class=\"elementor-widget-wrap elementor-element-populated\">\n\t\t\t\t\t\t<div class=\"elementor-element elementor-element-33b8a733 elementor-widget elementor-widget-text-editor\" data-id=\"33b8a733\" data-element_type=\"widget\" data-widget_type=\"text-editor.default\">\n\t\t\t\t<div class=\"elementor-widget-container\">\n\t\t\t\t\t\t\t<h4 id=\"subtitle\">Pour nous contacter, merci de compl\u00e9ter le formulaire ci-dessous. Nous vous r\u00e9pondrons d\u00e8s que possible.<\/h4><form id=\"pirate_forms_1\" class=\"pirate_forms \" enctype=\"application\/x-www-form-urlencoded\" method=\"post\"><p><label for=\"pirate-forms-contact-name\"><\/label><br \/><input id=\"pirate-forms-contact-name\" class=\"form-control\" name=\"pirate-forms-contact-name\" required=\"\" type=\"text\" value=\"\" placeholder=\"Your Name\" \/><label for=\"pirate-forms-contact-email\"><\/label><br \/><input id=\"pirate-forms-contact-email\" class=\"form-control\" name=\"pirate-forms-contact-email\" required=\"\" type=\"email\" value=\"\" placeholder=\"Your Email\" \/><label for=\"pirate-forms-contact-subject\"><\/label><br \/><input id=\"pirate-forms-contact-subject\" class=\"form-control\" name=\"pirate-forms-contact-subject\" required=\"\" type=\"text\" value=\"\" placeholder=\"Subject\" \/><br \/><textarea id=\"pirate-forms-contact-message\" class=\"form-control\" name=\"pirate-forms-contact-message\" required=\"\" placeholder=\"Your message\"><\/textarea><br \/><button id=\"pirate-forms-contact-submit\" class=\"pirate-forms-submit-button\" name=\"pirate-forms-contact-submit\" type=\"submit\">Send Message<\/button><br \/><input id=\"contact-referrer\" class=\"form-control\" name=\"contact-referrer\" type=\"hidden\" value=\"http:\/\/oiecinternational.com\/fr\/wp-admin\/post.php?post=67&amp;action=edit\" \/><label for=\"form_honeypot\"><\/label><\/p><p><label for=\"form_honeypot\">Laissez en blanc pour soumettre<\/label><br \/><input id=\"form_honeypot\" class=\"form-control\" name=\"honeypot\" type=\"text\" value=\"\" placeholder=\"\" \/><br \/><input id=\"wordpress-nonce\" class=\"form-control\" name=\"wordpress-nonce\" type=\"hidden\" value=\"3ac821ffd5\" \/><\/p><\/form>\t\t\t\t\t\t<\/div>\n\t\t\t\t<\/div>\n\t\t\t\t\t<\/div>\n\t\t<\/div>\n\t\t\t\t\t<\/div>\n\t\t<\/section>\n\t\t\t\t<\/div>\n\t\t","protected":false},"excerpt":{"rendered":"<p>Office Internationalde l\u2019Enseignement Catholique Casa Generalizia La SalleVia Aurelia, 47600165 Roma RMItalie Pour nous contacter, merci de compl\u00e9ter le formulaire ci-dessous. Nous vous r\u00e9pondrons d\u00e8s que possible. Send Message Laissez en blanc pour soumettre<\/p>\n","protected":false},"author":1,"featured_media":0,"parent":0,"menu_order":8,"comment_status":"closed","ping_status":"closed","template":"","meta":{"_eb_attr":"","footnotes":""},"class_list":["post-67","page","type-page","status-publish","hentry"],"_links":{"self":[{"href":"https:\/\/oiecinternational.com\/fr\/wp-json\/wp\/v2\/pages\/67"}],"collection":[{"href":"https:\/\/oiecinternational.com\/fr\/wp-json\/wp\/v2\/pages"}],"about":[{"href":"https:\/\/oiecinternational.com\/fr\/wp-json\/wp\/v2\/types\/page"}],"author":[{"embeddable":true,"href":"https:\/\/oiecinternational.com\/fr\/wp-json\/wp\/v2\/users\/1"}],"replies":[{"embeddable":true,"href":"https:\/\/oiecinternational.com\/fr\/wp-json\/wp\/v2\/comments?post=67"}],"version-history":[{"count":0,"href":"https:\/\/oiecinternational.com\/fr\/wp-json\/wp\/v2\/pages\/67\/revisions"}],"wp:attachment":[{"href":"https:\/\/oiecinternational.com\/fr\/wp-json\/wp\/v2\/media?parent=67"}],"curies":[{"name":"wp","href":"https:\/\/api.w.org\/{rel}","templated":true}]}}