{"id":6943,"date":"2023-06-21T06:58:55","date_gmt":"2023-06-21T04:58:55","guid":{"rendered":"http:\/\/jcgqqhj.cluster030.hosting.ovh.net\/fr\/?page_id=6943"},"modified":"2023-08-18T10:45:16","modified_gmt":"2023-08-18T08:45:16","slug":"le-pacte-educatif-global-dans-son-etablissement","status":"publish","type":"page","link":"https:\/\/oiecinternational.com\/fr\/pacte-educatif-global-lengagement-de-loiec\/le-pacte-educatif-global-dans-son-etablissement\/","title":{"rendered":"Le Pacte \u00c9ducatif Global dans son \u00e9tablissement"},"content":{"rendered":"\t\t<div data-elementor-type=\"wp-page\" data-elementor-id=\"6943\" class=\"elementor elementor-6943\">\n\t\t\t\t\t\t<section class=\"elementor-section elementor-top-section elementor-element elementor-element-106e7fd elementor-section-boxed elementor-section-height-default elementor-section-height-default\" data-id=\"106e7fd\" data-element_type=\"section\">\n\t\t\t\t\t\t<div class=\"elementor-container elementor-column-gap-default\">\n\t\t\t\t\t<div class=\"elementor-column elementor-col-100 elementor-top-column elementor-element elementor-element-09463c2\" data-id=\"09463c2\" data-element_type=\"column\">\n\t\t\t<div class=\"elementor-widget-wrap elementor-element-populated\">\n\t\t\t\t\t\t<div class=\"elementor-element elementor-element-ac825c6 elementor-widget elementor-widget-text-editor\" data-id=\"ac825c6\" data-element_type=\"widget\" data-widget_type=\"text-editor.default\">\n\t\t\t\t<div class=\"elementor-widget-container\">\n\t\t\t\t\t\t\t<h2><span style=\"color: #1d456e;\">Comment int\u00e9grer <strong>le Pacte \u00c9ducatif Global<\/strong> au projet \u00e9ducatif de l&#8217;\u00e9tablissement ?<\/span><\/h2>\t\t\t\t\t\t<\/div>\n\t\t\t\t<\/div>\n\t\t\t\t\t<\/div>\n\t\t<\/div>\n\t\t\t\t\t<\/div>\n\t\t<\/section>\n\t\t\t\t<section class=\"elementor-section elementor-top-section elementor-element elementor-element-e7b6c5d elementor-section-boxed elementor-section-height-default elementor-section-height-default\" data-id=\"e7b6c5d\" data-element_type=\"section\">\n\t\t\t\t\t\t<div class=\"elementor-container elementor-column-gap-default\">\n\t\t\t\t\t<div class=\"elementor-column elementor-col-66 elementor-top-column elementor-element elementor-element-554f327\" data-id=\"554f327\" data-element_type=\"column\">\n\t\t\t<div class=\"elementor-widget-wrap elementor-element-populated\">\n\t\t\t\t\t\t<div class=\"elementor-element elementor-element-ec72a03 elementor-widget elementor-widget-text-editor\" data-id=\"ec72a03\" data-element_type=\"widget\" data-widget_type=\"text-editor.default\">\n\t\t\t\t<div class=\"elementor-widget-container\">\n\t\t\t\t\t\t\t<blockquote>\n<h4><span style=\"color: #333333;\">Retrouvez la d\u00e9marche dans le livret\u00a0<\/span><\/h4>\n<h3>&#8220;Construire ensemble\nle Pacte \u00c9ducatif Global ?&#8221;<\/h3>\n<h4><span style=\"color: #295a8a;\"><strong>Livret r\u00e9dig\u00e9 par l&#8217;OIEC, l&#8217;USG &#8211; UISG en collaboration avec\u00a0SM. &#8211; Academica International Studies<\/strong><\/span><\/h4>\n<ul>\n \t<li><a href=\"http:\/\/oiecinternational.com\/fr\/wp-content\/uploads\/sites\/3\/2023\/06\/Livret-PEG-QR-code-FR.pdf\" target=\"_blank\" rel=\"noopener\">Version fran\u00e7aise<\/a><\/li>\n \t<li><a href=\"http:\/\/oiecinternational.com\/fr\/wp-content\/uploads\/sites\/3\/2023\/06\/Livret-PEG-QR-code-EN.pdf\" target=\"_blank\" rel=\"noopener\">Version Anglaise<\/a><\/li>\n \t<li><a href=\"http:\/\/oiecinternational.com\/es\/wp-content\/uploads\/sites\/2\/2023\/07\/Livret-PEG-QR-code-ES.pdf\" target=\"_blank\" rel=\"noopener\">Version espagnole<\/a><\/li>\n<\/ul>\n<\/blockquote>\t\t\t\t\t\t<\/div>\n\t\t\t\t<\/div>\n\t\t\t\t\t<\/div>\n\t\t<\/div>\n\t\t\t\t<div class=\"elementor-column elementor-col-33 elementor-top-column elementor-element elementor-element-238236f\" data-id=\"238236f\" data-element_type=\"column\">\n\t\t\t<div class=\"elementor-widget-wrap elementor-element-populated\">\n\t\t\t\t\t\t<div class=\"elementor-element elementor-element-fdbebd2 elementor-widget elementor-widget-image\" data-id=\"fdbebd2\" data-element_type=\"widget\" data-widget_type=\"image.default\">\n\t\t\t\t<div class=\"elementor-widget-container\">\n\t\t\t\t\t\t\t\t\t\t\t\t\t<img fetchpriority=\"high\" decoding=\"async\" width=\"1488\" height=\"2105\" src=\"https:\/\/oiecinternational.com\/fr\/wp-content\/uploads\/sites\/3\/2023\/07\/PEG-fr.png\" class=\"attachment-full size-full wp-image-7016\" alt=\"\" srcset=\"https:\/\/oiecinternational.com\/fr\/wp-content\/uploads\/sites\/3\/2023\/07\/PEG-fr.png 1488w, https:\/\/oiecinternational.com\/fr\/wp-content\/uploads\/sites\/3\/2023\/07\/PEG-fr-212x300.png 212w, https:\/\/oiecinternational.com\/fr\/wp-content\/uploads\/sites\/3\/2023\/07\/PEG-fr-724x1024.png 724w, https:\/\/oiecinternational.com\/fr\/wp-content\/uploads\/sites\/3\/2023\/07\/PEG-fr-768x1086.png 768w, https:\/\/oiecinternational.com\/fr\/wp-content\/uploads\/sites\/3\/2023\/07\/PEG-fr-1086x1536.png 1086w, https:\/\/oiecinternational.com\/fr\/wp-content\/uploads\/sites\/3\/2023\/07\/PEG-fr-1448x2048.png 1448w, https:\/\/oiecinternational.com\/fr\/wp-content\/uploads\/sites\/3\/2023\/07\/elementor\/thumbs\/PEG-fr-q9eyvv65kh2bw9lhv5way10kg4ozex1citb0h810d6.png 210w, https:\/\/oiecinternational.com\/fr\/wp-content\/uploads\/sites\/3\/2023\/07\/elementor\/thumbs\/PEG-fr-q9eyvv684kjc2wtgt2d77dk8k6sglxeoqiiscub7ec.png 420w\" sizes=\"(max-width: 1488px) 100vw, 1488px\" \/>\t\t\t\t\t\t\t\t\t\t\t\t\t<\/div>\n\t\t\t\t<\/div>\n\t\t\t\t\t<\/div>\n\t\t<\/div>\n\t\t\t\t\t<\/div>\n\t\t<\/section>\n\t\t\t\t<section class=\"elementor-section elementor-top-section elementor-element elementor-element-19efd25 elementor-section-boxed elementor-section-height-default elementor-section-height-default\" data-id=\"19efd25\" data-element_type=\"section\">\n\t\t\t\t\t\t<div class=\"elementor-container elementor-column-gap-default\">\n\t\t\t\t\t<div class=\"elementor-column elementor-col-100 elementor-top-column elementor-element elementor-element-e43b4ee\" data-id=\"e43b4ee\" data-element_type=\"column\">\n\t\t\t<div class=\"elementor-widget-wrap elementor-element-populated\">\n\t\t\t\t\t\t<div class=\"elementor-element elementor-element-f2a73d5 elementor-widget elementor-widget-text-editor\" data-id=\"f2a73d5\" data-element_type=\"widget\" data-widget_type=\"text-editor.default\">\n\t\t\t\t<div class=\"elementor-widget-container\">\n\t\t\t\t\t\t\t<h3>Pour vous aider dans votre animation d&#8217;\u00e9quipe, l&#8217;OIEC vous propose diff\u00e9rents outils :<\/h3>\t\t\t\t\t\t<\/div>\n\t\t\t\t<\/div>\n\t\t\t\t\t<\/div>\n\t\t<\/div>\n\t\t\t\t\t<\/div>\n\t\t<\/section>\n\t\t\t\t<section class=\"elementor-section elementor-top-section elementor-element elementor-element-572e555 elementor-section-boxed elementor-section-height-default elementor-section-height-default\" data-id=\"572e555\" data-element_type=\"section\">\n\t\t\t\t\t\t<div class=\"elementor-container elementor-column-gap-default\">\n\t\t\t\t\t<div class=\"elementor-column elementor-col-33 elementor-top-column elementor-element elementor-element-15ab1e7\" data-id=\"15ab1e7\" data-element_type=\"column\">\n\t\t\t<div class=\"elementor-widget-wrap elementor-element-populated\">\n\t\t\t\t\t\t<div class=\"elementor-element elementor-element-f522f2f elementor-widget elementor-widget-text-editor\" data-id=\"f522f2f\" data-element_type=\"widget\" data-widget_type=\"text-editor.default\">\n\t\t\t\t<div class=\"elementor-widget-container\">\n\t\t\t\t\t\t\t<ul><li><h4><span style=\"color: #1d4c7a;\"><strong>Une vid\u00e9o d&#8217;explication <\/strong>&#8220;Construire ensemble le Pacte \u00c9ducatif Global&#8221;<\/span><\/h4><\/li><li><h4><span style=\"color: #1d4c7a;\"><strong>Vid\u00e9o <\/strong><\/span><strong><br \/><a href=\"https:\/\/www.youtube.com\/playlist?list=PLT_kOynLxQM_17Bu_Z7fB95qK9att1zS0\" target=\"_blank\" rel=\"noopener\">version anglaise \/ espagnole<\/a><\/strong><\/h4><\/li><\/ul>\t\t\t\t\t\t<\/div>\n\t\t\t\t<\/div>\n\t\t\t\t\t<\/div>\n\t\t<\/div>\n\t\t\t\t<div class=\"elementor-column elementor-col-66 elementor-top-column elementor-element elementor-element-80943da\" data-id=\"80943da\" data-element_type=\"column\">\n\t\t\t<div class=\"elementor-widget-wrap elementor-element-populated\">\n\t\t\t\t\t\t<div class=\"elementor-element elementor-element-c201e64 elementor-widget elementor-widget-video\" data-id=\"c201e64\" data-element_type=\"widget\" data-settings=\"{&quot;youtube_url&quot;:&quot;https:\\\/\\\/youtu.be\\\/hurlq7wev5Q&quot;,&quot;video_type&quot;:&quot;youtube&quot;,&quot;controls&quot;:&quot;yes&quot;}\" data-widget_type=\"video.default\">\n\t\t\t\t<div class=\"elementor-widget-container\">\n\t\t\t\t\t<div class=\"elementor-wrapper elementor-open-inline\">\n\t\t\t<div class=\"elementor-video\"><\/div>\t\t<\/div>\n\t\t\t\t<\/div>\n\t\t\t\t<\/div>\n\t\t\t\t\t<\/div>\n\t\t<\/div>\n\t\t\t\t\t<\/div>\n\t\t<\/section>\n\t\t\t\t<section class=\"elementor-section elementor-top-section elementor-element elementor-element-7d59adf elementor-section-boxed elementor-section-height-default elementor-section-height-default\" data-id=\"7d59adf\" data-element_type=\"section\">\n\t\t\t\t\t\t<div class=\"elementor-container elementor-column-gap-default\">\n\t\t\t\t\t<div class=\"elementor-column elementor-col-33 elementor-top-column elementor-element elementor-element-10f6dc0\" data-id=\"10f6dc0\" data-element_type=\"column\">\n\t\t\t<div class=\"elementor-widget-wrap elementor-element-populated\">\n\t\t\t\t\t\t<div class=\"elementor-element elementor-element-664a234 elementor-widget elementor-widget-image\" data-id=\"664a234\" data-element_type=\"widget\" data-widget_type=\"image.default\">\n\t\t\t\t<div class=\"elementor-widget-container\">\n\t\t\t\t\t\t\t\t\t\t\t\t\t<img decoding=\"async\" width=\"640\" height=\"905\" src=\"https:\/\/oiecinternational.com\/fr\/wp-content\/uploads\/sites\/3\/2023\/06\/Affiche-PEG-FR-724x1024.png\" class=\"attachment-large size-large wp-image-6947\" alt=\"\" srcset=\"https:\/\/oiecinternational.com\/fr\/wp-content\/uploads\/sites\/3\/2023\/06\/Affiche-PEG-FR-724x1024.png 724w, https:\/\/oiecinternational.com\/fr\/wp-content\/uploads\/sites\/3\/2023\/06\/Affiche-PEG-FR-212x300.png 212w, https:\/\/oiecinternational.com\/fr\/wp-content\/uploads\/sites\/3\/2023\/06\/Affiche-PEG-FR-768x1086.png 768w, https:\/\/oiecinternational.com\/fr\/wp-content\/uploads\/sites\/3\/2023\/06\/Affiche-PEG-FR-1086x1536.png 1086w, https:\/\/oiecinternational.com\/fr\/wp-content\/uploads\/sites\/3\/2023\/06\/Affiche-PEG-FR-1449x2048.png 1449w\" sizes=\"(max-width: 640px) 100vw, 640px\" \/>\t\t\t\t\t\t\t\t\t\t\t\t\t<\/div>\n\t\t\t\t<\/div>\n\t\t\t\t\t<\/div>\n\t\t<\/div>\n\t\t\t\t<div class=\"elementor-column elementor-col-66 elementor-top-column elementor-element elementor-element-42c672e\" data-id=\"42c672e\" data-element_type=\"column\">\n\t\t\t<div class=\"elementor-widget-wrap elementor-element-populated\">\n\t\t\t\t\t\t<div class=\"elementor-element elementor-element-7835f58 elementor-widget elementor-widget-text-editor\" data-id=\"7835f58\" data-element_type=\"widget\" data-widget_type=\"text-editor.default\">\n\t\t\t\t<div class=\"elementor-widget-container\">\n\t\t\t\t\t\t\t<p>\u00a0<\/p><p>\u00a0<\/p><ul><li><h4><span style=\"color: #1d4c7a;\"><strong>Une affiche\u00a0 <\/strong>pr\u00e9sentant les 7 axes du Pacte \u00c9ducatif Global<\/span><\/h4><\/li><\/ul><div style=\"text-align: center;\"><a href=\"http:\/\/oiecinternational.com\/fr\/wp-content\/uploads\/sites\/3\/2023\/06\/Affiche-PEG-FR.pdf\"><span style=\"color: #1d4c7a;\">T\u00e9l\u00e9chargez l&#8217;affiche<\/span><\/a><\/div>\t\t\t\t\t\t<\/div>\n\t\t\t\t<\/div>\n\t\t\t\t\t<\/div>\n\t\t<\/div>\n\t\t\t\t\t<\/div>\n\t\t<\/section>\n\t\t\t\t<section class=\"elementor-section elementor-top-section elementor-element elementor-element-e354f99 elementor-section-boxed elementor-section-height-default elementor-section-height-default\" data-id=\"e354f99\" data-element_type=\"section\">\n\t\t\t\t\t\t<div class=\"elementor-container elementor-column-gap-default\">\n\t\t\t\t\t<div class=\"elementor-column elementor-col-33 elementor-top-column elementor-element elementor-element-6ed71c1\" data-id=\"6ed71c1\" data-element_type=\"column\">\n\t\t\t<div class=\"elementor-widget-wrap elementor-element-populated\">\n\t\t\t\t\t\t<div class=\"elementor-element elementor-element-c5511fc elementor-widget elementor-widget-text-editor\" data-id=\"c5511fc\" data-element_type=\"widget\" data-widget_type=\"text-editor.default\">\n\t\t\t\t<div class=\"elementor-widget-container\">\n\t\t\t\t\t\t\t<ul><li><h4><span style=\"color: #1d4c7a;\"><strong>Un sch\u00e9ma (arbre)\u00a0\u00a0<\/strong>pr\u00e9sentant le projet \u00e9ducatif de l&#8217;\u00e9tablissement au regard du Pacte \u00c9ducatif Global<\/span><\/h4><\/li><\/ul><div style=\"text-align: center;\"><a href=\"http:\/\/oiecinternational.com\/fr\/wp-content\/uploads\/sites\/3\/2023\/06\/arbre-du-projet-detablissemet-FR.pdf\"><span style=\"color: #1d4c7a;\">T\u00e9l\u00e9chargez le sch\u00e9ma<\/span><\/a><\/div>\t\t\t\t\t\t<\/div>\n\t\t\t\t<\/div>\n\t\t\t\t\t<\/div>\n\t\t<\/div>\n\t\t\t\t<div class=\"elementor-column elementor-col-66 elementor-top-column elementor-element elementor-element-f91d306\" data-id=\"f91d306\" data-element_type=\"column\">\n\t\t\t<div class=\"elementor-widget-wrap elementor-element-populated\">\n\t\t\t\t\t\t<div class=\"elementor-element elementor-element-aeff9ce elementor-widget elementor-widget-image\" data-id=\"aeff9ce\" data-element_type=\"widget\" data-widget_type=\"image.default\">\n\t\t\t\t<div class=\"elementor-widget-container\">\n\t\t\t\t\t\t\t\t\t\t\t\t\t<img decoding=\"async\" width=\"640\" height=\"453\" src=\"https:\/\/oiecinternational.com\/fr\/wp-content\/uploads\/sites\/3\/2023\/06\/Arbre-FR-1024x724.png\" class=\"attachment-large size-large wp-image-6948\" alt=\"\" srcset=\"https:\/\/oiecinternational.com\/fr\/wp-content\/uploads\/sites\/3\/2023\/06\/Arbre-FR-1024x724.png 1024w, https:\/\/oiecinternational.com\/fr\/wp-content\/uploads\/sites\/3\/2023\/06\/Arbre-FR-300x212.png 300w, https:\/\/oiecinternational.com\/fr\/wp-content\/uploads\/sites\/3\/2023\/06\/Arbre-FR-768x543.png 768w, https:\/\/oiecinternational.com\/fr\/wp-content\/uploads\/sites\/3\/2023\/06\/Arbre-FR-1536x1086.png 1536w, https:\/\/oiecinternational.com\/fr\/wp-content\/uploads\/sites\/3\/2023\/06\/Arbre-FR-2048x1449.png 2048w\" sizes=\"(max-width: 640px) 100vw, 640px\" \/>\t\t\t\t\t\t\t\t\t\t\t\t\t<\/div>\n\t\t\t\t<\/div>\n\t\t\t\t\t<\/div>\n\t\t<\/div>\n\t\t\t\t\t<\/div>\n\t\t<\/section>\n\t\t\t\t<section class=\"elementor-section elementor-top-section elementor-element elementor-element-817f2ab elementor-section-boxed elementor-section-height-default elementor-section-height-default\" data-id=\"817f2ab\" data-element_type=\"section\">\n\t\t\t\t\t\t<div class=\"elementor-container elementor-column-gap-default\">\n\t\t\t\t\t<div class=\"elementor-column elementor-col-33 elementor-top-column elementor-element elementor-element-b8d9c01\" data-id=\"b8d9c01\" data-element_type=\"column\">\n\t\t\t<div class=\"elementor-widget-wrap elementor-element-populated\">\n\t\t\t\t\t\t<div class=\"elementor-element elementor-element-f46b07f elementor-widget elementor-widget-image\" data-id=\"f46b07f\" data-element_type=\"widget\" data-widget_type=\"image.default\">\n\t\t\t\t<div class=\"elementor-widget-container\">\n\t\t\t\t\t\t\t\t\t\t\t\t\t<img loading=\"lazy\" decoding=\"async\" width=\"565\" height=\"800\" src=\"https:\/\/oiecinternational.com\/fr\/wp-content\/uploads\/sites\/3\/2023\/06\/fiche-action-PEG-1.jpg\" class=\"attachment-large size-large wp-image-6958\" alt=\"\" srcset=\"https:\/\/oiecinternational.com\/fr\/wp-content\/uploads\/sites\/3\/2023\/06\/fiche-action-PEG-1.jpg 565w, https:\/\/oiecinternational.com\/fr\/wp-content\/uploads\/sites\/3\/2023\/06\/fiche-action-PEG-1-212x300.jpg 212w\" sizes=\"(max-width: 565px) 100vw, 565px\" \/>\t\t\t\t\t\t\t\t\t\t\t\t\t<\/div>\n\t\t\t\t<\/div>\n\t\t\t\t\t<\/div>\n\t\t<\/div>\n\t\t\t\t<div class=\"elementor-column elementor-col-66 elementor-top-column elementor-element elementor-element-4117bd8\" data-id=\"4117bd8\" data-element_type=\"column\">\n\t\t\t<div class=\"elementor-widget-wrap elementor-element-populated\">\n\t\t\t\t\t\t<div class=\"elementor-element elementor-element-d949e0d elementor-widget elementor-widget-text-editor\" data-id=\"d949e0d\" data-element_type=\"widget\" data-widget_type=\"text-editor.default\">\n\t\t\t\t<div class=\"elementor-widget-container\">\n\t\t\t\t\t\t\t<p>\u00a0<\/p><p>\u00a0<\/p><ul><li><h4><span style=\"color: #1d4c7a;\"><strong>Une fiche de synth\u00e8se pour chaque action mise en place,<\/strong> permettant l&#8217;\u00e9valuation en fin d&#8217;ann\u00e9e.<\/span><\/h4><\/li><\/ul><div style=\"text-align: center;\"><a href=\"http:\/\/oiecinternational.com\/fr\/wp-content\/uploads\/sites\/3\/2023\/06\/fiche-action-PEG-formulaire.pdf\"><span style=\"color: #1d4c7a;\">T\u00e9l\u00e9chargez la fiche action<\/span><\/a><\/div>\t\t\t\t\t\t<\/div>\n\t\t\t\t<\/div>\n\t\t\t\t\t<\/div>\n\t\t<\/div>\n\t\t\t\t\t<\/div>\n\t\t<\/section>\n\t\t\t\t<section class=\"elementor-section elementor-top-section elementor-element elementor-element-bd4ef53 elementor-section-boxed elementor-section-height-default elementor-section-height-default\" data-id=\"bd4ef53\" data-element_type=\"section\">\n\t\t\t\t\t\t<div class=\"elementor-container elementor-column-gap-default\">\n\t\t\t\t\t<div class=\"elementor-column elementor-col-50 elementor-top-column elementor-element elementor-element-7a9cf9d\" data-id=\"7a9cf9d\" data-element_type=\"column\">\n\t\t\t<div class=\"elementor-widget-wrap elementor-element-populated\">\n\t\t\t\t\t\t<div class=\"elementor-element elementor-element-3b7a174 elementor-widget elementor-widget-text-editor\" data-id=\"3b7a174\" data-element_type=\"widget\" data-widget_type=\"text-editor.default\">\n\t\t\t\t<div class=\"elementor-widget-container\">\n\t\t\t\t\t\t\t<ul><li><h4><span style=\"color: #173463;\"><strong>Une charte d&#8217;engagement au Pacte \u00c9ducatif Global<\/strong><\/span><\/h4><\/li><\/ul><h4><span style=\"color: #173463;\">Chaque \u00e9cole ou \u00e9tablissement d\u2019enseignement peut souligner<\/span><br \/><span style=\"color: #173463;\">son attachement au Pacte \u00c9ducatif Global en :<\/span><\/h4><ul><li><h4><strong><span style=\"color: #233c75;\">en signant <\/span>la charte d&#8217;engagement au Pacte \u00c9ducatif Global.<\/strong><\/h4><h4>\u25b6 <span style=\"text-decoration: underline;\"><span style=\"color: #00ccff;\"><a style=\"color: #00ccff; text-decoration: underline;\" href=\"https:\/\/forms.gle\/ciq4kLo5kvKSqgvb9\" target=\"_blank\" rel=\"noopener\">Compl\u00e9tez le formulaire en ligne.<\/a><\/span><\/span><\/h4><\/li><li><h4><strong>en affichant la charte dans l&#8217;\u00e9tablissement<\/strong><\/h4><\/li><\/ul><p><strong>Tous les \u00e9tablissements ayant sign\u00e9 la charte seront r\u00e9pertori\u00e9s sur le site internet de l&#8217;OIEC afin de donner une visibilit\u00e9 de la communaut\u00e9 engag\u00e9e.<\/strong><\/p>\t\t\t\t\t\t<\/div>\n\t\t\t\t<\/div>\n\t\t\t\t\t<\/div>\n\t\t<\/div>\n\t\t\t\t<div class=\"elementor-column elementor-col-50 elementor-top-column elementor-element elementor-element-a7d8595\" data-id=\"a7d8595\" data-element_type=\"column\">\n\t\t\t<div class=\"elementor-widget-wrap elementor-element-populated\">\n\t\t\t\t\t\t<div class=\"elementor-element elementor-element-f7bcac8 elementor-widget elementor-widget-image\" data-id=\"f7bcac8\" data-element_type=\"widget\" data-widget_type=\"image.default\">\n\t\t\t\t<div class=\"elementor-widget-container\">\n\t\t\t\t\t\t\t\t\t\t\t\t\t<img loading=\"lazy\" decoding=\"async\" width=\"640\" height=\"453\" src=\"https:\/\/oiecinternational.com\/fr\/wp-content\/uploads\/sites\/3\/2023\/06\/charte-signee-web.png\" class=\"attachment-large size-large wp-image-6982\" alt=\"\" srcset=\"https:\/\/oiecinternational.com\/fr\/wp-content\/uploads\/sites\/3\/2023\/06\/charte-signee-web.png 848w, https:\/\/oiecinternational.com\/fr\/wp-content\/uploads\/sites\/3\/2023\/06\/charte-signee-web-300x212.png 300w, https:\/\/oiecinternational.com\/fr\/wp-content\/uploads\/sites\/3\/2023\/06\/charte-signee-web-768x543.png 768w\" sizes=\"(max-width: 640px) 100vw, 640px\" \/>\t\t\t\t\t\t\t\t\t\t\t\t\t<\/div>\n\t\t\t\t<\/div>\n\t\t\t\t\t<\/div>\n\t\t<\/div>\n\t\t\t\t\t<\/div>\n\t\t<\/section>\n\t\t\t\t<\/div>\n\t\t","protected":false},"excerpt":{"rendered":"<p>Comment int\u00e9grer le Pacte \u00c9ducatif Global au projet \u00e9ducatif de l&#8217;\u00e9tablissement ? Retrouvez la d\u00e9marche dans le livret\u00a0 &#8220;Construire ensemble le Pacte \u00c9ducatif Global ?&#8221; Livret r\u00e9dig\u00e9 par l&#8217;OIEC, l&#8217;USG &#8211; UISG en collaboration avec\u00a0SM. &#8211; Academica International Studies Version fran\u00e7aise Version Anglaise Version espagnole Pour vous aider dans votre animation d&#8217;\u00e9quipe, l&#8217;OIEC vous propose diff\u00e9rents outils : Une vid\u00e9o&#8230;<\/p>\n","protected":false},"author":3,"featured_media":0,"parent":4466,"menu_order":1,"comment_status":"closed","ping_status":"closed","template":"","meta":{"_eb_attr":"","footnotes":""},"class_list":["post-6943","page","type-page","status-publish","hentry"],"_links":{"self":[{"href":"https:\/\/oiecinternational.com\/fr\/wp-json\/wp\/v2\/pages\/6943"}],"collection":[{"href":"https:\/\/oiecinternational.com\/fr\/wp-json\/wp\/v2\/pages"}],"about":[{"href":"https:\/\/oiecinternational.com\/fr\/wp-json\/wp\/v2\/types\/page"}],"author":[{"embeddable":true,"href":"https:\/\/oiecinternational.com\/fr\/wp-json\/wp\/v2\/users\/3"}],"replies":[{"embeddable":true,"href":"https:\/\/oiecinternational.com\/fr\/wp-json\/wp\/v2\/comments?post=6943"}],"version-history":[{"count":0,"href":"https:\/\/oiecinternational.com\/fr\/wp-json\/wp\/v2\/pages\/6943\/revisions"}],"up":[{"embeddable":true,"href":"https:\/\/oiecinternational.com\/fr\/wp-json\/wp\/v2\/pages\/4466"}],"wp:attachment":[{"href":"https:\/\/oiecinternational.com\/fr\/wp-json\/wp\/v2\/media?parent=6943"}],"curies":[{"name":"wp","href":"https:\/\/api.w.org\/{rel}","templated":true}]}}