{"id":6996,"date":"2023-07-14T18:26:06","date_gmt":"2023-07-14T16:26:06","guid":{"rendered":"http:\/\/jcgqqhj.cluster030.hosting.ovh.net\/fr\/?page_id=6996"},"modified":"2025-06-18T06:23:10","modified_gmt":"2025-06-18T04:23:10","slug":"construire-le-pacte-educatif-a-partir-du-territoire","status":"publish","type":"page","link":"https:\/\/oiecinternational.com\/fr\/pacte-educatif-global-lengagement-de-loiec\/construire-le-pacte-educatif-a-partir-du-territoire\/","title":{"rendered":"Construire le Pacte \u00e9ducatif \u00e0 partir du territoire"},"content":{"rendered":"\t\t<div data-elementor-type=\"wp-page\" data-elementor-id=\"6996\" class=\"elementor elementor-6996\">\n\t\t\t\t\t\t<section class=\"elementor-section elementor-top-section elementor-element elementor-element-3a713f9 elementor-section-boxed elementor-section-height-default elementor-section-height-default\" data-id=\"3a713f9\" data-element_type=\"section\">\n\t\t\t\t\t\t<div class=\"elementor-container elementor-column-gap-default\">\n\t\t\t\t\t<div class=\"elementor-column elementor-col-100 elementor-top-column elementor-element elementor-element-95a1b2b\" data-id=\"95a1b2b\" data-element_type=\"column\">\n\t\t\t<div class=\"elementor-widget-wrap elementor-element-populated\">\n\t\t\t\t\t\t<div class=\"elementor-element elementor-element-6688ca6 elementor-widget elementor-widget-text-editor\" data-id=\"6688ca6\" data-element_type=\"widget\" data-widget_type=\"text-editor.default\">\n\t\t\t\t<div class=\"elementor-widget-container\">\n\t\t\t\t\t\t\t<h3><span style=\"color: rgb(0, 128, 0); font-family: inherit; font-size: 35px; letter-spacing: 0px; text-transform: inherit;\">L&#8217;exp\u00e9rience de la r\u00e9gion de Santander (Colombie)<\/span><br><\/h3>\t\t\t\t\t\t<\/div>\n\t\t\t\t<\/div>\n\t\t\t\t\t<\/div>\n\t\t<\/div>\n\t\t\t\t\t<\/div>\n\t\t<\/section>\n\t\t\t\t<section class=\"elementor-section elementor-top-section elementor-element elementor-element-ab98f92 elementor-section-boxed elementor-section-height-default elementor-section-height-default\" data-id=\"ab98f92\" data-element_type=\"section\">\n\t\t\t\t\t\t<div class=\"elementor-container elementor-column-gap-default\">\n\t\t\t\t\t<div class=\"elementor-column elementor-col-66 elementor-top-column elementor-element elementor-element-d5c2b23\" data-id=\"d5c2b23\" data-element_type=\"column\">\n\t\t\t<div class=\"elementor-widget-wrap elementor-element-populated\">\n\t\t\t\t\t\t<div class=\"elementor-element elementor-element-5bb2fae elementor-widget elementor-widget-text-editor\" data-id=\"5bb2fae\" data-element_type=\"widget\" data-widget_type=\"text-editor.default\">\n\t\t\t\t<div class=\"elementor-widget-container\">\n\t\t\t\t\t\t\t<p><strong>Ce livre nous inspire et nous guide pour transformer l&#8217;\u00e9ducation et, \u00e0 travers elle, construire ensemble une nouvelle soci\u00e9t\u00e9 plus humaine, plus fraternelle, plus solidaire et plus durable. L&#8217;exp\u00e9rience de la r\u00e9gion de Norte de Santander (Colombie) incitera les \u00e9coles catholiques \u00e0 prendre l&#8217;initiative de convoquer et de promouvoir ensemble cette alliance locale et mondiale. <\/strong><br \/><strong>Le manuel leur sera d&#8217;une grande aide pour mobiliser les diff\u00e9rents secteurs sociaux en faveur d&#8217;une \u00e9ducation nouvelle et meilleure. Tous deux nous poussent \u00e0 \u00eatre ouverts, \u00e0 collaborer avec d&#8217;autres et \u00e0 montrer qu&#8217;il est possible de changer des vies et des contextes par le biais de l&#8217;\u00e9ducation.<\/strong><\/p><h4><b><span style=\"color: #ff9900;\">T\u00e9l\u00e9chargez le tryptique de pr\u00e9sentation du livre en :<\/span><br \/><\/b><\/h4><h4><b><a href=\"https:\/\/drive.google.com\/file\/d\/1G2KNRO3S9ZfQg6uzN3cp4IV86RffUNfu\/view?usp=sharing\" target=\"_blank\" rel=\"noopener\">Fran\u00e7ais<\/a>\u00a0\u2013\u00a0<a href=\"https:\/\/drive.google.com\/file\/d\/1tgzYOI4qEAFiBlTp3734ZoyrwPGgSA8q\/view?usp=sharing\" target=\"_blank\" rel=\"noopener\">Anglais<\/a>\u00a0\u2013<a href=\"https:\/\/drive.google.com\/file\/d\/1WkozuV3y5yCKxOs2YblqvanxyIvGFmaT\/view?usp=sharing\" target=\"_blank\" rel=\"noopener\">Espagnol<\/a>\u00a0\u2013\u00a0<a href=\"https:\/\/drive.google.com\/file\/d\/1Ppcmp2vcxS_1TsiyJeq5OeoeHCu2JxNi\/view?usp=drive_link\" target=\"_blank\" rel=\"noopener\">Portuguais<\/a>\u00a0\u2013\u00a0<a href=\"https:\/\/drive.google.com\/file\/d\/1VVyT9AqhjVN1lA5ypQdJLyVF61qZhnXL\/view?usp=drive_link\" target=\"_blank\" rel=\"noopener\">Italien<\/a><\/b><\/h4><h4 style=\"letter-spacing: normal; text-transform: none;\"><span style=\"font-weight: bold; letter-spacing: 0px; text-transform: inherit; color: #ff9900;\">T\u00e9l\u00e9chargez le livre complet en :<\/span><span style=\"font-weight: bold; color: #ffffff; letter-spacing: 0px; text-transform: inherit;\"><br \/><\/span><\/h4><h4 style=\"letter-spacing: normal; text-transform: none;\"><span style=\"font-weight: bold;\"><a href=\"https:\/\/drive.google.com\/file\/d\/1G2KNRO3S9ZfQg6uzN3cp4IV86RffUNfu\/view?usp=sharing\" target=\"_blank\" rel=\"noopener\">Fran\u00e7ais<\/a>\u00a0&#8211;\u00a0<a href=\"https:\/\/drive.google.com\/file\/d\/19qYHzRKbZ2tUkbDJqVHOKUt3l7E9panq\/view?usp=drive_link\" target=\"_blank\" rel=\"noopener\">Espagnol<\/a>\u00a0<\/span><\/h4>\t\t\t\t\t\t<\/div>\n\t\t\t\t<\/div>\n\t\t\t\t\t<\/div>\n\t\t<\/div>\n\t\t\t\t<div class=\"elementor-column elementor-col-33 elementor-top-column elementor-element elementor-element-9d1e156\" data-id=\"9d1e156\" data-element_type=\"column\">\n\t\t\t<div class=\"elementor-widget-wrap elementor-element-populated\">\n\t\t\t\t\t\t<div class=\"elementor-element elementor-element-d249b80 elementor-widget elementor-widget-image\" data-id=\"d249b80\" data-element_type=\"widget\" data-widget_type=\"image.default\">\n\t\t\t\t<div class=\"elementor-widget-container\">\n\t\t\t\t\t\t\t\t\t\t\t\t\t<img fetchpriority=\"high\" decoding=\"async\" width=\"400\" height=\"565\" src=\"https:\/\/oiecinternational.com\/fr\/wp-content\/uploads\/sites\/3\/2023\/08\/Pacto-educativo-Global-santander-web.png\" class=\"attachment-large size-large wp-image-7377\" alt=\"\" srcset=\"https:\/\/oiecinternational.com\/fr\/wp-content\/uploads\/sites\/3\/2023\/08\/Pacto-educativo-Global-santander-web.png 400w, https:\/\/oiecinternational.com\/fr\/wp-content\/uploads\/sites\/3\/2023\/08\/Pacto-educativo-Global-santander-web-212x300.png 212w\" sizes=\"(max-width: 400px) 100vw, 400px\" \/>\t\t\t\t\t\t\t\t\t\t\t\t\t<\/div>\n\t\t\t\t<\/div>\n\t\t\t\t\t<\/div>\n\t\t<\/div>\n\t\t\t\t\t<\/div>\n\t\t<\/section>\n\t\t\t\t<\/div>\n\t\t","protected":false},"excerpt":{"rendered":"<p>L&#8217;exp\u00e9rience de la r\u00e9gion de Santander (Colombie) Ce livre nous inspire et nous guide pour transformer l&#8217;\u00e9ducation et, \u00e0 travers elle, construire ensemble une nouvelle soci\u00e9t\u00e9 plus humaine, plus fraternelle, plus solidaire et plus durable. L&#8217;exp\u00e9rience de la r\u00e9gion de Norte de Santander (Colombie) incitera les \u00e9coles catholiques \u00e0 prendre l&#8217;initiative de convoquer et de promouvoir ensemble cette alliance locale&#8230;<\/p>\n","protected":false},"author":3,"featured_media":0,"parent":4466,"menu_order":2,"comment_status":"closed","ping_status":"closed","template":"","meta":{"_eb_attr":"","footnotes":""},"class_list":["post-6996","page","type-page","status-publish","hentry"],"_links":{"self":[{"href":"https:\/\/oiecinternational.com\/fr\/wp-json\/wp\/v2\/pages\/6996"}],"collection":[{"href":"https:\/\/oiecinternational.com\/fr\/wp-json\/wp\/v2\/pages"}],"about":[{"href":"https:\/\/oiecinternational.com\/fr\/wp-json\/wp\/v2\/types\/page"}],"author":[{"embeddable":true,"href":"https:\/\/oiecinternational.com\/fr\/wp-json\/wp\/v2\/users\/3"}],"replies":[{"embeddable":true,"href":"https:\/\/oiecinternational.com\/fr\/wp-json\/wp\/v2\/comments?post=6996"}],"version-history":[{"count":6,"href":"https:\/\/oiecinternational.com\/fr\/wp-json\/wp\/v2\/pages\/6996\/revisions"}],"predecessor-version":[{"id":8224,"href":"https:\/\/oiecinternational.com\/fr\/wp-json\/wp\/v2\/pages\/6996\/revisions\/8224"}],"up":[{"embeddable":true,"href":"https:\/\/oiecinternational.com\/fr\/wp-json\/wp\/v2\/pages\/4466"}],"wp:attachment":[{"href":"https:\/\/oiecinternational.com\/fr\/wp-json\/wp\/v2\/media?parent=6996"}],"curies":[{"name":"wp","href":"https:\/\/api.w.org\/{rel}","templated":true}]}}